{"id":10637,"date":"2023-10-09T12:12:01","date_gmt":"2023-10-09T10:12:01","guid":{"rendered":"https:\/\/9staedte.de\/conferenties-en-congressen-in-goettingen\/"},"modified":"2025-05-05T16:23:55","modified_gmt":"2025-05-05T14:23:55","slug":"conferenties-en-congressen-in-goettingen","status":"publish","type":"page","link":"https:\/\/9staedte.de\/nl\/goettingen-stad-die-kennis-creeert\/conferenties-en-congressen-in-goettingen\/","title":{"rendered":"Conferenties en congressen in G\u00f6ttingen"},"content":{"rendered":"\n<h2 class=\"wp-block-heading\">Conferenties en congressen in G\u00f6ttingen &#8211; een goed idee!<\/h2>\n\n\n\n<p>De congresregio G\u00f6ttingen ligt centraal in het midden van Duitsland en is vanuit alle richtingen gemakkelijk bereikbaar per trein en auto. Het maakt niet uit of je vanuit Hamburg, Keulen, M\u00fcnchen, Stuttgart, Dresden of Berlijn reist: G\u00f6ttingen is met de auto in maximaal vier uur te bereiken. Ter plaatse kunt u indrukwekkende evenementenlocaties verwachten, uitstekende conferentiehotels, alles bij elkaar 1.600 kamers met ca. 2.800 bedden, een stad van korte afstanden, een gevarieerde omgeving met een breed scala aan mogelijkheden voor incentives en sociale programma&#8217;s, evenals een sterke service van nauw verbonden partners. Met de auto kun je G\u00f6ttingen gemakkelijk bereiken via de belangrijkste noord-zuidverbinding van Duitsland, de A 7, en de nieuwe oost-westverbinding, de A 38. Elke dag kun je met meer dan 100 ICE-verbindingen comfortabel met de trein reizen, ook vanaf veel luchthavens. Bijeenkomsten in G\u00f6ttingen &#8211; altijd een goed idee!<\/p>\n\n\n\n<figure class=\"wp-block-image size-full\"><img loading=\"lazy\" decoding=\"async\" width=\"580\" height=\"535\" src=\"https:\/\/9staedte.de\/wp-content\/smush-webp\/2023\/02\/Goettingen-Entfernungsgrafik-D.jpg.webp\" alt=\"\" class=\"wp-image-3979\" srcset=\"https:\/\/9staedte.de\/wp-content\/smush-webp\/2023\/02\/Goettingen-Entfernungsgrafik-D.jpg.webp 580w, https:\/\/9staedte.de\/wp-content\/smush-webp\/2023\/02\/Goettingen-Entfernungsgrafik-D-300x277.jpg.webp 300w\" sizes=\"auto, (max-width: 580px) 100vw, 580px\" \/><\/figure>\n\n\n\n\n<div class=\"banner-wrapper\">\n  <div class=\"banner-inner \">\n      <div class=\"img-container\">\n      <div class=\"img-wrapper\">\n        <img decoding=\"async\" src=\"https:\/\/9staedte.de\/wp-content\/smush-webp\/2023\/02\/Lokhalle-Abenveranstaltung-c-Goettingen-Tourismus.jpg.webp\" alt=\"Op de foto zie je een groot avondfeest. Veel mensen zitten op strandstoelen in het zand. Een groot rond dak hangt boven het plein. Blauw licht schijnt van bovenaf. Achterin zie je een groot gebouw met veel ramen.\" \/>\n                  <div class=\"thumbnail-label\">\n            <span>G\u00f6ttingen Lokhalle &#8211; Abendveranstaltung c) G\u00f6ttingen Marketing GmbH<\/span>\n          <\/div>\n              <\/div>\n    <\/div>\n        <div class=\"text-container\">\n      <div class=\"content\">\n        <h3>Unsere 9 Tipps f\u00fcr Tagungen und Kongresse in G\u00f6ttingen<\/h3>\n<p>1) Tagen im Industriedenkmal Lokhalle  \u2013 mit \u00fcber 8.400 m\u00b2 Ausstellungsfl\u00e4che<br \/>\n2) G\u00f6ttingen ist die Stadt der kurzen Wege \u2013 alles da, alles nah<br \/>\n3) XL Oriental Lounge \u2013 feuriges Rahmenprogramm im Hotel Freizeit In<br \/>\n4) Eine ganz besondere Location \u2013 der historische Saal in der Paulinerkirche<br \/>\n5) Veranstaltungen in gr\u00e4flichem Ambiente \u2013 auf dem Landsitz derer zu Hardenberg<br \/>\n6) Stadt, die Wissen schafft \u2013 Symposien und Kongresse im Umfeld von drei Universit\u00e4ten und 5 Max-Planck-Instituten<br \/>\n7) Ein Gang durch G\u00f6ttingens Unterwelt \u2013 Rahmenprogramme, die Spa\u00df machen<br \/>\n8) Bistro \u2013 dinieren bei einer der besten K\u00f6chinnen Deutschlands<br \/>\n9) Tagungs- und Kongress-Service beim G\u00f6ttingen Tourismus e.V. \u2013 kompetent und bestens vernetzt in der Region<\/p>\n      <\/div>\n    <\/div>\n    <\/div>\n<\/div>\n\n\n\n\n<h2 class=\"wp-block-heading\">Onze diensten voor conferenties en congressen in G\u00f6ttingen<\/h2>\n\n\n\n<p>&#8211; Sprongstart<br>De juiste datum en locatie vinden is cruciaal voor de succesvolle realisatie van je evenement. Wij zullen u informeren op welke momenten er nog voldoende capaciteit beschikbaar is en suggesties doen over welke locaties het meest in aanmerking komen voor uw evenementen.<br>&#8211; Bezienswaardigheden<br>De beste indruk krijg je altijd direct ter plaatse. We stellen graag een inspectieprogramma voor je op en regelen ontmoetingen met de belangrijkste partners en contactpersonen.<br>&#8211; Hotel reserveringen<br>In individueel overleg stellen we kamerindelingen samen in de gewenste hotels. Via een exclusieve boekingslink kunnen de deelnemers van je evenement alle informatie over de accommodatie opvragen en zelfstandig de kamers boeken. Het competente team van de accommodatiedienst helpt bij vragen per fax, e-mail of telefoon.<br>&#8211; onlinediensten<br>Naast het aanmaken van zaaltoewijzingen, bieden we ook online deelnemersregistratie, workshopregistraties en verrekening van conferentiekosten als uitbreiding.<br>&#8211; Kaderprogramma&#8217;s<br>Rondleidingen rond de G\u00e4nseliesel, in historische kostuums of in de onderwereld van G\u00f6ttingen &#8211; leer je gaststad kennen tijdens een van de meer dan 30 onderhoudende en informatieve rondleidingen. Ontdek G\u00f6ttingen tijdens een rondreis met de London Bus of verover het Eichsfeld, de Harz of het Weserbergland tijdens een dagtocht. Als je op zoek bent naar sportieve uitdagingen of teambuildingactiviteiten, kunnen we je in contact brengen met hoge touwenparcours, aanbieders van kanotochten, GPS-mountainbiketochten, golfbanen&#8230;<br>&#8211; Welkom Desk<br>De Conferentie- en Congresdienst G\u00f6ttingen richt een welkomstbalie in op je evenement. Een van onze medewerkers deelt informatiemateriaal uit zoals stadsplattegronden en imagobrochures, helpt bij het zoeken naar accommodatie en geeft tips voor restaurants en een leuke avond uit.<\/p>\n","protected":false},"excerpt":{"rendered":"<p>Conferenties en congressen in G\u00f6ttingen &#8211; een goed idee! De congresregio G\u00f6ttingen ligt centraal in het midden van Duitsland en is vanuit alle richtingen gemakkelijk bereikbaar per trein en auto. Het maakt niet uit of je vanuit Hamburg, Keulen, M\u00fcnchen, Stuttgart, Dresden of Berlijn reist: G\u00f6ttingen is met de auto in maximaal vier uur te [&hellip;]<\/p>\n","protected":false},"author":1,"featured_media":10646,"parent":9786,"menu_order":0,"comment_status":"closed","ping_status":"closed","template":"pagetemplates\/template-stadtthema.php","meta":{"_acf_changed":false,"footnotes":""},"categories":[],"tags":[],"ncap_cities_tax":[433,1140],"class_list":["post-10637","page","type-page","status-publish","has-post-thumbnail","hentry","ncap_cities_tax-goettingen-nl","ncap_cities_tax-tagungen-und-kongresse-goettingen-nl"],"acf":[],"yoast_head":"<!-- This site is optimized with the Yoast SEO plugin v26.8 - https:\/\/yoast.com\/product\/yoast-seo-wordpress\/ -->\n<title>Conferenties en congressen in G\u00f6ttingen - 9 St\u00e4dte in Niedersachsen<\/title>\n<meta name=\"robots\" content=\"index, follow, max-snippet:-1, max-image-preview:large, max-video-preview:-1\" \/>\n<link rel=\"canonical\" href=\"https:\/\/9staedte.de\/nl\/goettingen-stad-die-kennis-creeert\/conferenties-en-congressen-in-goettingen\/\" \/>\n<meta property=\"og:locale\" content=\"nl_NL\" \/>\n<meta property=\"og:type\" content=\"article\" \/>\n<meta property=\"og:title\" content=\"Conferenties en congressen in G\u00f6ttingen - 9 St\u00e4dte in Niedersachsen\" \/>\n<meta property=\"og:description\" content=\"Conferenties en congressen in G\u00f6ttingen &#8211; een goed idee! De congresregio G\u00f6ttingen ligt centraal in het midden van Duitsland en is vanuit alle richtingen gemakkelijk bereikbaar per trein en auto. Het maakt niet uit of je vanuit Hamburg, Keulen, M\u00fcnchen, Stuttgart, Dresden of Berlijn reist: G\u00f6ttingen is met de auto in maximaal vier uur te [&hellip;]\" \/>\n<meta property=\"og:url\" content=\"https:\/\/9staedte.de\/nl\/goettingen-stad-die-kennis-creeert\/conferenties-en-congressen-in-goettingen\/\" \/>\n<meta property=\"og:site_name\" content=\"9 St\u00e4dte in Niedersachsen\" \/>\n<meta property=\"article:modified_time\" content=\"2025-05-05T14:23:55+00:00\" \/>\n<meta property=\"og:image\" content=\"https:\/\/9staedte.de\/wp-content\/uploads\/2023\/02\/Goettingen_Altes-Rathaus-Abendstimmung-c-Lars-Gerhadts.jpg\" \/>\n\t<meta property=\"og:image:width\" content=\"1020\" \/>\n\t<meta property=\"og:image:height\" content=\"560\" \/>\n\t<meta property=\"og:image:type\" content=\"image\/jpeg\" \/>\n<meta name=\"twitter:card\" content=\"summary_large_image\" \/>\n<meta name=\"twitter:label1\" content=\"Geschatte leestijd\" \/>\n\t<meta name=\"twitter:data1\" content=\"3 minuten\" \/>\n<script type=\"application\/ld+json\" class=\"yoast-schema-graph\">{\"@context\":\"https:\/\/schema.org\",\"@graph\":[{\"@type\":\"WebPage\",\"@id\":\"https:\/\/9staedte.de\/nl\/goettingen-stad-die-kennis-creeert\/conferenties-en-congressen-in-goettingen\/\",\"url\":\"https:\/\/9staedte.de\/nl\/goettingen-stad-die-kennis-creeert\/conferenties-en-congressen-in-goettingen\/\",\"name\":\"Conferenties en congressen in G\u00f6ttingen - 9 St\u00e4dte in Niedersachsen\",\"isPartOf\":{\"@id\":\"https:\/\/9staedte.de\/nl\/#website\"},\"primaryImageOfPage\":{\"@id\":\"https:\/\/9staedte.de\/nl\/goettingen-stad-die-kennis-creeert\/conferenties-en-congressen-in-goettingen\/#primaryimage\"},\"image\":{\"@id\":\"https:\/\/9staedte.de\/nl\/goettingen-stad-die-kennis-creeert\/conferenties-en-congressen-in-goettingen\/#primaryimage\"},\"thumbnailUrl\":\"https:\/\/9staedte.de\/wp-content\/uploads\/2023\/02\/Goettingen_Altes-Rathaus-Abendstimmung-c-Lars-Gerhadts.jpg\",\"datePublished\":\"2023-10-09T10:12:01+00:00\",\"dateModified\":\"2025-05-05T14:23:55+00:00\",\"breadcrumb\":{\"@id\":\"https:\/\/9staedte.de\/nl\/goettingen-stad-die-kennis-creeert\/conferenties-en-congressen-in-goettingen\/#breadcrumb\"},\"inLanguage\":\"nl-NL\",\"potentialAction\":[{\"@type\":\"ReadAction\",\"target\":[\"https:\/\/9staedte.de\/nl\/goettingen-stad-die-kennis-creeert\/conferenties-en-congressen-in-goettingen\/\"]}]},{\"@type\":\"ImageObject\",\"inLanguage\":\"nl-NL\",\"@id\":\"https:\/\/9staedte.de\/nl\/goettingen-stad-die-kennis-creeert\/conferenties-en-congressen-in-goettingen\/#primaryimage\",\"url\":\"https:\/\/9staedte.de\/wp-content\/uploads\/2023\/02\/Goettingen_Altes-Rathaus-Abendstimmung-c-Lars-Gerhadts.jpg\",\"contentUrl\":\"https:\/\/9staedte.de\/wp-content\/uploads\/2023\/02\/Goettingen_Altes-Rathaus-Abendstimmung-c-Lars-Gerhadts.jpg\",\"width\":1020,\"height\":560,\"caption\":\"G\u00f6ttingen_Altes Rathaus - Abendstimmung c) Lars Gerhadts\"},{\"@type\":\"BreadcrumbList\",\"@id\":\"https:\/\/9staedte.de\/nl\/goettingen-stad-die-kennis-creeert\/conferenties-en-congressen-in-goettingen\/#breadcrumb\",\"itemListElement\":[{\"@type\":\"ListItem\",\"position\":1,\"name\":\"Startseite\",\"item\":\"https:\/\/9staedte.de\/nl\/\"},{\"@type\":\"ListItem\",\"position\":2,\"name\":\"G\u00f6ttingen &#8211; Stad die kennis cre\u00ebert\",\"item\":\"https:\/\/9staedte.de\/nl\/goettingen-stad-die-kennis-creeert\/\"},{\"@type\":\"ListItem\",\"position\":3,\"name\":\"Conferenties en congressen in G\u00f6ttingen\"}]},{\"@type\":\"WebSite\",\"@id\":\"https:\/\/9staedte.de\/nl\/#website\",\"url\":\"https:\/\/9staedte.de\/nl\/\",\"name\":\"9 St\u00e4dte in Niedersachsen\",\"description\":\"\",\"publisher\":{\"@id\":\"https:\/\/9staedte.de\/nl\/#organization\"},\"potentialAction\":[{\"@type\":\"SearchAction\",\"target\":{\"@type\":\"EntryPoint\",\"urlTemplate\":\"https:\/\/9staedte.de\/nl\/?s={search_term_string}\"},\"query-input\":{\"@type\":\"PropertyValueSpecification\",\"valueRequired\":true,\"valueName\":\"search_term_string\"}}],\"inLanguage\":\"nl-NL\"},{\"@type\":\"Organization\",\"@id\":\"https:\/\/9staedte.de\/nl\/#organization\",\"name\":\"9 St\u00e4dte in Niedersachsen\",\"url\":\"https:\/\/9staedte.de\/nl\/\",\"logo\":{\"@type\":\"ImageObject\",\"inLanguage\":\"nl-NL\",\"@id\":\"https:\/\/9staedte.de\/nl\/#\/schema\/logo\/image\/\",\"url\":\"https:\/\/9staedte.de\/wp-content\/uploads\/2025\/01\/9-neg-deutsch-2-1.png\",\"contentUrl\":\"https:\/\/9staedte.de\/wp-content\/uploads\/2025\/01\/9-neg-deutsch-2-1.png\",\"width\":190,\"height\":114,\"caption\":\"9 St\u00e4dte in Niedersachsen\"},\"image\":{\"@id\":\"https:\/\/9staedte.de\/nl\/#\/schema\/logo\/image\/\"}}]}<\/script>\n<!-- \/ Yoast SEO plugin. -->","yoast_head_json":{"title":"Conferenties en congressen in G\u00f6ttingen - 9 St\u00e4dte in Niedersachsen","robots":{"index":"index","follow":"follow","max-snippet":"max-snippet:-1","max-image-preview":"max-image-preview:large","max-video-preview":"max-video-preview:-1"},"canonical":"https:\/\/9staedte.de\/nl\/goettingen-stad-die-kennis-creeert\/conferenties-en-congressen-in-goettingen\/","og_locale":"nl_NL","og_type":"article","og_title":"Conferenties en congressen in G\u00f6ttingen - 9 St\u00e4dte in Niedersachsen","og_description":"Conferenties en congressen in G\u00f6ttingen &#8211; een goed idee! De congresregio G\u00f6ttingen ligt centraal in het midden van Duitsland en is vanuit alle richtingen gemakkelijk bereikbaar per trein en auto. Het maakt niet uit of je vanuit Hamburg, Keulen, M\u00fcnchen, Stuttgart, Dresden of Berlijn reist: G\u00f6ttingen is met de auto in maximaal vier uur te [&hellip;]","og_url":"https:\/\/9staedte.de\/nl\/goettingen-stad-die-kennis-creeert\/conferenties-en-congressen-in-goettingen\/","og_site_name":"9 St\u00e4dte in Niedersachsen","article_modified_time":"2025-05-05T14:23:55+00:00","og_image":[{"width":1020,"height":560,"url":"https:\/\/9staedte.de\/wp-content\/uploads\/2023\/02\/Goettingen_Altes-Rathaus-Abendstimmung-c-Lars-Gerhadts.jpg","type":"image\/jpeg"}],"twitter_card":"summary_large_image","twitter_misc":{"Geschatte leestijd":"3 minuten"},"schema":{"@context":"https:\/\/schema.org","@graph":[{"@type":"WebPage","@id":"https:\/\/9staedte.de\/nl\/goettingen-stad-die-kennis-creeert\/conferenties-en-congressen-in-goettingen\/","url":"https:\/\/9staedte.de\/nl\/goettingen-stad-die-kennis-creeert\/conferenties-en-congressen-in-goettingen\/","name":"Conferenties en congressen in G\u00f6ttingen - 9 St\u00e4dte in Niedersachsen","isPartOf":{"@id":"https:\/\/9staedte.de\/nl\/#website"},"primaryImageOfPage":{"@id":"https:\/\/9staedte.de\/nl\/goettingen-stad-die-kennis-creeert\/conferenties-en-congressen-in-goettingen\/#primaryimage"},"image":{"@id":"https:\/\/9staedte.de\/nl\/goettingen-stad-die-kennis-creeert\/conferenties-en-congressen-in-goettingen\/#primaryimage"},"thumbnailUrl":"https:\/\/9staedte.de\/wp-content\/uploads\/2023\/02\/Goettingen_Altes-Rathaus-Abendstimmung-c-Lars-Gerhadts.jpg","datePublished":"2023-10-09T10:12:01+00:00","dateModified":"2025-05-05T14:23:55+00:00","breadcrumb":{"@id":"https:\/\/9staedte.de\/nl\/goettingen-stad-die-kennis-creeert\/conferenties-en-congressen-in-goettingen\/#breadcrumb"},"inLanguage":"nl-NL","potentialAction":[{"@type":"ReadAction","target":["https:\/\/9staedte.de\/nl\/goettingen-stad-die-kennis-creeert\/conferenties-en-congressen-in-goettingen\/"]}]},{"@type":"ImageObject","inLanguage":"nl-NL","@id":"https:\/\/9staedte.de\/nl\/goettingen-stad-die-kennis-creeert\/conferenties-en-congressen-in-goettingen\/#primaryimage","url":"https:\/\/9staedte.de\/wp-content\/uploads\/2023\/02\/Goettingen_Altes-Rathaus-Abendstimmung-c-Lars-Gerhadts.jpg","contentUrl":"https:\/\/9staedte.de\/wp-content\/uploads\/2023\/02\/Goettingen_Altes-Rathaus-Abendstimmung-c-Lars-Gerhadts.jpg","width":1020,"height":560,"caption":"G\u00f6ttingen_Altes Rathaus - Abendstimmung c) Lars Gerhadts"},{"@type":"BreadcrumbList","@id":"https:\/\/9staedte.de\/nl\/goettingen-stad-die-kennis-creeert\/conferenties-en-congressen-in-goettingen\/#breadcrumb","itemListElement":[{"@type":"ListItem","position":1,"name":"Startseite","item":"https:\/\/9staedte.de\/nl\/"},{"@type":"ListItem","position":2,"name":"G\u00f6ttingen &#8211; Stad die kennis cre\u00ebert","item":"https:\/\/9staedte.de\/nl\/goettingen-stad-die-kennis-creeert\/"},{"@type":"ListItem","position":3,"name":"Conferenties en congressen in G\u00f6ttingen"}]},{"@type":"WebSite","@id":"https:\/\/9staedte.de\/nl\/#website","url":"https:\/\/9staedte.de\/nl\/","name":"9 St\u00e4dte in Niedersachsen","description":"","publisher":{"@id":"https:\/\/9staedte.de\/nl\/#organization"},"potentialAction":[{"@type":"SearchAction","target":{"@type":"EntryPoint","urlTemplate":"https:\/\/9staedte.de\/nl\/?s={search_term_string}"},"query-input":{"@type":"PropertyValueSpecification","valueRequired":true,"valueName":"search_term_string"}}],"inLanguage":"nl-NL"},{"@type":"Organization","@id":"https:\/\/9staedte.de\/nl\/#organization","name":"9 St\u00e4dte in Niedersachsen","url":"https:\/\/9staedte.de\/nl\/","logo":{"@type":"ImageObject","inLanguage":"nl-NL","@id":"https:\/\/9staedte.de\/nl\/#\/schema\/logo\/image\/","url":"https:\/\/9staedte.de\/wp-content\/uploads\/2025\/01\/9-neg-deutsch-2-1.png","contentUrl":"https:\/\/9staedte.de\/wp-content\/uploads\/2025\/01\/9-neg-deutsch-2-1.png","width":190,"height":114,"caption":"9 St\u00e4dte in Niedersachsen"},"image":{"@id":"https:\/\/9staedte.de\/nl\/#\/schema\/logo\/image\/"}}]}},"_links":{"self":[{"href":"https:\/\/9staedte.de\/nl\/wp-json\/wp\/v2\/pages\/10637","targetHints":{"allow":["GET"]}}],"collection":[{"href":"https:\/\/9staedte.de\/nl\/wp-json\/wp\/v2\/pages"}],"about":[{"href":"https:\/\/9staedte.de\/nl\/wp-json\/wp\/v2\/types\/page"}],"author":[{"embeddable":true,"href":"https:\/\/9staedte.de\/nl\/wp-json\/wp\/v2\/users\/1"}],"replies":[{"embeddable":true,"href":"https:\/\/9staedte.de\/nl\/wp-json\/wp\/v2\/comments?post=10637"}],"version-history":[{"count":4,"href":"https:\/\/9staedte.de\/nl\/wp-json\/wp\/v2\/pages\/10637\/revisions"}],"predecessor-version":[{"id":25359,"href":"https:\/\/9staedte.de\/nl\/wp-json\/wp\/v2\/pages\/10637\/revisions\/25359"}],"up":[{"embeddable":true,"href":"https:\/\/9staedte.de\/nl\/wp-json\/wp\/v2\/pages\/9786"}],"wp:featuredmedia":[{"embeddable":true,"href":"https:\/\/9staedte.de\/nl\/wp-json\/wp\/v2\/media\/10646"}],"wp:attachment":[{"href":"https:\/\/9staedte.de\/nl\/wp-json\/wp\/v2\/media?parent=10637"}],"wp:term":[{"taxonomy":"category","embeddable":true,"href":"https:\/\/9staedte.de\/nl\/wp-json\/wp\/v2\/categories?post=10637"},{"taxonomy":"post_tag","embeddable":true,"href":"https:\/\/9staedte.de\/nl\/wp-json\/wp\/v2\/tags?post=10637"},{"taxonomy":"ncap_cities_tax","embeddable":true,"href":"https:\/\/9staedte.de\/nl\/wp-json\/wp\/v2\/ncap_cities_tax?post=10637"}],"curies":[{"name":"wp","href":"https:\/\/api.w.org\/{rel}","templated":true}]}}