{"id":10614,"date":"2023-10-09T12:12:00","date_gmt":"2023-10-09T10:12:00","guid":{"rendered":"https:\/\/9staedte.de\/winkelen-en-uitgaan\/"},"modified":"2024-08-28T09:31:34","modified_gmt":"2024-08-28T07:31:34","slug":"winkelen-en-uitgaan","status":"publish","type":"page","link":"https:\/\/9staedte.de\/nl\/winkelen-en-uitgaan\/","title":{"rendered":"Winkelen en uitgaan"},"content":{"rendered":"","protected":false},"excerpt":{"rendered":"","protected":false},"author":1,"featured_media":10483,"parent":0,"menu_order":0,"comment_status":"closed","ping_status":"closed","template":"pagetemplates\/template-thema.php","meta":{"_acf_changed":false,"footnotes":""},"categories":[],"tags":[],"ncap_cities_tax":[],"class_list":["post-10614","page","type-page","status-publish","has-post-thumbnail","hentry"],"acf":[],"yoast_head":"<!-- This site is optimized with the Yoast SEO plugin v27.4 - https:\/\/yoast.com\/product\/yoast-seo-wordpress\/ -->\n<title>Winkelen en uitgaan - 9 St\u00e4dte in Niedersachsen<\/title>\n<meta name=\"description\" content=\"Winkelen en uitgaan in Braunschweig, Celle, Einbeck, G\u00f6ttingen, Goslar, Hamelen, Hannover, Hildesheim en Wolfenb\u00fcttel\" \/>\n<meta name=\"robots\" content=\"index, follow, max-snippet:-1, max-image-preview:large, max-video-preview:-1\" \/>\n<link rel=\"canonical\" href=\"https:\/\/9staedte.de\/nl\/winkelen-en-uitgaan\/\" \/>\n<meta property=\"og:locale\" content=\"nl_NL\" \/>\n<meta property=\"og:type\" content=\"article\" \/>\n<meta property=\"og:title\" content=\"Winkelen en uitgaan - 9 St\u00e4dte in Niedersachsen\" \/>\n<meta property=\"og:description\" content=\"Winkelen en uitgaan in Braunschweig, Celle, Einbeck, G\u00f6ttingen, Goslar, Hamelen, Hannover, Hildesheim en Wolfenb\u00fcttel\" \/>\n<meta property=\"og:url\" content=\"https:\/\/9staedte.de\/nl\/winkelen-en-uitgaan\/\" \/>\n<meta property=\"og:site_name\" content=\"9 St\u00e4dte in Niedersachsen\" \/>\n<meta property=\"article:modified_time\" content=\"2024-08-28T07:31:34+00:00\" \/>\n<meta property=\"og:image\" content=\"https:\/\/9staedte.de\/wp-content\/uploads\/2023\/08\/Ausgehen-und-geniessen-in-Celle-c-Celle-Tourismus.jpg\" \/>\n\t<meta property=\"og:image:width\" content=\"1020\" \/>\n\t<meta property=\"og:image:height\" content=\"558\" \/>\n\t<meta property=\"og:image:type\" content=\"image\/jpeg\" \/>\n<meta name=\"twitter:card\" content=\"summary_large_image\" \/>\n<meta name=\"twitter:label1\" content=\"Geschatte leestijd\" \/>\n\t<meta name=\"twitter:data1\" content=\"1 minuut\" \/>\n<script type=\"application\/ld+json\" class=\"yoast-schema-graph\">{\"@context\":\"https:\\\/\\\/schema.org\",\"@graph\":[{\"@type\":\"WebPage\",\"@id\":\"https:\\\/\\\/9staedte.de\\\/nl\\\/winkelen-en-uitgaan\\\/\",\"url\":\"https:\\\/\\\/9staedte.de\\\/nl\\\/winkelen-en-uitgaan\\\/\",\"name\":\"Winkelen en uitgaan - 9 St\u00e4dte in Niedersachsen\",\"isPartOf\":{\"@id\":\"https:\\\/\\\/9staedte.de\\\/nl\\\/#website\"},\"primaryImageOfPage\":{\"@id\":\"https:\\\/\\\/9staedte.de\\\/nl\\\/winkelen-en-uitgaan\\\/#primaryimage\"},\"image\":{\"@id\":\"https:\\\/\\\/9staedte.de\\\/nl\\\/winkelen-en-uitgaan\\\/#primaryimage\"},\"thumbnailUrl\":\"https:\\\/\\\/9staedte.de\\\/wp-content\\\/uploads\\\/2023\\\/08\\\/Ausgehen-und-geniessen-in-Celle-c-Celle-Tourismus.jpg\",\"datePublished\":\"2023-10-09T10:12:00+00:00\",\"dateModified\":\"2024-08-28T07:31:34+00:00\",\"description\":\"Winkelen en uitgaan in Braunschweig, Celle, Einbeck, G\u00f6ttingen, Goslar, Hamelen, Hannover, Hildesheim en Wolfenb\u00fcttel\",\"breadcrumb\":{\"@id\":\"https:\\\/\\\/9staedte.de\\\/nl\\\/winkelen-en-uitgaan\\\/#breadcrumb\"},\"inLanguage\":\"nl-NL\",\"potentialAction\":[{\"@type\":\"ReadAction\",\"target\":[\"https:\\\/\\\/9staedte.de\\\/nl\\\/winkelen-en-uitgaan\\\/\"]}]},{\"@type\":\"ImageObject\",\"inLanguage\":\"nl-NL\",\"@id\":\"https:\\\/\\\/9staedte.de\\\/nl\\\/winkelen-en-uitgaan\\\/#primaryimage\",\"url\":\"https:\\\/\\\/9staedte.de\\\/wp-content\\\/uploads\\\/2023\\\/08\\\/Ausgehen-und-geniessen-in-Celle-c-Celle-Tourismus.jpg\",\"contentUrl\":\"https:\\\/\\\/9staedte.de\\\/wp-content\\\/uploads\\\/2023\\\/08\\\/Ausgehen-und-geniessen-in-Celle-c-Celle-Tourismus.jpg\",\"width\":1020,\"height\":558,\"caption\":\"Ausgehen und genie\u00dfen in Celle c) Celle Tourismus\"},{\"@type\":\"BreadcrumbList\",\"@id\":\"https:\\\/\\\/9staedte.de\\\/nl\\\/winkelen-en-uitgaan\\\/#breadcrumb\",\"itemListElement\":[{\"@type\":\"ListItem\",\"position\":1,\"name\":\"Startseite\",\"item\":\"https:\\\/\\\/9staedte.de\\\/nl\\\/\"},{\"@type\":\"ListItem\",\"position\":2,\"name\":\"Winkelen en uitgaan\"}]},{\"@type\":\"WebSite\",\"@id\":\"https:\\\/\\\/9staedte.de\\\/nl\\\/#website\",\"url\":\"https:\\\/\\\/9staedte.de\\\/nl\\\/\",\"name\":\"9 St\u00e4dte in Niedersachsen\",\"description\":\"\",\"publisher\":{\"@id\":\"https:\\\/\\\/9staedte.de\\\/nl\\\/#organization\"},\"potentialAction\":[{\"@type\":\"SearchAction\",\"target\":{\"@type\":\"EntryPoint\",\"urlTemplate\":\"https:\\\/\\\/9staedte.de\\\/nl\\\/?s={search_term_string}\"},\"query-input\":{\"@type\":\"PropertyValueSpecification\",\"valueRequired\":true,\"valueName\":\"search_term_string\"}}],\"inLanguage\":\"nl-NL\"},{\"@type\":\"Organization\",\"@id\":\"https:\\\/\\\/9staedte.de\\\/nl\\\/#organization\",\"name\":\"9 St\u00e4dte in Niedersachsen\",\"url\":\"https:\\\/\\\/9staedte.de\\\/nl\\\/\",\"logo\":{\"@type\":\"ImageObject\",\"inLanguage\":\"nl-NL\",\"@id\":\"https:\\\/\\\/9staedte.de\\\/nl\\\/#\\\/schema\\\/logo\\\/image\\\/\",\"url\":\"https:\\\/\\\/9staedte.de\\\/wp-content\\\/uploads\\\/2025\\\/01\\\/9-neg-deutsch-2-1.png\",\"contentUrl\":\"https:\\\/\\\/9staedte.de\\\/wp-content\\\/uploads\\\/2025\\\/01\\\/9-neg-deutsch-2-1.png\",\"width\":190,\"height\":114,\"caption\":\"9 St\u00e4dte in Niedersachsen\"},\"image\":{\"@id\":\"https:\\\/\\\/9staedte.de\\\/nl\\\/#\\\/schema\\\/logo\\\/image\\\/\"}}]}<\/script>\n<!-- \/ Yoast SEO plugin. -->","yoast_head_json":{"title":"Winkelen en uitgaan - 9 St\u00e4dte in Niedersachsen","description":"Winkelen en uitgaan in Braunschweig, Celle, Einbeck, G\u00f6ttingen, Goslar, Hamelen, Hannover, Hildesheim en Wolfenb\u00fcttel","robots":{"index":"index","follow":"follow","max-snippet":"max-snippet:-1","max-image-preview":"max-image-preview:large","max-video-preview":"max-video-preview:-1"},"canonical":"https:\/\/9staedte.de\/nl\/winkelen-en-uitgaan\/","og_locale":"nl_NL","og_type":"article","og_title":"Winkelen en uitgaan - 9 St\u00e4dte in Niedersachsen","og_description":"Winkelen en uitgaan in Braunschweig, Celle, Einbeck, G\u00f6ttingen, Goslar, Hamelen, Hannover, Hildesheim en Wolfenb\u00fcttel","og_url":"https:\/\/9staedte.de\/nl\/winkelen-en-uitgaan\/","og_site_name":"9 St\u00e4dte in Niedersachsen","article_modified_time":"2024-08-28T07:31:34+00:00","og_image":[{"width":1020,"height":558,"url":"https:\/\/9staedte.de\/wp-content\/uploads\/2023\/08\/Ausgehen-und-geniessen-in-Celle-c-Celle-Tourismus.jpg","type":"image\/jpeg"}],"twitter_card":"summary_large_image","twitter_misc":{"Geschatte leestijd":"1 minuut"},"schema":{"@context":"https:\/\/schema.org","@graph":[{"@type":"WebPage","@id":"https:\/\/9staedte.de\/nl\/winkelen-en-uitgaan\/","url":"https:\/\/9staedte.de\/nl\/winkelen-en-uitgaan\/","name":"Winkelen en uitgaan - 9 St\u00e4dte in Niedersachsen","isPartOf":{"@id":"https:\/\/9staedte.de\/nl\/#website"},"primaryImageOfPage":{"@id":"https:\/\/9staedte.de\/nl\/winkelen-en-uitgaan\/#primaryimage"},"image":{"@id":"https:\/\/9staedte.de\/nl\/winkelen-en-uitgaan\/#primaryimage"},"thumbnailUrl":"https:\/\/9staedte.de\/wp-content\/uploads\/2023\/08\/Ausgehen-und-geniessen-in-Celle-c-Celle-Tourismus.jpg","datePublished":"2023-10-09T10:12:00+00:00","dateModified":"2024-08-28T07:31:34+00:00","description":"Winkelen en uitgaan in Braunschweig, Celle, Einbeck, G\u00f6ttingen, Goslar, Hamelen, Hannover, Hildesheim en Wolfenb\u00fcttel","breadcrumb":{"@id":"https:\/\/9staedte.de\/nl\/winkelen-en-uitgaan\/#breadcrumb"},"inLanguage":"nl-NL","potentialAction":[{"@type":"ReadAction","target":["https:\/\/9staedte.de\/nl\/winkelen-en-uitgaan\/"]}]},{"@type":"ImageObject","inLanguage":"nl-NL","@id":"https:\/\/9staedte.de\/nl\/winkelen-en-uitgaan\/#primaryimage","url":"https:\/\/9staedte.de\/wp-content\/uploads\/2023\/08\/Ausgehen-und-geniessen-in-Celle-c-Celle-Tourismus.jpg","contentUrl":"https:\/\/9staedte.de\/wp-content\/uploads\/2023\/08\/Ausgehen-und-geniessen-in-Celle-c-Celle-Tourismus.jpg","width":1020,"height":558,"caption":"Ausgehen und genie\u00dfen in Celle c) Celle Tourismus"},{"@type":"BreadcrumbList","@id":"https:\/\/9staedte.de\/nl\/winkelen-en-uitgaan\/#breadcrumb","itemListElement":[{"@type":"ListItem","position":1,"name":"Startseite","item":"https:\/\/9staedte.de\/nl\/"},{"@type":"ListItem","position":2,"name":"Winkelen en uitgaan"}]},{"@type":"WebSite","@id":"https:\/\/9staedte.de\/nl\/#website","url":"https:\/\/9staedte.de\/nl\/","name":"9 St\u00e4dte in Niedersachsen","description":"","publisher":{"@id":"https:\/\/9staedte.de\/nl\/#organization"},"potentialAction":[{"@type":"SearchAction","target":{"@type":"EntryPoint","urlTemplate":"https:\/\/9staedte.de\/nl\/?s={search_term_string}"},"query-input":{"@type":"PropertyValueSpecification","valueRequired":true,"valueName":"search_term_string"}}],"inLanguage":"nl-NL"},{"@type":"Organization","@id":"https:\/\/9staedte.de\/nl\/#organization","name":"9 St\u00e4dte in Niedersachsen","url":"https:\/\/9staedte.de\/nl\/","logo":{"@type":"ImageObject","inLanguage":"nl-NL","@id":"https:\/\/9staedte.de\/nl\/#\/schema\/logo\/image\/","url":"https:\/\/9staedte.de\/wp-content\/uploads\/2025\/01\/9-neg-deutsch-2-1.png","contentUrl":"https:\/\/9staedte.de\/wp-content\/uploads\/2025\/01\/9-neg-deutsch-2-1.png","width":190,"height":114,"caption":"9 St\u00e4dte in Niedersachsen"},"image":{"@id":"https:\/\/9staedte.de\/nl\/#\/schema\/logo\/image\/"}}]}},"_links":{"self":[{"href":"https:\/\/9staedte.de\/nl\/wp-json\/wp\/v2\/pages\/10614","targetHints":{"allow":["GET"]}}],"collection":[{"href":"https:\/\/9staedte.de\/nl\/wp-json\/wp\/v2\/pages"}],"about":[{"href":"https:\/\/9staedte.de\/nl\/wp-json\/wp\/v2\/types\/page"}],"author":[{"embeddable":true,"href":"https:\/\/9staedte.de\/nl\/wp-json\/wp\/v2\/users\/1"}],"replies":[{"embeddable":true,"href":"https:\/\/9staedte.de\/nl\/wp-json\/wp\/v2\/comments?post=10614"}],"version-history":[{"count":2,"href":"https:\/\/9staedte.de\/nl\/wp-json\/wp\/v2\/pages\/10614\/revisions"}],"predecessor-version":[{"id":23509,"href":"https:\/\/9staedte.de\/nl\/wp-json\/wp\/v2\/pages\/10614\/revisions\/23509"}],"wp:featuredmedia":[{"embeddable":true,"href":"https:\/\/9staedte.de\/nl\/wp-json\/wp\/v2\/media\/10483"}],"wp:attachment":[{"href":"https:\/\/9staedte.de\/nl\/wp-json\/wp\/v2\/media?parent=10614"}],"wp:term":[{"taxonomy":"category","embeddable":true,"href":"https:\/\/9staedte.de\/nl\/wp-json\/wp\/v2\/categories?post=10614"},{"taxonomy":"post_tag","embeddable":true,"href":"https:\/\/9staedte.de\/nl\/wp-json\/wp\/v2\/tags?post=10614"},{"taxonomy":"ncap_cities_tax","embeddable":true,"href":"https:\/\/9staedte.de\/nl\/wp-json\/wp\/v2\/ncap_cities_tax?post=10614"}],"curies":[{"name":"wp","href":"https:\/\/api.w.org\/{rel}","templated":true}]}}