{"id":26566,"date":"2025-06-27T09:18:54","date_gmt":"2025-06-27T07:18:54","guid":{"rendered":"https:\/\/9staedte.de\/declaration-daccessibilite\/"},"modified":"2025-06-27T09:18:54","modified_gmt":"2025-06-27T07:18:54","slug":"declaration-daccessibilite","status":"publish","type":"page","link":"https:\/\/9staedte.de\/fr\/declaration-daccessibilite\/","title":{"rendered":"D\u00e9claration d&rsquo;accessibilit\u00e9"},"content":{"rendered":"\n<p>Les exploitants du site https:\/\/9staedte.de attachent une grande importance \u00e0 ce que le plus grand nombre possible de personnes &#8211; ind\u00e9pendamment de leurs capacit\u00e9s individuelles ou de leurs moyens techniques &#8211; puissent utiliser nos contenus sans probl\u00e8me.<\/p>\n\n<p>Nous nous effor\u00e7ons de rendre notre site Web accessible conform\u00e9ment aux exigences l\u00e9gales, et notamment aux exigences de la :<\/p>\n\n<p>&#8211; Barrierefreien-Informationstechnik-Verordnung (BITV 2.0)<br\/>&#8211; Directives pour l&rsquo;accessibilit\u00e9 aux contenus Web (WCAG) 2.1, niveau de conformit\u00e9 AA<br\/>&#8211; \u00a7\u00a7 12 et suivants de la loi sur l&rsquo;\u00e9galit\u00e9 des personnes handicap\u00e9es (BGG)<\/p>\n\n<div style=\"height:16px\" aria-hidden=\"true\" class=\"wp-block-spacer\"><\/div>\n\n<h2 class=\"wp-block-heading\">\u00c9tat de l&rsquo;accessibilit\u00e9<\/h2>\n\n<p>Le site est<strong> partiellement accessible aux personnes handicap\u00e9es<\/strong>.<\/p>\n\n<p>Certains contenus et fonctionnalit\u00e9s r\u00e9pondent d\u00e9j\u00e0 aux exigences du BITV 2.0, d&rsquo;autres sont en cours de r\u00e9vision.<\/p>\n\n<h3 class=\"wp-block-heading\">Barri\u00e8res encore existantes<\/h3>\n\n<p>Malgr\u00e9 nos efforts, les barri\u00e8res suivantes peuvent actuellement se pr\u00e9senter :<\/p>\n\n<p>&#8211; Les images ne contiennent pas toutes <strong>des textes alternatifs<\/strong><br\/>&#8211; Certains<strong> documents PDF<\/strong> ne sont pas accessibles<br\/>&#8211; L&rsquo;<strong>utilisation du clavier<\/strong> est encore limit\u00e9e dans certains cas<br\/>&#8211; <strong>Les contrastes<\/strong> et <strong>les indicateurs de mise au point<\/strong> ne sont pas partout optimaux<br\/>&#8211; <strong>Les vid\u00e9os <\/strong>ne disposent pas toujours de <strong>sous-titres ou de description audio<\/strong> pour le moment<\/p>\n\n<p>Nous travaillons en permanence \u00e0 l&rsquo;am\u00e9lioration de l&rsquo;accessibilit\u00e9 du contenu.<\/p>\n\n<div style=\"height:16px\" aria-hidden=\"true\" class=\"wp-block-spacer\"><\/div>\n\n<h2 class=\"wp-block-heading\">Commentaires et contact<\/h2>\n\n<p>Si vous constatez des obstacles sur notre site Web ou si vous avez des suggestions, n&rsquo;h\u00e9sitez pas \u00e0 nous les communiquer.<\/p>\n\n<p>Veuillez vous adresser \u00e0 :<\/p>\n\n<p><strong>9 villes de Basse-Saxe<br\/><\/strong>c\/o G\u00f6ttingen Tourismus und Marketing e. V.<br\/>Markt 9<br\/>37073 G\u00f6ttingen<br\/>T\u00e9l\u00e9phone : +49 (0)551 499 80 12<br\/>E-mail : <a href=\"mailto:info@9staedte.de\">info@9staedte.de<\/a><\/p>\n\n<h3 class=\"wp-block-heading\">Proc\u00e9dure de conciliation<\/h3>\n\n<p>Si vous estimez que nous ne r\u00e9pondons pas de mani\u00e8re appropri\u00e9e \u00e0 vos remarques, vous avez la possibilit\u00e9 de faire appel au service de conciliation pr\u00e9vu par l&rsquo;article 16 de la loi BGG.<\/p>\n\n<h4 class=\"wp-block-heading\"><strong>Contacter le bureau de conciliation BGG :<\/strong><\/h4>\n\n<p>Office de conciliation BGG<br\/>aupr\u00e8s de la d\u00e9l\u00e9gu\u00e9e du gouvernement f\u00e9d\u00e9ral pour les int\u00e9r\u00eats des personnes handicap\u00e9es<br\/>Mauerstra\u00dfe 53<br\/>10117 Berlin<br\/>T\u00e9l\u00e9phone : 030 18 527 2805<br\/>E-mail : info@schlichtungsstelle-bgg.de<br\/>Site web : www.schlichtungsstelle-bgg.de<\/p>\n\n<div style=\"height:16px\" aria-hidden=\"true\" class=\"wp-block-spacer\"><\/div>\n\n<p><strong>Version de cette d\u00e9claration :<\/strong> 25 juin 2025<\/p>\n","protected":false},"excerpt":{"rendered":"<p>Les exploitants du site https:\/\/9staedte.de attachent une grande importance \u00e0 ce que le plus grand nombre possible de personnes &#8211; ind\u00e9pendamment de leurs capacit\u00e9s individuelles ou de leurs moyens techniques &#8211; puissent utiliser nos contenus sans probl\u00e8me. Nous nous effor\u00e7ons de rendre notre site Web accessible conform\u00e9ment aux exigences l\u00e9gales, et notamment aux exigences de [&hellip;]<\/p>\n","protected":false},"author":11,"featured_media":0,"parent":0,"menu_order":0,"comment_status":"closed","ping_status":"closed","template":"","meta":{"_acf_changed":false,"footnotes":""},"categories":[],"tags":[],"ncap_cities_tax":[],"class_list":["post-26566","page","type-page","status-publish","hentry"],"acf":[],"yoast_head":"<!-- This site is optimized with the Yoast SEO plugin v26.8 - https:\/\/yoast.com\/product\/yoast-seo-wordpress\/ -->\n<title>D\u00e9claration d&#039;accessibilit\u00e9 - 9 St\u00e4dte in Niedersachsen<\/title>\n<meta name=\"robots\" content=\"index, follow, max-snippet:-1, max-image-preview:large, max-video-preview:-1\" \/>\n<link rel=\"canonical\" href=\"https:\/\/9staedte.de\/fr\/declaration-daccessibilite\/\" \/>\n<meta property=\"og:locale\" content=\"fr_FR\" \/>\n<meta property=\"og:type\" content=\"article\" \/>\n<meta property=\"og:title\" content=\"D\u00e9claration d&#039;accessibilit\u00e9 - 9 St\u00e4dte in Niedersachsen\" \/>\n<meta property=\"og:description\" content=\"Les exploitants du site https:\/\/9staedte.de attachent une grande importance \u00e0 ce que le plus grand nombre possible de personnes &#8211; ind\u00e9pendamment de leurs capacit\u00e9s individuelles ou de leurs moyens techniques &#8211; puissent utiliser nos contenus sans probl\u00e8me. Nous nous effor\u00e7ons de rendre notre site Web accessible conform\u00e9ment aux exigences l\u00e9gales, et notamment aux exigences de [&hellip;]\" \/>\n<meta property=\"og:url\" content=\"https:\/\/9staedte.de\/fr\/declaration-daccessibilite\/\" \/>\n<meta property=\"og:site_name\" content=\"9 St\u00e4dte in Niedersachsen\" \/>\n<meta name=\"twitter:card\" content=\"summary_large_image\" \/>\n<meta name=\"twitter:label1\" content=\"Dur\u00e9e de lecture estim\u00e9e\" \/>\n\t<meta name=\"twitter:data1\" content=\"2 minutes\" \/>\n<script type=\"application\/ld+json\" class=\"yoast-schema-graph\">{\"@context\":\"https:\/\/schema.org\",\"@graph\":[{\"@type\":\"WebPage\",\"@id\":\"https:\/\/9staedte.de\/fr\/declaration-daccessibilite\/\",\"url\":\"https:\/\/9staedte.de\/fr\/declaration-daccessibilite\/\",\"name\":\"D\u00e9claration d'accessibilit\u00e9 - 9 St\u00e4dte in Niedersachsen\",\"isPartOf\":{\"@id\":\"https:\/\/9staedte.de\/fr\/#website\"},\"datePublished\":\"2025-06-27T07:18:54+00:00\",\"breadcrumb\":{\"@id\":\"https:\/\/9staedte.de\/fr\/declaration-daccessibilite\/#breadcrumb\"},\"inLanguage\":\"fr-FR\",\"potentialAction\":[{\"@type\":\"ReadAction\",\"target\":[\"https:\/\/9staedte.de\/fr\/declaration-daccessibilite\/\"]}]},{\"@type\":\"BreadcrumbList\",\"@id\":\"https:\/\/9staedte.de\/fr\/declaration-daccessibilite\/#breadcrumb\",\"itemListElement\":[{\"@type\":\"ListItem\",\"position\":1,\"name\":\"Startseite\",\"item\":\"https:\/\/9staedte.de\/fr\/\"},{\"@type\":\"ListItem\",\"position\":2,\"name\":\"D\u00e9claration d&#8217;accessibilit\u00e9\"}]},{\"@type\":\"WebSite\",\"@id\":\"https:\/\/9staedte.de\/fr\/#website\",\"url\":\"https:\/\/9staedte.de\/fr\/\",\"name\":\"9 St\u00e4dte in Niedersachsen\",\"description\":\"\",\"publisher\":{\"@id\":\"https:\/\/9staedte.de\/fr\/#organization\"},\"potentialAction\":[{\"@type\":\"SearchAction\",\"target\":{\"@type\":\"EntryPoint\",\"urlTemplate\":\"https:\/\/9staedte.de\/fr\/?s={search_term_string}\"},\"query-input\":{\"@type\":\"PropertyValueSpecification\",\"valueRequired\":true,\"valueName\":\"search_term_string\"}}],\"inLanguage\":\"fr-FR\"},{\"@type\":\"Organization\",\"@id\":\"https:\/\/9staedte.de\/fr\/#organization\",\"name\":\"9 St\u00e4dte in Niedersachsen\",\"url\":\"https:\/\/9staedte.de\/fr\/\",\"logo\":{\"@type\":\"ImageObject\",\"inLanguage\":\"fr-FR\",\"@id\":\"https:\/\/9staedte.de\/fr\/#\/schema\/logo\/image\/\",\"url\":\"https:\/\/9staedte.de\/wp-content\/uploads\/2025\/01\/9-neg-deutsch-2-1.png\",\"contentUrl\":\"https:\/\/9staedte.de\/wp-content\/uploads\/2025\/01\/9-neg-deutsch-2-1.png\",\"width\":190,\"height\":114,\"caption\":\"9 St\u00e4dte in Niedersachsen\"},\"image\":{\"@id\":\"https:\/\/9staedte.de\/fr\/#\/schema\/logo\/image\/\"}}]}<\/script>\n<!-- \/ Yoast SEO plugin. -->","yoast_head_json":{"title":"D\u00e9claration d'accessibilit\u00e9 - 9 St\u00e4dte in Niedersachsen","robots":{"index":"index","follow":"follow","max-snippet":"max-snippet:-1","max-image-preview":"max-image-preview:large","max-video-preview":"max-video-preview:-1"},"canonical":"https:\/\/9staedte.de\/fr\/declaration-daccessibilite\/","og_locale":"fr_FR","og_type":"article","og_title":"D\u00e9claration d'accessibilit\u00e9 - 9 St\u00e4dte in Niedersachsen","og_description":"Les exploitants du site https:\/\/9staedte.de attachent une grande importance \u00e0 ce que le plus grand nombre possible de personnes &#8211; ind\u00e9pendamment de leurs capacit\u00e9s individuelles ou de leurs moyens techniques &#8211; puissent utiliser nos contenus sans probl\u00e8me. Nous nous effor\u00e7ons de rendre notre site Web accessible conform\u00e9ment aux exigences l\u00e9gales, et notamment aux exigences de [&hellip;]","og_url":"https:\/\/9staedte.de\/fr\/declaration-daccessibilite\/","og_site_name":"9 St\u00e4dte in Niedersachsen","twitter_card":"summary_large_image","twitter_misc":{"Dur\u00e9e de lecture estim\u00e9e":"2 minutes"},"schema":{"@context":"https:\/\/schema.org","@graph":[{"@type":"WebPage","@id":"https:\/\/9staedte.de\/fr\/declaration-daccessibilite\/","url":"https:\/\/9staedte.de\/fr\/declaration-daccessibilite\/","name":"D\u00e9claration d'accessibilit\u00e9 - 9 St\u00e4dte in Niedersachsen","isPartOf":{"@id":"https:\/\/9staedte.de\/fr\/#website"},"datePublished":"2025-06-27T07:18:54+00:00","breadcrumb":{"@id":"https:\/\/9staedte.de\/fr\/declaration-daccessibilite\/#breadcrumb"},"inLanguage":"fr-FR","potentialAction":[{"@type":"ReadAction","target":["https:\/\/9staedte.de\/fr\/declaration-daccessibilite\/"]}]},{"@type":"BreadcrumbList","@id":"https:\/\/9staedte.de\/fr\/declaration-daccessibilite\/#breadcrumb","itemListElement":[{"@type":"ListItem","position":1,"name":"Startseite","item":"https:\/\/9staedte.de\/fr\/"},{"@type":"ListItem","position":2,"name":"D\u00e9claration d&#8217;accessibilit\u00e9"}]},{"@type":"WebSite","@id":"https:\/\/9staedte.de\/fr\/#website","url":"https:\/\/9staedte.de\/fr\/","name":"9 St\u00e4dte in Niedersachsen","description":"","publisher":{"@id":"https:\/\/9staedte.de\/fr\/#organization"},"potentialAction":[{"@type":"SearchAction","target":{"@type":"EntryPoint","urlTemplate":"https:\/\/9staedte.de\/fr\/?s={search_term_string}"},"query-input":{"@type":"PropertyValueSpecification","valueRequired":true,"valueName":"search_term_string"}}],"inLanguage":"fr-FR"},{"@type":"Organization","@id":"https:\/\/9staedte.de\/fr\/#organization","name":"9 St\u00e4dte in Niedersachsen","url":"https:\/\/9staedte.de\/fr\/","logo":{"@type":"ImageObject","inLanguage":"fr-FR","@id":"https:\/\/9staedte.de\/fr\/#\/schema\/logo\/image\/","url":"https:\/\/9staedte.de\/wp-content\/uploads\/2025\/01\/9-neg-deutsch-2-1.png","contentUrl":"https:\/\/9staedte.de\/wp-content\/uploads\/2025\/01\/9-neg-deutsch-2-1.png","width":190,"height":114,"caption":"9 St\u00e4dte in Niedersachsen"},"image":{"@id":"https:\/\/9staedte.de\/fr\/#\/schema\/logo\/image\/"}}]}},"_links":{"self":[{"href":"https:\/\/9staedte.de\/fr\/wp-json\/wp\/v2\/pages\/26566","targetHints":{"allow":["GET"]}}],"collection":[{"href":"https:\/\/9staedte.de\/fr\/wp-json\/wp\/v2\/pages"}],"about":[{"href":"https:\/\/9staedte.de\/fr\/wp-json\/wp\/v2\/types\/page"}],"author":[{"embeddable":true,"href":"https:\/\/9staedte.de\/fr\/wp-json\/wp\/v2\/users\/11"}],"replies":[{"embeddable":true,"href":"https:\/\/9staedte.de\/fr\/wp-json\/wp\/v2\/comments?post=26566"}],"version-history":[{"count":1,"href":"https:\/\/9staedte.de\/fr\/wp-json\/wp\/v2\/pages\/26566\/revisions"}],"predecessor-version":[{"id":26567,"href":"https:\/\/9staedte.de\/fr\/wp-json\/wp\/v2\/pages\/26566\/revisions\/26567"}],"wp:attachment":[{"href":"https:\/\/9staedte.de\/fr\/wp-json\/wp\/v2\/media?parent=26566"}],"wp:term":[{"taxonomy":"category","embeddable":true,"href":"https:\/\/9staedte.de\/fr\/wp-json\/wp\/v2\/categories?post=26566"},{"taxonomy":"post_tag","embeddable":true,"href":"https:\/\/9staedte.de\/fr\/wp-json\/wp\/v2\/tags?post=26566"},{"taxonomy":"ncap_cities_tax","embeddable":true,"href":"https:\/\/9staedte.de\/fr\/wp-json\/wp\/v2\/ncap_cities_tax?post=26566"}],"curies":[{"name":"wp","href":"https:\/\/api.w.org\/{rel}","templated":true}]}}