{"id":26527,"date":"2025-06-26T12:53:18","date_gmt":"2025-06-26T10:53:18","guid":{"rendered":"https:\/\/9staedte.de\/9villes-en-langage-simple\/"},"modified":"2025-06-26T12:53:19","modified_gmt":"2025-06-26T10:53:19","slug":"9villes-en-langage-simple","status":"publish","type":"page","link":"https:\/\/9staedte.de\/fr\/9villes-en-langage-simple\/","title":{"rendered":"9Villes en langage simple"},"content":{"rendered":"\n<h2 class=\"wp-block-heading\">Qu&rsquo;est-ce que \u00ab\u00a09 villes de Basse-Saxe\u00a0\u00bb ?<\/h2>\n\n<h3 class=\"wp-block-heading\">9 villes + 2 partenaires<\/h3>\n\n<p>Il s&rsquo;agit de neuf villes de Basse-Saxe : Brunswick, Celle, G\u00f6ttingen, Goslar, Hameln, Hanovre, Hildesheim, Wolfenb\u00fcttel, ainsi que la ville de l&rsquo;automobile \u00e0 Wolfsburg et l&rsquo;a\u00e9roport de Hanovre.<\/p>\n\n<h3 class=\"wp-block-heading\">Depuis 1984<\/h3>\n\n<p>Les villes travaillent ensemble depuis 1984. Elles souhaitent attirer davantage de visiteurs \u00e9trangers dans leurs villes. <\/p>\n\n<div style=\"height:16px\" aria-hidden=\"true\" class=\"wp-block-spacer\"><\/div>\n\n<h2 class=\"wp-block-heading\">Pourquoi travaillent-ils ensemble ?<\/h2>\n\n<h3 class=\"wp-block-heading\">Plus de notori\u00e9t\u00e9<\/h3>\n\n<p>Les 9 villes de Basse-Saxe sont plus connues ensemble que seules. Ainsi, ensemble, elles peuvent \u00eatre plus connues et recevoir plus de visiteurs. <\/p>\n\n<h3 class=\"wp-block-heading\">Promouvoir le tourisme<\/h3>\n\n<p>L&rsquo;objectif est d&rsquo;augmenter le nombre de nuit\u00e9es et de visiteurs. Vous faites de la publicit\u00e9 en Europe &#8211; par exemple en Scandinavie ou aux Pays-Bas. <\/p>\n\n<div style=\"height:16px\" aria-hidden=\"true\" class=\"wp-block-spacer\"><\/div>\n\n<h2 class=\"wp-block-heading\">Que proposent-ils ?<\/h2>\n\n<h3 class=\"wp-block-heading\">Points forts culturels<\/h3>\n\n<p>Chaque lieu a quelque chose de particulier :<\/p>\n\n<ul class=\"wp-block-list\">\n<li>B\u00e2timents historiques<\/li>\n\n\n\n<li>Maisons \u00e0 colombages, ch\u00e2teaux, jardins<\/li>\n\n\n\n<li>Monuments, places, \u00e9glises, par ex. patrimoine mondial de l&rsquo;UNESCO \u00e0 Goslar et Hildesheim<\/li>\n<\/ul>\n\n<h3 class=\"wp-block-heading\">\u00c9v\u00e9nements<\/h3>\n\n<p>Il y a des march\u00e9s de No\u00ebl, des concerts, des festivals, des foires et des f\u00eates municipales.<\/p>\n\n<h3 class=\"wp-block-heading\">Visites guid\u00e9es<\/h3>\n\n<p>Visites guid\u00e9es et tours de ville, tours \u00e0 v\u00e9lo, tours en cano\u00eb. \u00c9galement pour les groupes, les r\u00e9unions et les auditeurs de diff\u00e9rents formats. <\/p>\n\n<h3 class=\"wp-block-heading\">Pour tous les voyageurs<\/h3>\n\n<p>Qu&rsquo;il s&rsquo;agisse d&rsquo;un court voyage en ville, d&rsquo;un voyage en famille, d&rsquo;un voyage culturel ou d&rsquo;un voyage en pleine nature, chaque groupe trouvera des offres adapt\u00e9es.<\/p>\n\n<div style=\"height:16px\" aria-hidden=\"true\" class=\"wp-block-spacer\"><\/div>\n\n<h2 class=\"wp-block-heading\">Pourquoi est-ce bon pour les visiteurs ?<\/h2>\n\n<h3 class=\"wp-block-heading\">D\u00e9couvrir de nombreux endroits<\/h3>\n\n<p>On peut visiter une ville en une journ\u00e9e &#8211; ou d\u00e9couvrir de nombreux endroits.<\/p>\n\n<h3 class=\"wp-block-heading\">Courtes distances<\/h3>\n\n<p>Les villes sont proches les unes des autres. On se d\u00e9place rapidement d&rsquo;une ville \u00e0 l&rsquo;autre. <\/p>\n\n<h3 class=\"wp-block-heading\">La diversit\u00e9 dans un espace restreint<\/h3>\n\n<p>Plusieurs villes offrent ensemble plus de culture, d&rsquo;histoire et d&rsquo;exp\u00e9riences &#8211; sans devoir voyager loin.<\/p>\n\n<div style=\"height:16px\" aria-hidden=\"true\" class=\"wp-block-spacer\"><\/div>\n\n<h2 class=\"wp-block-heading\">Qui fait cela ?<\/h2>\n\n<h3 class=\"wp-block-heading\">Organisateur<\/h3>\n\n<p>L&rsquo;organisation est assur\u00e9e par \u00ab\u00a0Hannover Marketing und Tourismus GmbH\u00a0\u00bb et les responsables du tourisme des autres villes.<\/p>\n\n<h3 class=\"wp-block-heading\">Partenaires<\/h3>\n\n<p>Outre les villes, l&rsquo;Autostadt de Wolfsburg et l&rsquo;a\u00e9roport de Hanovre sont des partenaires importants. Ils aident au marketing et \u00e0 l&rsquo;acc\u00e8s. <\/p>\n\n<div style=\"height:16px\" aria-hidden=\"true\" class=\"wp-block-spacer\"><\/div>\n\n<h2 class=\"wp-block-heading\">R\u00e9sum\u00e9 en langage simple<\/h2>\n\n<ul class=\"wp-block-list\">\n<li>Neuf villes de Basse-Saxe s&rsquo;associent depuis de nombreuses ann\u00e9es pour promouvoir le tourisme.<\/li>\n\n\n\n<li>Ils pr\u00e9sentent l&rsquo;histoire, la culture, la nature et les \u00e9v\u00e9nements sur un site Internet.<\/li>\n\n\n\n<li>Les visiteurs y trouveront des conseils pour les excursions, l&rsquo;h\u00e9bergement, les voyages en groupe ou les march\u00e9s de No\u00ebl.<\/li>\n\n\n\n<li>La coop\u00e9ration permet aux villes d&rsquo;\u00e9conomiser de l&rsquo;argent et d&rsquo;attirer davantage de visiteurs, y compris des Europ\u00e9ens.<\/li>\n\n\n\n<li>La r\u00e9gion est bien connect\u00e9e. Les personnes qui visitent une ville peuvent facilement en visiter une seconde. <\/li>\n<\/ul>\n","protected":false},"excerpt":{"rendered":"<p>Qu&rsquo;est-ce que \u00ab\u00a09 villes de Basse-Saxe\u00a0\u00bb ? 9 villes + 2 partenaires Il s&rsquo;agit de neuf villes de Basse-Saxe : Brunswick, Celle, G\u00f6ttingen, Goslar, Hameln, Hanovre, Hildesheim, Wolfenb\u00fcttel, ainsi que la ville de l&rsquo;automobile \u00e0 Wolfsburg et l&rsquo;a\u00e9roport de Hanovre. Depuis 1984 Les villes travaillent ensemble depuis 1984. Elles souhaitent attirer davantage de visiteurs \u00e9trangers [&hellip;]<\/p>\n","protected":false},"author":11,"featured_media":0,"parent":0,"menu_order":0,"comment_status":"closed","ping_status":"closed","template":"","meta":{"_acf_changed":false,"footnotes":""},"categories":[],"tags":[],"ncap_cities_tax":[],"class_list":["post-26527","page","type-page","status-publish","hentry"],"acf":[],"yoast_head":"<!-- This site is optimized with the Yoast SEO plugin v26.8 - https:\/\/yoast.com\/product\/yoast-seo-wordpress\/ -->\n<title>9Villes en langage simple - 9 St\u00e4dte in Niedersachsen<\/title>\n<meta name=\"robots\" content=\"index, follow, max-snippet:-1, max-image-preview:large, max-video-preview:-1\" \/>\n<link rel=\"canonical\" href=\"https:\/\/9staedte.de\/fr\/9villes-en-langage-simple\/\" \/>\n<meta property=\"og:locale\" content=\"fr_FR\" \/>\n<meta property=\"og:type\" content=\"article\" \/>\n<meta property=\"og:title\" content=\"9Villes en langage simple - 9 St\u00e4dte in Niedersachsen\" \/>\n<meta property=\"og:description\" content=\"Qu&rsquo;est-ce que \u00ab\u00a09 villes de Basse-Saxe\u00a0\u00bb ? 9 villes + 2 partenaires Il s&rsquo;agit de neuf villes de Basse-Saxe : Brunswick, Celle, G\u00f6ttingen, Goslar, Hameln, Hanovre, Hildesheim, Wolfenb\u00fcttel, ainsi que la ville de l&rsquo;automobile \u00e0 Wolfsburg et l&rsquo;a\u00e9roport de Hanovre. Depuis 1984 Les villes travaillent ensemble depuis 1984. Elles souhaitent attirer davantage de visiteurs \u00e9trangers [&hellip;]\" \/>\n<meta property=\"og:url\" content=\"https:\/\/9staedte.de\/fr\/9villes-en-langage-simple\/\" \/>\n<meta property=\"og:site_name\" content=\"9 St\u00e4dte in Niedersachsen\" \/>\n<meta property=\"article:modified_time\" content=\"2025-06-26T10:53:19+00:00\" \/>\n<meta name=\"twitter:card\" content=\"summary_large_image\" \/>\n<meta name=\"twitter:label1\" content=\"Dur\u00e9e de lecture estim\u00e9e\" \/>\n\t<meta name=\"twitter:data1\" content=\"2 minutes\" \/>\n<script type=\"application\/ld+json\" class=\"yoast-schema-graph\">{\"@context\":\"https:\/\/schema.org\",\"@graph\":[{\"@type\":\"WebPage\",\"@id\":\"https:\/\/9staedte.de\/fr\/9villes-en-langage-simple\/\",\"url\":\"https:\/\/9staedte.de\/fr\/9villes-en-langage-simple\/\",\"name\":\"9Villes en langage simple - 9 St\u00e4dte in Niedersachsen\",\"isPartOf\":{\"@id\":\"https:\/\/9staedte.de\/fr\/#website\"},\"datePublished\":\"2025-06-26T10:53:18+00:00\",\"dateModified\":\"2025-06-26T10:53:19+00:00\",\"breadcrumb\":{\"@id\":\"https:\/\/9staedte.de\/fr\/9villes-en-langage-simple\/#breadcrumb\"},\"inLanguage\":\"fr-FR\",\"potentialAction\":[{\"@type\":\"ReadAction\",\"target\":[\"https:\/\/9staedte.de\/fr\/9villes-en-langage-simple\/\"]}]},{\"@type\":\"BreadcrumbList\",\"@id\":\"https:\/\/9staedte.de\/fr\/9villes-en-langage-simple\/#breadcrumb\",\"itemListElement\":[{\"@type\":\"ListItem\",\"position\":1,\"name\":\"Startseite\",\"item\":\"https:\/\/9staedte.de\/fr\/\"},{\"@type\":\"ListItem\",\"position\":2,\"name\":\"9Villes en langage simple\"}]},{\"@type\":\"WebSite\",\"@id\":\"https:\/\/9staedte.de\/fr\/#website\",\"url\":\"https:\/\/9staedte.de\/fr\/\",\"name\":\"9 St\u00e4dte in Niedersachsen\",\"description\":\"\",\"publisher\":{\"@id\":\"https:\/\/9staedte.de\/fr\/#organization\"},\"potentialAction\":[{\"@type\":\"SearchAction\",\"target\":{\"@type\":\"EntryPoint\",\"urlTemplate\":\"https:\/\/9staedte.de\/fr\/?s={search_term_string}\"},\"query-input\":{\"@type\":\"PropertyValueSpecification\",\"valueRequired\":true,\"valueName\":\"search_term_string\"}}],\"inLanguage\":\"fr-FR\"},{\"@type\":\"Organization\",\"@id\":\"https:\/\/9staedte.de\/fr\/#organization\",\"name\":\"9 St\u00e4dte in Niedersachsen\",\"url\":\"https:\/\/9staedte.de\/fr\/\",\"logo\":{\"@type\":\"ImageObject\",\"inLanguage\":\"fr-FR\",\"@id\":\"https:\/\/9staedte.de\/fr\/#\/schema\/logo\/image\/\",\"url\":\"https:\/\/9staedte.de\/wp-content\/uploads\/2025\/01\/9-neg-deutsch-2-1.png\",\"contentUrl\":\"https:\/\/9staedte.de\/wp-content\/uploads\/2025\/01\/9-neg-deutsch-2-1.png\",\"width\":190,\"height\":114,\"caption\":\"9 St\u00e4dte in Niedersachsen\"},\"image\":{\"@id\":\"https:\/\/9staedte.de\/fr\/#\/schema\/logo\/image\/\"}}]}<\/script>\n<!-- \/ Yoast SEO plugin. -->","yoast_head_json":{"title":"9Villes en langage simple - 9 St\u00e4dte in Niedersachsen","robots":{"index":"index","follow":"follow","max-snippet":"max-snippet:-1","max-image-preview":"max-image-preview:large","max-video-preview":"max-video-preview:-1"},"canonical":"https:\/\/9staedte.de\/fr\/9villes-en-langage-simple\/","og_locale":"fr_FR","og_type":"article","og_title":"9Villes en langage simple - 9 St\u00e4dte in Niedersachsen","og_description":"Qu&rsquo;est-ce que \u00ab\u00a09 villes de Basse-Saxe\u00a0\u00bb ? 9 villes + 2 partenaires Il s&rsquo;agit de neuf villes de Basse-Saxe : Brunswick, Celle, G\u00f6ttingen, Goslar, Hameln, Hanovre, Hildesheim, Wolfenb\u00fcttel, ainsi que la ville de l&rsquo;automobile \u00e0 Wolfsburg et l&rsquo;a\u00e9roport de Hanovre. Depuis 1984 Les villes travaillent ensemble depuis 1984. Elles souhaitent attirer davantage de visiteurs \u00e9trangers [&hellip;]","og_url":"https:\/\/9staedte.de\/fr\/9villes-en-langage-simple\/","og_site_name":"9 St\u00e4dte in Niedersachsen","article_modified_time":"2025-06-26T10:53:19+00:00","twitter_card":"summary_large_image","twitter_misc":{"Dur\u00e9e de lecture estim\u00e9e":"2 minutes"},"schema":{"@context":"https:\/\/schema.org","@graph":[{"@type":"WebPage","@id":"https:\/\/9staedte.de\/fr\/9villes-en-langage-simple\/","url":"https:\/\/9staedte.de\/fr\/9villes-en-langage-simple\/","name":"9Villes en langage simple - 9 St\u00e4dte in Niedersachsen","isPartOf":{"@id":"https:\/\/9staedte.de\/fr\/#website"},"datePublished":"2025-06-26T10:53:18+00:00","dateModified":"2025-06-26T10:53:19+00:00","breadcrumb":{"@id":"https:\/\/9staedte.de\/fr\/9villes-en-langage-simple\/#breadcrumb"},"inLanguage":"fr-FR","potentialAction":[{"@type":"ReadAction","target":["https:\/\/9staedte.de\/fr\/9villes-en-langage-simple\/"]}]},{"@type":"BreadcrumbList","@id":"https:\/\/9staedte.de\/fr\/9villes-en-langage-simple\/#breadcrumb","itemListElement":[{"@type":"ListItem","position":1,"name":"Startseite","item":"https:\/\/9staedte.de\/fr\/"},{"@type":"ListItem","position":2,"name":"9Villes en langage simple"}]},{"@type":"WebSite","@id":"https:\/\/9staedte.de\/fr\/#website","url":"https:\/\/9staedte.de\/fr\/","name":"9 St\u00e4dte in Niedersachsen","description":"","publisher":{"@id":"https:\/\/9staedte.de\/fr\/#organization"},"potentialAction":[{"@type":"SearchAction","target":{"@type":"EntryPoint","urlTemplate":"https:\/\/9staedte.de\/fr\/?s={search_term_string}"},"query-input":{"@type":"PropertyValueSpecification","valueRequired":true,"valueName":"search_term_string"}}],"inLanguage":"fr-FR"},{"@type":"Organization","@id":"https:\/\/9staedte.de\/fr\/#organization","name":"9 St\u00e4dte in Niedersachsen","url":"https:\/\/9staedte.de\/fr\/","logo":{"@type":"ImageObject","inLanguage":"fr-FR","@id":"https:\/\/9staedte.de\/fr\/#\/schema\/logo\/image\/","url":"https:\/\/9staedte.de\/wp-content\/uploads\/2025\/01\/9-neg-deutsch-2-1.png","contentUrl":"https:\/\/9staedte.de\/wp-content\/uploads\/2025\/01\/9-neg-deutsch-2-1.png","width":190,"height":114,"caption":"9 St\u00e4dte in Niedersachsen"},"image":{"@id":"https:\/\/9staedte.de\/fr\/#\/schema\/logo\/image\/"}}]}},"_links":{"self":[{"href":"https:\/\/9staedte.de\/fr\/wp-json\/wp\/v2\/pages\/26527","targetHints":{"allow":["GET"]}}],"collection":[{"href":"https:\/\/9staedte.de\/fr\/wp-json\/wp\/v2\/pages"}],"about":[{"href":"https:\/\/9staedte.de\/fr\/wp-json\/wp\/v2\/types\/page"}],"author":[{"embeddable":true,"href":"https:\/\/9staedte.de\/fr\/wp-json\/wp\/v2\/users\/11"}],"replies":[{"embeddable":true,"href":"https:\/\/9staedte.de\/fr\/wp-json\/wp\/v2\/comments?post=26527"}],"version-history":[{"count":1,"href":"https:\/\/9staedte.de\/fr\/wp-json\/wp\/v2\/pages\/26527\/revisions"}],"predecessor-version":[{"id":26528,"href":"https:\/\/9staedte.de\/fr\/wp-json\/wp\/v2\/pages\/26527\/revisions\/26528"}],"wp:attachment":[{"href":"https:\/\/9staedte.de\/fr\/wp-json\/wp\/v2\/media?parent=26527"}],"wp:term":[{"taxonomy":"category","embeddable":true,"href":"https:\/\/9staedte.de\/fr\/wp-json\/wp\/v2\/categories?post=26527"},{"taxonomy":"post_tag","embeddable":true,"href":"https:\/\/9staedte.de\/fr\/wp-json\/wp\/v2\/tags?post=26527"},{"taxonomy":"ncap_cities_tax","embeddable":true,"href":"https:\/\/9staedte.de\/fr\/wp-json\/wp\/v2\/ncap_cities_tax?post=26527"}],"curies":[{"name":"wp","href":"https:\/\/api.w.org\/{rel}","templated":true}]}}