{"id":25216,"date":"2025-04-10T08:59:35","date_gmt":"2025-04-10T06:59:35","guid":{"rendered":"https:\/\/9staedte.de\/unterwegs-durch-die-9-staedte\/"},"modified":"2025-04-10T09:40:06","modified_gmt":"2025-04-10T07:40:06","slug":"unterwegs-durch-die-9-staedte","status":"publish","type":"page","link":"https:\/\/9staedte.de\/fr\/unterwegs-durch-die-9-staedte\/","title":{"rendered":"En route \u00e0 travers les 9 villes"},"content":{"rendered":"\n<div class=\"wp-block-columns is-layout-flex wp-container-core-columns-is-layout-9d6595d7 wp-block-columns-is-layout-flex\">\n<div class=\"wp-block-column is-layout-flow wp-block-column-is-layout-flow\">\n<h2 class=\"wp-block-heading has-text-color has-link-color wp-elements-7389f049364f86a0376c0bca3a89024b\" style=\"color:#003770\">De ville en ville \u00e0 v\u00e9lo<\/h2>\n\n\n\n<div class=\"wp-block-group\"><div class=\"wp-block-group__inner-container is-layout-constrained wp-block-group-is-layout-constrained\">\n<p class=\"has-text-color has-link-color wp-elements-5dbf63147610943b7c3bdb00fb92c418\" style=\"color:#003770\">Que ce soit un grand circuit ou des \u00e9tapes r\u00e9gionales, d\u00e9couvrez les <strong>9 villes <\/strong>et la ville de l&rsquo;automobile \u00e0 votre rythme et \u00e0 votre go\u00fbt ! Des sites historiques, de charmantes vieilles villes et des d\u00e9lices culinaires vous attendent. Nous vous recommandons vivement de faire un d\u00e9tour par le monde de la mobilit\u00e9 \u00e0 l&rsquo;<strong>Autostadt de Wolfsburg<\/strong>. Cliquez ici pour acc\u00e9der \u00e0 notre <a href=\"https:\/\/www.komoot.com\/de-de\/collection\/3202001\/auf-zwei-raedern-9-staedte-%2B-2-in-niedersachsen\">collection de v\u00e9los Komoot<\/a>.   <\/p>\n<\/div><\/div>\n<\/div>\n\n\n\n<div class=\"wp-block-column is-layout-flow wp-block-column-is-layout-flow\">\n<figure class=\"wp-block-image size-full\"><a href=\"https:\/\/www.komoot.com\/de-de\/collection\/3202001\/auf-zwei-raedern-9-staedte-%2B-2-in-niedersachsen\"><img loading=\"lazy\" decoding=\"async\" width=\"663\" height=\"444\" src=\"https:\/\/9staedte.de\/wp-content\/smush-webp\/2025\/03\/9Staedte_Fahrradtour_Collection_Ausschnitt.png.webp\" alt=\"\" class=\"wp-image-24981\" srcset=\"https:\/\/9staedte.de\/wp-content\/smush-webp\/2025\/03\/9Staedte_Fahrradtour_Collection_Ausschnitt.png.webp 663w, https:\/\/9staedte.de\/wp-content\/smush-webp\/2025\/03\/9Staedte_Fahrradtour_Collection_Ausschnitt-300x201.png.webp 300w\" sizes=\"auto, (max-width: 663px) 100vw, 663px\" \/><\/a><\/figure>\n<\/div>\n<\/div>\n\n<h2 class=\"wp-block-heading\">Faire du v\u00e9lo dans les 9 villes<\/h2>\n    <div class=\"nr-bike-tours-grid\">\n                    <a href=\"https:\/\/9staedte.de\/fr\/radtouren\/hannover\/\"\n               class=\"nr-bike-tour\"\n               style=\"background-image:url('https:\/\/9staedte.de\/wp-content\/smush-webp\/2025\/03\/Maschpark-Hannover-c-HMTG-Lars-Gerhardts.jpg.webp');\"\n            >\n                <span class=\"name\">\n                    Hannover                <\/span>\n            <\/a>\n                    <a href=\"https:\/\/9staedte.de\/fr\/radtouren\/hameln\/\"\n               class=\"nr-bike-tour\"\n               style=\"background-image:url('https:\/\/9staedte.de\/wp-content\/smush-webp\/2025\/03\/Hameln-Weser-E-Bike-Tour-c-Hameln-Marketing-und-Tourismus-GmbH.jpg.webp');\"\n            >\n                <span class=\"name\">\n                    Hameln                <\/span>\n            <\/a>\n                    <a href=\"https:\/\/9staedte.de\/fr\/radtouren\/goslar\/\"\n               class=\"nr-bike-tour\"\n               style=\"background-image:url('https:\/\/9staedte.de\/wp-content\/smush-webp\/2025\/03\/Fahrradtour-durch-die-Goslarer-Altstadt_GOSLAR-marketing-gmbh_Fotograf-diedrehen.jpg.webp');\"\n            >\n                <span class=\"name\">\n                    Goslar                <\/span>\n            <\/a>\n                    <a href=\"https:\/\/9staedte.de\/fr\/radtouren\/goettingen\/\"\n               class=\"nr-bike-tour\"\n               style=\"background-image:url('https:\/\/9staedte.de\/wp-content\/smush-webp\/2025\/03\/Goettingen-Johannisstrasse-c-Lars-Gerhardts.jpg.webp');\"\n            >\n                <span class=\"name\">\n                    Goettingen                <\/span>\n            <\/a>\n                    <a href=\"https:\/\/9staedte.de\/fr\/radtouren\/celle\/\"\n               class=\"nr-bike-tour\"\n               style=\"background-image:url('https:\/\/9staedte.de\/wp-content\/smush-webp\/2025\/03\/2404_tm_celle_radfahren_Altstadt_Poststrasse-scaled.jpg.webp');\"\n            >\n                <span class=\"name\">\n                    Celle                <\/span>\n            <\/a>\n                    <a href=\"https:\/\/9staedte.de\/fr\/radtouren\/braunschweig\/\"\n               class=\"nr-bike-tour\"\n               style=\"background-image:url('https:\/\/9staedte.de\/wp-content\/smush-webp\/2025\/03\/Braunschweig-Radfahrmotiv_2_BSM_Christian_Bierwagen-scaled.jpg.webp');\"\n            >\n                <span class=\"name\">\n                    Braunschweig                <\/span>\n            <\/a>\n                    <a href=\"https:\/\/9staedte.de\/fr\/radtouren\/hildesheim\/\"\n               class=\"nr-bike-tour\"\n               style=\"background-image:url('https:\/\/9staedte.de\/wp-content\/smush-webp\/2025\/03\/St-Michaelis-Dagmar-Schwelle.jpg.webp');\"\n            >\n                <span class=\"name\">\n                    Hildesheim                <\/span>\n            <\/a>\n                    <a href=\"https:\/\/9staedte.de\/fr\/radtouren\/einbeck\/\"\n               class=\"nr-bike-tour\"\n               style=\"background-image:url('https:\/\/9staedte.de\/wp-content\/smush-webp\/2025\/03\/Einbeck-TangoBruecke-bei-Tag-CC0.jpg.webp');\"\n            >\n                <span class=\"name\">\n                    Einbeck                <\/span>\n            <\/a>\n                    <a href=\"https:\/\/9staedte.de\/fr\/radtouren\/decouvrir-wolfenbuettel-a-velo\/\"\n               class=\"nr-bike-tour\"\n               style=\"background-image:url('https:\/\/9staedte.de\/wp-content\/smush-webp\/2025\/03\/Radfahren-Residenzschloss-Wolfenbuettel-Fotograf-Christian-Bierwagen-Rechte-Lessingstadt-Wolfenbuettel-scaled.jpg.webp');\"\n            >\n                <span class=\"name\">\n                    Decouvrir-wolfenbuettel-a-velo                <\/span>\n            <\/a>\n            <\/div>\n    \n\n\n<div class=\"banner-wrapper is-info-card\">\n    <h2 class=\"headline\">\n        De ville en ville en train    <\/h2>\n    <div class=\"banner-inner\">\n\t\t            <div class=\"img-container\">\n                <div class=\"img-wrapper\">\n                    <img decoding=\"async\" src=\"https:\/\/9staedte.de\/wp-content\/smush-webp\/2025\/04\/DB_Juergen-Hoerstel.jpg.webp\" alt=\"c) DB J\u00fcrgen H\u00f6rstel\"\/>\n\t\t\t\t\t                        <div class=\"thumbnail-label\">\n                            <span>c) DB J\u00fcrgen H\u00f6rstel<\/span>\n                        <\/div>\n\t\t\t\t\t                <\/div>\n            <\/div>\n\t\t\t\t            <div class=\"text-container\">\n                <div class=\"content\">\n\t\t\t\t\t<h3>Voyagez facilement avec le Niedersachsen-Ticket<\/h3>\n<p>Explorez les 9 villes et l&rsquo;Autostadt avec jusqu&rsquo;\u00e0 cinq personnes. Le Niedersachsenticket est un ticket journalier pour les trains r\u00e9gionaux, les bus et les trains en Basse-Saxe. Il est id\u00e9al pour les excursions et les circuits dans les 9 villes. Utilisable \u00e0 partir de 9 heures en semaine et toute la journ\u00e9e le week-end. Disponible en ligne, aux distributeurs automatiques ou dans les centres de voyages DB.   <\/p>\n<p><a href=\"https:\/\/niedersachsenticket.de\/?https%3A%2F%2Fniedersachsenticket_de%2F%3Futm_source=Google&amp;utm_medium=Search&amp;utm_campaign=Google%20Ads%20Traffic&amp;mtm_campaign=Google%20Ads%20Traffic&amp;mtm_source=Google&amp;mtm_medium=Search&amp;gad_source=1&amp;gclid=CjwKCAiA5eC9BhAuEiwA3CKwQtRGEo0rwPLn3WlB1KjFrYOnb6bolHyeZTaHX5bVAYvEngZYTjEBeBoCoDQQAvD_BwE\">Plus d&rsquo;informations<\/a><\/p>\n                <\/div>\n            <\/div>\n\t\t    <\/div>\n<\/div>\n\n\n\n<div class=\"banner-wrapper is-info-card\">\n    <h2 class=\"headline\">\n        Se d\u00e9placer en camping-car    <\/h2>\n    <div class=\"banner-inner\">\n\t\t            <div class=\"img-container\">\n                <div class=\"img-wrapper\">\n                    <img decoding=\"async\" src=\"https:\/\/9staedte.de\/wp-content\/smush-webp\/2024\/06\/Einbeck-Wohnmobilstellplatz-\u00a9-Stadtwerke-Einbeck-1.jpg.webp\" alt=\"Einbeck-Wohnmobilstellplatz-\u00a9-Stadtwerke-Einbeck-1\"\/>\n\t\t\t\t\t                        <div class=\"thumbnail-label\">\n                            <span>Einbeck-Wohnmobilstellplatz-\u00a9-Stadtwerke-Einbeck-1<\/span>\n                        <\/div>\n\t\t\t\t\t                <\/div>\n            <\/div>\n\t\t\t\t            <div class=\"text-container\">\n                <div class=\"content\">\n\t\t\t\t\t<h3 data-start=\"105\" data-end=\"162\">En camping-car \u00e0 travers les 9 villes de Basse-Saxe<\/h3>\n<p class=\"\" data-start=\"164\" data-end=\"947\">Un voyage en camping-car \u00e0 travers les 9 villes de Basse-Saxe est une v\u00e9ritable exp\u00e9rience pour les amateurs de culture et de ville. Gr\u00e2ce \u00e0 des aires de stationnement bien am\u00e9nag\u00e9es, des infrastructures modernes et des trajets courts, vous pouvez parfaitement explorer les villes \u00e0 votre propre rythme. En chemin, vous d\u00e9couvrirez de magnifiques vieilles villes, des sp\u00e9cialit\u00e9s culinaires, des mus\u00e9es passionnants et des zones pi\u00e9tonnes accueillantes &#8211; l&rsquo;id\u00e9al pour un circuit flexible et confortable en camping-car.  <\/p>\n<p data-start=\"164\" data-end=\"947\"><a href=\"https:\/\/9staedte.de\/fr\/mit-dem-wohnmobil-in-die-9-staedte\/\">Plus d&rsquo;informations<\/a><\/p>\n                <\/div>\n            <\/div>\n\t\t    <\/div>\n<\/div>\n\n\n<p><\/p>\n","protected":false},"excerpt":{"rendered":"<p>De ville en ville \u00e0 v\u00e9lo Que ce soit un grand circuit ou des \u00e9tapes r\u00e9gionales, d\u00e9couvrez les 9 villes et la ville de l&rsquo;automobile \u00e0 votre rythme et \u00e0 votre go\u00fbt ! Des sites historiques, de charmantes vieilles villes et des d\u00e9lices culinaires vous attendent. Nous vous recommandons vivement de faire un d\u00e9tour par [&hellip;]<\/p>\n","protected":false},"author":10,"featured_media":24966,"parent":0,"menu_order":0,"comment_status":"closed","ping_status":"closed","template":"","meta":{"_acf_changed":false,"footnotes":""},"categories":[],"tags":[],"ncap_cities_tax":[],"class_list":["post-25216","page","type-page","status-publish","has-post-thumbnail","hentry"],"acf":[],"yoast_head":"<!-- This site is optimized with the Yoast SEO plugin v27.4 - https:\/\/yoast.com\/product\/yoast-seo-wordpress\/ -->\n<title>En route \u00e0 travers les 9 villes - 9 St\u00e4dte in Niedersachsen<\/title>\n<meta name=\"robots\" content=\"index, follow, max-snippet:-1, max-image-preview:large, max-video-preview:-1\" \/>\n<link rel=\"canonical\" href=\"https:\/\/9staedte.de\/fr\/unterwegs-durch-die-9-staedte\/\" \/>\n<meta property=\"og:locale\" content=\"fr_FR\" \/>\n<meta property=\"og:type\" content=\"article\" \/>\n<meta property=\"og:title\" content=\"En route \u00e0 travers les 9 villes - 9 St\u00e4dte in Niedersachsen\" \/>\n<meta property=\"og:description\" content=\"De ville en ville \u00e0 v\u00e9lo Que ce soit un grand circuit ou des \u00e9tapes r\u00e9gionales, d\u00e9couvrez les 9 villes et la ville de l&rsquo;automobile \u00e0 votre rythme et \u00e0 votre go\u00fbt ! Des sites historiques, de charmantes vieilles villes et des d\u00e9lices culinaires vous attendent. Nous vous recommandons vivement de faire un d\u00e9tour par [&hellip;]\" \/>\n<meta property=\"og:url\" content=\"https:\/\/9staedte.de\/fr\/unterwegs-durch-die-9-staedte\/\" \/>\n<meta property=\"og:site_name\" content=\"9 St\u00e4dte in Niedersachsen\" \/>\n<meta property=\"article:modified_time\" content=\"2025-04-10T07:40:06+00:00\" \/>\n<meta property=\"og:image\" content=\"https:\/\/9staedte.de\/wp-content\/uploads\/2025\/03\/Radfahren-in-Hannover_Lars-Gerhardts-75-scaled.jpg\" \/>\n\t<meta property=\"og:image:width\" content=\"1200\" \/>\n\t<meta property=\"og:image:height\" content=\"870\" \/>\n\t<meta property=\"og:image:type\" content=\"image\/jpeg\" \/>\n<meta name=\"twitter:card\" content=\"summary_large_image\" \/>\n<meta name=\"twitter:label1\" content=\"Dur\u00e9e de lecture estim\u00e9e\" \/>\n\t<meta name=\"twitter:data1\" content=\"1 minute\" \/>\n<script type=\"application\/ld+json\" class=\"yoast-schema-graph\">{\"@context\":\"https:\\\/\\\/schema.org\",\"@graph\":[{\"@type\":\"WebPage\",\"@id\":\"https:\\\/\\\/9staedte.de\\\/fr\\\/unterwegs-durch-die-9-staedte\\\/\",\"url\":\"https:\\\/\\\/9staedte.de\\\/fr\\\/unterwegs-durch-die-9-staedte\\\/\",\"name\":\"En route \u00e0 travers les 9 villes - 9 St\u00e4dte in Niedersachsen\",\"isPartOf\":{\"@id\":\"https:\\\/\\\/9staedte.de\\\/fr\\\/#website\"},\"primaryImageOfPage\":{\"@id\":\"https:\\\/\\\/9staedte.de\\\/fr\\\/unterwegs-durch-die-9-staedte\\\/#primaryimage\"},\"image\":{\"@id\":\"https:\\\/\\\/9staedte.de\\\/fr\\\/unterwegs-durch-die-9-staedte\\\/#primaryimage\"},\"thumbnailUrl\":\"https:\\\/\\\/9staedte.de\\\/wp-content\\\/uploads\\\/2025\\\/03\\\/Radfahren-in-Hannover_Lars-Gerhardts-75-scaled.jpg\",\"datePublished\":\"2025-04-10T06:59:35+00:00\",\"dateModified\":\"2025-04-10T07:40:06+00:00\",\"breadcrumb\":{\"@id\":\"https:\\\/\\\/9staedte.de\\\/fr\\\/unterwegs-durch-die-9-staedte\\\/#breadcrumb\"},\"inLanguage\":\"fr-FR\",\"potentialAction\":[{\"@type\":\"ReadAction\",\"target\":[\"https:\\\/\\\/9staedte.de\\\/fr\\\/unterwegs-durch-die-9-staedte\\\/\"]}]},{\"@type\":\"ImageObject\",\"inLanguage\":\"fr-FR\",\"@id\":\"https:\\\/\\\/9staedte.de\\\/fr\\\/unterwegs-durch-die-9-staedte\\\/#primaryimage\",\"url\":\"https:\\\/\\\/9staedte.de\\\/wp-content\\\/uploads\\\/2025\\\/03\\\/Radfahren-in-Hannover_Lars-Gerhardts-75-scaled.jpg\",\"contentUrl\":\"https:\\\/\\\/9staedte.de\\\/wp-content\\\/uploads\\\/2025\\\/03\\\/Radfahren-in-Hannover_Lars-Gerhardts-75-scaled.jpg\",\"width\":1200,\"height\":870,\"caption\":\"Radfahren in Hannover_Lars Gerhardts (75)\"},{\"@type\":\"BreadcrumbList\",\"@id\":\"https:\\\/\\\/9staedte.de\\\/fr\\\/unterwegs-durch-die-9-staedte\\\/#breadcrumb\",\"itemListElement\":[{\"@type\":\"ListItem\",\"position\":1,\"name\":\"Startseite\",\"item\":\"https:\\\/\\\/9staedte.de\\\/fr\\\/\"},{\"@type\":\"ListItem\",\"position\":2,\"name\":\"En route \u00e0 travers les 9 villes\"}]},{\"@type\":\"WebSite\",\"@id\":\"https:\\\/\\\/9staedte.de\\\/fr\\\/#website\",\"url\":\"https:\\\/\\\/9staedte.de\\\/fr\\\/\",\"name\":\"9 St\u00e4dte in Niedersachsen\",\"description\":\"\",\"publisher\":{\"@id\":\"https:\\\/\\\/9staedte.de\\\/fr\\\/#organization\"},\"potentialAction\":[{\"@type\":\"SearchAction\",\"target\":{\"@type\":\"EntryPoint\",\"urlTemplate\":\"https:\\\/\\\/9staedte.de\\\/fr\\\/?s={search_term_string}\"},\"query-input\":{\"@type\":\"PropertyValueSpecification\",\"valueRequired\":true,\"valueName\":\"search_term_string\"}}],\"inLanguage\":\"fr-FR\"},{\"@type\":\"Organization\",\"@id\":\"https:\\\/\\\/9staedte.de\\\/fr\\\/#organization\",\"name\":\"9 St\u00e4dte in Niedersachsen\",\"url\":\"https:\\\/\\\/9staedte.de\\\/fr\\\/\",\"logo\":{\"@type\":\"ImageObject\",\"inLanguage\":\"fr-FR\",\"@id\":\"https:\\\/\\\/9staedte.de\\\/fr\\\/#\\\/schema\\\/logo\\\/image\\\/\",\"url\":\"https:\\\/\\\/9staedte.de\\\/wp-content\\\/uploads\\\/2025\\\/01\\\/9-neg-deutsch-2-1.png\",\"contentUrl\":\"https:\\\/\\\/9staedte.de\\\/wp-content\\\/uploads\\\/2025\\\/01\\\/9-neg-deutsch-2-1.png\",\"width\":190,\"height\":114,\"caption\":\"9 St\u00e4dte in Niedersachsen\"},\"image\":{\"@id\":\"https:\\\/\\\/9staedte.de\\\/fr\\\/#\\\/schema\\\/logo\\\/image\\\/\"}}]}<\/script>\n<!-- \/ Yoast SEO plugin. -->","yoast_head_json":{"title":"En route \u00e0 travers les 9 villes - 9 St\u00e4dte in Niedersachsen","robots":{"index":"index","follow":"follow","max-snippet":"max-snippet:-1","max-image-preview":"max-image-preview:large","max-video-preview":"max-video-preview:-1"},"canonical":"https:\/\/9staedte.de\/fr\/unterwegs-durch-die-9-staedte\/","og_locale":"fr_FR","og_type":"article","og_title":"En route \u00e0 travers les 9 villes - 9 St\u00e4dte in Niedersachsen","og_description":"De ville en ville \u00e0 v\u00e9lo Que ce soit un grand circuit ou des \u00e9tapes r\u00e9gionales, d\u00e9couvrez les 9 villes et la ville de l&rsquo;automobile \u00e0 votre rythme et \u00e0 votre go\u00fbt ! Des sites historiques, de charmantes vieilles villes et des d\u00e9lices culinaires vous attendent. Nous vous recommandons vivement de faire un d\u00e9tour par [&hellip;]","og_url":"https:\/\/9staedte.de\/fr\/unterwegs-durch-die-9-staedte\/","og_site_name":"9 St\u00e4dte in Niedersachsen","article_modified_time":"2025-04-10T07:40:06+00:00","og_image":[{"width":1200,"height":870,"url":"https:\/\/9staedte.de\/wp-content\/uploads\/2025\/03\/Radfahren-in-Hannover_Lars-Gerhardts-75-scaled.jpg","type":"image\/jpeg"}],"twitter_card":"summary_large_image","twitter_misc":{"Dur\u00e9e de lecture estim\u00e9e":"1 minute"},"schema":{"@context":"https:\/\/schema.org","@graph":[{"@type":"WebPage","@id":"https:\/\/9staedte.de\/fr\/unterwegs-durch-die-9-staedte\/","url":"https:\/\/9staedte.de\/fr\/unterwegs-durch-die-9-staedte\/","name":"En route \u00e0 travers les 9 villes - 9 St\u00e4dte in Niedersachsen","isPartOf":{"@id":"https:\/\/9staedte.de\/fr\/#website"},"primaryImageOfPage":{"@id":"https:\/\/9staedte.de\/fr\/unterwegs-durch-die-9-staedte\/#primaryimage"},"image":{"@id":"https:\/\/9staedte.de\/fr\/unterwegs-durch-die-9-staedte\/#primaryimage"},"thumbnailUrl":"https:\/\/9staedte.de\/wp-content\/uploads\/2025\/03\/Radfahren-in-Hannover_Lars-Gerhardts-75-scaled.jpg","datePublished":"2025-04-10T06:59:35+00:00","dateModified":"2025-04-10T07:40:06+00:00","breadcrumb":{"@id":"https:\/\/9staedte.de\/fr\/unterwegs-durch-die-9-staedte\/#breadcrumb"},"inLanguage":"fr-FR","potentialAction":[{"@type":"ReadAction","target":["https:\/\/9staedte.de\/fr\/unterwegs-durch-die-9-staedte\/"]}]},{"@type":"ImageObject","inLanguage":"fr-FR","@id":"https:\/\/9staedte.de\/fr\/unterwegs-durch-die-9-staedte\/#primaryimage","url":"https:\/\/9staedte.de\/wp-content\/uploads\/2025\/03\/Radfahren-in-Hannover_Lars-Gerhardts-75-scaled.jpg","contentUrl":"https:\/\/9staedte.de\/wp-content\/uploads\/2025\/03\/Radfahren-in-Hannover_Lars-Gerhardts-75-scaled.jpg","width":1200,"height":870,"caption":"Radfahren in Hannover_Lars Gerhardts (75)"},{"@type":"BreadcrumbList","@id":"https:\/\/9staedte.de\/fr\/unterwegs-durch-die-9-staedte\/#breadcrumb","itemListElement":[{"@type":"ListItem","position":1,"name":"Startseite","item":"https:\/\/9staedte.de\/fr\/"},{"@type":"ListItem","position":2,"name":"En route \u00e0 travers les 9 villes"}]},{"@type":"WebSite","@id":"https:\/\/9staedte.de\/fr\/#website","url":"https:\/\/9staedte.de\/fr\/","name":"9 St\u00e4dte in Niedersachsen","description":"","publisher":{"@id":"https:\/\/9staedte.de\/fr\/#organization"},"potentialAction":[{"@type":"SearchAction","target":{"@type":"EntryPoint","urlTemplate":"https:\/\/9staedte.de\/fr\/?s={search_term_string}"},"query-input":{"@type":"PropertyValueSpecification","valueRequired":true,"valueName":"search_term_string"}}],"inLanguage":"fr-FR"},{"@type":"Organization","@id":"https:\/\/9staedte.de\/fr\/#organization","name":"9 St\u00e4dte in Niedersachsen","url":"https:\/\/9staedte.de\/fr\/","logo":{"@type":"ImageObject","inLanguage":"fr-FR","@id":"https:\/\/9staedte.de\/fr\/#\/schema\/logo\/image\/","url":"https:\/\/9staedte.de\/wp-content\/uploads\/2025\/01\/9-neg-deutsch-2-1.png","contentUrl":"https:\/\/9staedte.de\/wp-content\/uploads\/2025\/01\/9-neg-deutsch-2-1.png","width":190,"height":114,"caption":"9 St\u00e4dte in Niedersachsen"},"image":{"@id":"https:\/\/9staedte.de\/fr\/#\/schema\/logo\/image\/"}}]}},"_links":{"self":[{"href":"https:\/\/9staedte.de\/fr\/wp-json\/wp\/v2\/pages\/25216","targetHints":{"allow":["GET"]}}],"collection":[{"href":"https:\/\/9staedte.de\/fr\/wp-json\/wp\/v2\/pages"}],"about":[{"href":"https:\/\/9staedte.de\/fr\/wp-json\/wp\/v2\/types\/page"}],"author":[{"embeddable":true,"href":"https:\/\/9staedte.de\/fr\/wp-json\/wp\/v2\/users\/10"}],"replies":[{"embeddable":true,"href":"https:\/\/9staedte.de\/fr\/wp-json\/wp\/v2\/comments?post=25216"}],"version-history":[{"count":2,"href":"https:\/\/9staedte.de\/fr\/wp-json\/wp\/v2\/pages\/25216\/revisions"}],"predecessor-version":[{"id":25227,"href":"https:\/\/9staedte.de\/fr\/wp-json\/wp\/v2\/pages\/25216\/revisions\/25227"}],"wp:featuredmedia":[{"embeddable":true,"href":"https:\/\/9staedte.de\/fr\/wp-json\/wp\/v2\/media\/24966"}],"wp:attachment":[{"href":"https:\/\/9staedte.de\/fr\/wp-json\/wp\/v2\/media?parent=25216"}],"wp:term":[{"taxonomy":"category","embeddable":true,"href":"https:\/\/9staedte.de\/fr\/wp-json\/wp\/v2\/categories?post=25216"},{"taxonomy":"post_tag","embeddable":true,"href":"https:\/\/9staedte.de\/fr\/wp-json\/wp\/v2\/tags?post=25216"},{"taxonomy":"ncap_cities_tax","embeddable":true,"href":"https:\/\/9staedte.de\/fr\/wp-json\/wp\/v2\/ncap_cities_tax?post=25216"}],"curies":[{"name":"wp","href":"https:\/\/api.w.org\/{rel}","templated":true}]}}