{"id":23044,"date":"2024-07-08T13:13:57","date_gmt":"2024-07-08T11:13:57","guid":{"rendered":"https:\/\/9staedte.de\/wohnmobilstellplatz-celle\/"},"modified":"2025-05-08T15:10:58","modified_gmt":"2025-05-08T13:10:58","slug":"wohnmobilstellplatz-celle","status":"publish","type":"page","link":"https:\/\/9staedte.de\/fr\/celle-une-charmante-ville-residentielle\/wohnmobilstellplatz-celle\/","title":{"rendered":"Aire de camping-car Celle"},"content":{"rendered":"\n<h2 class=\"wp-block-heading\">En camping-car \u00e0 Celle<\/h2>\n\n<p>La vieille ville pittoresque et le parc aquatique accueillant ne peuvent pas \u00eatre plus proches : En choisissant l&#8217;emplacement de son camping, la ville de Celle a mis dans le mille. Le design attrayant et l&rsquo;\u00e9quipement confortable font battre le c\u0153ur des campeurs.<\/p>\n\n<p><strong>EMPLACEMENT ET ENVIRONNEMENT<\/strong><\/p>\n\n<p>Aire de camping-car moderne pouvant accueillir 45 mobile homes, situ\u00e9e juste \u00e0 c\u00f4t\u00e9 du parc aquatique de Celle, \u00e0 5-10 minutes \u00e0 pied de la vieille ville avec plus de 500 maisons \u00e0 colombages, du ch\u00e2teau et de la zone pi\u00e9tonne. Situation calme \u00e0 l&rsquo;\u00e9cart des routes principales. Isol\u00e9 des bruits de la rue par un mini-golf situ\u00e9 \u00e0 l&rsquo;avant, bord\u00e9 sur le c\u00f4t\u00e9 et \u00e0 l&rsquo;arri\u00e8re par un terrain de sport, des prairies libres et la petite rivi\u00e8re Fuhse. Des all\u00e9es larges et bien stabilis\u00e9es, des parcelles presque plates et stabilis\u00e9es par des dalles de gazon, g\u00e9n\u00e9ralement de 5 x 10 m\u00e8tres, avec une bande verte adjacente \u00e0 l&rsquo;avant. 8 grandes parcelles \u00e9galement adapt\u00e9es aux liners.<\/p>\n\n<p>Chiens : bienvenus, mais doivent \u00eatre tenus en laisse. Saison : Ouvert toute l&rsquo;ann\u00e9e.<\/p>\n\n<p><strong>\u00c9QUIPEMENTS ET SERVICES<\/strong><\/p>\n\n<p>Enregistrement dans un terminal multilingue. Informations touristiques et service de petits pains dans le nouveau bureau de l&#8217;emplacement situ\u00e9 dans une aile lat\u00e9rale du b\u00e2timent sanitaire (ouvert de 8h \u00e0 13h, de 15h \u00e0 18h). Maison de service accessible aux personnes handicap\u00e9es avec toilettes, douches, machine \u00e0 laver, s\u00e8che-linge et espace vaisselle. Des prises \u00e9lectriques sont disponibles sur les 45 parcelles, ainsi qu&rsquo;une zone de service s\u00e9par\u00e9e avec une colonne d&rsquo;eau fra\u00eeche, une vidange de cassette et une entr\u00e9e au sol pour les eaux grises. Barbecue, collecte des d\u00e9chets disponible, Wi-Fi gratuit disponible. Echange de bouteilles de gaz, webcam et newsletter via la page d&rsquo;accueil de l&#8217;emplacement, r\u00e9servations possibles.<\/p>\n\n<div class=\"wp-block-media-text is-stacked-on-mobile\"><figure class=\"wp-block-media-text__media\"><img loading=\"lazy\" decoding=\"async\" width=\"1020\" height=\"560\" src=\"https:\/\/9staedte.de\/wp-content\/smush-webp\/2023\/02\/Celle-Huths-kaffee-c-Celle-Tourismus-und-Marketing-GmbH.jpg.webp\" alt=\"Celle-Huths-kaffee c) Celle Tourismus und Marketing GmbH\" class=\"wp-image-3584 size-full\" srcset=\"https:\/\/9staedte.de\/wp-content\/smush-webp\/2023\/02\/Celle-Huths-kaffee-c-Celle-Tourismus-und-Marketing-GmbH.jpg.webp 1020w, https:\/\/9staedte.de\/wp-content\/smush-webp\/2023\/02\/Celle-Huths-kaffee-c-Celle-Tourismus-und-Marketing-GmbH-300x165.jpg.webp 300w, https:\/\/9staedte.de\/wp-content\/smush-webp\/2023\/02\/Celle-Huths-kaffee-c-Celle-Tourismus-und-Marketing-GmbH-768x422.jpg.webp 768w\" sizes=\"auto, (max-width: 1020px) 100vw, 1020px\" \/><\/figure><div class=\"wp-block-media-text__content\">\n<p><strong>9 conseils pour les voyageurs en camping-car \u00e0 Celle<\/strong><\/p>\n\n\n\n<ul class=\"wp-block-list\">\n<li>Visite guid\u00e9e publique de la ville<\/li>\n\n\n\n<li>Ch\u00e2teau de Celle \/ Mus\u00e9e de la R\u00e9sidence<\/li>\n\n\n\n<li>Guide TimeRide<\/li>\n\n\n\n<li>Mus\u00e9e Bomann\/Mus\u00e9e d&rsquo;art<\/li>\n\n\n\n<li>Maison Hoppener \/ Maison Stechinelli \/ \u00c0 la Sainte-Croix<\/li>\n\n\n\n<li>Piste de piquage et Kalandgasse<\/li>\n\n\n\n<li>\u00c9glise municipale de Sainte-Marie \/ Ascension de la tour<\/li>\n\n\n\n<li>Th\u00e9\u00e2tre baroque du ch\u00e2teau de Celle<\/li>\n\n\n\n<li>Mus\u00e9e Haesler<\/li>\n<\/ul>\n<\/div><\/div>\n\n<p><strong>FRAIS ET CHARGES<\/strong><\/p>\n\n<p>15 euros par mobile et 24 heures incluses de toutes les personnes et le Wi-Fi. \u00c9lectricit\u00e9 : 0,70 euro par kWh, eau douce : 1 euro\/80 litres.<\/p>\n\n<p>Paiement sans esp\u00e8ces au terminal d&rsquo;enregistrement par carte EC ou carte de cr\u00e9dit. Petits pains en esp\u00e8ces aupr\u00e8s de l&rsquo;\u00e9quipe de l&#8217;emplacement.<\/p>\n\n<p>INFORMATION ET INTERNET<\/p>\n\n<p>Aire de Camping-car Am Badeland<br\/>36, rue 77<br\/>29221 Celle<br\/>T : 0 51 41\/ 9 51 93 88<br\/>E : <a href=\"mailto:info@womo-celle.de\">info@womo-celle.de<\/a><br\/><a href=\"http:\/\/www.momo-celle.de\">www.womo-celle.de<\/a><\/p>\n\n <div class=\"brlbs-cmpnt-container brlbs-cmpnt-content-blocker brlbs-cmpnt-with-individual-styles\" data-borlabs-cookie-content-blocker-id=\"google-maps\" data-borlabs-cookie-content=\"PGlmcmFtZSBzcmM9Imh0dHBzOi8vd3d3Lmdvb2dsZS5jb20vbWFwcy9kL2VtYmVkP21pZD0xYXpwWWxZQWxINVNTVHlGXy14UDdTZFpNb1pPdWpWayZlaGJjPTJFMzEyRiIgd2lkdGg9IjY0MCIgaGVpZ2h0PSI0ODAiPjwvaWZyYW1lPg==\"><div class=\"brlbs-cmpnt-cb-preset-b brlbs-cmpnt-cb-google-maps\"> <div class=\"brlbs-cmpnt-cb-thumbnail\" style=\"background-image: url('https:\/\/9staedte.de\/wp-content\/uploads\/borlabs-cookie\/1\/brlbs-cb-google-maps-main.png')\"><\/div> <div class=\"brlbs-cmpnt-cb-main\"> <div class=\"brlbs-cmpnt-cb-content\"> <p class=\"brlbs-cmpnt-cb-description\">Vous \u00eates actuellement en train de consulter le contenu d&rsquo;un espace r\u00e9serv\u00e9 de <strong>Google Maps<\/strong>. Pour acc\u00e9der au contenu r\u00e9el, cliquez sur le bouton ci-dessous. Veuillez noter que ce faisant, des donn\u00e9es seront partag\u00e9es avec des providers tiers.<\/p> <a class=\"brlbs-cmpnt-cb-provider-toggle\" href=\"#\" data-borlabs-cookie-show-provider-information role=\"button\">Plus d&rsquo;informations<\/a> <\/div> <div class=\"brlbs-cmpnt-cb-buttons\"> <a class=\"brlbs-cmpnt-cb-btn\" href=\"#\" data-borlabs-cookie-unblock role=\"button\">D\u00e9bloquer le contenu<\/a> <a class=\"brlbs-cmpnt-cb-btn\" href=\"#\" data-borlabs-cookie-accept-service role=\"button\" style=\"display: inherit\">Accepter le service requis et d\u00e9bloquer le contenu<\/a> <\/div> <\/div> <\/div><\/div>\n","protected":false},"excerpt":{"rendered":"<p>En camping-car \u00e0 Celle La vieille ville pittoresque et le parc aquatique accueillant ne peuvent pas \u00eatre plus proches : En choisissant l&#8217;emplacement de son camping, la ville de Celle a mis dans le mille. Le design attrayant et l&rsquo;\u00e9quipement confortable font battre le c\u0153ur des campeurs. EMPLACEMENT ET ENVIRONNEMENT Aire de camping-car moderne pouvant [&hellip;]<\/p>\n","protected":false},"author":6,"featured_media":23030,"parent":18079,"menu_order":0,"comment_status":"closed","ping_status":"closed","template":"pagetemplates\/template-stadtthema.php","meta":{"_acf_changed":false,"footnotes":""},"categories":[],"tags":[],"ncap_cities_tax":[429,1401],"class_list":["post-23044","page","type-page","status-publish","has-post-thumbnail","hentry","ncap_cities_tax-celle-fr","ncap_cities_tax-reisemobilstellplatze-celle-fr"],"acf":[],"yoast_head":"<!-- This site is optimized with the Yoast SEO plugin v26.8 - https:\/\/yoast.com\/product\/yoast-seo-wordpress\/ -->\n<title>Aire de camping-car Celle - 9 St\u00e4dte in Niedersachsen<\/title>\n<meta name=\"description\" content=\"Aire de Camping-car Celle. Informations pour votre voyage en camping-car dans la charmante ville r\u00e9sidentielle et \u00e0 colombages de Celle.\" \/>\n<meta name=\"robots\" content=\"index, follow, max-snippet:-1, max-image-preview:large, max-video-preview:-1\" \/>\n<link rel=\"canonical\" href=\"https:\/\/9staedte.de\/fr\/celle-une-charmante-ville-residentielle\/wohnmobilstellplatz-celle\/\" \/>\n<meta property=\"og:locale\" content=\"fr_FR\" \/>\n<meta property=\"og:type\" content=\"article\" \/>\n<meta property=\"og:title\" content=\"Aire de camping-car Celle - 9 St\u00e4dte in Niedersachsen\" \/>\n<meta property=\"og:description\" content=\"Aire de Camping-car Celle. Informations pour votre voyage en camping-car dans la charmante ville r\u00e9sidentielle et \u00e0 colombages de Celle.\" \/>\n<meta property=\"og:url\" content=\"https:\/\/9staedte.de\/fr\/celle-une-charmante-ville-residentielle\/wohnmobilstellplatz-celle\/\" \/>\n<meta property=\"og:site_name\" content=\"9 St\u00e4dte in Niedersachsen\" \/>\n<meta property=\"article:modified_time\" content=\"2025-05-08T13:10:58+00:00\" \/>\n<meta property=\"og:image\" content=\"https:\/\/9staedte.de\/wp-content\/uploads\/2024\/07\/Wohnmobilstellplatz-Celle-Luftbild-c-Celle-Tourismus.jpg\" \/>\n\t<meta property=\"og:image:width\" content=\"1020\" \/>\n\t<meta property=\"og:image:height\" content=\"560\" \/>\n\t<meta property=\"og:image:type\" content=\"image\/jpeg\" \/>\n<meta name=\"twitter:card\" content=\"summary_large_image\" \/>\n<meta name=\"twitter:label1\" content=\"Dur\u00e9e de lecture estim\u00e9e\" \/>\n\t<meta name=\"twitter:data1\" content=\"3 minutes\" \/>\n<script type=\"application\/ld+json\" class=\"yoast-schema-graph\">{\"@context\":\"https:\/\/schema.org\",\"@graph\":[{\"@type\":\"WebPage\",\"@id\":\"https:\/\/9staedte.de\/fr\/celle-une-charmante-ville-residentielle\/wohnmobilstellplatz-celle\/\",\"url\":\"https:\/\/9staedte.de\/fr\/celle-une-charmante-ville-residentielle\/wohnmobilstellplatz-celle\/\",\"name\":\"Aire de camping-car Celle - 9 St\u00e4dte in Niedersachsen\",\"isPartOf\":{\"@id\":\"https:\/\/9staedte.de\/fr\/#website\"},\"primaryImageOfPage\":{\"@id\":\"https:\/\/9staedte.de\/fr\/celle-une-charmante-ville-residentielle\/wohnmobilstellplatz-celle\/#primaryimage\"},\"image\":{\"@id\":\"https:\/\/9staedte.de\/fr\/celle-une-charmante-ville-residentielle\/wohnmobilstellplatz-celle\/#primaryimage\"},\"thumbnailUrl\":\"https:\/\/9staedte.de\/wp-content\/uploads\/2024\/07\/Wohnmobilstellplatz-Celle-Luftbild-c-Celle-Tourismus.jpg\",\"datePublished\":\"2024-07-08T11:13:57+00:00\",\"dateModified\":\"2025-05-08T13:10:58+00:00\",\"description\":\"Aire de Camping-car Celle. Informations pour votre voyage en camping-car dans la charmante ville r\u00e9sidentielle et \u00e0 colombages de Celle.\",\"breadcrumb\":{\"@id\":\"https:\/\/9staedte.de\/fr\/celle-une-charmante-ville-residentielle\/wohnmobilstellplatz-celle\/#breadcrumb\"},\"inLanguage\":\"fr-FR\",\"potentialAction\":[{\"@type\":\"ReadAction\",\"target\":[\"https:\/\/9staedte.de\/fr\/celle-une-charmante-ville-residentielle\/wohnmobilstellplatz-celle\/\"]}]},{\"@type\":\"ImageObject\",\"inLanguage\":\"fr-FR\",\"@id\":\"https:\/\/9staedte.de\/fr\/celle-une-charmante-ville-residentielle\/wohnmobilstellplatz-celle\/#primaryimage\",\"url\":\"https:\/\/9staedte.de\/wp-content\/uploads\/2024\/07\/Wohnmobilstellplatz-Celle-Luftbild-c-Celle-Tourismus.jpg\",\"contentUrl\":\"https:\/\/9staedte.de\/wp-content\/uploads\/2024\/07\/Wohnmobilstellplatz-Celle-Luftbild-c-Celle-Tourismus.jpg\",\"width\":1020,\"height\":560,\"caption\":\"Wohnmobilstellplatz Celle Luftbild c) Celle Tourismus\"},{\"@type\":\"BreadcrumbList\",\"@id\":\"https:\/\/9staedte.de\/fr\/celle-une-charmante-ville-residentielle\/wohnmobilstellplatz-celle\/#breadcrumb\",\"itemListElement\":[{\"@type\":\"ListItem\",\"position\":1,\"name\":\"Startseite\",\"item\":\"https:\/\/9staedte.de\/fr\/\"},{\"@type\":\"ListItem\",\"position\":2,\"name\":\"Celle &#8211; une charmante ville r\u00e9sidentielle\",\"item\":\"https:\/\/9staedte.de\/fr\/celle-une-charmante-ville-residentielle\/\"},{\"@type\":\"ListItem\",\"position\":3,\"name\":\"Aire de camping-car Celle\"}]},{\"@type\":\"WebSite\",\"@id\":\"https:\/\/9staedte.de\/fr\/#website\",\"url\":\"https:\/\/9staedte.de\/fr\/\",\"name\":\"9 St\u00e4dte in Niedersachsen\",\"description\":\"\",\"publisher\":{\"@id\":\"https:\/\/9staedte.de\/fr\/#organization\"},\"potentialAction\":[{\"@type\":\"SearchAction\",\"target\":{\"@type\":\"EntryPoint\",\"urlTemplate\":\"https:\/\/9staedte.de\/fr\/?s={search_term_string}\"},\"query-input\":{\"@type\":\"PropertyValueSpecification\",\"valueRequired\":true,\"valueName\":\"search_term_string\"}}],\"inLanguage\":\"fr-FR\"},{\"@type\":\"Organization\",\"@id\":\"https:\/\/9staedte.de\/fr\/#organization\",\"name\":\"9 St\u00e4dte in Niedersachsen\",\"url\":\"https:\/\/9staedte.de\/fr\/\",\"logo\":{\"@type\":\"ImageObject\",\"inLanguage\":\"fr-FR\",\"@id\":\"https:\/\/9staedte.de\/fr\/#\/schema\/logo\/image\/\",\"url\":\"https:\/\/9staedte.de\/wp-content\/uploads\/2025\/01\/9-neg-deutsch-2-1.png\",\"contentUrl\":\"https:\/\/9staedte.de\/wp-content\/uploads\/2025\/01\/9-neg-deutsch-2-1.png\",\"width\":190,\"height\":114,\"caption\":\"9 St\u00e4dte in Niedersachsen\"},\"image\":{\"@id\":\"https:\/\/9staedte.de\/fr\/#\/schema\/logo\/image\/\"}}]}<\/script>\n<!-- \/ Yoast SEO plugin. -->","yoast_head_json":{"title":"Aire de camping-car Celle - 9 St\u00e4dte in Niedersachsen","description":"Aire de Camping-car Celle. Informations pour votre voyage en camping-car dans la charmante ville r\u00e9sidentielle et \u00e0 colombages de Celle.","robots":{"index":"index","follow":"follow","max-snippet":"max-snippet:-1","max-image-preview":"max-image-preview:large","max-video-preview":"max-video-preview:-1"},"canonical":"https:\/\/9staedte.de\/fr\/celle-une-charmante-ville-residentielle\/wohnmobilstellplatz-celle\/","og_locale":"fr_FR","og_type":"article","og_title":"Aire de camping-car Celle - 9 St\u00e4dte in Niedersachsen","og_description":"Aire de Camping-car Celle. Informations pour votre voyage en camping-car dans la charmante ville r\u00e9sidentielle et \u00e0 colombages de Celle.","og_url":"https:\/\/9staedte.de\/fr\/celle-une-charmante-ville-residentielle\/wohnmobilstellplatz-celle\/","og_site_name":"9 St\u00e4dte in Niedersachsen","article_modified_time":"2025-05-08T13:10:58+00:00","og_image":[{"width":1020,"height":560,"url":"https:\/\/9staedte.de\/wp-content\/uploads\/2024\/07\/Wohnmobilstellplatz-Celle-Luftbild-c-Celle-Tourismus.jpg","type":"image\/jpeg"}],"twitter_card":"summary_large_image","twitter_misc":{"Dur\u00e9e de lecture estim\u00e9e":"3 minutes"},"schema":{"@context":"https:\/\/schema.org","@graph":[{"@type":"WebPage","@id":"https:\/\/9staedte.de\/fr\/celle-une-charmante-ville-residentielle\/wohnmobilstellplatz-celle\/","url":"https:\/\/9staedte.de\/fr\/celle-une-charmante-ville-residentielle\/wohnmobilstellplatz-celle\/","name":"Aire de camping-car Celle - 9 St\u00e4dte in Niedersachsen","isPartOf":{"@id":"https:\/\/9staedte.de\/fr\/#website"},"primaryImageOfPage":{"@id":"https:\/\/9staedte.de\/fr\/celle-une-charmante-ville-residentielle\/wohnmobilstellplatz-celle\/#primaryimage"},"image":{"@id":"https:\/\/9staedte.de\/fr\/celle-une-charmante-ville-residentielle\/wohnmobilstellplatz-celle\/#primaryimage"},"thumbnailUrl":"https:\/\/9staedte.de\/wp-content\/uploads\/2024\/07\/Wohnmobilstellplatz-Celle-Luftbild-c-Celle-Tourismus.jpg","datePublished":"2024-07-08T11:13:57+00:00","dateModified":"2025-05-08T13:10:58+00:00","description":"Aire de Camping-car Celle. Informations pour votre voyage en camping-car dans la charmante ville r\u00e9sidentielle et \u00e0 colombages de Celle.","breadcrumb":{"@id":"https:\/\/9staedte.de\/fr\/celle-une-charmante-ville-residentielle\/wohnmobilstellplatz-celle\/#breadcrumb"},"inLanguage":"fr-FR","potentialAction":[{"@type":"ReadAction","target":["https:\/\/9staedte.de\/fr\/celle-une-charmante-ville-residentielle\/wohnmobilstellplatz-celle\/"]}]},{"@type":"ImageObject","inLanguage":"fr-FR","@id":"https:\/\/9staedte.de\/fr\/celle-une-charmante-ville-residentielle\/wohnmobilstellplatz-celle\/#primaryimage","url":"https:\/\/9staedte.de\/wp-content\/uploads\/2024\/07\/Wohnmobilstellplatz-Celle-Luftbild-c-Celle-Tourismus.jpg","contentUrl":"https:\/\/9staedte.de\/wp-content\/uploads\/2024\/07\/Wohnmobilstellplatz-Celle-Luftbild-c-Celle-Tourismus.jpg","width":1020,"height":560,"caption":"Wohnmobilstellplatz Celle Luftbild c) Celle Tourismus"},{"@type":"BreadcrumbList","@id":"https:\/\/9staedte.de\/fr\/celle-une-charmante-ville-residentielle\/wohnmobilstellplatz-celle\/#breadcrumb","itemListElement":[{"@type":"ListItem","position":1,"name":"Startseite","item":"https:\/\/9staedte.de\/fr\/"},{"@type":"ListItem","position":2,"name":"Celle &#8211; une charmante ville r\u00e9sidentielle","item":"https:\/\/9staedte.de\/fr\/celle-une-charmante-ville-residentielle\/"},{"@type":"ListItem","position":3,"name":"Aire de camping-car Celle"}]},{"@type":"WebSite","@id":"https:\/\/9staedte.de\/fr\/#website","url":"https:\/\/9staedte.de\/fr\/","name":"9 St\u00e4dte in Niedersachsen","description":"","publisher":{"@id":"https:\/\/9staedte.de\/fr\/#organization"},"potentialAction":[{"@type":"SearchAction","target":{"@type":"EntryPoint","urlTemplate":"https:\/\/9staedte.de\/fr\/?s={search_term_string}"},"query-input":{"@type":"PropertyValueSpecification","valueRequired":true,"valueName":"search_term_string"}}],"inLanguage":"fr-FR"},{"@type":"Organization","@id":"https:\/\/9staedte.de\/fr\/#organization","name":"9 St\u00e4dte in Niedersachsen","url":"https:\/\/9staedte.de\/fr\/","logo":{"@type":"ImageObject","inLanguage":"fr-FR","@id":"https:\/\/9staedte.de\/fr\/#\/schema\/logo\/image\/","url":"https:\/\/9staedte.de\/wp-content\/uploads\/2025\/01\/9-neg-deutsch-2-1.png","contentUrl":"https:\/\/9staedte.de\/wp-content\/uploads\/2025\/01\/9-neg-deutsch-2-1.png","width":190,"height":114,"caption":"9 St\u00e4dte in Niedersachsen"},"image":{"@id":"https:\/\/9staedte.de\/fr\/#\/schema\/logo\/image\/"}}]}},"_links":{"self":[{"href":"https:\/\/9staedte.de\/fr\/wp-json\/wp\/v2\/pages\/23044","targetHints":{"allow":["GET"]}}],"collection":[{"href":"https:\/\/9staedte.de\/fr\/wp-json\/wp\/v2\/pages"}],"about":[{"href":"https:\/\/9staedte.de\/fr\/wp-json\/wp\/v2\/types\/page"}],"author":[{"embeddable":true,"href":"https:\/\/9staedte.de\/fr\/wp-json\/wp\/v2\/users\/6"}],"replies":[{"embeddable":true,"href":"https:\/\/9staedte.de\/fr\/wp-json\/wp\/v2\/comments?post=23044"}],"version-history":[{"count":3,"href":"https:\/\/9staedte.de\/fr\/wp-json\/wp\/v2\/pages\/23044\/revisions"}],"predecessor-version":[{"id":25422,"href":"https:\/\/9staedte.de\/fr\/wp-json\/wp\/v2\/pages\/23044\/revisions\/25422"}],"up":[{"embeddable":true,"href":"https:\/\/9staedte.de\/fr\/wp-json\/wp\/v2\/pages\/18079"}],"wp:featuredmedia":[{"embeddable":true,"href":"https:\/\/9staedte.de\/fr\/wp-json\/wp\/v2\/media\/23030"}],"wp:attachment":[{"href":"https:\/\/9staedte.de\/fr\/wp-json\/wp\/v2\/media?parent=23044"}],"wp:term":[{"taxonomy":"category","embeddable":true,"href":"https:\/\/9staedte.de\/fr\/wp-json\/wp\/v2\/categories?post=23044"},{"taxonomy":"post_tag","embeddable":true,"href":"https:\/\/9staedte.de\/fr\/wp-json\/wp\/v2\/tags?post=23044"},{"taxonomy":"ncap_cities_tax","embeddable":true,"href":"https:\/\/9staedte.de\/fr\/wp-json\/wp\/v2\/ncap_cities_tax?post=23044"}],"curies":[{"name":"wp","href":"https:\/\/api.w.org\/{rel}","templated":true}]}}