{"id":22980,"date":"2024-07-04T11:03:50","date_gmt":"2024-07-04T09:03:50","guid":{"rendered":"https:\/\/9staedte.de\/wohnmobilstellplaetze-in-braunschweig-2\/"},"modified":"2024-07-04T11:25:39","modified_gmt":"2024-07-04T09:25:39","slug":"wohnmobilstellplaetze-in-braunschweig-2","status":"publish","type":"page","link":"https:\/\/9staedte.de\/fr\/braunschweig-la-ville-du-lion\/wohnmobilstellplaetze-in-braunschweig-2\/","title":{"rendered":"Aires de stationnement \u00e0 Braunschweig"},"content":{"rendered":"\n<h2 class=\"wp-block-heading\">En camping-car \u00e0 Braunschweig<\/h2>\n\n<p>D\u00e9couvrir la ville du Lion de mani\u00e8re spontan\u00e9e, proche de la nature et mobile : Les aires de stationnement pour camping-cars proches du centre-ville invitent \u00e0 un s\u00e9jour vari\u00e9 \u00e0 Braunschweig. Avec ses courts trajets vers les sites touristiques, ses institutions culturelles comme le mus\u00e9e Herzog Anton Ulrich, sa multitude de manifestations, ses loisirs en pleine nature \u00e0 proximit\u00e9 du centre-ville et son histoire presque mill\u00e9naire, la ville du Lion est la destination id\u00e9ale pour un city-trip en camping-car. Braunschweig Stadtmarketing GmbH vous aidera volontiers \u00e0 planifier votre visite. Vous pouvez obtenir de plus amples informations sur la destination Brunswick <a href=\"http:\/\/www.braunschweig.de\/tourismus\">en ligne<\/a> ou aupr\u00e8s de l&rsquo;office de tourisme, Kleine Burg 14.<\/p>\n\n<figure class=\"wp-block-image size-full is-resized\"><img loading=\"lazy\" decoding=\"async\" width=\"1019\" height=\"561\" src=\"https:\/\/9staedte.de\/wp-content\/smush-webp\/2024\/07\/Braunschweig-Paddeln-auf-der-Oker-c-Braunschweig-Stadtmarketing-Daniel-Moeller.jpg.webp\" alt=\"\" class=\"wp-image-22966\" style=\"width:314px;height:auto\" srcset=\"https:\/\/9staedte.de\/wp-content\/smush-webp\/2024\/07\/Braunschweig-Paddeln-auf-der-Oker-c-Braunschweig-Stadtmarketing-Daniel-Moeller.jpg.webp 1019w, https:\/\/9staedte.de\/wp-content\/smush-webp\/2024\/07\/Braunschweig-Paddeln-auf-der-Oker-c-Braunschweig-Stadtmarketing-Daniel-Moeller-300x165.jpg.webp 300w, https:\/\/9staedte.de\/wp-content\/smush-webp\/2024\/07\/Braunschweig-Paddeln-auf-der-Oker-c-Braunschweig-Stadtmarketing-Daniel-Moeller-768x423.jpg.webp 768w\" sizes=\"auto, (max-width: 1019px) 100vw, 1019px\" \/><\/figure>\n\n<h3 class=\"wp-block-heading\"><strong>Conseils pour les voyageurs en camping-car \u00e0 Braunschweig<\/strong><\/h3>\n\n<ol class=\"wp-block-list\">\n<li>Des repr\u00e9sentations d&rsquo;op\u00e9ra directement sur le Lion de Braunschweig aux concerts en plein air et au sport international de haut niveau, il se passe toujours quelque chose \u00e0 Brunswick. Planifiez l&rsquo;un des nombreux \u00e9v\u00e9nements pendant vos vacances. Pour un aper\u00e7u et plus d&rsquo;informations, consultez le <a href=\"https:\/\/www.braunschweig.de\/kultur\/veranstaltungen\/index.php\">calendrier des \u00e9v\u00e9nements<\/a>.<\/li>\n\n\n\n<li>D\u00e9couvrez la culture \u00e0 Braunschweig : explorez des expositions de haut niveau et l&rsquo;art contemporain dans plus de dix mus\u00e9es et de nombreuses galeries, ou profitez du th\u00e9\u00e2tre, de l&rsquo;op\u00e9ra et de l&rsquo;op\u00e9rette, de la danse ou d&rsquo;un concert symphonique au Staatstheater ou sur l&rsquo;une des plus petites sc\u00e8nes.<\/li>\n\n\n\n<li>Vous obtiendrez des informations divertissantes sur la ville du Lion et son histoire vari\u00e9e, des Guelfes \u00e0 la Hanse, lors d&rsquo;une visite guid\u00e9e de la ville &#8211; que ce soit de mani\u00e8re classique, \u00e0 v\u00e9lo ou en compagnie du veilleur de nuit de Brunswick.<\/li>\n\n\n\n<li>Explorez la ville \u00e0 votre guise : diff\u00e9rents <a href=\"https:\/\/www.braunschweig.de\/tourismus\/rundgaenge\/index.php\">circuits<\/a> vous emm\u00e8nent dans les parcs de Brunswick, le long de la voie ferr\u00e9e circulaire historique ou dans le centre-ville. L&rsquo;application \u00ab\u00a0D\u00e9couvrez Braunschweig\u00a0\u00bb vous permet d&rsquo;obtenir des informations sur les attractions touristiques, les aires de jeux et les \u00e9tablissements gastronomiques lors de vos d\u00e9placements. D&rsquo;ailleurs, vous pouvez \u00e9galement d\u00e9couvrir l&rsquo;art \u00e0 Braunschweig par vous-m\u00eame, gratuitement et 24 heures sur 24, dans l&rsquo;espace public. Le long de l&rsquo;Okerumflut, le parcours lumineux 2024 vous invite \u00e0 une promenade nocturne du 15 juin au 6 octobre. Dans le centre-ville, des \u0153uvres vari\u00e9es vous attendent, du street art \u00e0 la maison Happy Rizzi et sa fa\u00e7ade pop art color\u00e9e.<\/li>\n\n\n\n<li>Se promener dans les ruelles m\u00e9di\u00e9vales, fl\u00e2ner dans les charmantes boutiques, les magasins g\u00e9r\u00e9s par leurs propri\u00e9taires et les enseignes internationales, puis profiter du soleil en d\u00e9gustant une glace ou un caf\u00e9 : Le centre-ville de Braunschweig allie l&rsquo;ambiance d&rsquo;une grande ville \u00e0 des trajets courts. Plus de 700 magasins repr\u00e9sentant plus de 50 secteurs d&rsquo;activit\u00e9 vous invitent \u00e0 fl\u00e2ner et les nombreux caf\u00e9s, bars et restaurants se pr\u00eatent \u00e0 une pause gourmande en toute saison.<\/li>\n\n\n\n<li>La rivi\u00e8re Oker entoure le centre-ville de Braunschweig comme un anneau. Profitez d&rsquo;une promenade guid\u00e9e en radeau pour admirer depuis l&rsquo;eau les impressionnantes villas et les vastes parcs, ou explorez la rivi\u00e8re \u00e0 votre guise en cano\u00eb, p\u00e9dalo ou planche de stand-up paddle. Vous pouvez vous procurer l&rsquo;\u00e9quipement n\u00e9cessaire dans plusieurs stations de location.<\/li>\n\n\n\n<li>Braunschweig \u00e0 vol d&rsquo;oiseau : vous pouvez profiter d&rsquo;une vue impressionnante sur les toits de la ville depuis la tour de l&rsquo;h\u00f4tel de ville, la tour de l&rsquo;\u00e9glise Saint-Andr\u00e9 ou la plate-forme des visiteurs du Quadrige du ch\u00e2teau de Braunschweig<\/li>\n\n\n\n<li>Faites une promenade \u00e0 v\u00e9lo, par exemple sur la voie ferr\u00e9e circulaire. Ce circuit d&rsquo;environ 22,5 kilom\u00e8tres fait le tour de la ville en empruntant des voies ferr\u00e9es historiques et en longeant la ceinture ferroviaire encore utilis\u00e9e. Il est devenu un itin\u00e9raire de loisirs tr\u00e8s appr\u00e9ci\u00e9. En chemin, des sites historiques, des activit\u00e9s de loisirs vari\u00e9es et des \u00e9tablissements gastronomiques vous attendent. Le long du parcours, des conteneurs en acier accessibles informent sur l&rsquo;histoire industrielle de Braunschweig.<\/li>\n\n\n\n<li>D\u00e9couvrez <a href=\"https:\/\/www.braunschweig.de\/tourismus\/ueber-braunschweig\/rausinsgruene.php\">le c\u00f4t\u00e9 vert de Braunschweig<\/a>. Autour du centre-ville, de vastes parcs invitent \u00e0 pique-niquer, \u00e0 se d\u00e9tendre et \u00e0 jouer au disc-golf. Pour de longues promenades, nous vous recommandons de visiter le quartier de Riddagshausen avec son \u00e9glise monastique St. Mariae, ses pittoresques maisons \u00e0 colombages et la r\u00e9serve naturelle adjacente.<\/li>\n<\/ol>\n\n<p><strong>Aires de stationnement<\/strong><\/p>\n\n<ul class=\"wp-block-list\">\n<li><a href=\"https:\/\/www.kennel-bad.de\/camping.html\"><\/a><a href=\"https:\/\/www.kennel-bad.de\/camping.html\">Place d&rsquo;\u00e9curie Kennelbad<\/a><\/li>\n\n\n\n<li><a href=\"https:\/\/www.braunschweig.de\/vv\/produkte\/VII\/20\/20_2\/reisemobilstellplatz.php\"><\/a><a href=\"https:\/\/www.braunschweig.de\/vv\/produkte\/VII\/20\/20_2\/reisemobilstellplatz.php\">Emplacement dans la Theodor-Heuss-Stra\u00dfe<\/a><\/li>\n\n\n\n<li><a href=\"https:\/\/www.stadtbad-bs.de\/baeder\/wasserwelt\/wasserwelt-reisemobilstellplatz\"><\/a><a href=\"https:\/\/www.stadtbad-bs.de\/baeder\/wasserwelt\/wasserwelt-reisemobilstellplatz\">Emplacement \u00e0 l&rsquo;espace aquatique<\/a><\/li>\n<\/ul>\n\n <div class=\"brlbs-cmpnt-container brlbs-cmpnt-content-blocker brlbs-cmpnt-with-individual-styles\" data-borlabs-cookie-content-blocker-id=\"google-maps\" data-borlabs-cookie-content=\"PGlmcmFtZSBzcmM9Imh0dHBzOi8vd3d3Lmdvb2dsZS5jb20vbWFwcy9kL2VtYmVkP21pZD0xSFpKSzJ2SHo2RnJjUzhIMGVmN3BQZ3hQaXkwb2VZNCZlaGJjPTJFMzEyRiIgd2lkdGg9IjY0MCIgaGVpZ2h0PSI0ODAiPjwvaWZyYW1lPg==\"><div class=\"brlbs-cmpnt-cb-preset-b brlbs-cmpnt-cb-google-maps\"> <div class=\"brlbs-cmpnt-cb-thumbnail\" style=\"background-image: url('https:\/\/9staedte.de\/wp-content\/uploads\/borlabs-cookie\/1\/brlbs-cb-google-maps-main.png')\"><\/div> <div class=\"brlbs-cmpnt-cb-main\"> <div class=\"brlbs-cmpnt-cb-content\"> <p class=\"brlbs-cmpnt-cb-description\">Vous \u00eates actuellement en train de consulter le contenu d&rsquo;un espace r\u00e9serv\u00e9 de <strong>Google Maps<\/strong>. Pour acc\u00e9der au contenu r\u00e9el, cliquez sur le bouton ci-dessous. Veuillez noter que ce faisant, des donn\u00e9es seront partag\u00e9es avec des providers tiers.<\/p> <a class=\"brlbs-cmpnt-cb-provider-toggle\" href=\"#\" data-borlabs-cookie-show-provider-information role=\"button\">Plus d&rsquo;informations<\/a> <\/div> <div class=\"brlbs-cmpnt-cb-buttons\"> <a class=\"brlbs-cmpnt-cb-btn\" href=\"#\" data-borlabs-cookie-unblock role=\"button\">D\u00e9bloquer le contenu<\/a> <a class=\"brlbs-cmpnt-cb-btn\" href=\"#\" data-borlabs-cookie-accept-service role=\"button\" style=\"display: inherit\">Accepter le service requis et d\u00e9bloquer le contenu<\/a> <\/div> <\/div> <\/div><\/div>\n","protected":false},"excerpt":{"rendered":"<p>En camping-car \u00e0 Braunschweig D\u00e9couvrir la ville du Lion de mani\u00e8re spontan\u00e9e, proche de la nature et mobile : Les aires de stationnement pour camping-cars proches du centre-ville invitent \u00e0 un s\u00e9jour vari\u00e9 \u00e0 Braunschweig. Avec ses courts trajets vers les sites touristiques, ses institutions culturelles comme le mus\u00e9e Herzog Anton Ulrich, sa multitude de [&hellip;]<\/p>\n","protected":false},"author":6,"featured_media":22958,"parent":17595,"menu_order":0,"comment_status":"closed","ping_status":"closed","template":"pagetemplates\/template-stadtthema.php","meta":{"_acf_changed":false,"footnotes":""},"categories":[],"tags":[],"ncap_cities_tax":[423,1394],"class_list":["post-22980","page","type-page","status-publish","has-post-thumbnail","hentry","ncap_cities_tax-braunschweig-fr","ncap_cities_tax-reisemobilstellplatze-braunschweig-fr"],"acf":[],"yoast_head":"<!-- This site is optimized with the Yoast SEO plugin v27.4 - https:\/\/yoast.com\/product\/yoast-seo-wordpress\/ -->\n<title>Aires de stationnement \u00e0 Braunschweig - 9 St\u00e4dte in Niedersachsen<\/title>\n<meta name=\"robots\" content=\"index, follow, max-snippet:-1, max-image-preview:large, max-video-preview:-1\" \/>\n<link rel=\"canonical\" href=\"https:\/\/9staedte.de\/fr\/braunschweig-la-ville-du-lion\/wohnmobilstellplaetze-in-braunschweig-2\/\" \/>\n<meta property=\"og:locale\" content=\"fr_FR\" \/>\n<meta property=\"og:type\" content=\"article\" \/>\n<meta property=\"og:title\" content=\"Aires de stationnement \u00e0 Braunschweig - 9 St\u00e4dte in Niedersachsen\" \/>\n<meta property=\"og:description\" content=\"En camping-car \u00e0 Braunschweig D\u00e9couvrir la ville du Lion de mani\u00e8re spontan\u00e9e, proche de la nature et mobile : Les aires de stationnement pour camping-cars proches du centre-ville invitent \u00e0 un s\u00e9jour vari\u00e9 \u00e0 Braunschweig. Avec ses courts trajets vers les sites touristiques, ses institutions culturelles comme le mus\u00e9e Herzog Anton Ulrich, sa multitude de [&hellip;]\" \/>\n<meta property=\"og:url\" content=\"https:\/\/9staedte.de\/fr\/braunschweig-la-ville-du-lion\/wohnmobilstellplaetze-in-braunschweig-2\/\" \/>\n<meta property=\"og:site_name\" content=\"9 St\u00e4dte in Niedersachsen\" \/>\n<meta property=\"article:modified_time\" content=\"2024-07-04T09:25:39+00:00\" \/>\n<meta property=\"og:image\" content=\"https:\/\/9staedte.de\/wp-content\/uploads\/2024\/07\/Braunschweig-Magniviertel-c-Braunschweig-Stadtmarketing-Christian-Bierwagen.jpg\" \/>\n\t<meta property=\"og:image:width\" content=\"1018\" \/>\n\t<meta property=\"og:image:height\" content=\"560\" \/>\n\t<meta property=\"og:image:type\" content=\"image\/jpeg\" \/>\n<meta name=\"twitter:card\" content=\"summary_large_image\" \/>\n<meta name=\"twitter:label1\" content=\"Dur\u00e9e de lecture estim\u00e9e\" \/>\n\t<meta name=\"twitter:data1\" content=\"4 minutes\" \/>\n<script type=\"application\/ld+json\" class=\"yoast-schema-graph\">{\"@context\":\"https:\\\/\\\/schema.org\",\"@graph\":[{\"@type\":\"WebPage\",\"@id\":\"https:\\\/\\\/9staedte.de\\\/fr\\\/braunschweig-la-ville-du-lion\\\/wohnmobilstellplaetze-in-braunschweig-2\\\/\",\"url\":\"https:\\\/\\\/9staedte.de\\\/fr\\\/braunschweig-la-ville-du-lion\\\/wohnmobilstellplaetze-in-braunschweig-2\\\/\",\"name\":\"Aires de stationnement \u00e0 Braunschweig - 9 St\u00e4dte in Niedersachsen\",\"isPartOf\":{\"@id\":\"https:\\\/\\\/9staedte.de\\\/fr\\\/#website\"},\"primaryImageOfPage\":{\"@id\":\"https:\\\/\\\/9staedte.de\\\/fr\\\/braunschweig-la-ville-du-lion\\\/wohnmobilstellplaetze-in-braunschweig-2\\\/#primaryimage\"},\"image\":{\"@id\":\"https:\\\/\\\/9staedte.de\\\/fr\\\/braunschweig-la-ville-du-lion\\\/wohnmobilstellplaetze-in-braunschweig-2\\\/#primaryimage\"},\"thumbnailUrl\":\"https:\\\/\\\/9staedte.de\\\/wp-content\\\/uploads\\\/2024\\\/07\\\/Braunschweig-Magniviertel-c-Braunschweig-Stadtmarketing-Christian-Bierwagen.jpg\",\"datePublished\":\"2024-07-04T09:03:50+00:00\",\"dateModified\":\"2024-07-04T09:25:39+00:00\",\"breadcrumb\":{\"@id\":\"https:\\\/\\\/9staedte.de\\\/fr\\\/braunschweig-la-ville-du-lion\\\/wohnmobilstellplaetze-in-braunschweig-2\\\/#breadcrumb\"},\"inLanguage\":\"fr-FR\",\"potentialAction\":[{\"@type\":\"ReadAction\",\"target\":[\"https:\\\/\\\/9staedte.de\\\/fr\\\/braunschweig-la-ville-du-lion\\\/wohnmobilstellplaetze-in-braunschweig-2\\\/\"]}]},{\"@type\":\"ImageObject\",\"inLanguage\":\"fr-FR\",\"@id\":\"https:\\\/\\\/9staedte.de\\\/fr\\\/braunschweig-la-ville-du-lion\\\/wohnmobilstellplaetze-in-braunschweig-2\\\/#primaryimage\",\"url\":\"https:\\\/\\\/9staedte.de\\\/wp-content\\\/uploads\\\/2024\\\/07\\\/Braunschweig-Magniviertel-c-Braunschweig-Stadtmarketing-Christian-Bierwagen.jpg\",\"contentUrl\":\"https:\\\/\\\/9staedte.de\\\/wp-content\\\/uploads\\\/2024\\\/07\\\/Braunschweig-Magniviertel-c-Braunschweig-Stadtmarketing-Christian-Bierwagen.jpg\",\"width\":1018,\"height\":560,\"caption\":\"Braunschweig Magniviertel c) Braunschweig Stadtmarketing Christian Bierwagen\"},{\"@type\":\"BreadcrumbList\",\"@id\":\"https:\\\/\\\/9staedte.de\\\/fr\\\/braunschweig-la-ville-du-lion\\\/wohnmobilstellplaetze-in-braunschweig-2\\\/#breadcrumb\",\"itemListElement\":[{\"@type\":\"ListItem\",\"position\":1,\"name\":\"Startseite\",\"item\":\"https:\\\/\\\/9staedte.de\\\/fr\\\/\"},{\"@type\":\"ListItem\",\"position\":2,\"name\":\"Aires de stationnement \u00e0 Braunschweig\"}]},{\"@type\":\"WebSite\",\"@id\":\"https:\\\/\\\/9staedte.de\\\/fr\\\/#website\",\"url\":\"https:\\\/\\\/9staedte.de\\\/fr\\\/\",\"name\":\"9 St\u00e4dte in Niedersachsen\",\"description\":\"\",\"publisher\":{\"@id\":\"https:\\\/\\\/9staedte.de\\\/fr\\\/#organization\"},\"potentialAction\":[{\"@type\":\"SearchAction\",\"target\":{\"@type\":\"EntryPoint\",\"urlTemplate\":\"https:\\\/\\\/9staedte.de\\\/fr\\\/?s={search_term_string}\"},\"query-input\":{\"@type\":\"PropertyValueSpecification\",\"valueRequired\":true,\"valueName\":\"search_term_string\"}}],\"inLanguage\":\"fr-FR\"},{\"@type\":\"Organization\",\"@id\":\"https:\\\/\\\/9staedte.de\\\/fr\\\/#organization\",\"name\":\"9 St\u00e4dte in Niedersachsen\",\"url\":\"https:\\\/\\\/9staedte.de\\\/fr\\\/\",\"logo\":{\"@type\":\"ImageObject\",\"inLanguage\":\"fr-FR\",\"@id\":\"https:\\\/\\\/9staedte.de\\\/fr\\\/#\\\/schema\\\/logo\\\/image\\\/\",\"url\":\"https:\\\/\\\/9staedte.de\\\/wp-content\\\/uploads\\\/2025\\\/01\\\/9-neg-deutsch-2-1.png\",\"contentUrl\":\"https:\\\/\\\/9staedte.de\\\/wp-content\\\/uploads\\\/2025\\\/01\\\/9-neg-deutsch-2-1.png\",\"width\":190,\"height\":114,\"caption\":\"9 St\u00e4dte in Niedersachsen\"},\"image\":{\"@id\":\"https:\\\/\\\/9staedte.de\\\/fr\\\/#\\\/schema\\\/logo\\\/image\\\/\"}}]}<\/script>\n<!-- \/ Yoast SEO plugin. -->","yoast_head_json":{"title":"Aires de stationnement \u00e0 Braunschweig - 9 St\u00e4dte in Niedersachsen","robots":{"index":"index","follow":"follow","max-snippet":"max-snippet:-1","max-image-preview":"max-image-preview:large","max-video-preview":"max-video-preview:-1"},"canonical":"https:\/\/9staedte.de\/fr\/braunschweig-la-ville-du-lion\/wohnmobilstellplaetze-in-braunschweig-2\/","og_locale":"fr_FR","og_type":"article","og_title":"Aires de stationnement \u00e0 Braunschweig - 9 St\u00e4dte in Niedersachsen","og_description":"En camping-car \u00e0 Braunschweig D\u00e9couvrir la ville du Lion de mani\u00e8re spontan\u00e9e, proche de la nature et mobile : Les aires de stationnement pour camping-cars proches du centre-ville invitent \u00e0 un s\u00e9jour vari\u00e9 \u00e0 Braunschweig. Avec ses courts trajets vers les sites touristiques, ses institutions culturelles comme le mus\u00e9e Herzog Anton Ulrich, sa multitude de [&hellip;]","og_url":"https:\/\/9staedte.de\/fr\/braunschweig-la-ville-du-lion\/wohnmobilstellplaetze-in-braunschweig-2\/","og_site_name":"9 St\u00e4dte in Niedersachsen","article_modified_time":"2024-07-04T09:25:39+00:00","og_image":[{"width":1018,"height":560,"url":"https:\/\/9staedte.de\/wp-content\/uploads\/2024\/07\/Braunschweig-Magniviertel-c-Braunschweig-Stadtmarketing-Christian-Bierwagen.jpg","type":"image\/jpeg"}],"twitter_card":"summary_large_image","twitter_misc":{"Dur\u00e9e de lecture estim\u00e9e":"4 minutes"},"schema":{"@context":"https:\/\/schema.org","@graph":[{"@type":"WebPage","@id":"https:\/\/9staedte.de\/fr\/braunschweig-la-ville-du-lion\/wohnmobilstellplaetze-in-braunschweig-2\/","url":"https:\/\/9staedte.de\/fr\/braunschweig-la-ville-du-lion\/wohnmobilstellplaetze-in-braunschweig-2\/","name":"Aires de stationnement \u00e0 Braunschweig - 9 St\u00e4dte in Niedersachsen","isPartOf":{"@id":"https:\/\/9staedte.de\/fr\/#website"},"primaryImageOfPage":{"@id":"https:\/\/9staedte.de\/fr\/braunschweig-la-ville-du-lion\/wohnmobilstellplaetze-in-braunschweig-2\/#primaryimage"},"image":{"@id":"https:\/\/9staedte.de\/fr\/braunschweig-la-ville-du-lion\/wohnmobilstellplaetze-in-braunschweig-2\/#primaryimage"},"thumbnailUrl":"https:\/\/9staedte.de\/wp-content\/uploads\/2024\/07\/Braunschweig-Magniviertel-c-Braunschweig-Stadtmarketing-Christian-Bierwagen.jpg","datePublished":"2024-07-04T09:03:50+00:00","dateModified":"2024-07-04T09:25:39+00:00","breadcrumb":{"@id":"https:\/\/9staedte.de\/fr\/braunschweig-la-ville-du-lion\/wohnmobilstellplaetze-in-braunschweig-2\/#breadcrumb"},"inLanguage":"fr-FR","potentialAction":[{"@type":"ReadAction","target":["https:\/\/9staedte.de\/fr\/braunschweig-la-ville-du-lion\/wohnmobilstellplaetze-in-braunschweig-2\/"]}]},{"@type":"ImageObject","inLanguage":"fr-FR","@id":"https:\/\/9staedte.de\/fr\/braunschweig-la-ville-du-lion\/wohnmobilstellplaetze-in-braunschweig-2\/#primaryimage","url":"https:\/\/9staedte.de\/wp-content\/uploads\/2024\/07\/Braunschweig-Magniviertel-c-Braunschweig-Stadtmarketing-Christian-Bierwagen.jpg","contentUrl":"https:\/\/9staedte.de\/wp-content\/uploads\/2024\/07\/Braunschweig-Magniviertel-c-Braunschweig-Stadtmarketing-Christian-Bierwagen.jpg","width":1018,"height":560,"caption":"Braunschweig Magniviertel c) Braunschweig Stadtmarketing Christian Bierwagen"},{"@type":"BreadcrumbList","@id":"https:\/\/9staedte.de\/fr\/braunschweig-la-ville-du-lion\/wohnmobilstellplaetze-in-braunschweig-2\/#breadcrumb","itemListElement":[{"@type":"ListItem","position":1,"name":"Startseite","item":"https:\/\/9staedte.de\/fr\/"},{"@type":"ListItem","position":2,"name":"Aires de stationnement \u00e0 Braunschweig"}]},{"@type":"WebSite","@id":"https:\/\/9staedte.de\/fr\/#website","url":"https:\/\/9staedte.de\/fr\/","name":"9 St\u00e4dte in Niedersachsen","description":"","publisher":{"@id":"https:\/\/9staedte.de\/fr\/#organization"},"potentialAction":[{"@type":"SearchAction","target":{"@type":"EntryPoint","urlTemplate":"https:\/\/9staedte.de\/fr\/?s={search_term_string}"},"query-input":{"@type":"PropertyValueSpecification","valueRequired":true,"valueName":"search_term_string"}}],"inLanguage":"fr-FR"},{"@type":"Organization","@id":"https:\/\/9staedte.de\/fr\/#organization","name":"9 St\u00e4dte in Niedersachsen","url":"https:\/\/9staedte.de\/fr\/","logo":{"@type":"ImageObject","inLanguage":"fr-FR","@id":"https:\/\/9staedte.de\/fr\/#\/schema\/logo\/image\/","url":"https:\/\/9staedte.de\/wp-content\/uploads\/2025\/01\/9-neg-deutsch-2-1.png","contentUrl":"https:\/\/9staedte.de\/wp-content\/uploads\/2025\/01\/9-neg-deutsch-2-1.png","width":190,"height":114,"caption":"9 St\u00e4dte in Niedersachsen"},"image":{"@id":"https:\/\/9staedte.de\/fr\/#\/schema\/logo\/image\/"}}]}},"_links":{"self":[{"href":"https:\/\/9staedte.de\/fr\/wp-json\/wp\/v2\/pages\/22980","targetHints":{"allow":["GET"]}}],"collection":[{"href":"https:\/\/9staedte.de\/fr\/wp-json\/wp\/v2\/pages"}],"about":[{"href":"https:\/\/9staedte.de\/fr\/wp-json\/wp\/v2\/types\/page"}],"author":[{"embeddable":true,"href":"https:\/\/9staedte.de\/fr\/wp-json\/wp\/v2\/users\/6"}],"replies":[{"embeddable":true,"href":"https:\/\/9staedte.de\/fr\/wp-json\/wp\/v2\/comments?post=22980"}],"version-history":[{"count":2,"href":"https:\/\/9staedte.de\/fr\/wp-json\/wp\/v2\/pages\/22980\/revisions"}],"predecessor-version":[{"id":22991,"href":"https:\/\/9staedte.de\/fr\/wp-json\/wp\/v2\/pages\/22980\/revisions\/22991"}],"up":[{"embeddable":true,"href":"https:\/\/9staedte.de\/fr\/wp-json\/wp\/v2\/pages\/17595"}],"wp:featuredmedia":[{"embeddable":true,"href":"https:\/\/9staedte.de\/fr\/wp-json\/wp\/v2\/media\/22958"}],"wp:attachment":[{"href":"https:\/\/9staedte.de\/fr\/wp-json\/wp\/v2\/media?parent=22980"}],"wp:term":[{"taxonomy":"category","embeddable":true,"href":"https:\/\/9staedte.de\/fr\/wp-json\/wp\/v2\/categories?post=22980"},{"taxonomy":"post_tag","embeddable":true,"href":"https:\/\/9staedte.de\/fr\/wp-json\/wp\/v2\/tags?post=22980"},{"taxonomy":"ncap_cities_tax","embeddable":true,"href":"https:\/\/9staedte.de\/fr\/wp-json\/wp\/v2\/ncap_cities_tax?post=22980"}],"curies":[{"name":"wp","href":"https:\/\/api.w.org\/{rel}","templated":true}]}}