{"id":22731,"date":"2024-06-14T14:27:02","date_gmt":"2024-06-14T12:27:02","guid":{"rendered":"https:\/\/9staedte.de\/mit-dem-wohnmobil-nach-wolfenbuettel\/"},"modified":"2024-06-14T14:29:18","modified_gmt":"2024-06-14T12:29:18","slug":"mit-dem-wohnmobil-nach-wolfenbuettel","status":"publish","type":"page","link":"https:\/\/9staedte.de\/fr\/wolfenbuttel-la-ville-de-lessing\/mit-dem-wohnmobil-nach-wolfenbuettel\/","title":{"rendered":"En camping-car \u00e0 Wolfenb\u00fcttel"},"content":{"rendered":"\n<h3 class=\"wp-block-heading\">Le parc de camping-cars de Wolfenb\u00fcttel<\/h3>\n\n<p>Situ\u00e9 dans un cadre idyllique sur les rives de l&rsquo;Oker, le confortable parc de camping-cars de Wolfenb\u00fcttel ***** est ouvert toute l&rsquo;ann\u00e9e. Au total, 40 emplacements spacieux invitent \u00e0 la d\u00e9tente. Les emplacements sont \u00e9quip\u00e9s de prises \u00e9lectriques ; un bloc sanitaire avec douches est mis gratuitement \u00e0 disposition, ainsi qu&rsquo;une station confortable pour les eaux grises\/fra\u00eeches et la cassette des toilettes. Aux beaux jours, vous pouvez utiliser le barbecue sur place. La vieille ville de Wolfenb\u00fcttel, avec ses plus de 1000 maisons \u00e0 colombages, se trouve \u00e0 quelques minutes \u00e0 pied, tout comme les remparts et les douves de la ville, parfaits pour les promenades ou le jogging matinal.<\/p>\n\n<figure class=\"wp-block-image size-full\"><img decoding=\"async\" src=\"https:\/\/9staedte.de\/wp-content\/uploads\/2024\/06\/Resiemobilstellplatz-Wolfenbuettel&#xA9;-Anna-Meurer-CC-B-Y-SA.jpg\" alt=\"Aire de stationnement Wolfenb&#xFC;ttel, Basse-Saxe\" class=\"wp-image-22719\"\/><figcaption class=\"wp-element-caption\">Parc de camping-cars de Wolfenb\u00fcttel, Basse-Saxe<\/figcaption><\/figure>\n\n <div class=\"brlbs-cmpnt-container brlbs-cmpnt-content-blocker brlbs-cmpnt-with-individual-styles\" data-borlabs-cookie-content-blocker-id=\"google-maps\" data-borlabs-cookie-content=\"PGlmcmFtZSBzcmM9Imh0dHBzOi8vd3d3Lmdvb2dsZS5jb20vbWFwcy9kL2VtYmVkP21pZD0xazhoanVCQW1zejlCOVR0NU1WTHNSQm9SNlU5REsyRSZlaGJjPTJFMzEyRiIgd2lkdGg9IjY0MCIgaGVpZ2h0PSI0ODAiPjwvaWZyYW1lPg==\"><div class=\"brlbs-cmpnt-cb-preset-b brlbs-cmpnt-cb-google-maps\"> <div class=\"brlbs-cmpnt-cb-thumbnail\" style=\"background-image: url('https:\/\/9staedte.de\/wp-content\/uploads\/borlabs-cookie\/1\/brlbs-cb-google-maps-main.png')\"><\/div> <div class=\"brlbs-cmpnt-cb-main\"> <div class=\"brlbs-cmpnt-cb-content\"> <p class=\"brlbs-cmpnt-cb-description\">Vous \u00eates actuellement en train de consulter le contenu d&rsquo;un espace r\u00e9serv\u00e9 de <strong>Google Maps<\/strong>. Pour acc\u00e9der au contenu r\u00e9el, cliquez sur le bouton ci-dessous. Veuillez noter que ce faisant, des donn\u00e9es seront partag\u00e9es avec des providers tiers.<\/p> <a class=\"brlbs-cmpnt-cb-provider-toggle\" href=\"#\" data-borlabs-cookie-show-provider-information role=\"button\">Plus d&rsquo;informations<\/a> <\/div> <div class=\"brlbs-cmpnt-cb-buttons\"> <a class=\"brlbs-cmpnt-cb-btn\" href=\"#\" data-borlabs-cookie-unblock role=\"button\">D\u00e9bloquer le contenu<\/a> <a class=\"brlbs-cmpnt-cb-btn\" href=\"#\" data-borlabs-cookie-accept-service role=\"button\" style=\"display: inherit\">Accepter le service requis et d\u00e9bloquer le contenu<\/a> <\/div> <\/div> <\/div><\/div>\n\n<p><strong>9 conseils pour les voyageurs en camping-car :<\/strong><\/p>\n\n<ul class=\"wp-block-list\">\n<li>50 % de r\u00e9duction sur la participation \u00e0 une visite guid\u00e9e publique de la ville pour 2 personnes &#8211; tous les jours jusqu&rsquo;au 3 octobre<\/li>\n\n\n\n<li>Piscine tous temps avec sauna et restauration sur place<\/li>\n\n\n\n<li>Ponton pour cano\u00ebs avec location sur place<\/li>\n\n\n\n<li>Faites du shopping dans le centre-ville historique &#8211; le mercredi et le samedi, c&rsquo;est toujours jour de march\u00e9 !<\/li>\n\n\n\n<li>Le golf d&rsquo;aventure &#8211; un m\u00e9lange de minigolf et de golf classique<\/li>\n\n\n\n<li>Le th\u00e9\u00e2tre Lessing avec un programme culturel vari\u00e9 \u00e0 port\u00e9e de main<\/li>\n\n\n\n<li>Promenade autour des douves de la ville avec arr\u00eat au Komm Beach Club<\/li>\n\n\n\n<li>Nombreuses pistes cyclables dans les contreforts du Harz septentrional &#8211; pour les d\u00e9butants et les cyclistes professionnels<\/li>\n\n\n\n<li>Mus\u00e9e du ch\u00e2teau de Wolfenb\u00fcttel avec l&rsquo;histoire vivante des Guelfes et de la bourgeoisie<\/li>\n<\/ul>\n","protected":false},"excerpt":{"rendered":"<p>Le parc de camping-cars de Wolfenb\u00fcttel Situ\u00e9 dans un cadre idyllique sur les rives de l&rsquo;Oker, le confortable parc de camping-cars de Wolfenb\u00fcttel ***** est ouvert toute l&rsquo;ann\u00e9e. Au total, 40 emplacements spacieux invitent \u00e0 la d\u00e9tente. Les emplacements sont \u00e9quip\u00e9s de prises \u00e9lectriques ; un bloc sanitaire avec douches est mis gratuitement \u00e0 disposition, [&hellip;]<\/p>\n","protected":false},"author":6,"featured_media":22715,"parent":17963,"menu_order":0,"comment_status":"closed","ping_status":"closed","template":"","meta":{"_acf_changed":false,"footnotes":""},"categories":[],"tags":[],"ncap_cities_tax":[1443,471],"class_list":["post-22731","page","type-page","status-publish","has-post-thumbnail","hentry","ncap_cities_tax-reisemobilstellplatze-wolfenbuettel-fr","ncap_cities_tax-wolfenbuettel-fr"],"acf":[],"yoast_head":"<!-- This site is optimized with the Yoast SEO plugin v26.8 - https:\/\/yoast.com\/product\/yoast-seo-wordpress\/ -->\n<title>En camping-car \u00e0 Wolfenb\u00fcttel - 9 St\u00e4dte in Niedersachsen<\/title>\n<meta name=\"robots\" content=\"index, follow, max-snippet:-1, max-image-preview:large, max-video-preview:-1\" \/>\n<link rel=\"canonical\" href=\"https:\/\/9staedte.de\/fr\/wolfenbuttel-la-ville-de-lessing\/mit-dem-wohnmobil-nach-wolfenbuettel\/\" \/>\n<meta property=\"og:locale\" content=\"fr_FR\" \/>\n<meta property=\"og:type\" content=\"article\" \/>\n<meta property=\"og:title\" content=\"En camping-car \u00e0 Wolfenb\u00fcttel - 9 St\u00e4dte in Niedersachsen\" \/>\n<meta property=\"og:description\" content=\"Le parc de camping-cars de Wolfenb\u00fcttel Situ\u00e9 dans un cadre idyllique sur les rives de l&rsquo;Oker, le confortable parc de camping-cars de Wolfenb\u00fcttel ***** est ouvert toute l&rsquo;ann\u00e9e. Au total, 40 emplacements spacieux invitent \u00e0 la d\u00e9tente. Les emplacements sont \u00e9quip\u00e9s de prises \u00e9lectriques ; un bloc sanitaire avec douches est mis gratuitement \u00e0 disposition, [&hellip;]\" \/>\n<meta property=\"og:url\" content=\"https:\/\/9staedte.de\/fr\/wolfenbuttel-la-ville-de-lessing\/mit-dem-wohnmobil-nach-wolfenbuettel\/\" \/>\n<meta property=\"og:site_name\" content=\"9 St\u00e4dte in Niedersachsen\" \/>\n<meta property=\"article:modified_time\" content=\"2024-06-14T12:29:18+00:00\" \/>\n<meta property=\"og:image\" content=\"https:\/\/9staedte.de\/wp-content\/uploads\/2024\/06\/Wohnmobilstellplatz-Wolfenbuettel-\u00a9-Flyingarms.de-CC-0.jpg\" \/>\n\t<meta property=\"og:image:width\" content=\"1020\" \/>\n\t<meta property=\"og:image:height\" content=\"565\" \/>\n\t<meta property=\"og:image:type\" content=\"image\/jpeg\" \/>\n<meta name=\"twitter:card\" content=\"summary_large_image\" \/>\n<meta name=\"twitter:label1\" content=\"Dur\u00e9e de lecture estim\u00e9e\" \/>\n\t<meta name=\"twitter:data1\" content=\"2 minutes\" \/>\n<script type=\"application\/ld+json\" class=\"yoast-schema-graph\">{\"@context\":\"https:\/\/schema.org\",\"@graph\":[{\"@type\":\"WebPage\",\"@id\":\"https:\/\/9staedte.de\/fr\/wolfenbuttel-la-ville-de-lessing\/mit-dem-wohnmobil-nach-wolfenbuettel\/\",\"url\":\"https:\/\/9staedte.de\/fr\/wolfenbuttel-la-ville-de-lessing\/mit-dem-wohnmobil-nach-wolfenbuettel\/\",\"name\":\"En camping-car \u00e0 Wolfenb\u00fcttel - 9 St\u00e4dte in Niedersachsen\",\"isPartOf\":{\"@id\":\"https:\/\/9staedte.de\/fr\/#website\"},\"primaryImageOfPage\":{\"@id\":\"https:\/\/9staedte.de\/fr\/wolfenbuttel-la-ville-de-lessing\/mit-dem-wohnmobil-nach-wolfenbuettel\/#primaryimage\"},\"image\":{\"@id\":\"https:\/\/9staedte.de\/fr\/wolfenbuttel-la-ville-de-lessing\/mit-dem-wohnmobil-nach-wolfenbuettel\/#primaryimage\"},\"thumbnailUrl\":\"https:\/\/9staedte.de\/wp-content\/uploads\/2024\/06\/Wohnmobilstellplatz-Wolfenbuettel-\u00a9-Flyingarms.de-CC-0.jpg\",\"datePublished\":\"2024-06-14T12:27:02+00:00\",\"dateModified\":\"2024-06-14T12:29:18+00:00\",\"breadcrumb\":{\"@id\":\"https:\/\/9staedte.de\/fr\/wolfenbuttel-la-ville-de-lessing\/mit-dem-wohnmobil-nach-wolfenbuettel\/#breadcrumb\"},\"inLanguage\":\"fr-FR\",\"potentialAction\":[{\"@type\":\"ReadAction\",\"target\":[\"https:\/\/9staedte.de\/fr\/wolfenbuttel-la-ville-de-lessing\/mit-dem-wohnmobil-nach-wolfenbuettel\/\"]}]},{\"@type\":\"ImageObject\",\"inLanguage\":\"fr-FR\",\"@id\":\"https:\/\/9staedte.de\/fr\/wolfenbuttel-la-ville-de-lessing\/mit-dem-wohnmobil-nach-wolfenbuettel\/#primaryimage\",\"url\":\"https:\/\/9staedte.de\/wp-content\/uploads\/2024\/06\/Wohnmobilstellplatz-Wolfenbuettel-\u00a9-Flyingarms.de-CC-0.jpg\",\"contentUrl\":\"https:\/\/9staedte.de\/wp-content\/uploads\/2024\/06\/Wohnmobilstellplatz-Wolfenbuettel-\u00a9-Flyingarms.de-CC-0.jpg\",\"width\":1020,\"height\":565,\"caption\":\"Wohnmobilstellplatz Wolfenb\u00fcttel \u00a9 Flyingarms.de (CC-0)\"},{\"@type\":\"BreadcrumbList\",\"@id\":\"https:\/\/9staedte.de\/fr\/wolfenbuttel-la-ville-de-lessing\/mit-dem-wohnmobil-nach-wolfenbuettel\/#breadcrumb\",\"itemListElement\":[{\"@type\":\"ListItem\",\"position\":1,\"name\":\"Startseite\",\"item\":\"https:\/\/9staedte.de\/fr\/\"},{\"@type\":\"ListItem\",\"position\":2,\"name\":\"En camping-car \u00e0 Wolfenb\u00fcttel\"}]},{\"@type\":\"WebSite\",\"@id\":\"https:\/\/9staedte.de\/fr\/#website\",\"url\":\"https:\/\/9staedte.de\/fr\/\",\"name\":\"9 St\u00e4dte in Niedersachsen\",\"description\":\"\",\"publisher\":{\"@id\":\"https:\/\/9staedte.de\/fr\/#organization\"},\"potentialAction\":[{\"@type\":\"SearchAction\",\"target\":{\"@type\":\"EntryPoint\",\"urlTemplate\":\"https:\/\/9staedte.de\/fr\/?s={search_term_string}\"},\"query-input\":{\"@type\":\"PropertyValueSpecification\",\"valueRequired\":true,\"valueName\":\"search_term_string\"}}],\"inLanguage\":\"fr-FR\"},{\"@type\":\"Organization\",\"@id\":\"https:\/\/9staedte.de\/fr\/#organization\",\"name\":\"9 St\u00e4dte in Niedersachsen\",\"url\":\"https:\/\/9staedte.de\/fr\/\",\"logo\":{\"@type\":\"ImageObject\",\"inLanguage\":\"fr-FR\",\"@id\":\"https:\/\/9staedte.de\/fr\/#\/schema\/logo\/image\/\",\"url\":\"https:\/\/9staedte.de\/wp-content\/uploads\/2025\/01\/9-neg-deutsch-2-1.png\",\"contentUrl\":\"https:\/\/9staedte.de\/wp-content\/uploads\/2025\/01\/9-neg-deutsch-2-1.png\",\"width\":190,\"height\":114,\"caption\":\"9 St\u00e4dte in Niedersachsen\"},\"image\":{\"@id\":\"https:\/\/9staedte.de\/fr\/#\/schema\/logo\/image\/\"}}]}<\/script>\n<!-- \/ Yoast SEO plugin. -->","yoast_head_json":{"title":"En camping-car \u00e0 Wolfenb\u00fcttel - 9 St\u00e4dte in Niedersachsen","robots":{"index":"index","follow":"follow","max-snippet":"max-snippet:-1","max-image-preview":"max-image-preview:large","max-video-preview":"max-video-preview:-1"},"canonical":"https:\/\/9staedte.de\/fr\/wolfenbuttel-la-ville-de-lessing\/mit-dem-wohnmobil-nach-wolfenbuettel\/","og_locale":"fr_FR","og_type":"article","og_title":"En camping-car \u00e0 Wolfenb\u00fcttel - 9 St\u00e4dte in Niedersachsen","og_description":"Le parc de camping-cars de Wolfenb\u00fcttel Situ\u00e9 dans un cadre idyllique sur les rives de l&rsquo;Oker, le confortable parc de camping-cars de Wolfenb\u00fcttel ***** est ouvert toute l&rsquo;ann\u00e9e. Au total, 40 emplacements spacieux invitent \u00e0 la d\u00e9tente. Les emplacements sont \u00e9quip\u00e9s de prises \u00e9lectriques ; un bloc sanitaire avec douches est mis gratuitement \u00e0 disposition, [&hellip;]","og_url":"https:\/\/9staedte.de\/fr\/wolfenbuttel-la-ville-de-lessing\/mit-dem-wohnmobil-nach-wolfenbuettel\/","og_site_name":"9 St\u00e4dte in Niedersachsen","article_modified_time":"2024-06-14T12:29:18+00:00","og_image":[{"width":1020,"height":565,"url":"https:\/\/9staedte.de\/wp-content\/uploads\/2024\/06\/Wohnmobilstellplatz-Wolfenbuettel-\u00a9-Flyingarms.de-CC-0.jpg","type":"image\/jpeg"}],"twitter_card":"summary_large_image","twitter_misc":{"Dur\u00e9e de lecture estim\u00e9e":"2 minutes"},"schema":{"@context":"https:\/\/schema.org","@graph":[{"@type":"WebPage","@id":"https:\/\/9staedte.de\/fr\/wolfenbuttel-la-ville-de-lessing\/mit-dem-wohnmobil-nach-wolfenbuettel\/","url":"https:\/\/9staedte.de\/fr\/wolfenbuttel-la-ville-de-lessing\/mit-dem-wohnmobil-nach-wolfenbuettel\/","name":"En camping-car \u00e0 Wolfenb\u00fcttel - 9 St\u00e4dte in Niedersachsen","isPartOf":{"@id":"https:\/\/9staedte.de\/fr\/#website"},"primaryImageOfPage":{"@id":"https:\/\/9staedte.de\/fr\/wolfenbuttel-la-ville-de-lessing\/mit-dem-wohnmobil-nach-wolfenbuettel\/#primaryimage"},"image":{"@id":"https:\/\/9staedte.de\/fr\/wolfenbuttel-la-ville-de-lessing\/mit-dem-wohnmobil-nach-wolfenbuettel\/#primaryimage"},"thumbnailUrl":"https:\/\/9staedte.de\/wp-content\/uploads\/2024\/06\/Wohnmobilstellplatz-Wolfenbuettel-\u00a9-Flyingarms.de-CC-0.jpg","datePublished":"2024-06-14T12:27:02+00:00","dateModified":"2024-06-14T12:29:18+00:00","breadcrumb":{"@id":"https:\/\/9staedte.de\/fr\/wolfenbuttel-la-ville-de-lessing\/mit-dem-wohnmobil-nach-wolfenbuettel\/#breadcrumb"},"inLanguage":"fr-FR","potentialAction":[{"@type":"ReadAction","target":["https:\/\/9staedte.de\/fr\/wolfenbuttel-la-ville-de-lessing\/mit-dem-wohnmobil-nach-wolfenbuettel\/"]}]},{"@type":"ImageObject","inLanguage":"fr-FR","@id":"https:\/\/9staedte.de\/fr\/wolfenbuttel-la-ville-de-lessing\/mit-dem-wohnmobil-nach-wolfenbuettel\/#primaryimage","url":"https:\/\/9staedte.de\/wp-content\/uploads\/2024\/06\/Wohnmobilstellplatz-Wolfenbuettel-\u00a9-Flyingarms.de-CC-0.jpg","contentUrl":"https:\/\/9staedte.de\/wp-content\/uploads\/2024\/06\/Wohnmobilstellplatz-Wolfenbuettel-\u00a9-Flyingarms.de-CC-0.jpg","width":1020,"height":565,"caption":"Wohnmobilstellplatz Wolfenb\u00fcttel \u00a9 Flyingarms.de (CC-0)"},{"@type":"BreadcrumbList","@id":"https:\/\/9staedte.de\/fr\/wolfenbuttel-la-ville-de-lessing\/mit-dem-wohnmobil-nach-wolfenbuettel\/#breadcrumb","itemListElement":[{"@type":"ListItem","position":1,"name":"Startseite","item":"https:\/\/9staedte.de\/fr\/"},{"@type":"ListItem","position":2,"name":"En camping-car \u00e0 Wolfenb\u00fcttel"}]},{"@type":"WebSite","@id":"https:\/\/9staedte.de\/fr\/#website","url":"https:\/\/9staedte.de\/fr\/","name":"9 St\u00e4dte in Niedersachsen","description":"","publisher":{"@id":"https:\/\/9staedte.de\/fr\/#organization"},"potentialAction":[{"@type":"SearchAction","target":{"@type":"EntryPoint","urlTemplate":"https:\/\/9staedte.de\/fr\/?s={search_term_string}"},"query-input":{"@type":"PropertyValueSpecification","valueRequired":true,"valueName":"search_term_string"}}],"inLanguage":"fr-FR"},{"@type":"Organization","@id":"https:\/\/9staedte.de\/fr\/#organization","name":"9 St\u00e4dte in Niedersachsen","url":"https:\/\/9staedte.de\/fr\/","logo":{"@type":"ImageObject","inLanguage":"fr-FR","@id":"https:\/\/9staedte.de\/fr\/#\/schema\/logo\/image\/","url":"https:\/\/9staedte.de\/wp-content\/uploads\/2025\/01\/9-neg-deutsch-2-1.png","contentUrl":"https:\/\/9staedte.de\/wp-content\/uploads\/2025\/01\/9-neg-deutsch-2-1.png","width":190,"height":114,"caption":"9 St\u00e4dte in Niedersachsen"},"image":{"@id":"https:\/\/9staedte.de\/fr\/#\/schema\/logo\/image\/"}}]}},"_links":{"self":[{"href":"https:\/\/9staedte.de\/fr\/wp-json\/wp\/v2\/pages\/22731","targetHints":{"allow":["GET"]}}],"collection":[{"href":"https:\/\/9staedte.de\/fr\/wp-json\/wp\/v2\/pages"}],"about":[{"href":"https:\/\/9staedte.de\/fr\/wp-json\/wp\/v2\/types\/page"}],"author":[{"embeddable":true,"href":"https:\/\/9staedte.de\/fr\/wp-json\/wp\/v2\/users\/6"}],"replies":[{"embeddable":true,"href":"https:\/\/9staedte.de\/fr\/wp-json\/wp\/v2\/comments?post=22731"}],"version-history":[{"count":2,"href":"https:\/\/9staedte.de\/fr\/wp-json\/wp\/v2\/pages\/22731\/revisions"}],"predecessor-version":[{"id":22742,"href":"https:\/\/9staedte.de\/fr\/wp-json\/wp\/v2\/pages\/22731\/revisions\/22742"}],"up":[{"embeddable":true,"href":"https:\/\/9staedte.de\/fr\/wp-json\/wp\/v2\/pages\/17963"}],"wp:featuredmedia":[{"embeddable":true,"href":"https:\/\/9staedte.de\/fr\/wp-json\/wp\/v2\/media\/22715"}],"wp:attachment":[{"href":"https:\/\/9staedte.de\/fr\/wp-json\/wp\/v2\/media?parent=22731"}],"wp:term":[{"taxonomy":"category","embeddable":true,"href":"https:\/\/9staedte.de\/fr\/wp-json\/wp\/v2\/categories?post=22731"},{"taxonomy":"post_tag","embeddable":true,"href":"https:\/\/9staedte.de\/fr\/wp-json\/wp\/v2\/tags?post=22731"},{"taxonomy":"ncap_cities_tax","embeddable":true,"href":"https:\/\/9staedte.de\/fr\/wp-json\/wp\/v2\/ncap_cities_tax?post=22731"}],"curies":[{"name":"wp","href":"https:\/\/api.w.org\/{rel}","templated":true}]}}