{"id":22692,"date":"2024-06-14T13:27:25","date_gmt":"2024-06-14T11:27:25","guid":{"rendered":"https:\/\/9staedte.de\/mit-dem-wohnmobil-nach-hildesheim\/"},"modified":"2024-06-14T13:29:37","modified_gmt":"2024-06-14T11:29:37","slug":"mit-dem-wohnmobil-nach-hildesheim","status":"publish","type":"page","link":"https:\/\/9staedte.de\/fr\/hildesheim-ville-classee-au-patrimoine-mondial-de-lunesco\/mit-dem-wohnmobil-nach-hildesheim\/","title":{"rendered":"En camping-car \u00e0 Hildesheim"},"content":{"rendered":"\n<h2 class=\"wp-block-heading\">Explorez la ville class\u00e9e au patrimoine mondial de l&rsquo;UNESCO<\/h2>\n\n<p>L&#8217;emplacement est magnifiquement situ\u00e9 sur la rive est du lac Hohnsensee de Hildesheim, avec un acc\u00e8s facile \u00e0 l&rsquo;autoroute via les routes B1 et B6. Vous y resterez gratuitement jusqu&rsquo;\u00e0 deux nuits dans un cadre verdoyant au bord de l&rsquo;eau. Le centre-ville historique est \u00e0 deux pas. Vous pouvez partir directement de l&#8217;emplacement pour une balade \u00e0 v\u00e9lo le long de la pittoresque rivi\u00e8re Innerste ou siroter des boissons fra\u00eeches \u00e0 la piscine en plein air JoWiese toute proche, les pieds dans le sable sous les palmiers.<\/p>\n\n<p>Un peu plus loin du centre-ville de Hildesheim, mais tout pr\u00e8s de l&rsquo;A7, se trouve l&#8217;emplacement simple au rond-point de Berlin, qui convient bien pour une courte escale gr\u00e2ce \u00e0 sa proximit\u00e9 avec des restaurants et un arr\u00eat de bus de la ligne 5 qui m\u00e8ne au centre.<\/p>\n\n<figure class=\"wp-block-image size-full\"><img loading=\"lazy\" decoding=\"async\" width=\"1020\" height=\"561\" src=\"https:\/\/9staedte.de\/wp-content\/smush-webp\/2024\/06\/Wohnmobilstellplatz-Hohnsensee-CC0.jpg.webp\" alt=\"Aire de camping-car Hohnsensee CC0\" class=\"wp-image-22680\" srcset=\"https:\/\/9staedte.de\/wp-content\/smush-webp\/2024\/06\/Wohnmobilstellplatz-Hohnsensee-CC0.jpg.webp 1020w, https:\/\/9staedte.de\/wp-content\/smush-webp\/2024\/06\/Wohnmobilstellplatz-Hohnsensee-CC0-300x165.jpg.webp 300w, https:\/\/9staedte.de\/wp-content\/smush-webp\/2024\/06\/Wohnmobilstellplatz-Hohnsensee-CC0-768x422.jpg.webp 768w\" sizes=\"auto, (max-width: 1020px) 100vw, 1020px\" \/><figcaption class=\"wp-element-caption\">Aire de camping-car Hohnsensee CC0<\/figcaption><\/figure>\n\n<p><a href=\"https:\/\/www.hildesheim-tourismus.de\/anreise\/wohnmobil\">Plus d&rsquo;informations sur les camping-cars et le camping \u00e0 Hildesheim :<\/a><\/p>\n\n <div class=\"brlbs-cmpnt-container brlbs-cmpnt-content-blocker brlbs-cmpnt-with-individual-styles\" data-borlabs-cookie-content-blocker-id=\"google-maps\" data-borlabs-cookie-content=\"PGlmcmFtZSBzcmM9Imh0dHBzOi8vd3d3Lmdvb2dsZS5jb20vbWFwcy9kL2VtYmVkP21pZD0xeTFiZmtOeWw4WnhyZzJJd3hlQU1nZjBjM1pRbDhLRSZlaGJjPTJFMzEyRiIgd2lkdGg9IjY0MCIgaGVpZ2h0PSI0ODAiPjwvaWZyYW1lPg==\"><div class=\"brlbs-cmpnt-cb-preset-b brlbs-cmpnt-cb-google-maps\"> <div class=\"brlbs-cmpnt-cb-thumbnail\" style=\"background-image: url('https:\/\/9staedte.de\/wp-content\/uploads\/borlabs-cookie\/1\/brlbs-cb-google-maps-main.png')\"><\/div> <div class=\"brlbs-cmpnt-cb-main\"> <div class=\"brlbs-cmpnt-cb-content\"> <p class=\"brlbs-cmpnt-cb-description\">Vous \u00eates actuellement en train de consulter le contenu d&rsquo;un espace r\u00e9serv\u00e9 de <strong>Google Maps<\/strong>. Pour acc\u00e9der au contenu r\u00e9el, cliquez sur le bouton ci-dessous. Veuillez noter que ce faisant, des donn\u00e9es seront partag\u00e9es avec des providers tiers.<\/p> <a class=\"brlbs-cmpnt-cb-provider-toggle\" href=\"#\" data-borlabs-cookie-show-provider-information role=\"button\">Plus d&rsquo;informations<\/a> <\/div> <div class=\"brlbs-cmpnt-cb-buttons\"> <a class=\"brlbs-cmpnt-cb-btn\" href=\"#\" data-borlabs-cookie-unblock role=\"button\">D\u00e9bloquer le contenu<\/a> <a class=\"brlbs-cmpnt-cb-btn\" href=\"#\" data-borlabs-cookie-accept-service role=\"button\" style=\"display: inherit\">Accepter le service requis et d\u00e9bloquer le contenu<\/a> <\/div> <\/div> <\/div><\/div>\n\n<h2 class=\"wp-block-heading\">9 conseils pour les voyageurs en camping-car \u00e0 Hildesheim<\/h2>\n\n<figure class=\"wp-block-table\"><table><tbody><tr><td>1. une promenade \u00e0 v\u00e9lo le long de l&rsquo;Innerste jusqu&rsquo;au <a href=\"https:\/\/www.facebook.com\/p\/Hofcaf%C3%A9-Dom%C3%A4ne-Marienburg-100063732454567\/?locale=de_DE\">Hofcaf\u00e9 Dom\u00e4ne Marienburg<\/a> <br\/>2. combiner le voyage en camping-car avec un <a href=\"https:\/\/www.hildesheim-tourismus.de\/veranstaltungen\">\u00e9v\u00e9nement phare<\/a> de Hildesheim : de la f\u00eate du vin \u00e0 Jazztime, de la f\u00eate du lac \u00e0 Hohnsen \u00e0 Pflasterzauber  <br\/>3. explorer le centre-ville de Hildesheim : un caf\u00e9 sur la place historique du march\u00e9, la vue panoramique du clocher de l&rsquo;\u00e9glise Saint-Andr\u00e9 et les \u00e9glises Mariendom et St. Michaelis, class\u00e9es au patrimoine mondial de l&rsquo;UNESCO, sont des incontournables !<br\/>4. d\u00e9couvrir les mus\u00e9es de Hildesheim : le <a href=\"https:\/\/www.hildesheim-tourismus.de\/poi\/dommuseum-hildesheim\">Dommseum<\/a> et le tr\u00e9sor de la cath\u00e9drale ainsi que la deuxi\u00e8me plus grande collection \u00e9gyptologique d&rsquo;Allemagne au <a href=\"https:\/\/www.hildesheim-tourismus.de\/poi\/roemer-und-pelizaeus-museum\">Roemer- und Pelizaeus-Museum<\/a> <br\/>5. explorer les villes de la r\u00e9gion \u00e0 partir du camping-car : par exemple la <a href=\"https:\/\/www.hildesheim-tourismus.de\/ausflugsziele-in-der-region\/kurort-bad-salzdetfurth\">station thermale de Bad Salzdetfurth<\/a> ou <a href=\"https:\/\/www.hildesheim-tourismus.de\/poi\/kloster-und-klosterpark-lamspringe\">le monast\u00e8re et le parc du monast\u00e8re de Lamspringe<\/a> <br\/>6. une excursion \u00e0 l&rsquo;<a href=\"https:\/\/www.hildesheim-tourismus.de\/poi\/unesco-welterbe-fagus-werk\">usine Fagus d&rsquo;<\/a> Alfeld, <a href=\"https:\/\/www.hildesheim-tourismus.de\/poi\/unesco-welterbe-fagus-werk\">inscrite au patrimoine mondial de l&rsquo;UNESCO<\/a>  <br\/>7. une excursion \u00e0 Holle au <a href=\"https:\/\/www.hildesheim-tourismus.de\/poi\/kunstmuseum-schloss-derneburg\">mus\u00e9e d&rsquo;art du ch\u00e2teau de Derneburg<\/a>, suivie d&rsquo;une courte randonn\u00e9e sur le sentier culturel de Laves et d&rsquo;un caf\u00e9 et d&rsquo;un g\u00e2teau au Glashaus de Holle  <br\/>8. barboter et prendre le soleil \u00e0 la plage et \u00e0 la piscine en plein air <a href=\"https:\/\/jo-wiese.de\/\">JoWiese<\/a> &#8211; admirer plus de 300 animaux dans le parc \u00e0 gibier voisin, d&rsquo;une superficie de 60 000 m\u00b2.  <br\/>9. laisser les chiens s&rsquo;\u00e9battre sans laisse : dans la <a href=\"https:\/\/www.stadt-hildesheim.de\/portal\/seiten\/hundefreilaufflaechen-900000562-33610.html\">piscine \u00e0 d\u00e9bordement<\/a> du Hohnsensee, situ\u00e9e \u00e0 proximit\u00e9 de l&#8217;emplacement, les chiens peuvent \u00eatre tenus en laisse toute l&rsquo;ann\u00e9e et se d\u00e9fouler sur l&rsquo;espace vert.<\/td><\/tr><\/tbody><\/table><\/figure>\n","protected":false},"excerpt":{"rendered":"<p>Explorez la ville class\u00e9e au patrimoine mondial de l&rsquo;UNESCO L&#8217;emplacement est magnifiquement situ\u00e9 sur la rive est du lac Hohnsensee de Hildesheim, avec un acc\u00e8s facile \u00e0 l&rsquo;autoroute via les routes B1 et B6. Vous y resterez gratuitement jusqu&rsquo;\u00e0 deux nuits dans un cadre verdoyant au bord de l&rsquo;eau. Le centre-ville historique est \u00e0 deux [&hellip;]<\/p>\n","protected":false},"author":6,"featured_media":22676,"parent":17998,"menu_order":0,"comment_status":"closed","ping_status":"closed","template":"","meta":{"_acf_changed":false,"footnotes":""},"categories":[],"tags":[],"ncap_cities_tax":[464,1436],"class_list":["post-22692","page","type-page","status-publish","has-post-thumbnail","hentry","ncap_cities_tax-hildesheim-fr","ncap_cities_tax-reisemobilstellplatze-hildesheim-fr"],"acf":[],"yoast_head":"<!-- This site is optimized with the Yoast SEO plugin v26.8 - https:\/\/yoast.com\/product\/yoast-seo-wordpress\/ -->\n<title>En camping-car \u00e0 Hildesheim - 9 St\u00e4dte in Niedersachsen<\/title>\n<meta name=\"robots\" content=\"index, follow, max-snippet:-1, max-image-preview:large, max-video-preview:-1\" \/>\n<link rel=\"canonical\" href=\"https:\/\/9staedte.de\/fr\/hildesheim-ville-classee-au-patrimoine-mondial-de-lunesco\/mit-dem-wohnmobil-nach-hildesheim\/\" \/>\n<meta property=\"og:locale\" content=\"fr_FR\" \/>\n<meta property=\"og:type\" content=\"article\" \/>\n<meta property=\"og:title\" content=\"En camping-car \u00e0 Hildesheim - 9 St\u00e4dte in Niedersachsen\" \/>\n<meta property=\"og:description\" content=\"Explorez la ville class\u00e9e au patrimoine mondial de l&rsquo;UNESCO L&#8217;emplacement est magnifiquement situ\u00e9 sur la rive est du lac Hohnsensee de Hildesheim, avec un acc\u00e8s facile \u00e0 l&rsquo;autoroute via les routes B1 et B6. Vous y resterez gratuitement jusqu&rsquo;\u00e0 deux nuits dans un cadre verdoyant au bord de l&rsquo;eau. Le centre-ville historique est \u00e0 deux [&hellip;]\" \/>\n<meta property=\"og:url\" content=\"https:\/\/9staedte.de\/fr\/hildesheim-ville-classee-au-patrimoine-mondial-de-lunesco\/mit-dem-wohnmobil-nach-hildesheim\/\" \/>\n<meta property=\"og:site_name\" content=\"9 St\u00e4dte in Niedersachsen\" \/>\n<meta property=\"article:modified_time\" content=\"2024-06-14T11:29:37+00:00\" \/>\n<meta property=\"og:image\" content=\"https:\/\/9staedte.de\/wp-content\/uploads\/2024\/06\/Hildesheim-Mariendom_Foto-Max-Wiesenbach-CC-BY-min.jpg\" \/>\n\t<meta property=\"og:image:width\" content=\"1019\" \/>\n\t<meta property=\"og:image:height\" content=\"559\" \/>\n\t<meta property=\"og:image:type\" content=\"image\/jpeg\" \/>\n<meta name=\"twitter:card\" content=\"summary_large_image\" \/>\n<meta name=\"twitter:label1\" content=\"Dur\u00e9e de lecture estim\u00e9e\" \/>\n\t<meta name=\"twitter:data1\" content=\"3 minutes\" \/>\n<script type=\"application\/ld+json\" class=\"yoast-schema-graph\">{\"@context\":\"https:\/\/schema.org\",\"@graph\":[{\"@type\":\"WebPage\",\"@id\":\"https:\/\/9staedte.de\/fr\/hildesheim-ville-classee-au-patrimoine-mondial-de-lunesco\/mit-dem-wohnmobil-nach-hildesheim\/\",\"url\":\"https:\/\/9staedte.de\/fr\/hildesheim-ville-classee-au-patrimoine-mondial-de-lunesco\/mit-dem-wohnmobil-nach-hildesheim\/\",\"name\":\"En camping-car \u00e0 Hildesheim - 9 St\u00e4dte in Niedersachsen\",\"isPartOf\":{\"@id\":\"https:\/\/9staedte.de\/fr\/#website\"},\"primaryImageOfPage\":{\"@id\":\"https:\/\/9staedte.de\/fr\/hildesheim-ville-classee-au-patrimoine-mondial-de-lunesco\/mit-dem-wohnmobil-nach-hildesheim\/#primaryimage\"},\"image\":{\"@id\":\"https:\/\/9staedte.de\/fr\/hildesheim-ville-classee-au-patrimoine-mondial-de-lunesco\/mit-dem-wohnmobil-nach-hildesheim\/#primaryimage\"},\"thumbnailUrl\":\"https:\/\/9staedte.de\/wp-content\/uploads\/2024\/06\/Hildesheim-Mariendom_Foto-Max-Wiesenbach-CC-BY-min.jpg\",\"datePublished\":\"2024-06-14T11:27:25+00:00\",\"dateModified\":\"2024-06-14T11:29:37+00:00\",\"breadcrumb\":{\"@id\":\"https:\/\/9staedte.de\/fr\/hildesheim-ville-classee-au-patrimoine-mondial-de-lunesco\/mit-dem-wohnmobil-nach-hildesheim\/#breadcrumb\"},\"inLanguage\":\"fr-FR\",\"potentialAction\":[{\"@type\":\"ReadAction\",\"target\":[\"https:\/\/9staedte.de\/fr\/hildesheim-ville-classee-au-patrimoine-mondial-de-lunesco\/mit-dem-wohnmobil-nach-hildesheim\/\"]}]},{\"@type\":\"ImageObject\",\"inLanguage\":\"fr-FR\",\"@id\":\"https:\/\/9staedte.de\/fr\/hildesheim-ville-classee-au-patrimoine-mondial-de-lunesco\/mit-dem-wohnmobil-nach-hildesheim\/#primaryimage\",\"url\":\"https:\/\/9staedte.de\/wp-content\/uploads\/2024\/06\/Hildesheim-Mariendom_Foto-Max-Wiesenbach-CC-BY-min.jpg\",\"contentUrl\":\"https:\/\/9staedte.de\/wp-content\/uploads\/2024\/06\/Hildesheim-Mariendom_Foto-Max-Wiesenbach-CC-BY-min.jpg\",\"width\":1019,\"height\":559,\"caption\":\"Hildesheim Mariendom_Foto Max Wiesenbach (CC-BY)-min\"},{\"@type\":\"BreadcrumbList\",\"@id\":\"https:\/\/9staedte.de\/fr\/hildesheim-ville-classee-au-patrimoine-mondial-de-lunesco\/mit-dem-wohnmobil-nach-hildesheim\/#breadcrumb\",\"itemListElement\":[{\"@type\":\"ListItem\",\"position\":1,\"name\":\"Startseite\",\"item\":\"https:\/\/9staedte.de\/fr\/\"},{\"@type\":\"ListItem\",\"position\":2,\"name\":\"En camping-car \u00e0 Hildesheim\"}]},{\"@type\":\"WebSite\",\"@id\":\"https:\/\/9staedte.de\/fr\/#website\",\"url\":\"https:\/\/9staedte.de\/fr\/\",\"name\":\"9 St\u00e4dte in Niedersachsen\",\"description\":\"\",\"publisher\":{\"@id\":\"https:\/\/9staedte.de\/fr\/#organization\"},\"potentialAction\":[{\"@type\":\"SearchAction\",\"target\":{\"@type\":\"EntryPoint\",\"urlTemplate\":\"https:\/\/9staedte.de\/fr\/?s={search_term_string}\"},\"query-input\":{\"@type\":\"PropertyValueSpecification\",\"valueRequired\":true,\"valueName\":\"search_term_string\"}}],\"inLanguage\":\"fr-FR\"},{\"@type\":\"Organization\",\"@id\":\"https:\/\/9staedte.de\/fr\/#organization\",\"name\":\"9 St\u00e4dte in Niedersachsen\",\"url\":\"https:\/\/9staedte.de\/fr\/\",\"logo\":{\"@type\":\"ImageObject\",\"inLanguage\":\"fr-FR\",\"@id\":\"https:\/\/9staedte.de\/fr\/#\/schema\/logo\/image\/\",\"url\":\"https:\/\/9staedte.de\/wp-content\/uploads\/2025\/01\/9-neg-deutsch-2-1.png\",\"contentUrl\":\"https:\/\/9staedte.de\/wp-content\/uploads\/2025\/01\/9-neg-deutsch-2-1.png\",\"width\":190,\"height\":114,\"caption\":\"9 St\u00e4dte in Niedersachsen\"},\"image\":{\"@id\":\"https:\/\/9staedte.de\/fr\/#\/schema\/logo\/image\/\"}}]}<\/script>\n<!-- \/ Yoast SEO plugin. -->","yoast_head_json":{"title":"En camping-car \u00e0 Hildesheim - 9 St\u00e4dte in Niedersachsen","robots":{"index":"index","follow":"follow","max-snippet":"max-snippet:-1","max-image-preview":"max-image-preview:large","max-video-preview":"max-video-preview:-1"},"canonical":"https:\/\/9staedte.de\/fr\/hildesheim-ville-classee-au-patrimoine-mondial-de-lunesco\/mit-dem-wohnmobil-nach-hildesheim\/","og_locale":"fr_FR","og_type":"article","og_title":"En camping-car \u00e0 Hildesheim - 9 St\u00e4dte in Niedersachsen","og_description":"Explorez la ville class\u00e9e au patrimoine mondial de l&rsquo;UNESCO L&#8217;emplacement est magnifiquement situ\u00e9 sur la rive est du lac Hohnsensee de Hildesheim, avec un acc\u00e8s facile \u00e0 l&rsquo;autoroute via les routes B1 et B6. Vous y resterez gratuitement jusqu&rsquo;\u00e0 deux nuits dans un cadre verdoyant au bord de l&rsquo;eau. Le centre-ville historique est \u00e0 deux [&hellip;]","og_url":"https:\/\/9staedte.de\/fr\/hildesheim-ville-classee-au-patrimoine-mondial-de-lunesco\/mit-dem-wohnmobil-nach-hildesheim\/","og_site_name":"9 St\u00e4dte in Niedersachsen","article_modified_time":"2024-06-14T11:29:37+00:00","og_image":[{"width":1019,"height":559,"url":"https:\/\/9staedte.de\/wp-content\/uploads\/2024\/06\/Hildesheim-Mariendom_Foto-Max-Wiesenbach-CC-BY-min.jpg","type":"image\/jpeg"}],"twitter_card":"summary_large_image","twitter_misc":{"Dur\u00e9e de lecture estim\u00e9e":"3 minutes"},"schema":{"@context":"https:\/\/schema.org","@graph":[{"@type":"WebPage","@id":"https:\/\/9staedte.de\/fr\/hildesheim-ville-classee-au-patrimoine-mondial-de-lunesco\/mit-dem-wohnmobil-nach-hildesheim\/","url":"https:\/\/9staedte.de\/fr\/hildesheim-ville-classee-au-patrimoine-mondial-de-lunesco\/mit-dem-wohnmobil-nach-hildesheim\/","name":"En camping-car \u00e0 Hildesheim - 9 St\u00e4dte in Niedersachsen","isPartOf":{"@id":"https:\/\/9staedte.de\/fr\/#website"},"primaryImageOfPage":{"@id":"https:\/\/9staedte.de\/fr\/hildesheim-ville-classee-au-patrimoine-mondial-de-lunesco\/mit-dem-wohnmobil-nach-hildesheim\/#primaryimage"},"image":{"@id":"https:\/\/9staedte.de\/fr\/hildesheim-ville-classee-au-patrimoine-mondial-de-lunesco\/mit-dem-wohnmobil-nach-hildesheim\/#primaryimage"},"thumbnailUrl":"https:\/\/9staedte.de\/wp-content\/uploads\/2024\/06\/Hildesheim-Mariendom_Foto-Max-Wiesenbach-CC-BY-min.jpg","datePublished":"2024-06-14T11:27:25+00:00","dateModified":"2024-06-14T11:29:37+00:00","breadcrumb":{"@id":"https:\/\/9staedte.de\/fr\/hildesheim-ville-classee-au-patrimoine-mondial-de-lunesco\/mit-dem-wohnmobil-nach-hildesheim\/#breadcrumb"},"inLanguage":"fr-FR","potentialAction":[{"@type":"ReadAction","target":["https:\/\/9staedte.de\/fr\/hildesheim-ville-classee-au-patrimoine-mondial-de-lunesco\/mit-dem-wohnmobil-nach-hildesheim\/"]}]},{"@type":"ImageObject","inLanguage":"fr-FR","@id":"https:\/\/9staedte.de\/fr\/hildesheim-ville-classee-au-patrimoine-mondial-de-lunesco\/mit-dem-wohnmobil-nach-hildesheim\/#primaryimage","url":"https:\/\/9staedte.de\/wp-content\/uploads\/2024\/06\/Hildesheim-Mariendom_Foto-Max-Wiesenbach-CC-BY-min.jpg","contentUrl":"https:\/\/9staedte.de\/wp-content\/uploads\/2024\/06\/Hildesheim-Mariendom_Foto-Max-Wiesenbach-CC-BY-min.jpg","width":1019,"height":559,"caption":"Hildesheim Mariendom_Foto Max Wiesenbach (CC-BY)-min"},{"@type":"BreadcrumbList","@id":"https:\/\/9staedte.de\/fr\/hildesheim-ville-classee-au-patrimoine-mondial-de-lunesco\/mit-dem-wohnmobil-nach-hildesheim\/#breadcrumb","itemListElement":[{"@type":"ListItem","position":1,"name":"Startseite","item":"https:\/\/9staedte.de\/fr\/"},{"@type":"ListItem","position":2,"name":"En camping-car \u00e0 Hildesheim"}]},{"@type":"WebSite","@id":"https:\/\/9staedte.de\/fr\/#website","url":"https:\/\/9staedte.de\/fr\/","name":"9 St\u00e4dte in Niedersachsen","description":"","publisher":{"@id":"https:\/\/9staedte.de\/fr\/#organization"},"potentialAction":[{"@type":"SearchAction","target":{"@type":"EntryPoint","urlTemplate":"https:\/\/9staedte.de\/fr\/?s={search_term_string}"},"query-input":{"@type":"PropertyValueSpecification","valueRequired":true,"valueName":"search_term_string"}}],"inLanguage":"fr-FR"},{"@type":"Organization","@id":"https:\/\/9staedte.de\/fr\/#organization","name":"9 St\u00e4dte in Niedersachsen","url":"https:\/\/9staedte.de\/fr\/","logo":{"@type":"ImageObject","inLanguage":"fr-FR","@id":"https:\/\/9staedte.de\/fr\/#\/schema\/logo\/image\/","url":"https:\/\/9staedte.de\/wp-content\/uploads\/2025\/01\/9-neg-deutsch-2-1.png","contentUrl":"https:\/\/9staedte.de\/wp-content\/uploads\/2025\/01\/9-neg-deutsch-2-1.png","width":190,"height":114,"caption":"9 St\u00e4dte in Niedersachsen"},"image":{"@id":"https:\/\/9staedte.de\/fr\/#\/schema\/logo\/image\/"}}]}},"_links":{"self":[{"href":"https:\/\/9staedte.de\/fr\/wp-json\/wp\/v2\/pages\/22692","targetHints":{"allow":["GET"]}}],"collection":[{"href":"https:\/\/9staedte.de\/fr\/wp-json\/wp\/v2\/pages"}],"about":[{"href":"https:\/\/9staedte.de\/fr\/wp-json\/wp\/v2\/types\/page"}],"author":[{"embeddable":true,"href":"https:\/\/9staedte.de\/fr\/wp-json\/wp\/v2\/users\/6"}],"replies":[{"embeddable":true,"href":"https:\/\/9staedte.de\/fr\/wp-json\/wp\/v2\/comments?post=22692"}],"version-history":[{"count":2,"href":"https:\/\/9staedte.de\/fr\/wp-json\/wp\/v2\/pages\/22692\/revisions"}],"predecessor-version":[{"id":22703,"href":"https:\/\/9staedte.de\/fr\/wp-json\/wp\/v2\/pages\/22692\/revisions\/22703"}],"up":[{"embeddable":true,"href":"https:\/\/9staedte.de\/fr\/wp-json\/wp\/v2\/pages\/17998"}],"wp:featuredmedia":[{"embeddable":true,"href":"https:\/\/9staedte.de\/fr\/wp-json\/wp\/v2\/media\/22676"}],"wp:attachment":[{"href":"https:\/\/9staedte.de\/fr\/wp-json\/wp\/v2\/media?parent=22692"}],"wp:term":[{"taxonomy":"category","embeddable":true,"href":"https:\/\/9staedte.de\/fr\/wp-json\/wp\/v2\/categories?post=22692"},{"taxonomy":"post_tag","embeddable":true,"href":"https:\/\/9staedte.de\/fr\/wp-json\/wp\/v2\/tags?post=22692"},{"taxonomy":"ncap_cities_tax","embeddable":true,"href":"https:\/\/9staedte.de\/fr\/wp-json\/wp\/v2\/ncap_cities_tax?post=22692"}],"curies":[{"name":"wp","href":"https:\/\/api.w.org\/{rel}","templated":true}]}}