{"id":22653,"date":"2024-06-14T12:50:59","date_gmt":"2024-06-14T10:50:59","guid":{"rendered":"https:\/\/9staedte.de\/mit-dem-wohnmobil-nach-hannover\/"},"modified":"2024-06-14T12:53:03","modified_gmt":"2024-06-14T10:53:03","slug":"mit-dem-wohnmobil-nach-hannover","status":"publish","type":"page","link":"https:\/\/9staedte.de\/fr\/hanovre-capitale-de-la-basse-saxe\/mit-dem-wohnmobil-nach-hannover\/","title":{"rendered":"En camping-car \u00e0 Hanovre"},"content":{"rendered":"\n<h2 class=\"wp-block-heading\">De multiples possibilit\u00e9s<\/h2>\n\n<p>Hanovre n&rsquo;est ni trop grande, ni trop petite, ni trop bruyante, ni trop silencieuse, urbaine et verte, avec beaucoup d&rsquo;offres culturelles et de nature. La capitale de la Basse-Saxe et ses environs attrayants offrent une grande vari\u00e9t\u00e9 de possibilit\u00e9s aux amateurs de camping. Peu de r\u00e9gions offrent des possibilit\u00e9s de loisirs aussi vari\u00e9es. Fl\u00e2nez dans les jardins de Herrnhausen ou profitez d&rsquo;une s\u00e9ance de shopping dans l&rsquo;une des plus grandes zones pi\u00e9tonnes d&rsquo;Allemagne. Faites de la randonn\u00e9e dans la cha\u00eene de montagnes Deister ou d\u00e9tendez-vous au Steinhuder Meer, le plus grand lac de Basse-Saxe.<\/p>\n\n<figure class=\"wp-block-image size-full\"><img loading=\"lazy\" decoding=\"async\" width=\"1020\" height=\"557\" src=\"https:\/\/9staedte.de\/wp-content\/smush-webp\/2024\/06\/Steinhuder-Meer-c-HMTG-Hans-Zaglitsch.jpg.webp\" alt=\"Steinhuder Meer c) HMTG Hans Zaglitsch\" class=\"wp-image-22641\" srcset=\"https:\/\/9staedte.de\/wp-content\/smush-webp\/2024\/06\/Steinhuder-Meer-c-HMTG-Hans-Zaglitsch.jpg.webp 1020w, https:\/\/9staedte.de\/wp-content\/smush-webp\/2024\/06\/Steinhuder-Meer-c-HMTG-Hans-Zaglitsch-300x164.jpg.webp 300w, https:\/\/9staedte.de\/wp-content\/smush-webp\/2024\/06\/Steinhuder-Meer-c-HMTG-Hans-Zaglitsch-768x419.jpg.webp 768w\" sizes=\"auto, (max-width: 1020px) 100vw, 1020px\" \/><figcaption class=\"wp-element-caption\">Steinhuder Meer c) HMTG Hans Zaglitsch<\/figcaption><\/figure>\n\n<p>Nos conseils pour vos vacances en camping ou en camping-car \u00e0 Hanovre et dans ses environs :<\/p>\n\n<ul class=\"wp-block-list\">\n<li><a href=\"https:\/\/www.visit-hannover.com\/Sehensw%C3%BCrdigkeiten-Stadttouren\/Hannover-Urlaubsregion\/Ausflugsziele-in-der-Region\/Camping-Region-Hannover\/Wohnmobilstellplatz-Hannover-Nord\">Aire de Camping-car Hanovre Nord<\/a><\/li>\n\n\n\n<li><a href=\"https:\/\/www.visit-hannover.com\/Sehensw%C3%BCrdigkeiten-Stadttouren\/Hannover-Urlaubsregion\/Ausflugsziele-in-der-Region\/Natur-Landschaft\/Steinhuder-Meer\/Camping-am-Steinhuder-Meer\">Aires de camping et de caravaning autour du Steinhuder Meer<\/a><\/li>\n\n\n\n<li><a href=\"https:\/\/www.visit-hannover.com\/Sehensw%C3%BCrdigkeiten-Stadttouren\/Tourist-Information-Hannover\/Service-Mobilit%C3%A4t\/Aktuelles\/Hannover-bei-gutem-Wetter\/Deister\">Randonn\u00e9e dans le Deister<\/a><\/li>\n\n\n\n<li><a href=\"https:\/\/www.visit-hannover.com\/Sehensw%C3%BCrdigkeiten-Stadttouren\/Sehensw%C3%BCrdigkeiten\/Die-Herrenh%C3%A4user-G%C3%A4rten\">L&rsquo;art du jardin \u00e0 la perfection dans les jardins de Herrenhausen<\/a><\/li>\n\n\n\n<li><a href=\"https:\/\/hannover-living.de\/restaurants\/\">Plaisirs culinaires \u00e0 Hanovre<\/a><\/li>\n\n\n\n<li>Exploration de la ville le long du fil rouge<\/li>\n\n\n\n<li>Faire du v\u00e9lo dans la r\u00e9gion de Hanovre<\/li>\n\n\n\n<li>Faites un tour du monde au <a href=\"https:\/\/www.zoo-hannover.de\/\">zoo d&rsquo;Hanovre<\/a><\/li>\n<\/ul>\n\n<p>Vous trouverez <a href=\"https:\/\/www.visit-hannover.com\/Sehensw%C3%BCrdigkeiten-Stadttouren\/Hannover-Urlaubsregion\/Camping-Region-Hannover\">ici<\/a> un aper\u00e7u des terrains de camping et de caravaning :<\/p>\n\n <div class=\"brlbs-cmpnt-container brlbs-cmpnt-content-blocker brlbs-cmpnt-with-individual-styles\" data-borlabs-cookie-content-blocker-id=\"google-maps\" data-borlabs-cookie-content=\"PGlmcmFtZSBzcmM9Imh0dHBzOi8vd3d3Lmdvb2dsZS5jb20vbWFwcy9kL2VtYmVkP21pZD0xR2RXaXMzS2I3VU9XNFhyVG1lTmRqUTM3clBDVVBCcyZlaGJjPTJFMzEyRiIgd2lkdGg9IjY0MCIgaGVpZ2h0PSI0ODAiPjwvaWZyYW1lPg==\"><div class=\"brlbs-cmpnt-cb-preset-b brlbs-cmpnt-cb-google-maps\"> <div class=\"brlbs-cmpnt-cb-thumbnail\" style=\"background-image: url('https:\/\/9staedte.de\/wp-content\/uploads\/borlabs-cookie\/1\/brlbs-cb-google-maps-main.png')\"><\/div> <div class=\"brlbs-cmpnt-cb-main\"> <div class=\"brlbs-cmpnt-cb-content\"> <p class=\"brlbs-cmpnt-cb-description\">Vous \u00eates actuellement en train de consulter le contenu d&rsquo;un espace r\u00e9serv\u00e9 de <strong>Google Maps<\/strong>. Pour acc\u00e9der au contenu r\u00e9el, cliquez sur le bouton ci-dessous. Veuillez noter que ce faisant, des donn\u00e9es seront partag\u00e9es avec des providers tiers.<\/p> <a class=\"brlbs-cmpnt-cb-provider-toggle\" href=\"#\" data-borlabs-cookie-show-provider-information role=\"button\">Plus d&rsquo;informations<\/a> <\/div> <div class=\"brlbs-cmpnt-cb-buttons\"> <a class=\"brlbs-cmpnt-cb-btn\" href=\"#\" data-borlabs-cookie-unblock role=\"button\">D\u00e9bloquer le contenu<\/a> <a class=\"brlbs-cmpnt-cb-btn\" href=\"#\" data-borlabs-cookie-accept-service role=\"button\" style=\"display: inherit\">Accepter le service requis et d\u00e9bloquer le contenu<\/a> <\/div> <\/div> <\/div><\/div>\n","protected":false},"excerpt":{"rendered":"<p>De multiples possibilit\u00e9s Hanovre n&rsquo;est ni trop grande, ni trop petite, ni trop bruyante, ni trop silencieuse, urbaine et verte, avec beaucoup d&rsquo;offres culturelles et de nature. La capitale de la Basse-Saxe et ses environs attrayants offrent une grande vari\u00e9t\u00e9 de possibilit\u00e9s aux amateurs de camping. Peu de r\u00e9gions offrent des possibilit\u00e9s de loisirs aussi [&hellip;]<\/p>\n","protected":false},"author":6,"featured_media":22637,"parent":18000,"menu_order":0,"comment_status":"closed","ping_status":"closed","template":"","meta":{"_acf_changed":false,"footnotes":""},"categories":[],"tags":[],"ncap_cities_tax":[457,1429],"class_list":["post-22653","page","type-page","status-publish","has-post-thumbnail","hentry","ncap_cities_tax-hannover-fr","ncap_cities_tax-reisemobilstellplatze-hannover-fr"],"acf":[],"yoast_head":"<!-- This site is optimized with the Yoast SEO plugin v27.4 - https:\/\/yoast.com\/product\/yoast-seo-wordpress\/ -->\n<title>En camping-car \u00e0 Hanovre - 9 St\u00e4dte in Niedersachsen<\/title>\n<meta name=\"robots\" content=\"index, follow, max-snippet:-1, max-image-preview:large, max-video-preview:-1\" \/>\n<link rel=\"canonical\" href=\"https:\/\/9staedte.de\/fr\/hanovre-capitale-de-la-basse-saxe\/mit-dem-wohnmobil-nach-hannover\/\" \/>\n<meta property=\"og:locale\" content=\"fr_FR\" \/>\n<meta property=\"og:type\" content=\"article\" \/>\n<meta property=\"og:title\" content=\"En camping-car \u00e0 Hanovre - 9 St\u00e4dte in Niedersachsen\" \/>\n<meta property=\"og:description\" content=\"De multiples possibilit\u00e9s Hanovre n&rsquo;est ni trop grande, ni trop petite, ni trop bruyante, ni trop silencieuse, urbaine et verte, avec beaucoup d&rsquo;offres culturelles et de nature. La capitale de la Basse-Saxe et ses environs attrayants offrent une grande vari\u00e9t\u00e9 de possibilit\u00e9s aux amateurs de camping. Peu de r\u00e9gions offrent des possibilit\u00e9s de loisirs aussi [&hellip;]\" \/>\n<meta property=\"og:url\" content=\"https:\/\/9staedte.de\/fr\/hanovre-capitale-de-la-basse-saxe\/mit-dem-wohnmobil-nach-hannover\/\" \/>\n<meta property=\"og:site_name\" content=\"9 St\u00e4dte in Niedersachsen\" \/>\n<meta property=\"article:modified_time\" content=\"2024-06-14T10:53:03+00:00\" \/>\n<meta property=\"og:image\" content=\"https:\/\/9staedte.de\/wp-content\/uploads\/2024\/06\/Altstadt-Hohes-Ufer-c-HMTG-Axel-Heise.jpg\" \/>\n\t<meta property=\"og:image:width\" content=\"1020\" \/>\n\t<meta property=\"og:image:height\" content=\"559\" \/>\n\t<meta property=\"og:image:type\" content=\"image\/jpeg\" \/>\n<meta name=\"twitter:card\" content=\"summary_large_image\" \/>\n<meta name=\"twitter:label1\" content=\"Dur\u00e9e de lecture estim\u00e9e\" \/>\n\t<meta name=\"twitter:data1\" content=\"2 minutes\" \/>\n<script type=\"application\/ld+json\" class=\"yoast-schema-graph\">{\"@context\":\"https:\\\/\\\/schema.org\",\"@graph\":[{\"@type\":\"WebPage\",\"@id\":\"https:\\\/\\\/9staedte.de\\\/fr\\\/hanovre-capitale-de-la-basse-saxe\\\/mit-dem-wohnmobil-nach-hannover\\\/\",\"url\":\"https:\\\/\\\/9staedte.de\\\/fr\\\/hanovre-capitale-de-la-basse-saxe\\\/mit-dem-wohnmobil-nach-hannover\\\/\",\"name\":\"En camping-car \u00e0 Hanovre - 9 St\u00e4dte in Niedersachsen\",\"isPartOf\":{\"@id\":\"https:\\\/\\\/9staedte.de\\\/fr\\\/#website\"},\"primaryImageOfPage\":{\"@id\":\"https:\\\/\\\/9staedte.de\\\/fr\\\/hanovre-capitale-de-la-basse-saxe\\\/mit-dem-wohnmobil-nach-hannover\\\/#primaryimage\"},\"image\":{\"@id\":\"https:\\\/\\\/9staedte.de\\\/fr\\\/hanovre-capitale-de-la-basse-saxe\\\/mit-dem-wohnmobil-nach-hannover\\\/#primaryimage\"},\"thumbnailUrl\":\"https:\\\/\\\/9staedte.de\\\/wp-content\\\/uploads\\\/2024\\\/06\\\/Altstadt-Hohes-Ufer-c-HMTG-Axel-Heise.jpg\",\"datePublished\":\"2024-06-14T10:50:59+00:00\",\"dateModified\":\"2024-06-14T10:53:03+00:00\",\"breadcrumb\":{\"@id\":\"https:\\\/\\\/9staedte.de\\\/fr\\\/hanovre-capitale-de-la-basse-saxe\\\/mit-dem-wohnmobil-nach-hannover\\\/#breadcrumb\"},\"inLanguage\":\"fr-FR\",\"potentialAction\":[{\"@type\":\"ReadAction\",\"target\":[\"https:\\\/\\\/9staedte.de\\\/fr\\\/hanovre-capitale-de-la-basse-saxe\\\/mit-dem-wohnmobil-nach-hannover\\\/\"]}]},{\"@type\":\"ImageObject\",\"inLanguage\":\"fr-FR\",\"@id\":\"https:\\\/\\\/9staedte.de\\\/fr\\\/hanovre-capitale-de-la-basse-saxe\\\/mit-dem-wohnmobil-nach-hannover\\\/#primaryimage\",\"url\":\"https:\\\/\\\/9staedte.de\\\/wp-content\\\/uploads\\\/2024\\\/06\\\/Altstadt-Hohes-Ufer-c-HMTG-Axel-Heise.jpg\",\"contentUrl\":\"https:\\\/\\\/9staedte.de\\\/wp-content\\\/uploads\\\/2024\\\/06\\\/Altstadt-Hohes-Ufer-c-HMTG-Axel-Heise.jpg\",\"width\":1020,\"height\":559,\"caption\":\"Altstadt Hohes Ufer c) HMTG Axel Heise\"},{\"@type\":\"BreadcrumbList\",\"@id\":\"https:\\\/\\\/9staedte.de\\\/fr\\\/hanovre-capitale-de-la-basse-saxe\\\/mit-dem-wohnmobil-nach-hannover\\\/#breadcrumb\",\"itemListElement\":[{\"@type\":\"ListItem\",\"position\":1,\"name\":\"Startseite\",\"item\":\"https:\\\/\\\/9staedte.de\\\/fr\\\/\"},{\"@type\":\"ListItem\",\"position\":2,\"name\":\"En camping-car \u00e0 Hanovre\"}]},{\"@type\":\"WebSite\",\"@id\":\"https:\\\/\\\/9staedte.de\\\/fr\\\/#website\",\"url\":\"https:\\\/\\\/9staedte.de\\\/fr\\\/\",\"name\":\"9 St\u00e4dte in Niedersachsen\",\"description\":\"\",\"publisher\":{\"@id\":\"https:\\\/\\\/9staedte.de\\\/fr\\\/#organization\"},\"potentialAction\":[{\"@type\":\"SearchAction\",\"target\":{\"@type\":\"EntryPoint\",\"urlTemplate\":\"https:\\\/\\\/9staedte.de\\\/fr\\\/?s={search_term_string}\"},\"query-input\":{\"@type\":\"PropertyValueSpecification\",\"valueRequired\":true,\"valueName\":\"search_term_string\"}}],\"inLanguage\":\"fr-FR\"},{\"@type\":\"Organization\",\"@id\":\"https:\\\/\\\/9staedte.de\\\/fr\\\/#organization\",\"name\":\"9 St\u00e4dte in Niedersachsen\",\"url\":\"https:\\\/\\\/9staedte.de\\\/fr\\\/\",\"logo\":{\"@type\":\"ImageObject\",\"inLanguage\":\"fr-FR\",\"@id\":\"https:\\\/\\\/9staedte.de\\\/fr\\\/#\\\/schema\\\/logo\\\/image\\\/\",\"url\":\"https:\\\/\\\/9staedte.de\\\/wp-content\\\/uploads\\\/2025\\\/01\\\/9-neg-deutsch-2-1.png\",\"contentUrl\":\"https:\\\/\\\/9staedte.de\\\/wp-content\\\/uploads\\\/2025\\\/01\\\/9-neg-deutsch-2-1.png\",\"width\":190,\"height\":114,\"caption\":\"9 St\u00e4dte in Niedersachsen\"},\"image\":{\"@id\":\"https:\\\/\\\/9staedte.de\\\/fr\\\/#\\\/schema\\\/logo\\\/image\\\/\"}}]}<\/script>\n<!-- \/ Yoast SEO plugin. -->","yoast_head_json":{"title":"En camping-car \u00e0 Hanovre - 9 St\u00e4dte in Niedersachsen","robots":{"index":"index","follow":"follow","max-snippet":"max-snippet:-1","max-image-preview":"max-image-preview:large","max-video-preview":"max-video-preview:-1"},"canonical":"https:\/\/9staedte.de\/fr\/hanovre-capitale-de-la-basse-saxe\/mit-dem-wohnmobil-nach-hannover\/","og_locale":"fr_FR","og_type":"article","og_title":"En camping-car \u00e0 Hanovre - 9 St\u00e4dte in Niedersachsen","og_description":"De multiples possibilit\u00e9s Hanovre n&rsquo;est ni trop grande, ni trop petite, ni trop bruyante, ni trop silencieuse, urbaine et verte, avec beaucoup d&rsquo;offres culturelles et de nature. La capitale de la Basse-Saxe et ses environs attrayants offrent une grande vari\u00e9t\u00e9 de possibilit\u00e9s aux amateurs de camping. Peu de r\u00e9gions offrent des possibilit\u00e9s de loisirs aussi [&hellip;]","og_url":"https:\/\/9staedte.de\/fr\/hanovre-capitale-de-la-basse-saxe\/mit-dem-wohnmobil-nach-hannover\/","og_site_name":"9 St\u00e4dte in Niedersachsen","article_modified_time":"2024-06-14T10:53:03+00:00","og_image":[{"width":1020,"height":559,"url":"https:\/\/9staedte.de\/wp-content\/uploads\/2024\/06\/Altstadt-Hohes-Ufer-c-HMTG-Axel-Heise.jpg","type":"image\/jpeg"}],"twitter_card":"summary_large_image","twitter_misc":{"Dur\u00e9e de lecture estim\u00e9e":"2 minutes"},"schema":{"@context":"https:\/\/schema.org","@graph":[{"@type":"WebPage","@id":"https:\/\/9staedte.de\/fr\/hanovre-capitale-de-la-basse-saxe\/mit-dem-wohnmobil-nach-hannover\/","url":"https:\/\/9staedte.de\/fr\/hanovre-capitale-de-la-basse-saxe\/mit-dem-wohnmobil-nach-hannover\/","name":"En camping-car \u00e0 Hanovre - 9 St\u00e4dte in Niedersachsen","isPartOf":{"@id":"https:\/\/9staedte.de\/fr\/#website"},"primaryImageOfPage":{"@id":"https:\/\/9staedte.de\/fr\/hanovre-capitale-de-la-basse-saxe\/mit-dem-wohnmobil-nach-hannover\/#primaryimage"},"image":{"@id":"https:\/\/9staedte.de\/fr\/hanovre-capitale-de-la-basse-saxe\/mit-dem-wohnmobil-nach-hannover\/#primaryimage"},"thumbnailUrl":"https:\/\/9staedte.de\/wp-content\/uploads\/2024\/06\/Altstadt-Hohes-Ufer-c-HMTG-Axel-Heise.jpg","datePublished":"2024-06-14T10:50:59+00:00","dateModified":"2024-06-14T10:53:03+00:00","breadcrumb":{"@id":"https:\/\/9staedte.de\/fr\/hanovre-capitale-de-la-basse-saxe\/mit-dem-wohnmobil-nach-hannover\/#breadcrumb"},"inLanguage":"fr-FR","potentialAction":[{"@type":"ReadAction","target":["https:\/\/9staedte.de\/fr\/hanovre-capitale-de-la-basse-saxe\/mit-dem-wohnmobil-nach-hannover\/"]}]},{"@type":"ImageObject","inLanguage":"fr-FR","@id":"https:\/\/9staedte.de\/fr\/hanovre-capitale-de-la-basse-saxe\/mit-dem-wohnmobil-nach-hannover\/#primaryimage","url":"https:\/\/9staedte.de\/wp-content\/uploads\/2024\/06\/Altstadt-Hohes-Ufer-c-HMTG-Axel-Heise.jpg","contentUrl":"https:\/\/9staedte.de\/wp-content\/uploads\/2024\/06\/Altstadt-Hohes-Ufer-c-HMTG-Axel-Heise.jpg","width":1020,"height":559,"caption":"Altstadt Hohes Ufer c) HMTG Axel Heise"},{"@type":"BreadcrumbList","@id":"https:\/\/9staedte.de\/fr\/hanovre-capitale-de-la-basse-saxe\/mit-dem-wohnmobil-nach-hannover\/#breadcrumb","itemListElement":[{"@type":"ListItem","position":1,"name":"Startseite","item":"https:\/\/9staedte.de\/fr\/"},{"@type":"ListItem","position":2,"name":"En camping-car \u00e0 Hanovre"}]},{"@type":"WebSite","@id":"https:\/\/9staedte.de\/fr\/#website","url":"https:\/\/9staedte.de\/fr\/","name":"9 St\u00e4dte in Niedersachsen","description":"","publisher":{"@id":"https:\/\/9staedte.de\/fr\/#organization"},"potentialAction":[{"@type":"SearchAction","target":{"@type":"EntryPoint","urlTemplate":"https:\/\/9staedte.de\/fr\/?s={search_term_string}"},"query-input":{"@type":"PropertyValueSpecification","valueRequired":true,"valueName":"search_term_string"}}],"inLanguage":"fr-FR"},{"@type":"Organization","@id":"https:\/\/9staedte.de\/fr\/#organization","name":"9 St\u00e4dte in Niedersachsen","url":"https:\/\/9staedte.de\/fr\/","logo":{"@type":"ImageObject","inLanguage":"fr-FR","@id":"https:\/\/9staedte.de\/fr\/#\/schema\/logo\/image\/","url":"https:\/\/9staedte.de\/wp-content\/uploads\/2025\/01\/9-neg-deutsch-2-1.png","contentUrl":"https:\/\/9staedte.de\/wp-content\/uploads\/2025\/01\/9-neg-deutsch-2-1.png","width":190,"height":114,"caption":"9 St\u00e4dte in Niedersachsen"},"image":{"@id":"https:\/\/9staedte.de\/fr\/#\/schema\/logo\/image\/"}}]}},"_links":{"self":[{"href":"https:\/\/9staedte.de\/fr\/wp-json\/wp\/v2\/pages\/22653","targetHints":{"allow":["GET"]}}],"collection":[{"href":"https:\/\/9staedte.de\/fr\/wp-json\/wp\/v2\/pages"}],"about":[{"href":"https:\/\/9staedte.de\/fr\/wp-json\/wp\/v2\/types\/page"}],"author":[{"embeddable":true,"href":"https:\/\/9staedte.de\/fr\/wp-json\/wp\/v2\/users\/6"}],"replies":[{"embeddable":true,"href":"https:\/\/9staedte.de\/fr\/wp-json\/wp\/v2\/comments?post=22653"}],"version-history":[{"count":2,"href":"https:\/\/9staedte.de\/fr\/wp-json\/wp\/v2\/pages\/22653\/revisions"}],"predecessor-version":[{"id":22664,"href":"https:\/\/9staedte.de\/fr\/wp-json\/wp\/v2\/pages\/22653\/revisions\/22664"}],"up":[{"embeddable":true,"href":"https:\/\/9staedte.de\/fr\/wp-json\/wp\/v2\/pages\/18000"}],"wp:featuredmedia":[{"embeddable":true,"href":"https:\/\/9staedte.de\/fr\/wp-json\/wp\/v2\/media\/22637"}],"wp:attachment":[{"href":"https:\/\/9staedte.de\/fr\/wp-json\/wp\/v2\/media?parent=22653"}],"wp:term":[{"taxonomy":"category","embeddable":true,"href":"https:\/\/9staedte.de\/fr\/wp-json\/wp\/v2\/categories?post=22653"},{"taxonomy":"post_tag","embeddable":true,"href":"https:\/\/9staedte.de\/fr\/wp-json\/wp\/v2\/tags?post=22653"},{"taxonomy":"ncap_cities_tax","embeddable":true,"href":"https:\/\/9staedte.de\/fr\/wp-json\/wp\/v2\/ncap_cities_tax?post=22653"}],"curies":[{"name":"wp","href":"https:\/\/api.w.org\/{rel}","templated":true}]}}