{"id":22612,"date":"2024-06-14T12:12:29","date_gmt":"2024-06-14T10:12:29","guid":{"rendered":"https:\/\/9staedte.de\/mit-dem-wohnmobil-nach-hameln\/"},"modified":"2024-07-04T14:11:31","modified_gmt":"2024-07-04T12:11:31","slug":"mit-dem-wohnmobil-nach-hameln","status":"publish","type":"page","link":"https:\/\/9staedte.de\/fr\/hamelin-la-legendaire-ville-du-joueur-de-flute\/mit-dem-wohnmobil-nach-hameln\/","title":{"rendered":"En camping-car \u00e0 Hamelin"},"content":{"rendered":"\n<h2 class=\"wp-block-heading\">Emplacements avec vue sur la Weser<\/h2>\n\n<p>Hamelin est situ\u00e9e \u00e0 gauche et \u00e0 droite de la rivi\u00e8re Weser, nich\u00e9e dans les douces collines du Weserbergland. De nombreux visiteurs sont attir\u00e9s par la ville. D&rsquo;une part, en raison de l&rsquo;histoire l\u00e9gendaire qui se serait d\u00e9roul\u00e9e \u00e0 Hamelin, mais aussi parce que la vieille ville est un v\u00e9ritable p\u00f4le d&rsquo;attraction.<\/p>\n\n<p>Si vous venez en camping-car, vous trouverez des emplacements avec vue sur la Weser \u00e0 seulement 15 minutes \u00e0 pied de la vieille ville sur le \u00ab\u00a0Camping Hameln an der Weser\u00a0\u00bb.<\/p>\n\n<figure class=\"wp-block-image size-full\"><img loading=\"lazy\" decoding=\"async\" width=\"1019\" height=\"558\" src=\"https:\/\/9staedte.de\/wp-content\/smush-webp\/2024\/06\/Wohnmobile-auf-dem-Campingplatz-Hameln-an-der-Weser-c-HMT.jpg.webp\" alt=\"\" class=\"wp-image-22596\" srcset=\"https:\/\/9staedte.de\/wp-content\/smush-webp\/2024\/06\/Wohnmobile-auf-dem-Campingplatz-Hameln-an-der-Weser-c-HMT.jpg.webp 1019w, https:\/\/9staedte.de\/wp-content\/smush-webp\/2024\/06\/Wohnmobile-auf-dem-Campingplatz-Hameln-an-der-Weser-c-HMT-300x164.jpg.webp 300w, https:\/\/9staedte.de\/wp-content\/smush-webp\/2024\/06\/Wohnmobile-auf-dem-Campingplatz-Hameln-an-der-Weser-c-HMT-768x421.jpg.webp 768w\" sizes=\"auto, (max-width: 1019px) 100vw, 1019px\" \/><\/figure>\n\n<p><a href=\"https:\/\/www.campingplatz-hameln.de\/camping\">Vous trouverez ici toutes les informations sur le camping Hameln an der Weser<\/a><\/p>\n\n <div class=\"brlbs-cmpnt-container brlbs-cmpnt-content-blocker brlbs-cmpnt-with-individual-styles\" data-borlabs-cookie-content-blocker-id=\"google-maps\" data-borlabs-cookie-content=\"PGlmcmFtZSBzcmM9Imh0dHBzOi8vd3d3Lmdvb2dsZS5jb20vbWFwcy9kL2VtYmVkP21pZD0xRWtkdV9LczNzSDluSVFfWVl2Y091S1ltN2lIZlNNZyZlaGJjPTJFMzEyRiIgd2lkdGg9IjY0MCIgaGVpZ2h0PSI0ODAiPjwvaWZyYW1lPg==\"><div class=\"brlbs-cmpnt-cb-preset-b brlbs-cmpnt-cb-google-maps\"> <div class=\"brlbs-cmpnt-cb-thumbnail\" style=\"background-image: url('https:\/\/9staedte.de\/wp-content\/uploads\/borlabs-cookie\/1\/brlbs-cb-google-maps-main.png')\"><\/div> <div class=\"brlbs-cmpnt-cb-main\"> <div class=\"brlbs-cmpnt-cb-content\"> <p class=\"brlbs-cmpnt-cb-description\">Vous \u00eates actuellement en train de consulter le contenu d&rsquo;un espace r\u00e9serv\u00e9 de <strong>Google Maps<\/strong>. Pour acc\u00e9der au contenu r\u00e9el, cliquez sur le bouton ci-dessous. Veuillez noter que ce faisant, des donn\u00e9es seront partag\u00e9es avec des providers tiers.<\/p> <a class=\"brlbs-cmpnt-cb-provider-toggle\" href=\"#\" data-borlabs-cookie-show-provider-information role=\"button\">Plus d&rsquo;informations<\/a> <\/div> <div class=\"brlbs-cmpnt-cb-buttons\"> <a class=\"brlbs-cmpnt-cb-btn\" href=\"#\" data-borlabs-cookie-unblock role=\"button\">D\u00e9bloquer le contenu<\/a> <a class=\"brlbs-cmpnt-cb-btn\" href=\"#\" data-borlabs-cookie-accept-service role=\"button\" style=\"display: inherit\">Accepter le service requis et d\u00e9bloquer le contenu<\/a> <\/div> <\/div> <\/div><\/div>\n\n<h2 class=\"wp-block-heading\"><strong>9 conseils pour les voyageurs en camping-car \u00e0 Hamelin :<\/strong><\/h2>\n\n<ul class=\"wp-block-list\">\n<li>Visite guid\u00e9e de la ville avec le joueur de fl\u00fbte<a href=\"https:\/\/www.hameln.de\/de\/tourismus\/reise-erlebnisse\/erlebnisse\/erlebnisse\">(Erlebnisse (hameln.de))<\/a><\/li>\n\n\n\n<li>Mus\u00e9e de Hamelin avec le Th\u00e9\u00e2tre m\u00e9canique du joueur de fl\u00fbte<a href=\"http:\/\/www.museumhameln.de\">(www.museumhameln.de)<\/a><\/li>\n\n\n\n<li>Jeu de figurines du joueur de fl\u00fbte \u00e0 la maison de mariage, tous les jours \u00e0 13h05, 15h35 et 17h35.<\/li>\n\n\n\n<li>Jeu en plein air du joueur de fl\u00fbte, mi-mai \u00e0 mi-septembre, tous les dimanches. 12 h, gratuit<\/li>\n\n\n\n<li>RATS, de fin mai \u00e0 d\u00e9but septembre, tous les mercredis. 16h30, gratuit<\/li>\n\n\n\n<li>Promenades en bateau et croisi\u00e8res de ligne avec la flotte Weser<a href=\"http:\/\/www.flotte-weser.de\">(www.flotte-weser.de<\/a>)  <\/li>\n\n\n\n<li>March\u00e9 hebdomadaire sur la place de l&rsquo;h\u00f4tel de ville, chaque mer. et le samedi de 7h00 \u00e0 13h00<\/li>\n\n\n\n<li>Vue sur la ville du joueur de fl\u00fbte depuis la montagne de Hamelin \u00ab\u00a0Kl\u00fct\u00a0\u00bb.<\/li>\n\n\n\n<li>Randonn\u00e9es \u00e0 v\u00e9lo sur la piste cyclable la plus populaire d&rsquo;Allemagne, la piste cyclable de la Weser<\/li>\n<\/ul>\n\n<p><\/p>\n","protected":false},"excerpt":{"rendered":"<p>Emplacements avec vue sur la Weser Hamelin est situ\u00e9e \u00e0 gauche et \u00e0 droite de la rivi\u00e8re Weser, nich\u00e9e dans les douces collines du Weserbergland. De nombreux visiteurs sont attir\u00e9s par la ville. D&rsquo;une part, en raison de l&rsquo;histoire l\u00e9gendaire qui se serait d\u00e9roul\u00e9e \u00e0 Hamelin, mais aussi parce que la vieille ville est un [&hellip;]<\/p>\n","protected":false},"author":6,"featured_media":22592,"parent":18046,"menu_order":0,"comment_status":"closed","ping_status":"closed","template":"","meta":{"_acf_changed":false,"footnotes":""},"categories":[],"tags":[],"ncap_cities_tax":[452,1422],"class_list":["post-22612","page","type-page","status-publish","has-post-thumbnail","hentry","ncap_cities_tax-hameln-fr","ncap_cities_tax-reisemobilstellplatze-hameln-fr"],"acf":[],"yoast_head":"<!-- This site is optimized with the Yoast SEO plugin v27.4 - https:\/\/yoast.com\/product\/yoast-seo-wordpress\/ -->\n<title>En camping-car \u00e0 Hamelin - 9 St\u00e4dte in Niedersachsen<\/title>\n<meta name=\"robots\" content=\"index, follow, max-snippet:-1, max-image-preview:large, max-video-preview:-1\" \/>\n<link rel=\"canonical\" href=\"https:\/\/9staedte.de\/fr\/hamelin-la-legendaire-ville-du-joueur-de-flute\/mit-dem-wohnmobil-nach-hameln\/\" \/>\n<meta property=\"og:locale\" content=\"fr_FR\" \/>\n<meta property=\"og:type\" content=\"article\" \/>\n<meta property=\"og:title\" content=\"En camping-car \u00e0 Hamelin - 9 St\u00e4dte in Niedersachsen\" \/>\n<meta property=\"og:description\" content=\"Emplacements avec vue sur la Weser Hamelin est situ\u00e9e \u00e0 gauche et \u00e0 droite de la rivi\u00e8re Weser, nich\u00e9e dans les douces collines du Weserbergland. De nombreux visiteurs sont attir\u00e9s par la ville. D&rsquo;une part, en raison de l&rsquo;histoire l\u00e9gendaire qui se serait d\u00e9roul\u00e9e \u00e0 Hamelin, mais aussi parce que la vieille ville est un [&hellip;]\" \/>\n<meta property=\"og:url\" content=\"https:\/\/9staedte.de\/fr\/hamelin-la-legendaire-ville-du-joueur-de-flute\/mit-dem-wohnmobil-nach-hameln\/\" \/>\n<meta property=\"og:site_name\" content=\"9 St\u00e4dte in Niedersachsen\" \/>\n<meta property=\"article:modified_time\" content=\"2024-07-04T12:11:31+00:00\" \/>\n<meta property=\"og:image\" content=\"https:\/\/9staedte.de\/wp-content\/uploads\/2024\/06\/Altstadt-Hameln-c-Hameln-Marketing-und-Tourismus-GmbH.jpg\" \/>\n\t<meta property=\"og:image:width\" content=\"1018\" \/>\n\t<meta property=\"og:image:height\" content=\"564\" \/>\n\t<meta property=\"og:image:type\" content=\"image\/jpeg\" \/>\n<meta name=\"twitter:card\" content=\"summary_large_image\" \/>\n<meta name=\"twitter:label1\" content=\"Dur\u00e9e de lecture estim\u00e9e\" \/>\n\t<meta name=\"twitter:data1\" content=\"2 minutes\" \/>\n<script type=\"application\/ld+json\" class=\"yoast-schema-graph\">{\"@context\":\"https:\\\/\\\/schema.org\",\"@graph\":[{\"@type\":\"WebPage\",\"@id\":\"https:\\\/\\\/9staedte.de\\\/fr\\\/hamelin-la-legendaire-ville-du-joueur-de-flute\\\/mit-dem-wohnmobil-nach-hameln\\\/\",\"url\":\"https:\\\/\\\/9staedte.de\\\/fr\\\/hamelin-la-legendaire-ville-du-joueur-de-flute\\\/mit-dem-wohnmobil-nach-hameln\\\/\",\"name\":\"En camping-car \u00e0 Hamelin - 9 St\u00e4dte in Niedersachsen\",\"isPartOf\":{\"@id\":\"https:\\\/\\\/9staedte.de\\\/fr\\\/#website\"},\"primaryImageOfPage\":{\"@id\":\"https:\\\/\\\/9staedte.de\\\/fr\\\/hamelin-la-legendaire-ville-du-joueur-de-flute\\\/mit-dem-wohnmobil-nach-hameln\\\/#primaryimage\"},\"image\":{\"@id\":\"https:\\\/\\\/9staedte.de\\\/fr\\\/hamelin-la-legendaire-ville-du-joueur-de-flute\\\/mit-dem-wohnmobil-nach-hameln\\\/#primaryimage\"},\"thumbnailUrl\":\"https:\\\/\\\/9staedte.de\\\/wp-content\\\/uploads\\\/2024\\\/06\\\/Altstadt-Hameln-c-Hameln-Marketing-und-Tourismus-GmbH.jpg\",\"datePublished\":\"2024-06-14T10:12:29+00:00\",\"dateModified\":\"2024-07-04T12:11:31+00:00\",\"breadcrumb\":{\"@id\":\"https:\\\/\\\/9staedte.de\\\/fr\\\/hamelin-la-legendaire-ville-du-joueur-de-flute\\\/mit-dem-wohnmobil-nach-hameln\\\/#breadcrumb\"},\"inLanguage\":\"fr-FR\",\"potentialAction\":[{\"@type\":\"ReadAction\",\"target\":[\"https:\\\/\\\/9staedte.de\\\/fr\\\/hamelin-la-legendaire-ville-du-joueur-de-flute\\\/mit-dem-wohnmobil-nach-hameln\\\/\"]}]},{\"@type\":\"ImageObject\",\"inLanguage\":\"fr-FR\",\"@id\":\"https:\\\/\\\/9staedte.de\\\/fr\\\/hamelin-la-legendaire-ville-du-joueur-de-flute\\\/mit-dem-wohnmobil-nach-hameln\\\/#primaryimage\",\"url\":\"https:\\\/\\\/9staedte.de\\\/wp-content\\\/uploads\\\/2024\\\/06\\\/Altstadt-Hameln-c-Hameln-Marketing-und-Tourismus-GmbH.jpg\",\"contentUrl\":\"https:\\\/\\\/9staedte.de\\\/wp-content\\\/uploads\\\/2024\\\/06\\\/Altstadt-Hameln-c-Hameln-Marketing-und-Tourismus-GmbH.jpg\",\"width\":1018,\"height\":564,\"caption\":\"Altstadt Hameln c) Hameln Marketing und Tourismus GmbH\"},{\"@type\":\"BreadcrumbList\",\"@id\":\"https:\\\/\\\/9staedte.de\\\/fr\\\/hamelin-la-legendaire-ville-du-joueur-de-flute\\\/mit-dem-wohnmobil-nach-hameln\\\/#breadcrumb\",\"itemListElement\":[{\"@type\":\"ListItem\",\"position\":1,\"name\":\"Startseite\",\"item\":\"https:\\\/\\\/9staedte.de\\\/fr\\\/\"},{\"@type\":\"ListItem\",\"position\":2,\"name\":\"En camping-car \u00e0 Hamelin\"}]},{\"@type\":\"WebSite\",\"@id\":\"https:\\\/\\\/9staedte.de\\\/fr\\\/#website\",\"url\":\"https:\\\/\\\/9staedte.de\\\/fr\\\/\",\"name\":\"9 St\u00e4dte in Niedersachsen\",\"description\":\"\",\"publisher\":{\"@id\":\"https:\\\/\\\/9staedte.de\\\/fr\\\/#organization\"},\"potentialAction\":[{\"@type\":\"SearchAction\",\"target\":{\"@type\":\"EntryPoint\",\"urlTemplate\":\"https:\\\/\\\/9staedte.de\\\/fr\\\/?s={search_term_string}\"},\"query-input\":{\"@type\":\"PropertyValueSpecification\",\"valueRequired\":true,\"valueName\":\"search_term_string\"}}],\"inLanguage\":\"fr-FR\"},{\"@type\":\"Organization\",\"@id\":\"https:\\\/\\\/9staedte.de\\\/fr\\\/#organization\",\"name\":\"9 St\u00e4dte in Niedersachsen\",\"url\":\"https:\\\/\\\/9staedte.de\\\/fr\\\/\",\"logo\":{\"@type\":\"ImageObject\",\"inLanguage\":\"fr-FR\",\"@id\":\"https:\\\/\\\/9staedte.de\\\/fr\\\/#\\\/schema\\\/logo\\\/image\\\/\",\"url\":\"https:\\\/\\\/9staedte.de\\\/wp-content\\\/uploads\\\/2025\\\/01\\\/9-neg-deutsch-2-1.png\",\"contentUrl\":\"https:\\\/\\\/9staedte.de\\\/wp-content\\\/uploads\\\/2025\\\/01\\\/9-neg-deutsch-2-1.png\",\"width\":190,\"height\":114,\"caption\":\"9 St\u00e4dte in Niedersachsen\"},\"image\":{\"@id\":\"https:\\\/\\\/9staedte.de\\\/fr\\\/#\\\/schema\\\/logo\\\/image\\\/\"}}]}<\/script>\n<!-- \/ Yoast SEO plugin. -->","yoast_head_json":{"title":"En camping-car \u00e0 Hamelin - 9 St\u00e4dte in Niedersachsen","robots":{"index":"index","follow":"follow","max-snippet":"max-snippet:-1","max-image-preview":"max-image-preview:large","max-video-preview":"max-video-preview:-1"},"canonical":"https:\/\/9staedte.de\/fr\/hamelin-la-legendaire-ville-du-joueur-de-flute\/mit-dem-wohnmobil-nach-hameln\/","og_locale":"fr_FR","og_type":"article","og_title":"En camping-car \u00e0 Hamelin - 9 St\u00e4dte in Niedersachsen","og_description":"Emplacements avec vue sur la Weser Hamelin est situ\u00e9e \u00e0 gauche et \u00e0 droite de la rivi\u00e8re Weser, nich\u00e9e dans les douces collines du Weserbergland. De nombreux visiteurs sont attir\u00e9s par la ville. D&rsquo;une part, en raison de l&rsquo;histoire l\u00e9gendaire qui se serait d\u00e9roul\u00e9e \u00e0 Hamelin, mais aussi parce que la vieille ville est un [&hellip;]","og_url":"https:\/\/9staedte.de\/fr\/hamelin-la-legendaire-ville-du-joueur-de-flute\/mit-dem-wohnmobil-nach-hameln\/","og_site_name":"9 St\u00e4dte in Niedersachsen","article_modified_time":"2024-07-04T12:11:31+00:00","og_image":[{"width":1018,"height":564,"url":"https:\/\/9staedte.de\/wp-content\/uploads\/2024\/06\/Altstadt-Hameln-c-Hameln-Marketing-und-Tourismus-GmbH.jpg","type":"image\/jpeg"}],"twitter_card":"summary_large_image","twitter_misc":{"Dur\u00e9e de lecture estim\u00e9e":"2 minutes"},"schema":{"@context":"https:\/\/schema.org","@graph":[{"@type":"WebPage","@id":"https:\/\/9staedte.de\/fr\/hamelin-la-legendaire-ville-du-joueur-de-flute\/mit-dem-wohnmobil-nach-hameln\/","url":"https:\/\/9staedte.de\/fr\/hamelin-la-legendaire-ville-du-joueur-de-flute\/mit-dem-wohnmobil-nach-hameln\/","name":"En camping-car \u00e0 Hamelin - 9 St\u00e4dte in Niedersachsen","isPartOf":{"@id":"https:\/\/9staedte.de\/fr\/#website"},"primaryImageOfPage":{"@id":"https:\/\/9staedte.de\/fr\/hamelin-la-legendaire-ville-du-joueur-de-flute\/mit-dem-wohnmobil-nach-hameln\/#primaryimage"},"image":{"@id":"https:\/\/9staedte.de\/fr\/hamelin-la-legendaire-ville-du-joueur-de-flute\/mit-dem-wohnmobil-nach-hameln\/#primaryimage"},"thumbnailUrl":"https:\/\/9staedte.de\/wp-content\/uploads\/2024\/06\/Altstadt-Hameln-c-Hameln-Marketing-und-Tourismus-GmbH.jpg","datePublished":"2024-06-14T10:12:29+00:00","dateModified":"2024-07-04T12:11:31+00:00","breadcrumb":{"@id":"https:\/\/9staedte.de\/fr\/hamelin-la-legendaire-ville-du-joueur-de-flute\/mit-dem-wohnmobil-nach-hameln\/#breadcrumb"},"inLanguage":"fr-FR","potentialAction":[{"@type":"ReadAction","target":["https:\/\/9staedte.de\/fr\/hamelin-la-legendaire-ville-du-joueur-de-flute\/mit-dem-wohnmobil-nach-hameln\/"]}]},{"@type":"ImageObject","inLanguage":"fr-FR","@id":"https:\/\/9staedte.de\/fr\/hamelin-la-legendaire-ville-du-joueur-de-flute\/mit-dem-wohnmobil-nach-hameln\/#primaryimage","url":"https:\/\/9staedte.de\/wp-content\/uploads\/2024\/06\/Altstadt-Hameln-c-Hameln-Marketing-und-Tourismus-GmbH.jpg","contentUrl":"https:\/\/9staedte.de\/wp-content\/uploads\/2024\/06\/Altstadt-Hameln-c-Hameln-Marketing-und-Tourismus-GmbH.jpg","width":1018,"height":564,"caption":"Altstadt Hameln c) Hameln Marketing und Tourismus GmbH"},{"@type":"BreadcrumbList","@id":"https:\/\/9staedte.de\/fr\/hamelin-la-legendaire-ville-du-joueur-de-flute\/mit-dem-wohnmobil-nach-hameln\/#breadcrumb","itemListElement":[{"@type":"ListItem","position":1,"name":"Startseite","item":"https:\/\/9staedte.de\/fr\/"},{"@type":"ListItem","position":2,"name":"En camping-car \u00e0 Hamelin"}]},{"@type":"WebSite","@id":"https:\/\/9staedte.de\/fr\/#website","url":"https:\/\/9staedte.de\/fr\/","name":"9 St\u00e4dte in Niedersachsen","description":"","publisher":{"@id":"https:\/\/9staedte.de\/fr\/#organization"},"potentialAction":[{"@type":"SearchAction","target":{"@type":"EntryPoint","urlTemplate":"https:\/\/9staedte.de\/fr\/?s={search_term_string}"},"query-input":{"@type":"PropertyValueSpecification","valueRequired":true,"valueName":"search_term_string"}}],"inLanguage":"fr-FR"},{"@type":"Organization","@id":"https:\/\/9staedte.de\/fr\/#organization","name":"9 St\u00e4dte in Niedersachsen","url":"https:\/\/9staedte.de\/fr\/","logo":{"@type":"ImageObject","inLanguage":"fr-FR","@id":"https:\/\/9staedte.de\/fr\/#\/schema\/logo\/image\/","url":"https:\/\/9staedte.de\/wp-content\/uploads\/2025\/01\/9-neg-deutsch-2-1.png","contentUrl":"https:\/\/9staedte.de\/wp-content\/uploads\/2025\/01\/9-neg-deutsch-2-1.png","width":190,"height":114,"caption":"9 St\u00e4dte in Niedersachsen"},"image":{"@id":"https:\/\/9staedte.de\/fr\/#\/schema\/logo\/image\/"}}]}},"_links":{"self":[{"href":"https:\/\/9staedte.de\/fr\/wp-json\/wp\/v2\/pages\/22612","targetHints":{"allow":["GET"]}}],"collection":[{"href":"https:\/\/9staedte.de\/fr\/wp-json\/wp\/v2\/pages"}],"about":[{"href":"https:\/\/9staedte.de\/fr\/wp-json\/wp\/v2\/types\/page"}],"author":[{"embeddable":true,"href":"https:\/\/9staedte.de\/fr\/wp-json\/wp\/v2\/users\/6"}],"replies":[{"embeddable":true,"href":"https:\/\/9staedte.de\/fr\/wp-json\/wp\/v2\/comments?post=22612"}],"version-history":[{"count":2,"href":"https:\/\/9staedte.de\/fr\/wp-json\/wp\/v2\/pages\/22612\/revisions"}],"predecessor-version":[{"id":22623,"href":"https:\/\/9staedte.de\/fr\/wp-json\/wp\/v2\/pages\/22612\/revisions\/22623"}],"up":[{"embeddable":true,"href":"https:\/\/9staedte.de\/fr\/wp-json\/wp\/v2\/pages\/18046"}],"wp:featuredmedia":[{"embeddable":true,"href":"https:\/\/9staedte.de\/fr\/wp-json\/wp\/v2\/media\/22592"}],"wp:attachment":[{"href":"https:\/\/9staedte.de\/fr\/wp-json\/wp\/v2\/media?parent=22612"}],"wp:term":[{"taxonomy":"category","embeddable":true,"href":"https:\/\/9staedte.de\/fr\/wp-json\/wp\/v2\/categories?post=22612"},{"taxonomy":"post_tag","embeddable":true,"href":"https:\/\/9staedte.de\/fr\/wp-json\/wp\/v2\/tags?post=22612"},{"taxonomy":"ncap_cities_tax","embeddable":true,"href":"https:\/\/9staedte.de\/fr\/wp-json\/wp\/v2\/ncap_cities_tax?post=22612"}],"curies":[{"name":"wp","href":"https:\/\/api.w.org\/{rel}","templated":true}]}}