{"id":22579,"date":"2024-06-14T11:17:59","date_gmt":"2024-06-14T09:17:59","guid":{"rendered":"https:\/\/9staedte.de\/se-rendre-a-goettingen-en-camping-car\/"},"modified":"2025-05-15T17:07:05","modified_gmt":"2025-05-15T15:07:05","slug":"se-rendre-a-goettingen-en-camping-car","status":"publish","type":"page","link":"https:\/\/9staedte.de\/fr\/gottingen-une-ville-qui-cree-le-savoir\/se-rendre-a-goettingen-en-camping-car\/","title":{"rendered":"Se rendre \u00e0 G\u00f6ttingen en camping-car"},"content":{"rendered":"\n<p><strong>Reisemobilhafen G\u00f6ttingen : \u00ab\u00a0Top Platz\u00a0\u00bb \u00e0 proximit\u00e9 du centre-ville<\/strong><\/p>\n\n<p>Le port pour camping-cars de G\u00f6ttingen est un exemple r\u00e9ussi de la fa\u00e7on dont les int\u00e9r\u00eats des camping-caristes peuvent \u00eatre combin\u00e9s avec les conditions d&rsquo;une grande ville touristique.<\/p>\n\n<p>Le port pour camping-cars Eiswiese, cl\u00f4tur\u00e9 et \u00e9clair\u00e9 de tous les c\u00f4t\u00e9s, se trouve sur un site exceptionnel : Situ\u00e9 \u00e0 l&rsquo;int\u00e9rieur d&rsquo;une ceinture verte pr\u00e8s du lac Kiessee, \u00e0 proximit\u00e9 imm\u00e9diate de la Leine, dans un endroit tr\u00e8s calme et pourtant proche du centre-ville historique de G\u00f6ttingen. Il ne faut que 10 minutes \u00e0 pied pour rejoindre la vieille ville, o\u00f9 l&rsquo;h\u00f4tel de ville m\u00e9di\u00e9val, les \u00e9glises, les maisons \u00e0 colombages, les bars, les terrasses de caf\u00e9s et les nombreux magasins invitent \u00e0 la fl\u00e2nerie et \u00e0 la visite. Enfin, la visite de la G\u00e4nseliesel, qui salue la fontaine du march\u00e9 en tant que \u00ab\u00a0fille la plus embrass\u00e9e du monde\u00a0\u00bb, est un must absolu.<\/p>\n\n<p>Les 28 emplacements plats et stabilis\u00e9s sont tous d&rsquo;une largeur de 5,50 m et d&rsquo;une longueur de 10 \u00e0 12 m. Les installations d&rsquo;approvisionnement et d&rsquo;\u00e9vacuation sont bien entendu disponibles et respectueuses de l&rsquo;environnement. Le paradis aquatique Eiswiese avec son immense espace sauna et la piscine en plein air Brauweg se trouvent directement sur le site. Dans le voisinage, le parc sportif de G\u00f6ttingen et le lac Kiessee avec location de bateaux, p\u00eache et sports nautiques offrent de nombreuses possibilit\u00e9s de loisirs. Commerces, supermarch\u00e9s, pharmacies, banque, caisse d&rsquo;\u00e9pargne sont \u00e0 max. 1 km de rayon.<\/p>\n\n<figure class=\"wp-block-image size-full\"><img loading=\"lazy\" decoding=\"async\" width=\"1020\" height=\"560\" src=\"https:\/\/9staedte.de\/wp-content\/smush-webp\/2024\/06\/Goettingen-Reisemobilhafen-c-Goettingen-Tourismus.jpg.webp\" alt=\"Goettingen-Reisemobilhafen-c-Goettingen-Tourismus\" class=\"wp-image-22560\" srcset=\"https:\/\/9staedte.de\/wp-content\/smush-webp\/2024\/06\/Goettingen-Reisemobilhafen-c-Goettingen-Tourismus.jpg.webp 1020w, https:\/\/9staedte.de\/wp-content\/smush-webp\/2024\/06\/Goettingen-Reisemobilhafen-c-Goettingen-Tourismus-300x165.jpg.webp 300w, https:\/\/9staedte.de\/wp-content\/smush-webp\/2024\/06\/Goettingen-Reisemobilhafen-c-Goettingen-Tourismus-768x422.jpg.webp 768w\" sizes=\"auto, (max-width: 1020px) 100vw, 1020px\" \/><figcaption class=\"wp-element-caption\">Goettingen-Reisemobilhafen-c-Goettingen-Tourismus<\/figcaption><\/figure>\n\n<p>Contact :<br\/>G\u00f6ttinger Sport- und Freizeit GmbH<br\/>60, chemin du Vent<br\/>37073 G\u00f6ttingen<br\/>T\u00e9l. +49 (0) 551 \/ 50709-0<br\/>Fax +49 (0) 5 51 \/ 50709-161<br\/>Courrier \u00e9lectronique : <a href=\"mailto:info@goesf.de\">info@goesf.de<\/a><br\/>Internet : <a href=\"http:\/\/www.goesf.de\/\" target=\"_blank\" rel=\"noreferrer noopener\">www.goesf.de<\/a><\/p>\n\n <div class=\"brlbs-cmpnt-container brlbs-cmpnt-content-blocker brlbs-cmpnt-with-individual-styles\" data-borlabs-cookie-content-blocker-id=\"google-maps\" data-borlabs-cookie-content=\"PGlmcmFtZSBzcmM9Imh0dHBzOi8vd3d3Lmdvb2dsZS5jb20vbWFwcy9kL2VtYmVkP21pZD0xWnlKcEkxU1pzQXZCTUtzc29GdG1zeDNVM3BlQmtNNCZlaGJjPTJFMzEyRiIgd2lkdGg9IjY0MCIgaGVpZ2h0PSI0ODAiPjwvaWZyYW1lPg==\"><div class=\"brlbs-cmpnt-cb-preset-b brlbs-cmpnt-cb-google-maps\"> <div class=\"brlbs-cmpnt-cb-thumbnail\" style=\"background-image: url('https:\/\/9staedte.de\/wp-content\/uploads\/borlabs-cookie\/1\/brlbs-cb-google-maps-main.png')\"><\/div> <div class=\"brlbs-cmpnt-cb-main\"> <div class=\"brlbs-cmpnt-cb-content\"> <p class=\"brlbs-cmpnt-cb-description\">Vous \u00eates actuellement en train de consulter le contenu d&rsquo;un espace r\u00e9serv\u00e9 de <strong>Google Maps<\/strong>. Pour acc\u00e9der au contenu r\u00e9el, cliquez sur le bouton ci-dessous. Veuillez noter que ce faisant, des donn\u00e9es seront partag\u00e9es avec des providers tiers.<\/p> <a class=\"brlbs-cmpnt-cb-provider-toggle\" href=\"#\" data-borlabs-cookie-show-provider-information role=\"button\">Plus d&rsquo;informations<\/a> <\/div> <div class=\"brlbs-cmpnt-cb-buttons\"> <a class=\"brlbs-cmpnt-cb-btn\" href=\"#\" data-borlabs-cookie-unblock role=\"button\">D\u00e9bloquer le contenu<\/a> <a class=\"brlbs-cmpnt-cb-btn\" href=\"#\" data-borlabs-cookie-accept-service role=\"button\" style=\"display: inherit\">Accepter le service requis et d\u00e9bloquer le contenu<\/a> <\/div> <\/div> <\/div><\/div>\n\n<p><strong>9 conseils pour votre voyage en camping-car \u00e0 G\u00f6ttingen :<\/strong><\/p>\n\n<ol class=\"wp-block-list\" start=\"1\">\n<li>Profiter d&rsquo;un bain relaxant au paradis aquatique Eiswiese<\/li>\n\n\n\n<li>Faire une promenade autour du lac de gravier tout proche<\/li>\n\n\n\n<li>Regarder un film en ao\u00fbt dans le cadre du cin\u00e9ma en plein air au Brauweg<\/li>\n\n\n\n<li>Faire une excursion \u00e0 v\u00e9lo sur la piste cyclable Leine-Heide<\/li>\n\n\n\n<li>Faire une pause au caf\u00e9 Kredo et profiter de la vue sur le lac<\/li>\n\n\n\n<li>Louer un p\u00e9dalo sur le lac de gravier<\/li>\n\n\n\n<li>Explorer la vieille ville proche de G\u00f6ttingen<\/li>\n\n\n\n<li>D\u00e9couvrir l&rsquo;ancien jardin botanique de Stadtwall<\/li>\n\n\n\n<li>Profiter d&rsquo;une sc\u00e8ne culturelle vivante  <\/li>\n<\/ol>\n","protected":false},"excerpt":{"rendered":"<p>Reisemobilhafen G\u00f6ttingen : \u00ab\u00a0Top Platz\u00a0\u00bb \u00e0 proximit\u00e9 du centre-ville Le port pour camping-cars de G\u00f6ttingen est un exemple r\u00e9ussi de la fa\u00e7on dont les int\u00e9r\u00eats des camping-caristes peuvent \u00eatre combin\u00e9s avec les conditions d&rsquo;une grande ville touristique. Le port pour camping-cars Eiswiese, cl\u00f4tur\u00e9 et \u00e9clair\u00e9 de tous les c\u00f4t\u00e9s, se trouve sur un site exceptionnel [&hellip;]<\/p>\n","protected":false},"author":6,"featured_media":17437,"parent":17986,"menu_order":0,"comment_status":"closed","ping_status":"closed","template":"","meta":{"_acf_changed":false,"footnotes":""},"categories":[],"tags":[],"ncap_cities_tax":[438,1408],"class_list":["post-22579","page","type-page","status-publish","has-post-thumbnail","hentry","ncap_cities_tax-goettingen-fr","ncap_cities_tax-reisemobilstellplatze-goettingen-fr"],"acf":[],"yoast_head":"<!-- This site is optimized with the Yoast SEO plugin v27.4 - https:\/\/yoast.com\/product\/yoast-seo-wordpress\/ -->\n<title>Se rendre \u00e0 G\u00f6ttingen en camping-car - 9 St\u00e4dte in Niedersachsen<\/title>\n<meta name=\"robots\" content=\"index, follow, max-snippet:-1, max-image-preview:large, max-video-preview:-1\" \/>\n<link rel=\"canonical\" href=\"https:\/\/9staedte.de\/fr\/gottingen-une-ville-qui-cree-le-savoir\/se-rendre-a-goettingen-en-camping-car\/\" \/>\n<meta property=\"og:locale\" content=\"fr_FR\" \/>\n<meta property=\"og:type\" content=\"article\" \/>\n<meta property=\"og:title\" content=\"Se rendre \u00e0 G\u00f6ttingen en camping-car - 9 St\u00e4dte in Niedersachsen\" \/>\n<meta property=\"og:description\" content=\"Reisemobilhafen G\u00f6ttingen : \u00ab\u00a0Top Platz\u00a0\u00bb \u00e0 proximit\u00e9 du centre-ville Le port pour camping-cars de G\u00f6ttingen est un exemple r\u00e9ussi de la fa\u00e7on dont les int\u00e9r\u00eats des camping-caristes peuvent \u00eatre combin\u00e9s avec les conditions d&rsquo;une grande ville touristique. Le port pour camping-cars Eiswiese, cl\u00f4tur\u00e9 et \u00e9clair\u00e9 de tous les c\u00f4t\u00e9s, se trouve sur un site exceptionnel [&hellip;]\" \/>\n<meta property=\"og:url\" content=\"https:\/\/9staedte.de\/fr\/gottingen-une-ville-qui-cree-le-savoir\/se-rendre-a-goettingen-en-camping-car\/\" \/>\n<meta property=\"og:site_name\" content=\"9 St\u00e4dte in Niedersachsen\" \/>\n<meta property=\"article:modified_time\" content=\"2025-05-15T15:07:05+00:00\" \/>\n<meta property=\"og:image\" content=\"https:\/\/9staedte.de\/wp-content\/uploads\/2023\/02\/Goettingen_Johanniskirche-c-Goettingen-Tourismus-Lars-Gerhardts.jpg\" \/>\n\t<meta property=\"og:image:width\" content=\"1020\" \/>\n\t<meta property=\"og:image:height\" content=\"559\" \/>\n\t<meta property=\"og:image:type\" content=\"image\/jpeg\" \/>\n<meta name=\"twitter:card\" content=\"summary_large_image\" \/>\n<meta name=\"twitter:label1\" content=\"Dur\u00e9e de lecture estim\u00e9e\" \/>\n\t<meta name=\"twitter:data1\" content=\"3 minutes\" \/>\n<script type=\"application\/ld+json\" class=\"yoast-schema-graph\">{\"@context\":\"https:\\\/\\\/schema.org\",\"@graph\":[{\"@type\":\"WebPage\",\"@id\":\"https:\\\/\\\/9staedte.de\\\/fr\\\/gottingen-une-ville-qui-cree-le-savoir\\\/se-rendre-a-goettingen-en-camping-car\\\/\",\"url\":\"https:\\\/\\\/9staedte.de\\\/fr\\\/gottingen-une-ville-qui-cree-le-savoir\\\/se-rendre-a-goettingen-en-camping-car\\\/\",\"name\":\"Se rendre \u00e0 G\u00f6ttingen en camping-car - 9 St\u00e4dte in Niedersachsen\",\"isPartOf\":{\"@id\":\"https:\\\/\\\/9staedte.de\\\/fr\\\/#website\"},\"primaryImageOfPage\":{\"@id\":\"https:\\\/\\\/9staedte.de\\\/fr\\\/gottingen-une-ville-qui-cree-le-savoir\\\/se-rendre-a-goettingen-en-camping-car\\\/#primaryimage\"},\"image\":{\"@id\":\"https:\\\/\\\/9staedte.de\\\/fr\\\/gottingen-une-ville-qui-cree-le-savoir\\\/se-rendre-a-goettingen-en-camping-car\\\/#primaryimage\"},\"thumbnailUrl\":\"https:\\\/\\\/9staedte.de\\\/wp-content\\\/uploads\\\/2023\\\/02\\\/Goettingen_Johanniskirche-c-Goettingen-Tourismus-Lars-Gerhardts.jpg\",\"datePublished\":\"2024-06-14T09:17:59+00:00\",\"dateModified\":\"2025-05-15T15:07:05+00:00\",\"breadcrumb\":{\"@id\":\"https:\\\/\\\/9staedte.de\\\/fr\\\/gottingen-une-ville-qui-cree-le-savoir\\\/se-rendre-a-goettingen-en-camping-car\\\/#breadcrumb\"},\"inLanguage\":\"fr-FR\",\"potentialAction\":[{\"@type\":\"ReadAction\",\"target\":[\"https:\\\/\\\/9staedte.de\\\/fr\\\/gottingen-une-ville-qui-cree-le-savoir\\\/se-rendre-a-goettingen-en-camping-car\\\/\"]}]},{\"@type\":\"ImageObject\",\"inLanguage\":\"fr-FR\",\"@id\":\"https:\\\/\\\/9staedte.de\\\/fr\\\/gottingen-une-ville-qui-cree-le-savoir\\\/se-rendre-a-goettingen-en-camping-car\\\/#primaryimage\",\"url\":\"https:\\\/\\\/9staedte.de\\\/wp-content\\\/uploads\\\/2023\\\/02\\\/Goettingen_Johanniskirche-c-Goettingen-Tourismus-Lars-Gerhardts.jpg\",\"contentUrl\":\"https:\\\/\\\/9staedte.de\\\/wp-content\\\/uploads\\\/2023\\\/02\\\/Goettingen_Johanniskirche-c-Goettingen-Tourismus-Lars-Gerhardts.jpg\",\"width\":1020,\"height\":559,\"caption\":\"Goettingen Johanniskirche c) G\u00f6ttingen Marketing GmbH Lars Gerhardts\"},{\"@type\":\"BreadcrumbList\",\"@id\":\"https:\\\/\\\/9staedte.de\\\/fr\\\/gottingen-une-ville-qui-cree-le-savoir\\\/se-rendre-a-goettingen-en-camping-car\\\/#breadcrumb\",\"itemListElement\":[{\"@type\":\"ListItem\",\"position\":1,\"name\":\"Startseite\",\"item\":\"https:\\\/\\\/9staedte.de\\\/fr\\\/\"},{\"@type\":\"ListItem\",\"position\":2,\"name\":\"G\u00f6ttingen &#8211; une ville qui cr\u00e9e le savoir\",\"item\":\"https:\\\/\\\/9staedte.de\\\/fr\\\/gottingen-une-ville-qui-cree-le-savoir\\\/\"},{\"@type\":\"ListItem\",\"position\":3,\"name\":\"Se rendre \u00e0 G\u00f6ttingen en camping-car\"}]},{\"@type\":\"WebSite\",\"@id\":\"https:\\\/\\\/9staedte.de\\\/fr\\\/#website\",\"url\":\"https:\\\/\\\/9staedte.de\\\/fr\\\/\",\"name\":\"9 St\u00e4dte in Niedersachsen\",\"description\":\"\",\"publisher\":{\"@id\":\"https:\\\/\\\/9staedte.de\\\/fr\\\/#organization\"},\"potentialAction\":[{\"@type\":\"SearchAction\",\"target\":{\"@type\":\"EntryPoint\",\"urlTemplate\":\"https:\\\/\\\/9staedte.de\\\/fr\\\/?s={search_term_string}\"},\"query-input\":{\"@type\":\"PropertyValueSpecification\",\"valueRequired\":true,\"valueName\":\"search_term_string\"}}],\"inLanguage\":\"fr-FR\"},{\"@type\":\"Organization\",\"@id\":\"https:\\\/\\\/9staedte.de\\\/fr\\\/#organization\",\"name\":\"9 St\u00e4dte in Niedersachsen\",\"url\":\"https:\\\/\\\/9staedte.de\\\/fr\\\/\",\"logo\":{\"@type\":\"ImageObject\",\"inLanguage\":\"fr-FR\",\"@id\":\"https:\\\/\\\/9staedte.de\\\/fr\\\/#\\\/schema\\\/logo\\\/image\\\/\",\"url\":\"https:\\\/\\\/9staedte.de\\\/wp-content\\\/uploads\\\/2025\\\/01\\\/9-neg-deutsch-2-1.png\",\"contentUrl\":\"https:\\\/\\\/9staedte.de\\\/wp-content\\\/uploads\\\/2025\\\/01\\\/9-neg-deutsch-2-1.png\",\"width\":190,\"height\":114,\"caption\":\"9 St\u00e4dte in Niedersachsen\"},\"image\":{\"@id\":\"https:\\\/\\\/9staedte.de\\\/fr\\\/#\\\/schema\\\/logo\\\/image\\\/\"}}]}<\/script>\n<!-- \/ Yoast SEO plugin. -->","yoast_head_json":{"title":"Se rendre \u00e0 G\u00f6ttingen en camping-car - 9 St\u00e4dte in Niedersachsen","robots":{"index":"index","follow":"follow","max-snippet":"max-snippet:-1","max-image-preview":"max-image-preview:large","max-video-preview":"max-video-preview:-1"},"canonical":"https:\/\/9staedte.de\/fr\/gottingen-une-ville-qui-cree-le-savoir\/se-rendre-a-goettingen-en-camping-car\/","og_locale":"fr_FR","og_type":"article","og_title":"Se rendre \u00e0 G\u00f6ttingen en camping-car - 9 St\u00e4dte in Niedersachsen","og_description":"Reisemobilhafen G\u00f6ttingen : \u00ab\u00a0Top Platz\u00a0\u00bb \u00e0 proximit\u00e9 du centre-ville Le port pour camping-cars de G\u00f6ttingen est un exemple r\u00e9ussi de la fa\u00e7on dont les int\u00e9r\u00eats des camping-caristes peuvent \u00eatre combin\u00e9s avec les conditions d&rsquo;une grande ville touristique. Le port pour camping-cars Eiswiese, cl\u00f4tur\u00e9 et \u00e9clair\u00e9 de tous les c\u00f4t\u00e9s, se trouve sur un site exceptionnel [&hellip;]","og_url":"https:\/\/9staedte.de\/fr\/gottingen-une-ville-qui-cree-le-savoir\/se-rendre-a-goettingen-en-camping-car\/","og_site_name":"9 St\u00e4dte in Niedersachsen","article_modified_time":"2025-05-15T15:07:05+00:00","og_image":[{"width":1020,"height":559,"url":"https:\/\/9staedte.de\/wp-content\/uploads\/2023\/02\/Goettingen_Johanniskirche-c-Goettingen-Tourismus-Lars-Gerhardts.jpg","type":"image\/jpeg"}],"twitter_card":"summary_large_image","twitter_misc":{"Dur\u00e9e de lecture estim\u00e9e":"3 minutes"},"schema":{"@context":"https:\/\/schema.org","@graph":[{"@type":"WebPage","@id":"https:\/\/9staedte.de\/fr\/gottingen-une-ville-qui-cree-le-savoir\/se-rendre-a-goettingen-en-camping-car\/","url":"https:\/\/9staedte.de\/fr\/gottingen-une-ville-qui-cree-le-savoir\/se-rendre-a-goettingen-en-camping-car\/","name":"Se rendre \u00e0 G\u00f6ttingen en camping-car - 9 St\u00e4dte in Niedersachsen","isPartOf":{"@id":"https:\/\/9staedte.de\/fr\/#website"},"primaryImageOfPage":{"@id":"https:\/\/9staedte.de\/fr\/gottingen-une-ville-qui-cree-le-savoir\/se-rendre-a-goettingen-en-camping-car\/#primaryimage"},"image":{"@id":"https:\/\/9staedte.de\/fr\/gottingen-une-ville-qui-cree-le-savoir\/se-rendre-a-goettingen-en-camping-car\/#primaryimage"},"thumbnailUrl":"https:\/\/9staedte.de\/wp-content\/uploads\/2023\/02\/Goettingen_Johanniskirche-c-Goettingen-Tourismus-Lars-Gerhardts.jpg","datePublished":"2024-06-14T09:17:59+00:00","dateModified":"2025-05-15T15:07:05+00:00","breadcrumb":{"@id":"https:\/\/9staedte.de\/fr\/gottingen-une-ville-qui-cree-le-savoir\/se-rendre-a-goettingen-en-camping-car\/#breadcrumb"},"inLanguage":"fr-FR","potentialAction":[{"@type":"ReadAction","target":["https:\/\/9staedte.de\/fr\/gottingen-une-ville-qui-cree-le-savoir\/se-rendre-a-goettingen-en-camping-car\/"]}]},{"@type":"ImageObject","inLanguage":"fr-FR","@id":"https:\/\/9staedte.de\/fr\/gottingen-une-ville-qui-cree-le-savoir\/se-rendre-a-goettingen-en-camping-car\/#primaryimage","url":"https:\/\/9staedte.de\/wp-content\/uploads\/2023\/02\/Goettingen_Johanniskirche-c-Goettingen-Tourismus-Lars-Gerhardts.jpg","contentUrl":"https:\/\/9staedte.de\/wp-content\/uploads\/2023\/02\/Goettingen_Johanniskirche-c-Goettingen-Tourismus-Lars-Gerhardts.jpg","width":1020,"height":559,"caption":"Goettingen Johanniskirche c) G\u00f6ttingen Marketing GmbH Lars Gerhardts"},{"@type":"BreadcrumbList","@id":"https:\/\/9staedte.de\/fr\/gottingen-une-ville-qui-cree-le-savoir\/se-rendre-a-goettingen-en-camping-car\/#breadcrumb","itemListElement":[{"@type":"ListItem","position":1,"name":"Startseite","item":"https:\/\/9staedte.de\/fr\/"},{"@type":"ListItem","position":2,"name":"G\u00f6ttingen &#8211; une ville qui cr\u00e9e le savoir","item":"https:\/\/9staedte.de\/fr\/gottingen-une-ville-qui-cree-le-savoir\/"},{"@type":"ListItem","position":3,"name":"Se rendre \u00e0 G\u00f6ttingen en camping-car"}]},{"@type":"WebSite","@id":"https:\/\/9staedte.de\/fr\/#website","url":"https:\/\/9staedte.de\/fr\/","name":"9 St\u00e4dte in Niedersachsen","description":"","publisher":{"@id":"https:\/\/9staedte.de\/fr\/#organization"},"potentialAction":[{"@type":"SearchAction","target":{"@type":"EntryPoint","urlTemplate":"https:\/\/9staedte.de\/fr\/?s={search_term_string}"},"query-input":{"@type":"PropertyValueSpecification","valueRequired":true,"valueName":"search_term_string"}}],"inLanguage":"fr-FR"},{"@type":"Organization","@id":"https:\/\/9staedte.de\/fr\/#organization","name":"9 St\u00e4dte in Niedersachsen","url":"https:\/\/9staedte.de\/fr\/","logo":{"@type":"ImageObject","inLanguage":"fr-FR","@id":"https:\/\/9staedte.de\/fr\/#\/schema\/logo\/image\/","url":"https:\/\/9staedte.de\/wp-content\/uploads\/2025\/01\/9-neg-deutsch-2-1.png","contentUrl":"https:\/\/9staedte.de\/wp-content\/uploads\/2025\/01\/9-neg-deutsch-2-1.png","width":190,"height":114,"caption":"9 St\u00e4dte in Niedersachsen"},"image":{"@id":"https:\/\/9staedte.de\/fr\/#\/schema\/logo\/image\/"}}]}},"_links":{"self":[{"href":"https:\/\/9staedte.de\/fr\/wp-json\/wp\/v2\/pages\/22579","targetHints":{"allow":["GET"]}}],"collection":[{"href":"https:\/\/9staedte.de\/fr\/wp-json\/wp\/v2\/pages"}],"about":[{"href":"https:\/\/9staedte.de\/fr\/wp-json\/wp\/v2\/types\/page"}],"author":[{"embeddable":true,"href":"https:\/\/9staedte.de\/fr\/wp-json\/wp\/v2\/users\/6"}],"replies":[{"embeddable":true,"href":"https:\/\/9staedte.de\/fr\/wp-json\/wp\/v2\/comments?post=22579"}],"version-history":[{"count":2,"href":"https:\/\/9staedte.de\/fr\/wp-json\/wp\/v2\/pages\/22579\/revisions"}],"predecessor-version":[{"id":25898,"href":"https:\/\/9staedte.de\/fr\/wp-json\/wp\/v2\/pages\/22579\/revisions\/25898"}],"up":[{"embeddable":true,"href":"https:\/\/9staedte.de\/fr\/wp-json\/wp\/v2\/pages\/17986"}],"wp:featuredmedia":[{"embeddable":true,"href":"https:\/\/9staedte.de\/fr\/wp-json\/wp\/v2\/media\/17437"}],"wp:attachment":[{"href":"https:\/\/9staedte.de\/fr\/wp-json\/wp\/v2\/media?parent=22579"}],"wp:term":[{"taxonomy":"category","embeddable":true,"href":"https:\/\/9staedte.de\/fr\/wp-json\/wp\/v2\/categories?post=22579"},{"taxonomy":"post_tag","embeddable":true,"href":"https:\/\/9staedte.de\/fr\/wp-json\/wp\/v2\/tags?post=22579"},{"taxonomy":"ncap_cities_tax","embeddable":true,"href":"https:\/\/9staedte.de\/fr\/wp-json\/wp\/v2\/ncap_cities_tax?post=22579"}],"curies":[{"name":"wp","href":"https:\/\/api.w.org\/{rel}","templated":true}]}}