{"id":22549,"date":"2024-06-13T17:02:06","date_gmt":"2024-06-13T15:02:06","guid":{"rendered":"https:\/\/9staedte.de\/en-camping-car-a-goslar\/"},"modified":"2024-07-04T14:16:42","modified_gmt":"2024-07-04T12:16:42","slug":"en-camping-car-a-goslar","status":"publish","type":"page","link":"https:\/\/9staedte.de\/fr\/en-camping-car-a-goslar\/","title":{"rendered":"Avec le camping-car \u00e0 Goslar"},"content":{"rendered":"\n<h2 class=\"wp-block-heading\">Vacances en camping-car \u00e0 Goslar<\/h2>\n\n<p>Profitez de la libert\u00e9 tout en conservant votre propre maison pendant vos vacances : Les camping-caristes ont cet avantage partout et sur la route. Goslar est la destination de vacances id\u00e9ale pour un voyage en camping-car, car les courtes distances, la proximit\u00e9 de la nature et l&rsquo;offre culturelle tr\u00e8s vari\u00e9e permettent de profiter pleinement des vacances. Les camping-caristes peuvent se laisser s\u00e9duire par le paysage du Harz et appr\u00e9cier \u00e0 leur mani\u00e8re la beaut\u00e9 inoubliable de la vieille ville historique. Bienvenue aux vacances en camping-car \u00e0 Goslar !<\/p>\n\n<figure class=\"wp-block-image size-full\"><img loading=\"lazy\" decoding=\"async\" width=\"1019\" height=\"560\" src=\"https:\/\/9staedte.de\/wp-content\/smush-webp\/2024\/06\/Fachwerkgasse_GOSLAR_arketing_gmbh_Fotograf_Stefan_Schiefer.jpg.webp\" alt=\"Fachwerkgasse_GOSLAR marketing gmbh_Photographe_Stefan_Schiefer\" class=\"wp-image-22531\" srcset=\"https:\/\/9staedte.de\/wp-content\/smush-webp\/2024\/06\/Fachwerkgasse_GOSLAR_arketing_gmbh_Fotograf_Stefan_Schiefer.jpg.webp 1019w, https:\/\/9staedte.de\/wp-content\/smush-webp\/2024\/06\/Fachwerkgasse_GOSLAR_arketing_gmbh_Fotograf_Stefan_Schiefer-300x165.jpg.webp 300w, https:\/\/9staedte.de\/wp-content\/smush-webp\/2024\/06\/Fachwerkgasse_GOSLAR_arketing_gmbh_Fotograf_Stefan_Schiefer-768x422.jpg.webp 768w\" sizes=\"auto, (max-width: 1019px) 100vw, 1019px\" \/><figcaption class=\"wp-element-caption\">Fachwerkgasse GOSLAR marketing gmbh_Photographe_Stefan_Schiefer<\/figcaption><\/figure>\n\n <div class=\"brlbs-cmpnt-container brlbs-cmpnt-content-blocker brlbs-cmpnt-with-individual-styles\" data-borlabs-cookie-content-blocker-id=\"google-maps\" data-borlabs-cookie-content=\"PGlmcmFtZSBzcmM9Imh0dHBzOi8vd3d3Lmdvb2dsZS5jb20vbWFwcy9kL2VtYmVkP21pZD0xb2Y3X2p0RkdzcDZ0V2hNckFxdVJEcFVzdkRKVGtvMCZlaGJjPTJFMzEyRiIgd2lkdGg9IjY0MCIgaGVpZ2h0PSI0ODAiPjwvaWZyYW1lPg==\"><div class=\"brlbs-cmpnt-cb-preset-b brlbs-cmpnt-cb-google-maps\"> <div class=\"brlbs-cmpnt-cb-thumbnail\" style=\"background-image: url('https:\/\/9staedte.de\/wp-content\/uploads\/borlabs-cookie\/1\/brlbs-cb-google-maps-main.png')\"><\/div> <div class=\"brlbs-cmpnt-cb-main\"> <div class=\"brlbs-cmpnt-cb-content\"> <p class=\"brlbs-cmpnt-cb-description\">Vous \u00eates actuellement en train de consulter le contenu d&rsquo;un espace r\u00e9serv\u00e9 de <strong>Google Maps<\/strong>. Pour acc\u00e9der au contenu r\u00e9el, cliquez sur le bouton ci-dessous. Veuillez noter que ce faisant, des donn\u00e9es seront partag\u00e9es avec des providers tiers.<\/p> <a class=\"brlbs-cmpnt-cb-provider-toggle\" href=\"#\" data-borlabs-cookie-show-provider-information role=\"button\">Plus d&rsquo;informations<\/a> <\/div> <div class=\"brlbs-cmpnt-cb-buttons\"> <a class=\"brlbs-cmpnt-cb-btn\" href=\"#\" data-borlabs-cookie-unblock role=\"button\">D\u00e9bloquer le contenu<\/a> <a class=\"brlbs-cmpnt-cb-btn\" href=\"#\" data-borlabs-cookie-accept-service role=\"button\" style=\"display: inherit\">Accepter le service requis et d\u00e9bloquer le contenu<\/a> <\/div> <\/div> <\/div><\/div>\n\n<p><strong>9 conseils pour les voyageurs en camping-car<\/strong><\/p>\n\n<ol class=\"wp-block-list\">\n<li>Visitez la ville de Goslar, class\u00e9e au patrimoine mondial de l&rsquo;UNESCO, et explorez l&rsquo;impressionnante vieille ville avec ses maisons \u00e0 colombages et ses sites historiques, comme le ch\u00e2teau du m\u00eame nom. en prenant le t\u00e9l\u00e9ph\u00e9rique (Bimmelbahn)<\/li>\n\n\n\n<li>Profitez d&rsquo;une vue \u00e0 couper le souffle depuis la tour de l&rsquo;\u00e9glise du march\u00e9.<\/li>\n\n\n\n<li>Faites l&rsquo;exp\u00e9rience d&rsquo;une des visites guid\u00e9es quotidiennes dans la vieille ville de Goslar.<\/li>\n\n\n\n<li>Visitez la mine de Rammelsberg et plongez dans l&rsquo;histoire de l&rsquo;exploitation mini\u00e8re de la r\u00e9gion, par exemple. lors d&rsquo;une visite guid\u00e9e en surface ou en sous-sol.<\/li>\n\n\n\n<li>Au mus\u00e9e de Goslar et au mus\u00e9e des figurines en \u00e9tain, vous d\u00e9couvrirez des faits passionnants et int\u00e9ressants sur les 1100 ans d&rsquo;histoire de la ville de Goslar.<\/li>\n\n\n\n<li>D\u00e9couvrez le palais imp\u00e9rial, qui fait partie de la vieille ville et est inscrit au patrimoine mondial de l&rsquo;UNESCO.<\/li>\n\n\n\n<li>Faites un voyage \u00e0 travers les diff\u00e9rents styles architecturaux et les diff\u00e9rentes \u00e9poques de l&rsquo;h\u00f4tel de ville historique gr\u00e2ce aux visites guid\u00e9es quotidiennes, au cours desquelles vous pourrez \u00e9galement d\u00e9couvrir la nouvelle exposition multim\u00e9dia dans la salle des hommages.<\/li>\n\n\n\n<li>La vieille ville compte de nombreux caf\u00e9s et restaurants, o\u00f9 vous trouverez un large choix allant de la cuisine v\u00e9g\u00e9talienne\/v\u00e9g\u00e9tarienne \u00e0 des plats copieux et typiques du Harz, pour tous les go\u00fbts.<\/li>\n\n\n\n<li>Les possibilit\u00e9s de stationnement pour les camping-cars sont tr\u00e8s centralis\u00e9es et se trouvent \u00e0 Osterfeld ou dans le parking \u00ab\u00a0F\u00fcllekuhle\u00a0\u00bb dans la Bertha-von-Suttner-Stra\u00dfe, d&rsquo;o\u00f9 vous pouvez rejoindre la vieille ville \u00e0 pied.<\/li>\n<\/ol>\n\n<ul class=\"wp-block-list\">\n<li><a href=\"https:\/\/www.camping-harz.com\/\">https:\/\/www.camping-harz.com\/<\/a>   <\/li>\n\n\n\n<li><a href=\"https:\/\/www.harz-camp-goslar.de\/\">https:\/\/www.harz-camp-goslar.de\/<\/a><\/li>\n\n\n\n<li><a href=\"https:\/\/www.meingoslar.de\/planen-und-buchen\/camping\">https:\/\/www.meingoslar.de\/planen-und-buchen\/camping<\/a><\/li>\n\n\n\n<li>Le camping F\u00fcllekuhle \u00e0 Goslar<\/li>\n<\/ul>\n\n<p><\/p>\n\n<p><\/p>\n","protected":false},"excerpt":{"rendered":"<p>Vacances en camping-car \u00e0 Goslar Profitez de la libert\u00e9 tout en conservant votre propre maison pendant vos vacances : Les camping-caristes ont cet avantage partout et sur la route. Goslar est la destination de vacances id\u00e9ale pour un voyage en camping-car, car les courtes distances, la proximit\u00e9 de la nature et l&rsquo;offre culturelle tr\u00e8s vari\u00e9e [&hellip;]<\/p>\n","protected":false},"author":6,"featured_media":0,"parent":0,"menu_order":0,"comment_status":"closed","ping_status":"closed","template":"","meta":{"_acf_changed":false,"footnotes":""},"categories":[],"tags":[],"ncap_cities_tax":[444,1416],"class_list":["post-22549","page","type-page","status-publish","hentry","ncap_cities_tax-goslar-fr","ncap_cities_tax-reisemobilstellplatze-goslar-fr"],"acf":[],"yoast_head":"<!-- This site is optimized with the Yoast SEO plugin v26.8 - https:\/\/yoast.com\/product\/yoast-seo-wordpress\/ -->\n<title>Avec le camping-car \u00e0 Goslar - 9 St\u00e4dte in Niedersachsen<\/title>\n<meta name=\"robots\" content=\"index, follow, max-snippet:-1, max-image-preview:large, max-video-preview:-1\" \/>\n<link rel=\"canonical\" href=\"https:\/\/9staedte.de\/fr\/en-camping-car-a-goslar\/\" \/>\n<meta property=\"og:locale\" content=\"fr_FR\" \/>\n<meta property=\"og:type\" content=\"article\" \/>\n<meta property=\"og:title\" content=\"Avec le camping-car \u00e0 Goslar - 9 St\u00e4dte in Niedersachsen\" \/>\n<meta property=\"og:description\" content=\"Vacances en camping-car \u00e0 Goslar Profitez de la libert\u00e9 tout en conservant votre propre maison pendant vos vacances : Les camping-caristes ont cet avantage partout et sur la route. Goslar est la destination de vacances id\u00e9ale pour un voyage en camping-car, car les courtes distances, la proximit\u00e9 de la nature et l&rsquo;offre culturelle tr\u00e8s vari\u00e9e [&hellip;]\" \/>\n<meta property=\"og:url\" content=\"https:\/\/9staedte.de\/fr\/en-camping-car-a-goslar\/\" \/>\n<meta property=\"og:site_name\" content=\"9 St\u00e4dte in Niedersachsen\" \/>\n<meta property=\"article:modified_time\" content=\"2024-07-04T12:16:42+00:00\" \/>\n<meta property=\"og:image\" content=\"https:\/\/9staedte.de\/wp-content\/uploads\/2024\/06\/Fachwerkgasse_GOSLAR_arketing_gmbh_Fotograf_Stefan_Schiefer.jpg\" \/>\n<meta name=\"twitter:card\" content=\"summary_large_image\" \/>\n<meta name=\"twitter:label1\" content=\"Dur\u00e9e de lecture estim\u00e9e\" \/>\n\t<meta name=\"twitter:data1\" content=\"2 minutes\" \/>\n<script type=\"application\/ld+json\" class=\"yoast-schema-graph\">{\"@context\":\"https:\/\/schema.org\",\"@graph\":[{\"@type\":\"WebPage\",\"@id\":\"https:\/\/9staedte.de\/fr\/en-camping-car-a-goslar\/\",\"url\":\"https:\/\/9staedte.de\/fr\/en-camping-car-a-goslar\/\",\"name\":\"Avec le camping-car \u00e0 Goslar - 9 St\u00e4dte in Niedersachsen\",\"isPartOf\":{\"@id\":\"https:\/\/9staedte.de\/fr\/#website\"},\"primaryImageOfPage\":{\"@id\":\"https:\/\/9staedte.de\/fr\/en-camping-car-a-goslar\/#primaryimage\"},\"image\":{\"@id\":\"https:\/\/9staedte.de\/fr\/en-camping-car-a-goslar\/#primaryimage\"},\"thumbnailUrl\":\"https:\/\/9staedte.de\/wp-content\/uploads\/2024\/06\/Fachwerkgasse_GOSLAR_arketing_gmbh_Fotograf_Stefan_Schiefer.jpg\",\"datePublished\":\"2024-06-13T15:02:06+00:00\",\"dateModified\":\"2024-07-04T12:16:42+00:00\",\"breadcrumb\":{\"@id\":\"https:\/\/9staedte.de\/fr\/en-camping-car-a-goslar\/#breadcrumb\"},\"inLanguage\":\"fr-FR\",\"potentialAction\":[{\"@type\":\"ReadAction\",\"target\":[\"https:\/\/9staedte.de\/fr\/en-camping-car-a-goslar\/\"]}]},{\"@type\":\"ImageObject\",\"inLanguage\":\"fr-FR\",\"@id\":\"https:\/\/9staedte.de\/fr\/en-camping-car-a-goslar\/#primaryimage\",\"url\":\"https:\/\/9staedte.de\/wp-content\/uploads\/2024\/06\/Fachwerkgasse_GOSLAR_arketing_gmbh_Fotograf_Stefan_Schiefer.jpg\",\"contentUrl\":\"https:\/\/9staedte.de\/wp-content\/uploads\/2024\/06\/Fachwerkgasse_GOSLAR_arketing_gmbh_Fotograf_Stefan_Schiefer.jpg\"},{\"@type\":\"BreadcrumbList\",\"@id\":\"https:\/\/9staedte.de\/fr\/en-camping-car-a-goslar\/#breadcrumb\",\"itemListElement\":[{\"@type\":\"ListItem\",\"position\":1,\"name\":\"Startseite\",\"item\":\"https:\/\/9staedte.de\/fr\/\"},{\"@type\":\"ListItem\",\"position\":2,\"name\":\"Avec le camping-car \u00e0 Goslar\"}]},{\"@type\":\"WebSite\",\"@id\":\"https:\/\/9staedte.de\/fr\/#website\",\"url\":\"https:\/\/9staedte.de\/fr\/\",\"name\":\"9 St\u00e4dte in Niedersachsen\",\"description\":\"\",\"publisher\":{\"@id\":\"https:\/\/9staedte.de\/fr\/#organization\"},\"potentialAction\":[{\"@type\":\"SearchAction\",\"target\":{\"@type\":\"EntryPoint\",\"urlTemplate\":\"https:\/\/9staedte.de\/fr\/?s={search_term_string}\"},\"query-input\":{\"@type\":\"PropertyValueSpecification\",\"valueRequired\":true,\"valueName\":\"search_term_string\"}}],\"inLanguage\":\"fr-FR\"},{\"@type\":\"Organization\",\"@id\":\"https:\/\/9staedte.de\/fr\/#organization\",\"name\":\"9 St\u00e4dte in Niedersachsen\",\"url\":\"https:\/\/9staedte.de\/fr\/\",\"logo\":{\"@type\":\"ImageObject\",\"inLanguage\":\"fr-FR\",\"@id\":\"https:\/\/9staedte.de\/fr\/#\/schema\/logo\/image\/\",\"url\":\"https:\/\/9staedte.de\/wp-content\/uploads\/2025\/01\/9-neg-deutsch-2-1.png\",\"contentUrl\":\"https:\/\/9staedte.de\/wp-content\/uploads\/2025\/01\/9-neg-deutsch-2-1.png\",\"width\":190,\"height\":114,\"caption\":\"9 St\u00e4dte in Niedersachsen\"},\"image\":{\"@id\":\"https:\/\/9staedte.de\/fr\/#\/schema\/logo\/image\/\"}}]}<\/script>\n<!-- \/ Yoast SEO plugin. -->","yoast_head_json":{"title":"Avec le camping-car \u00e0 Goslar - 9 St\u00e4dte in Niedersachsen","robots":{"index":"index","follow":"follow","max-snippet":"max-snippet:-1","max-image-preview":"max-image-preview:large","max-video-preview":"max-video-preview:-1"},"canonical":"https:\/\/9staedte.de\/fr\/en-camping-car-a-goslar\/","og_locale":"fr_FR","og_type":"article","og_title":"Avec le camping-car \u00e0 Goslar - 9 St\u00e4dte in Niedersachsen","og_description":"Vacances en camping-car \u00e0 Goslar Profitez de la libert\u00e9 tout en conservant votre propre maison pendant vos vacances : Les camping-caristes ont cet avantage partout et sur la route. Goslar est la destination de vacances id\u00e9ale pour un voyage en camping-car, car les courtes distances, la proximit\u00e9 de la nature et l&rsquo;offre culturelle tr\u00e8s vari\u00e9e [&hellip;]","og_url":"https:\/\/9staedte.de\/fr\/en-camping-car-a-goslar\/","og_site_name":"9 St\u00e4dte in Niedersachsen","article_modified_time":"2024-07-04T12:16:42+00:00","og_image":[{"url":"https:\/\/9staedte.de\/wp-content\/uploads\/2024\/06\/Fachwerkgasse_GOSLAR_arketing_gmbh_Fotograf_Stefan_Schiefer.jpg","type":"","width":"","height":""}],"twitter_card":"summary_large_image","twitter_misc":{"Dur\u00e9e de lecture estim\u00e9e":"2 minutes"},"schema":{"@context":"https:\/\/schema.org","@graph":[{"@type":"WebPage","@id":"https:\/\/9staedte.de\/fr\/en-camping-car-a-goslar\/","url":"https:\/\/9staedte.de\/fr\/en-camping-car-a-goslar\/","name":"Avec le camping-car \u00e0 Goslar - 9 St\u00e4dte in Niedersachsen","isPartOf":{"@id":"https:\/\/9staedte.de\/fr\/#website"},"primaryImageOfPage":{"@id":"https:\/\/9staedte.de\/fr\/en-camping-car-a-goslar\/#primaryimage"},"image":{"@id":"https:\/\/9staedte.de\/fr\/en-camping-car-a-goslar\/#primaryimage"},"thumbnailUrl":"https:\/\/9staedte.de\/wp-content\/uploads\/2024\/06\/Fachwerkgasse_GOSLAR_arketing_gmbh_Fotograf_Stefan_Schiefer.jpg","datePublished":"2024-06-13T15:02:06+00:00","dateModified":"2024-07-04T12:16:42+00:00","breadcrumb":{"@id":"https:\/\/9staedte.de\/fr\/en-camping-car-a-goslar\/#breadcrumb"},"inLanguage":"fr-FR","potentialAction":[{"@type":"ReadAction","target":["https:\/\/9staedte.de\/fr\/en-camping-car-a-goslar\/"]}]},{"@type":"ImageObject","inLanguage":"fr-FR","@id":"https:\/\/9staedte.de\/fr\/en-camping-car-a-goslar\/#primaryimage","url":"https:\/\/9staedte.de\/wp-content\/uploads\/2024\/06\/Fachwerkgasse_GOSLAR_arketing_gmbh_Fotograf_Stefan_Schiefer.jpg","contentUrl":"https:\/\/9staedte.de\/wp-content\/uploads\/2024\/06\/Fachwerkgasse_GOSLAR_arketing_gmbh_Fotograf_Stefan_Schiefer.jpg"},{"@type":"BreadcrumbList","@id":"https:\/\/9staedte.de\/fr\/en-camping-car-a-goslar\/#breadcrumb","itemListElement":[{"@type":"ListItem","position":1,"name":"Startseite","item":"https:\/\/9staedte.de\/fr\/"},{"@type":"ListItem","position":2,"name":"Avec le camping-car \u00e0 Goslar"}]},{"@type":"WebSite","@id":"https:\/\/9staedte.de\/fr\/#website","url":"https:\/\/9staedte.de\/fr\/","name":"9 St\u00e4dte in Niedersachsen","description":"","publisher":{"@id":"https:\/\/9staedte.de\/fr\/#organization"},"potentialAction":[{"@type":"SearchAction","target":{"@type":"EntryPoint","urlTemplate":"https:\/\/9staedte.de\/fr\/?s={search_term_string}"},"query-input":{"@type":"PropertyValueSpecification","valueRequired":true,"valueName":"search_term_string"}}],"inLanguage":"fr-FR"},{"@type":"Organization","@id":"https:\/\/9staedte.de\/fr\/#organization","name":"9 St\u00e4dte in Niedersachsen","url":"https:\/\/9staedte.de\/fr\/","logo":{"@type":"ImageObject","inLanguage":"fr-FR","@id":"https:\/\/9staedte.de\/fr\/#\/schema\/logo\/image\/","url":"https:\/\/9staedte.de\/wp-content\/uploads\/2025\/01\/9-neg-deutsch-2-1.png","contentUrl":"https:\/\/9staedte.de\/wp-content\/uploads\/2025\/01\/9-neg-deutsch-2-1.png","width":190,"height":114,"caption":"9 St\u00e4dte in Niedersachsen"},"image":{"@id":"https:\/\/9staedte.de\/fr\/#\/schema\/logo\/image\/"}}]}},"_links":{"self":[{"href":"https:\/\/9staedte.de\/fr\/wp-json\/wp\/v2\/pages\/22549","targetHints":{"allow":["GET"]}}],"collection":[{"href":"https:\/\/9staedte.de\/fr\/wp-json\/wp\/v2\/pages"}],"about":[{"href":"https:\/\/9staedte.de\/fr\/wp-json\/wp\/v2\/types\/page"}],"author":[{"embeddable":true,"href":"https:\/\/9staedte.de\/fr\/wp-json\/wp\/v2\/users\/6"}],"replies":[{"embeddable":true,"href":"https:\/\/9staedte.de\/fr\/wp-json\/wp\/v2\/comments?post=22549"}],"version-history":[{"count":3,"href":"https:\/\/9staedte.de\/fr\/wp-json\/wp\/v2\/pages\/22549\/revisions"}],"predecessor-version":[{"id":23004,"href":"https:\/\/9staedte.de\/fr\/wp-json\/wp\/v2\/pages\/22549\/revisions\/23004"}],"wp:attachment":[{"href":"https:\/\/9staedte.de\/fr\/wp-json\/wp\/v2\/media?parent=22549"}],"wp:term":[{"taxonomy":"category","embeddable":true,"href":"https:\/\/9staedte.de\/fr\/wp-json\/wp\/v2\/categories?post=22549"},{"taxonomy":"post_tag","embeddable":true,"href":"https:\/\/9staedte.de\/fr\/wp-json\/wp\/v2\/tags?post=22549"},{"taxonomy":"ncap_cities_tax","embeddable":true,"href":"https:\/\/9staedte.de\/fr\/wp-json\/wp\/v2\/ncap_cities_tax?post=22549"}],"curies":[{"name":"wp","href":"https:\/\/api.w.org\/{rel}","templated":true}]}}