{"id":22490,"date":"2024-06-13T16:13:10","date_gmt":"2024-06-13T14:13:10","guid":{"rendered":"https:\/\/9staedte.de\/mit-dem-reisemobil-nach-einbeck\/"},"modified":"2024-06-13T16:25:23","modified_gmt":"2024-06-13T14:25:23","slug":"mit-dem-reisemobil-nach-einbeck","status":"publish","type":"page","link":"https:\/\/9staedte.de\/fr\/einbeck-voitures-anciennes-colombages-biere\/mit-dem-reisemobil-nach-einbeck\/","title":{"rendered":"En camping-car \u00e0 Einbeck"},"content":{"rendered":"\n<h2 class=\"wp-block-heading\">Einbeck, un joyau au c\u0153ur de l&rsquo;Allemagne<\/h2>\n\n\n\n<p>Einbeck, un v\u00e9ritable joyau au centre de l&rsquo;Allemagne, est connu pour ses impressionnantes maisons \u00e0 colombages, la c\u00e9l\u00e8bre bi\u00e8re d&rsquo;Einbeck et la plus grande collection de voitures anciennes d&rsquo;Europe &#8211; le PS.SPEICHER. Avec plus de 231 kilom\u00e8tres carr\u00e9s, Einbeck est la plus grande ville du sud de la Basse-Saxe, entour\u00e9e de pittoresques cha\u00eenes de montagnes moyennes, le Weserbergland, le Harz et le Solling.<\/p>\n\n\n\n<p>La ville offre aux voyageurs en camping-car, 30 emplacements spacieux situ\u00e9s au centre \u00e0 c\u00f4t\u00e9 de la piscine couverte\/en plein air, pr\u00e8s de la vieille ville et de la for\u00eat municipale, la Hube, pour un repos et une d\u00e9tente id\u00e9aux. Einbeck est donc une destination parfaite pour ceux qui cherchent \u00e0 se d\u00e9tendre et qui appr\u00e9cient \u00e0 la fois la culture et la nature.<\/p>\n\n\n\n<figure class=\"wp-block-image size-full\"><img loading=\"lazy\" decoding=\"async\" width=\"1020\" height=\"560\" src=\"https:\/\/9staedte.de\/wp-content\/smush-webp\/2024\/06\/Einbeck-Wohnmobilstellplatz-\u00a9-Stadtwerke-Einbeck-1.jpg.webp\" alt=\"\" class=\"wp-image-22478\" srcset=\"https:\/\/9staedte.de\/wp-content\/smush-webp\/2024\/06\/Einbeck-Wohnmobilstellplatz-\u00a9-Stadtwerke-Einbeck-1.jpg.webp 1020w, https:\/\/9staedte.de\/wp-content\/smush-webp\/2024\/06\/Einbeck-Wohnmobilstellplatz-\u00a9-Stadtwerke-Einbeck-1-300x165.jpg.webp 300w, https:\/\/9staedte.de\/wp-content\/smush-webp\/2024\/06\/Einbeck-Wohnmobilstellplatz-\u00a9-Stadtwerke-Einbeck-1-768x422.jpg.webp 768w\" sizes=\"auto, (max-width: 1020px) 100vw, 1020px\" \/><\/figure>\n\n\n\n <div class=\"brlbs-cmpnt-container brlbs-cmpnt-content-blocker brlbs-cmpnt-with-individual-styles\" data-borlabs-cookie-content-blocker-id=\"google-maps\" data-borlabs-cookie-content=\"PGlmcmFtZSBzcmM9Imh0dHBzOi8vd3d3Lmdvb2dsZS5jb20vbWFwcy9kL2VtYmVkP21pZD0xc0xIWmFfZnlITnE4ZWVmME5zOV9UWU1GZkxCNmpRSSZlaGJjPTJFMzEyRiIgd2lkdGg9IjY0MCIgaGVpZ2h0PSI0ODAiPjwvaWZyYW1lPg==\"><div class=\"brlbs-cmpnt-cb-preset-b brlbs-cmpnt-cb-google-maps\"> <div class=\"brlbs-cmpnt-cb-thumbnail\" style=\"background-image: url('https:\/\/9staedte.de\/wp-content\/uploads\/borlabs-cookie\/1\/brlbs-cb-google-maps-main.png')\"><\/div> <div class=\"brlbs-cmpnt-cb-main\"> <div class=\"brlbs-cmpnt-cb-content\"> <p class=\"brlbs-cmpnt-cb-description\">Vous \u00eates actuellement en train de consulter le contenu d&rsquo;un espace r\u00e9serv\u00e9 de <strong>Google Maps<\/strong>. Pour acc\u00e9der au contenu r\u00e9el, cliquez sur le bouton ci-dessous. Veuillez noter que ce faisant, des donn\u00e9es seront partag\u00e9es avec des providers tiers.<\/p> <a class=\"brlbs-cmpnt-cb-provider-toggle\" href=\"#\" data-borlabs-cookie-show-provider-information role=\"button\">Plus d&rsquo;informations<\/a> <\/div> <div class=\"brlbs-cmpnt-cb-buttons\"> <a class=\"brlbs-cmpnt-cb-btn\" href=\"#\" data-borlabs-cookie-unblock role=\"button\">D\u00e9bloquer le contenu<\/a> <a class=\"brlbs-cmpnt-cb-btn\" href=\"#\" data-borlabs-cookie-accept-service role=\"button\" style=\"display: inherit\">Accepter le service requis et d\u00e9bloquer le contenu<\/a> <\/div> <\/div> <\/div><\/div>\n\n\n\n<p><a href=\"https:\/\/www.einbeck-tourismus.de\/wohnmobilstellplatz\">Plus d&rsquo;informations sur l&rsquo;aire de camping-car d&rsquo;Einbeck :<\/a><\/p>\n\n\n\n<p><strong>9 conseils :<\/strong><br>1. explorer le sentier de la bi\u00e8re d&rsquo;Einbeck \u00e0 votre guise et d\u00e9guster la bi\u00e8re d&rsquo;Einbeck ou r\u00e9server une visite de la brasserie<br>2. faire une pause caf\u00e9 sur la place du march\u00e9<br>3. voir le plus vieux tonneau de bi\u00e8re d&rsquo;Allemagne au StadtMuseum.<br>4. participer \u00e0 une visite guid\u00e9e publique de la ville<br>5. visiter le PS.SPEICHER et mettre les gaz dans le Porsche Sumulator.<br>6. d\u00e9guster la moutarde d&rsquo;Einbeck<br>7. d\u00e9couvrir des spots de street art uniques sur des maisons, des murs ou des bus et prendre une photo souvenir devant.<br>8. acheter quelque chose de fait \u00e0 la main en impression bleue<br>9. monter en haut de la tour de la Marktkirche, prendre de l&rsquo;altitude et profiter de la vue.<\/p>\n","protected":false},"excerpt":{"rendered":"<p>Einbeck, un joyau au c\u0153ur de l&rsquo;Allemagne Einbeck, un v\u00e9ritable joyau au centre de l&rsquo;Allemagne, est connu pour ses impressionnantes maisons \u00e0 colombages, la c\u00e9l\u00e8bre bi\u00e8re d&rsquo;Einbeck et la plus grande collection de voitures anciennes d&rsquo;Europe &#8211; le PS.SPEICHER. Avec plus de 231 kilom\u00e8tres carr\u00e9s, Einbeck est la plus grande ville du sud de la [&hellip;]<\/p>\n","protected":false},"author":6,"featured_media":22474,"parent":18033,"menu_order":0,"comment_status":"closed","ping_status":"closed","template":"","meta":{"_acf_changed":false,"footnotes":""},"categories":[],"tags":[],"ncap_cities_tax":[478,1450],"class_list":["post-22490","page","type-page","status-publish","has-post-thumbnail","hentry","ncap_cities_tax-einbeck-fr","ncap_cities_tax-reisemobilstellplatze-einbeck-fr"],"acf":[],"yoast_head":"<!-- This site is optimized with the Yoast SEO plugin v26.8 - https:\/\/yoast.com\/product\/yoast-seo-wordpress\/ -->\n<title>En camping-car \u00e0 Einbeck - 9 St\u00e4dte in Niedersachsen<\/title>\n<meta name=\"robots\" content=\"index, follow, max-snippet:-1, max-image-preview:large, max-video-preview:-1\" \/>\n<link rel=\"canonical\" href=\"https:\/\/9staedte.de\/fr\/einbeck-voitures-anciennes-colombages-biere\/mit-dem-reisemobil-nach-einbeck\/\" \/>\n<meta property=\"og:locale\" content=\"fr_FR\" \/>\n<meta property=\"og:type\" content=\"article\" \/>\n<meta property=\"og:title\" content=\"En camping-car \u00e0 Einbeck - 9 St\u00e4dte in Niedersachsen\" \/>\n<meta property=\"og:description\" content=\"Einbeck, un joyau au c\u0153ur de l&rsquo;Allemagne Einbeck, un v\u00e9ritable joyau au centre de l&rsquo;Allemagne, est connu pour ses impressionnantes maisons \u00e0 colombages, la c\u00e9l\u00e8bre bi\u00e8re d&rsquo;Einbeck et la plus grande collection de voitures anciennes d&rsquo;Europe &#8211; le PS.SPEICHER. Avec plus de 231 kilom\u00e8tres carr\u00e9s, Einbeck est la plus grande ville du sud de la [&hellip;]\" \/>\n<meta property=\"og:url\" content=\"https:\/\/9staedte.de\/fr\/einbeck-voitures-anciennes-colombages-biere\/mit-dem-reisemobil-nach-einbeck\/\" \/>\n<meta property=\"og:site_name\" content=\"9 St\u00e4dte in Niedersachsen\" \/>\n<meta property=\"article:modified_time\" content=\"2024-06-13T14:25:23+00:00\" \/>\n<meta property=\"og:image\" content=\"https:\/\/9staedte.de\/wp-content\/uploads\/2024\/06\/Einbeck-Parkanlage-\u00a9Max-Wiesenbach-1.jpg\" \/>\n\t<meta property=\"og:image:width\" content=\"1020\" \/>\n\t<meta property=\"og:image:height\" content=\"560\" \/>\n\t<meta property=\"og:image:type\" content=\"image\/jpeg\" \/>\n<meta name=\"twitter:card\" content=\"summary_large_image\" \/>\n<meta name=\"twitter:label1\" content=\"Dur\u00e9e de lecture estim\u00e9e\" \/>\n\t<meta name=\"twitter:data1\" content=\"2 minutes\" \/>\n<script type=\"application\/ld+json\" class=\"yoast-schema-graph\">{\"@context\":\"https:\/\/schema.org\",\"@graph\":[{\"@type\":\"WebPage\",\"@id\":\"https:\/\/9staedte.de\/fr\/einbeck-voitures-anciennes-colombages-biere\/mit-dem-reisemobil-nach-einbeck\/\",\"url\":\"https:\/\/9staedte.de\/fr\/einbeck-voitures-anciennes-colombages-biere\/mit-dem-reisemobil-nach-einbeck\/\",\"name\":\"En camping-car \u00e0 Einbeck - 9 St\u00e4dte in Niedersachsen\",\"isPartOf\":{\"@id\":\"https:\/\/9staedte.de\/fr\/#website\"},\"primaryImageOfPage\":{\"@id\":\"https:\/\/9staedte.de\/fr\/einbeck-voitures-anciennes-colombages-biere\/mit-dem-reisemobil-nach-einbeck\/#primaryimage\"},\"image\":{\"@id\":\"https:\/\/9staedte.de\/fr\/einbeck-voitures-anciennes-colombages-biere\/mit-dem-reisemobil-nach-einbeck\/#primaryimage\"},\"thumbnailUrl\":\"https:\/\/9staedte.de\/wp-content\/uploads\/2024\/06\/Einbeck-Parkanlage-\u00a9Max-Wiesenbach-1.jpg\",\"datePublished\":\"2024-06-13T14:13:10+00:00\",\"dateModified\":\"2024-06-13T14:25:23+00:00\",\"breadcrumb\":{\"@id\":\"https:\/\/9staedte.de\/fr\/einbeck-voitures-anciennes-colombages-biere\/mit-dem-reisemobil-nach-einbeck\/#breadcrumb\"},\"inLanguage\":\"fr-FR\",\"potentialAction\":[{\"@type\":\"ReadAction\",\"target\":[\"https:\/\/9staedte.de\/fr\/einbeck-voitures-anciennes-colombages-biere\/mit-dem-reisemobil-nach-einbeck\/\"]}]},{\"@type\":\"ImageObject\",\"inLanguage\":\"fr-FR\",\"@id\":\"https:\/\/9staedte.de\/fr\/einbeck-voitures-anciennes-colombages-biere\/mit-dem-reisemobil-nach-einbeck\/#primaryimage\",\"url\":\"https:\/\/9staedte.de\/wp-content\/uploads\/2024\/06\/Einbeck-Parkanlage-\u00a9Max-Wiesenbach-1.jpg\",\"contentUrl\":\"https:\/\/9staedte.de\/wp-content\/uploads\/2024\/06\/Einbeck-Parkanlage-\u00a9Max-Wiesenbach-1.jpg\",\"width\":1020,\"height\":560,\"caption\":\"Einbeck Parkanlage \u00a9Max Wiesenbach\"},{\"@type\":\"BreadcrumbList\",\"@id\":\"https:\/\/9staedte.de\/fr\/einbeck-voitures-anciennes-colombages-biere\/mit-dem-reisemobil-nach-einbeck\/#breadcrumb\",\"itemListElement\":[{\"@type\":\"ListItem\",\"position\":1,\"name\":\"Startseite\",\"item\":\"https:\/\/9staedte.de\/fr\/\"},{\"@type\":\"ListItem\",\"position\":2,\"name\":\"En camping-car \u00e0 Einbeck\"}]},{\"@type\":\"WebSite\",\"@id\":\"https:\/\/9staedte.de\/fr\/#website\",\"url\":\"https:\/\/9staedte.de\/fr\/\",\"name\":\"9 St\u00e4dte in Niedersachsen\",\"description\":\"\",\"publisher\":{\"@id\":\"https:\/\/9staedte.de\/fr\/#organization\"},\"potentialAction\":[{\"@type\":\"SearchAction\",\"target\":{\"@type\":\"EntryPoint\",\"urlTemplate\":\"https:\/\/9staedte.de\/fr\/?s={search_term_string}\"},\"query-input\":{\"@type\":\"PropertyValueSpecification\",\"valueRequired\":true,\"valueName\":\"search_term_string\"}}],\"inLanguage\":\"fr-FR\"},{\"@type\":\"Organization\",\"@id\":\"https:\/\/9staedte.de\/fr\/#organization\",\"name\":\"9 St\u00e4dte in Niedersachsen\",\"url\":\"https:\/\/9staedte.de\/fr\/\",\"logo\":{\"@type\":\"ImageObject\",\"inLanguage\":\"fr-FR\",\"@id\":\"https:\/\/9staedte.de\/fr\/#\/schema\/logo\/image\/\",\"url\":\"https:\/\/9staedte.de\/wp-content\/uploads\/2025\/01\/9-neg-deutsch-2-1.png\",\"contentUrl\":\"https:\/\/9staedte.de\/wp-content\/uploads\/2025\/01\/9-neg-deutsch-2-1.png\",\"width\":190,\"height\":114,\"caption\":\"9 St\u00e4dte in Niedersachsen\"},\"image\":{\"@id\":\"https:\/\/9staedte.de\/fr\/#\/schema\/logo\/image\/\"}}]}<\/script>\n<!-- \/ Yoast SEO plugin. -->","yoast_head_json":{"title":"En camping-car \u00e0 Einbeck - 9 St\u00e4dte in Niedersachsen","robots":{"index":"index","follow":"follow","max-snippet":"max-snippet:-1","max-image-preview":"max-image-preview:large","max-video-preview":"max-video-preview:-1"},"canonical":"https:\/\/9staedte.de\/fr\/einbeck-voitures-anciennes-colombages-biere\/mit-dem-reisemobil-nach-einbeck\/","og_locale":"fr_FR","og_type":"article","og_title":"En camping-car \u00e0 Einbeck - 9 St\u00e4dte in Niedersachsen","og_description":"Einbeck, un joyau au c\u0153ur de l&rsquo;Allemagne Einbeck, un v\u00e9ritable joyau au centre de l&rsquo;Allemagne, est connu pour ses impressionnantes maisons \u00e0 colombages, la c\u00e9l\u00e8bre bi\u00e8re d&rsquo;Einbeck et la plus grande collection de voitures anciennes d&rsquo;Europe &#8211; le PS.SPEICHER. Avec plus de 231 kilom\u00e8tres carr\u00e9s, Einbeck est la plus grande ville du sud de la [&hellip;]","og_url":"https:\/\/9staedte.de\/fr\/einbeck-voitures-anciennes-colombages-biere\/mit-dem-reisemobil-nach-einbeck\/","og_site_name":"9 St\u00e4dte in Niedersachsen","article_modified_time":"2024-06-13T14:25:23+00:00","og_image":[{"width":1020,"height":560,"url":"https:\/\/9staedte.de\/wp-content\/uploads\/2024\/06\/Einbeck-Parkanlage-\u00a9Max-Wiesenbach-1.jpg","type":"image\/jpeg"}],"twitter_card":"summary_large_image","twitter_misc":{"Dur\u00e9e de lecture estim\u00e9e":"2 minutes"},"schema":{"@context":"https:\/\/schema.org","@graph":[{"@type":"WebPage","@id":"https:\/\/9staedte.de\/fr\/einbeck-voitures-anciennes-colombages-biere\/mit-dem-reisemobil-nach-einbeck\/","url":"https:\/\/9staedte.de\/fr\/einbeck-voitures-anciennes-colombages-biere\/mit-dem-reisemobil-nach-einbeck\/","name":"En camping-car \u00e0 Einbeck - 9 St\u00e4dte in Niedersachsen","isPartOf":{"@id":"https:\/\/9staedte.de\/fr\/#website"},"primaryImageOfPage":{"@id":"https:\/\/9staedte.de\/fr\/einbeck-voitures-anciennes-colombages-biere\/mit-dem-reisemobil-nach-einbeck\/#primaryimage"},"image":{"@id":"https:\/\/9staedte.de\/fr\/einbeck-voitures-anciennes-colombages-biere\/mit-dem-reisemobil-nach-einbeck\/#primaryimage"},"thumbnailUrl":"https:\/\/9staedte.de\/wp-content\/uploads\/2024\/06\/Einbeck-Parkanlage-\u00a9Max-Wiesenbach-1.jpg","datePublished":"2024-06-13T14:13:10+00:00","dateModified":"2024-06-13T14:25:23+00:00","breadcrumb":{"@id":"https:\/\/9staedte.de\/fr\/einbeck-voitures-anciennes-colombages-biere\/mit-dem-reisemobil-nach-einbeck\/#breadcrumb"},"inLanguage":"fr-FR","potentialAction":[{"@type":"ReadAction","target":["https:\/\/9staedte.de\/fr\/einbeck-voitures-anciennes-colombages-biere\/mit-dem-reisemobil-nach-einbeck\/"]}]},{"@type":"ImageObject","inLanguage":"fr-FR","@id":"https:\/\/9staedte.de\/fr\/einbeck-voitures-anciennes-colombages-biere\/mit-dem-reisemobil-nach-einbeck\/#primaryimage","url":"https:\/\/9staedte.de\/wp-content\/uploads\/2024\/06\/Einbeck-Parkanlage-\u00a9Max-Wiesenbach-1.jpg","contentUrl":"https:\/\/9staedte.de\/wp-content\/uploads\/2024\/06\/Einbeck-Parkanlage-\u00a9Max-Wiesenbach-1.jpg","width":1020,"height":560,"caption":"Einbeck Parkanlage \u00a9Max Wiesenbach"},{"@type":"BreadcrumbList","@id":"https:\/\/9staedte.de\/fr\/einbeck-voitures-anciennes-colombages-biere\/mit-dem-reisemobil-nach-einbeck\/#breadcrumb","itemListElement":[{"@type":"ListItem","position":1,"name":"Startseite","item":"https:\/\/9staedte.de\/fr\/"},{"@type":"ListItem","position":2,"name":"En camping-car \u00e0 Einbeck"}]},{"@type":"WebSite","@id":"https:\/\/9staedte.de\/fr\/#website","url":"https:\/\/9staedte.de\/fr\/","name":"9 St\u00e4dte in Niedersachsen","description":"","publisher":{"@id":"https:\/\/9staedte.de\/fr\/#organization"},"potentialAction":[{"@type":"SearchAction","target":{"@type":"EntryPoint","urlTemplate":"https:\/\/9staedte.de\/fr\/?s={search_term_string}"},"query-input":{"@type":"PropertyValueSpecification","valueRequired":true,"valueName":"search_term_string"}}],"inLanguage":"fr-FR"},{"@type":"Organization","@id":"https:\/\/9staedte.de\/fr\/#organization","name":"9 St\u00e4dte in Niedersachsen","url":"https:\/\/9staedte.de\/fr\/","logo":{"@type":"ImageObject","inLanguage":"fr-FR","@id":"https:\/\/9staedte.de\/fr\/#\/schema\/logo\/image\/","url":"https:\/\/9staedte.de\/wp-content\/uploads\/2025\/01\/9-neg-deutsch-2-1.png","contentUrl":"https:\/\/9staedte.de\/wp-content\/uploads\/2025\/01\/9-neg-deutsch-2-1.png","width":190,"height":114,"caption":"9 St\u00e4dte in Niedersachsen"},"image":{"@id":"https:\/\/9staedte.de\/fr\/#\/schema\/logo\/image\/"}}]}},"_links":{"self":[{"href":"https:\/\/9staedte.de\/fr\/wp-json\/wp\/v2\/pages\/22490","targetHints":{"allow":["GET"]}}],"collection":[{"href":"https:\/\/9staedte.de\/fr\/wp-json\/wp\/v2\/pages"}],"about":[{"href":"https:\/\/9staedte.de\/fr\/wp-json\/wp\/v2\/types\/page"}],"author":[{"embeddable":true,"href":"https:\/\/9staedte.de\/fr\/wp-json\/wp\/v2\/users\/6"}],"replies":[{"embeddable":true,"href":"https:\/\/9staedte.de\/fr\/wp-json\/wp\/v2\/comments?post=22490"}],"version-history":[{"count":3,"href":"https:\/\/9staedte.de\/fr\/wp-json\/wp\/v2\/pages\/22490\/revisions"}],"predecessor-version":[{"id":22526,"href":"https:\/\/9staedte.de\/fr\/wp-json\/wp\/v2\/pages\/22490\/revisions\/22526"}],"up":[{"embeddable":true,"href":"https:\/\/9staedte.de\/fr\/wp-json\/wp\/v2\/pages\/18033"}],"wp:featuredmedia":[{"embeddable":true,"href":"https:\/\/9staedte.de\/fr\/wp-json\/wp\/v2\/media\/22474"}],"wp:attachment":[{"href":"https:\/\/9staedte.de\/fr\/wp-json\/wp\/v2\/media?parent=22490"}],"wp:term":[{"taxonomy":"category","embeddable":true,"href":"https:\/\/9staedte.de\/fr\/wp-json\/wp\/v2\/categories?post=22490"},{"taxonomy":"post_tag","embeddable":true,"href":"https:\/\/9staedte.de\/fr\/wp-json\/wp\/v2\/tags?post=22490"},{"taxonomy":"ncap_cities_tax","embeddable":true,"href":"https:\/\/9staedte.de\/fr\/wp-json\/wp\/v2\/ncap_cities_tax?post=22490"}],"curies":[{"name":"wp","href":"https:\/\/api.w.org\/{rel}","templated":true}]}}