{"id":18079,"date":"2023-11-02T09:53:01","date_gmt":"2023-11-02T08:53:01","guid":{"rendered":"https:\/\/9staedte.de\/celle-une-charmante-ville-residentielle\/"},"modified":"2025-05-08T14:52:58","modified_gmt":"2025-05-08T12:52:58","slug":"celle-une-charmante-ville-residentielle","status":"publish","type":"page","link":"https:\/\/9staedte.de\/fr\/celle-une-charmante-ville-residentielle\/","title":{"rendered":"Celle &#8211; une charmante ville r\u00e9sidentielle"},"content":{"rendered":"\n<h2 class=\"wp-block-heading\">Une charmante ville r\u00e9sidentielle avec le plus grand ensemble de maisons \u00e0 colombages d&rsquo;Europe<\/h2>\n\n\n\n<p>Des maisons \u00e0 colombages au Bauhaus, en passant par le ch\u00e2teau des Guelfes, le mus\u00e9e d&rsquo;art ouvert 24 heures sur 24 et les sp\u00e9cialit\u00e9s r\u00e9gionales, sans oublier une agr\u00e9able s\u00e9ance de shopping : Celle est synonyme de diversit\u00e9. Ici, tradition et modernit\u00e9 se marient harmonieusement. Ainsi, il est encore possible aujourd&rsquo;hui de se promener \u00e0 Celle sur les traces des ducs. Outre le ch\u00e2teau avec son mus\u00e9e de la R\u00e9sidence, son th\u00e9\u00e2tre baroque et sa chapelle, les jardins et les parcs invitent \u00e0 la fl\u00e2nerie. Les amateurs du Neues Bauen trouveront partout dans la ville des t\u00e9moins en pierre de l&rsquo;architecte Otto Haesler. Et bien s\u00fbr, le plaisir n&rsquo;est pas en reste. Celle &#8211; la porte de la lande de Lunebourg &#8211; vaut toujours le d\u00e9tour.<\/p>\n\n\n\n<h4 class=\"wp-block-heading\"><strong>La durabilit\u00e9 par conviction<\/strong><\/h4>\n\n\n\n<p>Celle est la premi\u00e8re ville durable du nord de l&rsquo;Allemagne et est certifi\u00e9e depuis 2017. De nombreux h\u00f4tels, magasins, le Congress Union ou le Celler Badeland se sont engag\u00e9s \u00e0 pr\u00e9server l&rsquo;environnement et les ressources. Et ils sont de plus en plus nombreux. De nombreux magasins g\u00e9r\u00e9s par leur propri\u00e9taire ne se contentent pas de veiller \u00e0 la durabilit\u00e9, mais la vivent par conviction.<\/p>\n\n\n\n<p>Passez la nuit dans l&rsquo;un des h\u00f4tels romantiques ou utilisez l&rsquo;aire centrale de camping-cars !<\/p>\n\n\n\n<p><a href=\"http:\/\/www.celle.de\/tourismus\" target=\"_blank\" rel=\"noreferrer noopener\">www.celle.de\/tourismus<\/a><\/p>\n\n\n\n\n<div class=\"banner-wrapper\">\n  <div class=\"banner-inner \">\n      <div class=\"img-container\">\n      <div class=\"img-wrapper\">\n        <img decoding=\"async\" src=\"https:\/\/9staedte.de\/wp-content\/smush-webp\/2024\/02\/Celler-Schloss-mit-Gruppe-CC0.jpg.webp\" alt=\"La photo montre le ch\u00e2teau de Celle. Le ch\u00e2teau est grand et blanc. Il a beaucoup de fen\u00eatres et des tours. Quelques personnes se tiennent devant le ch\u00e2teau. Le ciel est bleu. C\u2019est une belle journ\u00e9e.\" \/>\n                  <div class=\"thumbnail-label\">\n            <span>Celler Schloss mit Gruppe CC0<\/span>\n          <\/div>\n              <\/div>\n    <\/div>\n        <div class=\"text-container\">\n      <div class=\"content\">\n        <p><strong>Conseils particuliers<\/strong><\/p>\n<ul>\n<li>Visite des mus\u00e9es de Zell<\/li>\n<li>Ascension de la tour de l&rsquo;\u00e9glise de la ville de Celle<\/li>\n<li>Visite historique de la ville avec le veilleur de nuit de Celle<\/li>\n<li>Une visite guid\u00e9e en costume du ch\u00e2teau de Celler<\/li>\n<li>Le carillon de Celler dans la vieille ville historique<\/li>\n<li>Shopping dans la vieille ville, avec de nombreuses boutiques g\u00e9r\u00e9es par leurs propri\u00e9taires<\/li>\n<li>Assister \u00e0 une repr\u00e9sentation au th\u00e9\u00e2tre du ch\u00e2teau de Celle<\/li>\n<li>Le march\u00e9 de No\u00ebl dans la vieille ville historique<\/li>\n<li>L&rsquo;architecture Bauhaus \u00e0 Celle<\/li>\n<\/ul>\n      <\/div>\n    <\/div>\n    <\/div>\n<\/div>\n\n\n\n\n<div style=\"height:30px\" aria-hidden=\"true\" class=\"wp-block-spacer\"><\/div>\n\n\n\n<div class=\"wp-block-columns is-layout-flex wp-container-core-columns-is-layout-9d6595d7 wp-block-columns-is-layout-flex\">\n<div class=\"wp-block-column is-layout-flow wp-block-column-is-layout-flow\" style=\"flex-basis:66.66%\">\n <div class=\"brlbs-cmpnt-container brlbs-cmpnt-content-blocker brlbs-cmpnt-with-individual-styles\" data-borlabs-cookie-content-blocker-id=\"google-maps\" data-borlabs-cookie-content=\"PGlmcmFtZSBzcmM9Imh0dHBzOi8vd3d3Lmdvb2dsZS5jb20vbWFwcy9kL2VtYmVkP21pZD0xX29WLTVuYjBISGN6WVZOeHVxcTNFV243ZEF1a1YzdyZhbXA7ZWhiYz0yRTMxMkYiIHdpZHRoPSIxMDAlIiBoZWlnaHQ9IjQ1MCI+PC9pZnJhbWU+\"><div class=\"brlbs-cmpnt-cb-preset-b brlbs-cmpnt-cb-google-maps\"> <div class=\"brlbs-cmpnt-cb-thumbnail\" style=\"background-image: url('https:\/\/9staedte.de\/wp-content\/uploads\/borlabs-cookie\/1\/brlbs-cb-google-maps-main.png')\"><\/div> <div class=\"brlbs-cmpnt-cb-main\"> <div class=\"brlbs-cmpnt-cb-content\"> <p class=\"brlbs-cmpnt-cb-description\">Vous \u00eates actuellement en train de consulter le contenu d&rsquo;un espace r\u00e9serv\u00e9 de <strong>Google Maps<\/strong>. Pour acc\u00e9der au contenu r\u00e9el, cliquez sur le bouton ci-dessous. Veuillez noter que ce faisant, des donn\u00e9es seront partag\u00e9es avec des providers tiers.<\/p> <a class=\"brlbs-cmpnt-cb-provider-toggle\" href=\"#\" data-borlabs-cookie-show-provider-information role=\"button\">Plus d&rsquo;informations<\/a> <\/div> <div class=\"brlbs-cmpnt-cb-buttons\"> <a class=\"brlbs-cmpnt-cb-btn\" href=\"#\" data-borlabs-cookie-unblock role=\"button\">D\u00e9bloquer le contenu<\/a> <a class=\"brlbs-cmpnt-cb-btn\" href=\"#\" data-borlabs-cookie-accept-service role=\"button\" style=\"display: inherit\">Accepter le service requis et d\u00e9bloquer le contenu<\/a> <\/div> <\/div> <\/div><\/div>\n<\/div>\n\n\n\n<div class=\"wp-block-column map-legend is-layout-flow wp-block-column-is-layout-flow\">\n<p><strong>Sites touristiques<\/strong><\/p>\n\n\n\n<ul class=\"map-legend main-legend wp-block-list\">\n<li>Ch\u00e2teau de la R\u00e9sidence avec la chapelle du ch\u00e2teau  <\/li>\n\n\n\n<li>\u00c9glise municipale avec caveau princier<\/li>\n\n\n\n<li>Rue Kaland  <\/li>\n\n\n\n<li>Ancienne mairie <\/li>\n\n\n\n<li>Maison de Hoppen  <\/li>\n\n\n\n<li>Projet Lichtart Lanternes parlantes  <\/li>\n\n\n\n<li>Grand plan avec la maison Stechinell  <\/li>\n\n\n\n<li>Jardin \u00e0 la fran\u00e7aise  <\/li>\n\n\n\n<li>Cit\u00e9 \u00ab\u00a0Jardin italien\u00a0\u00bb (construite en 1924, architecte Otto Haesler)<\/li>\n<\/ul>\n<\/div>\n<\/div>\n\n\n\n<div style=\"height:60px\" aria-hidden=\"true\" class=\"wp-block-spacer\"><\/div>\n\n\n\n<div class=\"content-grid\">\n\n\n  \n  <div class=\"grid\">\n                        \n                    \n          <div class=\"featured-themen-single\">\n            <div class=\"featured-themen-single-inner\" style=\"background-image: url('https:\/\/9staedte.de\/wp-content\/smush-webp\/2023\/01\/Rundgang-durch-Celle-c-Stadt-Celle.jpg.webp')\">\n              \n              <a href=\"https:\/\/9staedte.de\/fr\/celle-une-charmante-ville-residentielle\/visites-guidees-de-celle\/\">\n                <span>Visites guid\u00e9es de Celle<\/span>\n              <\/a>\n            <\/div>\n          <\/div>\n    \n          \n                  \n                    \n          <div class=\"featured-themen-single\">\n            <div class=\"featured-themen-single-inner\" style=\"background-image: url('https:\/\/9staedte.de\/wp-content\/smush-webp\/2023\/02\/celle-franzoeischer-garten-fruehling-c-Stadt-Celle.jpg.webp')\">\n              \n              <a href=\"https:\/\/9staedte.de\/fr\/celle-une-charmante-ville-residentielle\/decouverte-de-la-nature-et-durabilite-a-celle\/\">\n                <span>D\u00e9couverte de la nature et durabilit\u00e9 \u00e0 Celle<\/span>\n              <\/a>\n            <\/div>\n          <\/div>\n    \n          \n                  \n                    \n          <div class=\"featured-themen-single\">\n            <div class=\"featured-themen-single-inner\" style=\"background-image: url('https:\/\/9staedte.de\/wp-content\/smush-webp\/2023\/02\/Shopping-in-Celle-c-Celle-Tourimsus-4.jpg.webp')\">\n              \n              <a href=\"https:\/\/9staedte.de\/fr\/celle-une-charmante-ville-residentielle\/shopping-et-sorties-a-celle\/\">\n                <span>Shopping et sorties \u00e0 Celle<\/span>\n              <\/a>\n            <\/div>\n          <\/div>\n    \n          \n                  \n                    \n          <div class=\"featured-themen-single\">\n            <div class=\"featured-themen-single-inner\" style=\"background-image: url('https:\/\/9staedte.de\/wp-content\/smush-webp\/2022\/03\/RS57_celle_schloss_luftbild.jpg.webp')\">\n              \n              <a href=\"https:\/\/9staedte.de\/fr\/celle-une-charmante-ville-residentielle\/impressions-de-celle\/\">\n                <span>Impressions de Celle<\/span>\n              <\/a>\n            <\/div>\n          <\/div>\n    \n          \n                          \n        <\/div>\n<\/div>","protected":false},"excerpt":{"rendered":"<p>Une charmante ville r\u00e9sidentielle avec le plus grand ensemble de maisons \u00e0 colombages d&rsquo;Europe Des maisons \u00e0 colombages au Bauhaus, en passant par le ch\u00e2teau des Guelfes, le mus\u00e9e d&rsquo;art ouvert 24 heures sur 24 et les sp\u00e9cialit\u00e9s r\u00e9gionales, sans oublier une agr\u00e9able s\u00e9ance de shopping : Celle est synonyme de diversit\u00e9. Ici, tradition et [&hellip;]<\/p>\n","protected":false},"author":1,"featured_media":20936,"parent":0,"menu_order":0,"comment_status":"closed","ping_status":"closed","template":"pagetemplates\/template-stadtseite.php","meta":{"_acf_changed":false,"footnotes":""},"categories":[],"tags":[],"ncap_cities_tax":[429],"class_list":["post-18079","page","type-page","status-publish","has-post-thumbnail","hentry","ncap_cities_tax-celle-fr"],"acf":[],"yoast_head":"<!-- This site is optimized with the Yoast SEO plugin v26.8 - https:\/\/yoast.com\/product\/yoast-seo-wordpress\/ -->\n<title>Celle - une charmante ville r\u00e9sidentielle - 9 St\u00e4dte in Niedersachsen<\/title>\n<meta name=\"description\" content=\"Cellle - charmante ville r\u00e9sidentielle : maisons \u00e0 colombages, Bauhaus et ch\u00e2teau des Guelfes et un mus\u00e9e d&#039;art unique ouvert 24 heures sur 24\" \/>\n<meta name=\"robots\" content=\"index, follow, max-snippet:-1, max-image-preview:large, max-video-preview:-1\" \/>\n<link rel=\"canonical\" href=\"https:\/\/9staedte.de\/fr\/celle-une-charmante-ville-residentielle\/\" \/>\n<meta property=\"og:locale\" content=\"fr_FR\" \/>\n<meta property=\"og:type\" content=\"article\" \/>\n<meta property=\"og:title\" content=\"Celle - une charmante ville r\u00e9sidentielle - 9 St\u00e4dte in Niedersachsen\" \/>\n<meta property=\"og:description\" content=\"Cellle - charmante ville r\u00e9sidentielle : maisons \u00e0 colombages, Bauhaus et ch\u00e2teau des Guelfes et un mus\u00e9e d&#039;art unique ouvert 24 heures sur 24\" \/>\n<meta property=\"og:url\" content=\"https:\/\/9staedte.de\/fr\/celle-une-charmante-ville-residentielle\/\" \/>\n<meta property=\"og:site_name\" content=\"9 St\u00e4dte in Niedersachsen\" \/>\n<meta property=\"article:modified_time\" content=\"2025-05-08T12:52:58+00:00\" \/>\n<meta property=\"og:image\" content=\"https:\/\/9staedte.de\/wp-content\/uploads\/2024\/02\/Hauptmotiv-celle-sonnenuntergang-ccbysa-vdb-220323-6.jpg\" \/>\n\t<meta property=\"og:image:width\" content=\"1020\" \/>\n\t<meta property=\"og:image:height\" content=\"574\" \/>\n\t<meta property=\"og:image:type\" content=\"image\/jpeg\" \/>\n<meta name=\"twitter:card\" content=\"summary_large_image\" \/>\n<meta name=\"twitter:label1\" content=\"Dur\u00e9e de lecture estim\u00e9e\" \/>\n\t<meta name=\"twitter:data1\" content=\"2 minutes\" \/>\n<script type=\"application\/ld+json\" class=\"yoast-schema-graph\">{\"@context\":\"https:\/\/schema.org\",\"@graph\":[{\"@type\":\"WebPage\",\"@id\":\"https:\/\/9staedte.de\/fr\/celle-une-charmante-ville-residentielle\/\",\"url\":\"https:\/\/9staedte.de\/fr\/celle-une-charmante-ville-residentielle\/\",\"name\":\"Celle - une charmante ville r\u00e9sidentielle - 9 St\u00e4dte in Niedersachsen\",\"isPartOf\":{\"@id\":\"https:\/\/9staedte.de\/fr\/#website\"},\"primaryImageOfPage\":{\"@id\":\"https:\/\/9staedte.de\/fr\/celle-une-charmante-ville-residentielle\/#primaryimage\"},\"image\":{\"@id\":\"https:\/\/9staedte.de\/fr\/celle-une-charmante-ville-residentielle\/#primaryimage\"},\"thumbnailUrl\":\"https:\/\/9staedte.de\/wp-content\/uploads\/2024\/02\/Hauptmotiv-celle-sonnenuntergang-ccbysa-vdb-220323-6.jpg\",\"datePublished\":\"2023-11-02T08:53:01+00:00\",\"dateModified\":\"2025-05-08T12:52:58+00:00\",\"description\":\"Cellle - charmante ville r\u00e9sidentielle : maisons \u00e0 colombages, Bauhaus et ch\u00e2teau des Guelfes et un mus\u00e9e d'art unique ouvert 24 heures sur 24\",\"breadcrumb\":{\"@id\":\"https:\/\/9staedte.de\/fr\/celle-une-charmante-ville-residentielle\/#breadcrumb\"},\"inLanguage\":\"fr-FR\",\"potentialAction\":[{\"@type\":\"ReadAction\",\"target\":[\"https:\/\/9staedte.de\/fr\/celle-une-charmante-ville-residentielle\/\"]}]},{\"@type\":\"ImageObject\",\"inLanguage\":\"fr-FR\",\"@id\":\"https:\/\/9staedte.de\/fr\/celle-une-charmante-ville-residentielle\/#primaryimage\",\"url\":\"https:\/\/9staedte.de\/wp-content\/uploads\/2024\/02\/Hauptmotiv-celle-sonnenuntergang-ccbysa-vdb-220323-6.jpg\",\"contentUrl\":\"https:\/\/9staedte.de\/wp-content\/uploads\/2024\/02\/Hauptmotiv-celle-sonnenuntergang-ccbysa-vdb-220323-6.jpg\",\"width\":1020,\"height\":574,\"caption\":\"Celle Fachwerk Sonnenuntergang ccbysa-vdb\"},{\"@type\":\"BreadcrumbList\",\"@id\":\"https:\/\/9staedte.de\/fr\/celle-une-charmante-ville-residentielle\/#breadcrumb\",\"itemListElement\":[{\"@type\":\"ListItem\",\"position\":1,\"name\":\"Startseite\",\"item\":\"https:\/\/9staedte.de\/fr\/\"},{\"@type\":\"ListItem\",\"position\":2,\"name\":\"Celle &#8211; une charmante ville r\u00e9sidentielle\"}]},{\"@type\":\"WebSite\",\"@id\":\"https:\/\/9staedte.de\/fr\/#website\",\"url\":\"https:\/\/9staedte.de\/fr\/\",\"name\":\"9 St\u00e4dte in Niedersachsen\",\"description\":\"\",\"publisher\":{\"@id\":\"https:\/\/9staedte.de\/fr\/#organization\"},\"potentialAction\":[{\"@type\":\"SearchAction\",\"target\":{\"@type\":\"EntryPoint\",\"urlTemplate\":\"https:\/\/9staedte.de\/fr\/?s={search_term_string}\"},\"query-input\":{\"@type\":\"PropertyValueSpecification\",\"valueRequired\":true,\"valueName\":\"search_term_string\"}}],\"inLanguage\":\"fr-FR\"},{\"@type\":\"Organization\",\"@id\":\"https:\/\/9staedte.de\/fr\/#organization\",\"name\":\"9 St\u00e4dte in Niedersachsen\",\"url\":\"https:\/\/9staedte.de\/fr\/\",\"logo\":{\"@type\":\"ImageObject\",\"inLanguage\":\"fr-FR\",\"@id\":\"https:\/\/9staedte.de\/fr\/#\/schema\/logo\/image\/\",\"url\":\"https:\/\/9staedte.de\/wp-content\/uploads\/2025\/01\/9-neg-deutsch-2-1.png\",\"contentUrl\":\"https:\/\/9staedte.de\/wp-content\/uploads\/2025\/01\/9-neg-deutsch-2-1.png\",\"width\":190,\"height\":114,\"caption\":\"9 St\u00e4dte in Niedersachsen\"},\"image\":{\"@id\":\"https:\/\/9staedte.de\/fr\/#\/schema\/logo\/image\/\"}}]}<\/script>\n<!-- \/ Yoast SEO plugin. -->","yoast_head_json":{"title":"Celle - une charmante ville r\u00e9sidentielle - 9 St\u00e4dte in Niedersachsen","description":"Cellle - charmante ville r\u00e9sidentielle : maisons \u00e0 colombages, Bauhaus et ch\u00e2teau des Guelfes et un mus\u00e9e d'art unique ouvert 24 heures sur 24","robots":{"index":"index","follow":"follow","max-snippet":"max-snippet:-1","max-image-preview":"max-image-preview:large","max-video-preview":"max-video-preview:-1"},"canonical":"https:\/\/9staedte.de\/fr\/celle-une-charmante-ville-residentielle\/","og_locale":"fr_FR","og_type":"article","og_title":"Celle - une charmante ville r\u00e9sidentielle - 9 St\u00e4dte in Niedersachsen","og_description":"Cellle - charmante ville r\u00e9sidentielle : maisons \u00e0 colombages, Bauhaus et ch\u00e2teau des Guelfes et un mus\u00e9e d'art unique ouvert 24 heures sur 24","og_url":"https:\/\/9staedte.de\/fr\/celle-une-charmante-ville-residentielle\/","og_site_name":"9 St\u00e4dte in Niedersachsen","article_modified_time":"2025-05-08T12:52:58+00:00","og_image":[{"width":1020,"height":574,"url":"https:\/\/9staedte.de\/wp-content\/uploads\/2024\/02\/Hauptmotiv-celle-sonnenuntergang-ccbysa-vdb-220323-6.jpg","type":"image\/jpeg"}],"twitter_card":"summary_large_image","twitter_misc":{"Dur\u00e9e de lecture estim\u00e9e":"2 minutes"},"schema":{"@context":"https:\/\/schema.org","@graph":[{"@type":"WebPage","@id":"https:\/\/9staedte.de\/fr\/celle-une-charmante-ville-residentielle\/","url":"https:\/\/9staedte.de\/fr\/celle-une-charmante-ville-residentielle\/","name":"Celle - une charmante ville r\u00e9sidentielle - 9 St\u00e4dte in Niedersachsen","isPartOf":{"@id":"https:\/\/9staedte.de\/fr\/#website"},"primaryImageOfPage":{"@id":"https:\/\/9staedte.de\/fr\/celle-une-charmante-ville-residentielle\/#primaryimage"},"image":{"@id":"https:\/\/9staedte.de\/fr\/celle-une-charmante-ville-residentielle\/#primaryimage"},"thumbnailUrl":"https:\/\/9staedte.de\/wp-content\/uploads\/2024\/02\/Hauptmotiv-celle-sonnenuntergang-ccbysa-vdb-220323-6.jpg","datePublished":"2023-11-02T08:53:01+00:00","dateModified":"2025-05-08T12:52:58+00:00","description":"Cellle - charmante ville r\u00e9sidentielle : maisons \u00e0 colombages, Bauhaus et ch\u00e2teau des Guelfes et un mus\u00e9e d'art unique ouvert 24 heures sur 24","breadcrumb":{"@id":"https:\/\/9staedte.de\/fr\/celle-une-charmante-ville-residentielle\/#breadcrumb"},"inLanguage":"fr-FR","potentialAction":[{"@type":"ReadAction","target":["https:\/\/9staedte.de\/fr\/celle-une-charmante-ville-residentielle\/"]}]},{"@type":"ImageObject","inLanguage":"fr-FR","@id":"https:\/\/9staedte.de\/fr\/celle-une-charmante-ville-residentielle\/#primaryimage","url":"https:\/\/9staedte.de\/wp-content\/uploads\/2024\/02\/Hauptmotiv-celle-sonnenuntergang-ccbysa-vdb-220323-6.jpg","contentUrl":"https:\/\/9staedte.de\/wp-content\/uploads\/2024\/02\/Hauptmotiv-celle-sonnenuntergang-ccbysa-vdb-220323-6.jpg","width":1020,"height":574,"caption":"Celle Fachwerk Sonnenuntergang ccbysa-vdb"},{"@type":"BreadcrumbList","@id":"https:\/\/9staedte.de\/fr\/celle-une-charmante-ville-residentielle\/#breadcrumb","itemListElement":[{"@type":"ListItem","position":1,"name":"Startseite","item":"https:\/\/9staedte.de\/fr\/"},{"@type":"ListItem","position":2,"name":"Celle &#8211; une charmante ville r\u00e9sidentielle"}]},{"@type":"WebSite","@id":"https:\/\/9staedte.de\/fr\/#website","url":"https:\/\/9staedte.de\/fr\/","name":"9 St\u00e4dte in Niedersachsen","description":"","publisher":{"@id":"https:\/\/9staedte.de\/fr\/#organization"},"potentialAction":[{"@type":"SearchAction","target":{"@type":"EntryPoint","urlTemplate":"https:\/\/9staedte.de\/fr\/?s={search_term_string}"},"query-input":{"@type":"PropertyValueSpecification","valueRequired":true,"valueName":"search_term_string"}}],"inLanguage":"fr-FR"},{"@type":"Organization","@id":"https:\/\/9staedte.de\/fr\/#organization","name":"9 St\u00e4dte in Niedersachsen","url":"https:\/\/9staedte.de\/fr\/","logo":{"@type":"ImageObject","inLanguage":"fr-FR","@id":"https:\/\/9staedte.de\/fr\/#\/schema\/logo\/image\/","url":"https:\/\/9staedte.de\/wp-content\/uploads\/2025\/01\/9-neg-deutsch-2-1.png","contentUrl":"https:\/\/9staedte.de\/wp-content\/uploads\/2025\/01\/9-neg-deutsch-2-1.png","width":190,"height":114,"caption":"9 St\u00e4dte in Niedersachsen"},"image":{"@id":"https:\/\/9staedte.de\/fr\/#\/schema\/logo\/image\/"}}]}},"_links":{"self":[{"href":"https:\/\/9staedte.de\/fr\/wp-json\/wp\/v2\/pages\/18079","targetHints":{"allow":["GET"]}}],"collection":[{"href":"https:\/\/9staedte.de\/fr\/wp-json\/wp\/v2\/pages"}],"about":[{"href":"https:\/\/9staedte.de\/fr\/wp-json\/wp\/v2\/types\/page"}],"author":[{"embeddable":true,"href":"https:\/\/9staedte.de\/fr\/wp-json\/wp\/v2\/users\/1"}],"replies":[{"embeddable":true,"href":"https:\/\/9staedte.de\/fr\/wp-json\/wp\/v2\/comments?post=18079"}],"version-history":[{"count":6,"href":"https:\/\/9staedte.de\/fr\/wp-json\/wp\/v2\/pages\/18079\/revisions"}],"predecessor-version":[{"id":25388,"href":"https:\/\/9staedte.de\/fr\/wp-json\/wp\/v2\/pages\/18079\/revisions\/25388"}],"wp:featuredmedia":[{"embeddable":true,"href":"https:\/\/9staedte.de\/fr\/wp-json\/wp\/v2\/media\/20936"}],"wp:attachment":[{"href":"https:\/\/9staedte.de\/fr\/wp-json\/wp\/v2\/media?parent=18079"}],"wp:term":[{"taxonomy":"category","embeddable":true,"href":"https:\/\/9staedte.de\/fr\/wp-json\/wp\/v2\/categories?post=18079"},{"taxonomy":"post_tag","embeddable":true,"href":"https:\/\/9staedte.de\/fr\/wp-json\/wp\/v2\/tags?post=18079"},{"taxonomy":"ncap_cities_tax","embeddable":true,"href":"https:\/\/9staedte.de\/fr\/wp-json\/wp\/v2\/ncap_cities_tax?post=18079"}],"curies":[{"name":"wp","href":"https:\/\/api.w.org\/{rel}","templated":true}]}}