{"id":18046,"date":"2023-11-02T09:52:54","date_gmt":"2023-11-02T08:52:54","guid":{"rendered":"https:\/\/9staedte.de\/hamelin-la-legendaire-ville-du-joueur-de-flute\/"},"modified":"2024-03-25T16:41:43","modified_gmt":"2024-03-25T15:41:43","slug":"hamelin-la-legendaire-ville-du-joueur-de-flute","status":"publish","type":"page","link":"https:\/\/9staedte.de\/fr\/hamelin-la-legendaire-ville-du-joueur-de-flute\/","title":{"rendered":"Hamelin &#8211; la l\u00e9gendaire ville du joueur de fl\u00fbte"},"content":{"rendered":"\n<h2 class=\"wp-block-heading\">Au c\u0153ur de la r\u00e9gion du Weserbergland<\/h2>\n\n\n\n<p>\u00c0 gauche et \u00e0 droite de la Weser, entre les collines du Weserbergland, se trouve Hamelin. Directement sur la route allemande des contes de f\u00e9es, un sombre compagnon y a \u00e9lu domicile &#8211; le joueur de fl\u00fbte. D\u00e9couvrez-le et sa magie, mais aussi l&rsquo;incomparable vieille ville de Hamelin avec ses imposants b\u00e2timents en gr\u00e8s et \u00e0 colombages datant du jusqu&rsquo;au 18e si\u00e8cle. Hamelin est \u00e0 la hauteur de son image culturelle mondiale dans le paysage urbain ainsi que dans de nombreuses manifestations et offres. Et \u00e0 la fin de l&rsquo;ann\u00e9e, le march\u00e9 de No\u00ebl et le MusicalWinter attirent les visiteurs. La belle r\u00e9gion du Weserbergland offre l&rsquo;impressionnante<br>Cadre pour de nombreuses activit\u00e9s sur l&rsquo;eau et sur terre.<\/p>\n\n\n\n<p><a href=\"http:\/\/www.hameln.de\/\">www.hameln.de<\/a><\/p>\n\n\n\n\n<div class=\"banner-wrapper\">\n  <div class=\"banner-inner \">\n      <div class=\"img-container\">\n      <div class=\"img-wrapper\">\n        <img decoding=\"async\" src=\"https:\/\/9staedte.de\/wp-content\/smush-webp\/2023\/01\/Hameln-Flotte-Weser-c-HMT-1.jpg.webp\" alt=\"L\u2019image montre deux personnes au bord de la rivi\u00e8re Weser \u00e0 Hameln. Elles prennent un selfie avec un t\u00e9l\u00e9phone portable. En arri\u00e8re-plan, un grand bateau blanc passe. Le mot \u00ab Hameln \u00bb est \u00e9crit sur le bateau. Il fait beau et le soleil brille. L\u2019ambiance est joyeuse.\" \/>\n                  <div class=\"thumbnail-label\">\n            <span>Hameln Flotte Weser c) HMT<\/span>\n          <\/div>\n              <\/div>\n    <\/div>\n        <div class=\"text-container\">\n      <div class=\"content\">\n        <p><strong>Suggestions particuli\u00e8res :<\/strong><\/p>\n<ul>\n<li>Spectacle en plein air du joueur de fl\u00fbte et com\u00e9die musicale \u00ab\u00a0RATS\u00a0\u00bb, tous deux gratuits pour les visiteurs, en plein air au c\u0153ur de la vieille ville.<\/li>\n<li>Visites guid\u00e9es, \u00e9galement avec le joueur de fl\u00fbte.<\/li>\n<li>March\u00e9 de No\u00ebl<\/li>\n<li>MusicalWinter Hameln<\/li>\n<li>Jeu de figurines du joueur de fl\u00fbte \u00e0 la maison de mariage<\/li>\n<li>Mus\u00e9e de Hamelin avec le th\u00e9\u00e2tre m\u00e9canique du joueur de fl\u00fbte<\/li>\n<li>Croisi\u00e8re sur la Weser<\/li>\n<li>Piste cyclable de la Weser<\/li>\n<\/ul>\n      <\/div>\n    <\/div>\n    <\/div>\n<\/div>\n\n\n\n\n<div style=\"height:30px\" aria-hidden=\"true\" class=\"wp-block-spacer\"><\/div>\n\n\n\n<div class=\"wp-block-columns is-layout-flex wp-container-core-columns-is-layout-9d6595d7 wp-block-columns-is-layout-flex\">\n<div class=\"wp-block-column is-layout-flow wp-block-column-is-layout-flow\" style=\"flex-basis:66.66%\">\n <div class=\"brlbs-cmpnt-container brlbs-cmpnt-content-blocker brlbs-cmpnt-with-individual-styles\" data-borlabs-cookie-content-blocker-id=\"google-maps\" data-borlabs-cookie-content=\"PGlmcmFtZSBzcmM9Imh0dHBzOi8vd3d3Lmdvb2dsZS5jb20vbWFwcy9kL2VtYmVkP21pZD0xbTBINGV1ejdYTGo4ZU1pb0ZobVFhWmRsWGxwLUV6TSZhbXA7ZWhiYz0yRTMxMkYiIHdpZHRoPSIxMDAlIiBoZWlnaHQ9IjQ1MCI+PC9pZnJhbWU+\"><div class=\"brlbs-cmpnt-cb-preset-b brlbs-cmpnt-cb-google-maps\"> <div class=\"brlbs-cmpnt-cb-thumbnail\" style=\"background-image: url('https:\/\/9staedte.de\/wp-content\/uploads\/borlabs-cookie\/1\/brlbs-cb-google-maps-main.png')\"><\/div> <div class=\"brlbs-cmpnt-cb-main\"> <div class=\"brlbs-cmpnt-cb-content\"> <p class=\"brlbs-cmpnt-cb-description\">Vous \u00eates actuellement en train de consulter le contenu d&rsquo;un espace r\u00e9serv\u00e9 de <strong>Google Maps<\/strong>. Pour acc\u00e9der au contenu r\u00e9el, cliquez sur le bouton ci-dessous. Veuillez noter que ce faisant, des donn\u00e9es seront partag\u00e9es avec des providers tiers.<\/p> <a class=\"brlbs-cmpnt-cb-provider-toggle\" href=\"#\" data-borlabs-cookie-show-provider-information role=\"button\">Plus d&rsquo;informations<\/a> <\/div> <div class=\"brlbs-cmpnt-cb-buttons\"> <a class=\"brlbs-cmpnt-cb-btn\" href=\"#\" data-borlabs-cookie-unblock role=\"button\">D\u00e9bloquer le contenu<\/a> <a class=\"brlbs-cmpnt-cb-btn\" href=\"#\" data-borlabs-cookie-accept-service role=\"button\" style=\"display: inherit\">Accepter le service requis et d\u00e9bloquer le contenu<\/a> <\/div> <\/div> <\/div><\/div>\n<\/div>\n\n\n\n<div class=\"wp-block-column is-layout-flow wp-block-column-is-layout-flow\" style=\"flex-basis:33.33%\">\n<p><strong>Les attractions touristiques :<\/strong><\/p>\n\n\n\n<ul class=\"map-legend main-legend wp-block-list\">\n<li>Centre et th\u00e9\u00e2tre Weserbergland  <\/li>\n\n\n\n<li>Information touristique<\/li>\n\n\n\n<li>Maison du joueur de fl\u00fbte  <\/li>\n\n\n\n<li>Mus\u00e9e du manoir de Leist et Stiftsherrenhaus<\/li>\n\n\n\n<li>Maison de mariage  <\/li>\n\n\n\n<li>Cath\u00e9drale Saint-Boniface<\/li>\n\n\n\n<li>Salle du joueur de fl\u00fbte<\/li>\n\n\n\n<li>Embarcad\u00e8re  <\/li>\n\n\n\n<li>La montagne de Hamelin \u00ab\u00a0Kl\u00fct<\/li>\n<\/ul>\n<\/div>\n<\/div>\n\n\n\n<div style=\"height:60px\" aria-hidden=\"true\" class=\"wp-block-spacer\"><\/div>\n\n\n\n<div class=\"content-grid\">\n\n\n  \n  <div class=\"grid\">\n                        \n                    \n          <div class=\"featured-themen-single\">\n            <div class=\"featured-themen-single-inner\" style=\"background-image: url('https:\/\/9staedte.de\/wp-content\/smush-webp\/2023\/07\/Hameln-Stadtfuehrung-c-Hameln-Marketing-und-Tourismus-GmbH.jpg.webp')\">\n              \n              <a href=\"https:\/\/9staedte.de\/fr\/hamelin-la-legendaire-ville-du-joueur-de-flute\/visites-guidees-de-la-ville-de-hamelin\/\">\n                <span>Visites guid\u00e9es de la ville de Hamelin<\/span>\n              <\/a>\n            <\/div>\n          <\/div>\n    \n          \n                  \n                    \n          <div class=\"featured-themen-single\">\n            <div class=\"featured-themen-single-inner\" style=\"background-image: url('https:\/\/9staedte.de\/wp-content\/smush-webp\/2023\/02\/Hameln-Christmas-Market-n-c-Hameln-Marketing-und-Tourismus-GmbH-1.jpg.webp')\">\n              \n              <a href=\"https:\/\/9staedte.de\/fr\/hamelin-la-legendaire-ville-du-joueur-de-flute\/marche-de-noel-a-hamelin\/\">\n                <span>March\u00e9 de No\u00ebl \u00e0 Hamelin<\/span>\n              <\/a>\n            <\/div>\n          <\/div>\n    \n          \n                  \n                    \n          <div class=\"featured-themen-single\">\n            <div class=\"featured-themen-single-inner\" style=\"background-image: url('https:\/\/9staedte.de\/wp-content\/smush-webp\/2023\/01\/Hameln-Osterstrasse-c-HMT-1.jpg.webp')\">\n              \n              <a href=\"https:\/\/9staedte.de\/fr\/hamelin-la-legendaire-ville-du-joueur-de-flute\/logements-a-hamelin\/\">\n                <span>Logements \u00e0 Hamelin<\/span>\n              <\/a>\n            <\/div>\n          <\/div>\n    \n          \n                  \n                    \n          <div class=\"featured-themen-single\">\n            <div class=\"featured-themen-single-inner\" style=\"background-image: url('https:\/\/9staedte.de\/wp-content\/smush-webp\/2023\/01\/Rattenfaenger-vor-dem-Museum-Hameln-c-HMT.jpg.webp')\">\n              \n              <a href=\"https:\/\/9staedte.de\/fr\/hamelin-la-legendaire-ville-du-joueur-de-flute\/musees-et-expositions-a-hamelin\/\">\n                <span>Mus\u00e9es et expositions \u00e0 Hamelin<\/span>\n              <\/a>\n            <\/div>\n          <\/div>\n    \n          \n                  \n                    \n          <div class=\"featured-themen-single\">\n            <div class=\"featured-themen-single-inner\" style=\"background-image: url('https:\/\/9staedte.de\/wp-content\/smush-webp\/2023\/07\/Hameln-town-model-c-Hameln-Tourismus-und-Marketing-GmbH-Sabrina-Stoeckli.jpg.webp')\">\n              \n              <a href=\"https:\/\/9staedte.de\/fr\/hamelin-la-legendaire-ville-du-joueur-de-flute\/impressions-de-hamelin\/\">\n                <span>Impressions de Hamelin<\/span>\n              <\/a>\n            <\/div>\n          <\/div>\n    \n          \n                          \n        <\/div>\n<\/div>","protected":false},"excerpt":{"rendered":"<p>Au c\u0153ur de la r\u00e9gion du Weserbergland \u00c0 gauche et \u00e0 droite de la Weser, entre les collines du Weserbergland, se trouve Hamelin. Directement sur la route allemande des contes de f\u00e9es, un sombre compagnon y a \u00e9lu domicile &#8211; le joueur de fl\u00fbte. D\u00e9couvrez-le et sa magie, mais aussi l&rsquo;incomparable vieille ville de Hamelin [&hellip;]<\/p>\n","protected":false},"author":1,"featured_media":19457,"parent":0,"menu_order":0,"comment_status":"closed","ping_status":"closed","template":"pagetemplates\/template-stadtseite.php","meta":{"_acf_changed":false,"footnotes":""},"categories":[],"tags":[],"ncap_cities_tax":[452],"class_list":["post-18046","page","type-page","status-publish","has-post-thumbnail","hentry","ncap_cities_tax-hameln-fr"],"acf":[],"yoast_head":"<!-- This site is optimized with the Yoast SEO plugin v27.4 - https:\/\/yoast.com\/product\/yoast-seo-wordpress\/ -->\n<title>Hamelin - la l\u00e9gendaire ville du joueur de fl\u00fbte - 9 St\u00e4dte in Niedersachsen<\/title>\n<meta name=\"description\" content=\"Hamelin, la l\u00e9gendaire ville du joueur de fl\u00fbte, est situ\u00e9e dans le Weserbergland. La vieille ville s\u00e9duit par ses b\u00e2timents de style Weser-Renaissance.\" \/>\n<meta name=\"robots\" content=\"index, follow, max-snippet:-1, max-image-preview:large, max-video-preview:-1\" \/>\n<link rel=\"canonical\" href=\"https:\/\/9staedte.de\/fr\/hamelin-la-legendaire-ville-du-joueur-de-flute\/\" \/>\n<meta property=\"og:locale\" content=\"fr_FR\" \/>\n<meta property=\"og:type\" content=\"article\" \/>\n<meta property=\"og:title\" content=\"Hamelin - la l\u00e9gendaire ville du joueur de fl\u00fbte - 9 St\u00e4dte in Niedersachsen\" \/>\n<meta property=\"og:description\" content=\"Hamelin, la l\u00e9gendaire ville du joueur de fl\u00fbte, est situ\u00e9e dans le Weserbergland. La vieille ville s\u00e9duit par ses b\u00e2timents de style Weser-Renaissance.\" \/>\n<meta property=\"og:url\" content=\"https:\/\/9staedte.de\/fr\/hamelin-la-legendaire-ville-du-joueur-de-flute\/\" \/>\n<meta property=\"og:site_name\" content=\"9 St\u00e4dte in Niedersachsen\" \/>\n<meta property=\"article:modified_time\" content=\"2024-03-25T15:41:43+00:00\" \/>\n<meta property=\"og:image\" content=\"https:\/\/9staedte.de\/wp-content\/uploads\/2024\/03\/Rattenfaenger-Fuehrung-c-Hameln-Marketing-und-Tourismus-GmbhG.jpg\" \/>\n\t<meta property=\"og:image:width\" content=\"1020\" \/>\n\t<meta property=\"og:image:height\" content=\"551\" \/>\n\t<meta property=\"og:image:type\" content=\"image\/jpeg\" \/>\n<meta name=\"twitter:card\" content=\"summary_large_image\" \/>\n<meta name=\"twitter:label1\" content=\"Dur\u00e9e de lecture estim\u00e9e\" \/>\n\t<meta name=\"twitter:data1\" content=\"2 minutes\" \/>\n<script type=\"application\/ld+json\" class=\"yoast-schema-graph\">{\"@context\":\"https:\\\/\\\/schema.org\",\"@graph\":[{\"@type\":\"WebPage\",\"@id\":\"https:\\\/\\\/9staedte.de\\\/fr\\\/hamelin-la-legendaire-ville-du-joueur-de-flute\\\/\",\"url\":\"https:\\\/\\\/9staedte.de\\\/fr\\\/hamelin-la-legendaire-ville-du-joueur-de-flute\\\/\",\"name\":\"Hamelin - la l\u00e9gendaire ville du joueur de fl\u00fbte - 9 St\u00e4dte in Niedersachsen\",\"isPartOf\":{\"@id\":\"https:\\\/\\\/9staedte.de\\\/fr\\\/#website\"},\"primaryImageOfPage\":{\"@id\":\"https:\\\/\\\/9staedte.de\\\/fr\\\/hamelin-la-legendaire-ville-du-joueur-de-flute\\\/#primaryimage\"},\"image\":{\"@id\":\"https:\\\/\\\/9staedte.de\\\/fr\\\/hamelin-la-legendaire-ville-du-joueur-de-flute\\\/#primaryimage\"},\"thumbnailUrl\":\"https:\\\/\\\/9staedte.de\\\/wp-content\\\/uploads\\\/2023\\\/07\\\/Rattenfaenger-Fuehrung-c-Hameln-Marketing-und-Tourismus-GmbhG-scaled.jpg\",\"datePublished\":\"2023-11-02T08:52:54+00:00\",\"dateModified\":\"2024-03-25T15:41:43+00:00\",\"description\":\"Hamelin, la l\u00e9gendaire ville du joueur de fl\u00fbte, est situ\u00e9e dans le Weserbergland. La vieille ville s\u00e9duit par ses b\u00e2timents de style Weser-Renaissance.\",\"breadcrumb\":{\"@id\":\"https:\\\/\\\/9staedte.de\\\/fr\\\/hamelin-la-legendaire-ville-du-joueur-de-flute\\\/#breadcrumb\"},\"inLanguage\":\"fr-FR\",\"potentialAction\":[{\"@type\":\"ReadAction\",\"target\":[\"https:\\\/\\\/9staedte.de\\\/fr\\\/hamelin-la-legendaire-ville-du-joueur-de-flute\\\/\"]}]},{\"@type\":\"ImageObject\",\"inLanguage\":\"fr-FR\",\"@id\":\"https:\\\/\\\/9staedte.de\\\/fr\\\/hamelin-la-legendaire-ville-du-joueur-de-flute\\\/#primaryimage\",\"url\":\"https:\\\/\\\/9staedte.de\\\/wp-content\\\/uploads\\\/2023\\\/07\\\/Rattenfaenger-Fuehrung-c-Hameln-Marketing-und-Tourismus-GmbhG-scaled.jpg\",\"contentUrl\":\"https:\\\/\\\/9staedte.de\\\/wp-content\\\/uploads\\\/2023\\\/07\\\/Rattenfaenger-Fuehrung-c-Hameln-Marketing-und-Tourismus-GmbhG-scaled.jpg\",\"width\":2560,\"height\":1385,\"caption\":\"Rattenf\u00e4nger-F\u00fchrung c) Hameln Marketing und Tourismus GmbH\"},{\"@type\":\"BreadcrumbList\",\"@id\":\"https:\\\/\\\/9staedte.de\\\/fr\\\/hamelin-la-legendaire-ville-du-joueur-de-flute\\\/#breadcrumb\",\"itemListElement\":[{\"@type\":\"ListItem\",\"position\":1,\"name\":\"Startseite\",\"item\":\"https:\\\/\\\/9staedte.de\\\/fr\\\/\"},{\"@type\":\"ListItem\",\"position\":2,\"name\":\"Hamelin &#8211; la l\u00e9gendaire ville du joueur de fl\u00fbte\"}]},{\"@type\":\"WebSite\",\"@id\":\"https:\\\/\\\/9staedte.de\\\/fr\\\/#website\",\"url\":\"https:\\\/\\\/9staedte.de\\\/fr\\\/\",\"name\":\"9 St\u00e4dte in Niedersachsen\",\"description\":\"\",\"publisher\":{\"@id\":\"https:\\\/\\\/9staedte.de\\\/fr\\\/#organization\"},\"potentialAction\":[{\"@type\":\"SearchAction\",\"target\":{\"@type\":\"EntryPoint\",\"urlTemplate\":\"https:\\\/\\\/9staedte.de\\\/fr\\\/?s={search_term_string}\"},\"query-input\":{\"@type\":\"PropertyValueSpecification\",\"valueRequired\":true,\"valueName\":\"search_term_string\"}}],\"inLanguage\":\"fr-FR\"},{\"@type\":\"Organization\",\"@id\":\"https:\\\/\\\/9staedte.de\\\/fr\\\/#organization\",\"name\":\"9 St\u00e4dte in Niedersachsen\",\"url\":\"https:\\\/\\\/9staedte.de\\\/fr\\\/\",\"logo\":{\"@type\":\"ImageObject\",\"inLanguage\":\"fr-FR\",\"@id\":\"https:\\\/\\\/9staedte.de\\\/fr\\\/#\\\/schema\\\/logo\\\/image\\\/\",\"url\":\"https:\\\/\\\/9staedte.de\\\/wp-content\\\/uploads\\\/2025\\\/01\\\/9-neg-deutsch-2-1.png\",\"contentUrl\":\"https:\\\/\\\/9staedte.de\\\/wp-content\\\/uploads\\\/2025\\\/01\\\/9-neg-deutsch-2-1.png\",\"width\":190,\"height\":114,\"caption\":\"9 St\u00e4dte in Niedersachsen\"},\"image\":{\"@id\":\"https:\\\/\\\/9staedte.de\\\/fr\\\/#\\\/schema\\\/logo\\\/image\\\/\"}}]}<\/script>\n<!-- \/ Yoast SEO plugin. -->","yoast_head_json":{"title":"Hamelin - la l\u00e9gendaire ville du joueur de fl\u00fbte - 9 St\u00e4dte in Niedersachsen","description":"Hamelin, la l\u00e9gendaire ville du joueur de fl\u00fbte, est situ\u00e9e dans le Weserbergland. La vieille ville s\u00e9duit par ses b\u00e2timents de style Weser-Renaissance.","robots":{"index":"index","follow":"follow","max-snippet":"max-snippet:-1","max-image-preview":"max-image-preview:large","max-video-preview":"max-video-preview:-1"},"canonical":"https:\/\/9staedte.de\/fr\/hamelin-la-legendaire-ville-du-joueur-de-flute\/","og_locale":"fr_FR","og_type":"article","og_title":"Hamelin - la l\u00e9gendaire ville du joueur de fl\u00fbte - 9 St\u00e4dte in Niedersachsen","og_description":"Hamelin, la l\u00e9gendaire ville du joueur de fl\u00fbte, est situ\u00e9e dans le Weserbergland. La vieille ville s\u00e9duit par ses b\u00e2timents de style Weser-Renaissance.","og_url":"https:\/\/9staedte.de\/fr\/hamelin-la-legendaire-ville-du-joueur-de-flute\/","og_site_name":"9 St\u00e4dte in Niedersachsen","article_modified_time":"2024-03-25T15:41:43+00:00","og_image":[{"width":1020,"height":551,"url":"https:\/\/9staedte.de\/wp-content\/uploads\/2024\/03\/Rattenfaenger-Fuehrung-c-Hameln-Marketing-und-Tourismus-GmbhG.jpg","type":"image\/jpeg"}],"twitter_card":"summary_large_image","twitter_misc":{"Dur\u00e9e de lecture estim\u00e9e":"2 minutes"},"schema":{"@context":"https:\/\/schema.org","@graph":[{"@type":"WebPage","@id":"https:\/\/9staedte.de\/fr\/hamelin-la-legendaire-ville-du-joueur-de-flute\/","url":"https:\/\/9staedte.de\/fr\/hamelin-la-legendaire-ville-du-joueur-de-flute\/","name":"Hamelin - la l\u00e9gendaire ville du joueur de fl\u00fbte - 9 St\u00e4dte in Niedersachsen","isPartOf":{"@id":"https:\/\/9staedte.de\/fr\/#website"},"primaryImageOfPage":{"@id":"https:\/\/9staedte.de\/fr\/hamelin-la-legendaire-ville-du-joueur-de-flute\/#primaryimage"},"image":{"@id":"https:\/\/9staedte.de\/fr\/hamelin-la-legendaire-ville-du-joueur-de-flute\/#primaryimage"},"thumbnailUrl":"https:\/\/9staedte.de\/wp-content\/uploads\/2023\/07\/Rattenfaenger-Fuehrung-c-Hameln-Marketing-und-Tourismus-GmbhG-scaled.jpg","datePublished":"2023-11-02T08:52:54+00:00","dateModified":"2024-03-25T15:41:43+00:00","description":"Hamelin, la l\u00e9gendaire ville du joueur de fl\u00fbte, est situ\u00e9e dans le Weserbergland. La vieille ville s\u00e9duit par ses b\u00e2timents de style Weser-Renaissance.","breadcrumb":{"@id":"https:\/\/9staedte.de\/fr\/hamelin-la-legendaire-ville-du-joueur-de-flute\/#breadcrumb"},"inLanguage":"fr-FR","potentialAction":[{"@type":"ReadAction","target":["https:\/\/9staedte.de\/fr\/hamelin-la-legendaire-ville-du-joueur-de-flute\/"]}]},{"@type":"ImageObject","inLanguage":"fr-FR","@id":"https:\/\/9staedte.de\/fr\/hamelin-la-legendaire-ville-du-joueur-de-flute\/#primaryimage","url":"https:\/\/9staedte.de\/wp-content\/uploads\/2023\/07\/Rattenfaenger-Fuehrung-c-Hameln-Marketing-und-Tourismus-GmbhG-scaled.jpg","contentUrl":"https:\/\/9staedte.de\/wp-content\/uploads\/2023\/07\/Rattenfaenger-Fuehrung-c-Hameln-Marketing-und-Tourismus-GmbhG-scaled.jpg","width":2560,"height":1385,"caption":"Rattenf\u00e4nger-F\u00fchrung c) Hameln Marketing und Tourismus GmbH"},{"@type":"BreadcrumbList","@id":"https:\/\/9staedte.de\/fr\/hamelin-la-legendaire-ville-du-joueur-de-flute\/#breadcrumb","itemListElement":[{"@type":"ListItem","position":1,"name":"Startseite","item":"https:\/\/9staedte.de\/fr\/"},{"@type":"ListItem","position":2,"name":"Hamelin &#8211; la l\u00e9gendaire ville du joueur de fl\u00fbte"}]},{"@type":"WebSite","@id":"https:\/\/9staedte.de\/fr\/#website","url":"https:\/\/9staedte.de\/fr\/","name":"9 St\u00e4dte in Niedersachsen","description":"","publisher":{"@id":"https:\/\/9staedte.de\/fr\/#organization"},"potentialAction":[{"@type":"SearchAction","target":{"@type":"EntryPoint","urlTemplate":"https:\/\/9staedte.de\/fr\/?s={search_term_string}"},"query-input":{"@type":"PropertyValueSpecification","valueRequired":true,"valueName":"search_term_string"}}],"inLanguage":"fr-FR"},{"@type":"Organization","@id":"https:\/\/9staedte.de\/fr\/#organization","name":"9 St\u00e4dte in Niedersachsen","url":"https:\/\/9staedte.de\/fr\/","logo":{"@type":"ImageObject","inLanguage":"fr-FR","@id":"https:\/\/9staedte.de\/fr\/#\/schema\/logo\/image\/","url":"https:\/\/9staedte.de\/wp-content\/uploads\/2025\/01\/9-neg-deutsch-2-1.png","contentUrl":"https:\/\/9staedte.de\/wp-content\/uploads\/2025\/01\/9-neg-deutsch-2-1.png","width":190,"height":114,"caption":"9 St\u00e4dte in Niedersachsen"},"image":{"@id":"https:\/\/9staedte.de\/fr\/#\/schema\/logo\/image\/"}}]}},"_links":{"self":[{"href":"https:\/\/9staedte.de\/fr\/wp-json\/wp\/v2\/pages\/18046","targetHints":{"allow":["GET"]}}],"collection":[{"href":"https:\/\/9staedte.de\/fr\/wp-json\/wp\/v2\/pages"}],"about":[{"href":"https:\/\/9staedte.de\/fr\/wp-json\/wp\/v2\/types\/page"}],"author":[{"embeddable":true,"href":"https:\/\/9staedte.de\/fr\/wp-json\/wp\/v2\/users\/1"}],"replies":[{"embeddable":true,"href":"https:\/\/9staedte.de\/fr\/wp-json\/wp\/v2\/comments?post=18046"}],"version-history":[{"count":3,"href":"https:\/\/9staedte.de\/fr\/wp-json\/wp\/v2\/pages\/18046\/revisions"}],"predecessor-version":[{"id":21700,"href":"https:\/\/9staedte.de\/fr\/wp-json\/wp\/v2\/pages\/18046\/revisions\/21700"}],"wp:featuredmedia":[{"embeddable":true,"href":"https:\/\/9staedte.de\/fr\/wp-json\/wp\/v2\/media\/19457"}],"wp:attachment":[{"href":"https:\/\/9staedte.de\/fr\/wp-json\/wp\/v2\/media?parent=18046"}],"wp:term":[{"taxonomy":"category","embeddable":true,"href":"https:\/\/9staedte.de\/fr\/wp-json\/wp\/v2\/categories?post=18046"},{"taxonomy":"post_tag","embeddable":true,"href":"https:\/\/9staedte.de\/fr\/wp-json\/wp\/v2\/tags?post=18046"},{"taxonomy":"ncap_cities_tax","embeddable":true,"href":"https:\/\/9staedte.de\/fr\/wp-json\/wp\/v2\/ncap_cities_tax?post=18046"}],"curies":[{"name":"wp","href":"https:\/\/api.w.org\/{rel}","templated":true}]}}