{"id":18000,"date":"2023-11-02T09:52:51","date_gmt":"2023-11-02T08:52:51","guid":{"rendered":"https:\/\/9staedte.de\/hanovre-capitale-de-la-basse-saxe\/"},"modified":"2024-04-15T12:27:04","modified_gmt":"2024-04-15T10:27:04","slug":"hanovre-capitale-de-la-basse-saxe","status":"publish","type":"page","link":"https:\/\/9staedte.de\/fr\/hanovre-capitale-de-la-basse-saxe\/","title":{"rendered":"Hanovre &#8211; capitale de la Basse-Saxe"},"content":{"rendered":"\n<h2 class=\"wp-block-heading\">Vivre et aimer<\/h2>\n\n\n\n<p>Authentique, authentique, d\u00e9contract\u00e9e &#8211; Hanovre offre le m\u00e9lange id\u00e9al pour les visiteurs ! Le centre-ville impressionne par son ambiance de grande ville, dans la vieille ville, vous vous promenez dans les ruelles m\u00e9di\u00e9vales ou vous vous d\u00e9tendez sur les rives de la Leineu. Les jardins de Herrenhausen sont le summum de l&rsquo;art des jardins. Faites un tour du monde \u00e0 travers des univers th\u00e9matiques uniques au zoo de l&rsquo;aventure. Les diff\u00e9rents quartiers de la ville se pr\u00e9sentent de mani\u00e8re anim\u00e9e et charmante. Des \u00e9v\u00e9nements phares comme le concours international de feux d&rsquo;artifice, la f\u00eate du lac Maschsee, la plus grande f\u00eate de tir du monde ou les march\u00e9s de No\u00ebl<br>attirent chaque ann\u00e9e d&rsquo;innombrables visiteurs \u00e0 Hanovre.<\/p>\n\n\n\n<p>Par l&rsquo;autoroute, l&rsquo;ICE ou l&rsquo;avion &#8211; la situation centrale est l&rsquo;un des nombreux atouts de Hanovre.<\/p>\n\n\n\n<p><a href=\"http:\/\/www.visit-hannover.com\/\" target=\"_blank\" rel=\"noreferrer noopener\">www.visit-hannover.com<\/a><\/p>\n\n\n\n\n<div class=\"banner-wrapper\">\n  <div class=\"banner-inner \">\n      <div class=\"img-container\">\n      <div class=\"img-wrapper\">\n        <img decoding=\"async\" src=\"https:\/\/9staedte.de\/wp-content\/smush-webp\/2022\/03\/Neues-Rathaus-Lars-Gerhardts-22-16_9-1.jpg.webp\" alt=\"\" \/>\n                  <div class=\"thumbnail-label\">\n            <span>Neues Rathaus Hannover c) HMTG Lars Gerhardts<\/span>\n          <\/div>\n              <\/div>\n    <\/div>\n        <div class=\"text-container\">\n      <div class=\"content\">\n        <h3><strong>Besondere Tipps<\/strong><\/h3>\n<ul>\n<li>Herrenh\u00e4user G\u00e4rten mit Museum Schloss Herrenhausen und der Grotte von Niki de Saint Phalle<\/li>\n<li>Ausblick von der Kuppel des Neuen Rathauses<\/li>\n<li>Hop-on Hop-off Stadtrundfahrt im Doppeldecker- Panorama-Bus<\/li>\n<li>\u201eDer Rote Faden\u201c zu den Sehensw\u00fcrdigkeiten<\/li>\n<li>Maschsee \u2013 maritimes Flair mitten in der Gro\u00dfstadt<\/li>\n<li>Leinewelle und Gastronomie am Leineufer in der Altstadt<\/li>\n<li>Hannovers Museenlandschaft<\/li>\n<li>Shows der Extraklasse im GOP Variet\u00e9<\/li>\n<li>Ausgehen im Szene-Stadtteil Linden<\/li>\n<\/ul>\n      <\/div>\n    <\/div>\n    <\/div>\n<\/div>\n\n\n\n\n<div style=\"height:30px\" aria-hidden=\"true\" class=\"wp-block-spacer\"><\/div>\n\n\n\n<div class=\"wp-block-columns is-layout-flex wp-container-core-columns-is-layout-9d6595d7 wp-block-columns-is-layout-flex\">\n<div class=\"wp-block-column is-layout-flow wp-block-column-is-layout-flow\" style=\"flex-basis:66.66%\">\n <div class=\"brlbs-cmpnt-container brlbs-cmpnt-content-blocker brlbs-cmpnt-with-individual-styles\" data-borlabs-cookie-content-blocker-id=\"google-maps\" data-borlabs-cookie-content=\"PGlmcmFtZSBzcmM9Imh0dHBzOi8vd3d3Lmdvb2dsZS5jb20vbWFwcy9kL2VtYmVkP21pZD0xNDdQdzVueTFvQXRyTjZoZ1F0dmRRZmFKaXNNbjNndyZhbXA7ZWhiYz0yRTMxMkYiIHdpZHRoPSIxMDAlIiBoZWlnaHQ9IjQ1MCI+PC9pZnJhbWU+\"><div class=\"brlbs-cmpnt-cb-preset-b brlbs-cmpnt-cb-google-maps\"> <div class=\"brlbs-cmpnt-cb-thumbnail\" style=\"background-image: url('https:\/\/9staedte.de\/wp-content\/uploads\/borlabs-cookie\/1\/brlbs-cb-google-maps-main.png')\"><\/div> <div class=\"brlbs-cmpnt-cb-main\"> <div class=\"brlbs-cmpnt-cb-content\"> <p class=\"brlbs-cmpnt-cb-description\">Vous \u00eates actuellement en train de consulter le contenu d&rsquo;un espace r\u00e9serv\u00e9 de <strong>Google Maps<\/strong>. Pour acc\u00e9der au contenu r\u00e9el, cliquez sur le bouton ci-dessous. Veuillez noter que ce faisant, des donn\u00e9es seront partag\u00e9es avec des providers tiers.<\/p> <a class=\"brlbs-cmpnt-cb-provider-toggle\" href=\"#\" data-borlabs-cookie-show-provider-information role=\"button\">Plus d&rsquo;informations<\/a> <\/div> <div class=\"brlbs-cmpnt-cb-buttons\"> <a class=\"brlbs-cmpnt-cb-btn\" href=\"#\" data-borlabs-cookie-unblock role=\"button\">D\u00e9bloquer le contenu<\/a> <a class=\"brlbs-cmpnt-cb-btn\" href=\"#\" data-borlabs-cookie-accept-service role=\"button\" style=\"display: inherit\">Accepter le service requis et d\u00e9bloquer le contenu<\/a> <\/div> <\/div> <\/div><\/div>\n<\/div>\n\n\n\n<div class=\"wp-block-column map-legend is-layout-flow wp-block-column-is-layout-flow\">\n<p><strong>Les attractions touristiques :<\/strong><\/p>\n\n\n\n<ul class=\"map-legend main-legend wp-block-list\">\n<li>Nouvelle mairie  <\/li>\n\n\n\n<li>Ch\u00e2teau de Leines \/ Parlement de Basse-Saxe  <\/li>\n\n\n\n<li>Nanas de Niki de Saint Phalle  <\/li>\n\n\n\n<li>Vieille ville historique  <\/li>\n\n\n\n<li>L&rsquo;ancien h\u00f4tel de ville et l&rsquo;\u00e9glise du march\u00e9  <\/li>\n\n\n\n<li>Rendez-vous \u00e0 Kr\u00f6pcke  <\/li>\n\n\n\n<li>Op\u00e9ra  <\/li>\n\n\n\n<li>Aegidienkirche, m\u00e9morial pour les victimes des guerres  <\/li>\n\n\n\n<li>Maschsee<\/li>\n<\/ul>\n<\/div>\n<\/div>\n\n\n\n<div style=\"height:60px\" aria-hidden=\"true\" class=\"wp-block-spacer map-legend\"><\/div>\n\n\n\n<div class=\"content-grid\">\n\n\n  \n  <div class=\"grid\">\n                        \n                    \n          <div class=\"featured-themen-single\">\n            <div class=\"featured-themen-single-inner\" style=\"background-image: url('https:\/\/9staedte.de\/wp-content\/smush-webp\/2023\/02\/Stadtrundfahrt-c-HMTG-Christian-Wyrwa.jpg.webp')\">\n              \n              <a href=\"https:\/\/9staedte.de\/fr\/hanovre-capitale-de-la-basse-saxe\/visites-guidees-a-hanovre\/\">\n                <span>Visites guid\u00e9es \u00e0 Hanovre<\/span>\n              <\/a>\n            <\/div>\n          <\/div>\n    \n          \n                  \n                    \n          <div class=\"featured-themen-single\">\n            <div class=\"featured-themen-single-inner\" style=\"background-image: url('https:\/\/9staedte.de\/wp-content\/smush-webp\/2023\/02\/Hannover-Hauptbahnhof-c-HMTG-Stefan-Knaak.jpg.webp')\">\n              \n              <a href=\"https:\/\/9staedte.de\/fr\/hanovre-capitale-de-la-basse-saxe\/logements-a-hanovre\/\">\n                <span>Logements \u00e0 Hanovre<\/span>\n              <\/a>\n            <\/div>\n          <\/div>\n    \n          \n                  \n                    \n          <div class=\"featured-themen-single\">\n            <div class=\"featured-themen-single-inner\" style=\"background-image: url('https:\/\/9staedte.de\/wp-content\/smush-webp\/2023\/02\/Internationaler-Feuerwerkswettbewerb-c-Hannover-Marketing-und-Tourismus-GmbH-_-Lars-Gerhardts.jpg.webp')\">\n              \n              <a href=\"https:\/\/9staedte.de\/fr\/hanovre-capitale-de-la-basse-saxe\/evenements-a-hanovre\/\">\n                <span>\u00c9v\u00e9nements \u00e0 Hanovre<\/span>\n              <\/a>\n            <\/div>\n          <\/div>\n    \n          \n                  \n                    \n          <div class=\"featured-themen-single\">\n            <div class=\"featured-themen-single-inner\" style=\"background-image: url('https:\/\/9staedte.de\/wp-content\/smush-webp\/2023\/02\/Herrenhaeuser-Gaertem-c-HMTG-Lars-Gerhardts.jpg.webp')\">\n              \n              <a href=\"https:\/\/9staedte.de\/fr\/hanovre-capitale-de-la-basse-saxe\/chateaux-et-jardins-a-hanovre\/\">\n                <span>Ch\u00e2teaux et jardins \u00e0 Hanovre<\/span>\n              <\/a>\n            <\/div>\n          <\/div>\n    \n          \n                  \n                    \n          <div class=\"featured-themen-single\">\n            <div class=\"featured-themen-single-inner\" style=\"background-image: url('https:\/\/9staedte.de\/wp-content\/smush-webp\/2023\/02\/Museum-August-Kestner-Museum-August-Kestner-8.jpg.webp')\">\n              \n              <a href=\"https:\/\/9staedte.de\/fr\/hanovre-capitale-de-la-basse-saxe\/musees-et-expositions-a-hanovre\/\">\n                <span>Mus\u00e9es et expositions \u00e0 Hanovre<\/span>\n              <\/a>\n            <\/div>\n          <\/div>\n    \n          \n                  \n                    \n          <div class=\"featured-themen-single\">\n            <div class=\"featured-themen-single-inner\" style=\"background-image: url('https:\/\/9staedte.de\/wp-content\/smush-webp\/2022\/02\/Hannover-Herrenhaeuser-Gaerten-c-HMTG-Lars-Gerhardts.jpg.webp')\">\n              \n              <a href=\"https:\/\/9staedte.de\/fr\/hanovre-capitale-de-la-basse-saxe\/impressions-de-hanovre\/\">\n                <span>Impressions de Hanovre<\/span>\n              <\/a>\n            <\/div>\n          <\/div>\n    \n          \n                          \n        <\/div>\n<\/div>","protected":false},"excerpt":{"rendered":"<p>Vivre et aimer Authentique, authentique, d\u00e9contract\u00e9e &#8211; Hanovre offre le m\u00e9lange id\u00e9al pour les visiteurs ! Le centre-ville impressionne par son ambiance de grande ville, dans la vieille ville, vous vous promenez dans les ruelles m\u00e9di\u00e9vales ou vous vous d\u00e9tendez sur les rives de la Leineu. Les jardins de Herrenhausen sont le summum de l&rsquo;art [&hellip;]<\/p>\n","protected":false},"author":1,"featured_media":19472,"parent":0,"menu_order":0,"comment_status":"closed","ping_status":"closed","template":"pagetemplates\/template-stadtseite.php","meta":{"_acf_changed":false,"footnotes":""},"categories":[],"tags":[],"ncap_cities_tax":[457],"class_list":["post-18000","page","type-page","status-publish","has-post-thumbnail","hentry","ncap_cities_tax-hannover-fr"],"acf":[],"yoast_head":"<!-- This site is optimized with the Yoast SEO plugin v27.4 - https:\/\/yoast.com\/product\/yoast-seo-wordpress\/ -->\n<title>Hanovre - capitale de la Basse-Saxe - 9 St\u00e4dte in Niedersachsen<\/title>\n<meta name=\"description\" content=\"Le centre-ville de Hanovre impressionne par son atmosph\u00e8re de grande ville, la vieille ville par ses ruelles historiques. Les jardins de Herrenhausen offrent l&#039;art des jardins dans toute sa perfection.\" \/>\n<meta name=\"robots\" content=\"index, follow, max-snippet:-1, max-image-preview:large, max-video-preview:-1\" \/>\n<link rel=\"canonical\" href=\"https:\/\/9staedte.de\/fr\/hanovre-capitale-de-la-basse-saxe\/\" \/>\n<meta property=\"og:locale\" content=\"fr_FR\" \/>\n<meta property=\"og:type\" content=\"article\" \/>\n<meta property=\"og:title\" content=\"Hanovre - capitale de la Basse-Saxe - 9 St\u00e4dte in Niedersachsen\" \/>\n<meta property=\"og:description\" content=\"Le centre-ville de Hanovre impressionne par son atmosph\u00e8re de grande ville, la vieille ville par ses ruelles historiques. Les jardins de Herrenhausen offrent l&#039;art des jardins dans toute sa perfection.\" \/>\n<meta property=\"og:url\" content=\"https:\/\/9staedte.de\/fr\/hanovre-capitale-de-la-basse-saxe\/\" \/>\n<meta property=\"og:site_name\" content=\"9 St\u00e4dte in Niedersachsen\" \/>\n<meta property=\"article:modified_time\" content=\"2024-04-15T10:27:04+00:00\" \/>\n<meta property=\"og:image\" content=\"https:\/\/9staedte.de\/wp-content\/uploads\/2023\/07\/Hannover-Neues-Rathaus-Luftbild-c-HMTG-Lars-Gerhardts.jpg\" \/>\n\t<meta property=\"og:image:width\" content=\"2500\" \/>\n\t<meta property=\"og:image:height\" content=\"1498\" \/>\n\t<meta property=\"og:image:type\" content=\"image\/jpeg\" \/>\n<meta name=\"twitter:card\" content=\"summary_large_image\" \/>\n<meta name=\"twitter:label1\" content=\"Dur\u00e9e de lecture estim\u00e9e\" \/>\n\t<meta name=\"twitter:data1\" content=\"2 minutes\" \/>\n<script type=\"application\/ld+json\" class=\"yoast-schema-graph\">{\"@context\":\"https:\\\/\\\/schema.org\",\"@graph\":[{\"@type\":\"WebPage\",\"@id\":\"https:\\\/\\\/9staedte.de\\\/fr\\\/hanovre-capitale-de-la-basse-saxe\\\/\",\"url\":\"https:\\\/\\\/9staedte.de\\\/fr\\\/hanovre-capitale-de-la-basse-saxe\\\/\",\"name\":\"Hanovre - capitale de la Basse-Saxe - 9 St\u00e4dte in Niedersachsen\",\"isPartOf\":{\"@id\":\"https:\\\/\\\/9staedte.de\\\/fr\\\/#website\"},\"primaryImageOfPage\":{\"@id\":\"https:\\\/\\\/9staedte.de\\\/fr\\\/hanovre-capitale-de-la-basse-saxe\\\/#primaryimage\"},\"image\":{\"@id\":\"https:\\\/\\\/9staedte.de\\\/fr\\\/hanovre-capitale-de-la-basse-saxe\\\/#primaryimage\"},\"thumbnailUrl\":\"https:\\\/\\\/9staedte.de\\\/wp-content\\\/uploads\\\/2023\\\/07\\\/Hannover-Abendstimmung-vor-der-Oper-c-HMTG-Hans-Zaglitsch.jpg\",\"datePublished\":\"2023-11-02T08:52:51+00:00\",\"dateModified\":\"2024-04-15T10:27:04+00:00\",\"description\":\"Le centre-ville de Hanovre impressionne par son atmosph\u00e8re de grande ville, la vieille ville par ses ruelles historiques. Les jardins de Herrenhausen offrent l'art des jardins dans toute sa perfection.\",\"breadcrumb\":{\"@id\":\"https:\\\/\\\/9staedte.de\\\/fr\\\/hanovre-capitale-de-la-basse-saxe\\\/#breadcrumb\"},\"inLanguage\":\"fr-FR\",\"potentialAction\":[{\"@type\":\"ReadAction\",\"target\":[\"https:\\\/\\\/9staedte.de\\\/fr\\\/hanovre-capitale-de-la-basse-saxe\\\/\"]}]},{\"@type\":\"ImageObject\",\"inLanguage\":\"fr-FR\",\"@id\":\"https:\\\/\\\/9staedte.de\\\/fr\\\/hanovre-capitale-de-la-basse-saxe\\\/#primaryimage\",\"url\":\"https:\\\/\\\/9staedte.de\\\/wp-content\\\/uploads\\\/2023\\\/07\\\/Hannover-Abendstimmung-vor-der-Oper-c-HMTG-Hans-Zaglitsch.jpg\",\"contentUrl\":\"https:\\\/\\\/9staedte.de\\\/wp-content\\\/uploads\\\/2023\\\/07\\\/Hannover-Abendstimmung-vor-der-Oper-c-HMTG-Hans-Zaglitsch.jpg\",\"width\":2500,\"height\":1696,\"caption\":\"Hannover Abendstimmung vor der Oper c) HMTG Hans Zaglitsch\"},{\"@type\":\"BreadcrumbList\",\"@id\":\"https:\\\/\\\/9staedte.de\\\/fr\\\/hanovre-capitale-de-la-basse-saxe\\\/#breadcrumb\",\"itemListElement\":[{\"@type\":\"ListItem\",\"position\":1,\"name\":\"Startseite\",\"item\":\"https:\\\/\\\/9staedte.de\\\/fr\\\/\"},{\"@type\":\"ListItem\",\"position\":2,\"name\":\"Hanovre &#8211; capitale de la Basse-Saxe\"}]},{\"@type\":\"WebSite\",\"@id\":\"https:\\\/\\\/9staedte.de\\\/fr\\\/#website\",\"url\":\"https:\\\/\\\/9staedte.de\\\/fr\\\/\",\"name\":\"9 St\u00e4dte in Niedersachsen\",\"description\":\"\",\"publisher\":{\"@id\":\"https:\\\/\\\/9staedte.de\\\/fr\\\/#organization\"},\"potentialAction\":[{\"@type\":\"SearchAction\",\"target\":{\"@type\":\"EntryPoint\",\"urlTemplate\":\"https:\\\/\\\/9staedte.de\\\/fr\\\/?s={search_term_string}\"},\"query-input\":{\"@type\":\"PropertyValueSpecification\",\"valueRequired\":true,\"valueName\":\"search_term_string\"}}],\"inLanguage\":\"fr-FR\"},{\"@type\":\"Organization\",\"@id\":\"https:\\\/\\\/9staedte.de\\\/fr\\\/#organization\",\"name\":\"9 St\u00e4dte in Niedersachsen\",\"url\":\"https:\\\/\\\/9staedte.de\\\/fr\\\/\",\"logo\":{\"@type\":\"ImageObject\",\"inLanguage\":\"fr-FR\",\"@id\":\"https:\\\/\\\/9staedte.de\\\/fr\\\/#\\\/schema\\\/logo\\\/image\\\/\",\"url\":\"https:\\\/\\\/9staedte.de\\\/wp-content\\\/uploads\\\/2025\\\/01\\\/9-neg-deutsch-2-1.png\",\"contentUrl\":\"https:\\\/\\\/9staedte.de\\\/wp-content\\\/uploads\\\/2025\\\/01\\\/9-neg-deutsch-2-1.png\",\"width\":190,\"height\":114,\"caption\":\"9 St\u00e4dte in Niedersachsen\"},\"image\":{\"@id\":\"https:\\\/\\\/9staedte.de\\\/fr\\\/#\\\/schema\\\/logo\\\/image\\\/\"}}]}<\/script>\n<!-- \/ Yoast SEO plugin. -->","yoast_head_json":{"title":"Hanovre - capitale de la Basse-Saxe - 9 St\u00e4dte in Niedersachsen","description":"Le centre-ville de Hanovre impressionne par son atmosph\u00e8re de grande ville, la vieille ville par ses ruelles historiques. Les jardins de Herrenhausen offrent l'art des jardins dans toute sa perfection.","robots":{"index":"index","follow":"follow","max-snippet":"max-snippet:-1","max-image-preview":"max-image-preview:large","max-video-preview":"max-video-preview:-1"},"canonical":"https:\/\/9staedte.de\/fr\/hanovre-capitale-de-la-basse-saxe\/","og_locale":"fr_FR","og_type":"article","og_title":"Hanovre - capitale de la Basse-Saxe - 9 St\u00e4dte in Niedersachsen","og_description":"Le centre-ville de Hanovre impressionne par son atmosph\u00e8re de grande ville, la vieille ville par ses ruelles historiques. Les jardins de Herrenhausen offrent l'art des jardins dans toute sa perfection.","og_url":"https:\/\/9staedte.de\/fr\/hanovre-capitale-de-la-basse-saxe\/","og_site_name":"9 St\u00e4dte in Niedersachsen","article_modified_time":"2024-04-15T10:27:04+00:00","og_image":[{"width":2500,"height":1498,"url":"https:\/\/9staedte.de\/wp-content\/uploads\/2023\/07\/Hannover-Neues-Rathaus-Luftbild-c-HMTG-Lars-Gerhardts.jpg","type":"image\/jpeg"}],"twitter_card":"summary_large_image","twitter_misc":{"Dur\u00e9e de lecture estim\u00e9e":"2 minutes"},"schema":{"@context":"https:\/\/schema.org","@graph":[{"@type":"WebPage","@id":"https:\/\/9staedte.de\/fr\/hanovre-capitale-de-la-basse-saxe\/","url":"https:\/\/9staedte.de\/fr\/hanovre-capitale-de-la-basse-saxe\/","name":"Hanovre - capitale de la Basse-Saxe - 9 St\u00e4dte in Niedersachsen","isPartOf":{"@id":"https:\/\/9staedte.de\/fr\/#website"},"primaryImageOfPage":{"@id":"https:\/\/9staedte.de\/fr\/hanovre-capitale-de-la-basse-saxe\/#primaryimage"},"image":{"@id":"https:\/\/9staedte.de\/fr\/hanovre-capitale-de-la-basse-saxe\/#primaryimage"},"thumbnailUrl":"https:\/\/9staedte.de\/wp-content\/uploads\/2023\/07\/Hannover-Abendstimmung-vor-der-Oper-c-HMTG-Hans-Zaglitsch.jpg","datePublished":"2023-11-02T08:52:51+00:00","dateModified":"2024-04-15T10:27:04+00:00","description":"Le centre-ville de Hanovre impressionne par son atmosph\u00e8re de grande ville, la vieille ville par ses ruelles historiques. Les jardins de Herrenhausen offrent l'art des jardins dans toute sa perfection.","breadcrumb":{"@id":"https:\/\/9staedte.de\/fr\/hanovre-capitale-de-la-basse-saxe\/#breadcrumb"},"inLanguage":"fr-FR","potentialAction":[{"@type":"ReadAction","target":["https:\/\/9staedte.de\/fr\/hanovre-capitale-de-la-basse-saxe\/"]}]},{"@type":"ImageObject","inLanguage":"fr-FR","@id":"https:\/\/9staedte.de\/fr\/hanovre-capitale-de-la-basse-saxe\/#primaryimage","url":"https:\/\/9staedte.de\/wp-content\/uploads\/2023\/07\/Hannover-Abendstimmung-vor-der-Oper-c-HMTG-Hans-Zaglitsch.jpg","contentUrl":"https:\/\/9staedte.de\/wp-content\/uploads\/2023\/07\/Hannover-Abendstimmung-vor-der-Oper-c-HMTG-Hans-Zaglitsch.jpg","width":2500,"height":1696,"caption":"Hannover Abendstimmung vor der Oper c) HMTG Hans Zaglitsch"},{"@type":"BreadcrumbList","@id":"https:\/\/9staedte.de\/fr\/hanovre-capitale-de-la-basse-saxe\/#breadcrumb","itemListElement":[{"@type":"ListItem","position":1,"name":"Startseite","item":"https:\/\/9staedte.de\/fr\/"},{"@type":"ListItem","position":2,"name":"Hanovre &#8211; capitale de la Basse-Saxe"}]},{"@type":"WebSite","@id":"https:\/\/9staedte.de\/fr\/#website","url":"https:\/\/9staedte.de\/fr\/","name":"9 St\u00e4dte in Niedersachsen","description":"","publisher":{"@id":"https:\/\/9staedte.de\/fr\/#organization"},"potentialAction":[{"@type":"SearchAction","target":{"@type":"EntryPoint","urlTemplate":"https:\/\/9staedte.de\/fr\/?s={search_term_string}"},"query-input":{"@type":"PropertyValueSpecification","valueRequired":true,"valueName":"search_term_string"}}],"inLanguage":"fr-FR"},{"@type":"Organization","@id":"https:\/\/9staedte.de\/fr\/#organization","name":"9 St\u00e4dte in Niedersachsen","url":"https:\/\/9staedte.de\/fr\/","logo":{"@type":"ImageObject","inLanguage":"fr-FR","@id":"https:\/\/9staedte.de\/fr\/#\/schema\/logo\/image\/","url":"https:\/\/9staedte.de\/wp-content\/uploads\/2025\/01\/9-neg-deutsch-2-1.png","contentUrl":"https:\/\/9staedte.de\/wp-content\/uploads\/2025\/01\/9-neg-deutsch-2-1.png","width":190,"height":114,"caption":"9 St\u00e4dte in Niedersachsen"},"image":{"@id":"https:\/\/9staedte.de\/fr\/#\/schema\/logo\/image\/"}}]}},"_links":{"self":[{"href":"https:\/\/9staedte.de\/fr\/wp-json\/wp\/v2\/pages\/18000","targetHints":{"allow":["GET"]}}],"collection":[{"href":"https:\/\/9staedte.de\/fr\/wp-json\/wp\/v2\/pages"}],"about":[{"href":"https:\/\/9staedte.de\/fr\/wp-json\/wp\/v2\/types\/page"}],"author":[{"embeddable":true,"href":"https:\/\/9staedte.de\/fr\/wp-json\/wp\/v2\/users\/1"}],"replies":[{"embeddable":true,"href":"https:\/\/9staedte.de\/fr\/wp-json\/wp\/v2\/comments?post=18000"}],"version-history":[{"count":2,"href":"https:\/\/9staedte.de\/fr\/wp-json\/wp\/v2\/pages\/18000\/revisions"}],"predecessor-version":[{"id":22022,"href":"https:\/\/9staedte.de\/fr\/wp-json\/wp\/v2\/pages\/18000\/revisions\/22022"}],"wp:featuredmedia":[{"embeddable":true,"href":"https:\/\/9staedte.de\/fr\/wp-json\/wp\/v2\/media\/19472"}],"wp:attachment":[{"href":"https:\/\/9staedte.de\/fr\/wp-json\/wp\/v2\/media?parent=18000"}],"wp:term":[{"taxonomy":"category","embeddable":true,"href":"https:\/\/9staedte.de\/fr\/wp-json\/wp\/v2\/categories?post=18000"},{"taxonomy":"post_tag","embeddable":true,"href":"https:\/\/9staedte.de\/fr\/wp-json\/wp\/v2\/tags?post=18000"},{"taxonomy":"ncap_cities_tax","embeddable":true,"href":"https:\/\/9staedte.de\/fr\/wp-json\/wp\/v2\/ncap_cities_tax?post=18000"}],"curies":[{"name":"wp","href":"https:\/\/api.w.org\/{rel}","templated":true}]}}