{"id":17999,"date":"2023-11-02T09:52:51","date_gmt":"2023-11-02T08:52:51","guid":{"rendered":"https:\/\/9staedte.de\/autostadt-a-wolfsburg\/"},"modified":"2023-11-02T09:52:51","modified_gmt":"2023-11-02T08:52:51","slug":"autostadt-a-wolfsburg","status":"publish","type":"page","link":"https:\/\/9staedte.de\/fr\/autostadt-a-wolfsburg\/","title":{"rendered":"Autostadt \u00e0 Wolfsburg"},"content":{"rendered":"\n<h2 class=\"wp-block-heading\">Un voyage dans le monde de la mobilit\u00e9<\/h2>\n\n\n\n<p>Des voyages dans le temps, de l&rsquo;histoire \u00e0 l&rsquo;avenir de la mobilit\u00e9, un grand univers familial et des expositions exceptionnelles : Dans l&rsquo;Autostadt de Wolfsburg, les exp\u00e9riences s&rsquo;encha\u00eenent. Outre le mus\u00e9e de l&rsquo;automobile ZeitHaus, le parc \u00e0 th\u00e8me automobile propose des expositions interactives, des offres \u00e9ducatives pour tous les \u00e2ges, un programme culturel et \u00e9v\u00e9nementiel vari\u00e9 ainsi qu&rsquo;un concept culinaire diversifi\u00e9 sur plus de 28 hectares de parc et de lagunes. Au centre du parc, les marques du groupe Volkswagen se pr\u00e9senteront dans leurs propres pavillons.<\/p>\n\n\n\n<p><a href=\"http:\/\/www.autostadt.de\">www.autostadt.de<\/a><\/p>\n\n\n\n\n<div class=\"banner-wrapper\">\n  <div class=\"banner-inner \">\n      <div class=\"img-container\">\n      <div class=\"img-wrapper\">\n        <img decoding=\"async\" src=\"https:\/\/9staedte.de\/wp-content\/smush-webp\/2023\/07\/Autostadt-Uebersicht-c-Autostadt-GmbH-Klaus-Bossemeyer-1-scaled.jpg.webp\" alt=\"L\u2019image montre l\u2019Autostadt \u00e0 Wolfsburg le soir. Devant, il y a un grand lac. Des b\u00e2timents modernes sont au bord de l\u2019eau. Tout est bien \u00e9clair\u00e9. On voit des chemins, des arbres et des lumi\u00e8res. La lune brille dans le ciel. L\u2019ambiance est calme et agr\u00e9able.\" \/>\n                  <div class=\"thumbnail-label\">\n            <span>Autostadt \u00dcbersicht c) Autostadt GmbH Klaus Bossemeyer<\/span>\n          <\/div>\n              <\/div>\n    <\/div>\n        <div class=\"text-container\">\n      <div class=\"content\">\n        <p><strong>9 besondere Tipps<\/strong><\/p>\n<ul>\n<li>Automobilmuseum ZeitHaus mit historischen Meilensteinen von mehr als 60 Herstellern<\/li>\n<li>Wahrzeichen der Autostadt und schnellstes automatisches Parksystem der Welt: die gl\u00e4sernen Autot\u00fcrme<\/li>\n<li>F\u00fchrungen in 13 verschiedenen Sprachen (nach Verf\u00fcgbarkeit)<\/li>\n<li>kostenlose Probefahrten mit Elektrofahrzeugen des Volkswagen Konzerns<\/li>\n<li>Fahrspa\u00df pur auf dem Gel\u00e4ndeParcours, bei Fahrtrainings oder am professionellen Renn-Simulator<\/li>\n<li>Familienangebote zum Staunen, Spielen, Entspannen und Entdecken<\/li>\n<li>Bildungsprogramm rund um die Themen Digitalisierung, Mobilit\u00e4t und Nachhaltigkeit<\/li>\n<li>kulinarische Vielfalt mit Leckereien aus hauseigenen Manufakturen in verschiedenen Restaurants und Caf\u00e9s<\/li>\n<li>einzigartige saisonale Inszenierungen<\/li>\n<\/ul>\n      <\/div>\n    <\/div>\n    <\/div>\n<\/div>\n\n\n\n\n<h3 class=\"wp-block-heading\">L&rsquo;\u00e9t\u00e9 dans la ville de l&rsquo;automobile<\/h3>\n\n\n\n<p>Cet \u00e9t\u00e9 encore, de nombreuses offres de l&rsquo;Autostadt \u00e0 Wolfsburg donneront l&rsquo;impression d&rsquo;\u00eatre en vacances au bord du Mittellandkanal. Outre des boissons fra\u00eeches au Beach Club Cool Summer Island et une grande vari\u00e9t\u00e9 de plaisirs estivaux dans les restaurants et les caf\u00e9s, une foule d&rsquo;activit\u00e9s pour toute la famille vous attend, par exemple sur des installations d&rsquo;escalade exceptionnelles ou un toboggan g\u00e9ant. Bien entendu, la mobilit\u00e9 n&rsquo;est pas en reste : prenez le large \u00e0 bord d&rsquo;un bateau \u00e9lectrique, voyagez dans l&rsquo;avenir de la mobilit\u00e9 gr\u00e2ce \u00e0 des expositions interactives ou d\u00e9couvrez les sensations de la mobilit\u00e9 \u00e9lectrique lors d&rsquo;un essai routier.  <\/p>\n\n\n\n<h3 class=\"wp-block-heading\">L&rsquo;hiver dans la ville de l&rsquo;automobile<\/h3>\n\n\n\n<p>Lorsque les jours raccourcissent, c&rsquo;est pour beaucoup la plus belle p\u00e9riode de l&rsquo;ann\u00e9e qui commence &#8211; et dans le monde hivernal de l&rsquo;Autostadt, vous pouvez vraiment profiter de cette p\u00e9riode : avec un paysage de parc d\u00e9cor\u00e9 de mani\u00e8re festive, une immense patinoire, un march\u00e9 d&rsquo;hiver typique et bien plus encore. Vivez des moments d&rsquo;action dans la neige et sur la glace ou passez des moments contemplatifs et agr\u00e9ables avec vos amis ou votre famille dans la douce lueur des lumi\u00e8res et l&rsquo;odeur de la cannelle, des clous de girofle et des oranges.<\/p>\n\n\n\n<div style=\"height:30px\" aria-hidden=\"true\" class=\"wp-block-spacer\"><\/div>\n\n\n\n<div class=\"content-grid\">\n\n\n  \n  <div class=\"grid\">\n                        \n                    \n          <div class=\"featured-themen-single\">\n            <div class=\"featured-themen-single-inner\" style=\"background-image: url('https:\/\/9staedte.de\/wp-content\/smush-webp\/2022\/03\/Autostadt-Uebersicht-c-Autostadt-GmbH-Klaus-Bosselmann-scaled.jpg.webp')\">\n              \n              <a href=\"https:\/\/9staedte.de\/fr\/reservez-votre-evenement-dans-lautostadt\/\">\n                <span>R\u00e9servez votre \u00e9v\u00e9nement dans l&rsquo;Autostadt<\/span>\n              <\/a>\n            <\/div>\n          <\/div>\n    \n          \n                  \n                    \n          <div class=\"featured-themen-single\">\n            <div class=\"featured-themen-single-inner\" style=\"background-image: url('https:\/\/9staedte.de\/wp-content\/smush-webp\/2023\/01\/Zeit-Haus-c-Autostadt-GmbH-Nele-Martensen.jpg.webp')\">\n              \n              <a href=\"https:\/\/9staedte.de\/fr\/autostadt-a-wolfsburg\/musees-et-expositions-dans-lautostadt\/\">\n                <span>Mus\u00e9es et expositions dans l&rsquo;Autostadt<\/span>\n              <\/a>\n            <\/div>\n          <\/div>\n    \n          \n                  \n                    \n          <div class=\"featured-themen-single\">\n            <div class=\"featured-themen-single-inner\" style=\"background-image: url('https:\/\/9staedte.de\/wp-content\/smush-webp\/2023\/01\/Autostadt-Uebersicht-c-Autostadt-GmbH-Nils-Hendrick-Mueller.jpg.webp')\">\n              \n              <a href=\"https:\/\/9staedte.de\/fr\/autostadt-a-wolfsburg\/impressions-de-la-ville-de-lautomobile\/\">\n                <span>Impressions de la ville de l&rsquo;automobile<\/span>\n              <\/a>\n            <\/div>\n          <\/div>\n    \n          \n                          \n        <\/div>\n<\/div>\n\n\n<div class=\"wp-block-group\"><div class=\"wp-block-group__inner-container is-layout-constrained wp-block-group-is-layout-constrained\">\n<div style=\"height:32px\" aria-hidden=\"true\" class=\"wp-block-spacer\"><\/div>\n\n\n\n<h2 class=\"wp-block-heading\"><strong>Autostadt \u00e0 Wolfsburg<\/strong><\/h2>\n\n\n\n <div class=\"brlbs-cmpnt-container brlbs-cmpnt-content-blocker brlbs-cmpnt-with-individual-styles\" data-borlabs-cookie-content-blocker-id=\"google-maps\" data-borlabs-cookie-content=\"PGlmcmFtZSBzcmM9Imh0dHBzOi8vd3d3Lmdvb2dsZS5jb20vbWFwcy9lbWJlZD9wYj0hMW0xOCExbTEyITFtMyExZDI0MzIuNTY1NjUwODU2MTM4NyEyZDEwLjc5MTYzMDM3NzMyNTQ1NCEzZDUyLjQzMjY2NzM3MjAzODUzITJtMyExZjAhMmYwITNmMCEzbTIhMWkxMDI0ITJpNzY4ITRmMTMuMSEzbTMhMW0yITFzMHg0N2FmOTNiN2I4OWJmYWNmJTNBMHg0ZGNkZjA3ZjRkMjM3ZmY4ITJzQXV0b3N0YWR0ITVlMCEzbTIhMXNkZSEyc2RlITR2MTY5MjE3NTAyMDMwNCE1bTIhMXNkZSEyc2RlIiB3aWR0aD0iNjAwIiBoZWlnaHQ9IjQ1MCIgc3R5bGU9ImJvcmRlcjowOyIgYWxsb3dmdWxsc2NyZWVuPSIiIGxvYWRpbmc9ImxhenkiIHJlZmVycmVycG9saWN5PSJuby1yZWZlcnJlci13aGVuLWRvd25ncmFkZSI+PC9pZnJhbWU+\"><div class=\"brlbs-cmpnt-cb-preset-b brlbs-cmpnt-cb-google-maps\"> <div class=\"brlbs-cmpnt-cb-thumbnail\" style=\"background-image: url('https:\/\/9staedte.de\/wp-content\/uploads\/borlabs-cookie\/1\/brlbs-cb-google-maps-main.png')\"><\/div> <div class=\"brlbs-cmpnt-cb-main\"> <div class=\"brlbs-cmpnt-cb-content\"> <p class=\"brlbs-cmpnt-cb-description\">Vous \u00eates actuellement en train de consulter le contenu d&rsquo;un espace r\u00e9serv\u00e9 de <strong>Google Maps<\/strong>. Pour acc\u00e9der au contenu r\u00e9el, cliquez sur le bouton ci-dessous. Veuillez noter que ce faisant, des donn\u00e9es seront partag\u00e9es avec des providers tiers.<\/p> <a class=\"brlbs-cmpnt-cb-provider-toggle\" href=\"#\" data-borlabs-cookie-show-provider-information role=\"button\">Plus d&rsquo;informations<\/a> <\/div> <div class=\"brlbs-cmpnt-cb-buttons\"> <a class=\"brlbs-cmpnt-cb-btn\" href=\"#\" data-borlabs-cookie-unblock role=\"button\">D\u00e9bloquer le contenu<\/a> <a class=\"brlbs-cmpnt-cb-btn\" href=\"#\" data-borlabs-cookie-accept-service role=\"button\" style=\"display: inherit\">Accepter le service requis et d\u00e9bloquer le contenu<\/a> <\/div> <\/div> <\/div><\/div>\n\n\n\n<div style=\"height:34px\" aria-hidden=\"true\" class=\"wp-block-spacer\"><\/div>\n<\/div><\/div>\n","protected":false},"excerpt":{"rendered":"<p>Un voyage dans le monde de la mobilit\u00e9 Des voyages dans le temps, de l&rsquo;histoire \u00e0 l&rsquo;avenir de la mobilit\u00e9, un grand univers familial et des expositions exceptionnelles : Dans l&rsquo;Autostadt de Wolfsburg, les exp\u00e9riences s&rsquo;encha\u00eenent. Outre le mus\u00e9e de l&rsquo;automobile ZeitHaus, le parc \u00e0 th\u00e8me automobile propose des expositions interactives, des offres \u00e9ducatives pour [&hellip;]<\/p>\n","protected":false},"author":1,"featured_media":16758,"parent":0,"menu_order":0,"comment_status":"closed","ping_status":"closed","template":"pagetemplates\/template-stadtseite.php","meta":{"_acf_changed":false,"footnotes":""},"categories":[],"tags":[],"ncap_cities_tax":[485],"class_list":["post-17999","page","type-page","status-publish","has-post-thumbnail","hentry","ncap_cities_tax-autostadt-fr"],"acf":[],"yoast_head":"<!-- This site is optimized with the Yoast SEO plugin v26.8 - https:\/\/yoast.com\/product\/yoast-seo-wordpress\/ -->\n<title>Autostadt \u00e0 Wolfsburg - 9 St\u00e4dte in Niedersachsen<\/title>\n<meta name=\"description\" content=\"L&#039;Autostadt \u00e0 Wolfsburg : des voyages dans le temps, de l&#039;histoire \u00e0 l&#039;avenir de la mobilit\u00e9, un grand univers familial et des expositions exceptionnelles.\" \/>\n<meta name=\"robots\" content=\"index, follow, max-snippet:-1, max-image-preview:large, max-video-preview:-1\" \/>\n<link rel=\"canonical\" href=\"https:\/\/9staedte.de\/fr\/autostadt-a-wolfsburg\/\" \/>\n<meta property=\"og:locale\" content=\"fr_FR\" \/>\n<meta property=\"og:type\" content=\"article\" \/>\n<meta property=\"og:title\" content=\"Autostadt \u00e0 Wolfsburg - 9 St\u00e4dte in Niedersachsen\" \/>\n<meta property=\"og:description\" content=\"L&#039;Autostadt \u00e0 Wolfsburg : des voyages dans le temps, de l&#039;histoire \u00e0 l&#039;avenir de la mobilit\u00e9, un grand univers familial et des expositions exceptionnelles.\" \/>\n<meta property=\"og:url\" content=\"https:\/\/9staedte.de\/fr\/autostadt-a-wolfsburg\/\" \/>\n<meta property=\"og:site_name\" content=\"9 St\u00e4dte in Niedersachsen\" \/>\n<meta property=\"og:image\" content=\"https:\/\/9staedte.de\/wp-content\/uploads\/2023\/01\/Autostadt-Uebersicht-c-Autostadt-GmbH-Nils-Hendrick-Mueller.jpg\" \/>\n\t<meta property=\"og:image:width\" content=\"1020\" \/>\n\t<meta property=\"og:image:height\" content=\"560\" \/>\n\t<meta property=\"og:image:type\" content=\"image\/jpeg\" \/>\n<meta name=\"twitter:card\" content=\"summary_large_image\" \/>\n<meta name=\"twitter:label1\" content=\"Dur\u00e9e de lecture estim\u00e9e\" \/>\n\t<meta name=\"twitter:data1\" content=\"2 minutes\" \/>\n<script type=\"application\/ld+json\" class=\"yoast-schema-graph\">{\"@context\":\"https:\/\/schema.org\",\"@graph\":[{\"@type\":\"WebPage\",\"@id\":\"https:\/\/9staedte.de\/fr\/autostadt-a-wolfsburg\/\",\"url\":\"https:\/\/9staedte.de\/fr\/autostadt-a-wolfsburg\/\",\"name\":\"Autostadt \u00e0 Wolfsburg - 9 St\u00e4dte in Niedersachsen\",\"isPartOf\":{\"@id\":\"https:\/\/9staedte.de\/fr\/#website\"},\"primaryImageOfPage\":{\"@id\":\"https:\/\/9staedte.de\/fr\/autostadt-a-wolfsburg\/#primaryimage\"},\"image\":{\"@id\":\"https:\/\/9staedte.de\/fr\/autostadt-a-wolfsburg\/#primaryimage\"},\"thumbnailUrl\":\"https:\/\/9staedte.de\/wp-content\/uploads\/2022\/03\/Autostadt-Uebersicht-c-Autostadt-GmbH-Klaus-Bosselmann-scaled.jpg\",\"datePublished\":\"2023-11-02T08:52:51+00:00\",\"description\":\"L'Autostadt \u00e0 Wolfsburg : des voyages dans le temps, de l'histoire \u00e0 l'avenir de la mobilit\u00e9, un grand univers familial et des expositions exceptionnelles.\",\"breadcrumb\":{\"@id\":\"https:\/\/9staedte.de\/fr\/autostadt-a-wolfsburg\/#breadcrumb\"},\"inLanguage\":\"fr-FR\",\"potentialAction\":[{\"@type\":\"ReadAction\",\"target\":[\"https:\/\/9staedte.de\/fr\/autostadt-a-wolfsburg\/\"]}]},{\"@type\":\"ImageObject\",\"inLanguage\":\"fr-FR\",\"@id\":\"https:\/\/9staedte.de\/fr\/autostadt-a-wolfsburg\/#primaryimage\",\"url\":\"https:\/\/9staedte.de\/wp-content\/uploads\/2022\/03\/Autostadt-Uebersicht-c-Autostadt-GmbH-Klaus-Bosselmann-scaled.jpg\",\"contentUrl\":\"https:\/\/9staedte.de\/wp-content\/uploads\/2022\/03\/Autostadt-Uebersicht-c-Autostadt-GmbH-Klaus-Bosselmann-scaled.jpg\",\"width\":2560,\"height\":1920,\"caption\":\"Autostadt \u00dcbersicht bei Nacht c) Autostadt GmbH _ Klauss Bossemeyer\"},{\"@type\":\"BreadcrumbList\",\"@id\":\"https:\/\/9staedte.de\/fr\/autostadt-a-wolfsburg\/#breadcrumb\",\"itemListElement\":[{\"@type\":\"ListItem\",\"position\":1,\"name\":\"Startseite\",\"item\":\"https:\/\/9staedte.de\/fr\/\"},{\"@type\":\"ListItem\",\"position\":2,\"name\":\"Autostadt \u00e0 Wolfsburg\"}]},{\"@type\":\"WebSite\",\"@id\":\"https:\/\/9staedte.de\/fr\/#website\",\"url\":\"https:\/\/9staedte.de\/fr\/\",\"name\":\"9 St\u00e4dte in Niedersachsen\",\"description\":\"\",\"publisher\":{\"@id\":\"https:\/\/9staedte.de\/fr\/#organization\"},\"potentialAction\":[{\"@type\":\"SearchAction\",\"target\":{\"@type\":\"EntryPoint\",\"urlTemplate\":\"https:\/\/9staedte.de\/fr\/?s={search_term_string}\"},\"query-input\":{\"@type\":\"PropertyValueSpecification\",\"valueRequired\":true,\"valueName\":\"search_term_string\"}}],\"inLanguage\":\"fr-FR\"},{\"@type\":\"Organization\",\"@id\":\"https:\/\/9staedte.de\/fr\/#organization\",\"name\":\"9 St\u00e4dte in Niedersachsen\",\"url\":\"https:\/\/9staedte.de\/fr\/\",\"logo\":{\"@type\":\"ImageObject\",\"inLanguage\":\"fr-FR\",\"@id\":\"https:\/\/9staedte.de\/fr\/#\/schema\/logo\/image\/\",\"url\":\"https:\/\/9staedte.de\/wp-content\/uploads\/2025\/01\/9-neg-deutsch-2-1.png\",\"contentUrl\":\"https:\/\/9staedte.de\/wp-content\/uploads\/2025\/01\/9-neg-deutsch-2-1.png\",\"width\":190,\"height\":114,\"caption\":\"9 St\u00e4dte in Niedersachsen\"},\"image\":{\"@id\":\"https:\/\/9staedte.de\/fr\/#\/schema\/logo\/image\/\"}}]}<\/script>\n<!-- \/ Yoast SEO plugin. -->","yoast_head_json":{"title":"Autostadt \u00e0 Wolfsburg - 9 St\u00e4dte in Niedersachsen","description":"L'Autostadt \u00e0 Wolfsburg : des voyages dans le temps, de l'histoire \u00e0 l'avenir de la mobilit\u00e9, un grand univers familial et des expositions exceptionnelles.","robots":{"index":"index","follow":"follow","max-snippet":"max-snippet:-1","max-image-preview":"max-image-preview:large","max-video-preview":"max-video-preview:-1"},"canonical":"https:\/\/9staedte.de\/fr\/autostadt-a-wolfsburg\/","og_locale":"fr_FR","og_type":"article","og_title":"Autostadt \u00e0 Wolfsburg - 9 St\u00e4dte in Niedersachsen","og_description":"L'Autostadt \u00e0 Wolfsburg : des voyages dans le temps, de l'histoire \u00e0 l'avenir de la mobilit\u00e9, un grand univers familial et des expositions exceptionnelles.","og_url":"https:\/\/9staedte.de\/fr\/autostadt-a-wolfsburg\/","og_site_name":"9 St\u00e4dte in Niedersachsen","og_image":[{"width":1020,"height":560,"url":"https:\/\/9staedte.de\/wp-content\/uploads\/2023\/01\/Autostadt-Uebersicht-c-Autostadt-GmbH-Nils-Hendrick-Mueller.jpg","type":"image\/jpeg"}],"twitter_card":"summary_large_image","twitter_misc":{"Dur\u00e9e de lecture estim\u00e9e":"2 minutes"},"schema":{"@context":"https:\/\/schema.org","@graph":[{"@type":"WebPage","@id":"https:\/\/9staedte.de\/fr\/autostadt-a-wolfsburg\/","url":"https:\/\/9staedte.de\/fr\/autostadt-a-wolfsburg\/","name":"Autostadt \u00e0 Wolfsburg - 9 St\u00e4dte in Niedersachsen","isPartOf":{"@id":"https:\/\/9staedte.de\/fr\/#website"},"primaryImageOfPage":{"@id":"https:\/\/9staedte.de\/fr\/autostadt-a-wolfsburg\/#primaryimage"},"image":{"@id":"https:\/\/9staedte.de\/fr\/autostadt-a-wolfsburg\/#primaryimage"},"thumbnailUrl":"https:\/\/9staedte.de\/wp-content\/uploads\/2022\/03\/Autostadt-Uebersicht-c-Autostadt-GmbH-Klaus-Bosselmann-scaled.jpg","datePublished":"2023-11-02T08:52:51+00:00","description":"L'Autostadt \u00e0 Wolfsburg : des voyages dans le temps, de l'histoire \u00e0 l'avenir de la mobilit\u00e9, un grand univers familial et des expositions exceptionnelles.","breadcrumb":{"@id":"https:\/\/9staedte.de\/fr\/autostadt-a-wolfsburg\/#breadcrumb"},"inLanguage":"fr-FR","potentialAction":[{"@type":"ReadAction","target":["https:\/\/9staedte.de\/fr\/autostadt-a-wolfsburg\/"]}]},{"@type":"ImageObject","inLanguage":"fr-FR","@id":"https:\/\/9staedte.de\/fr\/autostadt-a-wolfsburg\/#primaryimage","url":"https:\/\/9staedte.de\/wp-content\/uploads\/2022\/03\/Autostadt-Uebersicht-c-Autostadt-GmbH-Klaus-Bosselmann-scaled.jpg","contentUrl":"https:\/\/9staedte.de\/wp-content\/uploads\/2022\/03\/Autostadt-Uebersicht-c-Autostadt-GmbH-Klaus-Bosselmann-scaled.jpg","width":2560,"height":1920,"caption":"Autostadt \u00dcbersicht bei Nacht c) Autostadt GmbH _ Klauss Bossemeyer"},{"@type":"BreadcrumbList","@id":"https:\/\/9staedte.de\/fr\/autostadt-a-wolfsburg\/#breadcrumb","itemListElement":[{"@type":"ListItem","position":1,"name":"Startseite","item":"https:\/\/9staedte.de\/fr\/"},{"@type":"ListItem","position":2,"name":"Autostadt \u00e0 Wolfsburg"}]},{"@type":"WebSite","@id":"https:\/\/9staedte.de\/fr\/#website","url":"https:\/\/9staedte.de\/fr\/","name":"9 St\u00e4dte in Niedersachsen","description":"","publisher":{"@id":"https:\/\/9staedte.de\/fr\/#organization"},"potentialAction":[{"@type":"SearchAction","target":{"@type":"EntryPoint","urlTemplate":"https:\/\/9staedte.de\/fr\/?s={search_term_string}"},"query-input":{"@type":"PropertyValueSpecification","valueRequired":true,"valueName":"search_term_string"}}],"inLanguage":"fr-FR"},{"@type":"Organization","@id":"https:\/\/9staedte.de\/fr\/#organization","name":"9 St\u00e4dte in Niedersachsen","url":"https:\/\/9staedte.de\/fr\/","logo":{"@type":"ImageObject","inLanguage":"fr-FR","@id":"https:\/\/9staedte.de\/fr\/#\/schema\/logo\/image\/","url":"https:\/\/9staedte.de\/wp-content\/uploads\/2025\/01\/9-neg-deutsch-2-1.png","contentUrl":"https:\/\/9staedte.de\/wp-content\/uploads\/2025\/01\/9-neg-deutsch-2-1.png","width":190,"height":114,"caption":"9 St\u00e4dte in Niedersachsen"},"image":{"@id":"https:\/\/9staedte.de\/fr\/#\/schema\/logo\/image\/"}}]}},"_links":{"self":[{"href":"https:\/\/9staedte.de\/fr\/wp-json\/wp\/v2\/pages\/17999","targetHints":{"allow":["GET"]}}],"collection":[{"href":"https:\/\/9staedte.de\/fr\/wp-json\/wp\/v2\/pages"}],"about":[{"href":"https:\/\/9staedte.de\/fr\/wp-json\/wp\/v2\/types\/page"}],"author":[{"embeddable":true,"href":"https:\/\/9staedte.de\/fr\/wp-json\/wp\/v2\/users\/1"}],"replies":[{"embeddable":true,"href":"https:\/\/9staedte.de\/fr\/wp-json\/wp\/v2\/comments?post=17999"}],"version-history":[{"count":0,"href":"https:\/\/9staedte.de\/fr\/wp-json\/wp\/v2\/pages\/17999\/revisions"}],"wp:featuredmedia":[{"embeddable":true,"href":"https:\/\/9staedte.de\/fr\/wp-json\/wp\/v2\/media\/16758"}],"wp:attachment":[{"href":"https:\/\/9staedte.de\/fr\/wp-json\/wp\/v2\/media?parent=17999"}],"wp:term":[{"taxonomy":"category","embeddable":true,"href":"https:\/\/9staedte.de\/fr\/wp-json\/wp\/v2\/categories?post=17999"},{"taxonomy":"post_tag","embeddable":true,"href":"https:\/\/9staedte.de\/fr\/wp-json\/wp\/v2\/tags?post=17999"},{"taxonomy":"ncap_cities_tax","embeddable":true,"href":"https:\/\/9staedte.de\/fr\/wp-json\/wp\/v2\/ncap_cities_tax?post=17999"}],"curies":[{"name":"wp","href":"https:\/\/api.w.org\/{rel}","templated":true}]}}