{"id":17998,"date":"2023-11-02T09:52:51","date_gmt":"2023-11-02T08:52:51","guid":{"rendered":"https:\/\/9staedte.de\/hildesheim-ville-classee-au-patrimoine-mondial-de-lunesco\/"},"modified":"2025-05-09T10:03:23","modified_gmt":"2025-05-09T08:03:23","slug":"hildesheim-ville-classee-au-patrimoine-mondial-de-lunesco","status":"publish","type":"page","link":"https:\/\/9staedte.de\/fr\/hildesheim-ville-classee-au-patrimoine-mondial-de-lunesco\/","title":{"rendered":"Hildesheim &#8211; ville class\u00e9e au patrimoine mondial de l&rsquo;UNESCO"},"content":{"rendered":"\n<h2 class=\"wp-block-heading\">Ville \u00e0 colombages pleine de culture et d&rsquo;histoire<\/h2>\n\n\n\n<p>Patrimoine mondial de l&rsquo;UNESCO et maisons \u00e0 colombages historiques &#8211; les curiosit\u00e9s de Hildesheim montrent la diversit\u00e9 de la ville et invitent \u00e0 la d\u00e9couverte. \u00c0 quelques rues de la place du march\u00e9 historique, il vaut la peine de jeter un coup d&rsquo;\u0153il sur la ville depuis le plus haut clocher de Basse-Saxe. Non loin de la cath\u00e9drale d&rsquo;Hildesheim se trouve le magnifique quartier \u00e0 colombages, qui invite \u00e0 se promener dans ses vieilles ruelles. Un grand choix de manifestations vous attend tout au long de l&rsquo;ann\u00e9e, des \u00e9v\u00e9nements en plein air vous enthousiasmeront pendant les mois d&rsquo;\u00e9t\u00e9, et en hiver, le march\u00e9 de No\u00ebl de Hildesheim vous attend dans un d\u00e9cor de f\u00eate !<\/p>\n\n\n\n\n<div class=\"banner-wrapper\">\n  <div class=\"banner-inner \">\n      <div class=\"img-container\">\n      <div class=\"img-wrapper\">\n        <img decoding=\"async\" src=\"https:\/\/9staedte.de\/wp-content\/smush-webp\/2023\/02\/St-Michaelis-Dagmar-Schwelle.jpg.webp\" alt=\"Une personne fait du v\u00e9lo devant l\u2019\u00e9glise Saint-Michel \u00e0 Hildesheim. Le soleil brille \u00e0 travers les arbres et cr\u00e9e une lumi\u00e8re chaleureuse.\" \/>\n                  <div class=\"thumbnail-label\">\n            <span>St Michaelis Dagmar Schwelle<\/span>\n          <\/div>\n              <\/div>\n    <\/div>\n        <div class=\"text-container\">\n      <div class=\"content\">\n        <p><strong>Des conseils particuliers :<\/strong><\/p>\n<ul>\n<li>D&rsquo;avril \u00e0 octobre : visite guid\u00e9e publique quotidienne \u00ab\u00a0\u00c0 la d\u00e9couverte de Hildesheim\u00a0\u00bb<\/li>\n<li>D\u00e9couvrir la culture culinaire de Hildesheim gr\u00e2ce \u00e0 notre format \u00ab\u00a0Voyage culinaire dans le temps : Hildesheim mange ainsi\u00a0\u00bb.<\/li>\n<li>D\u00e9couverte individuelle de la ville sur le circuit \u00ab\u00a0Hildesheimer Rosenroute\u00a0\u00bb.<\/li>\n<li>Hildesheim sur les oreilles : D\u00e9couvrir notre nouvelle pi\u00e8ce radiophonique avec le smartphone dans l&rsquo;application Lauschtour<\/li>\n<\/ul>\n      <\/div>\n    <\/div>\n    <\/div>\n<\/div>\n\n\n\n\n<div style=\"height:30px\" aria-hidden=\"true\" class=\"wp-block-spacer\"><\/div>\n\n\n\n<div class=\"wp-block-columns is-layout-flex wp-container-core-columns-is-layout-9d6595d7 wp-block-columns-is-layout-flex\">\n<div class=\"wp-block-column is-layout-flow wp-block-column-is-layout-flow\" style=\"flex-basis:66.66%\">\n <div class=\"brlbs-cmpnt-container brlbs-cmpnt-content-blocker brlbs-cmpnt-with-individual-styles\" data-borlabs-cookie-content-blocker-id=\"google-maps\" data-borlabs-cookie-content=\"PGlmcmFtZSBzcmM9Imh0dHBzOi8vd3d3Lmdvb2dsZS5jb20vbWFwcy9kL2VtYmVkP21pZD0xMzNFaDlZbWVWVHEtNGpBM3NkMzA0R29kaFJwa0d1OCZhbXA7ZWhiYz0yRTMxMkYiIHdpZHRoPSIxMDAlIiBoZWlnaHQ9IjEwMCUiPjwvaWZyYW1lPg==\"><div class=\"brlbs-cmpnt-cb-preset-b brlbs-cmpnt-cb-google-maps\"> <div class=\"brlbs-cmpnt-cb-thumbnail\" style=\"background-image: url('https:\/\/9staedte.de\/wp-content\/uploads\/borlabs-cookie\/1\/brlbs-cb-google-maps-main.png')\"><\/div> <div class=\"brlbs-cmpnt-cb-main\"> <div class=\"brlbs-cmpnt-cb-content\"> <p class=\"brlbs-cmpnt-cb-description\">Vous \u00eates actuellement en train de consulter le contenu d&rsquo;un espace r\u00e9serv\u00e9 de <strong>Google Maps<\/strong>. Pour acc\u00e9der au contenu r\u00e9el, cliquez sur le bouton ci-dessous. Veuillez noter que ce faisant, des donn\u00e9es seront partag\u00e9es avec des providers tiers.<\/p> <a class=\"brlbs-cmpnt-cb-provider-toggle\" href=\"#\" data-borlabs-cookie-show-provider-information role=\"button\">Plus d&rsquo;informations<\/a> <\/div> <div class=\"brlbs-cmpnt-cb-buttons\"> <a class=\"brlbs-cmpnt-cb-btn\" href=\"#\" data-borlabs-cookie-unblock role=\"button\">D\u00e9bloquer le contenu<\/a> <a class=\"brlbs-cmpnt-cb-btn\" href=\"#\" data-borlabs-cookie-accept-service role=\"button\" style=\"display: inherit\">Accepter le service requis et d\u00e9bloquer le contenu<\/a> <\/div> <\/div> <\/div><\/div>\n<\/div>\n\n\n\n<div class=\"wp-block-column is-layout-flow wp-block-column-is-layout-flow\" style=\"flex-basis:33.33%\">\n<p><strong>Les attractions touristiques :<\/strong><\/p>\n\n\n\n<ul class=\"wp-block-list map-legend main-legend\">\n<li>Place du march\u00e9 historique et maison de ma\u00eetre des tailleurs d&rsquo;os<\/li>\n\n\n\n<li>Curieuse maison \u00e0 colombages \u00ab\u00a0Pain de sucre renvers\u00e9<\/li>\n\n\n\n<li>Le plus haut clocher de Basse-Saxe : St. Andreas (mont\u00e9e possible)<\/li>\n\n\n\n<li>Vieille ville historique avec d&rsquo;importants b\u00e2timents \u00e0 colombages  <\/li>\n\n\n\n<li>St. Godehard  <\/li>\n\n\n\n<li>Patrimoine mondial de l&rsquo;UNESCO : cath\u00e9drale et mus\u00e9e de la cath\u00e9drale  <\/li>\n\n\n\n<li>Collection d&rsquo;\u00c9gypte ancienne au Roemer- und Pelizaeus-Museum<\/li>\n\n\n\n<li>Jardin de la Madeleine, jardin baroque du couvent<\/li>\n\n\n\n<li>Patrimoine mondial de l&rsquo;UNESCO : St. Michaelis<\/li>\n<\/ul>\n<\/div>\n<\/div>\n\n\n\n<div style=\"height:60px\" aria-hidden=\"true\" class=\"wp-block-spacer\"><\/div>\n\n\n\n<div class=\"content-grid\">\n\n\n  \n  <div class=\"grid\">\n                        \n                    \n          <div class=\"featured-themen-single\">\n            <div class=\"featured-themen-single-inner\" style=\"background-image: url('https:\/\/9staedte.de\/wp-content\/smush-webp\/2024\/09\/Weihnachtsmarkt-Hildesheim-c-Hildesheim-Marketing-Foto-Lars-Griebner-CC-BY.jpg.webp')\">\n              \n              <a href=\"https:\/\/9staedte.de\/fr\/hildesheim-ville-classee-au-patrimoine-mondial-de-lunesco\/marche-de-noel-a-hildesheim\/\">\n                <span>March\u00e9 de No\u00ebl \u00e0 Hildesheim<\/span>\n              <\/a>\n            <\/div>\n          <\/div>\n    \n          \n                  \n                    \n          <div class=\"featured-themen-single\">\n            <div class=\"featured-themen-single-inner\" style=\"background-image: url('https:\/\/9staedte.de\/wp-content\/smush-webp\/2022\/06\/Stadtfuehrung-\u00a9-Hildesheim-Marketing-GmbH.jpg.webp')\">\n              \n              <a href=\"https:\/\/9staedte.de\/fr\/hildesheim-ville-classee-au-patrimoine-mondial-de-lunesco\/visites-guidees-a-hildesheim\/\">\n                <span>Visites guid\u00e9es \u00e0 Hildesheim<\/span>\n              <\/a>\n            <\/div>\n          <\/div>\n    \n          \n                  \n                    \n          <div class=\"featured-themen-single\">\n            <div class=\"featured-themen-single-inner\" style=\"background-image: url('https:\/\/9staedte.de\/wp-content\/smush-webp\/2023\/02\/Citybeach-in-Hildesheim-\u00a9-Hildesheim-Marketing-GmbH-Foto-Dagmar-Schwelle.jpg.webp')\">\n              \n              <a href=\"https:\/\/9staedte.de\/fr\/hildesheim-ville-classee-au-patrimoine-mondial-de-lunesco\/evenements-a-hildesheim\/\">\n                <span>\u00c9v\u00e9nements \u00e0 Hildesheim<\/span>\n              <\/a>\n            <\/div>\n          <\/div>\n    \n          \n                  \n                    \n          <div class=\"featured-themen-single\">\n            <div class=\"featured-themen-single-inner\" style=\"background-image: url('https:\/\/9staedte.de\/wp-content\/smush-webp\/2023\/02\/UNESCO-Welterbe-Dom-Foto-Max-Wiesenbach-CCBY.jpg.webp')\">\n              \n              <a href=\"https:\/\/9staedte.de\/fr\/hildesheim-ville-classee-au-patrimoine-mondial-de-lunesco\/musees-et-expositions-a-hildesheim\/\">\n                <span>Mus\u00e9es et expositions \u00e0 Hildesheim<\/span>\n              <\/a>\n            <\/div>\n          <\/div>\n    \n          \n                  \n                    \n          <div class=\"featured-themen-single\">\n            <div class=\"featured-themen-single-inner\" style=\"background-image: url('https:\/\/9staedte.de\/wp-content\/smush-webp\/2023\/07\/Hildesheimer-Marktplatz_Foto-Max-Wiesenbach-1-1.jpg.webp')\">\n              \n              <a href=\"https:\/\/9staedte.de\/fr\/hildesheim-ville-classee-au-patrimoine-mondial-de-lunesco\/impressions-de-hildesheim\/\">\n                <span>Impressions de Hildesheim<\/span>\n              <\/a>\n            <\/div>\n          <\/div>\n    \n          \n                          \n        <\/div>\n<\/div>","protected":false},"excerpt":{"rendered":"<p>Ville \u00e0 colombages pleine de culture et d&rsquo;histoire Patrimoine mondial de l&rsquo;UNESCO et maisons \u00e0 colombages historiques &#8211; les curiosit\u00e9s de Hildesheim montrent la diversit\u00e9 de la ville et invitent \u00e0 la d\u00e9couverte. \u00c0 quelques rues de la place du march\u00e9 historique, il vaut la peine de jeter un coup d&rsquo;\u0153il sur la ville depuis [&hellip;]<\/p>\n","protected":false},"author":1,"featured_media":17853,"parent":0,"menu_order":0,"comment_status":"closed","ping_status":"closed","template":"pagetemplates\/template-stadtseite.php","meta":{"_acf_changed":false,"footnotes":""},"categories":[],"tags":[],"ncap_cities_tax":[464],"class_list":["post-17998","page","type-page","status-publish","has-post-thumbnail","hentry","ncap_cities_tax-hildesheim-fr"],"acf":[],"yoast_head":"<!-- This site is optimized with the Yoast SEO plugin v26.8 - https:\/\/yoast.com\/product\/yoast-seo-wordpress\/ -->\n<title>Hildesheim - ville class\u00e9e au patrimoine mondial de l&#039;UNESCO - 9 St\u00e4dte in Niedersachsen<\/title>\n<meta name=\"description\" content=\"Patrimoine mondial de l&#039;UNESCO, tr\u00e9sors culturels, maisons \u00e0 colombages historiques - les curiosit\u00e9s de Hildesheim invitent \u00e0 la d\u00e9couverte.\" \/>\n<meta name=\"robots\" content=\"index, follow, max-snippet:-1, max-image-preview:large, max-video-preview:-1\" \/>\n<link rel=\"canonical\" href=\"https:\/\/9staedte.de\/fr\/hildesheim-ville-classee-au-patrimoine-mondial-de-lunesco\/\" \/>\n<meta property=\"og:locale\" content=\"fr_FR\" \/>\n<meta property=\"og:type\" content=\"article\" \/>\n<meta property=\"og:title\" content=\"Hildesheim - ville class\u00e9e au patrimoine mondial de l&#039;UNESCO - 9 St\u00e4dte in Niedersachsen\" \/>\n<meta property=\"og:description\" content=\"Patrimoine mondial de l&#039;UNESCO, tr\u00e9sors culturels, maisons \u00e0 colombages historiques - les curiosit\u00e9s de Hildesheim invitent \u00e0 la d\u00e9couverte.\" \/>\n<meta property=\"og:url\" content=\"https:\/\/9staedte.de\/fr\/hildesheim-ville-classee-au-patrimoine-mondial-de-lunesco\/\" \/>\n<meta property=\"og:site_name\" content=\"9 St\u00e4dte in Niedersachsen\" \/>\n<meta property=\"article:modified_time\" content=\"2025-05-09T08:03:23+00:00\" \/>\n<meta property=\"og:image\" content=\"https:\/\/9staedte.de\/wp-content\/uploads\/2024\/06\/Hildesheim-Mariendom_Foto-Max-Wiesenbach-CC-BY-min.jpg\" \/>\n\t<meta property=\"og:image:width\" content=\"1019\" \/>\n\t<meta property=\"og:image:height\" content=\"559\" \/>\n\t<meta property=\"og:image:type\" content=\"image\/jpeg\" \/>\n<meta name=\"twitter:card\" content=\"summary_large_image\" \/>\n<meta name=\"twitter:label1\" content=\"Dur\u00e9e de lecture estim\u00e9e\" \/>\n\t<meta name=\"twitter:data1\" content=\"2 minutes\" \/>\n<script type=\"application\/ld+json\" class=\"yoast-schema-graph\">{\"@context\":\"https:\/\/schema.org\",\"@graph\":[{\"@type\":\"WebPage\",\"@id\":\"https:\/\/9staedte.de\/fr\/hildesheim-ville-classee-au-patrimoine-mondial-de-lunesco\/\",\"url\":\"https:\/\/9staedte.de\/fr\/hildesheim-ville-classee-au-patrimoine-mondial-de-lunesco\/\",\"name\":\"Hildesheim - ville class\u00e9e au patrimoine mondial de l'UNESCO - 9 St\u00e4dte in Niedersachsen\",\"isPartOf\":{\"@id\":\"https:\/\/9staedte.de\/fr\/#website\"},\"primaryImageOfPage\":{\"@id\":\"https:\/\/9staedte.de\/fr\/hildesheim-ville-classee-au-patrimoine-mondial-de-lunesco\/#primaryimage\"},\"image\":{\"@id\":\"https:\/\/9staedte.de\/fr\/hildesheim-ville-classee-au-patrimoine-mondial-de-lunesco\/#primaryimage\"},\"thumbnailUrl\":\"https:\/\/9staedte.de\/wp-content\/uploads\/2023\/07\/Hildesheim-Historic-Marketplace-with-Knochenhaueramtshaus-\u00a9-Hildesheim-Marketing-GmbH-Foto-Dagmar-Schwelle-1.jpg\",\"datePublished\":\"2023-11-02T08:52:51+00:00\",\"dateModified\":\"2025-05-09T08:03:23+00:00\",\"description\":\"Patrimoine mondial de l'UNESCO, tr\u00e9sors culturels, maisons \u00e0 colombages historiques - les curiosit\u00e9s de Hildesheim invitent \u00e0 la d\u00e9couverte.\",\"breadcrumb\":{\"@id\":\"https:\/\/9staedte.de\/fr\/hildesheim-ville-classee-au-patrimoine-mondial-de-lunesco\/#breadcrumb\"},\"inLanguage\":\"fr-FR\",\"potentialAction\":[{\"@type\":\"ReadAction\",\"target\":[\"https:\/\/9staedte.de\/fr\/hildesheim-ville-classee-au-patrimoine-mondial-de-lunesco\/\"]}]},{\"@type\":\"ImageObject\",\"inLanguage\":\"fr-FR\",\"@id\":\"https:\/\/9staedte.de\/fr\/hildesheim-ville-classee-au-patrimoine-mondial-de-lunesco\/#primaryimage\",\"url\":\"https:\/\/9staedte.de\/wp-content\/uploads\/2023\/07\/Hildesheim-Historic-Marketplace-with-Knochenhaueramtshaus-\u00a9-Hildesheim-Marketing-GmbH-Foto-Dagmar-Schwelle-1.jpg\",\"contentUrl\":\"https:\/\/9staedte.de\/wp-content\/uploads\/2023\/07\/Hildesheim-Historic-Marketplace-with-Knochenhaueramtshaus-\u00a9-Hildesheim-Marketing-GmbH-Foto-Dagmar-Schwelle-1.jpg\",\"width\":1020,\"height\":561,\"caption\":\"Hildesheim Historic Marketplace with Knochenhaueramtshaus \u00a9 Hildesheim Marketing GmbH, Foto Dagmar Schwelle\"},{\"@type\":\"BreadcrumbList\",\"@id\":\"https:\/\/9staedte.de\/fr\/hildesheim-ville-classee-au-patrimoine-mondial-de-lunesco\/#breadcrumb\",\"itemListElement\":[{\"@type\":\"ListItem\",\"position\":1,\"name\":\"Startseite\",\"item\":\"https:\/\/9staedte.de\/fr\/\"},{\"@type\":\"ListItem\",\"position\":2,\"name\":\"Hildesheim &#8211; ville class\u00e9e au patrimoine mondial de l&#8217;UNESCO\"}]},{\"@type\":\"WebSite\",\"@id\":\"https:\/\/9staedte.de\/fr\/#website\",\"url\":\"https:\/\/9staedte.de\/fr\/\",\"name\":\"9 St\u00e4dte in Niedersachsen\",\"description\":\"\",\"publisher\":{\"@id\":\"https:\/\/9staedte.de\/fr\/#organization\"},\"potentialAction\":[{\"@type\":\"SearchAction\",\"target\":{\"@type\":\"EntryPoint\",\"urlTemplate\":\"https:\/\/9staedte.de\/fr\/?s={search_term_string}\"},\"query-input\":{\"@type\":\"PropertyValueSpecification\",\"valueRequired\":true,\"valueName\":\"search_term_string\"}}],\"inLanguage\":\"fr-FR\"},{\"@type\":\"Organization\",\"@id\":\"https:\/\/9staedte.de\/fr\/#organization\",\"name\":\"9 St\u00e4dte in Niedersachsen\",\"url\":\"https:\/\/9staedte.de\/fr\/\",\"logo\":{\"@type\":\"ImageObject\",\"inLanguage\":\"fr-FR\",\"@id\":\"https:\/\/9staedte.de\/fr\/#\/schema\/logo\/image\/\",\"url\":\"https:\/\/9staedte.de\/wp-content\/uploads\/2025\/01\/9-neg-deutsch-2-1.png\",\"contentUrl\":\"https:\/\/9staedte.de\/wp-content\/uploads\/2025\/01\/9-neg-deutsch-2-1.png\",\"width\":190,\"height\":114,\"caption\":\"9 St\u00e4dte in Niedersachsen\"},\"image\":{\"@id\":\"https:\/\/9staedte.de\/fr\/#\/schema\/logo\/image\/\"}}]}<\/script>\n<!-- \/ Yoast SEO plugin. -->","yoast_head_json":{"title":"Hildesheim - ville class\u00e9e au patrimoine mondial de l'UNESCO - 9 St\u00e4dte in Niedersachsen","description":"Patrimoine mondial de l'UNESCO, tr\u00e9sors culturels, maisons \u00e0 colombages historiques - les curiosit\u00e9s de Hildesheim invitent \u00e0 la d\u00e9couverte.","robots":{"index":"index","follow":"follow","max-snippet":"max-snippet:-1","max-image-preview":"max-image-preview:large","max-video-preview":"max-video-preview:-1"},"canonical":"https:\/\/9staedte.de\/fr\/hildesheim-ville-classee-au-patrimoine-mondial-de-lunesco\/","og_locale":"fr_FR","og_type":"article","og_title":"Hildesheim - ville class\u00e9e au patrimoine mondial de l'UNESCO - 9 St\u00e4dte in Niedersachsen","og_description":"Patrimoine mondial de l'UNESCO, tr\u00e9sors culturels, maisons \u00e0 colombages historiques - les curiosit\u00e9s de Hildesheim invitent \u00e0 la d\u00e9couverte.","og_url":"https:\/\/9staedte.de\/fr\/hildesheim-ville-classee-au-patrimoine-mondial-de-lunesco\/","og_site_name":"9 St\u00e4dte in Niedersachsen","article_modified_time":"2025-05-09T08:03:23+00:00","og_image":[{"width":1019,"height":559,"url":"https:\/\/9staedte.de\/wp-content\/uploads\/2024\/06\/Hildesheim-Mariendom_Foto-Max-Wiesenbach-CC-BY-min.jpg","type":"image\/jpeg"}],"twitter_card":"summary_large_image","twitter_misc":{"Dur\u00e9e de lecture estim\u00e9e":"2 minutes"},"schema":{"@context":"https:\/\/schema.org","@graph":[{"@type":"WebPage","@id":"https:\/\/9staedte.de\/fr\/hildesheim-ville-classee-au-patrimoine-mondial-de-lunesco\/","url":"https:\/\/9staedte.de\/fr\/hildesheim-ville-classee-au-patrimoine-mondial-de-lunesco\/","name":"Hildesheim - ville class\u00e9e au patrimoine mondial de l'UNESCO - 9 St\u00e4dte in Niedersachsen","isPartOf":{"@id":"https:\/\/9staedte.de\/fr\/#website"},"primaryImageOfPage":{"@id":"https:\/\/9staedte.de\/fr\/hildesheim-ville-classee-au-patrimoine-mondial-de-lunesco\/#primaryimage"},"image":{"@id":"https:\/\/9staedte.de\/fr\/hildesheim-ville-classee-au-patrimoine-mondial-de-lunesco\/#primaryimage"},"thumbnailUrl":"https:\/\/9staedte.de\/wp-content\/uploads\/2023\/07\/Hildesheim-Historic-Marketplace-with-Knochenhaueramtshaus-\u00a9-Hildesheim-Marketing-GmbH-Foto-Dagmar-Schwelle-1.jpg","datePublished":"2023-11-02T08:52:51+00:00","dateModified":"2025-05-09T08:03:23+00:00","description":"Patrimoine mondial de l'UNESCO, tr\u00e9sors culturels, maisons \u00e0 colombages historiques - les curiosit\u00e9s de Hildesheim invitent \u00e0 la d\u00e9couverte.","breadcrumb":{"@id":"https:\/\/9staedte.de\/fr\/hildesheim-ville-classee-au-patrimoine-mondial-de-lunesco\/#breadcrumb"},"inLanguage":"fr-FR","potentialAction":[{"@type":"ReadAction","target":["https:\/\/9staedte.de\/fr\/hildesheim-ville-classee-au-patrimoine-mondial-de-lunesco\/"]}]},{"@type":"ImageObject","inLanguage":"fr-FR","@id":"https:\/\/9staedte.de\/fr\/hildesheim-ville-classee-au-patrimoine-mondial-de-lunesco\/#primaryimage","url":"https:\/\/9staedte.de\/wp-content\/uploads\/2023\/07\/Hildesheim-Historic-Marketplace-with-Knochenhaueramtshaus-\u00a9-Hildesheim-Marketing-GmbH-Foto-Dagmar-Schwelle-1.jpg","contentUrl":"https:\/\/9staedte.de\/wp-content\/uploads\/2023\/07\/Hildesheim-Historic-Marketplace-with-Knochenhaueramtshaus-\u00a9-Hildesheim-Marketing-GmbH-Foto-Dagmar-Schwelle-1.jpg","width":1020,"height":561,"caption":"Hildesheim Historic Marketplace with Knochenhaueramtshaus \u00a9 Hildesheim Marketing GmbH, Foto Dagmar Schwelle"},{"@type":"BreadcrumbList","@id":"https:\/\/9staedte.de\/fr\/hildesheim-ville-classee-au-patrimoine-mondial-de-lunesco\/#breadcrumb","itemListElement":[{"@type":"ListItem","position":1,"name":"Startseite","item":"https:\/\/9staedte.de\/fr\/"},{"@type":"ListItem","position":2,"name":"Hildesheim &#8211; ville class\u00e9e au patrimoine mondial de l&#8217;UNESCO"}]},{"@type":"WebSite","@id":"https:\/\/9staedte.de\/fr\/#website","url":"https:\/\/9staedte.de\/fr\/","name":"9 St\u00e4dte in Niedersachsen","description":"","publisher":{"@id":"https:\/\/9staedte.de\/fr\/#organization"},"potentialAction":[{"@type":"SearchAction","target":{"@type":"EntryPoint","urlTemplate":"https:\/\/9staedte.de\/fr\/?s={search_term_string}"},"query-input":{"@type":"PropertyValueSpecification","valueRequired":true,"valueName":"search_term_string"}}],"inLanguage":"fr-FR"},{"@type":"Organization","@id":"https:\/\/9staedte.de\/fr\/#organization","name":"9 St\u00e4dte in Niedersachsen","url":"https:\/\/9staedte.de\/fr\/","logo":{"@type":"ImageObject","inLanguage":"fr-FR","@id":"https:\/\/9staedte.de\/fr\/#\/schema\/logo\/image\/","url":"https:\/\/9staedte.de\/wp-content\/uploads\/2025\/01\/9-neg-deutsch-2-1.png","contentUrl":"https:\/\/9staedte.de\/wp-content\/uploads\/2025\/01\/9-neg-deutsch-2-1.png","width":190,"height":114,"caption":"9 St\u00e4dte in Niedersachsen"},"image":{"@id":"https:\/\/9staedte.de\/fr\/#\/schema\/logo\/image\/"}}]}},"_links":{"self":[{"href":"https:\/\/9staedte.de\/fr\/wp-json\/wp\/v2\/pages\/17998","targetHints":{"allow":["GET"]}}],"collection":[{"href":"https:\/\/9staedte.de\/fr\/wp-json\/wp\/v2\/pages"}],"about":[{"href":"https:\/\/9staedte.de\/fr\/wp-json\/wp\/v2\/types\/page"}],"author":[{"embeddable":true,"href":"https:\/\/9staedte.de\/fr\/wp-json\/wp\/v2\/users\/1"}],"replies":[{"embeddable":true,"href":"https:\/\/9staedte.de\/fr\/wp-json\/wp\/v2\/comments?post=17998"}],"version-history":[{"count":3,"href":"https:\/\/9staedte.de\/fr\/wp-json\/wp\/v2\/pages\/17998\/revisions"}],"predecessor-version":[{"id":25539,"href":"https:\/\/9staedte.de\/fr\/wp-json\/wp\/v2\/pages\/17998\/revisions\/25539"}],"wp:featuredmedia":[{"embeddable":true,"href":"https:\/\/9staedte.de\/fr\/wp-json\/wp\/v2\/media\/17853"}],"wp:attachment":[{"href":"https:\/\/9staedte.de\/fr\/wp-json\/wp\/v2\/media?parent=17998"}],"wp:term":[{"taxonomy":"category","embeddable":true,"href":"https:\/\/9staedte.de\/fr\/wp-json\/wp\/v2\/categories?post=17998"},{"taxonomy":"post_tag","embeddable":true,"href":"https:\/\/9staedte.de\/fr\/wp-json\/wp\/v2\/tags?post=17998"},{"taxonomy":"ncap_cities_tax","embeddable":true,"href":"https:\/\/9staedte.de\/fr\/wp-json\/wp\/v2\/ncap_cities_tax?post=17998"}],"curies":[{"name":"wp","href":"https:\/\/api.w.org\/{rel}","templated":true}]}}