{"id":17986,"date":"2023-11-02T09:52:50","date_gmt":"2023-11-02T08:52:50","guid":{"rendered":"https:\/\/9staedte.de\/gottingen-une-ville-qui-cree-le-savoir\/"},"modified":"2025-05-15T12:46:45","modified_gmt":"2025-05-15T10:46:45","slug":"gottingen-une-ville-qui-cree-le-savoir","status":"publish","type":"page","link":"https:\/\/9staedte.de\/fr\/gottingen-une-ville-qui-cree-le-savoir\/","title":{"rendered":"G\u00f6ttingen &#8211; une ville qui cr\u00e9e le savoir"},"content":{"rendered":"\n<h2 class=\"wp-block-heading\">Une ville universitaire riche en traditions<\/h2>\n\n\n\n<p>Les voyageurs appr\u00e9cient l&rsquo;atmosph\u00e8re cosmopolite de cette ville anim\u00e9e, o\u00f9 les \u00e9tudiants et les visiteurs internationaux marquent les rues de leur empreinte. L&rsquo;alliance de la tradition et de la modernit\u00e9 ne se limite pas \u00e0 la c\u00e9l\u00e8bre universit\u00e9 Georg August, mais se retrouve partout \u00e0 G\u00f6ttingen. La vieille ville r\u00e9unit de mani\u00e8re charmante les souvenirs de la ville marchande m\u00e9di\u00e9vale et le flair d&rsquo;une m\u00e9tropole commerciale moderne. Les rues lat\u00e9rales anim\u00e9es invitent au shopping, les restaurants confortables et les pubs \u00e9tudiants pittoresques \u00e0 la d\u00e9tente. L&rsquo;offre culturelle est exceptionnelle. Les th\u00e9\u00e2tres, les orchestres, les mus\u00e9es et les expositions attirent de nombreux visiteurs.<\/p>\n\n\n\n<p><a href=\"http:\/\/www.goettingen-tourismus.de\/\">www.goettingen-tourismus.de<\/a><\/p>\n\n\n\n\n<div class=\"banner-wrapper\">\n  <div class=\"banner-inner \">\n      <div class=\"img-container\">\n      <div class=\"img-wrapper\">\n        <img decoding=\"async\" src=\"https:\/\/9staedte.de\/wp-content\/smush-webp\/2023\/02\/Goettingen-Gaenseliesel-c-Lars-Gerhardts.jpg.webp\" alt=\"G\u00f6ttingen G\u00e4nseliesel c) G\u00f6ttingen Marketing GmbH Lars Gerhardts\" \/>\n                  <div class=\"thumbnail-label\">\n            <span>G\u00f6ttingen G\u00e4nseliesel c) Lars Gerhardts<\/span>\n          <\/div>\n              <\/div>\n    <\/div>\n        <div class=\"text-container\">\n      <div class=\"content\">\n        <p><strong>Conseils particuliers<\/strong><\/p>\n<p>&#8211; Participation \u00e0 une visite guid\u00e9e de la ville<br \/>\n&#8211; Shopping dans la vieille ville historique<br \/>\n&#8211; Visite guid\u00e9e de l&rsquo;universit\u00e9 riche en traditions<br \/>\n&#8211; Promenade sur les remparts<br \/>\n&#8211; Tour du cimeti\u00e8re de la ville (tombes des laur\u00e9ats du prix Nobel)<br \/>\n&#8211; Visite de la saline Luisenhall<br \/>\n&#8211; Randonn\u00e9e vers la tour Bismarck<br \/>\n&#8211; D\u00e9tente au paradis aquatique Eiswiese<br \/>\n&#8211; Festival international de Haendel<\/p>\n      <\/div>\n    <\/div>\n    <\/div>\n<\/div>\n\n\n\n\n<div style=\"height:30px\" aria-hidden=\"true\" class=\"wp-block-spacer\"><\/div>\n\n\n\n<div class=\"wp-block-columns is-layout-flex wp-container-core-columns-is-layout-9d6595d7 wp-block-columns-is-layout-flex\">\n<div class=\"wp-block-column is-layout-flow wp-block-column-is-layout-flow\" style=\"flex-basis:66.66%\">\n <div class=\"brlbs-cmpnt-container brlbs-cmpnt-content-blocker brlbs-cmpnt-with-individual-styles\" data-borlabs-cookie-content-blocker-id=\"google-maps\" data-borlabs-cookie-content=\"PGlmcmFtZSBzcmM9Imh0dHBzOi8vd3d3Lmdvb2dsZS5jb20vbWFwcy9kL2VtYmVkP21pZD0xcnFxUDl2dWdUcHVPdExseUUxWFlHc0VpaklYam91WSZhbXA7ZWhiYz0yRTMxMkYiIHdpZHRoPSIxMDAlIiBoZWlnaHQ9IjQ1MCI+PC9pZnJhbWU+\"><div class=\"brlbs-cmpnt-cb-preset-b brlbs-cmpnt-cb-google-maps\"> <div class=\"brlbs-cmpnt-cb-thumbnail\" style=\"background-image: url('https:\/\/9staedte.de\/wp-content\/uploads\/borlabs-cookie\/1\/brlbs-cb-google-maps-main.png')\"><\/div> <div class=\"brlbs-cmpnt-cb-main\"> <div class=\"brlbs-cmpnt-cb-content\"> <p class=\"brlbs-cmpnt-cb-description\">Vous \u00eates actuellement en train de consulter le contenu d&rsquo;un espace r\u00e9serv\u00e9 de <strong>Google Maps<\/strong>. Pour acc\u00e9der au contenu r\u00e9el, cliquez sur le bouton ci-dessous. Veuillez noter que ce faisant, des donn\u00e9es seront partag\u00e9es avec des providers tiers.<\/p> <a class=\"brlbs-cmpnt-cb-provider-toggle\" href=\"#\" data-borlabs-cookie-show-provider-information role=\"button\">Plus d&rsquo;informations<\/a> <\/div> <div class=\"brlbs-cmpnt-cb-buttons\"> <a class=\"brlbs-cmpnt-cb-btn\" href=\"#\" data-borlabs-cookie-unblock role=\"button\">D\u00e9bloquer le contenu<\/a> <a class=\"brlbs-cmpnt-cb-btn\" href=\"#\" data-borlabs-cookie-accept-service role=\"button\" style=\"display: inherit\">Accepter le service requis et d\u00e9bloquer le contenu<\/a> <\/div> <\/div> <\/div><\/div>\n<\/div>\n\n\n\n<div class=\"wp-block-column is-layout-flow wp-block-column-is-layout-flow\" style=\"flex-basis:33.33%\">\n<p><strong>Les attractions touristiques :<\/strong><\/p>\n\n\n\n<ul class=\"wp-block-list map-legend main-legend\">\n<li>Mus\u00e9e du savoir \u00ab\u00a0Forum Wissen  <\/li>\n\n\n\n<li>Saint-Jean  <\/li>\n\n\n\n<li>Ancienne mairie <\/li>\n\n\n\n<li>Fontaine de la G\u00e4nseliesel<\/li>\n\n\n\n<li>Taverne Junkern  <\/li>\n\n\n\n<li>St. Jacobi  <\/li>\n\n\n\n<li>Aula de l&rsquo;universit\u00e9  <\/li>\n\n\n\n<li>Th\u00e9\u00e2tre allemand  <\/li>\n\n\n\n<li>Ancien jardin botanique<\/li>\n<\/ul>\n<\/div>\n<\/div>\n\n\n\n<div style=\"height:60px\" aria-hidden=\"true\" class=\"wp-block-spacer\"><\/div>\n\n\n\n<div class=\"content-grid\">\n\n\n  \n  <div class=\"grid\">\n                        \n                    \n          <div class=\"featured-themen-single\">\n            <div class=\"featured-themen-single-inner\" style=\"background-image: url('https:\/\/9staedte.de\/wp-content\/uploads\/2023\/02\/Goettingen_Alter_Bot._GartencChristoph_Mischke.jpg')\">\n              \n              <a href=\"https:\/\/9staedte.de\/fr\/gottingen-une-ville-qui-cree-le-savoir\/goettingen-une-decouverte-durable\/\">\n                <span>G\u00f6ttingen &#8211; une d\u00e9couverte durable<\/span>\n              <\/a>\n            <\/div>\n          <\/div>\n    \n          \n                  \n                    \n          <div class=\"featured-themen-single\">\n            <div class=\"featured-themen-single-inner\" style=\"background-image: url('https:\/\/9staedte.de\/wp-content\/smush-webp\/2023\/02\/Goettingen-Paulinerstrasse-c-Lars-Gerhardts.jpg.webp')\">\n              \n              <a href=\"https:\/\/9staedte.de\/fr\/gottingen-une-ville-qui-cree-le-savoir\/visites-guidees-a-goettingen\/\">\n                <span>Visites guid\u00e9es \u00e0 G\u00f6ttingen<\/span>\n              <\/a>\n            <\/div>\n          <\/div>\n    \n          \n                  \n                    \n          <div class=\"featured-themen-single\">\n            <div class=\"featured-themen-single-inner\" style=\"background-image: url('https:\/\/9staedte.de\/wp-content\/smush-webp\/2023\/02\/Goettingen-Weihnachtsmarkt-c-Christoph-Mischke.jpg.webp')\">\n              \n              <a href=\"https:\/\/9staedte.de\/fr\/gottingen-une-ville-qui-cree-le-savoir\/marche-de-noel-a-goettingen\/\">\n                <span>March\u00e9 de No\u00ebl \u00e0 G\u00f6ttingen<\/span>\n              <\/a>\n            <\/div>\n          <\/div>\n    \n          \n                  \n                    \n          <div class=\"featured-themen-single\">\n            <div class=\"featured-themen-single-inner\" style=\"background-image: url('https:\/\/9staedte.de\/wp-content\/smush-webp\/2023\/02\/Ausgehen-in-Goettingen-c-Goettingen-Tourismus-Lars-Gerhardts.jpg.webp')\">\n              \n              <a href=\"https:\/\/9staedte.de\/fr\/gottingen-une-ville-qui-cree-le-savoir\/shopping-et-sorties-a-goettingen\/\">\n                <span>Shopping et sorties \u00e0 G\u00f6ttingen<\/span>\n              <\/a>\n            <\/div>\n          <\/div>\n    \n          \n                  \n                    \n          <div class=\"featured-themen-single\">\n            <div class=\"featured-themen-single-inner\" style=\"background-image: url('https:\/\/9staedte.de\/wp-content\/smush-webp\/2022\/03\/Goettingen-Impressionen-Altes_Rathaus_Abendstimmung.jpg.webp')\">\n              \n              <a href=\"https:\/\/9staedte.de\/fr\/gottingen-une-ville-qui-cree-le-savoir\/impressions-de-goettingen\/\">\n                <span>Impressions de G\u00f6ttingen<\/span>\n              <\/a>\n            <\/div>\n          <\/div>\n    \n          \n                          \n        <\/div>\n<\/div>","protected":false},"excerpt":{"rendered":"<p>Une ville universitaire riche en traditions Les voyageurs appr\u00e9cient l&rsquo;atmosph\u00e8re cosmopolite de cette ville anim\u00e9e, o\u00f9 les \u00e9tudiants et les visiteurs internationaux marquent les rues de leur empreinte. L&rsquo;alliance de la tradition et de la modernit\u00e9 ne se limite pas \u00e0 la c\u00e9l\u00e8bre universit\u00e9 Georg August, mais se retrouve partout \u00e0 G\u00f6ttingen. La vieille ville [&hellip;]<\/p>\n","protected":false},"author":1,"featured_media":19400,"parent":0,"menu_order":0,"comment_status":"closed","ping_status":"closed","template":"pagetemplates\/template-stadtseite.php","meta":{"_acf_changed":false,"footnotes":""},"categories":[],"tags":[],"ncap_cities_tax":[438],"class_list":["post-17986","page","type-page","status-publish","has-post-thumbnail","hentry","ncap_cities_tax-goettingen-fr"],"acf":[],"yoast_head":"<!-- This site is optimized with the Yoast SEO plugin v27.4 - https:\/\/yoast.com\/product\/yoast-seo-wordpress\/ -->\n<title>G\u00f6ttingen - une ville qui cr\u00e9e le savoir - 9 St\u00e4dte in Niedersachsen<\/title>\n<meta name=\"description\" content=\"L&#039;alliance de la tradition et de la modernit\u00e9 ne se limite pas \u00e0 la c\u00e9l\u00e8bre universit\u00e9 Georg August, mais se retrouve partout \u00e0 G\u00f6ttingen.\" \/>\n<meta name=\"robots\" content=\"index, follow, max-snippet:-1, max-image-preview:large, max-video-preview:-1\" \/>\n<link rel=\"canonical\" href=\"https:\/\/9staedte.de\/fr\/gottingen-une-ville-qui-cree-le-savoir\/\" \/>\n<meta property=\"og:locale\" content=\"fr_FR\" \/>\n<meta property=\"og:type\" content=\"article\" \/>\n<meta property=\"og:title\" content=\"G\u00f6ttingen - une ville qui cr\u00e9e le savoir - 9 St\u00e4dte in Niedersachsen\" \/>\n<meta property=\"og:description\" content=\"L&#039;alliance de la tradition et de la modernit\u00e9 ne se limite pas \u00e0 la c\u00e9l\u00e8bre universit\u00e9 Georg August, mais se retrouve partout \u00e0 G\u00f6ttingen.\" \/>\n<meta property=\"og:url\" content=\"https:\/\/9staedte.de\/fr\/gottingen-une-ville-qui-cree-le-savoir\/\" \/>\n<meta property=\"og:site_name\" content=\"9 St\u00e4dte in Niedersachsen\" \/>\n<meta property=\"article:modified_time\" content=\"2025-05-15T10:46:45+00:00\" \/>\n<meta property=\"og:image\" content=\"https:\/\/9staedte.de\/wp-content\/uploads\/2023\/06\/Goettingen-Gaenseliesel-c-Lars-Gerhardts.jpg\" \/>\n\t<meta property=\"og:image:width\" content=\"1020\" \/>\n\t<meta property=\"og:image:height\" content=\"560\" \/>\n\t<meta property=\"og:image:type\" content=\"image\/jpeg\" \/>\n<meta name=\"twitter:card\" content=\"summary_large_image\" \/>\n<meta name=\"twitter:label1\" content=\"Dur\u00e9e de lecture estim\u00e9e\" \/>\n\t<meta name=\"twitter:data1\" content=\"1 minute\" \/>\n<script type=\"application\/ld+json\" class=\"yoast-schema-graph\">{\"@context\":\"https:\\\/\\\/schema.org\",\"@graph\":[{\"@type\":\"WebPage\",\"@id\":\"https:\\\/\\\/9staedte.de\\\/fr\\\/gottingen-une-ville-qui-cree-le-savoir\\\/\",\"url\":\"https:\\\/\\\/9staedte.de\\\/fr\\\/gottingen-une-ville-qui-cree-le-savoir\\\/\",\"name\":\"G\u00f6ttingen - une ville qui cr\u00e9e le savoir - 9 St\u00e4dte in Niedersachsen\",\"isPartOf\":{\"@id\":\"https:\\\/\\\/9staedte.de\\\/fr\\\/#website\"},\"primaryImageOfPage\":{\"@id\":\"https:\\\/\\\/9staedte.de\\\/fr\\\/gottingen-une-ville-qui-cree-le-savoir\\\/#primaryimage\"},\"image\":{\"@id\":\"https:\\\/\\\/9staedte.de\\\/fr\\\/gottingen-une-ville-qui-cree-le-savoir\\\/#primaryimage\"},\"thumbnailUrl\":\"https:\\\/\\\/9staedte.de\\\/wp-content\\\/uploads\\\/2023\\\/07\\\/Altes-Rathaus-Goettingen-Abendstimmung-c-Goettingen-Tourismus-und-Marketing-e.V.jpg\",\"datePublished\":\"2023-11-02T08:52:50+00:00\",\"dateModified\":\"2025-05-15T10:46:45+00:00\",\"description\":\"L'alliance de la tradition et de la modernit\u00e9 ne se limite pas \u00e0 la c\u00e9l\u00e8bre universit\u00e9 Georg August, mais se retrouve partout \u00e0 G\u00f6ttingen.\",\"breadcrumb\":{\"@id\":\"https:\\\/\\\/9staedte.de\\\/fr\\\/gottingen-une-ville-qui-cree-le-savoir\\\/#breadcrumb\"},\"inLanguage\":\"fr-FR\",\"potentialAction\":[{\"@type\":\"ReadAction\",\"target\":[\"https:\\\/\\\/9staedte.de\\\/fr\\\/gottingen-une-ville-qui-cree-le-savoir\\\/\"]}]},{\"@type\":\"ImageObject\",\"inLanguage\":\"fr-FR\",\"@id\":\"https:\\\/\\\/9staedte.de\\\/fr\\\/gottingen-une-ville-qui-cree-le-savoir\\\/#primaryimage\",\"url\":\"https:\\\/\\\/9staedte.de\\\/wp-content\\\/uploads\\\/2023\\\/07\\\/Altes-Rathaus-Goettingen-Abendstimmung-c-Goettingen-Tourismus-und-Marketing-e.V.jpg\",\"contentUrl\":\"https:\\\/\\\/9staedte.de\\\/wp-content\\\/uploads\\\/2023\\\/07\\\/Altes-Rathaus-Goettingen-Abendstimmung-c-Goettingen-Tourismus-und-Marketing-e.V.jpg\",\"width\":2500,\"height\":1623,\"caption\":\"Altes Rathaus G\u00f6ttingen - Abendstimmung c) G\u00f6ttingen Tourismus und Marketing e.V.\"},{\"@type\":\"BreadcrumbList\",\"@id\":\"https:\\\/\\\/9staedte.de\\\/fr\\\/gottingen-une-ville-qui-cree-le-savoir\\\/#breadcrumb\",\"itemListElement\":[{\"@type\":\"ListItem\",\"position\":1,\"name\":\"Startseite\",\"item\":\"https:\\\/\\\/9staedte.de\\\/fr\\\/\"},{\"@type\":\"ListItem\",\"position\":2,\"name\":\"G\u00f6ttingen &#8211; une ville qui cr\u00e9e le savoir\"}]},{\"@type\":\"WebSite\",\"@id\":\"https:\\\/\\\/9staedte.de\\\/fr\\\/#website\",\"url\":\"https:\\\/\\\/9staedte.de\\\/fr\\\/\",\"name\":\"9 St\u00e4dte in Niedersachsen\",\"description\":\"\",\"publisher\":{\"@id\":\"https:\\\/\\\/9staedte.de\\\/fr\\\/#organization\"},\"potentialAction\":[{\"@type\":\"SearchAction\",\"target\":{\"@type\":\"EntryPoint\",\"urlTemplate\":\"https:\\\/\\\/9staedte.de\\\/fr\\\/?s={search_term_string}\"},\"query-input\":{\"@type\":\"PropertyValueSpecification\",\"valueRequired\":true,\"valueName\":\"search_term_string\"}}],\"inLanguage\":\"fr-FR\"},{\"@type\":\"Organization\",\"@id\":\"https:\\\/\\\/9staedte.de\\\/fr\\\/#organization\",\"name\":\"9 St\u00e4dte in Niedersachsen\",\"url\":\"https:\\\/\\\/9staedte.de\\\/fr\\\/\",\"logo\":{\"@type\":\"ImageObject\",\"inLanguage\":\"fr-FR\",\"@id\":\"https:\\\/\\\/9staedte.de\\\/fr\\\/#\\\/schema\\\/logo\\\/image\\\/\",\"url\":\"https:\\\/\\\/9staedte.de\\\/wp-content\\\/uploads\\\/2025\\\/01\\\/9-neg-deutsch-2-1.png\",\"contentUrl\":\"https:\\\/\\\/9staedte.de\\\/wp-content\\\/uploads\\\/2025\\\/01\\\/9-neg-deutsch-2-1.png\",\"width\":190,\"height\":114,\"caption\":\"9 St\u00e4dte in Niedersachsen\"},\"image\":{\"@id\":\"https:\\\/\\\/9staedte.de\\\/fr\\\/#\\\/schema\\\/logo\\\/image\\\/\"}}]}<\/script>\n<!-- \/ Yoast SEO plugin. -->","yoast_head_json":{"title":"G\u00f6ttingen - une ville qui cr\u00e9e le savoir - 9 St\u00e4dte in Niedersachsen","description":"L'alliance de la tradition et de la modernit\u00e9 ne se limite pas \u00e0 la c\u00e9l\u00e8bre universit\u00e9 Georg August, mais se retrouve partout \u00e0 G\u00f6ttingen.","robots":{"index":"index","follow":"follow","max-snippet":"max-snippet:-1","max-image-preview":"max-image-preview:large","max-video-preview":"max-video-preview:-1"},"canonical":"https:\/\/9staedte.de\/fr\/gottingen-une-ville-qui-cree-le-savoir\/","og_locale":"fr_FR","og_type":"article","og_title":"G\u00f6ttingen - une ville qui cr\u00e9e le savoir - 9 St\u00e4dte in Niedersachsen","og_description":"L'alliance de la tradition et de la modernit\u00e9 ne se limite pas \u00e0 la c\u00e9l\u00e8bre universit\u00e9 Georg August, mais se retrouve partout \u00e0 G\u00f6ttingen.","og_url":"https:\/\/9staedte.de\/fr\/gottingen-une-ville-qui-cree-le-savoir\/","og_site_name":"9 St\u00e4dte in Niedersachsen","article_modified_time":"2025-05-15T10:46:45+00:00","og_image":[{"width":1020,"height":560,"url":"https:\/\/9staedte.de\/wp-content\/uploads\/2023\/06\/Goettingen-Gaenseliesel-c-Lars-Gerhardts.jpg","type":"image\/jpeg"}],"twitter_card":"summary_large_image","twitter_misc":{"Dur\u00e9e de lecture estim\u00e9e":"1 minute"},"schema":{"@context":"https:\/\/schema.org","@graph":[{"@type":"WebPage","@id":"https:\/\/9staedte.de\/fr\/gottingen-une-ville-qui-cree-le-savoir\/","url":"https:\/\/9staedte.de\/fr\/gottingen-une-ville-qui-cree-le-savoir\/","name":"G\u00f6ttingen - une ville qui cr\u00e9e le savoir - 9 St\u00e4dte in Niedersachsen","isPartOf":{"@id":"https:\/\/9staedte.de\/fr\/#website"},"primaryImageOfPage":{"@id":"https:\/\/9staedte.de\/fr\/gottingen-une-ville-qui-cree-le-savoir\/#primaryimage"},"image":{"@id":"https:\/\/9staedte.de\/fr\/gottingen-une-ville-qui-cree-le-savoir\/#primaryimage"},"thumbnailUrl":"https:\/\/9staedte.de\/wp-content\/uploads\/2023\/07\/Altes-Rathaus-Goettingen-Abendstimmung-c-Goettingen-Tourismus-und-Marketing-e.V.jpg","datePublished":"2023-11-02T08:52:50+00:00","dateModified":"2025-05-15T10:46:45+00:00","description":"L'alliance de la tradition et de la modernit\u00e9 ne se limite pas \u00e0 la c\u00e9l\u00e8bre universit\u00e9 Georg August, mais se retrouve partout \u00e0 G\u00f6ttingen.","breadcrumb":{"@id":"https:\/\/9staedte.de\/fr\/gottingen-une-ville-qui-cree-le-savoir\/#breadcrumb"},"inLanguage":"fr-FR","potentialAction":[{"@type":"ReadAction","target":["https:\/\/9staedte.de\/fr\/gottingen-une-ville-qui-cree-le-savoir\/"]}]},{"@type":"ImageObject","inLanguage":"fr-FR","@id":"https:\/\/9staedte.de\/fr\/gottingen-une-ville-qui-cree-le-savoir\/#primaryimage","url":"https:\/\/9staedte.de\/wp-content\/uploads\/2023\/07\/Altes-Rathaus-Goettingen-Abendstimmung-c-Goettingen-Tourismus-und-Marketing-e.V.jpg","contentUrl":"https:\/\/9staedte.de\/wp-content\/uploads\/2023\/07\/Altes-Rathaus-Goettingen-Abendstimmung-c-Goettingen-Tourismus-und-Marketing-e.V.jpg","width":2500,"height":1623,"caption":"Altes Rathaus G\u00f6ttingen - Abendstimmung c) G\u00f6ttingen Tourismus und Marketing e.V."},{"@type":"BreadcrumbList","@id":"https:\/\/9staedte.de\/fr\/gottingen-une-ville-qui-cree-le-savoir\/#breadcrumb","itemListElement":[{"@type":"ListItem","position":1,"name":"Startseite","item":"https:\/\/9staedte.de\/fr\/"},{"@type":"ListItem","position":2,"name":"G\u00f6ttingen &#8211; une ville qui cr\u00e9e le savoir"}]},{"@type":"WebSite","@id":"https:\/\/9staedte.de\/fr\/#website","url":"https:\/\/9staedte.de\/fr\/","name":"9 St\u00e4dte in Niedersachsen","description":"","publisher":{"@id":"https:\/\/9staedte.de\/fr\/#organization"},"potentialAction":[{"@type":"SearchAction","target":{"@type":"EntryPoint","urlTemplate":"https:\/\/9staedte.de\/fr\/?s={search_term_string}"},"query-input":{"@type":"PropertyValueSpecification","valueRequired":true,"valueName":"search_term_string"}}],"inLanguage":"fr-FR"},{"@type":"Organization","@id":"https:\/\/9staedte.de\/fr\/#organization","name":"9 St\u00e4dte in Niedersachsen","url":"https:\/\/9staedte.de\/fr\/","logo":{"@type":"ImageObject","inLanguage":"fr-FR","@id":"https:\/\/9staedte.de\/fr\/#\/schema\/logo\/image\/","url":"https:\/\/9staedte.de\/wp-content\/uploads\/2025\/01\/9-neg-deutsch-2-1.png","contentUrl":"https:\/\/9staedte.de\/wp-content\/uploads\/2025\/01\/9-neg-deutsch-2-1.png","width":190,"height":114,"caption":"9 St\u00e4dte in Niedersachsen"},"image":{"@id":"https:\/\/9staedte.de\/fr\/#\/schema\/logo\/image\/"}}]}},"_links":{"self":[{"href":"https:\/\/9staedte.de\/fr\/wp-json\/wp\/v2\/pages\/17986","targetHints":{"allow":["GET"]}}],"collection":[{"href":"https:\/\/9staedte.de\/fr\/wp-json\/wp\/v2\/pages"}],"about":[{"href":"https:\/\/9staedte.de\/fr\/wp-json\/wp\/v2\/types\/page"}],"author":[{"embeddable":true,"href":"https:\/\/9staedte.de\/fr\/wp-json\/wp\/v2\/users\/1"}],"replies":[{"embeddable":true,"href":"https:\/\/9staedte.de\/fr\/wp-json\/wp\/v2\/comments?post=17986"}],"version-history":[{"count":6,"href":"https:\/\/9staedte.de\/fr\/wp-json\/wp\/v2\/pages\/17986\/revisions"}],"predecessor-version":[{"id":25789,"href":"https:\/\/9staedte.de\/fr\/wp-json\/wp\/v2\/pages\/17986\/revisions\/25789"}],"wp:featuredmedia":[{"embeddable":true,"href":"https:\/\/9staedte.de\/fr\/wp-json\/wp\/v2\/media\/19400"}],"wp:attachment":[{"href":"https:\/\/9staedte.de\/fr\/wp-json\/wp\/v2\/media?parent=17986"}],"wp:term":[{"taxonomy":"category","embeddable":true,"href":"https:\/\/9staedte.de\/fr\/wp-json\/wp\/v2\/categories?post=17986"},{"taxonomy":"post_tag","embeddable":true,"href":"https:\/\/9staedte.de\/fr\/wp-json\/wp\/v2\/tags?post=17986"},{"taxonomy":"ncap_cities_tax","embeddable":true,"href":"https:\/\/9staedte.de\/fr\/wp-json\/wp\/v2\/ncap_cities_tax?post=17986"}],"curies":[{"name":"wp","href":"https:\/\/api.w.org\/{rel}","templated":true}]}}