{"id":17963,"date":"2023-11-02T09:52:49","date_gmt":"2023-11-02T08:52:49","guid":{"rendered":"https:\/\/9staedte.de\/wolfenbuttel-la-ville-de-lessing\/"},"modified":"2024-03-25T16:23:25","modified_gmt":"2024-03-25T15:23:25","slug":"wolfenbuttel-la-ville-de-lessing","status":"publish","type":"page","link":"https:\/\/9staedte.de\/fr\/wolfenbuttel-la-ville-de-lessing\/","title":{"rendered":"Wolfenb\u00fcttel &#8211; La ville de Lessing"},"content":{"rendered":"\n<h2 class=\"wp-block-heading\">1.000 maisons \u00e0 colombages et J\u00e4germeister<\/h2>\n\n\n\n<p>Wolfenb\u00fcttel, connue pour \u00eatre la patrie du J\u00c4GERMEISTER. Mais saviez-vous que le deuxi\u00e8me plus grand ch\u00e2teau conserv\u00e9 de Basse-Saxe se trouve \u00e0 Wolfenb\u00fcttel ? Ou que Gotthold Ephraim Lessing a \u00e9crit les derniers<br>ann\u00e9es de sa vie \u00e0 Wolfenb\u00fcttel ? Non ? Wolfenb\u00fcttel a \u00e9t\u00e9 la r\u00e9sidence des ducs de Guelfes pendant plus de trois si\u00e8cles. largement \u00e9pargn\u00e9e par les guerres de l&rsquo;histoire, appara\u00eet<br>la vieille ville avec le ch\u00e2teau et la biblioth\u00e8que Herzog August de renomm\u00e9e mondiale, la maison de Lessing, la premi\u00e8re \u00e9glise construite par des protestants, en grande partie comme au temps de la cour. D\u00e9couvrez les<br>Wolfenb\u00fcttel, la ville de Lessing, et ensuite toujours \u00e0 nouveau.<\/p>\n\n\n\n<p><a href=\"http:\/\/www.lessingstadt-wolfenbuettel.de\/\">www.lessingstadt-wolfenb\u00fcttel.de<\/a><\/p>\n\n\n\n\n<div class=\"banner-wrapper\">\n  <div class=\"banner-inner \">\n      <div class=\"img-container\">\n      <div class=\"img-wrapper\">\n        <img decoding=\"async\" src=\"https:\/\/9staedte.de\/wp-content\/smush-webp\/2022\/03\/WolfenbuettelSchloss-Fotograf-Christian-Bierwagen-Rechte-Stadt-Wolfenbuettel.jpg.webp\" alt=\"\" \/>\n                  <div class=\"thumbnail-label\">\n            <span>Wolfenb\u00fcttelSchloss, Fotograf Christian Bierwagen, Rechte Stadt Wolfenb\u00fcttel<\/span>\n          <\/div>\n              <\/div>\n    <\/div>\n        <div class=\"text-container\">\n      <div class=\"content\">\n        <p><strong>Conseils particuliers<\/strong><\/p>\n<ul>\n<li>Visites guid\u00e9es quotidiennes de la ville de P\u00e2ques au 3 octobre.<\/li>\n<li>Fan shop J\u00e4germeister \u00e0 l&rsquo;office de tourisme<\/li>\n<li>Mus\u00e9e du ch\u00e2teau de Wolfenb\u00fcttel avec les salles d&rsquo;apparat des ducs de Guelfes<\/li>\n<li>Vieille ville avec environ 1.000 maisons \u00e0 colombages<\/li>\n<li>Tours en SUP et en cano\u00eb sur l&rsquo;Oker<\/li>\n<li>Discgolf dans le parc Seeliger et le parc du domaine de Linden<\/li>\n<li>March\u00e9 de No\u00ebl f\u00e9erique dans la vieille ville<\/li>\n<li>Wolfenb\u00fcttel APP pour les loisirs et le tourisme<\/li>\n<li>Circuit de devinettes dans la vieille ville<\/li>\n<\/ul>\n      <\/div>\n    <\/div>\n    <\/div>\n<\/div>\n\n\n\n\n<div style=\"height:30px\" aria-hidden=\"true\" class=\"wp-block-spacer\"><\/div>\n\n\n\n<div class=\"wp-block-columns is-layout-flex wp-container-core-columns-is-layout-9d6595d7 wp-block-columns-is-layout-flex\">\n<div class=\"wp-block-column is-layout-flow wp-block-column-is-layout-flow\">\n <div class=\"brlbs-cmpnt-container brlbs-cmpnt-content-blocker brlbs-cmpnt-with-individual-styles\" data-borlabs-cookie-content-blocker-id=\"google-maps\" data-borlabs-cookie-content=\"PGlmcmFtZSBzcmM9Imh0dHBzOi8vd3d3Lmdvb2dsZS5jb20vbWFwcy9kL2VtYmVkP21pZD0xdVpDMjJYaFVJUjB5dTNCYS1mQUgtbFczUWlGMERxZyZhbXA7ZWhiYz0yRTMxMkYiIHdpZHRoPSIxMDAlIiBoZWlnaHQ9IjQ1MCI+PC9pZnJhbWU+\"><div class=\"brlbs-cmpnt-cb-preset-b brlbs-cmpnt-cb-google-maps\"> <div class=\"brlbs-cmpnt-cb-thumbnail\" style=\"background-image: url('https:\/\/9staedte.de\/wp-content\/uploads\/borlabs-cookie\/1\/brlbs-cb-google-maps-main.png')\"><\/div> <div class=\"brlbs-cmpnt-cb-main\"> <div class=\"brlbs-cmpnt-cb-content\"> <p class=\"brlbs-cmpnt-cb-description\">Vous \u00eates actuellement en train de consulter le contenu d&rsquo;un espace r\u00e9serv\u00e9 de <strong>Google Maps<\/strong>. Pour acc\u00e9der au contenu r\u00e9el, cliquez sur le bouton ci-dessous. Veuillez noter que ce faisant, des donn\u00e9es seront partag\u00e9es avec des providers tiers.<\/p> <a class=\"brlbs-cmpnt-cb-provider-toggle\" href=\"#\" data-borlabs-cookie-show-provider-information role=\"button\">Plus d&rsquo;informations<\/a> <\/div> <div class=\"brlbs-cmpnt-cb-buttons\"> <a class=\"brlbs-cmpnt-cb-btn\" href=\"#\" data-borlabs-cookie-unblock role=\"button\">D\u00e9bloquer le contenu<\/a> <a class=\"brlbs-cmpnt-cb-btn\" href=\"#\" data-borlabs-cookie-accept-service role=\"button\" style=\"display: inherit\">Accepter le service requis et d\u00e9bloquer le contenu<\/a> <\/div> <\/div> <\/div><\/div>\n<\/div>\n\n\n\n<div class=\"wp-block-column is-layout-flow wp-block-column-is-layout-flow\" style=\"flex-basis:33.33%\">\n<p><strong>Les attractions touristiques :<\/strong><\/p>\n\n\n\n<ul class=\"map-legend main-legend wp-block-list\">\n<li>Ch\u00e2teau ducal<\/li>\n\n\n\n<li>Maison de Lessing <\/li>\n\n\n\n<li>Biblioth\u00e8que du duc Auguste et arsenal  <\/li>\n\n\n\n<li>Mus\u00e9e des citoyens  <\/li>\n\n\n\n<li>Petite Venise  <\/li>\n\n\n\n<li>H\u00f4tel de ville et march\u00e9 municipal<\/li>\n\n\n\n<li>\u00c9glise principale Beatae Mariae Virginis  <\/li>\n\n\n\n<li>\u00c9glise de la Sainte-Trinit\u00e9  <\/li>\n\n\n\n<li>Rue courbe<\/li>\n<\/ul>\n<\/div>\n<\/div>\n\n\n\n<div style=\"height:60px\" aria-hidden=\"true\" class=\"wp-block-spacer\"><\/div>\n\n\n\n<div class=\"content-grid\">\n\n\n  \n  <div class=\"grid\">\n                        \n                    \n          <div class=\"featured-themen-single\">\n            <div class=\"featured-themen-single-inner\" style=\"background-image: url('https:\/\/9staedte.de\/wp-content\/smush-webp\/2023\/07\/Wolfenbuettel-Kulturnacht-Foto-Uwe-Doehner-Missling-Rechte-Stadt-WF.jpg.webp')\">\n              \n              <a href=\"https:\/\/9staedte.de\/fr\/wolfenbuttel-la-ville-de-lessing\/evenements-a-wolfenbuettel\/\">\n                <span>\u00c9v\u00e9nements \u00e0 Wolfenb\u00fcttel<\/span>\n              <\/a>\n            <\/div>\n          <\/div>\n    \n          \n                  \n                    \n          <div class=\"featured-themen-single\">\n            <div class=\"featured-themen-single-inner\" style=\"background-image: url('https:\/\/9staedte.de\/wp-content\/smush-webp\/2023\/02\/161008-wf-marketing-087.jpg.webp')\">\n              \n              <a href=\"https:\/\/9staedte.de\/fr\/wolfenbuttel-la-ville-de-lessing\/visites-guidees-a-wolfenbuettel\/\">\n                <span>Visites guid\u00e9es \u00e0 Wolfenb\u00fcttel<\/span>\n              <\/a>\n            <\/div>\n          <\/div>\n    \n          \n                  \n                    \n          <div class=\"featured-themen-single\">\n            <div class=\"featured-themen-single-inner\" style=\"background-image: url('https:\/\/9staedte.de\/wp-content\/smush-webp\/2023\/02\/Lessinghaus-und-Schloss-Fotograf-Christian-Bierwagen-Rechte-Stadt-Wolfenbuettel.jpg.webp')\">\n              \n              <a href=\"https:\/\/9staedte.de\/fr\/wolfenbuttel-la-ville-de-lessing\/chateaux-et-jardins-a-wolfenbuettel\/\">\n                <span>Ch\u00e2teaux et jardins \u00e0 Wolfenb\u00fcttel<\/span>\n              <\/a>\n            <\/div>\n          <\/div>\n    \n          \n                  \n                    \n          <div class=\"featured-themen-single\">\n            <div class=\"featured-themen-single-inner\" style=\"background-image: url('https:\/\/9staedte.de\/wp-content\/smush-webp\/2022\/03\/Schloss-Wolfenbuettel-Fotograf-Christian-Bierwagen-Rechte-Stadt-Wolfenbuettel.jpg.webp')\">\n              \n              <a href=\"https:\/\/9staedte.de\/fr\/wolfenbuttel-la-ville-de-lessing\/impressions-de-wolfenbuettel\/\">\n                <span>Impressions de Wolfenb\u00fcttel<\/span>\n              <\/a>\n            <\/div>\n          <\/div>\n    \n          \n                  \n                    \n          <div class=\"featured-themen-single\">\n            <div class=\"featured-themen-single-inner\" style=\"background-image: url('https:\/\/9staedte.de\/wp-content\/smush-webp\/2023\/02\/Herzog-August-Bibliothek-c-Stadt-Wolfenbuettel-Christian-Bierwagen.jpg.webp')\">\n              \n              <a href=\"https:\/\/9staedte.de\/fr\/wolfenbuttel-la-ville-de-lessing\/musees-et-expositions-a-wolfenbuettel\/\">\n                <span>Mus\u00e9es et expositions \u00e0 Wolfenb\u00fcttel<\/span>\n              <\/a>\n            <\/div>\n          <\/div>\n    \n          \n                          \n        <\/div>\n<\/div>","protected":false},"excerpt":{"rendered":"<p>1.000 maisons \u00e0 colombages et J\u00e4germeister Wolfenb\u00fcttel, connue pour \u00eatre la patrie du J\u00c4GERMEISTER. Mais saviez-vous que le deuxi\u00e8me plus grand ch\u00e2teau conserv\u00e9 de Basse-Saxe se trouve \u00e0 Wolfenb\u00fcttel ? Ou que Gotthold Ephraim Lessing a \u00e9crit les derniersann\u00e9es de sa vie \u00e0 Wolfenb\u00fcttel ? Non ? Wolfenb\u00fcttel a \u00e9t\u00e9 la r\u00e9sidence des ducs de [&hellip;]<\/p>\n","protected":false},"author":1,"featured_media":19538,"parent":0,"menu_order":0,"comment_status":"closed","ping_status":"closed","template":"pagetemplates\/template-stadtseite.php","meta":{"_acf_changed":false,"footnotes":""},"categories":[],"tags":[],"ncap_cities_tax":[471],"class_list":["post-17963","page","type-page","status-publish","has-post-thumbnail","hentry","ncap_cities_tax-wolfenbuettel-fr"],"acf":[],"yoast_head":"<!-- This site is optimized with the Yoast SEO plugin v26.8 - https:\/\/yoast.com\/product\/yoast-seo-wordpress\/ -->\n<title>Wolfenb\u00fcttel - La ville de Lessing - 9 St\u00e4dte in Niedersachsen<\/title>\n<meta name=\"description\" content=\"Wolfenb\u00fcttel, la ville de Lessing. Plus de 1.000 maisons \u00e0 colombages se trouvent dans la vieille ville. Wolfenb\u00fcttel est connu dans le monde entier pour \u00eatre la patrie du &quot;J\u00e4germeister&quot; (ma\u00eetre chasseur).\" \/>\n<meta name=\"robots\" content=\"index, follow, max-snippet:-1, max-image-preview:large, max-video-preview:-1\" \/>\n<link rel=\"canonical\" href=\"https:\/\/9staedte.de\/fr\/wolfenbuttel-la-ville-de-lessing\/\" \/>\n<meta property=\"og:locale\" content=\"fr_FR\" \/>\n<meta property=\"og:type\" content=\"article\" \/>\n<meta property=\"og:title\" content=\"Wolfenb\u00fcttel - La ville de Lessing - 9 St\u00e4dte in Niedersachsen\" \/>\n<meta property=\"og:description\" content=\"Wolfenb\u00fcttel, la ville de Lessing. Plus de 1.000 maisons \u00e0 colombages se trouvent dans la vieille ville. Wolfenb\u00fcttel est connu dans le monde entier pour \u00eatre la patrie du &quot;J\u00e4germeister&quot; (ma\u00eetre chasseur).\" \/>\n<meta property=\"og:url\" content=\"https:\/\/9staedte.de\/fr\/wolfenbuttel-la-ville-de-lessing\/\" \/>\n<meta property=\"og:site_name\" content=\"9 St\u00e4dte in Niedersachsen\" \/>\n<meta property=\"article:modified_time\" content=\"2024-03-25T15:23:25+00:00\" \/>\n<meta property=\"og:image\" content=\"https:\/\/9staedte.de\/wp-content\/uploads\/2024\/03\/Wolfenbuettel-Krambuden-Wasser-cStadt-Woflenbuette-Christian-Bierwagen.jpg\" \/>\n\t<meta property=\"og:image:width\" content=\"1019\" \/>\n\t<meta property=\"og:image:height\" content=\"561\" \/>\n\t<meta property=\"og:image:type\" content=\"image\/jpeg\" \/>\n<meta name=\"twitter:card\" content=\"summary_large_image\" \/>\n<meta name=\"twitter:label1\" content=\"Dur\u00e9e de lecture estim\u00e9e\" \/>\n\t<meta name=\"twitter:data1\" content=\"2 minutes\" \/>\n<script type=\"application\/ld+json\" class=\"yoast-schema-graph\">{\"@context\":\"https:\/\/schema.org\",\"@graph\":[{\"@type\":\"WebPage\",\"@id\":\"https:\/\/9staedte.de\/fr\/wolfenbuttel-la-ville-de-lessing\/\",\"url\":\"https:\/\/9staedte.de\/fr\/wolfenbuttel-la-ville-de-lessing\/\",\"name\":\"Wolfenb\u00fcttel - La ville de Lessing - 9 St\u00e4dte in Niedersachsen\",\"isPartOf\":{\"@id\":\"https:\/\/9staedte.de\/fr\/#website\"},\"primaryImageOfPage\":{\"@id\":\"https:\/\/9staedte.de\/fr\/wolfenbuttel-la-ville-de-lessing\/#primaryimage\"},\"image\":{\"@id\":\"https:\/\/9staedte.de\/fr\/wolfenbuttel-la-ville-de-lessing\/#primaryimage\"},\"thumbnailUrl\":\"https:\/\/9staedte.de\/wp-content\/uploads\/2023\/07\/Wolfenbuettel-Residenzschloss-c-Stadt-Wolfenbuettel-Christian-Bierwagen-scaled.jpg\",\"datePublished\":\"2023-11-02T08:52:49+00:00\",\"dateModified\":\"2024-03-25T15:23:25+00:00\",\"description\":\"Wolfenb\u00fcttel, la ville de Lessing. Plus de 1.000 maisons \u00e0 colombages se trouvent dans la vieille ville. Wolfenb\u00fcttel est connu dans le monde entier pour \u00eatre la patrie du \\\"J\u00e4germeister\\\" (ma\u00eetre chasseur).\",\"breadcrumb\":{\"@id\":\"https:\/\/9staedte.de\/fr\/wolfenbuttel-la-ville-de-lessing\/#breadcrumb\"},\"inLanguage\":\"fr-FR\",\"potentialAction\":[{\"@type\":\"ReadAction\",\"target\":[\"https:\/\/9staedte.de\/fr\/wolfenbuttel-la-ville-de-lessing\/\"]}]},{\"@type\":\"ImageObject\",\"inLanguage\":\"fr-FR\",\"@id\":\"https:\/\/9staedte.de\/fr\/wolfenbuttel-la-ville-de-lessing\/#primaryimage\",\"url\":\"https:\/\/9staedte.de\/wp-content\/uploads\/2023\/07\/Wolfenbuettel-Residenzschloss-c-Stadt-Wolfenbuettel-Christian-Bierwagen-scaled.jpg\",\"contentUrl\":\"https:\/\/9staedte.de\/wp-content\/uploads\/2023\/07\/Wolfenbuettel-Residenzschloss-c-Stadt-Wolfenbuettel-Christian-Bierwagen-scaled.jpg\",\"width\":2560,\"height\":1707,\"caption\":\"Wolfenb\u00fcttel Residenzschloss c) Stadt Wolfenb\u00fcttel Christian Bierwagen\"},{\"@type\":\"BreadcrumbList\",\"@id\":\"https:\/\/9staedte.de\/fr\/wolfenbuttel-la-ville-de-lessing\/#breadcrumb\",\"itemListElement\":[{\"@type\":\"ListItem\",\"position\":1,\"name\":\"Startseite\",\"item\":\"https:\/\/9staedte.de\/fr\/\"},{\"@type\":\"ListItem\",\"position\":2,\"name\":\"Wolfenb\u00fcttel &#8211; La ville de Lessing\"}]},{\"@type\":\"WebSite\",\"@id\":\"https:\/\/9staedte.de\/fr\/#website\",\"url\":\"https:\/\/9staedte.de\/fr\/\",\"name\":\"9 St\u00e4dte in Niedersachsen\",\"description\":\"\",\"publisher\":{\"@id\":\"https:\/\/9staedte.de\/fr\/#organization\"},\"potentialAction\":[{\"@type\":\"SearchAction\",\"target\":{\"@type\":\"EntryPoint\",\"urlTemplate\":\"https:\/\/9staedte.de\/fr\/?s={search_term_string}\"},\"query-input\":{\"@type\":\"PropertyValueSpecification\",\"valueRequired\":true,\"valueName\":\"search_term_string\"}}],\"inLanguage\":\"fr-FR\"},{\"@type\":\"Organization\",\"@id\":\"https:\/\/9staedte.de\/fr\/#organization\",\"name\":\"9 St\u00e4dte in Niedersachsen\",\"url\":\"https:\/\/9staedte.de\/fr\/\",\"logo\":{\"@type\":\"ImageObject\",\"inLanguage\":\"fr-FR\",\"@id\":\"https:\/\/9staedte.de\/fr\/#\/schema\/logo\/image\/\",\"url\":\"https:\/\/9staedte.de\/wp-content\/uploads\/2025\/01\/9-neg-deutsch-2-1.png\",\"contentUrl\":\"https:\/\/9staedte.de\/wp-content\/uploads\/2025\/01\/9-neg-deutsch-2-1.png\",\"width\":190,\"height\":114,\"caption\":\"9 St\u00e4dte in Niedersachsen\"},\"image\":{\"@id\":\"https:\/\/9staedte.de\/fr\/#\/schema\/logo\/image\/\"}}]}<\/script>\n<!-- \/ Yoast SEO plugin. -->","yoast_head_json":{"title":"Wolfenb\u00fcttel - La ville de Lessing - 9 St\u00e4dte in Niedersachsen","description":"Wolfenb\u00fcttel, la ville de Lessing. Plus de 1.000 maisons \u00e0 colombages se trouvent dans la vieille ville. Wolfenb\u00fcttel est connu dans le monde entier pour \u00eatre la patrie du \"J\u00e4germeister\" (ma\u00eetre chasseur).","robots":{"index":"index","follow":"follow","max-snippet":"max-snippet:-1","max-image-preview":"max-image-preview:large","max-video-preview":"max-video-preview:-1"},"canonical":"https:\/\/9staedte.de\/fr\/wolfenbuttel-la-ville-de-lessing\/","og_locale":"fr_FR","og_type":"article","og_title":"Wolfenb\u00fcttel - La ville de Lessing - 9 St\u00e4dte in Niedersachsen","og_description":"Wolfenb\u00fcttel, la ville de Lessing. Plus de 1.000 maisons \u00e0 colombages se trouvent dans la vieille ville. Wolfenb\u00fcttel est connu dans le monde entier pour \u00eatre la patrie du \"J\u00e4germeister\" (ma\u00eetre chasseur).","og_url":"https:\/\/9staedte.de\/fr\/wolfenbuttel-la-ville-de-lessing\/","og_site_name":"9 St\u00e4dte in Niedersachsen","article_modified_time":"2024-03-25T15:23:25+00:00","og_image":[{"width":1019,"height":561,"url":"https:\/\/9staedte.de\/wp-content\/uploads\/2024\/03\/Wolfenbuettel-Krambuden-Wasser-cStadt-Woflenbuette-Christian-Bierwagen.jpg","type":"image\/jpeg"}],"twitter_card":"summary_large_image","twitter_misc":{"Dur\u00e9e de lecture estim\u00e9e":"2 minutes"},"schema":{"@context":"https:\/\/schema.org","@graph":[{"@type":"WebPage","@id":"https:\/\/9staedte.de\/fr\/wolfenbuttel-la-ville-de-lessing\/","url":"https:\/\/9staedte.de\/fr\/wolfenbuttel-la-ville-de-lessing\/","name":"Wolfenb\u00fcttel - La ville de Lessing - 9 St\u00e4dte in Niedersachsen","isPartOf":{"@id":"https:\/\/9staedte.de\/fr\/#website"},"primaryImageOfPage":{"@id":"https:\/\/9staedte.de\/fr\/wolfenbuttel-la-ville-de-lessing\/#primaryimage"},"image":{"@id":"https:\/\/9staedte.de\/fr\/wolfenbuttel-la-ville-de-lessing\/#primaryimage"},"thumbnailUrl":"https:\/\/9staedte.de\/wp-content\/uploads\/2023\/07\/Wolfenbuettel-Residenzschloss-c-Stadt-Wolfenbuettel-Christian-Bierwagen-scaled.jpg","datePublished":"2023-11-02T08:52:49+00:00","dateModified":"2024-03-25T15:23:25+00:00","description":"Wolfenb\u00fcttel, la ville de Lessing. Plus de 1.000 maisons \u00e0 colombages se trouvent dans la vieille ville. Wolfenb\u00fcttel est connu dans le monde entier pour \u00eatre la patrie du \"J\u00e4germeister\" (ma\u00eetre chasseur).","breadcrumb":{"@id":"https:\/\/9staedte.de\/fr\/wolfenbuttel-la-ville-de-lessing\/#breadcrumb"},"inLanguage":"fr-FR","potentialAction":[{"@type":"ReadAction","target":["https:\/\/9staedte.de\/fr\/wolfenbuttel-la-ville-de-lessing\/"]}]},{"@type":"ImageObject","inLanguage":"fr-FR","@id":"https:\/\/9staedte.de\/fr\/wolfenbuttel-la-ville-de-lessing\/#primaryimage","url":"https:\/\/9staedte.de\/wp-content\/uploads\/2023\/07\/Wolfenbuettel-Residenzschloss-c-Stadt-Wolfenbuettel-Christian-Bierwagen-scaled.jpg","contentUrl":"https:\/\/9staedte.de\/wp-content\/uploads\/2023\/07\/Wolfenbuettel-Residenzschloss-c-Stadt-Wolfenbuettel-Christian-Bierwagen-scaled.jpg","width":2560,"height":1707,"caption":"Wolfenb\u00fcttel Residenzschloss c) Stadt Wolfenb\u00fcttel Christian Bierwagen"},{"@type":"BreadcrumbList","@id":"https:\/\/9staedte.de\/fr\/wolfenbuttel-la-ville-de-lessing\/#breadcrumb","itemListElement":[{"@type":"ListItem","position":1,"name":"Startseite","item":"https:\/\/9staedte.de\/fr\/"},{"@type":"ListItem","position":2,"name":"Wolfenb\u00fcttel &#8211; La ville de Lessing"}]},{"@type":"WebSite","@id":"https:\/\/9staedte.de\/fr\/#website","url":"https:\/\/9staedte.de\/fr\/","name":"9 St\u00e4dte in Niedersachsen","description":"","publisher":{"@id":"https:\/\/9staedte.de\/fr\/#organization"},"potentialAction":[{"@type":"SearchAction","target":{"@type":"EntryPoint","urlTemplate":"https:\/\/9staedte.de\/fr\/?s={search_term_string}"},"query-input":{"@type":"PropertyValueSpecification","valueRequired":true,"valueName":"search_term_string"}}],"inLanguage":"fr-FR"},{"@type":"Organization","@id":"https:\/\/9staedte.de\/fr\/#organization","name":"9 St\u00e4dte in Niedersachsen","url":"https:\/\/9staedte.de\/fr\/","logo":{"@type":"ImageObject","inLanguage":"fr-FR","@id":"https:\/\/9staedte.de\/fr\/#\/schema\/logo\/image\/","url":"https:\/\/9staedte.de\/wp-content\/uploads\/2025\/01\/9-neg-deutsch-2-1.png","contentUrl":"https:\/\/9staedte.de\/wp-content\/uploads\/2025\/01\/9-neg-deutsch-2-1.png","width":190,"height":114,"caption":"9 St\u00e4dte in Niedersachsen"},"image":{"@id":"https:\/\/9staedte.de\/fr\/#\/schema\/logo\/image\/"}}]}},"_links":{"self":[{"href":"https:\/\/9staedte.de\/fr\/wp-json\/wp\/v2\/pages\/17963","targetHints":{"allow":["GET"]}}],"collection":[{"href":"https:\/\/9staedte.de\/fr\/wp-json\/wp\/v2\/pages"}],"about":[{"href":"https:\/\/9staedte.de\/fr\/wp-json\/wp\/v2\/types\/page"}],"author":[{"embeddable":true,"href":"https:\/\/9staedte.de\/fr\/wp-json\/wp\/v2\/users\/1"}],"replies":[{"embeddable":true,"href":"https:\/\/9staedte.de\/fr\/wp-json\/wp\/v2\/comments?post=17963"}],"version-history":[{"count":4,"href":"https:\/\/9staedte.de\/fr\/wp-json\/wp\/v2\/pages\/17963\/revisions"}],"predecessor-version":[{"id":21675,"href":"https:\/\/9staedte.de\/fr\/wp-json\/wp\/v2\/pages\/17963\/revisions\/21675"}],"wp:featuredmedia":[{"embeddable":true,"href":"https:\/\/9staedte.de\/fr\/wp-json\/wp\/v2\/media\/19538"}],"wp:attachment":[{"href":"https:\/\/9staedte.de\/fr\/wp-json\/wp\/v2\/media?parent=17963"}],"wp:term":[{"taxonomy":"category","embeddable":true,"href":"https:\/\/9staedte.de\/fr\/wp-json\/wp\/v2\/categories?post=17963"},{"taxonomy":"post_tag","embeddable":true,"href":"https:\/\/9staedte.de\/fr\/wp-json\/wp\/v2\/tags?post=17963"},{"taxonomy":"ncap_cities_tax","embeddable":true,"href":"https:\/\/9staedte.de\/fr\/wp-json\/wp\/v2\/ncap_cities_tax?post=17963"}],"curies":[{"name":"wp","href":"https:\/\/api.w.org\/{rel}","templated":true}]}}