{"id":17955,"date":"2023-11-02T09:52:48","date_gmt":"2023-11-02T08:52:48","guid":{"rendered":"https:\/\/9staedte.de\/contact-et-planification-du-voyage\/"},"modified":"2023-11-02T09:52:48","modified_gmt":"2023-11-02T08:52:48","slug":"contact-et-planification-du-voyage","status":"publish","type":"page","link":"https:\/\/9staedte.de\/fr\/contact-et-planification-du-voyage\/","title":{"rendered":"Contact et planification du voyage"},"content":{"rendered":"\n<h3 class=\"wp-block-heading\">Vous nous trouverez ici :  <\/h3>\n\n\n\n<p>Brunswick, Celle, Einbeck, G\u00f6ttingen, Goslar, Hameln, Hanovre, Hildesheim, Wolfenb\u00fcttel  <br>+ la ville de l&rsquo;automobile \u00e0 Wolfsburg, l&rsquo;a\u00e9roport de Hanovre<\/p>\n\n\n\n<h4 class=\"wp-block-heading\">9 villes + 2 &#8211; un contact !<\/h4>\n\n\n\n<p>Vous trouverez des informations sur les 9 villes et sur l&rsquo;Autostadt \u00e0 Wolfsburg \u00e0 une adresse commune.<\/p>\n\n\n\n<p>9 villes + 2 en Basse-Saxe<br>Hannover Marketing &amp; Tourismus GmbH<br>7, rue Vahrenwalder<br>D-30165 Hanovre<\/p>\n\n\n\n<p>T\u00e9l. : +49 (0) 511\/168-49746<br>T\u00e9l\u00e9copieur : +49 (0) 511\/168-49779<br>Courrier \u00e9lectronique : 9cities@hannover-tourismus.de<\/p>\n\n\n\n<p><strong>Plan d&rsquo;acc\u00e8s<\/strong><\/p>\n\n\n\n <div class=\"brlbs-cmpnt-container brlbs-cmpnt-content-blocker brlbs-cmpnt-with-individual-styles\" data-borlabs-cookie-content-blocker-id=\"google-maps\" data-borlabs-cookie-content=\"PGlmcmFtZSBzcmM9Imh0dHBzOi8vd3d3Lmdvb2dsZS5jb20vbWFwcy9kL2VtYmVkP21pZD0xNjV0ZktCb2gySVFSR1JXLWVQQ01RX19uUWVsX09sZyZhbXA7ZWhiYz0yRTMxMkYiIHdpZHRoPSI2NDAiIGhlaWdodD0iNDgwIj48L2lmcmFtZT4=\"><div class=\"brlbs-cmpnt-cb-preset-b brlbs-cmpnt-cb-google-maps\"> <div class=\"brlbs-cmpnt-cb-thumbnail\" style=\"background-image: url('https:\/\/9staedte.de\/wp-content\/uploads\/borlabs-cookie\/1\/brlbs-cb-google-maps-main.png')\"><\/div> <div class=\"brlbs-cmpnt-cb-main\"> <div class=\"brlbs-cmpnt-cb-content\"> <p class=\"brlbs-cmpnt-cb-description\">Vous \u00eates actuellement en train de consulter le contenu d&rsquo;un espace r\u00e9serv\u00e9 de <strong>Google Maps<\/strong>. Pour acc\u00e9der au contenu r\u00e9el, cliquez sur le bouton ci-dessous. Veuillez noter que ce faisant, des donn\u00e9es seront partag\u00e9es avec des providers tiers.<\/p> <a class=\"brlbs-cmpnt-cb-provider-toggle\" href=\"#\" data-borlabs-cookie-show-provider-information role=\"button\">Plus d&rsquo;informations<\/a> <\/div> <div class=\"brlbs-cmpnt-cb-buttons\"> <a class=\"brlbs-cmpnt-cb-btn\" href=\"#\" data-borlabs-cookie-unblock role=\"button\">D\u00e9bloquer le contenu<\/a> <a class=\"brlbs-cmpnt-cb-btn\" href=\"#\" data-borlabs-cookie-accept-service role=\"button\" style=\"display: inherit\">Accepter le service requis et d\u00e9bloquer le contenu<\/a> <\/div> <\/div> <\/div><\/div>\n","protected":false},"excerpt":{"rendered":"<p>Vous nous trouverez ici : Brunswick, Celle, Einbeck, G\u00f6ttingen, Goslar, Hameln, Hanovre, Hildesheim, Wolfenb\u00fcttel + la ville de l&rsquo;automobile \u00e0 Wolfsburg, l&rsquo;a\u00e9roport de Hanovre 9 villes + 2 &#8211; un contact ! Vous trouverez des informations sur les 9 villes et sur l&rsquo;Autostadt \u00e0 Wolfsburg \u00e0 une adresse commune. 9 villes + 2 en Basse-SaxeHannover [&hellip;]<\/p>\n","protected":false},"author":1,"featured_media":17035,"parent":0,"menu_order":0,"comment_status":"closed","ping_status":"closed","template":"","meta":{"_acf_changed":false,"footnotes":""},"categories":[],"tags":[],"ncap_cities_tax":[],"class_list":["post-17955","page","type-page","status-publish","has-post-thumbnail","hentry"],"acf":[],"yoast_head":"<!-- This site is optimized with the Yoast SEO plugin v26.8 - https:\/\/yoast.com\/product\/yoast-seo-wordpress\/ -->\n<title>Contact et planification du voyage - 9 St\u00e4dte in Niedersachsen<\/title>\n<meta name=\"robots\" content=\"index, follow, max-snippet:-1, max-image-preview:large, max-video-preview:-1\" \/>\n<link rel=\"canonical\" href=\"https:\/\/9staedte.de\/fr\/contact-et-planification-du-voyage\/\" \/>\n<meta property=\"og:locale\" content=\"fr_FR\" \/>\n<meta property=\"og:type\" content=\"article\" \/>\n<meta property=\"og:title\" content=\"Contact et planification du voyage - 9 St\u00e4dte in Niedersachsen\" \/>\n<meta property=\"og:description\" content=\"Vous nous trouverez ici : Brunswick, Celle, Einbeck, G\u00f6ttingen, Goslar, Hameln, Hanovre, Hildesheim, Wolfenb\u00fcttel + la ville de l&rsquo;automobile \u00e0 Wolfsburg, l&rsquo;a\u00e9roport de Hanovre 9 villes + 2 &#8211; un contact ! Vous trouverez des informations sur les 9 villes et sur l&rsquo;Autostadt \u00e0 Wolfsburg \u00e0 une adresse commune. 9 villes + 2 en Basse-SaxeHannover [&hellip;]\" \/>\n<meta property=\"og:url\" content=\"https:\/\/9staedte.de\/fr\/contact-et-planification-du-voyage\/\" \/>\n<meta property=\"og:site_name\" content=\"9 St\u00e4dte in Niedersachsen\" \/>\n<meta property=\"og:image\" content=\"https:\/\/9staedte.de\/wp-content\/uploads\/2023\/06\/\u00a9-Hildesheim-Marketing-GmbH-Foto-Dagmar-Schwelle-3.jpg\" \/>\n\t<meta property=\"og:image:width\" content=\"1020\" \/>\n\t<meta property=\"og:image:height\" content=\"560\" \/>\n\t<meta property=\"og:image:type\" content=\"image\/jpeg\" \/>\n<meta name=\"twitter:card\" content=\"summary_large_image\" \/>\n<script type=\"application\/ld+json\" class=\"yoast-schema-graph\">{\"@context\":\"https:\/\/schema.org\",\"@graph\":[{\"@type\":\"WebPage\",\"@id\":\"https:\/\/9staedte.de\/fr\/contact-et-planification-du-voyage\/\",\"url\":\"https:\/\/9staedte.de\/fr\/contact-et-planification-du-voyage\/\",\"name\":\"Contact et planification du voyage - 9 St\u00e4dte in Niedersachsen\",\"isPartOf\":{\"@id\":\"https:\/\/9staedte.de\/fr\/#website\"},\"primaryImageOfPage\":{\"@id\":\"https:\/\/9staedte.de\/fr\/contact-et-planification-du-voyage\/#primaryimage\"},\"image\":{\"@id\":\"https:\/\/9staedte.de\/fr\/contact-et-planification-du-voyage\/#primaryimage\"},\"thumbnailUrl\":\"https:\/\/9staedte.de\/wp-content\/uploads\/2023\/06\/\u00a9-Hildesheim-Marketing-GmbH-Foto-Dagmar-Schwelle-3.jpg\",\"datePublished\":\"2023-11-02T08:52:48+00:00\",\"breadcrumb\":{\"@id\":\"https:\/\/9staedte.de\/fr\/contact-et-planification-du-voyage\/#breadcrumb\"},\"inLanguage\":\"fr-FR\",\"potentialAction\":[{\"@type\":\"ReadAction\",\"target\":[\"https:\/\/9staedte.de\/fr\/contact-et-planification-du-voyage\/\"]}]},{\"@type\":\"ImageObject\",\"inLanguage\":\"fr-FR\",\"@id\":\"https:\/\/9staedte.de\/fr\/contact-et-planification-du-voyage\/#primaryimage\",\"url\":\"https:\/\/9staedte.de\/wp-content\/uploads\/2023\/06\/\u00a9-Hildesheim-Marketing-GmbH-Foto-Dagmar-Schwelle-3.jpg\",\"contentUrl\":\"https:\/\/9staedte.de\/wp-content\/uploads\/2023\/06\/\u00a9-Hildesheim-Marketing-GmbH-Foto-Dagmar-Schwelle-3.jpg\",\"width\":1020,\"height\":560,\"caption\":\"Hildesheim Marktplatz c) Hildesheim Marketing Dagmar Schwelle\"},{\"@type\":\"BreadcrumbList\",\"@id\":\"https:\/\/9staedte.de\/fr\/contact-et-planification-du-voyage\/#breadcrumb\",\"itemListElement\":[{\"@type\":\"ListItem\",\"position\":1,\"name\":\"Startseite\",\"item\":\"https:\/\/9staedte.de\/fr\/\"},{\"@type\":\"ListItem\",\"position\":2,\"name\":\"Contact et planification du voyage\"}]},{\"@type\":\"WebSite\",\"@id\":\"https:\/\/9staedte.de\/fr\/#website\",\"url\":\"https:\/\/9staedte.de\/fr\/\",\"name\":\"9 St\u00e4dte in Niedersachsen\",\"description\":\"\",\"publisher\":{\"@id\":\"https:\/\/9staedte.de\/fr\/#organization\"},\"potentialAction\":[{\"@type\":\"SearchAction\",\"target\":{\"@type\":\"EntryPoint\",\"urlTemplate\":\"https:\/\/9staedte.de\/fr\/?s={search_term_string}\"},\"query-input\":{\"@type\":\"PropertyValueSpecification\",\"valueRequired\":true,\"valueName\":\"search_term_string\"}}],\"inLanguage\":\"fr-FR\"},{\"@type\":\"Organization\",\"@id\":\"https:\/\/9staedte.de\/fr\/#organization\",\"name\":\"9 St\u00e4dte in Niedersachsen\",\"url\":\"https:\/\/9staedte.de\/fr\/\",\"logo\":{\"@type\":\"ImageObject\",\"inLanguage\":\"fr-FR\",\"@id\":\"https:\/\/9staedte.de\/fr\/#\/schema\/logo\/image\/\",\"url\":\"https:\/\/9staedte.de\/wp-content\/uploads\/2025\/01\/9-neg-deutsch-2-1.png\",\"contentUrl\":\"https:\/\/9staedte.de\/wp-content\/uploads\/2025\/01\/9-neg-deutsch-2-1.png\",\"width\":190,\"height\":114,\"caption\":\"9 St\u00e4dte in Niedersachsen\"},\"image\":{\"@id\":\"https:\/\/9staedte.de\/fr\/#\/schema\/logo\/image\/\"}}]}<\/script>\n<!-- \/ Yoast SEO plugin. -->","yoast_head_json":{"title":"Contact et planification du voyage - 9 St\u00e4dte in Niedersachsen","robots":{"index":"index","follow":"follow","max-snippet":"max-snippet:-1","max-image-preview":"max-image-preview:large","max-video-preview":"max-video-preview:-1"},"canonical":"https:\/\/9staedte.de\/fr\/contact-et-planification-du-voyage\/","og_locale":"fr_FR","og_type":"article","og_title":"Contact et planification du voyage - 9 St\u00e4dte in Niedersachsen","og_description":"Vous nous trouverez ici : Brunswick, Celle, Einbeck, G\u00f6ttingen, Goslar, Hameln, Hanovre, Hildesheim, Wolfenb\u00fcttel + la ville de l&rsquo;automobile \u00e0 Wolfsburg, l&rsquo;a\u00e9roport de Hanovre 9 villes + 2 &#8211; un contact ! Vous trouverez des informations sur les 9 villes et sur l&rsquo;Autostadt \u00e0 Wolfsburg \u00e0 une adresse commune. 9 villes + 2 en Basse-SaxeHannover [&hellip;]","og_url":"https:\/\/9staedte.de\/fr\/contact-et-planification-du-voyage\/","og_site_name":"9 St\u00e4dte in Niedersachsen","og_image":[{"width":1020,"height":560,"url":"https:\/\/9staedte.de\/wp-content\/uploads\/2023\/06\/\u00a9-Hildesheim-Marketing-GmbH-Foto-Dagmar-Schwelle-3.jpg","type":"image\/jpeg"}],"twitter_card":"summary_large_image","schema":{"@context":"https:\/\/schema.org","@graph":[{"@type":"WebPage","@id":"https:\/\/9staedte.de\/fr\/contact-et-planification-du-voyage\/","url":"https:\/\/9staedte.de\/fr\/contact-et-planification-du-voyage\/","name":"Contact et planification du voyage - 9 St\u00e4dte in Niedersachsen","isPartOf":{"@id":"https:\/\/9staedte.de\/fr\/#website"},"primaryImageOfPage":{"@id":"https:\/\/9staedte.de\/fr\/contact-et-planification-du-voyage\/#primaryimage"},"image":{"@id":"https:\/\/9staedte.de\/fr\/contact-et-planification-du-voyage\/#primaryimage"},"thumbnailUrl":"https:\/\/9staedte.de\/wp-content\/uploads\/2023\/06\/\u00a9-Hildesheim-Marketing-GmbH-Foto-Dagmar-Schwelle-3.jpg","datePublished":"2023-11-02T08:52:48+00:00","breadcrumb":{"@id":"https:\/\/9staedte.de\/fr\/contact-et-planification-du-voyage\/#breadcrumb"},"inLanguage":"fr-FR","potentialAction":[{"@type":"ReadAction","target":["https:\/\/9staedte.de\/fr\/contact-et-planification-du-voyage\/"]}]},{"@type":"ImageObject","inLanguage":"fr-FR","@id":"https:\/\/9staedte.de\/fr\/contact-et-planification-du-voyage\/#primaryimage","url":"https:\/\/9staedte.de\/wp-content\/uploads\/2023\/06\/\u00a9-Hildesheim-Marketing-GmbH-Foto-Dagmar-Schwelle-3.jpg","contentUrl":"https:\/\/9staedte.de\/wp-content\/uploads\/2023\/06\/\u00a9-Hildesheim-Marketing-GmbH-Foto-Dagmar-Schwelle-3.jpg","width":1020,"height":560,"caption":"Hildesheim Marktplatz c) Hildesheim Marketing Dagmar Schwelle"},{"@type":"BreadcrumbList","@id":"https:\/\/9staedte.de\/fr\/contact-et-planification-du-voyage\/#breadcrumb","itemListElement":[{"@type":"ListItem","position":1,"name":"Startseite","item":"https:\/\/9staedte.de\/fr\/"},{"@type":"ListItem","position":2,"name":"Contact et planification du voyage"}]},{"@type":"WebSite","@id":"https:\/\/9staedte.de\/fr\/#website","url":"https:\/\/9staedte.de\/fr\/","name":"9 St\u00e4dte in Niedersachsen","description":"","publisher":{"@id":"https:\/\/9staedte.de\/fr\/#organization"},"potentialAction":[{"@type":"SearchAction","target":{"@type":"EntryPoint","urlTemplate":"https:\/\/9staedte.de\/fr\/?s={search_term_string}"},"query-input":{"@type":"PropertyValueSpecification","valueRequired":true,"valueName":"search_term_string"}}],"inLanguage":"fr-FR"},{"@type":"Organization","@id":"https:\/\/9staedte.de\/fr\/#organization","name":"9 St\u00e4dte in Niedersachsen","url":"https:\/\/9staedte.de\/fr\/","logo":{"@type":"ImageObject","inLanguage":"fr-FR","@id":"https:\/\/9staedte.de\/fr\/#\/schema\/logo\/image\/","url":"https:\/\/9staedte.de\/wp-content\/uploads\/2025\/01\/9-neg-deutsch-2-1.png","contentUrl":"https:\/\/9staedte.de\/wp-content\/uploads\/2025\/01\/9-neg-deutsch-2-1.png","width":190,"height":114,"caption":"9 St\u00e4dte in Niedersachsen"},"image":{"@id":"https:\/\/9staedte.de\/fr\/#\/schema\/logo\/image\/"}}]}},"_links":{"self":[{"href":"https:\/\/9staedte.de\/fr\/wp-json\/wp\/v2\/pages\/17955","targetHints":{"allow":["GET"]}}],"collection":[{"href":"https:\/\/9staedte.de\/fr\/wp-json\/wp\/v2\/pages"}],"about":[{"href":"https:\/\/9staedte.de\/fr\/wp-json\/wp\/v2\/types\/page"}],"author":[{"embeddable":true,"href":"https:\/\/9staedte.de\/fr\/wp-json\/wp\/v2\/users\/1"}],"replies":[{"embeddable":true,"href":"https:\/\/9staedte.de\/fr\/wp-json\/wp\/v2\/comments?post=17955"}],"version-history":[{"count":0,"href":"https:\/\/9staedte.de\/fr\/wp-json\/wp\/v2\/pages\/17955\/revisions"}],"wp:featuredmedia":[{"embeddable":true,"href":"https:\/\/9staedte.de\/fr\/wp-json\/wp\/v2\/media\/17035"}],"wp:attachment":[{"href":"https:\/\/9staedte.de\/fr\/wp-json\/wp\/v2\/media?parent=17955"}],"wp:term":[{"taxonomy":"category","embeddable":true,"href":"https:\/\/9staedte.de\/fr\/wp-json\/wp\/v2\/categories?post=17955"},{"taxonomy":"post_tag","embeddable":true,"href":"https:\/\/9staedte.de\/fr\/wp-json\/wp\/v2\/tags?post=17955"},{"taxonomy":"ncap_cities_tax","embeddable":true,"href":"https:\/\/9staedte.de\/fr\/wp-json\/wp\/v2\/ncap_cities_tax?post=17955"}],"curies":[{"name":"wp","href":"https:\/\/api.w.org\/{rel}","templated":true}]}}