{"id":17930,"date":"2023-11-02T09:52:47","date_gmt":"2023-11-02T08:52:47","guid":{"rendered":"https:\/\/9staedte.de\/goslar-patrimoine-culturel-mondial-dans-le-harz\/"},"modified":"2024-05-08T11:00:54","modified_gmt":"2024-05-08T09:00:54","slug":"goslar-patrimoine-culturel-mondial-dans-le-harz","status":"publish","type":"page","link":"https:\/\/9staedte.de\/fr\/goslar-patrimoine-culturel-mondial-dans-le-harz\/","title":{"rendered":"Goslar &#8211; Patrimoine culturel mondial dans le Harz"},"content":{"rendered":"\n<h2 class=\"wp-block-heading\">La ville imp\u00e9riale de Goslar dans le Harz<\/h2>\n\n\n\n<p>Goslar a d\u00e9j\u00e0 1100 ans d&rsquo;histoire et invite ses visiteurs \u00e0 un voyage dans le temps \u00e0 travers les ruelles de la vieille ville qui, depuis 1992, est devenue, avec la mine de Rammelsberg, le plus grand site minier d&rsquo;Europe.<br>est class\u00e9 au patrimoine mondial de l&rsquo;UNESCO. Plus de 1500 maisons \u00e0 colombages, l&rsquo;h\u00f4tel de ville historique avec son centre d&rsquo;information sur le patrimoine mondial ainsi qu&rsquo;une sc\u00e8ne anim\u00e9e de caf\u00e9s et de restaurants invitent \u00e0 fl\u00e2ner et \u00e0 s&rsquo;attarder. Avec le Harz juste devant la porte, les amoureux de la nature et de la randonn\u00e9e seront \u00e9galement combl\u00e9s ! En hiver, le march\u00e9 de No\u00ebl &amp; la for\u00eat de No\u00ebl, qui se d\u00e9roulent dans un d\u00e9cor historique, sont des \u00e9v\u00e9nements incontournables et cr\u00e9ent chaque ann\u00e9e une ambiance festive.<\/p>\n\n\n\n<p><a href=\"https:\/\/www.meingoslar.de\/\">www.meingoslar.de<\/a><\/p>\n\n\n\n\n<div class=\"banner-wrapper\">\n  <div class=\"banner-inner \">\n      <div class=\"img-container\">\n      <div class=\"img-wrapper\">\n        <img decoding=\"async\" src=\"https:\/\/9staedte.de\/wp-content\/smush-webp\/2023\/02\/Schuhhof-Haeuserfassade_GOSLAR-marketing-gmbh_Fotograf-Stefan-Schiefer.jpg.webp\" alt=\"La photo montre la cour des chaussures dans la ville de Goslar.De nombreuses vieilles maisons \u00e0 colombages se c\u00f4toient.Les maisons sont color\u00e9es et joliment d\u00e9cor\u00e9es.Devant les maisons, des personnes sont assises dans un caf\u00e9.Elles boivent quelque chose et profitent du soleil.C&#039;est une journ\u00e9e ensoleill\u00e9e et l&#039;ambiance est d\u00e9contract\u00e9e.\" \/>\n                  <div class=\"thumbnail-label\">\n            <span>Schuhhof H\u00e4userfassade_GOSLAR marketing gmbh_Fotograf Stefan Schiefer<\/span>\n          <\/div>\n              <\/div>\n    <\/div>\n        <div class=\"text-container\">\n      <div class=\"content\">\n        <p><strong>Des conseils particuliers :<\/strong><\/p>\n<ul>\n<li>D\u00e9couvrir l&rsquo;h\u00f4tel de ville historique lors de visites guid\u00e9es sp\u00e9ciales<\/li>\n<li>Prendre de la hauteur\u00a0\u00bb : profiter de la vue depuis la tour de la Marktkirche<\/li>\n<li>D\u00e9couvrir des histoires de sorci\u00e8res, de veilleurs de nuit, de bourreaux et autres lors de visites costum\u00e9es<\/li>\n<li>D\u00e9guster des sp\u00e9cialit\u00e9s \u00e0 la distillerie du monast\u00e8re de W\u00f6ltingerode lors de la \u00ab\u00a0Grande visite guid\u00e9e du monast\u00e8re\u00a0\u00bb.<\/li>\n<li>Goslar \u00e0 \u00e9couter : D\u00e9couvrir la ville avec l&rsquo;audioguide<\/li>\n<li>D\u00e9couvrir une exposition interactive gratuite au centre d&rsquo;information du patrimoine mondial dans l&rsquo;h\u00f4tel de ville historique<\/li>\n<li>L&rsquo;\u00e9tang de Herzberg : se baigner et se d\u00e9tendre dans le patrimoine culturel mondial<\/li>\n<\/ul>\n      <\/div>\n    <\/div>\n    <\/div>\n<\/div>\n\n\n\n\n<div style=\"height:30px\" aria-hidden=\"true\" class=\"wp-block-spacer\"><\/div>\n\n\n\n<div class=\"wp-block-columns is-layout-flex wp-container-core-columns-is-layout-9d6595d7 wp-block-columns-is-layout-flex\">\n<div class=\"wp-block-column is-layout-flow wp-block-column-is-layout-flow\" style=\"flex-basis:66.66%\">\n <div class=\"brlbs-cmpnt-container brlbs-cmpnt-content-blocker brlbs-cmpnt-with-individual-styles\" data-borlabs-cookie-content-blocker-id=\"google-maps\" data-borlabs-cookie-content=\"PGlmcmFtZSBzcmM9Imh0dHBzOi8vd3d3Lmdvb2dsZS5jb20vbWFwcy9kL2VtYmVkP21pZD0xN012TmwzeVo3Q2kya1UtSGw0MVQzRXJjQm1RVzhsVSZhbXA7ZWhiYz0yRTMxMkYiIHdpZHRoPSIxMDAlIiBoZWlnaHQ9IjQ1MCI+PC9pZnJhbWU+\"><div class=\"brlbs-cmpnt-cb-preset-b brlbs-cmpnt-cb-google-maps\"> <div class=\"brlbs-cmpnt-cb-thumbnail\" style=\"background-image: url('https:\/\/9staedte.de\/wp-content\/uploads\/borlabs-cookie\/1\/brlbs-cb-google-maps-main.png')\"><\/div> <div class=\"brlbs-cmpnt-cb-main\"> <div class=\"brlbs-cmpnt-cb-content\"> <p class=\"brlbs-cmpnt-cb-description\">Vous \u00eates actuellement en train de consulter le contenu d&rsquo;un espace r\u00e9serv\u00e9 de <strong>Google Maps<\/strong>. Pour acc\u00e9der au contenu r\u00e9el, cliquez sur le bouton ci-dessous. Veuillez noter que ce faisant, des donn\u00e9es seront partag\u00e9es avec des providers tiers.<\/p> <a class=\"brlbs-cmpnt-cb-provider-toggle\" href=\"#\" data-borlabs-cookie-show-provider-information role=\"button\">Plus d&rsquo;informations<\/a> <\/div> <div class=\"brlbs-cmpnt-cb-buttons\"> <a class=\"brlbs-cmpnt-cb-btn\" href=\"#\" data-borlabs-cookie-unblock role=\"button\">D\u00e9bloquer le contenu<\/a> <a class=\"brlbs-cmpnt-cb-btn\" href=\"#\" data-borlabs-cookie-accept-service role=\"button\" style=\"display: inherit\">Accepter le service requis et d\u00e9bloquer le contenu<\/a> <\/div> <\/div> <\/div><\/div>\n<\/div>\n\n\n\n<div class=\"wp-block-column is-layout-flow wp-block-column-is-layout-flow\" style=\"flex-basis:33.33%\">\n<p><strong>Les attractions touristiques :<\/strong><\/p>\n\n\n\n<ul class=\"map-legend main-legend wp-block-list\">\n<li>Mus\u00e9e d&rsquo;art moderne M\u00f6nchehaus  <\/li>\n\n\n\n<li>Place du march\u00e9 (avec l&rsquo;\u00e9glise du march\u00e9, l&rsquo;h\u00f4tel de ville et le carillon)  <\/li>\n\n\n\n<li>Maison Sainte-Anne  <\/li>\n\n\n\n<li>Mus\u00e9e m\u00e9di\u00e9val du Zwinger  <\/li>\n\n\n\n<li>Rive des mus\u00e9es avec le mus\u00e9e de Goslar et le mus\u00e9e des figurines en \u00e9tain<\/li>\n\n\n\n<li>Artisans d&rsquo;art \u00e0 la Grande Croix  <\/li>\n\n\n\n<li>Palais imp\u00e9rial avec la chapelle Saint-Ulrich  <\/li>\n\n\n\n<li>Rammelsberg, patrimoine culturel mondial de l&rsquo;UNESCO (mus\u00e9e et mine pour visiteurs)<\/li>\n\n\n\n<li>\u00c9glise en bois dans le quartier de Hahnenklee<\/li>\n<\/ul>\n<\/div>\n<\/div>\n\n\n\n<div style=\"height:60px\" aria-hidden=\"true\" class=\"wp-block-spacer\"><\/div>\n\n\n\n<div class=\"content-grid\">\n\n\n  \n  <div class=\"grid\">\n                        \n                    \n          <div class=\"featured-themen-single\">\n            <div class=\"featured-themen-single-inner\" style=\"background-image: url('https:\/\/9staedte.de\/wp-content\/smush-webp\/2023\/02\/04-Stadtfuehrung-Altstadt-Fotograf-Stefan-Schiefer-Quelle-GOSLAR-marketing-gmbh.jpg.webp')\">\n              \n              <a href=\"https:\/\/9staedte.de\/fr\/goslar-patrimoine-culturel-mondial-dans-le-harz\/visites-guidees-de-la-ville-de-goslar\/\">\n                <span>Visites guid\u00e9es de la ville de Goslar<\/span>\n              <\/a>\n            <\/div>\n          <\/div>\n    \n          \n                  \n                    \n          <div class=\"featured-themen-single\">\n            <div class=\"featured-themen-single-inner\" style=\"background-image: url('https:\/\/9staedte.de\/wp-content\/smush-webp\/2023\/02\/Goslar-Abendstimmung_GOSLAR-marketing-gmbh_MichaelAbid-1.jpg.webp')\">\n              \n              <a href=\"https:\/\/9staedte.de\/fr\/goslar-patrimoine-culturel-mondial-dans-le-harz\/logements-a-goslar\/\">\n                <span>Logements \u00e0 Goslar<\/span>\n              <\/a>\n            <\/div>\n          <\/div>\n    \n          \n                  \n                    \n          <div class=\"featured-themen-single\">\n            <div class=\"featured-themen-single-inner\" style=\"background-image: url('https:\/\/9staedte.de\/wp-content\/smush-webp\/2023\/02\/Konzert-Neuwerksgarten_GOSLAR-marketing-gmbh_Fotograf-Stefan-Schiefer-1.jpg.webp')\">\n              \n              <a href=\"https:\/\/9staedte.de\/fr\/goslar-patrimoine-culturel-mondial-dans-le-harz\/evenements-a-goslar\/\">\n                <span>\u00c9v\u00e9nements \u00e0 Goslar<\/span>\n              <\/a>\n            <\/div>\n          <\/div>\n    \n          \n                  \n                    \n          <div class=\"featured-themen-single\">\n            <div class=\"featured-themen-single-inner\" style=\"background-image: url('https:\/\/9staedte.de\/wp-content\/smush-webp\/2025\/02\/Goslar-Christmas-Market-Blue-hour-c-GOSLAR-marketing-Michael-Abid.jpg.webp')\">\n              \n              <a href=\"https:\/\/9staedte.de\/fr\/goslar-patrimoine-culturel-mondial-dans-le-harz\/marche-de-noel-a-goslar\/\">\n                <span>March\u00e9 de No\u00ebl \u00e0 Goslar<\/span>\n              <\/a>\n            <\/div>\n          <\/div>\n    \n          \n                  \n                    \n          <div class=\"featured-themen-single\">\n            <div class=\"featured-themen-single-inner\" style=\"background-image: url('https:\/\/9staedte.de\/wp-content\/smush-webp\/2022\/03\/Museum-Goslar-c-GOSLAR-marketing-gmbh-Stefan-Schiefer-1.jpg.webp')\">\n              \n              <a href=\"https:\/\/9staedte.de\/fr\/goslar-patrimoine-culturel-mondial-dans-le-harz\/musees-et-expositions-a-goslar\/\">\n                <span>Mus\u00e9es et expositions \u00e0 Goslar<\/span>\n              <\/a>\n            <\/div>\n          <\/div>\n    \n          \n                          \n        <\/div>\n<\/div>","protected":false},"excerpt":{"rendered":"<p>La ville imp\u00e9riale de Goslar dans le Harz Goslar a d\u00e9j\u00e0 1100 ans d&rsquo;histoire et invite ses visiteurs \u00e0 un voyage dans le temps \u00e0 travers les ruelles de la vieille ville qui, depuis 1992, est devenue, avec la mine de Rammelsberg, le plus grand site minier d&rsquo;Europe.est class\u00e9 au patrimoine mondial de l&rsquo;UNESCO. Plus [&hellip;]<\/p>\n","protected":false},"author":1,"featured_media":19430,"parent":0,"menu_order":0,"comment_status":"closed","ping_status":"closed","template":"pagetemplates\/template-stadtseite.php","meta":{"_acf_changed":false,"footnotes":""},"categories":[],"tags":[],"ncap_cities_tax":[444],"class_list":["post-17930","page","type-page","status-publish","has-post-thumbnail","hentry","ncap_cities_tax-goslar-fr"],"acf":[],"yoast_head":"<!-- This site is optimized with the Yoast SEO plugin v27.4 - https:\/\/yoast.com\/product\/yoast-seo-wordpress\/ -->\n<title>Goslar - Patrimoine culturel mondial dans le Harz - 9 St\u00e4dte in Niedersachsen<\/title>\n<meta name=\"description\" content=\"Goslar peut s&#039;enorgueillir de plus de 1100 ans d&#039;histoire urbaine et invite ses visiteurs \u00e0 un voyage dans le temps \u00e0 travers les ruelles de la vieille ville.\" \/>\n<meta name=\"robots\" content=\"index, follow, max-snippet:-1, max-image-preview:large, max-video-preview:-1\" \/>\n<link rel=\"canonical\" href=\"https:\/\/9staedte.de\/fr\/goslar-patrimoine-culturel-mondial-dans-le-harz\/\" \/>\n<meta property=\"og:locale\" content=\"fr_FR\" \/>\n<meta property=\"og:type\" content=\"article\" \/>\n<meta property=\"og:title\" content=\"Goslar - Patrimoine culturel mondial dans le Harz - 9 St\u00e4dte in Niedersachsen\" \/>\n<meta property=\"og:description\" content=\"Goslar peut s&#039;enorgueillir de plus de 1100 ans d&#039;histoire urbaine et invite ses visiteurs \u00e0 un voyage dans le temps \u00e0 travers les ruelles de la vieille ville.\" \/>\n<meta property=\"og:url\" content=\"https:\/\/9staedte.de\/fr\/goslar-patrimoine-culturel-mondial-dans-le-harz\/\" \/>\n<meta property=\"og:site_name\" content=\"9 St\u00e4dte in Niedersachsen\" \/>\n<meta property=\"article:modified_time\" content=\"2024-05-08T09:00:54+00:00\" \/>\n<meta property=\"og:image\" content=\"https:\/\/9staedte.de\/wp-content\/uploads\/2023\/02\/Blick-ueber-Goslar_GOSLAR-marketing-gmbh_filmpunktton.jpg\" \/>\n\t<meta property=\"og:image:width\" content=\"1020\" \/>\n\t<meta property=\"og:image:height\" content=\"560\" \/>\n\t<meta property=\"og:image:type\" content=\"image\/jpeg\" \/>\n<meta name=\"twitter:card\" content=\"summary_large_image\" \/>\n<meta name=\"twitter:label1\" content=\"Dur\u00e9e de lecture estim\u00e9e\" \/>\n\t<meta name=\"twitter:data1\" content=\"2 minutes\" \/>\n<script type=\"application\/ld+json\" class=\"yoast-schema-graph\">{\"@context\":\"https:\\\/\\\/schema.org\",\"@graph\":[{\"@type\":\"WebPage\",\"@id\":\"https:\\\/\\\/9staedte.de\\\/fr\\\/goslar-patrimoine-culturel-mondial-dans-le-harz\\\/\",\"url\":\"https:\\\/\\\/9staedte.de\\\/fr\\\/goslar-patrimoine-culturel-mondial-dans-le-harz\\\/\",\"name\":\"Goslar - Patrimoine culturel mondial dans le Harz - 9 St\u00e4dte in Niedersachsen\",\"isPartOf\":{\"@id\":\"https:\\\/\\\/9staedte.de\\\/fr\\\/#website\"},\"primaryImageOfPage\":{\"@id\":\"https:\\\/\\\/9staedte.de\\\/fr\\\/goslar-patrimoine-culturel-mondial-dans-le-harz\\\/#primaryimage\"},\"image\":{\"@id\":\"https:\\\/\\\/9staedte.de\\\/fr\\\/goslar-patrimoine-culturel-mondial-dans-le-harz\\\/#primaryimage\"},\"thumbnailUrl\":\"https:\\\/\\\/9staedte.de\\\/wp-content\\\/uploads\\\/2023\\\/07\\\/Blick-ueber-Goslar_GOSLAR-marketing-gmbh_filmpunktton.jpg\",\"datePublished\":\"2023-11-02T08:52:47+00:00\",\"dateModified\":\"2024-05-08T09:00:54+00:00\",\"description\":\"Goslar peut s'enorgueillir de plus de 1100 ans d'histoire urbaine et invite ses visiteurs \u00e0 un voyage dans le temps \u00e0 travers les ruelles de la vieille ville.\",\"breadcrumb\":{\"@id\":\"https:\\\/\\\/9staedte.de\\\/fr\\\/goslar-patrimoine-culturel-mondial-dans-le-harz\\\/#breadcrumb\"},\"inLanguage\":\"fr-FR\",\"potentialAction\":[{\"@type\":\"ReadAction\",\"target\":[\"https:\\\/\\\/9staedte.de\\\/fr\\\/goslar-patrimoine-culturel-mondial-dans-le-harz\\\/\"]}]},{\"@type\":\"ImageObject\",\"inLanguage\":\"fr-FR\",\"@id\":\"https:\\\/\\\/9staedte.de\\\/fr\\\/goslar-patrimoine-culturel-mondial-dans-le-harz\\\/#primaryimage\",\"url\":\"https:\\\/\\\/9staedte.de\\\/wp-content\\\/uploads\\\/2023\\\/07\\\/Blick-ueber-Goslar_GOSLAR-marketing-gmbh_filmpunktton.jpg\",\"contentUrl\":\"https:\\\/\\\/9staedte.de\\\/wp-content\\\/uploads\\\/2023\\\/07\\\/Blick-ueber-Goslar_GOSLAR-marketing-gmbh_filmpunktton.jpg\",\"width\":2500,\"height\":1662,\"caption\":\"Blick \u00fcber Goslar c)GOSLAR marketing gmbh filmpunktton\"},{\"@type\":\"BreadcrumbList\",\"@id\":\"https:\\\/\\\/9staedte.de\\\/fr\\\/goslar-patrimoine-culturel-mondial-dans-le-harz\\\/#breadcrumb\",\"itemListElement\":[{\"@type\":\"ListItem\",\"position\":1,\"name\":\"Startseite\",\"item\":\"https:\\\/\\\/9staedte.de\\\/fr\\\/\"},{\"@type\":\"ListItem\",\"position\":2,\"name\":\"Goslar &#8211; Patrimoine culturel mondial dans le Harz\"}]},{\"@type\":\"WebSite\",\"@id\":\"https:\\\/\\\/9staedte.de\\\/fr\\\/#website\",\"url\":\"https:\\\/\\\/9staedte.de\\\/fr\\\/\",\"name\":\"9 St\u00e4dte in Niedersachsen\",\"description\":\"\",\"publisher\":{\"@id\":\"https:\\\/\\\/9staedte.de\\\/fr\\\/#organization\"},\"potentialAction\":[{\"@type\":\"SearchAction\",\"target\":{\"@type\":\"EntryPoint\",\"urlTemplate\":\"https:\\\/\\\/9staedte.de\\\/fr\\\/?s={search_term_string}\"},\"query-input\":{\"@type\":\"PropertyValueSpecification\",\"valueRequired\":true,\"valueName\":\"search_term_string\"}}],\"inLanguage\":\"fr-FR\"},{\"@type\":\"Organization\",\"@id\":\"https:\\\/\\\/9staedte.de\\\/fr\\\/#organization\",\"name\":\"9 St\u00e4dte in Niedersachsen\",\"url\":\"https:\\\/\\\/9staedte.de\\\/fr\\\/\",\"logo\":{\"@type\":\"ImageObject\",\"inLanguage\":\"fr-FR\",\"@id\":\"https:\\\/\\\/9staedte.de\\\/fr\\\/#\\\/schema\\\/logo\\\/image\\\/\",\"url\":\"https:\\\/\\\/9staedte.de\\\/wp-content\\\/uploads\\\/2025\\\/01\\\/9-neg-deutsch-2-1.png\",\"contentUrl\":\"https:\\\/\\\/9staedte.de\\\/wp-content\\\/uploads\\\/2025\\\/01\\\/9-neg-deutsch-2-1.png\",\"width\":190,\"height\":114,\"caption\":\"9 St\u00e4dte in Niedersachsen\"},\"image\":{\"@id\":\"https:\\\/\\\/9staedte.de\\\/fr\\\/#\\\/schema\\\/logo\\\/image\\\/\"}}]}<\/script>\n<!-- \/ Yoast SEO plugin. -->","yoast_head_json":{"title":"Goslar - Patrimoine culturel mondial dans le Harz - 9 St\u00e4dte in Niedersachsen","description":"Goslar peut s'enorgueillir de plus de 1100 ans d'histoire urbaine et invite ses visiteurs \u00e0 un voyage dans le temps \u00e0 travers les ruelles de la vieille ville.","robots":{"index":"index","follow":"follow","max-snippet":"max-snippet:-1","max-image-preview":"max-image-preview:large","max-video-preview":"max-video-preview:-1"},"canonical":"https:\/\/9staedte.de\/fr\/goslar-patrimoine-culturel-mondial-dans-le-harz\/","og_locale":"fr_FR","og_type":"article","og_title":"Goslar - Patrimoine culturel mondial dans le Harz - 9 St\u00e4dte in Niedersachsen","og_description":"Goslar peut s'enorgueillir de plus de 1100 ans d'histoire urbaine et invite ses visiteurs \u00e0 un voyage dans le temps \u00e0 travers les ruelles de la vieille ville.","og_url":"https:\/\/9staedte.de\/fr\/goslar-patrimoine-culturel-mondial-dans-le-harz\/","og_site_name":"9 St\u00e4dte in Niedersachsen","article_modified_time":"2024-05-08T09:00:54+00:00","og_image":[{"width":1020,"height":560,"url":"https:\/\/9staedte.de\/wp-content\/uploads\/2023\/02\/Blick-ueber-Goslar_GOSLAR-marketing-gmbh_filmpunktton.jpg","type":"image\/jpeg"}],"twitter_card":"summary_large_image","twitter_misc":{"Dur\u00e9e de lecture estim\u00e9e":"2 minutes"},"schema":{"@context":"https:\/\/schema.org","@graph":[{"@type":"WebPage","@id":"https:\/\/9staedte.de\/fr\/goslar-patrimoine-culturel-mondial-dans-le-harz\/","url":"https:\/\/9staedte.de\/fr\/goslar-patrimoine-culturel-mondial-dans-le-harz\/","name":"Goslar - Patrimoine culturel mondial dans le Harz - 9 St\u00e4dte in Niedersachsen","isPartOf":{"@id":"https:\/\/9staedte.de\/fr\/#website"},"primaryImageOfPage":{"@id":"https:\/\/9staedte.de\/fr\/goslar-patrimoine-culturel-mondial-dans-le-harz\/#primaryimage"},"image":{"@id":"https:\/\/9staedte.de\/fr\/goslar-patrimoine-culturel-mondial-dans-le-harz\/#primaryimage"},"thumbnailUrl":"https:\/\/9staedte.de\/wp-content\/uploads\/2023\/07\/Blick-ueber-Goslar_GOSLAR-marketing-gmbh_filmpunktton.jpg","datePublished":"2023-11-02T08:52:47+00:00","dateModified":"2024-05-08T09:00:54+00:00","description":"Goslar peut s'enorgueillir de plus de 1100 ans d'histoire urbaine et invite ses visiteurs \u00e0 un voyage dans le temps \u00e0 travers les ruelles de la vieille ville.","breadcrumb":{"@id":"https:\/\/9staedte.de\/fr\/goslar-patrimoine-culturel-mondial-dans-le-harz\/#breadcrumb"},"inLanguage":"fr-FR","potentialAction":[{"@type":"ReadAction","target":["https:\/\/9staedte.de\/fr\/goslar-patrimoine-culturel-mondial-dans-le-harz\/"]}]},{"@type":"ImageObject","inLanguage":"fr-FR","@id":"https:\/\/9staedte.de\/fr\/goslar-patrimoine-culturel-mondial-dans-le-harz\/#primaryimage","url":"https:\/\/9staedte.de\/wp-content\/uploads\/2023\/07\/Blick-ueber-Goslar_GOSLAR-marketing-gmbh_filmpunktton.jpg","contentUrl":"https:\/\/9staedte.de\/wp-content\/uploads\/2023\/07\/Blick-ueber-Goslar_GOSLAR-marketing-gmbh_filmpunktton.jpg","width":2500,"height":1662,"caption":"Blick \u00fcber Goslar c)GOSLAR marketing gmbh filmpunktton"},{"@type":"BreadcrumbList","@id":"https:\/\/9staedte.de\/fr\/goslar-patrimoine-culturel-mondial-dans-le-harz\/#breadcrumb","itemListElement":[{"@type":"ListItem","position":1,"name":"Startseite","item":"https:\/\/9staedte.de\/fr\/"},{"@type":"ListItem","position":2,"name":"Goslar &#8211; Patrimoine culturel mondial dans le Harz"}]},{"@type":"WebSite","@id":"https:\/\/9staedte.de\/fr\/#website","url":"https:\/\/9staedte.de\/fr\/","name":"9 St\u00e4dte in Niedersachsen","description":"","publisher":{"@id":"https:\/\/9staedte.de\/fr\/#organization"},"potentialAction":[{"@type":"SearchAction","target":{"@type":"EntryPoint","urlTemplate":"https:\/\/9staedte.de\/fr\/?s={search_term_string}"},"query-input":{"@type":"PropertyValueSpecification","valueRequired":true,"valueName":"search_term_string"}}],"inLanguage":"fr-FR"},{"@type":"Organization","@id":"https:\/\/9staedte.de\/fr\/#organization","name":"9 St\u00e4dte in Niedersachsen","url":"https:\/\/9staedte.de\/fr\/","logo":{"@type":"ImageObject","inLanguage":"fr-FR","@id":"https:\/\/9staedte.de\/fr\/#\/schema\/logo\/image\/","url":"https:\/\/9staedte.de\/wp-content\/uploads\/2025\/01\/9-neg-deutsch-2-1.png","contentUrl":"https:\/\/9staedte.de\/wp-content\/uploads\/2025\/01\/9-neg-deutsch-2-1.png","width":190,"height":114,"caption":"9 St\u00e4dte in Niedersachsen"},"image":{"@id":"https:\/\/9staedte.de\/fr\/#\/schema\/logo\/image\/"}}]}},"_links":{"self":[{"href":"https:\/\/9staedte.de\/fr\/wp-json\/wp\/v2\/pages\/17930","targetHints":{"allow":["GET"]}}],"collection":[{"href":"https:\/\/9staedte.de\/fr\/wp-json\/wp\/v2\/pages"}],"about":[{"href":"https:\/\/9staedte.de\/fr\/wp-json\/wp\/v2\/types\/page"}],"author":[{"embeddable":true,"href":"https:\/\/9staedte.de\/fr\/wp-json\/wp\/v2\/users\/1"}],"replies":[{"embeddable":true,"href":"https:\/\/9staedte.de\/fr\/wp-json\/wp\/v2\/comments?post=17930"}],"version-history":[{"count":4,"href":"https:\/\/9staedte.de\/fr\/wp-json\/wp\/v2\/pages\/17930\/revisions"}],"predecessor-version":[{"id":22224,"href":"https:\/\/9staedte.de\/fr\/wp-json\/wp\/v2\/pages\/17930\/revisions\/22224"}],"wp:featuredmedia":[{"embeddable":true,"href":"https:\/\/9staedte.de\/fr\/wp-json\/wp\/v2\/media\/19430"}],"wp:attachment":[{"href":"https:\/\/9staedte.de\/fr\/wp-json\/wp\/v2\/media?parent=17930"}],"wp:term":[{"taxonomy":"category","embeddable":true,"href":"https:\/\/9staedte.de\/fr\/wp-json\/wp\/v2\/categories?post=17930"},{"taxonomy":"post_tag","embeddable":true,"href":"https:\/\/9staedte.de\/fr\/wp-json\/wp\/v2\/tags?post=17930"},{"taxonomy":"ncap_cities_tax","embeddable":true,"href":"https:\/\/9staedte.de\/fr\/wp-json\/wp\/v2\/ncap_cities_tax?post=17930"}],"curies":[{"name":"wp","href":"https:\/\/api.w.org\/{rel}","templated":true}]}}