{"id":17904,"date":"2023-11-02T09:52:01","date_gmt":"2023-11-02T08:52:01","guid":{"rendered":"https:\/\/9staedte.de\/telechargements-brochures\/"},"modified":"2023-11-02T09:52:01","modified_gmt":"2023-11-02T08:52:01","slug":"telechargements-brochures","status":"publish","type":"page","link":"https:\/\/9staedte.de\/fr\/telechargements-brochures\/","title":{"rendered":"T\u00e9l\u00e9chargements (brochures)"},"content":{"rendered":"\r\n\r\n    <div class=\"filter-posts\">\r\n            <div  id=\"filterContent\">\r\n                                                        \n<div class=\"contentKachel filtr-item\" data-category=\"\">\n    <a href=\"https:\/\/9staedte.de\/fr\/evenements-phares-en-2023\/\">\n        <div class=\"contentKachel-inner\">\n                            <div class=\"contentKachel-thumbnail\">\n                    <img loading=\"lazy\" decoding=\"async\" width=\"300\" height=\"165\" src=\"https:\/\/9staedte.de\/wp-content\/smush-webp\/2023\/02\/Braunschweig-Weihnachtsmarkt-3-c-Braunschweig-Stadtmarketing-Philipp-Ziebart-300x165.jpg.webp\" class=\"objectfitcover withfilters wp-post-image\" alt=\"La photo montre le march\u00e9 de No\u00ebl \u00e0 Brunswick. Beaucoup de lumi\u00e8res brillent. Il y a une grande roue et beaucoup de stands. Les gens sont contents. On voit les tours de la ville en arri\u00e8re-plan.\" srcset=\"https:\/\/9staedte.de\/wp-content\/smush-webp\/2023\/02\/Braunschweig-Weihnachtsmarkt-3-c-Braunschweig-Stadtmarketing-Philipp-Ziebart-300x165.jpg.webp 300w, https:\/\/9staedte.de\/wp-content\/smush-webp\/2023\/02\/Braunschweig-Weihnachtsmarkt-3-c-Braunschweig-Stadtmarketing-Philipp-Ziebart-768x422.jpg.webp 768w, https:\/\/9staedte.de\/wp-content\/smush-webp\/2023\/02\/Braunschweig-Weihnachtsmarkt-3-c-Braunschweig-Stadtmarketing-Philipp-Ziebart.jpg.webp 1020w\" sizes=\"auto, (max-width: 300px) 100vw, 300px\" \/>                    <img loading=\"lazy\" decoding=\"async\" width=\"300\" height=\"165\" src=\"https:\/\/9staedte.de\/wp-content\/smush-webp\/2023\/02\/Braunschweig-Weihnachtsmarkt-3-c-Braunschweig-Stadtmarketing-Philipp-Ziebart-300x165.jpg.webp\" class=\"objectfitcontain wp-post-image\" alt=\"La photo montre le march\u00e9 de No\u00ebl \u00e0 Brunswick. Beaucoup de lumi\u00e8res brillent. Il y a une grande roue et beaucoup de stands. Les gens sont contents. On voit les tours de la ville en arri\u00e8re-plan.\" srcset=\"https:\/\/9staedte.de\/wp-content\/smush-webp\/2023\/02\/Braunschweig-Weihnachtsmarkt-3-c-Braunschweig-Stadtmarketing-Philipp-Ziebart-300x165.jpg.webp 300w, https:\/\/9staedte.de\/wp-content\/smush-webp\/2023\/02\/Braunschweig-Weihnachtsmarkt-3-c-Braunschweig-Stadtmarketing-Philipp-Ziebart-768x422.jpg.webp 768w, https:\/\/9staedte.de\/wp-content\/smush-webp\/2023\/02\/Braunschweig-Weihnachtsmarkt-3-c-Braunschweig-Stadtmarketing-Philipp-Ziebart.jpg.webp 1020w\" sizes=\"auto, (max-width: 300px) 100vw, 300px\" \/>                        <div class=\"thumbnail-label\">\n    <span>Braunschweig Weihnachtsmarkt 3 c) Braunschweig Stadtmarketing Philipp Ziebart<\/span>\n    <\/div>\n                <\/div>\n                        <div class=\"contentKachel-content\">\n                \n                <div class=\"title\">\n\n                    \u00c9v\u00e9nements phares en 2025                    \n                <\/div>\n\n                            <\/div>\n\n        <\/div>\n    <\/a>\n<\/div>                                                        \n<div class=\"contentKachel filtr-item\" data-category=\"\">\n    <a href=\"https:\/\/9staedte.de\/fr\/historique-vivant-unique\/\">\n        <div class=\"contentKachel-inner\">\n                            <div class=\"contentKachel-thumbnail\">\n                    <img loading=\"lazy\" decoding=\"async\" width=\"300\" height=\"165\" src=\"https:\/\/9staedte.de\/wp-content\/smush-webp\/2023\/02\/Blick-ueber-Goslar_GOSLAR-marketing-gmbh_filmpunktton-300x165.jpg.webp\" class=\"objectfitcover withfilters wp-post-image\" alt=\"La photo montre une vue sur la ville de Goslar. Au premier plan, on voit deux clochers. \u00c0 l\u2019arri\u00e8re, il y a beaucoup de maisons et des collines vertes. On voit aussi les montagnes du Harz.\" srcset=\"https:\/\/9staedte.de\/wp-content\/smush-webp\/2023\/02\/Blick-ueber-Goslar_GOSLAR-marketing-gmbh_filmpunktton-300x165.jpg.webp 300w, https:\/\/9staedte.de\/wp-content\/smush-webp\/2023\/02\/Blick-ueber-Goslar_GOSLAR-marketing-gmbh_filmpunktton-768x422.jpg.webp 768w, https:\/\/9staedte.de\/wp-content\/smush-webp\/2023\/02\/Blick-ueber-Goslar_GOSLAR-marketing-gmbh_filmpunktton.jpg.webp 1020w\" sizes=\"auto, (max-width: 300px) 100vw, 300px\" \/>                    <img loading=\"lazy\" decoding=\"async\" width=\"300\" height=\"165\" src=\"https:\/\/9staedte.de\/wp-content\/smush-webp\/2023\/02\/Blick-ueber-Goslar_GOSLAR-marketing-gmbh_filmpunktton-300x165.jpg.webp\" class=\"objectfitcontain wp-post-image\" alt=\"La photo montre une vue sur la ville de Goslar. Au premier plan, on voit deux clochers. \u00c0 l\u2019arri\u00e8re, il y a beaucoup de maisons et des collines vertes. On voit aussi les montagnes du Harz.\" srcset=\"https:\/\/9staedte.de\/wp-content\/smush-webp\/2023\/02\/Blick-ueber-Goslar_GOSLAR-marketing-gmbh_filmpunktton-300x165.jpg.webp 300w, https:\/\/9staedte.de\/wp-content\/smush-webp\/2023\/02\/Blick-ueber-Goslar_GOSLAR-marketing-gmbh_filmpunktton-768x422.jpg.webp 768w, https:\/\/9staedte.de\/wp-content\/smush-webp\/2023\/02\/Blick-ueber-Goslar_GOSLAR-marketing-gmbh_filmpunktton.jpg.webp 1020w\" sizes=\"auto, (max-width: 300px) 100vw, 300px\" \/>                        <div class=\"thumbnail-label\">\n    <span>Blick \u00fcber Goslar_GOSLAR marketing gmbh_filmpunktton<\/span>\n    <\/div>\n                <\/div>\n                        <div class=\"contentKachel-content\">\n                \n                <div class=\"title\">\n\n                    Historique, vivant, unique&#8230;                    \n                <\/div>\n\n                            <\/div>\n\n        <\/div>\n    <\/a>\n<\/div>                                            <\/div>\r\n    <\/div>\r\n","protected":false},"excerpt":{"rendered":"","protected":false},"author":1,"featured_media":17905,"parent":0,"menu_order":0,"comment_status":"closed","ping_status":"closed","template":"","meta":{"_acf_changed":false,"footnotes":""},"categories":[],"tags":[],"ncap_cities_tax":[],"class_list":["post-17904","page","type-page","status-publish","has-post-thumbnail","hentry"],"acf":[],"yoast_head":"<!-- This site is optimized with the Yoast SEO plugin v26.8 - https:\/\/yoast.com\/product\/yoast-seo-wordpress\/ -->\n<title>T\u00e9l\u00e9chargements (brochures) - 9 St\u00e4dte in Niedersachsen<\/title>\n<meta name=\"robots\" content=\"index, follow, max-snippet:-1, max-image-preview:large, max-video-preview:-1\" \/>\n<link rel=\"canonical\" href=\"https:\/\/9staedte.de\/fr\/telechargements-brochures\/\" \/>\n<meta property=\"og:locale\" content=\"fr_FR\" \/>\n<meta property=\"og:type\" content=\"article\" \/>\n<meta property=\"og:title\" content=\"T\u00e9l\u00e9chargements (brochures) - 9 St\u00e4dte in Niedersachsen\" \/>\n<meta property=\"og:url\" content=\"https:\/\/9staedte.de\/fr\/telechargements-brochures\/\" \/>\n<meta property=\"og:site_name\" content=\"9 St\u00e4dte in Niedersachsen\" \/>\n<meta property=\"og:image\" content=\"https:\/\/9staedte.de\/wp-content\/uploads\/2023\/06\/Fachwerkviertel-\u00a9-Hildesheim-Marketing-Foto-Dagmar-Schwelle.jpg\" \/>\n\t<meta property=\"og:image:width\" content=\"1020\" \/>\n\t<meta property=\"og:image:height\" content=\"560\" \/>\n\t<meta property=\"og:image:type\" content=\"image\/jpeg\" \/>\n<meta name=\"twitter:card\" content=\"summary_large_image\" \/>\n<script type=\"application\/ld+json\" class=\"yoast-schema-graph\">{\"@context\":\"https:\/\/schema.org\",\"@graph\":[{\"@type\":\"WebPage\",\"@id\":\"https:\/\/9staedte.de\/fr\/telechargements-brochures\/\",\"url\":\"https:\/\/9staedte.de\/fr\/telechargements-brochures\/\",\"name\":\"T\u00e9l\u00e9chargements (brochures) - 9 St\u00e4dte in Niedersachsen\",\"isPartOf\":{\"@id\":\"https:\/\/9staedte.de\/fr\/#website\"},\"primaryImageOfPage\":{\"@id\":\"https:\/\/9staedte.de\/fr\/telechargements-brochures\/#primaryimage\"},\"image\":{\"@id\":\"https:\/\/9staedte.de\/fr\/telechargements-brochures\/#primaryimage\"},\"thumbnailUrl\":\"https:\/\/9staedte.de\/wp-content\/uploads\/2023\/06\/Fachwerkviertel-\u00a9-Hildesheim-Marketing-Foto-Dagmar-Schwelle.jpg\",\"datePublished\":\"2023-11-02T08:52:01+00:00\",\"breadcrumb\":{\"@id\":\"https:\/\/9staedte.de\/fr\/telechargements-brochures\/#breadcrumb\"},\"inLanguage\":\"fr-FR\",\"potentialAction\":[{\"@type\":\"ReadAction\",\"target\":[\"https:\/\/9staedte.de\/fr\/telechargements-brochures\/\"]}]},{\"@type\":\"ImageObject\",\"inLanguage\":\"fr-FR\",\"@id\":\"https:\/\/9staedte.de\/fr\/telechargements-brochures\/#primaryimage\",\"url\":\"https:\/\/9staedte.de\/wp-content\/uploads\/2023\/06\/Fachwerkviertel-\u00a9-Hildesheim-Marketing-Foto-Dagmar-Schwelle.jpg\",\"contentUrl\":\"https:\/\/9staedte.de\/wp-content\/uploads\/2023\/06\/Fachwerkviertel-\u00a9-Hildesheim-Marketing-Foto-Dagmar-Schwelle.jpg\",\"width\":1020,\"height\":560,\"caption\":\"Fachwerkviertel \u00a9 Hildesheim Marketing, Foto Dagmar Schwelle\"},{\"@type\":\"BreadcrumbList\",\"@id\":\"https:\/\/9staedte.de\/fr\/telechargements-brochures\/#breadcrumb\",\"itemListElement\":[{\"@type\":\"ListItem\",\"position\":1,\"name\":\"Startseite\",\"item\":\"https:\/\/9staedte.de\/fr\/\"},{\"@type\":\"ListItem\",\"position\":2,\"name\":\"T\u00e9l\u00e9chargements (brochures)\"}]},{\"@type\":\"WebSite\",\"@id\":\"https:\/\/9staedte.de\/fr\/#website\",\"url\":\"https:\/\/9staedte.de\/fr\/\",\"name\":\"9 St\u00e4dte in Niedersachsen\",\"description\":\"\",\"publisher\":{\"@id\":\"https:\/\/9staedte.de\/fr\/#organization\"},\"potentialAction\":[{\"@type\":\"SearchAction\",\"target\":{\"@type\":\"EntryPoint\",\"urlTemplate\":\"https:\/\/9staedte.de\/fr\/?s={search_term_string}\"},\"query-input\":{\"@type\":\"PropertyValueSpecification\",\"valueRequired\":true,\"valueName\":\"search_term_string\"}}],\"inLanguage\":\"fr-FR\"},{\"@type\":\"Organization\",\"@id\":\"https:\/\/9staedte.de\/fr\/#organization\",\"name\":\"9 St\u00e4dte in Niedersachsen\",\"url\":\"https:\/\/9staedte.de\/fr\/\",\"logo\":{\"@type\":\"ImageObject\",\"inLanguage\":\"fr-FR\",\"@id\":\"https:\/\/9staedte.de\/fr\/#\/schema\/logo\/image\/\",\"url\":\"https:\/\/9staedte.de\/wp-content\/uploads\/2025\/01\/9-neg-deutsch-2-1.png\",\"contentUrl\":\"https:\/\/9staedte.de\/wp-content\/uploads\/2025\/01\/9-neg-deutsch-2-1.png\",\"width\":190,\"height\":114,\"caption\":\"9 St\u00e4dte in Niedersachsen\"},\"image\":{\"@id\":\"https:\/\/9staedte.de\/fr\/#\/schema\/logo\/image\/\"}}]}<\/script>\n<!-- \/ Yoast SEO plugin. -->","yoast_head_json":{"title":"T\u00e9l\u00e9chargements (brochures) - 9 St\u00e4dte in Niedersachsen","robots":{"index":"index","follow":"follow","max-snippet":"max-snippet:-1","max-image-preview":"max-image-preview:large","max-video-preview":"max-video-preview:-1"},"canonical":"https:\/\/9staedte.de\/fr\/telechargements-brochures\/","og_locale":"fr_FR","og_type":"article","og_title":"T\u00e9l\u00e9chargements (brochures) - 9 St\u00e4dte in Niedersachsen","og_url":"https:\/\/9staedte.de\/fr\/telechargements-brochures\/","og_site_name":"9 St\u00e4dte in Niedersachsen","og_image":[{"width":1020,"height":560,"url":"https:\/\/9staedte.de\/wp-content\/uploads\/2023\/06\/Fachwerkviertel-\u00a9-Hildesheim-Marketing-Foto-Dagmar-Schwelle.jpg","type":"image\/jpeg"}],"twitter_card":"summary_large_image","schema":{"@context":"https:\/\/schema.org","@graph":[{"@type":"WebPage","@id":"https:\/\/9staedte.de\/fr\/telechargements-brochures\/","url":"https:\/\/9staedte.de\/fr\/telechargements-brochures\/","name":"T\u00e9l\u00e9chargements (brochures) - 9 St\u00e4dte in Niedersachsen","isPartOf":{"@id":"https:\/\/9staedte.de\/fr\/#website"},"primaryImageOfPage":{"@id":"https:\/\/9staedte.de\/fr\/telechargements-brochures\/#primaryimage"},"image":{"@id":"https:\/\/9staedte.de\/fr\/telechargements-brochures\/#primaryimage"},"thumbnailUrl":"https:\/\/9staedte.de\/wp-content\/uploads\/2023\/06\/Fachwerkviertel-\u00a9-Hildesheim-Marketing-Foto-Dagmar-Schwelle.jpg","datePublished":"2023-11-02T08:52:01+00:00","breadcrumb":{"@id":"https:\/\/9staedte.de\/fr\/telechargements-brochures\/#breadcrumb"},"inLanguage":"fr-FR","potentialAction":[{"@type":"ReadAction","target":["https:\/\/9staedte.de\/fr\/telechargements-brochures\/"]}]},{"@type":"ImageObject","inLanguage":"fr-FR","@id":"https:\/\/9staedte.de\/fr\/telechargements-brochures\/#primaryimage","url":"https:\/\/9staedte.de\/wp-content\/uploads\/2023\/06\/Fachwerkviertel-\u00a9-Hildesheim-Marketing-Foto-Dagmar-Schwelle.jpg","contentUrl":"https:\/\/9staedte.de\/wp-content\/uploads\/2023\/06\/Fachwerkviertel-\u00a9-Hildesheim-Marketing-Foto-Dagmar-Schwelle.jpg","width":1020,"height":560,"caption":"Fachwerkviertel \u00a9 Hildesheim Marketing, Foto Dagmar Schwelle"},{"@type":"BreadcrumbList","@id":"https:\/\/9staedte.de\/fr\/telechargements-brochures\/#breadcrumb","itemListElement":[{"@type":"ListItem","position":1,"name":"Startseite","item":"https:\/\/9staedte.de\/fr\/"},{"@type":"ListItem","position":2,"name":"T\u00e9l\u00e9chargements (brochures)"}]},{"@type":"WebSite","@id":"https:\/\/9staedte.de\/fr\/#website","url":"https:\/\/9staedte.de\/fr\/","name":"9 St\u00e4dte in Niedersachsen","description":"","publisher":{"@id":"https:\/\/9staedte.de\/fr\/#organization"},"potentialAction":[{"@type":"SearchAction","target":{"@type":"EntryPoint","urlTemplate":"https:\/\/9staedte.de\/fr\/?s={search_term_string}"},"query-input":{"@type":"PropertyValueSpecification","valueRequired":true,"valueName":"search_term_string"}}],"inLanguage":"fr-FR"},{"@type":"Organization","@id":"https:\/\/9staedte.de\/fr\/#organization","name":"9 St\u00e4dte in Niedersachsen","url":"https:\/\/9staedte.de\/fr\/","logo":{"@type":"ImageObject","inLanguage":"fr-FR","@id":"https:\/\/9staedte.de\/fr\/#\/schema\/logo\/image\/","url":"https:\/\/9staedte.de\/wp-content\/uploads\/2025\/01\/9-neg-deutsch-2-1.png","contentUrl":"https:\/\/9staedte.de\/wp-content\/uploads\/2025\/01\/9-neg-deutsch-2-1.png","width":190,"height":114,"caption":"9 St\u00e4dte in Niedersachsen"},"image":{"@id":"https:\/\/9staedte.de\/fr\/#\/schema\/logo\/image\/"}}]}},"_links":{"self":[{"href":"https:\/\/9staedte.de\/fr\/wp-json\/wp\/v2\/pages\/17904","targetHints":{"allow":["GET"]}}],"collection":[{"href":"https:\/\/9staedte.de\/fr\/wp-json\/wp\/v2\/pages"}],"about":[{"href":"https:\/\/9staedte.de\/fr\/wp-json\/wp\/v2\/types\/page"}],"author":[{"embeddable":true,"href":"https:\/\/9staedte.de\/fr\/wp-json\/wp\/v2\/users\/1"}],"replies":[{"embeddable":true,"href":"https:\/\/9staedte.de\/fr\/wp-json\/wp\/v2\/comments?post=17904"}],"version-history":[{"count":0,"href":"https:\/\/9staedte.de\/fr\/wp-json\/wp\/v2\/pages\/17904\/revisions"}],"wp:featuredmedia":[{"embeddable":true,"href":"https:\/\/9staedte.de\/fr\/wp-json\/wp\/v2\/media\/17905"}],"wp:attachment":[{"href":"https:\/\/9staedte.de\/fr\/wp-json\/wp\/v2\/media?parent=17904"}],"wp:term":[{"taxonomy":"category","embeddable":true,"href":"https:\/\/9staedte.de\/fr\/wp-json\/wp\/v2\/categories?post=17904"},{"taxonomy":"post_tag","embeddable":true,"href":"https:\/\/9staedte.de\/fr\/wp-json\/wp\/v2\/tags?post=17904"},{"taxonomy":"ncap_cities_tax","embeddable":true,"href":"https:\/\/9staedte.de\/fr\/wp-json\/wp\/v2\/ncap_cities_tax?post=17904"}],"curies":[{"name":"wp","href":"https:\/\/api.w.org\/{rel}","templated":true}]}}