{"id":17899,"date":"2023-11-02T09:51:59","date_gmt":"2023-11-02T08:51:59","guid":{"rendered":"https:\/\/9staedte.de\/aeroport-de-hanovre-porte-dentree-vers-les-9-villes\/"},"modified":"2023-11-02T09:51:59","modified_gmt":"2023-11-02T08:51:59","slug":"aeroport-de-hanovre-porte-dentree-vers-les-9-villes","status":"publish","type":"page","link":"https:\/\/9staedte.de\/fr\/aeroport-de-hanovre-porte-dentree-vers-les-9-villes\/","title":{"rendered":"A\u00e9roport de Hanovre : porte d&rsquo;entr\u00e9e vers les 9 villes"},"content":{"rendered":"\n<h2 class=\"wp-block-heading\">L&rsquo;a\u00e9roport de Hanovre &#8211; partenaire de 9 villes de Basse-Saxe<\/h2>\n\n\n\n<p>L&rsquo;a\u00e9roport de Hanovre est l&rsquo;a\u00e9roport central du nord de l&rsquo;Allemagne et la porte d&rsquo;entr\u00e9e des \u00ab\u00a09 villes de Basse-Saxe\u00a0\u00bb.<\/p>\n\n\n\n<p>L&rsquo;a\u00e9roport de Hanovre est litt\u00e9ralement la premi\u00e8re adresse pour de nombreux visiteurs des 9 villes de Basse-Saxe. Avec son propre raccordement aux grands axes routiers A2 et A7, l&rsquo;a\u00e9roport de Hanovre est un point de d\u00e9part optimal pour la suite du voyage. La ligne de S-Bahn S5 \u00ab\u00a0Hannover Airport Line\u00a0\u00bb vous emm\u00e8ne en outre directement du terminal C \u00e0 la gare centrale de Hanovre, la capitale du Land, et vous permet ainsi d&rsquo;acc\u00e9der aux nombreuses correspondances du r\u00e9seau ferroviaire. Les 9 villes sont ainsi facilement accessibles en train depuis l&rsquo;a\u00e9roport, dans un d\u00e9lai de 30 \u00e0 110 minutes.<\/p>\n\n\n\n<p><a href=\"http:\/\/www.hannover-airport.de\/\" target=\"_blank\" rel=\"noreferrer noopener\">hannover-airport.de<\/a><\/p>\n\n\n\n\n<div class=\"banner-wrapper\">\n  <div class=\"banner-inner \">\n      <div class=\"img-container\">\n      <div class=\"img-wrapper\">\n        <img decoding=\"async\" src=\"https:\/\/9staedte.de\/wp-content\/smush-webp\/2023\/08\/131014_mkp_haj_989.jpg.webp\" alt=\"\" \/>\n                  <div class=\"thumbnail-label\">\n            <span>Reisendes P\u00e4rchen im Wartebereich c) Hannover Airport Kruzszewski<\/span>\n          <\/div>\n              <\/div>\n    <\/div>\n        <div class=\"text-container\">\n      <div class=\"content\">\n        <p><strong>Besondere Tipps<\/strong><\/p>\n<ul>\n<li>Nur 150 Meter vom Eingang bis zum Boarding \u2013 Einfach fliegen<\/li>\n<li>Direkter S-Bahn-Anschluss von Terminal C zum Hauptbahnhof<\/li>\n<li>Flughafenf\u00fchrungen<\/li>\n<li>Diverse Veranstaltungsm\u00f6glichkeiten \u2013 z.B. Tagungen inklusive Flughafenflair!<\/li>\n<li>Erlebniswelt mit Dauerausstellung \u201eWelt der Luftfahrt\u201c, Kid\u2018s Airport, Flugsimulatoren und 360\u00b0-Aussichtsterrasse mit Blick aus Vorfeld<\/li>\n<li>Action, Fitness und Entspannung mit VR-Xperiences<\/li>\n<li>Fliegen wie ein Vogel \u2013 mit dem VR-Simulator Birdly<\/li>\n<\/ul>\n      <\/div>\n    <\/div>\n    <\/div>\n<\/div>\n\n\n\n\n<h2 class=\"wp-block-heading\"><strong>A\u00e9roport de Hanovre (HAJ)<\/strong><\/h2>\n\n\n\n <div class=\"brlbs-cmpnt-container brlbs-cmpnt-content-blocker brlbs-cmpnt-with-individual-styles\" data-borlabs-cookie-content-blocker-id=\"google-maps\" data-borlabs-cookie-content=\"PGlmcmFtZSBzcmM9Imh0dHBzOi8vd3d3Lmdvb2dsZS5jb20vbWFwcy9lbWJlZD9wYj0hMW0xOCExbTEyITFtMyExZDI0MzEuMDAyMzM1OTAzNzI5NSEyZDkuNjk1NTMzNDcwMDg4MDU1ITNkNTIuNDYwOTg1MTMzMDUxOTM1ITJtMyExZjAhMmYwITNmMCEzbTIhMWkxMDI0ITJpNzY4ITRmMTMuMSEzbTMhMW0yITFzMHg0N2IwNzIxNzUwOTA1NmIxJTNBMHhlNDQzNGI4NDRjNzNkMGU1ITJzRmx1Z2hhZmVuJTIwSGFubm92ZXIlMjAoSEFKKSE1ZTAhM20yITFzZGUhMnNkZSE0djE2OTIxNzQ2MDE1MzQhNW0yITFzZGUhMnNkZSIgd2lkdGg9IjYwMCIgaGVpZ2h0PSI0NTAiIHN0eWxlPSJib3JkZXI6MDsiIGFsbG93ZnVsbHNjcmVlbj0iIiBsb2FkaW5nPSJsYXp5IiByZWZlcnJlcnBvbGljeT0ibm8tcmVmZXJyZXItd2hlbi1kb3duZ3JhZGUiPjwvaWZyYW1lPg==\"><div class=\"brlbs-cmpnt-cb-preset-b brlbs-cmpnt-cb-google-maps\"> <div class=\"brlbs-cmpnt-cb-thumbnail\" style=\"background-image: url('https:\/\/9staedte.de\/wp-content\/uploads\/borlabs-cookie\/1\/brlbs-cb-google-maps-main.png')\"><\/div> <div class=\"brlbs-cmpnt-cb-main\"> <div class=\"brlbs-cmpnt-cb-content\"> <p class=\"brlbs-cmpnt-cb-description\">Vous \u00eates actuellement en train de consulter le contenu d&rsquo;un espace r\u00e9serv\u00e9 de <strong>Google Maps<\/strong>. Pour acc\u00e9der au contenu r\u00e9el, cliquez sur le bouton ci-dessous. Veuillez noter que ce faisant, des donn\u00e9es seront partag\u00e9es avec des providers tiers.<\/p> <a class=\"brlbs-cmpnt-cb-provider-toggle\" href=\"#\" data-borlabs-cookie-show-provider-information role=\"button\">Plus d&rsquo;informations<\/a> <\/div> <div class=\"brlbs-cmpnt-cb-buttons\"> <a class=\"brlbs-cmpnt-cb-btn\" href=\"#\" data-borlabs-cookie-unblock role=\"button\">D\u00e9bloquer le contenu<\/a> <a class=\"brlbs-cmpnt-cb-btn\" href=\"#\" data-borlabs-cookie-accept-service role=\"button\" style=\"display: inherit\">Accepter le service requis et d\u00e9bloquer le contenu<\/a> <\/div> <\/div> <\/div><\/div>\n\n\n\n<div style=\"height:38px\" aria-hidden=\"true\" class=\"wp-block-spacer\"><\/div>\n","protected":false},"excerpt":{"rendered":"<p>L&rsquo;a\u00e9roport de Hanovre &#8211; partenaire de 9 villes de Basse-Saxe L&rsquo;a\u00e9roport de Hanovre est l&rsquo;a\u00e9roport central du nord de l&rsquo;Allemagne et la porte d&rsquo;entr\u00e9e des \u00ab\u00a09 villes de Basse-Saxe\u00a0\u00bb. L&rsquo;a\u00e9roport de Hanovre est litt\u00e9ralement la premi\u00e8re adresse pour de nombreux visiteurs des 9 villes de Basse-Saxe. Avec son propre raccordement aux grands axes routiers A2 [&hellip;]<\/p>\n","protected":false},"author":1,"featured_media":17902,"parent":0,"menu_order":0,"comment_status":"closed","ping_status":"closed","template":"","meta":{"_acf_changed":false,"footnotes":""},"categories":[],"tags":[],"ncap_cities_tax":[],"class_list":["post-17899","page","type-page","status-publish","has-post-thumbnail","hentry"],"acf":[],"yoast_head":"<!-- This site is optimized with the Yoast SEO plugin v26.8 - https:\/\/yoast.com\/product\/yoast-seo-wordpress\/ -->\n<title>A\u00e9roport de Hanovre : porte d&#039;entr\u00e9e vers les 9 villes - 9 St\u00e4dte in Niedersachsen<\/title>\n<meta name=\"description\" content=\"A\u00e9roport de Hanovre : gr\u00e2ce \u00e0 la proximit\u00e9 des autoroutes A7 et A2 et \u00e0 la desserte par le S-Bahn, l&#039;a\u00e9roport est un point de d\u00e9part optimal pour la suite du voyage. dans les 9 villes\" \/>\n<meta name=\"robots\" content=\"index, follow, max-snippet:-1, max-image-preview:large, max-video-preview:-1\" \/>\n<link rel=\"canonical\" href=\"https:\/\/9staedte.de\/fr\/aeroport-de-hanovre-porte-dentree-vers-les-9-villes\/\" \/>\n<meta property=\"og:locale\" content=\"fr_FR\" \/>\n<meta property=\"og:type\" content=\"article\" \/>\n<meta property=\"og:title\" content=\"A\u00e9roport de Hanovre : porte d&#039;entr\u00e9e vers les 9 villes - 9 St\u00e4dte in Niedersachsen\" \/>\n<meta property=\"og:description\" content=\"A\u00e9roport de Hanovre : gr\u00e2ce \u00e0 la proximit\u00e9 des autoroutes A7 et A2 et \u00e0 la desserte par le S-Bahn, l&#039;a\u00e9roport est un point de d\u00e9part optimal pour la suite du voyage. dans les 9 villes\" \/>\n<meta property=\"og:url\" content=\"https:\/\/9staedte.de\/fr\/aeroport-de-hanovre-porte-dentree-vers-les-9-villes\/\" \/>\n<meta property=\"og:site_name\" content=\"9 St\u00e4dte in Niedersachsen\" \/>\n<meta property=\"og:image\" content=\"https:\/\/9staedte.de\/wp-content\/uploads\/2023\/08\/Hannover-Airport-c-Michael-Thomas.jpg\" \/>\n\t<meta property=\"og:image:width\" content=\"1020\" \/>\n\t<meta property=\"og:image:height\" content=\"560\" \/>\n\t<meta property=\"og:image:type\" content=\"image\/jpeg\" \/>\n<meta name=\"twitter:card\" content=\"summary_large_image\" \/>\n<meta name=\"twitter:label1\" content=\"Dur\u00e9e de lecture estim\u00e9e\" \/>\n\t<meta name=\"twitter:data1\" content=\"1 minute\" \/>\n<script type=\"application\/ld+json\" class=\"yoast-schema-graph\">{\"@context\":\"https:\/\/schema.org\",\"@graph\":[{\"@type\":\"WebPage\",\"@id\":\"https:\/\/9staedte.de\/fr\/aeroport-de-hanovre-porte-dentree-vers-les-9-villes\/\",\"url\":\"https:\/\/9staedte.de\/fr\/aeroport-de-hanovre-porte-dentree-vers-les-9-villes\/\",\"name\":\"A\u00e9roport de Hanovre : porte d'entr\u00e9e vers les 9 villes - 9 St\u00e4dte in Niedersachsen\",\"isPartOf\":{\"@id\":\"https:\/\/9staedte.de\/fr\/#website\"},\"primaryImageOfPage\":{\"@id\":\"https:\/\/9staedte.de\/fr\/aeroport-de-hanovre-porte-dentree-vers-les-9-villes\/#primaryimage\"},\"image\":{\"@id\":\"https:\/\/9staedte.de\/fr\/aeroport-de-hanovre-porte-dentree-vers-les-9-villes\/#primaryimage\"},\"thumbnailUrl\":\"https:\/\/9staedte.de\/wp-content\/uploads\/2023\/08\/Hannover-Airport-c-Michael-Thomas.jpg\",\"datePublished\":\"2023-11-02T08:51:59+00:00\",\"description\":\"A\u00e9roport de Hanovre : gr\u00e2ce \u00e0 la proximit\u00e9 des autoroutes A7 et A2 et \u00e0 la desserte par le S-Bahn, l'a\u00e9roport est un point de d\u00e9part optimal pour la suite du voyage. dans les 9 villes\",\"breadcrumb\":{\"@id\":\"https:\/\/9staedte.de\/fr\/aeroport-de-hanovre-porte-dentree-vers-les-9-villes\/#breadcrumb\"},\"inLanguage\":\"fr-FR\",\"potentialAction\":[{\"@type\":\"ReadAction\",\"target\":[\"https:\/\/9staedte.de\/fr\/aeroport-de-hanovre-porte-dentree-vers-les-9-villes\/\"]}]},{\"@type\":\"ImageObject\",\"inLanguage\":\"fr-FR\",\"@id\":\"https:\/\/9staedte.de\/fr\/aeroport-de-hanovre-porte-dentree-vers-les-9-villes\/#primaryimage\",\"url\":\"https:\/\/9staedte.de\/wp-content\/uploads\/2023\/08\/Hannover-Airport-c-Michael-Thomas.jpg\",\"contentUrl\":\"https:\/\/9staedte.de\/wp-content\/uploads\/2023\/08\/Hannover-Airport-c-Michael-Thomas.jpg\",\"width\":1020,\"height\":560,\"caption\":\"Hannover Airport Luftbild Foto: Michael Thomas\"},{\"@type\":\"BreadcrumbList\",\"@id\":\"https:\/\/9staedte.de\/fr\/aeroport-de-hanovre-porte-dentree-vers-les-9-villes\/#breadcrumb\",\"itemListElement\":[{\"@type\":\"ListItem\",\"position\":1,\"name\":\"Startseite\",\"item\":\"https:\/\/9staedte.de\/fr\/\"},{\"@type\":\"ListItem\",\"position\":2,\"name\":\"A\u00e9roport de Hanovre : porte d&#8217;entr\u00e9e vers les 9 villes\"}]},{\"@type\":\"WebSite\",\"@id\":\"https:\/\/9staedte.de\/fr\/#website\",\"url\":\"https:\/\/9staedte.de\/fr\/\",\"name\":\"9 St\u00e4dte in Niedersachsen\",\"description\":\"\",\"publisher\":{\"@id\":\"https:\/\/9staedte.de\/fr\/#organization\"},\"potentialAction\":[{\"@type\":\"SearchAction\",\"target\":{\"@type\":\"EntryPoint\",\"urlTemplate\":\"https:\/\/9staedte.de\/fr\/?s={search_term_string}\"},\"query-input\":{\"@type\":\"PropertyValueSpecification\",\"valueRequired\":true,\"valueName\":\"search_term_string\"}}],\"inLanguage\":\"fr-FR\"},{\"@type\":\"Organization\",\"@id\":\"https:\/\/9staedte.de\/fr\/#organization\",\"name\":\"9 St\u00e4dte in Niedersachsen\",\"url\":\"https:\/\/9staedte.de\/fr\/\",\"logo\":{\"@type\":\"ImageObject\",\"inLanguage\":\"fr-FR\",\"@id\":\"https:\/\/9staedte.de\/fr\/#\/schema\/logo\/image\/\",\"url\":\"https:\/\/9staedte.de\/wp-content\/uploads\/2025\/01\/9-neg-deutsch-2-1.png\",\"contentUrl\":\"https:\/\/9staedte.de\/wp-content\/uploads\/2025\/01\/9-neg-deutsch-2-1.png\",\"width\":190,\"height\":114,\"caption\":\"9 St\u00e4dte in Niedersachsen\"},\"image\":{\"@id\":\"https:\/\/9staedte.de\/fr\/#\/schema\/logo\/image\/\"}}]}<\/script>\n<!-- \/ Yoast SEO plugin. -->","yoast_head_json":{"title":"A\u00e9roport de Hanovre : porte d'entr\u00e9e vers les 9 villes - 9 St\u00e4dte in Niedersachsen","description":"A\u00e9roport de Hanovre : gr\u00e2ce \u00e0 la proximit\u00e9 des autoroutes A7 et A2 et \u00e0 la desserte par le S-Bahn, l'a\u00e9roport est un point de d\u00e9part optimal pour la suite du voyage. dans les 9 villes","robots":{"index":"index","follow":"follow","max-snippet":"max-snippet:-1","max-image-preview":"max-image-preview:large","max-video-preview":"max-video-preview:-1"},"canonical":"https:\/\/9staedte.de\/fr\/aeroport-de-hanovre-porte-dentree-vers-les-9-villes\/","og_locale":"fr_FR","og_type":"article","og_title":"A\u00e9roport de Hanovre : porte d'entr\u00e9e vers les 9 villes - 9 St\u00e4dte in Niedersachsen","og_description":"A\u00e9roport de Hanovre : gr\u00e2ce \u00e0 la proximit\u00e9 des autoroutes A7 et A2 et \u00e0 la desserte par le S-Bahn, l'a\u00e9roport est un point de d\u00e9part optimal pour la suite du voyage. dans les 9 villes","og_url":"https:\/\/9staedte.de\/fr\/aeroport-de-hanovre-porte-dentree-vers-les-9-villes\/","og_site_name":"9 St\u00e4dte in Niedersachsen","og_image":[{"width":1020,"height":560,"url":"https:\/\/9staedte.de\/wp-content\/uploads\/2023\/08\/Hannover-Airport-c-Michael-Thomas.jpg","type":"image\/jpeg"}],"twitter_card":"summary_large_image","twitter_misc":{"Dur\u00e9e de lecture estim\u00e9e":"1 minute"},"schema":{"@context":"https:\/\/schema.org","@graph":[{"@type":"WebPage","@id":"https:\/\/9staedte.de\/fr\/aeroport-de-hanovre-porte-dentree-vers-les-9-villes\/","url":"https:\/\/9staedte.de\/fr\/aeroport-de-hanovre-porte-dentree-vers-les-9-villes\/","name":"A\u00e9roport de Hanovre : porte d'entr\u00e9e vers les 9 villes - 9 St\u00e4dte in Niedersachsen","isPartOf":{"@id":"https:\/\/9staedte.de\/fr\/#website"},"primaryImageOfPage":{"@id":"https:\/\/9staedte.de\/fr\/aeroport-de-hanovre-porte-dentree-vers-les-9-villes\/#primaryimage"},"image":{"@id":"https:\/\/9staedte.de\/fr\/aeroport-de-hanovre-porte-dentree-vers-les-9-villes\/#primaryimage"},"thumbnailUrl":"https:\/\/9staedte.de\/wp-content\/uploads\/2023\/08\/Hannover-Airport-c-Michael-Thomas.jpg","datePublished":"2023-11-02T08:51:59+00:00","description":"A\u00e9roport de Hanovre : gr\u00e2ce \u00e0 la proximit\u00e9 des autoroutes A7 et A2 et \u00e0 la desserte par le S-Bahn, l'a\u00e9roport est un point de d\u00e9part optimal pour la suite du voyage. dans les 9 villes","breadcrumb":{"@id":"https:\/\/9staedte.de\/fr\/aeroport-de-hanovre-porte-dentree-vers-les-9-villes\/#breadcrumb"},"inLanguage":"fr-FR","potentialAction":[{"@type":"ReadAction","target":["https:\/\/9staedte.de\/fr\/aeroport-de-hanovre-porte-dentree-vers-les-9-villes\/"]}]},{"@type":"ImageObject","inLanguage":"fr-FR","@id":"https:\/\/9staedte.de\/fr\/aeroport-de-hanovre-porte-dentree-vers-les-9-villes\/#primaryimage","url":"https:\/\/9staedte.de\/wp-content\/uploads\/2023\/08\/Hannover-Airport-c-Michael-Thomas.jpg","contentUrl":"https:\/\/9staedte.de\/wp-content\/uploads\/2023\/08\/Hannover-Airport-c-Michael-Thomas.jpg","width":1020,"height":560,"caption":"Hannover Airport Luftbild Foto: Michael Thomas"},{"@type":"BreadcrumbList","@id":"https:\/\/9staedte.de\/fr\/aeroport-de-hanovre-porte-dentree-vers-les-9-villes\/#breadcrumb","itemListElement":[{"@type":"ListItem","position":1,"name":"Startseite","item":"https:\/\/9staedte.de\/fr\/"},{"@type":"ListItem","position":2,"name":"A\u00e9roport de Hanovre : porte d&#8217;entr\u00e9e vers les 9 villes"}]},{"@type":"WebSite","@id":"https:\/\/9staedte.de\/fr\/#website","url":"https:\/\/9staedte.de\/fr\/","name":"9 St\u00e4dte in Niedersachsen","description":"","publisher":{"@id":"https:\/\/9staedte.de\/fr\/#organization"},"potentialAction":[{"@type":"SearchAction","target":{"@type":"EntryPoint","urlTemplate":"https:\/\/9staedte.de\/fr\/?s={search_term_string}"},"query-input":{"@type":"PropertyValueSpecification","valueRequired":true,"valueName":"search_term_string"}}],"inLanguage":"fr-FR"},{"@type":"Organization","@id":"https:\/\/9staedte.de\/fr\/#organization","name":"9 St\u00e4dte in Niedersachsen","url":"https:\/\/9staedte.de\/fr\/","logo":{"@type":"ImageObject","inLanguage":"fr-FR","@id":"https:\/\/9staedte.de\/fr\/#\/schema\/logo\/image\/","url":"https:\/\/9staedte.de\/wp-content\/uploads\/2025\/01\/9-neg-deutsch-2-1.png","contentUrl":"https:\/\/9staedte.de\/wp-content\/uploads\/2025\/01\/9-neg-deutsch-2-1.png","width":190,"height":114,"caption":"9 St\u00e4dte in Niedersachsen"},"image":{"@id":"https:\/\/9staedte.de\/fr\/#\/schema\/logo\/image\/"}}]}},"_links":{"self":[{"href":"https:\/\/9staedte.de\/fr\/wp-json\/wp\/v2\/pages\/17899","targetHints":{"allow":["GET"]}}],"collection":[{"href":"https:\/\/9staedte.de\/fr\/wp-json\/wp\/v2\/pages"}],"about":[{"href":"https:\/\/9staedte.de\/fr\/wp-json\/wp\/v2\/types\/page"}],"author":[{"embeddable":true,"href":"https:\/\/9staedte.de\/fr\/wp-json\/wp\/v2\/users\/1"}],"replies":[{"embeddable":true,"href":"https:\/\/9staedte.de\/fr\/wp-json\/wp\/v2\/comments?post=17899"}],"version-history":[{"count":0,"href":"https:\/\/9staedte.de\/fr\/wp-json\/wp\/v2\/pages\/17899\/revisions"}],"wp:featuredmedia":[{"embeddable":true,"href":"https:\/\/9staedte.de\/fr\/wp-json\/wp\/v2\/media\/17902"}],"wp:attachment":[{"href":"https:\/\/9staedte.de\/fr\/wp-json\/wp\/v2\/media?parent=17899"}],"wp:term":[{"taxonomy":"category","embeddable":true,"href":"https:\/\/9staedte.de\/fr\/wp-json\/wp\/v2\/categories?post=17899"},{"taxonomy":"post_tag","embeddable":true,"href":"https:\/\/9staedte.de\/fr\/wp-json\/wp\/v2\/tags?post=17899"},{"taxonomy":"ncap_cities_tax","embeddable":true,"href":"https:\/\/9staedte.de\/fr\/wp-json\/wp\/v2\/ncap_cities_tax?post=17899"}],"curies":[{"name":"wp","href":"https:\/\/api.w.org\/{rel}","templated":true}]}}