{"id":17893,"date":"2023-11-02T09:51:32","date_gmt":"2023-11-02T08:51:32","guid":{"rendered":"https:\/\/9staedte.de\/vivre-lete-dans-les-9-villes-de-basse-saxe\/"},"modified":"2024-06-12T14:38:51","modified_gmt":"2024-06-12T12:38:51","slug":"vivre-lete-dans-les-9-villes-de-basse-saxe","status":"publish","type":"page","link":"https:\/\/9staedte.de\/fr\/vivre-lete-dans-les-9-villes-de-basse-saxe\/","title":{"rendered":"Vivre l&rsquo;\u00e9t\u00e9 dans les 9 villes de Basse-Saxe"},"content":{"rendered":"\n<h2 class=\"wp-block-heading\">Assistez \u00e0 nos \u00e9v\u00e9nements en plein air pleins d&rsquo;ambiance<\/h2>\n","protected":false},"excerpt":{"rendered":"<p>Assistez \u00e0 nos \u00e9v\u00e9nements en plein air pleins d&rsquo;ambiance<\/p>\n","protected":false},"author":1,"featured_media":0,"parent":0,"menu_order":0,"comment_status":"closed","ping_status":"closed","template":"pagetemplates\/template-thema.php","meta":{"_acf_changed":false,"footnotes":""},"categories":[],"tags":[],"ncap_cities_tax":[],"class_list":["post-17893","page","type-page","status-publish","hentry"],"acf":[],"yoast_head":"<!-- This site is optimized with the Yoast SEO plugin v26.8 - https:\/\/yoast.com\/product\/yoast-seo-wordpress\/ -->\n<title>Vivre l&#039;\u00e9t\u00e9 dans les 9 villes de Basse-Saxe - 9 St\u00e4dte in Niedersachsen<\/title>\n<meta name=\"robots\" content=\"index, follow, max-snippet:-1, max-image-preview:large, max-video-preview:-1\" \/>\n<link rel=\"canonical\" href=\"https:\/\/9staedte.de\/fr\/vivre-lete-dans-les-9-villes-de-basse-saxe\/\" \/>\n<meta property=\"og:locale\" content=\"fr_FR\" \/>\n<meta property=\"og:type\" content=\"article\" \/>\n<meta property=\"og:title\" content=\"Vivre l&#039;\u00e9t\u00e9 dans les 9 villes de Basse-Saxe - 9 St\u00e4dte in Niedersachsen\" \/>\n<meta property=\"og:description\" content=\"Assistez \u00e0 nos \u00e9v\u00e9nements en plein air pleins d&rsquo;ambiance\" \/>\n<meta property=\"og:url\" content=\"https:\/\/9staedte.de\/fr\/vivre-lete-dans-les-9-villes-de-basse-saxe\/\" \/>\n<meta property=\"og:site_name\" content=\"9 St\u00e4dte in Niedersachsen\" \/>\n<meta property=\"article:modified_time\" content=\"2024-06-12T12:38:51+00:00\" \/>\n<meta name=\"twitter:card\" content=\"summary_large_image\" \/>\n<meta name=\"twitter:label1\" content=\"Dur\u00e9e de lecture estim\u00e9e\" \/>\n\t<meta name=\"twitter:data1\" content=\"1 minute\" \/>\n<script type=\"application\/ld+json\" class=\"yoast-schema-graph\">{\"@context\":\"https:\/\/schema.org\",\"@graph\":[{\"@type\":\"WebPage\",\"@id\":\"https:\/\/9staedte.de\/fr\/vivre-lete-dans-les-9-villes-de-basse-saxe\/\",\"url\":\"https:\/\/9staedte.de\/fr\/vivre-lete-dans-les-9-villes-de-basse-saxe\/\",\"name\":\"Vivre l'\u00e9t\u00e9 dans les 9 villes de Basse-Saxe - 9 St\u00e4dte in Niedersachsen\",\"isPartOf\":{\"@id\":\"https:\/\/9staedte.de\/fr\/#website\"},\"datePublished\":\"2023-11-02T08:51:32+00:00\",\"dateModified\":\"2024-06-12T12:38:51+00:00\",\"breadcrumb\":{\"@id\":\"https:\/\/9staedte.de\/fr\/vivre-lete-dans-les-9-villes-de-basse-saxe\/#breadcrumb\"},\"inLanguage\":\"fr-FR\",\"potentialAction\":[{\"@type\":\"ReadAction\",\"target\":[\"https:\/\/9staedte.de\/fr\/vivre-lete-dans-les-9-villes-de-basse-saxe\/\"]}]},{\"@type\":\"BreadcrumbList\",\"@id\":\"https:\/\/9staedte.de\/fr\/vivre-lete-dans-les-9-villes-de-basse-saxe\/#breadcrumb\",\"itemListElement\":[{\"@type\":\"ListItem\",\"position\":1,\"name\":\"Startseite\",\"item\":\"https:\/\/9staedte.de\/fr\/\"},{\"@type\":\"ListItem\",\"position\":2,\"name\":\"Vivre l&#8217;\u00e9t\u00e9 dans les 9 villes de Basse-Saxe\"}]},{\"@type\":\"WebSite\",\"@id\":\"https:\/\/9staedte.de\/fr\/#website\",\"url\":\"https:\/\/9staedte.de\/fr\/\",\"name\":\"9 St\u00e4dte in Niedersachsen\",\"description\":\"\",\"publisher\":{\"@id\":\"https:\/\/9staedte.de\/fr\/#organization\"},\"potentialAction\":[{\"@type\":\"SearchAction\",\"target\":{\"@type\":\"EntryPoint\",\"urlTemplate\":\"https:\/\/9staedte.de\/fr\/?s={search_term_string}\"},\"query-input\":{\"@type\":\"PropertyValueSpecification\",\"valueRequired\":true,\"valueName\":\"search_term_string\"}}],\"inLanguage\":\"fr-FR\"},{\"@type\":\"Organization\",\"@id\":\"https:\/\/9staedte.de\/fr\/#organization\",\"name\":\"9 St\u00e4dte in Niedersachsen\",\"url\":\"https:\/\/9staedte.de\/fr\/\",\"logo\":{\"@type\":\"ImageObject\",\"inLanguage\":\"fr-FR\",\"@id\":\"https:\/\/9staedte.de\/fr\/#\/schema\/logo\/image\/\",\"url\":\"https:\/\/9staedte.de\/wp-content\/uploads\/2025\/01\/9-neg-deutsch-2-1.png\",\"contentUrl\":\"https:\/\/9staedte.de\/wp-content\/uploads\/2025\/01\/9-neg-deutsch-2-1.png\",\"width\":190,\"height\":114,\"caption\":\"9 St\u00e4dte in Niedersachsen\"},\"image\":{\"@id\":\"https:\/\/9staedte.de\/fr\/#\/schema\/logo\/image\/\"}}]}<\/script>\n<!-- \/ Yoast SEO plugin. -->","yoast_head_json":{"title":"Vivre l'\u00e9t\u00e9 dans les 9 villes de Basse-Saxe - 9 St\u00e4dte in Niedersachsen","robots":{"index":"index","follow":"follow","max-snippet":"max-snippet:-1","max-image-preview":"max-image-preview:large","max-video-preview":"max-video-preview:-1"},"canonical":"https:\/\/9staedte.de\/fr\/vivre-lete-dans-les-9-villes-de-basse-saxe\/","og_locale":"fr_FR","og_type":"article","og_title":"Vivre l'\u00e9t\u00e9 dans les 9 villes de Basse-Saxe - 9 St\u00e4dte in Niedersachsen","og_description":"Assistez \u00e0 nos \u00e9v\u00e9nements en plein air pleins d&rsquo;ambiance","og_url":"https:\/\/9staedte.de\/fr\/vivre-lete-dans-les-9-villes-de-basse-saxe\/","og_site_name":"9 St\u00e4dte in Niedersachsen","article_modified_time":"2024-06-12T12:38:51+00:00","twitter_card":"summary_large_image","twitter_misc":{"Dur\u00e9e de lecture estim\u00e9e":"1 minute"},"schema":{"@context":"https:\/\/schema.org","@graph":[{"@type":"WebPage","@id":"https:\/\/9staedte.de\/fr\/vivre-lete-dans-les-9-villes-de-basse-saxe\/","url":"https:\/\/9staedte.de\/fr\/vivre-lete-dans-les-9-villes-de-basse-saxe\/","name":"Vivre l'\u00e9t\u00e9 dans les 9 villes de Basse-Saxe - 9 St\u00e4dte in Niedersachsen","isPartOf":{"@id":"https:\/\/9staedte.de\/fr\/#website"},"datePublished":"2023-11-02T08:51:32+00:00","dateModified":"2024-06-12T12:38:51+00:00","breadcrumb":{"@id":"https:\/\/9staedte.de\/fr\/vivre-lete-dans-les-9-villes-de-basse-saxe\/#breadcrumb"},"inLanguage":"fr-FR","potentialAction":[{"@type":"ReadAction","target":["https:\/\/9staedte.de\/fr\/vivre-lete-dans-les-9-villes-de-basse-saxe\/"]}]},{"@type":"BreadcrumbList","@id":"https:\/\/9staedte.de\/fr\/vivre-lete-dans-les-9-villes-de-basse-saxe\/#breadcrumb","itemListElement":[{"@type":"ListItem","position":1,"name":"Startseite","item":"https:\/\/9staedte.de\/fr\/"},{"@type":"ListItem","position":2,"name":"Vivre l&#8217;\u00e9t\u00e9 dans les 9 villes de Basse-Saxe"}]},{"@type":"WebSite","@id":"https:\/\/9staedte.de\/fr\/#website","url":"https:\/\/9staedte.de\/fr\/","name":"9 St\u00e4dte in Niedersachsen","description":"","publisher":{"@id":"https:\/\/9staedte.de\/fr\/#organization"},"potentialAction":[{"@type":"SearchAction","target":{"@type":"EntryPoint","urlTemplate":"https:\/\/9staedte.de\/fr\/?s={search_term_string}"},"query-input":{"@type":"PropertyValueSpecification","valueRequired":true,"valueName":"search_term_string"}}],"inLanguage":"fr-FR"},{"@type":"Organization","@id":"https:\/\/9staedte.de\/fr\/#organization","name":"9 St\u00e4dte in Niedersachsen","url":"https:\/\/9staedte.de\/fr\/","logo":{"@type":"ImageObject","inLanguage":"fr-FR","@id":"https:\/\/9staedte.de\/fr\/#\/schema\/logo\/image\/","url":"https:\/\/9staedte.de\/wp-content\/uploads\/2025\/01\/9-neg-deutsch-2-1.png","contentUrl":"https:\/\/9staedte.de\/wp-content\/uploads\/2025\/01\/9-neg-deutsch-2-1.png","width":190,"height":114,"caption":"9 St\u00e4dte in Niedersachsen"},"image":{"@id":"https:\/\/9staedte.de\/fr\/#\/schema\/logo\/image\/"}}]}},"_links":{"self":[{"href":"https:\/\/9staedte.de\/fr\/wp-json\/wp\/v2\/pages\/17893","targetHints":{"allow":["GET"]}}],"collection":[{"href":"https:\/\/9staedte.de\/fr\/wp-json\/wp\/v2\/pages"}],"about":[{"href":"https:\/\/9staedte.de\/fr\/wp-json\/wp\/v2\/types\/page"}],"author":[{"embeddable":true,"href":"https:\/\/9staedte.de\/fr\/wp-json\/wp\/v2\/users\/1"}],"replies":[{"embeddable":true,"href":"https:\/\/9staedte.de\/fr\/wp-json\/wp\/v2\/comments?post=17893"}],"version-history":[{"count":2,"href":"https:\/\/9staedte.de\/fr\/wp-json\/wp\/v2\/pages\/17893\/revisions"}],"predecessor-version":[{"id":22437,"href":"https:\/\/9staedte.de\/fr\/wp-json\/wp\/v2\/pages\/17893\/revisions\/22437"}],"wp:attachment":[{"href":"https:\/\/9staedte.de\/fr\/wp-json\/wp\/v2\/media?parent=17893"}],"wp:term":[{"taxonomy":"category","embeddable":true,"href":"https:\/\/9staedte.de\/fr\/wp-json\/wp\/v2\/categories?post=17893"},{"taxonomy":"post_tag","embeddable":true,"href":"https:\/\/9staedte.de\/fr\/wp-json\/wp\/v2\/tags?post=17893"},{"taxonomy":"ncap_cities_tax","embeddable":true,"href":"https:\/\/9staedte.de\/fr\/wp-json\/wp\/v2\/ncap_cities_tax?post=17893"}],"curies":[{"name":"wp","href":"https:\/\/api.w.org\/{rel}","templated":true}]}}