{"id":17867,"date":"2023-11-02T09:51:29","date_gmt":"2023-11-02T08:51:29","guid":{"rendered":"https:\/\/9staedte.de\/marches-de-noel-dans-les-9-villes\/"},"modified":"2025-11-13T14:50:10","modified_gmt":"2025-11-13T13:50:10","slug":"marches-de-noel-dans-les-9-villes","status":"publish","type":"page","link":"https:\/\/9staedte.de\/fr\/marches-de-noel-dans-les-9-villes\/","title":{"rendered":"March\u00e9s de No\u00ebl dans les 9 villes de Basse-Saxe"},"content":{"rendered":"\n<h2 class=\"wp-block-heading\">O\u00f9 les march\u00e9s de No\u00ebl enchantent&#8230;<\/h2>\n\n<p><strong>Une ambiance de No\u00ebl traditionnelle dans l&rsquo;une des plus belles r\u00e9gions de march\u00e9s de No\u00ebl d&rsquo;Allemagne<\/strong><\/p>\n\n<p>Les march\u00e9s de No\u00ebl des 9 villes de Basse-Saxe s&rsquo;illuminent dans des d\u00e9cors historiques : des places d\u00e9cor\u00e9es pour la f\u00eate, des offres traditionnelles et des achats de No\u00ebl dans une ambiance chaleureuse rendent chaque s\u00e9jour sp\u00e9cial. La ville de l&rsquo;automobile brille elle aussi comme un pays des merveilles hivernales.   <br\/>Gr\u00e2ce aux courtes distances, les villes peuvent \u00eatre d\u00e9couvertes \u00e0 merveille lors d&rsquo;un circuit avant No\u00ebl.<br\/><\/p>\n\n<p><\/p>\n","protected":false},"excerpt":{"rendered":"<p>O\u00f9 les march\u00e9s de No\u00ebl enchantent&#8230; Une ambiance de No\u00ebl traditionnelle dans l&rsquo;une des plus belles r\u00e9gions de march\u00e9s de No\u00ebl d&rsquo;Allemagne Les march\u00e9s de No\u00ebl des 9 villes de Basse-Saxe s&rsquo;illuminent dans des d\u00e9cors historiques : des places d\u00e9cor\u00e9es pour la f\u00eate, des offres traditionnelles et des achats de No\u00ebl dans une ambiance chaleureuse [&hellip;]<\/p>\n","protected":false},"author":1,"featured_media":26986,"parent":0,"menu_order":0,"comment_status":"closed","ping_status":"closed","template":"pagetemplates\/template-thema.php","meta":{"_acf_changed":false,"footnotes":""},"categories":[],"tags":[],"ncap_cities_tax":[],"class_list":["post-17867","page","type-page","status-publish","has-post-thumbnail","hentry"],"acf":[],"yoast_head":"<!-- This site is optimized with the Yoast SEO plugin v26.8 - https:\/\/yoast.com\/product\/yoast-seo-wordpress\/ -->\n<title>March\u00e9s de No\u00ebl dans les 9 villes de Basse-Saxe - 9 St\u00e4dte in Niedersachsen<\/title>\n<meta name=\"description\" content=\"Les plus beaux march\u00e9s de No\u00ebl de Basse-Saxe s&#039;illuminent devant de magnifiques d\u00e9cors historiques dans les 9 villes suivantes\" \/>\n<meta name=\"robots\" content=\"index, follow, max-snippet:-1, max-image-preview:large, max-video-preview:-1\" \/>\n<link rel=\"canonical\" href=\"https:\/\/9staedte.de\/fr\/marches-de-noel-dans-les-9-villes\/\" \/>\n<meta property=\"og:locale\" content=\"fr_FR\" \/>\n<meta property=\"og:type\" content=\"article\" \/>\n<meta property=\"og:title\" content=\"March\u00e9s de No\u00ebl dans les 9 villes de Basse-Saxe - 9 St\u00e4dte in Niedersachsen\" \/>\n<meta property=\"og:description\" content=\"Les plus beaux march\u00e9s de No\u00ebl de Basse-Saxe s&#039;illuminent devant de magnifiques d\u00e9cors historiques dans les 9 villes suivantes\" \/>\n<meta property=\"og:url\" content=\"https:\/\/9staedte.de\/fr\/marches-de-noel-dans-les-9-villes\/\" \/>\n<meta property=\"og:site_name\" content=\"9 St\u00e4dte in Niedersachsen\" \/>\n<meta property=\"article:modified_time\" content=\"2025-11-13T13:50:10+00:00\" \/>\n<meta property=\"og:image\" content=\"https:\/\/9staedte.de\/wp-content\/uploads\/2025\/09\/Goslar_Weihnachtswald_GOSLAR_marketing_gmbh_Michael_Abid.jpg\" \/>\n\t<meta property=\"og:image:width\" content=\"1020\" \/>\n\t<meta property=\"og:image:height\" content=\"560\" \/>\n\t<meta property=\"og:image:type\" content=\"image\/jpeg\" \/>\n<meta name=\"twitter:card\" content=\"summary_large_image\" \/>\n<meta name=\"twitter:label1\" content=\"Dur\u00e9e de lecture estim\u00e9e\" \/>\n\t<meta name=\"twitter:data1\" content=\"1 minute\" \/>\n<script type=\"application\/ld+json\" class=\"yoast-schema-graph\">{\"@context\":\"https:\/\/schema.org\",\"@graph\":[{\"@type\":\"WebPage\",\"@id\":\"https:\/\/9staedte.de\/fr\/marches-de-noel-dans-les-9-villes\/\",\"url\":\"https:\/\/9staedte.de\/fr\/marches-de-noel-dans-les-9-villes\/\",\"name\":\"March\u00e9s de No\u00ebl dans les 9 villes de Basse-Saxe - 9 St\u00e4dte in Niedersachsen\",\"isPartOf\":{\"@id\":\"https:\/\/9staedte.de\/fr\/#website\"},\"primaryImageOfPage\":{\"@id\":\"https:\/\/9staedte.de\/fr\/marches-de-noel-dans-les-9-villes\/#primaryimage\"},\"image\":{\"@id\":\"https:\/\/9staedte.de\/fr\/marches-de-noel-dans-les-9-villes\/#primaryimage\"},\"thumbnailUrl\":\"https:\/\/9staedte.de\/wp-content\/uploads\/2025\/09\/Goslar_Weihnachtswald_GOSLAR_marketing_gmbh_Michael_Abid.jpg\",\"datePublished\":\"2023-11-02T08:51:29+00:00\",\"dateModified\":\"2025-11-13T13:50:10+00:00\",\"description\":\"Les plus beaux march\u00e9s de No\u00ebl de Basse-Saxe s'illuminent devant de magnifiques d\u00e9cors historiques dans les 9 villes suivantes\",\"breadcrumb\":{\"@id\":\"https:\/\/9staedte.de\/fr\/marches-de-noel-dans-les-9-villes\/#breadcrumb\"},\"inLanguage\":\"fr-FR\",\"potentialAction\":[{\"@type\":\"ReadAction\",\"target\":[\"https:\/\/9staedte.de\/fr\/marches-de-noel-dans-les-9-villes\/\"]}]},{\"@type\":\"ImageObject\",\"inLanguage\":\"fr-FR\",\"@id\":\"https:\/\/9staedte.de\/fr\/marches-de-noel-dans-les-9-villes\/#primaryimage\",\"url\":\"https:\/\/9staedte.de\/wp-content\/uploads\/2025\/09\/Goslar_Weihnachtswald_GOSLAR_marketing_gmbh_Michael_Abid.jpg\",\"contentUrl\":\"https:\/\/9staedte.de\/wp-content\/uploads\/2025\/09\/Goslar_Weihnachtswald_GOSLAR_marketing_gmbh_Michael_Abid.jpg\",\"width\":1020,\"height\":560,\"caption\":\"Goslar Weihnachtswald c) GOSLAR marketing gmbh Michael_Abid\"},{\"@type\":\"BreadcrumbList\",\"@id\":\"https:\/\/9staedte.de\/fr\/marches-de-noel-dans-les-9-villes\/#breadcrumb\",\"itemListElement\":[{\"@type\":\"ListItem\",\"position\":1,\"name\":\"Startseite\",\"item\":\"https:\/\/9staedte.de\/fr\/\"},{\"@type\":\"ListItem\",\"position\":2,\"name\":\"March\u00e9s de No\u00ebl dans les 9 villes de Basse-Saxe\"}]},{\"@type\":\"WebSite\",\"@id\":\"https:\/\/9staedte.de\/fr\/#website\",\"url\":\"https:\/\/9staedte.de\/fr\/\",\"name\":\"9 St\u00e4dte in Niedersachsen\",\"description\":\"\",\"publisher\":{\"@id\":\"https:\/\/9staedte.de\/fr\/#organization\"},\"potentialAction\":[{\"@type\":\"SearchAction\",\"target\":{\"@type\":\"EntryPoint\",\"urlTemplate\":\"https:\/\/9staedte.de\/fr\/?s={search_term_string}\"},\"query-input\":{\"@type\":\"PropertyValueSpecification\",\"valueRequired\":true,\"valueName\":\"search_term_string\"}}],\"inLanguage\":\"fr-FR\"},{\"@type\":\"Organization\",\"@id\":\"https:\/\/9staedte.de\/fr\/#organization\",\"name\":\"9 St\u00e4dte in Niedersachsen\",\"url\":\"https:\/\/9staedte.de\/fr\/\",\"logo\":{\"@type\":\"ImageObject\",\"inLanguage\":\"fr-FR\",\"@id\":\"https:\/\/9staedte.de\/fr\/#\/schema\/logo\/image\/\",\"url\":\"https:\/\/9staedte.de\/wp-content\/uploads\/2025\/01\/9-neg-deutsch-2-1.png\",\"contentUrl\":\"https:\/\/9staedte.de\/wp-content\/uploads\/2025\/01\/9-neg-deutsch-2-1.png\",\"width\":190,\"height\":114,\"caption\":\"9 St\u00e4dte in Niedersachsen\"},\"image\":{\"@id\":\"https:\/\/9staedte.de\/fr\/#\/schema\/logo\/image\/\"}}]}<\/script>\n<!-- \/ Yoast SEO plugin. -->","yoast_head_json":{"title":"March\u00e9s de No\u00ebl dans les 9 villes de Basse-Saxe - 9 St\u00e4dte in Niedersachsen","description":"Les plus beaux march\u00e9s de No\u00ebl de Basse-Saxe s'illuminent devant de magnifiques d\u00e9cors historiques dans les 9 villes suivantes","robots":{"index":"index","follow":"follow","max-snippet":"max-snippet:-1","max-image-preview":"max-image-preview:large","max-video-preview":"max-video-preview:-1"},"canonical":"https:\/\/9staedte.de\/fr\/marches-de-noel-dans-les-9-villes\/","og_locale":"fr_FR","og_type":"article","og_title":"March\u00e9s de No\u00ebl dans les 9 villes de Basse-Saxe - 9 St\u00e4dte in Niedersachsen","og_description":"Les plus beaux march\u00e9s de No\u00ebl de Basse-Saxe s'illuminent devant de magnifiques d\u00e9cors historiques dans les 9 villes suivantes","og_url":"https:\/\/9staedte.de\/fr\/marches-de-noel-dans-les-9-villes\/","og_site_name":"9 St\u00e4dte in Niedersachsen","article_modified_time":"2025-11-13T13:50:10+00:00","og_image":[{"width":1020,"height":560,"url":"https:\/\/9staedte.de\/wp-content\/uploads\/2025\/09\/Goslar_Weihnachtswald_GOSLAR_marketing_gmbh_Michael_Abid.jpg","type":"image\/jpeg"}],"twitter_card":"summary_large_image","twitter_misc":{"Dur\u00e9e de lecture estim\u00e9e":"1 minute"},"schema":{"@context":"https:\/\/schema.org","@graph":[{"@type":"WebPage","@id":"https:\/\/9staedte.de\/fr\/marches-de-noel-dans-les-9-villes\/","url":"https:\/\/9staedte.de\/fr\/marches-de-noel-dans-les-9-villes\/","name":"March\u00e9s de No\u00ebl dans les 9 villes de Basse-Saxe - 9 St\u00e4dte in Niedersachsen","isPartOf":{"@id":"https:\/\/9staedte.de\/fr\/#website"},"primaryImageOfPage":{"@id":"https:\/\/9staedte.de\/fr\/marches-de-noel-dans-les-9-villes\/#primaryimage"},"image":{"@id":"https:\/\/9staedte.de\/fr\/marches-de-noel-dans-les-9-villes\/#primaryimage"},"thumbnailUrl":"https:\/\/9staedte.de\/wp-content\/uploads\/2025\/09\/Goslar_Weihnachtswald_GOSLAR_marketing_gmbh_Michael_Abid.jpg","datePublished":"2023-11-02T08:51:29+00:00","dateModified":"2025-11-13T13:50:10+00:00","description":"Les plus beaux march\u00e9s de No\u00ebl de Basse-Saxe s'illuminent devant de magnifiques d\u00e9cors historiques dans les 9 villes suivantes","breadcrumb":{"@id":"https:\/\/9staedte.de\/fr\/marches-de-noel-dans-les-9-villes\/#breadcrumb"},"inLanguage":"fr-FR","potentialAction":[{"@type":"ReadAction","target":["https:\/\/9staedte.de\/fr\/marches-de-noel-dans-les-9-villes\/"]}]},{"@type":"ImageObject","inLanguage":"fr-FR","@id":"https:\/\/9staedte.de\/fr\/marches-de-noel-dans-les-9-villes\/#primaryimage","url":"https:\/\/9staedte.de\/wp-content\/uploads\/2025\/09\/Goslar_Weihnachtswald_GOSLAR_marketing_gmbh_Michael_Abid.jpg","contentUrl":"https:\/\/9staedte.de\/wp-content\/uploads\/2025\/09\/Goslar_Weihnachtswald_GOSLAR_marketing_gmbh_Michael_Abid.jpg","width":1020,"height":560,"caption":"Goslar Weihnachtswald c) GOSLAR marketing gmbh Michael_Abid"},{"@type":"BreadcrumbList","@id":"https:\/\/9staedte.de\/fr\/marches-de-noel-dans-les-9-villes\/#breadcrumb","itemListElement":[{"@type":"ListItem","position":1,"name":"Startseite","item":"https:\/\/9staedte.de\/fr\/"},{"@type":"ListItem","position":2,"name":"March\u00e9s de No\u00ebl dans les 9 villes de Basse-Saxe"}]},{"@type":"WebSite","@id":"https:\/\/9staedte.de\/fr\/#website","url":"https:\/\/9staedte.de\/fr\/","name":"9 St\u00e4dte in Niedersachsen","description":"","publisher":{"@id":"https:\/\/9staedte.de\/fr\/#organization"},"potentialAction":[{"@type":"SearchAction","target":{"@type":"EntryPoint","urlTemplate":"https:\/\/9staedte.de\/fr\/?s={search_term_string}"},"query-input":{"@type":"PropertyValueSpecification","valueRequired":true,"valueName":"search_term_string"}}],"inLanguage":"fr-FR"},{"@type":"Organization","@id":"https:\/\/9staedte.de\/fr\/#organization","name":"9 St\u00e4dte in Niedersachsen","url":"https:\/\/9staedte.de\/fr\/","logo":{"@type":"ImageObject","inLanguage":"fr-FR","@id":"https:\/\/9staedte.de\/fr\/#\/schema\/logo\/image\/","url":"https:\/\/9staedte.de\/wp-content\/uploads\/2025\/01\/9-neg-deutsch-2-1.png","contentUrl":"https:\/\/9staedte.de\/wp-content\/uploads\/2025\/01\/9-neg-deutsch-2-1.png","width":190,"height":114,"caption":"9 St\u00e4dte in Niedersachsen"},"image":{"@id":"https:\/\/9staedte.de\/fr\/#\/schema\/logo\/image\/"}}]}},"_links":{"self":[{"href":"https:\/\/9staedte.de\/fr\/wp-json\/wp\/v2\/pages\/17867","targetHints":{"allow":["GET"]}}],"collection":[{"href":"https:\/\/9staedte.de\/fr\/wp-json\/wp\/v2\/pages"}],"about":[{"href":"https:\/\/9staedte.de\/fr\/wp-json\/wp\/v2\/types\/page"}],"author":[{"embeddable":true,"href":"https:\/\/9staedte.de\/fr\/wp-json\/wp\/v2\/users\/1"}],"replies":[{"embeddable":true,"href":"https:\/\/9staedte.de\/fr\/wp-json\/wp\/v2\/comments?post=17867"}],"version-history":[{"count":7,"href":"https:\/\/9staedte.de\/fr\/wp-json\/wp\/v2\/pages\/17867\/revisions"}],"predecessor-version":[{"id":27517,"href":"https:\/\/9staedte.de\/fr\/wp-json\/wp\/v2\/pages\/17867\/revisions\/27517"}],"wp:featuredmedia":[{"embeddable":true,"href":"https:\/\/9staedte.de\/fr\/wp-json\/wp\/v2\/media\/26986"}],"wp:attachment":[{"href":"https:\/\/9staedte.de\/fr\/wp-json\/wp\/v2\/media?parent=17867"}],"wp:term":[{"taxonomy":"category","embeddable":true,"href":"https:\/\/9staedte.de\/fr\/wp-json\/wp\/v2\/categories?post=17867"},{"taxonomy":"post_tag","embeddable":true,"href":"https:\/\/9staedte.de\/fr\/wp-json\/wp\/v2\/tags?post=17867"},{"taxonomy":"ncap_cities_tax","embeddable":true,"href":"https:\/\/9staedte.de\/fr\/wp-json\/wp\/v2\/ncap_cities_tax?post=17867"}],"curies":[{"name":"wp","href":"https:\/\/api.w.org\/{rel}","templated":true}]}}