{"id":17821,"date":"2023-11-02T09:50:40","date_gmt":"2023-11-02T08:50:40","guid":{"rendered":"https:\/\/9staedte.de\/impressions-de-hildesheim\/"},"modified":"2023-11-02T18:13:05","modified_gmt":"2023-11-02T17:13:05","slug":"impressions-de-hildesheim","status":"publish","type":"page","link":"https:\/\/9staedte.de\/fr\/hildesheim-ville-classee-au-patrimoine-mondial-de-lunesco\/impressions-de-hildesheim\/","title":{"rendered":"Impressions de Hildesheim"},"content":{"rendered":"\n<h2 class=\"wp-block-heading\">Ville class\u00e9e au patrimoine mondial de l&rsquo;UNESCO, pleine de culture et d&rsquo;histoire<\/h2>\n\n\n\n<h3 class=\"wp-block-heading\">Un aper\u00e7u :<\/h3>\n","protected":false},"excerpt":{"rendered":"<p>Ville class\u00e9e au patrimoine mondial de l&rsquo;UNESCO, pleine de culture et d&rsquo;histoire Un aper\u00e7u :<\/p>\n","protected":false},"author":1,"featured_media":17824,"parent":17998,"menu_order":0,"comment_status":"closed","ping_status":"closed","template":"pagetemplates\/template-stadtimpressionen.php","meta":{"_acf_changed":false,"footnotes":""},"categories":[],"tags":[],"ncap_cities_tax":[464,604],"class_list":["post-17821","page","type-page","status-publish","has-post-thumbnail","hentry","ncap_cities_tax-hildesheim-fr","ncap_cities_tax-impressionen-hildesheim-fr"],"acf":[],"yoast_head":"<!-- This site is optimized with the Yoast SEO plugin v27.4 - https:\/\/yoast.com\/product\/yoast-seo-wordpress\/ -->\n<title>Impressions de Hildesheim - 9 St\u00e4dte in Niedersachsen<\/title>\n<meta name=\"robots\" content=\"index, follow, max-snippet:-1, max-image-preview:large, max-video-preview:-1\" \/>\n<link rel=\"canonical\" href=\"https:\/\/9staedte.de\/fr\/hildesheim-ville-classee-au-patrimoine-mondial-de-lunesco\/impressions-de-hildesheim\/\" \/>\n<meta property=\"og:locale\" content=\"fr_FR\" \/>\n<meta property=\"og:type\" content=\"article\" \/>\n<meta property=\"og:title\" content=\"Impressions de Hildesheim - 9 St\u00e4dte in Niedersachsen\" \/>\n<meta property=\"og:description\" content=\"Ville class\u00e9e au patrimoine mondial de l&rsquo;UNESCO, pleine de culture et d&rsquo;histoire Un aper\u00e7u :\" \/>\n<meta property=\"og:url\" content=\"https:\/\/9staedte.de\/fr\/hildesheim-ville-classee-au-patrimoine-mondial-de-lunesco\/impressions-de-hildesheim\/\" \/>\n<meta property=\"og:site_name\" content=\"9 St\u00e4dte in Niedersachsen\" \/>\n<meta property=\"article:modified_time\" content=\"2023-11-02T17:13:05+00:00\" \/>\n<meta property=\"og:image\" content=\"https:\/\/9staedte.de\/wp-content\/uploads\/2023\/07\/Hildesheimer-Marktplatz_Foto-Max-Wiesenbach-1-1.jpg\" \/>\n\t<meta property=\"og:image:width\" content=\"1020\" \/>\n\t<meta property=\"og:image:height\" content=\"561\" \/>\n\t<meta property=\"og:image:type\" content=\"image\/jpeg\" \/>\n<meta name=\"twitter:card\" content=\"summary_large_image\" \/>\n<meta name=\"twitter:label1\" content=\"Dur\u00e9e de lecture estim\u00e9e\" \/>\n\t<meta name=\"twitter:data1\" content=\"1 minute\" \/>\n<script type=\"application\/ld+json\" class=\"yoast-schema-graph\">{\"@context\":\"https:\\\/\\\/schema.org\",\"@graph\":[{\"@type\":\"WebPage\",\"@id\":\"https:\\\/\\\/9staedte.de\\\/fr\\\/hildesheim-ville-classee-au-patrimoine-mondial-de-lunesco\\\/impressions-de-hildesheim\\\/\",\"url\":\"https:\\\/\\\/9staedte.de\\\/fr\\\/hildesheim-ville-classee-au-patrimoine-mondial-de-lunesco\\\/impressions-de-hildesheim\\\/\",\"name\":\"Impressions de Hildesheim - 9 St\u00e4dte in Niedersachsen\",\"isPartOf\":{\"@id\":\"https:\\\/\\\/9staedte.de\\\/fr\\\/#website\"},\"primaryImageOfPage\":{\"@id\":\"https:\\\/\\\/9staedte.de\\\/fr\\\/hildesheim-ville-classee-au-patrimoine-mondial-de-lunesco\\\/impressions-de-hildesheim\\\/#primaryimage\"},\"image\":{\"@id\":\"https:\\\/\\\/9staedte.de\\\/fr\\\/hildesheim-ville-classee-au-patrimoine-mondial-de-lunesco\\\/impressions-de-hildesheim\\\/#primaryimage\"},\"thumbnailUrl\":\"https:\\\/\\\/9staedte.de\\\/wp-content\\\/uploads\\\/2023\\\/07\\\/Hildesheimer-Marktplatz_Foto-Max-Wiesenbach-1-1.jpg\",\"datePublished\":\"2023-11-02T08:50:40+00:00\",\"dateModified\":\"2023-11-02T17:13:05+00:00\",\"breadcrumb\":{\"@id\":\"https:\\\/\\\/9staedte.de\\\/fr\\\/hildesheim-ville-classee-au-patrimoine-mondial-de-lunesco\\\/impressions-de-hildesheim\\\/#breadcrumb\"},\"inLanguage\":\"fr-FR\",\"potentialAction\":[{\"@type\":\"ReadAction\",\"target\":[\"https:\\\/\\\/9staedte.de\\\/fr\\\/hildesheim-ville-classee-au-patrimoine-mondial-de-lunesco\\\/impressions-de-hildesheim\\\/\"]}]},{\"@type\":\"ImageObject\",\"inLanguage\":\"fr-FR\",\"@id\":\"https:\\\/\\\/9staedte.de\\\/fr\\\/hildesheim-ville-classee-au-patrimoine-mondial-de-lunesco\\\/impressions-de-hildesheim\\\/#primaryimage\",\"url\":\"https:\\\/\\\/9staedte.de\\\/wp-content\\\/uploads\\\/2023\\\/07\\\/Hildesheimer-Marktplatz_Foto-Max-Wiesenbach-1-1.jpg\",\"contentUrl\":\"https:\\\/\\\/9staedte.de\\\/wp-content\\\/uploads\\\/2023\\\/07\\\/Hildesheimer-Marktplatz_Foto-Max-Wiesenbach-1-1.jpg\",\"width\":1020,\"height\":561,\"caption\":\"Hildesheimer Marktplatz_Foto Max Wiesenbach (1)\"},{\"@type\":\"BreadcrumbList\",\"@id\":\"https:\\\/\\\/9staedte.de\\\/fr\\\/hildesheim-ville-classee-au-patrimoine-mondial-de-lunesco\\\/impressions-de-hildesheim\\\/#breadcrumb\",\"itemListElement\":[{\"@type\":\"ListItem\",\"position\":1,\"name\":\"Startseite\",\"item\":\"https:\\\/\\\/9staedte.de\\\/fr\\\/\"},{\"@type\":\"ListItem\",\"position\":2,\"name\":\"Hildesheim &#8211; ville class\u00e9e au patrimoine mondial de l&#8217;UNESCO\",\"item\":\"https:\\\/\\\/9staedte.de\\\/fr\\\/hildesheim-ville-classee-au-patrimoine-mondial-de-lunesco\\\/\"},{\"@type\":\"ListItem\",\"position\":3,\"name\":\"Impressions de Hildesheim\"}]},{\"@type\":\"WebSite\",\"@id\":\"https:\\\/\\\/9staedte.de\\\/fr\\\/#website\",\"url\":\"https:\\\/\\\/9staedte.de\\\/fr\\\/\",\"name\":\"9 St\u00e4dte in Niedersachsen\",\"description\":\"\",\"publisher\":{\"@id\":\"https:\\\/\\\/9staedte.de\\\/fr\\\/#organization\"},\"potentialAction\":[{\"@type\":\"SearchAction\",\"target\":{\"@type\":\"EntryPoint\",\"urlTemplate\":\"https:\\\/\\\/9staedte.de\\\/fr\\\/?s={search_term_string}\"},\"query-input\":{\"@type\":\"PropertyValueSpecification\",\"valueRequired\":true,\"valueName\":\"search_term_string\"}}],\"inLanguage\":\"fr-FR\"},{\"@type\":\"Organization\",\"@id\":\"https:\\\/\\\/9staedte.de\\\/fr\\\/#organization\",\"name\":\"9 St\u00e4dte in Niedersachsen\",\"url\":\"https:\\\/\\\/9staedte.de\\\/fr\\\/\",\"logo\":{\"@type\":\"ImageObject\",\"inLanguage\":\"fr-FR\",\"@id\":\"https:\\\/\\\/9staedte.de\\\/fr\\\/#\\\/schema\\\/logo\\\/image\\\/\",\"url\":\"https:\\\/\\\/9staedte.de\\\/wp-content\\\/uploads\\\/2025\\\/01\\\/9-neg-deutsch-2-1.png\",\"contentUrl\":\"https:\\\/\\\/9staedte.de\\\/wp-content\\\/uploads\\\/2025\\\/01\\\/9-neg-deutsch-2-1.png\",\"width\":190,\"height\":114,\"caption\":\"9 St\u00e4dte in Niedersachsen\"},\"image\":{\"@id\":\"https:\\\/\\\/9staedte.de\\\/fr\\\/#\\\/schema\\\/logo\\\/image\\\/\"}}]}<\/script>\n<!-- \/ Yoast SEO plugin. -->","yoast_head_json":{"title":"Impressions de Hildesheim - 9 St\u00e4dte in Niedersachsen","robots":{"index":"index","follow":"follow","max-snippet":"max-snippet:-1","max-image-preview":"max-image-preview:large","max-video-preview":"max-video-preview:-1"},"canonical":"https:\/\/9staedte.de\/fr\/hildesheim-ville-classee-au-patrimoine-mondial-de-lunesco\/impressions-de-hildesheim\/","og_locale":"fr_FR","og_type":"article","og_title":"Impressions de Hildesheim - 9 St\u00e4dte in Niedersachsen","og_description":"Ville class\u00e9e au patrimoine mondial de l&rsquo;UNESCO, pleine de culture et d&rsquo;histoire Un aper\u00e7u :","og_url":"https:\/\/9staedte.de\/fr\/hildesheim-ville-classee-au-patrimoine-mondial-de-lunesco\/impressions-de-hildesheim\/","og_site_name":"9 St\u00e4dte in Niedersachsen","article_modified_time":"2023-11-02T17:13:05+00:00","og_image":[{"width":1020,"height":561,"url":"https:\/\/9staedte.de\/wp-content\/uploads\/2023\/07\/Hildesheimer-Marktplatz_Foto-Max-Wiesenbach-1-1.jpg","type":"image\/jpeg"}],"twitter_card":"summary_large_image","twitter_misc":{"Dur\u00e9e de lecture estim\u00e9e":"1 minute"},"schema":{"@context":"https:\/\/schema.org","@graph":[{"@type":"WebPage","@id":"https:\/\/9staedte.de\/fr\/hildesheim-ville-classee-au-patrimoine-mondial-de-lunesco\/impressions-de-hildesheim\/","url":"https:\/\/9staedte.de\/fr\/hildesheim-ville-classee-au-patrimoine-mondial-de-lunesco\/impressions-de-hildesheim\/","name":"Impressions de Hildesheim - 9 St\u00e4dte in Niedersachsen","isPartOf":{"@id":"https:\/\/9staedte.de\/fr\/#website"},"primaryImageOfPage":{"@id":"https:\/\/9staedte.de\/fr\/hildesheim-ville-classee-au-patrimoine-mondial-de-lunesco\/impressions-de-hildesheim\/#primaryimage"},"image":{"@id":"https:\/\/9staedte.de\/fr\/hildesheim-ville-classee-au-patrimoine-mondial-de-lunesco\/impressions-de-hildesheim\/#primaryimage"},"thumbnailUrl":"https:\/\/9staedte.de\/wp-content\/uploads\/2023\/07\/Hildesheimer-Marktplatz_Foto-Max-Wiesenbach-1-1.jpg","datePublished":"2023-11-02T08:50:40+00:00","dateModified":"2023-11-02T17:13:05+00:00","breadcrumb":{"@id":"https:\/\/9staedte.de\/fr\/hildesheim-ville-classee-au-patrimoine-mondial-de-lunesco\/impressions-de-hildesheim\/#breadcrumb"},"inLanguage":"fr-FR","potentialAction":[{"@type":"ReadAction","target":["https:\/\/9staedte.de\/fr\/hildesheim-ville-classee-au-patrimoine-mondial-de-lunesco\/impressions-de-hildesheim\/"]}]},{"@type":"ImageObject","inLanguage":"fr-FR","@id":"https:\/\/9staedte.de\/fr\/hildesheim-ville-classee-au-patrimoine-mondial-de-lunesco\/impressions-de-hildesheim\/#primaryimage","url":"https:\/\/9staedte.de\/wp-content\/uploads\/2023\/07\/Hildesheimer-Marktplatz_Foto-Max-Wiesenbach-1-1.jpg","contentUrl":"https:\/\/9staedte.de\/wp-content\/uploads\/2023\/07\/Hildesheimer-Marktplatz_Foto-Max-Wiesenbach-1-1.jpg","width":1020,"height":561,"caption":"Hildesheimer Marktplatz_Foto Max Wiesenbach (1)"},{"@type":"BreadcrumbList","@id":"https:\/\/9staedte.de\/fr\/hildesheim-ville-classee-au-patrimoine-mondial-de-lunesco\/impressions-de-hildesheim\/#breadcrumb","itemListElement":[{"@type":"ListItem","position":1,"name":"Startseite","item":"https:\/\/9staedte.de\/fr\/"},{"@type":"ListItem","position":2,"name":"Hildesheim &#8211; ville class\u00e9e au patrimoine mondial de l&#8217;UNESCO","item":"https:\/\/9staedte.de\/fr\/hildesheim-ville-classee-au-patrimoine-mondial-de-lunesco\/"},{"@type":"ListItem","position":3,"name":"Impressions de Hildesheim"}]},{"@type":"WebSite","@id":"https:\/\/9staedte.de\/fr\/#website","url":"https:\/\/9staedte.de\/fr\/","name":"9 St\u00e4dte in Niedersachsen","description":"","publisher":{"@id":"https:\/\/9staedte.de\/fr\/#organization"},"potentialAction":[{"@type":"SearchAction","target":{"@type":"EntryPoint","urlTemplate":"https:\/\/9staedte.de\/fr\/?s={search_term_string}"},"query-input":{"@type":"PropertyValueSpecification","valueRequired":true,"valueName":"search_term_string"}}],"inLanguage":"fr-FR"},{"@type":"Organization","@id":"https:\/\/9staedte.de\/fr\/#organization","name":"9 St\u00e4dte in Niedersachsen","url":"https:\/\/9staedte.de\/fr\/","logo":{"@type":"ImageObject","inLanguage":"fr-FR","@id":"https:\/\/9staedte.de\/fr\/#\/schema\/logo\/image\/","url":"https:\/\/9staedte.de\/wp-content\/uploads\/2025\/01\/9-neg-deutsch-2-1.png","contentUrl":"https:\/\/9staedte.de\/wp-content\/uploads\/2025\/01\/9-neg-deutsch-2-1.png","width":190,"height":114,"caption":"9 St\u00e4dte in Niedersachsen"},"image":{"@id":"https:\/\/9staedte.de\/fr\/#\/schema\/logo\/image\/"}}]}},"_links":{"self":[{"href":"https:\/\/9staedte.de\/fr\/wp-json\/wp\/v2\/pages\/17821","targetHints":{"allow":["GET"]}}],"collection":[{"href":"https:\/\/9staedte.de\/fr\/wp-json\/wp\/v2\/pages"}],"about":[{"href":"https:\/\/9staedte.de\/fr\/wp-json\/wp\/v2\/types\/page"}],"author":[{"embeddable":true,"href":"https:\/\/9staedte.de\/fr\/wp-json\/wp\/v2\/users\/1"}],"replies":[{"embeddable":true,"href":"https:\/\/9staedte.de\/fr\/wp-json\/wp\/v2\/comments?post=17821"}],"version-history":[{"count":1,"href":"https:\/\/9staedte.de\/fr\/wp-json\/wp\/v2\/pages\/17821\/revisions"}],"predecessor-version":[{"id":19945,"href":"https:\/\/9staedte.de\/fr\/wp-json\/wp\/v2\/pages\/17821\/revisions\/19945"}],"up":[{"embeddable":true,"href":"https:\/\/9staedte.de\/fr\/wp-json\/wp\/v2\/pages\/17998"}],"wp:featuredmedia":[{"embeddable":true,"href":"https:\/\/9staedte.de\/fr\/wp-json\/wp\/v2\/media\/17824"}],"wp:attachment":[{"href":"https:\/\/9staedte.de\/fr\/wp-json\/wp\/v2\/media?parent=17821"}],"wp:term":[{"taxonomy":"category","embeddable":true,"href":"https:\/\/9staedte.de\/fr\/wp-json\/wp\/v2\/categories?post=17821"},{"taxonomy":"post_tag","embeddable":true,"href":"https:\/\/9staedte.de\/fr\/wp-json\/wp\/v2\/tags?post=17821"},{"taxonomy":"ncap_cities_tax","embeddable":true,"href":"https:\/\/9staedte.de\/fr\/wp-json\/wp\/v2\/ncap_cities_tax?post=17821"}],"curies":[{"name":"wp","href":"https:\/\/api.w.org\/{rel}","templated":true}]}}