{"id":17800,"date":"2023-11-02T09:50:35","date_gmt":"2023-11-02T08:50:35","guid":{"rendered":"https:\/\/9staedte.de\/musees-et-expositions-a-hildesheim\/"},"modified":"2025-10-16T13:02:22","modified_gmt":"2025-10-16T11:02:22","slug":"musees-et-expositions-a-hildesheim","status":"publish","type":"page","link":"https:\/\/9staedte.de\/fr\/hildesheim-ville-classee-au-patrimoine-mondial-de-lunesco\/musees-et-expositions-a-hildesheim\/","title":{"rendered":"Mus\u00e9es et expositions \u00e0 Hildesheim"},"content":{"rendered":"\r\n\r\n    <div class=\"filter-posts\">\r\n            <div  id=\"filterContent\">\r\n                                                        \n<div class=\"contentKachel filtr-item\" data-category=\"hildesheim-fr\">\n    <a href=\"https:\/\/9staedte.de\/fr\/musee-de-la-cathedrale-de-hildesheim\/\">\n        <div class=\"contentKachel-inner\">\n                            <div class=\"contentKachel-thumbnail\">\n                    <img loading=\"lazy\" decoding=\"async\" width=\"300\" height=\"223\" src=\"https:\/\/9staedte.de\/wp-content\/smush-webp\/2022\/03\/Dommuseum_monheim_Gobelinraum-1024x7611-1-300x223.jpg.webp\" class=\"objectfitcover withfilters wp-post-image\" alt=\"L\u2019image montre une salle du mus\u00e9e de la cath\u00e9drale de Hildesheim. Devant, il y a une statue dor\u00e9e de Marie avec l\u2019enfant J\u00e9sus. La statue brille et est assise sur un tr\u00f4ne. Au fond, on voit de grandes tapisseries color\u00e9es. Elles montrent des sc\u00e8nes anciennes avec des gens et des b\u00e2timents. La salle s\u2019appelle : salle des Gobelins. Tout semble ancien et pr\u00e9cieux.\" srcset=\"https:\/\/9staedte.de\/wp-content\/smush-webp\/2022\/03\/Dommuseum_monheim_Gobelinraum-1024x7611-1-300x223.jpg.webp 300w, https:\/\/9staedte.de\/wp-content\/smush-webp\/2022\/03\/Dommuseum_monheim_Gobelinraum-1024x7611-1-768x571.jpg.webp 768w, https:\/\/9staedte.de\/wp-content\/smush-webp\/2022\/03\/Dommuseum_monheim_Gobelinraum-1024x7611-1.jpg.webp 1024w\" sizes=\"auto, (max-width: 300px) 100vw, 300px\" \/>                    <img loading=\"lazy\" decoding=\"async\" width=\"300\" height=\"223\" src=\"https:\/\/9staedte.de\/wp-content\/smush-webp\/2022\/03\/Dommuseum_monheim_Gobelinraum-1024x7611-1-300x223.jpg.webp\" class=\"objectfitcontain wp-post-image\" alt=\"L\u2019image montre une salle du mus\u00e9e de la cath\u00e9drale de Hildesheim. Devant, il y a une statue dor\u00e9e de Marie avec l\u2019enfant J\u00e9sus. La statue brille et est assise sur un tr\u00f4ne. Au fond, on voit de grandes tapisseries color\u00e9es. Elles montrent des sc\u00e8nes anciennes avec des gens et des b\u00e2timents. La salle s\u2019appelle : salle des Gobelins. Tout semble ancien et pr\u00e9cieux.\" srcset=\"https:\/\/9staedte.de\/wp-content\/smush-webp\/2022\/03\/Dommuseum_monheim_Gobelinraum-1024x7611-1-300x223.jpg.webp 300w, https:\/\/9staedte.de\/wp-content\/smush-webp\/2022\/03\/Dommuseum_monheim_Gobelinraum-1024x7611-1-768x571.jpg.webp 768w, https:\/\/9staedte.de\/wp-content\/smush-webp\/2022\/03\/Dommuseum_monheim_Gobelinraum-1024x7611-1.jpg.webp 1024w\" sizes=\"auto, (max-width: 300px) 100vw, 300px\" \/>                        <div class=\"thumbnail-label\">\n    <span>Dommuseum Hildesheim Gobelinraum; Florian Monheim<\/span>\n    <\/div>\n                <\/div>\n                        <div class=\"contentKachel-content\">\n                                    <div class=\"city-tag bg-hildesheim\">\n                        Hildesheim                    <\/div>\n                \n                <div class=\"title\">\n\n                    Mus\u00e9e de la cath\u00e9drale de Hildesheim                    \n                <\/div>\n\n                            <\/div>\n\n        <\/div>\n    <\/a>\n<\/div>                                                        \n<div class=\"contentKachel filtr-item\" data-category=\"hildesheim-fr\">\n    <a href=\"https:\/\/9staedte.de\/fr\/musee-roemer-et-pelizaeus-de-hildesheim\/\">\n        <div class=\"contentKachel-inner\">\n                            <div class=\"contentKachel-thumbnail\">\n                    <img loading=\"lazy\" decoding=\"async\" width=\"300\" height=\"169\" src=\"https:\/\/9staedte.de\/wp-content\/smush-webp\/2022\/03\/Aegyptenausstellung_RPM_c-Romer-und-Pelizaeus-Museum-300x169.jpg.webp\" class=\"objectfitcover withfilters wp-post-image\" alt=\"L\u2019image montre un mus\u00e9e avec de vieilles pierres. \u00c0 gauche, on voit des plaques avec des dessins \u00e9gyptiens. Au centre, il y a un vieux sarcophage. Il a un visage et il est grand. \u00c0 droite, il y a d&#039;autres vieilles pierres. Les murs sont \u00e9clair\u00e9s en orange. Le mus\u00e9e s\u2019appelle : Mus\u00e9e Roemer et Pelizaeus \u00e0 Hildesheim.\" srcset=\"https:\/\/9staedte.de\/wp-content\/smush-webp\/2022\/03\/Aegyptenausstellung_RPM_c-Romer-und-Pelizaeus-Museum-300x169.jpg.webp 300w, https:\/\/9staedte.de\/wp-content\/smush-webp\/2022\/03\/Aegyptenausstellung_RPM_c-Romer-und-Pelizaeus-Museum-768x431.jpg.webp 768w, https:\/\/9staedte.de\/wp-content\/smush-webp\/2022\/03\/Aegyptenausstellung_RPM_c-Romer-und-Pelizaeus-Museum.jpg.webp 1020w\" sizes=\"auto, (max-width: 300px) 100vw, 300px\" \/>                    <img loading=\"lazy\" decoding=\"async\" width=\"300\" height=\"169\" src=\"https:\/\/9staedte.de\/wp-content\/smush-webp\/2022\/03\/Aegyptenausstellung_RPM_c-Romer-und-Pelizaeus-Museum-300x169.jpg.webp\" class=\"objectfitcontain wp-post-image\" alt=\"L\u2019image montre un mus\u00e9e avec de vieilles pierres. \u00c0 gauche, on voit des plaques avec des dessins \u00e9gyptiens. Au centre, il y a un vieux sarcophage. Il a un visage et il est grand. \u00c0 droite, il y a d&#039;autres vieilles pierres. Les murs sont \u00e9clair\u00e9s en orange. Le mus\u00e9e s\u2019appelle : Mus\u00e9e Roemer et Pelizaeus \u00e0 Hildesheim.\" srcset=\"https:\/\/9staedte.de\/wp-content\/smush-webp\/2022\/03\/Aegyptenausstellung_RPM_c-Romer-und-Pelizaeus-Museum-300x169.jpg.webp 300w, https:\/\/9staedte.de\/wp-content\/smush-webp\/2022\/03\/Aegyptenausstellung_RPM_c-Romer-und-Pelizaeus-Museum-768x431.jpg.webp 768w, https:\/\/9staedte.de\/wp-content\/smush-webp\/2022\/03\/Aegyptenausstellung_RPM_c-Romer-und-Pelizaeus-Museum.jpg.webp 1020w\" sizes=\"auto, (max-width: 300px) 100vw, 300px\" \/>                        <div class=\"thumbnail-label\">\n    <span>\u00c4gyptenausstellung_RPM_(c) Roemer- und Pelizaeus-Museum<\/span>\n    <\/div>\n                <\/div>\n                        <div class=\"contentKachel-content\">\n                                    <div class=\"city-tag bg-hildesheim\">\n                        Hildesheim                    <\/div>\n                \n                <div class=\"title\">\n\n                    Mus\u00e9e Roemer et Pelizaeus de Hildesheim                    \n                <\/div>\n\n                            <\/div>\n\n        <\/div>\n    <\/a>\n<\/div>                                            <\/div>\r\n    <\/div>\r\n\n\n\n<div style=\"height:46px\" aria-hidden=\"true\" class=\"wp-block-spacer\"><\/div>\n\n\n\n<div class=\"wp-block-columns is-layout-flex wp-container-core-columns-is-layout-9d6595d7 wp-block-columns-is-layout-flex\">\n<div class=\"wp-block-column is-layout-flow wp-block-column-is-layout-flow\" style=\"flex-basis:66.66%\">\n <div class=\"brlbs-cmpnt-container brlbs-cmpnt-content-blocker brlbs-cmpnt-with-individual-styles\" data-borlabs-cookie-content-blocker-id=\"google-maps\" data-borlabs-cookie-content=\"PGlmcmFtZSBzcmM9Imh0dHBzOi8vd3d3Lmdvb2dsZS5kZS9tYXBzL2QvZW1iZWQ\/bWlkPTFHU3NvenhPWnFoWDY4UFdxS2huSmFJUUFSSEpyZ19zJmVoYmM9MkUzMTJGIiB3aWR0aD0iNjQwIiBoZWlnaHQ9IjQ4MCI+PC9pZnJhbWU+\"><div class=\"brlbs-cmpnt-cb-preset-b brlbs-cmpnt-cb-google-maps\"> <div class=\"brlbs-cmpnt-cb-thumbnail\" style=\"background-image: url('https:\/\/9staedte.de\/wp-content\/uploads\/borlabs-cookie\/1\/brlbs-cb-google-maps-main.png')\"><\/div> <div class=\"brlbs-cmpnt-cb-main\"> <div class=\"brlbs-cmpnt-cb-content\"> <p class=\"brlbs-cmpnt-cb-description\">Vous \u00eates actuellement en train de consulter le contenu d&rsquo;un espace r\u00e9serv\u00e9 de <strong>Google Maps<\/strong>. Pour acc\u00e9der au contenu r\u00e9el, cliquez sur le bouton ci-dessous. Veuillez noter que ce faisant, des donn\u00e9es seront partag\u00e9es avec des providers tiers.<\/p> <a class=\"brlbs-cmpnt-cb-provider-toggle\" href=\"#\" data-borlabs-cookie-show-provider-information role=\"button\">Plus d&rsquo;informations<\/a> <\/div> <div class=\"brlbs-cmpnt-cb-buttons\"> <a class=\"brlbs-cmpnt-cb-btn\" href=\"#\" data-borlabs-cookie-unblock role=\"button\">D\u00e9bloquer le contenu<\/a> <a class=\"brlbs-cmpnt-cb-btn\" href=\"#\" data-borlabs-cookie-accept-service role=\"button\" style=\"display: inherit\">Accepter le service requis et d\u00e9bloquer le contenu<\/a> <\/div> <\/div> <\/div><\/div>\n<\/div>\n\n\n\n<div class=\"wp-block-column is-layout-flow wp-block-column-is-layout-flow\" style=\"flex-basis:33.33%\">\n<h4 class=\"wp-block-heading\"><strong>Mus\u00e9es \u00e0 Hildesheim<\/strong><\/h4>\n\n\n\n<ul class=\"wp-block-list map-legend main-legend\">\n<li>Mus\u00e9e Roemer et Pelizaeus de Hildesheim<\/li>\n\n\n\n<li>Mus\u00e9e de la cath\u00e9drale de Hildesheim<\/li>\n<\/ul>\n<\/div>\n<\/div>\n","protected":false},"excerpt":{"rendered":"<p>Vous \u00eates actuellement en train de consulter le contenu d&rsquo;un espace r\u00e9serv\u00e9 de Google Maps. Pour acc\u00e9der au contenu r\u00e9el, cliquez sur le bouton ci-dessous. Veuillez noter que ce faisant, des donn\u00e9es seront partag\u00e9es avec des providers tiers. Plus d&rsquo;informations D\u00e9bloquer le contenu Accepter le service requis et d\u00e9bloquer le contenu Mus\u00e9es \u00e0 Hildesheim<\/p>\n","protected":false},"author":1,"featured_media":17808,"parent":17998,"menu_order":0,"comment_status":"closed","ping_status":"closed","template":"pagetemplates\/template-stadtthema.php","meta":{"_acf_changed":false,"footnotes":""},"categories":[],"tags":[],"ncap_cities_tax":[464,674],"class_list":["post-17800","page","type-page","status-publish","has-post-thumbnail","hentry","ncap_cities_tax-hildesheim-fr","ncap_cities_tax-museen-hildesheim-fr"],"acf":[],"yoast_head":"<!-- This site is optimized with the Yoast SEO plugin v26.8 - https:\/\/yoast.com\/product\/yoast-seo-wordpress\/ -->\n<title>Mus\u00e9es et expositions \u00e0 Hildesheim - 9 St\u00e4dte in Niedersachsen<\/title>\n<meta name=\"robots\" content=\"index, follow, max-snippet:-1, max-image-preview:large, max-video-preview:-1\" \/>\n<link rel=\"canonical\" href=\"https:\/\/9staedte.de\/fr\/hildesheim-ville-classee-au-patrimoine-mondial-de-lunesco\/musees-et-expositions-a-hildesheim\/\" \/>\n<meta property=\"og:locale\" content=\"fr_FR\" \/>\n<meta property=\"og:type\" content=\"article\" \/>\n<meta property=\"og:title\" content=\"Mus\u00e9es et expositions \u00e0 Hildesheim - 9 St\u00e4dte in Niedersachsen\" \/>\n<meta property=\"og:description\" content=\"Vous \u00eates actuellement en train de consulter le contenu d&rsquo;un espace r\u00e9serv\u00e9 de Google Maps. Pour acc\u00e9der au contenu r\u00e9el, cliquez sur le bouton ci-dessous. Veuillez noter que ce faisant, des donn\u00e9es seront partag\u00e9es avec des providers tiers. Plus d&rsquo;informations D\u00e9bloquer le contenu Accepter le service requis et d\u00e9bloquer le contenu Mus\u00e9es \u00e0 Hildesheim\" \/>\n<meta property=\"og:url\" content=\"https:\/\/9staedte.de\/fr\/hildesheim-ville-classee-au-patrimoine-mondial-de-lunesco\/musees-et-expositions-a-hildesheim\/\" \/>\n<meta property=\"og:site_name\" content=\"9 St\u00e4dte in Niedersachsen\" \/>\n<meta property=\"article:modified_time\" content=\"2025-10-16T11:02:22+00:00\" \/>\n<meta property=\"og:image\" content=\"https:\/\/9staedte.de\/wp-content\/uploads\/2023\/02\/UNESCO-Welterbe-Dom-Foto-Max-Wiesenbach-CCBY.jpg\" \/>\n\t<meta property=\"og:image:width\" content=\"1020\" \/>\n\t<meta property=\"og:image:height\" content=\"560\" \/>\n\t<meta property=\"og:image:type\" content=\"image\/jpeg\" \/>\n<meta name=\"twitter:card\" content=\"summary_large_image\" \/>\n<meta name=\"twitter:label1\" content=\"Dur\u00e9e de lecture estim\u00e9e\" \/>\n\t<meta name=\"twitter:data1\" content=\"1 minute\" \/>\n<script type=\"application\/ld+json\" class=\"yoast-schema-graph\">{\"@context\":\"https:\/\/schema.org\",\"@graph\":[{\"@type\":\"WebPage\",\"@id\":\"https:\/\/9staedte.de\/fr\/hildesheim-ville-classee-au-patrimoine-mondial-de-lunesco\/musees-et-expositions-a-hildesheim\/\",\"url\":\"https:\/\/9staedte.de\/fr\/hildesheim-ville-classee-au-patrimoine-mondial-de-lunesco\/musees-et-expositions-a-hildesheim\/\",\"name\":\"Mus\u00e9es et expositions \u00e0 Hildesheim - 9 St\u00e4dte in Niedersachsen\",\"isPartOf\":{\"@id\":\"https:\/\/9staedte.de\/fr\/#website\"},\"primaryImageOfPage\":{\"@id\":\"https:\/\/9staedte.de\/fr\/hildesheim-ville-classee-au-patrimoine-mondial-de-lunesco\/musees-et-expositions-a-hildesheim\/#primaryimage\"},\"image\":{\"@id\":\"https:\/\/9staedte.de\/fr\/hildesheim-ville-classee-au-patrimoine-mondial-de-lunesco\/musees-et-expositions-a-hildesheim\/#primaryimage\"},\"thumbnailUrl\":\"https:\/\/9staedte.de\/wp-content\/uploads\/2023\/02\/UNESCO-Welterbe-Dom-Foto-Max-Wiesenbach-CCBY.jpg\",\"datePublished\":\"2023-11-02T08:50:35+00:00\",\"dateModified\":\"2025-10-16T11:02:22+00:00\",\"breadcrumb\":{\"@id\":\"https:\/\/9staedte.de\/fr\/hildesheim-ville-classee-au-patrimoine-mondial-de-lunesco\/musees-et-expositions-a-hildesheim\/#breadcrumb\"},\"inLanguage\":\"fr-FR\",\"potentialAction\":[{\"@type\":\"ReadAction\",\"target\":[\"https:\/\/9staedte.de\/fr\/hildesheim-ville-classee-au-patrimoine-mondial-de-lunesco\/musees-et-expositions-a-hildesheim\/\"]}]},{\"@type\":\"ImageObject\",\"inLanguage\":\"fr-FR\",\"@id\":\"https:\/\/9staedte.de\/fr\/hildesheim-ville-classee-au-patrimoine-mondial-de-lunesco\/musees-et-expositions-a-hildesheim\/#primaryimage\",\"url\":\"https:\/\/9staedte.de\/wp-content\/uploads\/2023\/02\/UNESCO-Welterbe-Dom-Foto-Max-Wiesenbach-CCBY.jpg\",\"contentUrl\":\"https:\/\/9staedte.de\/wp-content\/uploads\/2023\/02\/UNESCO-Welterbe-Dom-Foto-Max-Wiesenbach-CCBY.jpg\",\"width\":1020,\"height\":560,\"caption\":\"UNESCO-Welterbe Dom, Foto Max Wiesenbach (CCBY)\"},{\"@type\":\"BreadcrumbList\",\"@id\":\"https:\/\/9staedte.de\/fr\/hildesheim-ville-classee-au-patrimoine-mondial-de-lunesco\/musees-et-expositions-a-hildesheim\/#breadcrumb\",\"itemListElement\":[{\"@type\":\"ListItem\",\"position\":1,\"name\":\"Startseite\",\"item\":\"https:\/\/9staedte.de\/fr\/\"},{\"@type\":\"ListItem\",\"position\":2,\"name\":\"Hildesheim &#8211; ville class\u00e9e au patrimoine mondial de l&#8217;UNESCO\",\"item\":\"https:\/\/9staedte.de\/fr\/hildesheim-ville-classee-au-patrimoine-mondial-de-lunesco\/\"},{\"@type\":\"ListItem\",\"position\":3,\"name\":\"Mus\u00e9es et expositions \u00e0 Hildesheim\"}]},{\"@type\":\"WebSite\",\"@id\":\"https:\/\/9staedte.de\/fr\/#website\",\"url\":\"https:\/\/9staedte.de\/fr\/\",\"name\":\"9 St\u00e4dte in Niedersachsen\",\"description\":\"\",\"publisher\":{\"@id\":\"https:\/\/9staedte.de\/fr\/#organization\"},\"potentialAction\":[{\"@type\":\"SearchAction\",\"target\":{\"@type\":\"EntryPoint\",\"urlTemplate\":\"https:\/\/9staedte.de\/fr\/?s={search_term_string}\"},\"query-input\":{\"@type\":\"PropertyValueSpecification\",\"valueRequired\":true,\"valueName\":\"search_term_string\"}}],\"inLanguage\":\"fr-FR\"},{\"@type\":\"Organization\",\"@id\":\"https:\/\/9staedte.de\/fr\/#organization\",\"name\":\"9 St\u00e4dte in Niedersachsen\",\"url\":\"https:\/\/9staedte.de\/fr\/\",\"logo\":{\"@type\":\"ImageObject\",\"inLanguage\":\"fr-FR\",\"@id\":\"https:\/\/9staedte.de\/fr\/#\/schema\/logo\/image\/\",\"url\":\"https:\/\/9staedte.de\/wp-content\/uploads\/2025\/01\/9-neg-deutsch-2-1.png\",\"contentUrl\":\"https:\/\/9staedte.de\/wp-content\/uploads\/2025\/01\/9-neg-deutsch-2-1.png\",\"width\":190,\"height\":114,\"caption\":\"9 St\u00e4dte in Niedersachsen\"},\"image\":{\"@id\":\"https:\/\/9staedte.de\/fr\/#\/schema\/logo\/image\/\"}}]}<\/script>\n<!-- \/ Yoast SEO plugin. -->","yoast_head_json":{"title":"Mus\u00e9es et expositions \u00e0 Hildesheim - 9 St\u00e4dte in Niedersachsen","robots":{"index":"index","follow":"follow","max-snippet":"max-snippet:-1","max-image-preview":"max-image-preview:large","max-video-preview":"max-video-preview:-1"},"canonical":"https:\/\/9staedte.de\/fr\/hildesheim-ville-classee-au-patrimoine-mondial-de-lunesco\/musees-et-expositions-a-hildesheim\/","og_locale":"fr_FR","og_type":"article","og_title":"Mus\u00e9es et expositions \u00e0 Hildesheim - 9 St\u00e4dte in Niedersachsen","og_description":"Vous \u00eates actuellement en train de consulter le contenu d&rsquo;un espace r\u00e9serv\u00e9 de Google Maps. Pour acc\u00e9der au contenu r\u00e9el, cliquez sur le bouton ci-dessous. Veuillez noter que ce faisant, des donn\u00e9es seront partag\u00e9es avec des providers tiers. Plus d&rsquo;informations D\u00e9bloquer le contenu Accepter le service requis et d\u00e9bloquer le contenu Mus\u00e9es \u00e0 Hildesheim","og_url":"https:\/\/9staedte.de\/fr\/hildesheim-ville-classee-au-patrimoine-mondial-de-lunesco\/musees-et-expositions-a-hildesheim\/","og_site_name":"9 St\u00e4dte in Niedersachsen","article_modified_time":"2025-10-16T11:02:22+00:00","og_image":[{"width":1020,"height":560,"url":"https:\/\/9staedte.de\/wp-content\/uploads\/2023\/02\/UNESCO-Welterbe-Dom-Foto-Max-Wiesenbach-CCBY.jpg","type":"image\/jpeg"}],"twitter_card":"summary_large_image","twitter_misc":{"Dur\u00e9e de lecture estim\u00e9e":"1 minute"},"schema":{"@context":"https:\/\/schema.org","@graph":[{"@type":"WebPage","@id":"https:\/\/9staedte.de\/fr\/hildesheim-ville-classee-au-patrimoine-mondial-de-lunesco\/musees-et-expositions-a-hildesheim\/","url":"https:\/\/9staedte.de\/fr\/hildesheim-ville-classee-au-patrimoine-mondial-de-lunesco\/musees-et-expositions-a-hildesheim\/","name":"Mus\u00e9es et expositions \u00e0 Hildesheim - 9 St\u00e4dte in Niedersachsen","isPartOf":{"@id":"https:\/\/9staedte.de\/fr\/#website"},"primaryImageOfPage":{"@id":"https:\/\/9staedte.de\/fr\/hildesheim-ville-classee-au-patrimoine-mondial-de-lunesco\/musees-et-expositions-a-hildesheim\/#primaryimage"},"image":{"@id":"https:\/\/9staedte.de\/fr\/hildesheim-ville-classee-au-patrimoine-mondial-de-lunesco\/musees-et-expositions-a-hildesheim\/#primaryimage"},"thumbnailUrl":"https:\/\/9staedte.de\/wp-content\/uploads\/2023\/02\/UNESCO-Welterbe-Dom-Foto-Max-Wiesenbach-CCBY.jpg","datePublished":"2023-11-02T08:50:35+00:00","dateModified":"2025-10-16T11:02:22+00:00","breadcrumb":{"@id":"https:\/\/9staedte.de\/fr\/hildesheim-ville-classee-au-patrimoine-mondial-de-lunesco\/musees-et-expositions-a-hildesheim\/#breadcrumb"},"inLanguage":"fr-FR","potentialAction":[{"@type":"ReadAction","target":["https:\/\/9staedte.de\/fr\/hildesheim-ville-classee-au-patrimoine-mondial-de-lunesco\/musees-et-expositions-a-hildesheim\/"]}]},{"@type":"ImageObject","inLanguage":"fr-FR","@id":"https:\/\/9staedte.de\/fr\/hildesheim-ville-classee-au-patrimoine-mondial-de-lunesco\/musees-et-expositions-a-hildesheim\/#primaryimage","url":"https:\/\/9staedte.de\/wp-content\/uploads\/2023\/02\/UNESCO-Welterbe-Dom-Foto-Max-Wiesenbach-CCBY.jpg","contentUrl":"https:\/\/9staedte.de\/wp-content\/uploads\/2023\/02\/UNESCO-Welterbe-Dom-Foto-Max-Wiesenbach-CCBY.jpg","width":1020,"height":560,"caption":"UNESCO-Welterbe Dom, Foto Max Wiesenbach (CCBY)"},{"@type":"BreadcrumbList","@id":"https:\/\/9staedte.de\/fr\/hildesheim-ville-classee-au-patrimoine-mondial-de-lunesco\/musees-et-expositions-a-hildesheim\/#breadcrumb","itemListElement":[{"@type":"ListItem","position":1,"name":"Startseite","item":"https:\/\/9staedte.de\/fr\/"},{"@type":"ListItem","position":2,"name":"Hildesheim &#8211; ville class\u00e9e au patrimoine mondial de l&#8217;UNESCO","item":"https:\/\/9staedte.de\/fr\/hildesheim-ville-classee-au-patrimoine-mondial-de-lunesco\/"},{"@type":"ListItem","position":3,"name":"Mus\u00e9es et expositions \u00e0 Hildesheim"}]},{"@type":"WebSite","@id":"https:\/\/9staedte.de\/fr\/#website","url":"https:\/\/9staedte.de\/fr\/","name":"9 St\u00e4dte in Niedersachsen","description":"","publisher":{"@id":"https:\/\/9staedte.de\/fr\/#organization"},"potentialAction":[{"@type":"SearchAction","target":{"@type":"EntryPoint","urlTemplate":"https:\/\/9staedte.de\/fr\/?s={search_term_string}"},"query-input":{"@type":"PropertyValueSpecification","valueRequired":true,"valueName":"search_term_string"}}],"inLanguage":"fr-FR"},{"@type":"Organization","@id":"https:\/\/9staedte.de\/fr\/#organization","name":"9 St\u00e4dte in Niedersachsen","url":"https:\/\/9staedte.de\/fr\/","logo":{"@type":"ImageObject","inLanguage":"fr-FR","@id":"https:\/\/9staedte.de\/fr\/#\/schema\/logo\/image\/","url":"https:\/\/9staedte.de\/wp-content\/uploads\/2025\/01\/9-neg-deutsch-2-1.png","contentUrl":"https:\/\/9staedte.de\/wp-content\/uploads\/2025\/01\/9-neg-deutsch-2-1.png","width":190,"height":114,"caption":"9 St\u00e4dte in Niedersachsen"},"image":{"@id":"https:\/\/9staedte.de\/fr\/#\/schema\/logo\/image\/"}}]}},"_links":{"self":[{"href":"https:\/\/9staedte.de\/fr\/wp-json\/wp\/v2\/pages\/17800","targetHints":{"allow":["GET"]}}],"collection":[{"href":"https:\/\/9staedte.de\/fr\/wp-json\/wp\/v2\/pages"}],"about":[{"href":"https:\/\/9staedte.de\/fr\/wp-json\/wp\/v2\/types\/page"}],"author":[{"embeddable":true,"href":"https:\/\/9staedte.de\/fr\/wp-json\/wp\/v2\/users\/1"}],"replies":[{"embeddable":true,"href":"https:\/\/9staedte.de\/fr\/wp-json\/wp\/v2\/comments?post=17800"}],"version-history":[{"count":4,"href":"https:\/\/9staedte.de\/fr\/wp-json\/wp\/v2\/pages\/17800\/revisions"}],"predecessor-version":[{"id":27312,"href":"https:\/\/9staedte.de\/fr\/wp-json\/wp\/v2\/pages\/17800\/revisions\/27312"}],"up":[{"embeddable":true,"href":"https:\/\/9staedte.de\/fr\/wp-json\/wp\/v2\/pages\/17998"}],"wp:featuredmedia":[{"embeddable":true,"href":"https:\/\/9staedte.de\/fr\/wp-json\/wp\/v2\/media\/17808"}],"wp:attachment":[{"href":"https:\/\/9staedte.de\/fr\/wp-json\/wp\/v2\/media?parent=17800"}],"wp:term":[{"taxonomy":"category","embeddable":true,"href":"https:\/\/9staedte.de\/fr\/wp-json\/wp\/v2\/categories?post=17800"},{"taxonomy":"post_tag","embeddable":true,"href":"https:\/\/9staedte.de\/fr\/wp-json\/wp\/v2\/tags?post=17800"},{"taxonomy":"ncap_cities_tax","embeddable":true,"href":"https:\/\/9staedte.de\/fr\/wp-json\/wp\/v2\/ncap_cities_tax?post=17800"}],"curies":[{"name":"wp","href":"https:\/\/api.w.org\/{rel}","templated":true}]}}