{"id":17791,"date":"2023-11-02T09:50:33","date_gmt":"2023-11-02T08:50:33","guid":{"rendered":"https:\/\/9staedte.de\/impressions-de-wolfenbuettel\/"},"modified":"2023-11-02T18:18:38","modified_gmt":"2023-11-02T17:18:38","slug":"impressions-de-wolfenbuettel","status":"publish","type":"page","link":"https:\/\/9staedte.de\/fr\/wolfenbuttel-la-ville-de-lessing\/impressions-de-wolfenbuettel\/","title":{"rendered":"Impressions de Wolfenb\u00fcttel"},"content":{"rendered":"\n<h2 class=\"wp-block-heading\">Images de la ville de Lessing<\/h2>\n\n\n\n<p><strong>1000 maisons \u00e0 colombages et J\u00e4germeister<\/strong><\/p>\n","protected":false},"excerpt":{"rendered":"<p>Images de la ville de Lessing 1000 maisons \u00e0 colombages et J\u00e4germeister<\/p>\n","protected":false},"author":1,"featured_media":16606,"parent":17963,"menu_order":0,"comment_status":"closed","ping_status":"closed","template":"pagetemplates\/template-stadtimpressionen.php","meta":{"_acf_changed":false,"footnotes":""},"categories":[],"tags":[],"ncap_cities_tax":[613,471],"class_list":["post-17791","page","type-page","status-publish","has-post-thumbnail","hentry","ncap_cities_tax-impressionen-wolfenbuettel-fr","ncap_cities_tax-wolfenbuettel-fr"],"acf":[],"yoast_head":"<!-- This site is optimized with the Yoast SEO plugin v26.8 - https:\/\/yoast.com\/product\/yoast-seo-wordpress\/ -->\n<title>Impressions de Wolfenb\u00fcttel - 9 St\u00e4dte in Niedersachsen<\/title>\n<meta name=\"robots\" content=\"index, follow, max-snippet:-1, max-image-preview:large, max-video-preview:-1\" \/>\n<link rel=\"canonical\" href=\"https:\/\/9staedte.de\/fr\/wolfenbuttel-la-ville-de-lessing\/impressions-de-wolfenbuettel\/\" \/>\n<meta property=\"og:locale\" content=\"fr_FR\" \/>\n<meta property=\"og:type\" content=\"article\" \/>\n<meta property=\"og:title\" content=\"Impressions de Wolfenb\u00fcttel - 9 St\u00e4dte in Niedersachsen\" \/>\n<meta property=\"og:description\" content=\"Images de la ville de Lessing 1000 maisons \u00e0 colombages et J\u00e4germeister\" \/>\n<meta property=\"og:url\" content=\"https:\/\/9staedte.de\/fr\/wolfenbuttel-la-ville-de-lessing\/impressions-de-wolfenbuettel\/\" \/>\n<meta property=\"og:site_name\" content=\"9 St\u00e4dte in Niedersachsen\" \/>\n<meta property=\"article:modified_time\" content=\"2023-11-02T17:18:38+00:00\" \/>\n<meta property=\"og:image\" content=\"https:\/\/9staedte.de\/wp-content\/uploads\/2022\/03\/Schloss-Wolfenbuettel-Fotograf-Christian-Bierwagen-Rechte-Stadt-Wolfenbuettel.jpg\" \/>\n\t<meta property=\"og:image:width\" content=\"1019\" \/>\n\t<meta property=\"og:image:height\" content=\"555\" \/>\n\t<meta property=\"og:image:type\" content=\"image\/jpeg\" \/>\n<meta name=\"twitter:card\" content=\"summary_large_image\" \/>\n<meta name=\"twitter:label1\" content=\"Dur\u00e9e de lecture estim\u00e9e\" \/>\n\t<meta name=\"twitter:data1\" content=\"1 minute\" \/>\n<script type=\"application\/ld+json\" class=\"yoast-schema-graph\">{\"@context\":\"https:\/\/schema.org\",\"@graph\":[{\"@type\":\"WebPage\",\"@id\":\"https:\/\/9staedte.de\/fr\/wolfenbuttel-la-ville-de-lessing\/impressions-de-wolfenbuettel\/\",\"url\":\"https:\/\/9staedte.de\/fr\/wolfenbuttel-la-ville-de-lessing\/impressions-de-wolfenbuettel\/\",\"name\":\"Impressions de Wolfenb\u00fcttel - 9 St\u00e4dte in Niedersachsen\",\"isPartOf\":{\"@id\":\"https:\/\/9staedte.de\/fr\/#website\"},\"primaryImageOfPage\":{\"@id\":\"https:\/\/9staedte.de\/fr\/wolfenbuttel-la-ville-de-lessing\/impressions-de-wolfenbuettel\/#primaryimage\"},\"image\":{\"@id\":\"https:\/\/9staedte.de\/fr\/wolfenbuttel-la-ville-de-lessing\/impressions-de-wolfenbuettel\/#primaryimage\"},\"thumbnailUrl\":\"https:\/\/9staedte.de\/wp-content\/uploads\/2022\/03\/Schloss-Wolfenbuettel-Fotograf-Christian-Bierwagen-Rechte-Stadt-Wolfenbuettel.jpg\",\"datePublished\":\"2023-11-02T08:50:33+00:00\",\"dateModified\":\"2023-11-02T17:18:38+00:00\",\"breadcrumb\":{\"@id\":\"https:\/\/9staedte.de\/fr\/wolfenbuttel-la-ville-de-lessing\/impressions-de-wolfenbuettel\/#breadcrumb\"},\"inLanguage\":\"fr-FR\",\"potentialAction\":[{\"@type\":\"ReadAction\",\"target\":[\"https:\/\/9staedte.de\/fr\/wolfenbuttel-la-ville-de-lessing\/impressions-de-wolfenbuettel\/\"]}]},{\"@type\":\"ImageObject\",\"inLanguage\":\"fr-FR\",\"@id\":\"https:\/\/9staedte.de\/fr\/wolfenbuttel-la-ville-de-lessing\/impressions-de-wolfenbuettel\/#primaryimage\",\"url\":\"https:\/\/9staedte.de\/wp-content\/uploads\/2022\/03\/Schloss-Wolfenbuettel-Fotograf-Christian-Bierwagen-Rechte-Stadt-Wolfenbuettel.jpg\",\"contentUrl\":\"https:\/\/9staedte.de\/wp-content\/uploads\/2022\/03\/Schloss-Wolfenbuettel-Fotograf-Christian-Bierwagen-Rechte-Stadt-Wolfenbuettel.jpg\",\"width\":1019,\"height\":555,\"caption\":\"Schloss Wolfenb\u00fcttel, Fotograf Christian Bierwagen, Rechte Stadt Wolfenb\u00fcttel\"},{\"@type\":\"BreadcrumbList\",\"@id\":\"https:\/\/9staedte.de\/fr\/wolfenbuttel-la-ville-de-lessing\/impressions-de-wolfenbuettel\/#breadcrumb\",\"itemListElement\":[{\"@type\":\"ListItem\",\"position\":1,\"name\":\"Startseite\",\"item\":\"https:\/\/9staedte.de\/fr\/\"},{\"@type\":\"ListItem\",\"position\":2,\"name\":\"Wolfenb\u00fcttel &#8211; La ville de Lessing\",\"item\":\"https:\/\/9staedte.de\/fr\/wolfenbuttel-la-ville-de-lessing\/\"},{\"@type\":\"ListItem\",\"position\":3,\"name\":\"Impressions de Wolfenb\u00fcttel\"}]},{\"@type\":\"WebSite\",\"@id\":\"https:\/\/9staedte.de\/fr\/#website\",\"url\":\"https:\/\/9staedte.de\/fr\/\",\"name\":\"9 St\u00e4dte in Niedersachsen\",\"description\":\"\",\"publisher\":{\"@id\":\"https:\/\/9staedte.de\/fr\/#organization\"},\"potentialAction\":[{\"@type\":\"SearchAction\",\"target\":{\"@type\":\"EntryPoint\",\"urlTemplate\":\"https:\/\/9staedte.de\/fr\/?s={search_term_string}\"},\"query-input\":{\"@type\":\"PropertyValueSpecification\",\"valueRequired\":true,\"valueName\":\"search_term_string\"}}],\"inLanguage\":\"fr-FR\"},{\"@type\":\"Organization\",\"@id\":\"https:\/\/9staedte.de\/fr\/#organization\",\"name\":\"9 St\u00e4dte in Niedersachsen\",\"url\":\"https:\/\/9staedte.de\/fr\/\",\"logo\":{\"@type\":\"ImageObject\",\"inLanguage\":\"fr-FR\",\"@id\":\"https:\/\/9staedte.de\/fr\/#\/schema\/logo\/image\/\",\"url\":\"https:\/\/9staedte.de\/wp-content\/uploads\/2025\/01\/9-neg-deutsch-2-1.png\",\"contentUrl\":\"https:\/\/9staedte.de\/wp-content\/uploads\/2025\/01\/9-neg-deutsch-2-1.png\",\"width\":190,\"height\":114,\"caption\":\"9 St\u00e4dte in Niedersachsen\"},\"image\":{\"@id\":\"https:\/\/9staedte.de\/fr\/#\/schema\/logo\/image\/\"}}]}<\/script>\n<!-- \/ Yoast SEO plugin. -->","yoast_head_json":{"title":"Impressions de Wolfenb\u00fcttel - 9 St\u00e4dte in Niedersachsen","robots":{"index":"index","follow":"follow","max-snippet":"max-snippet:-1","max-image-preview":"max-image-preview:large","max-video-preview":"max-video-preview:-1"},"canonical":"https:\/\/9staedte.de\/fr\/wolfenbuttel-la-ville-de-lessing\/impressions-de-wolfenbuettel\/","og_locale":"fr_FR","og_type":"article","og_title":"Impressions de Wolfenb\u00fcttel - 9 St\u00e4dte in Niedersachsen","og_description":"Images de la ville de Lessing 1000 maisons \u00e0 colombages et J\u00e4germeister","og_url":"https:\/\/9staedte.de\/fr\/wolfenbuttel-la-ville-de-lessing\/impressions-de-wolfenbuettel\/","og_site_name":"9 St\u00e4dte in Niedersachsen","article_modified_time":"2023-11-02T17:18:38+00:00","og_image":[{"width":1019,"height":555,"url":"https:\/\/9staedte.de\/wp-content\/uploads\/2022\/03\/Schloss-Wolfenbuettel-Fotograf-Christian-Bierwagen-Rechte-Stadt-Wolfenbuettel.jpg","type":"image\/jpeg"}],"twitter_card":"summary_large_image","twitter_misc":{"Dur\u00e9e de lecture estim\u00e9e":"1 minute"},"schema":{"@context":"https:\/\/schema.org","@graph":[{"@type":"WebPage","@id":"https:\/\/9staedte.de\/fr\/wolfenbuttel-la-ville-de-lessing\/impressions-de-wolfenbuettel\/","url":"https:\/\/9staedte.de\/fr\/wolfenbuttel-la-ville-de-lessing\/impressions-de-wolfenbuettel\/","name":"Impressions de Wolfenb\u00fcttel - 9 St\u00e4dte in Niedersachsen","isPartOf":{"@id":"https:\/\/9staedte.de\/fr\/#website"},"primaryImageOfPage":{"@id":"https:\/\/9staedte.de\/fr\/wolfenbuttel-la-ville-de-lessing\/impressions-de-wolfenbuettel\/#primaryimage"},"image":{"@id":"https:\/\/9staedte.de\/fr\/wolfenbuttel-la-ville-de-lessing\/impressions-de-wolfenbuettel\/#primaryimage"},"thumbnailUrl":"https:\/\/9staedte.de\/wp-content\/uploads\/2022\/03\/Schloss-Wolfenbuettel-Fotograf-Christian-Bierwagen-Rechte-Stadt-Wolfenbuettel.jpg","datePublished":"2023-11-02T08:50:33+00:00","dateModified":"2023-11-02T17:18:38+00:00","breadcrumb":{"@id":"https:\/\/9staedte.de\/fr\/wolfenbuttel-la-ville-de-lessing\/impressions-de-wolfenbuettel\/#breadcrumb"},"inLanguage":"fr-FR","potentialAction":[{"@type":"ReadAction","target":["https:\/\/9staedte.de\/fr\/wolfenbuttel-la-ville-de-lessing\/impressions-de-wolfenbuettel\/"]}]},{"@type":"ImageObject","inLanguage":"fr-FR","@id":"https:\/\/9staedte.de\/fr\/wolfenbuttel-la-ville-de-lessing\/impressions-de-wolfenbuettel\/#primaryimage","url":"https:\/\/9staedte.de\/wp-content\/uploads\/2022\/03\/Schloss-Wolfenbuettel-Fotograf-Christian-Bierwagen-Rechte-Stadt-Wolfenbuettel.jpg","contentUrl":"https:\/\/9staedte.de\/wp-content\/uploads\/2022\/03\/Schloss-Wolfenbuettel-Fotograf-Christian-Bierwagen-Rechte-Stadt-Wolfenbuettel.jpg","width":1019,"height":555,"caption":"Schloss Wolfenb\u00fcttel, Fotograf Christian Bierwagen, Rechte Stadt Wolfenb\u00fcttel"},{"@type":"BreadcrumbList","@id":"https:\/\/9staedte.de\/fr\/wolfenbuttel-la-ville-de-lessing\/impressions-de-wolfenbuettel\/#breadcrumb","itemListElement":[{"@type":"ListItem","position":1,"name":"Startseite","item":"https:\/\/9staedte.de\/fr\/"},{"@type":"ListItem","position":2,"name":"Wolfenb\u00fcttel &#8211; La ville de Lessing","item":"https:\/\/9staedte.de\/fr\/wolfenbuttel-la-ville-de-lessing\/"},{"@type":"ListItem","position":3,"name":"Impressions de Wolfenb\u00fcttel"}]},{"@type":"WebSite","@id":"https:\/\/9staedte.de\/fr\/#website","url":"https:\/\/9staedte.de\/fr\/","name":"9 St\u00e4dte in Niedersachsen","description":"","publisher":{"@id":"https:\/\/9staedte.de\/fr\/#organization"},"potentialAction":[{"@type":"SearchAction","target":{"@type":"EntryPoint","urlTemplate":"https:\/\/9staedte.de\/fr\/?s={search_term_string}"},"query-input":{"@type":"PropertyValueSpecification","valueRequired":true,"valueName":"search_term_string"}}],"inLanguage":"fr-FR"},{"@type":"Organization","@id":"https:\/\/9staedte.de\/fr\/#organization","name":"9 St\u00e4dte in Niedersachsen","url":"https:\/\/9staedte.de\/fr\/","logo":{"@type":"ImageObject","inLanguage":"fr-FR","@id":"https:\/\/9staedte.de\/fr\/#\/schema\/logo\/image\/","url":"https:\/\/9staedte.de\/wp-content\/uploads\/2025\/01\/9-neg-deutsch-2-1.png","contentUrl":"https:\/\/9staedte.de\/wp-content\/uploads\/2025\/01\/9-neg-deutsch-2-1.png","width":190,"height":114,"caption":"9 St\u00e4dte in Niedersachsen"},"image":{"@id":"https:\/\/9staedte.de\/fr\/#\/schema\/logo\/image\/"}}]}},"_links":{"self":[{"href":"https:\/\/9staedte.de\/fr\/wp-json\/wp\/v2\/pages\/17791","targetHints":{"allow":["GET"]}}],"collection":[{"href":"https:\/\/9staedte.de\/fr\/wp-json\/wp\/v2\/pages"}],"about":[{"href":"https:\/\/9staedte.de\/fr\/wp-json\/wp\/v2\/types\/page"}],"author":[{"embeddable":true,"href":"https:\/\/9staedte.de\/fr\/wp-json\/wp\/v2\/users\/1"}],"replies":[{"embeddable":true,"href":"https:\/\/9staedte.de\/fr\/wp-json\/wp\/v2\/comments?post=17791"}],"version-history":[{"count":1,"href":"https:\/\/9staedte.de\/fr\/wp-json\/wp\/v2\/pages\/17791\/revisions"}],"predecessor-version":[{"id":19981,"href":"https:\/\/9staedte.de\/fr\/wp-json\/wp\/v2\/pages\/17791\/revisions\/19981"}],"up":[{"embeddable":true,"href":"https:\/\/9staedte.de\/fr\/wp-json\/wp\/v2\/pages\/17963"}],"wp:featuredmedia":[{"embeddable":true,"href":"https:\/\/9staedte.de\/fr\/wp-json\/wp\/v2\/media\/16606"}],"wp:attachment":[{"href":"https:\/\/9staedte.de\/fr\/wp-json\/wp\/v2\/media?parent=17791"}],"wp:term":[{"taxonomy":"category","embeddable":true,"href":"https:\/\/9staedte.de\/fr\/wp-json\/wp\/v2\/categories?post=17791"},{"taxonomy":"post_tag","embeddable":true,"href":"https:\/\/9staedte.de\/fr\/wp-json\/wp\/v2\/tags?post=17791"},{"taxonomy":"ncap_cities_tax","embeddable":true,"href":"https:\/\/9staedte.de\/fr\/wp-json\/wp\/v2\/ncap_cities_tax?post=17791"}],"curies":[{"name":"wp","href":"https:\/\/api.w.org\/{rel}","templated":true}]}}