{"id":17788,"date":"2023-11-02T09:50:33","date_gmt":"2023-11-02T08:50:33","guid":{"rendered":"https:\/\/9staedte.de\/musees-et-expositions-a-einbeck\/"},"modified":"2025-10-13T13:43:30","modified_gmt":"2025-10-13T11:43:30","slug":"musees-et-expositions-a-einbeck","status":"publish","type":"page","link":"https:\/\/9staedte.de\/fr\/einbeck-voitures-anciennes-colombages-biere\/musees-et-expositions-a-einbeck\/","title":{"rendered":"Mus\u00e9es et expositions \u00e0 Einbeck"},"content":{"rendered":"\n<h2 class=\"wp-block-heading\">PS.SPEICHER Einbeck<\/h2>\n\n\n\n<p>1.200 motos historiques, 630 voitures de tourisme, petites et tr\u00e8s petites voitures, 200 camions et bus, une collection de v\u00e9hicules \u00e9lectriques et une autre de bulldogs Lanz. Vous trouverez ce concentr\u00e9 de mobilit\u00e9 chez nous \u00e0 Einbeck &#8211; dans le PS.SPEICHER et ses collections. Sur six sites de la ville, on peut ainsi d\u00e9couvrir plus de 2500 voitures de collection sur une surface d&rsquo;exposition totale de 22 000 m\u00b2. Il s&rsquo;agit de la plus grande collection de voitures anciennes de ce type accessible au public en Europe !<\/p>\n\n\n\n<div class=\"wp-block-columns is-layout-flex wp-container-core-columns-is-layout-9d6595d7 wp-block-columns-is-layout-flex\">\n<div class=\"wp-block-column is-layout-flow wp-block-column-is-layout-flow\" style=\"flex-basis:40%\">\n<h4 class=\"wp-block-heading\">Horaires d&rsquo;ouverture :<\/h4>\n\n\n\n<p>Heures d&rsquo;ouverture d&rsquo;\u00e9t\u00e9 (avr. &#8211; oct.) :<br>du mardi au dimanche de 10h \u00e0 18h<br>Ouvert les jours f\u00e9ri\u00e9s.<\/p>\n\n\n\n<p>Heures d&rsquo;ouverture d&rsquo;hiver (nov. &#8211; oct.) :<br>du mardi au vendredi de 11h \u00e0 17h<br>samedi &amp; dimanche 10 &#8211; 18 heures<br>Ouvert les jours f\u00e9ri\u00e9s.<\/p>\n\n\n\n<p>Contact :<br>Tiedexer Tor 3, 37574 Einbeck<br>T\u00e9l. : +49 55 61 \/ 92 32 00<br>Courrier \u00e9lectronique : <a href=\"mailto:entdeckung@ps-speicher.de\">entdeckung@ps-speicher.de<\/a><\/p>\n\n\n\n<p><a href=\"https:\/\/www.ps-speicher.de\/\">Plus d&rsquo;informations<\/a><\/p>\n<\/div>\n\n\n\n<div class=\"wp-block-column is-vertically-aligned-top is-layout-flow wp-block-column-is-layout-flow\" style=\"flex-basis:70%\">\n <div class=\"brlbs-cmpnt-container brlbs-cmpnt-content-blocker brlbs-cmpnt-with-individual-styles\" data-borlabs-cookie-content-blocker-id=\"google-maps\" data-borlabs-cookie-content=\"PGlmcmFtZSBzcmM9Imh0dHBzOi8vd3d3Lmdvb2dsZS5jb20vbWFwcy9lbWJlZD9wYj0hMW0xOCExbTEyITFtMyExZDI0NjYuMjcxNzY2NjE3MjI4ITJkOS44NTcxMTU5NzcxNzE4OCEzZDUxLjgxOTQ2NTc4Nzg1NzM3ITJtMyExZjAhMmYwITNmMCEzbTIhMWkxMDI0ITJpNzY4ITRmMTMuMSEzbTMhMW0yITFzMHg0N2JhY2U1OGEyM2UzNDRiJTNBMHgzYzk2YWIzZjIwNjk5YTMyITJzUFMuU1BFSUNIRVIhNWUwITNtMiExc2RlITJzZGUhNHYxNjkyMDk5ODEwNzM3ITVtMiExc2RlITJzZGUiIHdpZHRoPSI2MDAiIGhlaWdodD0iNDUwIiBzdHlsZT0iYm9yZGVyOjA7IiBhbGxvd2Z1bGxzY3JlZW49IiIgbG9hZGluZz0ibGF6eSIgcmVmZXJyZXJwb2xpY3k9Im5vLXJlZmVycmVyLXdoZW4tZG93bmdyYWRlIj48L2lmcmFtZT4=\"><div class=\"brlbs-cmpnt-cb-preset-b brlbs-cmpnt-cb-google-maps\"> <div class=\"brlbs-cmpnt-cb-thumbnail\" style=\"background-image: url('https:\/\/9staedte.de\/wp-content\/uploads\/borlabs-cookie\/1\/brlbs-cb-google-maps-main.png')\"><\/div> <div class=\"brlbs-cmpnt-cb-main\"> <div class=\"brlbs-cmpnt-cb-content\"> <p class=\"brlbs-cmpnt-cb-description\">Vous \u00eates actuellement en train de consulter le contenu d&rsquo;un espace r\u00e9serv\u00e9 de <strong>Google Maps<\/strong>. Pour acc\u00e9der au contenu r\u00e9el, cliquez sur le bouton ci-dessous. Veuillez noter que ce faisant, des donn\u00e9es seront partag\u00e9es avec des providers tiers.<\/p> <a class=\"brlbs-cmpnt-cb-provider-toggle\" href=\"#\" data-borlabs-cookie-show-provider-information role=\"button\">Plus d&rsquo;informations<\/a> <\/div> <div class=\"brlbs-cmpnt-cb-buttons\"> <a class=\"brlbs-cmpnt-cb-btn\" href=\"#\" data-borlabs-cookie-unblock role=\"button\">D\u00e9bloquer le contenu<\/a> <a class=\"brlbs-cmpnt-cb-btn\" href=\"#\" data-borlabs-cookie-accept-service role=\"button\" style=\"display: inherit\">Accepter le service requis et d\u00e9bloquer le contenu<\/a> <\/div> <\/div> <\/div><\/div>\n<\/div>\n<\/div>\n\n\n\n<h2 class=\"wp-block-heading\">Mus\u00e9e de la ville et Maison du v\u00e9lo<\/h2>\n\n\n\n<p>Le StadtMuseum vous plonge dans plus de 800 ans d&rsquo;histoire d&rsquo;Einbeck.  <br>De plus, l&rsquo;une des expositions de v\u00e9los les plus modernes d&rsquo;Allemagne pr\u00e9sente l&rsquo;\u00e9volution des v\u00e9los dans la RadHaus Meilenseine.<\/p>\n\n\n\n<div class=\"wp-block-columns is-layout-flex wp-container-core-columns-is-layout-9d6595d7 wp-block-columns-is-layout-flex\">\n<div class=\"wp-block-column is-layout-flow wp-block-column-is-layout-flow\" style=\"flex-basis:33.33%\">\n<p><strong>Mus\u00e9e de la ville avec RadHaus<\/strong><br>Sur le chemin de pierre 11 \/ 13<br>37574 Einbeck<br>Allemagne<\/p>\n\n\n\n<p><strong>Horaires d&rsquo;ouverture :<\/strong>ouvert du mardi au dimanche : de 11h \u00e0 16h, ou sur rendez-vous<br>lundi : jour de fermeture<\/p>\n\n\n\n<p>T\u00e9l. : <a href=\"tel:+495561916504\">+49 55 61 \/ 916 &#8211; 504<\/a><br>T\u00e9l\u00e9copieur : +49 55 61 \/ 916 &#8211; 500 &#8211; 504<br>Courrier \u00e9lectronique : <a>museum@einbeck.de<\/a><br>Site web : <a href=\"http:\/\/www.stadtmuseum-einbeck.de\/\" target=\"_blank\" rel=\"noreferrer noopener\">www.stadtmuseum-einbeck.de<\/a><\/p>\n\n\n\n<p><\/p>\n<\/div>\n\n\n\n<div class=\"wp-block-column is-layout-flow wp-block-column-is-layout-flow\" style=\"flex-basis:66.66%\">\n <div class=\"brlbs-cmpnt-container brlbs-cmpnt-content-blocker brlbs-cmpnt-with-individual-styles\" data-borlabs-cookie-content-blocker-id=\"google-maps\" data-borlabs-cookie-content=\"PGlmcmFtZSBzcmM9Imh0dHBzOi8vd3d3Lmdvb2dsZS5jb20vbWFwcy9lbWJlZD9wYj0hMW0xOCExbTEyITFtMyExZDI0NjYuMjI5MzcxNzA2ODIzITJkOS44NjQxMjA5NzY5MTQ0NzMhM2Q1MS44MjAyNDAyODc4MDEwMyEybTMhMWYwITJmMCEzZjAhM20yITFpMTAyNCEyaTc2OCE0ZjEzLjEhM20zITFtMiExczB4NDdiYWNlZjU3OTg1ZGY4MyUzQTB4OTg1ZGE4M2MxYjdmNmEzNiEyc1N0YWR0bXVzZXVtJTIwRWluYmVjayE1ZTAhM20yITFzZGUhMnNkZSE0djE3MjAwMTk0NTc2NDkhNW0yITFzZGUhMnNkZSIgd2lkdGg9IjYwMCIgaGVpZ2h0PSI0NTAiIHN0eWxlPSJib3JkZXI6MDsiIGFsbG93ZnVsbHNjcmVlbj0iIiBsb2FkaW5nPSJsYXp5IiByZWZlcnJlcnBvbGljeT0ibm8tcmVmZXJyZXItd2hlbi1kb3duZ3JhZGUiPjwvaWZyYW1lPg==\"><div class=\"brlbs-cmpnt-cb-preset-b brlbs-cmpnt-cb-google-maps\"> <div class=\"brlbs-cmpnt-cb-thumbnail\" style=\"background-image: url('https:\/\/9staedte.de\/wp-content\/uploads\/borlabs-cookie\/1\/brlbs-cb-google-maps-main.png')\"><\/div> <div class=\"brlbs-cmpnt-cb-main\"> <div class=\"brlbs-cmpnt-cb-content\"> <p class=\"brlbs-cmpnt-cb-description\">Vous \u00eates actuellement en train de consulter le contenu d&rsquo;un espace r\u00e9serv\u00e9 de <strong>Google Maps<\/strong>. Pour acc\u00e9der au contenu r\u00e9el, cliquez sur le bouton ci-dessous. Veuillez noter que ce faisant, des donn\u00e9es seront partag\u00e9es avec des providers tiers.<\/p> <a class=\"brlbs-cmpnt-cb-provider-toggle\" href=\"#\" data-borlabs-cookie-show-provider-information role=\"button\">Plus d&rsquo;informations<\/a> <\/div> <div class=\"brlbs-cmpnt-cb-buttons\"> <a class=\"brlbs-cmpnt-cb-btn\" href=\"#\" data-borlabs-cookie-unblock role=\"button\">D\u00e9bloquer le contenu<\/a> <a class=\"brlbs-cmpnt-cb-btn\" href=\"#\" data-borlabs-cookie-accept-service role=\"button\" style=\"display: inherit\">Accepter le service requis et d\u00e9bloquer le contenu<\/a> <\/div> <\/div> <\/div><\/div>\n<\/div>\n<\/div>\n\n\n\n<div class=\"wp-block-columns is-layout-flex wp-container-core-columns-is-layout-9d6595d7 wp-block-columns-is-layout-flex\">\n<div class=\"wp-block-column is-layout-flow wp-block-column-is-layout-flow\"><\/div>\n\n\n\n<div class=\"wp-block-column is-layout-flow wp-block-column-is-layout-flow\"><\/div>\n<\/div>\n\n\n\n<div class=\"wp-block-columns is-layout-flex wp-container-core-columns-is-layout-9d6595d7 wp-block-columns-is-layout-flex\">\n<div class=\"wp-block-column is-layout-flow wp-block-column-is-layout-flow\" style=\"flex-basis:33.33%\">\n<div class=\"wp-block-columns is-layout-flex wp-container-core-columns-is-layout-9d6595d7 wp-block-columns-is-layout-flex\">\n<div class=\"wp-block-column is-layout-flow wp-block-column-is-layout-flow\"><\/div>\n\n\n\n<div class=\"wp-block-column is-layout-flow wp-block-column-is-layout-flow\">\n<p><\/p>\n<\/div>\n<\/div>\n<\/div>\n\n\n\n<div class=\"wp-block-column is-layout-flow wp-block-column-is-layout-flow\" style=\"flex-basis:66.66%\"><\/div>\n<\/div>\n\n\n\n<div class=\"wp-block-columns is-layout-flex wp-container-core-columns-is-layout-9d6595d7 wp-block-columns-is-layout-flex\"><\/div>\n","protected":false},"excerpt":{"rendered":"<p>PS.SPEICHER Einbeck 1.200 motos historiques, 630 voitures de tourisme, petites et tr\u00e8s petites voitures, 200 camions et bus, une collection de v\u00e9hicules \u00e9lectriques et une autre de bulldogs Lanz. Vous trouverez ce concentr\u00e9 de mobilit\u00e9 chez nous \u00e0 Einbeck &#8211; dans le PS.SPEICHER et ses collections. Sur six sites de la ville, on peut ainsi [&hellip;]<\/p>\n","protected":false},"author":1,"featured_media":17797,"parent":18033,"menu_order":0,"comment_status":"closed","ping_status":"closed","template":"pagetemplates\/template-stadtthema.php","meta":{"_acf_changed":false,"footnotes":""},"categories":[],"tags":[],"ncap_cities_tax":[478,689],"class_list":["post-17788","page","type-page","status-publish","has-post-thumbnail","hentry","ncap_cities_tax-einbeck-fr","ncap_cities_tax-museen-einbeck-fr"],"acf":[],"yoast_head":"<!-- This site is optimized with the Yoast SEO plugin v26.8 - https:\/\/yoast.com\/product\/yoast-seo-wordpress\/ -->\n<title>Mus\u00e9es et expositions \u00e0 Einbeck - 9 St\u00e4dte in Niedersachsen<\/title>\n<meta name=\"robots\" content=\"index, follow, max-snippet:-1, max-image-preview:large, max-video-preview:-1\" \/>\n<link rel=\"canonical\" href=\"https:\/\/9staedte.de\/fr\/einbeck-voitures-anciennes-colombages-biere\/musees-et-expositions-a-einbeck\/\" \/>\n<meta property=\"og:locale\" content=\"fr_FR\" \/>\n<meta property=\"og:type\" content=\"article\" \/>\n<meta property=\"og:title\" content=\"Mus\u00e9es et expositions \u00e0 Einbeck - 9 St\u00e4dte in Niedersachsen\" \/>\n<meta property=\"og:description\" content=\"PS.SPEICHER Einbeck 1.200 motos historiques, 630 voitures de tourisme, petites et tr\u00e8s petites voitures, 200 camions et bus, une collection de v\u00e9hicules \u00e9lectriques et une autre de bulldogs Lanz. Vous trouverez ce concentr\u00e9 de mobilit\u00e9 chez nous \u00e0 Einbeck &#8211; dans le PS.SPEICHER et ses collections. Sur six sites de la ville, on peut ainsi [&hellip;]\" \/>\n<meta property=\"og:url\" content=\"https:\/\/9staedte.de\/fr\/einbeck-voitures-anciennes-colombages-biere\/musees-et-expositions-a-einbeck\/\" \/>\n<meta property=\"og:site_name\" content=\"9 St\u00e4dte in Niedersachsen\" \/>\n<meta property=\"article:modified_time\" content=\"2025-10-13T11:43:30+00:00\" \/>\n<meta property=\"og:image\" content=\"https:\/\/9staedte.de\/wp-content\/uploads\/2023\/02\/Einbeck-PS.Speicher-Aussenansicht-cc0.jpg\" \/>\n\t<meta property=\"og:image:width\" content=\"1020\" \/>\n\t<meta property=\"og:image:height\" content=\"560\" \/>\n\t<meta property=\"og:image:type\" content=\"image\/jpeg\" \/>\n<meta name=\"twitter:card\" content=\"summary_large_image\" \/>\n<meta name=\"twitter:label1\" content=\"Dur\u00e9e de lecture estim\u00e9e\" \/>\n\t<meta name=\"twitter:data1\" content=\"2 minutes\" \/>\n<script type=\"application\/ld+json\" class=\"yoast-schema-graph\">{\"@context\":\"https:\/\/schema.org\",\"@graph\":[{\"@type\":\"WebPage\",\"@id\":\"https:\/\/9staedte.de\/fr\/einbeck-voitures-anciennes-colombages-biere\/musees-et-expositions-a-einbeck\/\",\"url\":\"https:\/\/9staedte.de\/fr\/einbeck-voitures-anciennes-colombages-biere\/musees-et-expositions-a-einbeck\/\",\"name\":\"Mus\u00e9es et expositions \u00e0 Einbeck - 9 St\u00e4dte in Niedersachsen\",\"isPartOf\":{\"@id\":\"https:\/\/9staedte.de\/fr\/#website\"},\"primaryImageOfPage\":{\"@id\":\"https:\/\/9staedte.de\/fr\/einbeck-voitures-anciennes-colombages-biere\/musees-et-expositions-a-einbeck\/#primaryimage\"},\"image\":{\"@id\":\"https:\/\/9staedte.de\/fr\/einbeck-voitures-anciennes-colombages-biere\/musees-et-expositions-a-einbeck\/#primaryimage\"},\"thumbnailUrl\":\"https:\/\/9staedte.de\/wp-content\/uploads\/2023\/02\/Einbeck-PS.Speicher-Aussenansicht-cc0.jpg\",\"datePublished\":\"2023-11-02T08:50:33+00:00\",\"dateModified\":\"2025-10-13T11:43:30+00:00\",\"breadcrumb\":{\"@id\":\"https:\/\/9staedte.de\/fr\/einbeck-voitures-anciennes-colombages-biere\/musees-et-expositions-a-einbeck\/#breadcrumb\"},\"inLanguage\":\"fr-FR\",\"potentialAction\":[{\"@type\":\"ReadAction\",\"target\":[\"https:\/\/9staedte.de\/fr\/einbeck-voitures-anciennes-colombages-biere\/musees-et-expositions-a-einbeck\/\"]}]},{\"@type\":\"ImageObject\",\"inLanguage\":\"fr-FR\",\"@id\":\"https:\/\/9staedte.de\/fr\/einbeck-voitures-anciennes-colombages-biere\/musees-et-expositions-a-einbeck\/#primaryimage\",\"url\":\"https:\/\/9staedte.de\/wp-content\/uploads\/2023\/02\/Einbeck-PS.Speicher-Aussenansicht-cc0.jpg\",\"contentUrl\":\"https:\/\/9staedte.de\/wp-content\/uploads\/2023\/02\/Einbeck-PS.Speicher-Aussenansicht-cc0.jpg\",\"width\":1020,\"height\":560,\"caption\":\"Einbeck PS.Speicher Au\u00dfenansicht cc0\"},{\"@type\":\"BreadcrumbList\",\"@id\":\"https:\/\/9staedte.de\/fr\/einbeck-voitures-anciennes-colombages-biere\/musees-et-expositions-a-einbeck\/#breadcrumb\",\"itemListElement\":[{\"@type\":\"ListItem\",\"position\":1,\"name\":\"Startseite\",\"item\":\"https:\/\/9staedte.de\/fr\/\"},{\"@type\":\"ListItem\",\"position\":2,\"name\":\"Einbeck &#8211; voitures anciennes, colombages, bi\u00e8re\",\"item\":\"https:\/\/9staedte.de\/fr\/einbeck-voitures-anciennes-colombages-biere\/\"},{\"@type\":\"ListItem\",\"position\":3,\"name\":\"Mus\u00e9es et expositions \u00e0 Einbeck\"}]},{\"@type\":\"WebSite\",\"@id\":\"https:\/\/9staedte.de\/fr\/#website\",\"url\":\"https:\/\/9staedte.de\/fr\/\",\"name\":\"9 St\u00e4dte in Niedersachsen\",\"description\":\"\",\"publisher\":{\"@id\":\"https:\/\/9staedte.de\/fr\/#organization\"},\"potentialAction\":[{\"@type\":\"SearchAction\",\"target\":{\"@type\":\"EntryPoint\",\"urlTemplate\":\"https:\/\/9staedte.de\/fr\/?s={search_term_string}\"},\"query-input\":{\"@type\":\"PropertyValueSpecification\",\"valueRequired\":true,\"valueName\":\"search_term_string\"}}],\"inLanguage\":\"fr-FR\"},{\"@type\":\"Organization\",\"@id\":\"https:\/\/9staedte.de\/fr\/#organization\",\"name\":\"9 St\u00e4dte in Niedersachsen\",\"url\":\"https:\/\/9staedte.de\/fr\/\",\"logo\":{\"@type\":\"ImageObject\",\"inLanguage\":\"fr-FR\",\"@id\":\"https:\/\/9staedte.de\/fr\/#\/schema\/logo\/image\/\",\"url\":\"https:\/\/9staedte.de\/wp-content\/uploads\/2025\/01\/9-neg-deutsch-2-1.png\",\"contentUrl\":\"https:\/\/9staedte.de\/wp-content\/uploads\/2025\/01\/9-neg-deutsch-2-1.png\",\"width\":190,\"height\":114,\"caption\":\"9 St\u00e4dte in Niedersachsen\"},\"image\":{\"@id\":\"https:\/\/9staedte.de\/fr\/#\/schema\/logo\/image\/\"}}]}<\/script>\n<!-- \/ Yoast SEO plugin. -->","yoast_head_json":{"title":"Mus\u00e9es et expositions \u00e0 Einbeck - 9 St\u00e4dte in Niedersachsen","robots":{"index":"index","follow":"follow","max-snippet":"max-snippet:-1","max-image-preview":"max-image-preview:large","max-video-preview":"max-video-preview:-1"},"canonical":"https:\/\/9staedte.de\/fr\/einbeck-voitures-anciennes-colombages-biere\/musees-et-expositions-a-einbeck\/","og_locale":"fr_FR","og_type":"article","og_title":"Mus\u00e9es et expositions \u00e0 Einbeck - 9 St\u00e4dte in Niedersachsen","og_description":"PS.SPEICHER Einbeck 1.200 motos historiques, 630 voitures de tourisme, petites et tr\u00e8s petites voitures, 200 camions et bus, une collection de v\u00e9hicules \u00e9lectriques et une autre de bulldogs Lanz. Vous trouverez ce concentr\u00e9 de mobilit\u00e9 chez nous \u00e0 Einbeck &#8211; dans le PS.SPEICHER et ses collections. Sur six sites de la ville, on peut ainsi [&hellip;]","og_url":"https:\/\/9staedte.de\/fr\/einbeck-voitures-anciennes-colombages-biere\/musees-et-expositions-a-einbeck\/","og_site_name":"9 St\u00e4dte in Niedersachsen","article_modified_time":"2025-10-13T11:43:30+00:00","og_image":[{"width":1020,"height":560,"url":"https:\/\/9staedte.de\/wp-content\/uploads\/2023\/02\/Einbeck-PS.Speicher-Aussenansicht-cc0.jpg","type":"image\/jpeg"}],"twitter_card":"summary_large_image","twitter_misc":{"Dur\u00e9e de lecture estim\u00e9e":"2 minutes"},"schema":{"@context":"https:\/\/schema.org","@graph":[{"@type":"WebPage","@id":"https:\/\/9staedte.de\/fr\/einbeck-voitures-anciennes-colombages-biere\/musees-et-expositions-a-einbeck\/","url":"https:\/\/9staedte.de\/fr\/einbeck-voitures-anciennes-colombages-biere\/musees-et-expositions-a-einbeck\/","name":"Mus\u00e9es et expositions \u00e0 Einbeck - 9 St\u00e4dte in Niedersachsen","isPartOf":{"@id":"https:\/\/9staedte.de\/fr\/#website"},"primaryImageOfPage":{"@id":"https:\/\/9staedte.de\/fr\/einbeck-voitures-anciennes-colombages-biere\/musees-et-expositions-a-einbeck\/#primaryimage"},"image":{"@id":"https:\/\/9staedte.de\/fr\/einbeck-voitures-anciennes-colombages-biere\/musees-et-expositions-a-einbeck\/#primaryimage"},"thumbnailUrl":"https:\/\/9staedte.de\/wp-content\/uploads\/2023\/02\/Einbeck-PS.Speicher-Aussenansicht-cc0.jpg","datePublished":"2023-11-02T08:50:33+00:00","dateModified":"2025-10-13T11:43:30+00:00","breadcrumb":{"@id":"https:\/\/9staedte.de\/fr\/einbeck-voitures-anciennes-colombages-biere\/musees-et-expositions-a-einbeck\/#breadcrumb"},"inLanguage":"fr-FR","potentialAction":[{"@type":"ReadAction","target":["https:\/\/9staedte.de\/fr\/einbeck-voitures-anciennes-colombages-biere\/musees-et-expositions-a-einbeck\/"]}]},{"@type":"ImageObject","inLanguage":"fr-FR","@id":"https:\/\/9staedte.de\/fr\/einbeck-voitures-anciennes-colombages-biere\/musees-et-expositions-a-einbeck\/#primaryimage","url":"https:\/\/9staedte.de\/wp-content\/uploads\/2023\/02\/Einbeck-PS.Speicher-Aussenansicht-cc0.jpg","contentUrl":"https:\/\/9staedte.de\/wp-content\/uploads\/2023\/02\/Einbeck-PS.Speicher-Aussenansicht-cc0.jpg","width":1020,"height":560,"caption":"Einbeck PS.Speicher Au\u00dfenansicht cc0"},{"@type":"BreadcrumbList","@id":"https:\/\/9staedte.de\/fr\/einbeck-voitures-anciennes-colombages-biere\/musees-et-expositions-a-einbeck\/#breadcrumb","itemListElement":[{"@type":"ListItem","position":1,"name":"Startseite","item":"https:\/\/9staedte.de\/fr\/"},{"@type":"ListItem","position":2,"name":"Einbeck &#8211; voitures anciennes, colombages, bi\u00e8re","item":"https:\/\/9staedte.de\/fr\/einbeck-voitures-anciennes-colombages-biere\/"},{"@type":"ListItem","position":3,"name":"Mus\u00e9es et expositions \u00e0 Einbeck"}]},{"@type":"WebSite","@id":"https:\/\/9staedte.de\/fr\/#website","url":"https:\/\/9staedte.de\/fr\/","name":"9 St\u00e4dte in Niedersachsen","description":"","publisher":{"@id":"https:\/\/9staedte.de\/fr\/#organization"},"potentialAction":[{"@type":"SearchAction","target":{"@type":"EntryPoint","urlTemplate":"https:\/\/9staedte.de\/fr\/?s={search_term_string}"},"query-input":{"@type":"PropertyValueSpecification","valueRequired":true,"valueName":"search_term_string"}}],"inLanguage":"fr-FR"},{"@type":"Organization","@id":"https:\/\/9staedte.de\/fr\/#organization","name":"9 St\u00e4dte in Niedersachsen","url":"https:\/\/9staedte.de\/fr\/","logo":{"@type":"ImageObject","inLanguage":"fr-FR","@id":"https:\/\/9staedte.de\/fr\/#\/schema\/logo\/image\/","url":"https:\/\/9staedte.de\/wp-content\/uploads\/2025\/01\/9-neg-deutsch-2-1.png","contentUrl":"https:\/\/9staedte.de\/wp-content\/uploads\/2025\/01\/9-neg-deutsch-2-1.png","width":190,"height":114,"caption":"9 St\u00e4dte in Niedersachsen"},"image":{"@id":"https:\/\/9staedte.de\/fr\/#\/schema\/logo\/image\/"}}]}},"_links":{"self":[{"href":"https:\/\/9staedte.de\/fr\/wp-json\/wp\/v2\/pages\/17788","targetHints":{"allow":["GET"]}}],"collection":[{"href":"https:\/\/9staedte.de\/fr\/wp-json\/wp\/v2\/pages"}],"about":[{"href":"https:\/\/9staedte.de\/fr\/wp-json\/wp\/v2\/types\/page"}],"author":[{"embeddable":true,"href":"https:\/\/9staedte.de\/fr\/wp-json\/wp\/v2\/users\/1"}],"replies":[{"embeddable":true,"href":"https:\/\/9staedte.de\/fr\/wp-json\/wp\/v2\/comments?post=17788"}],"version-history":[{"count":5,"href":"https:\/\/9staedte.de\/fr\/wp-json\/wp\/v2\/pages\/17788\/revisions"}],"predecessor-version":[{"id":27140,"href":"https:\/\/9staedte.de\/fr\/wp-json\/wp\/v2\/pages\/17788\/revisions\/27140"}],"up":[{"embeddable":true,"href":"https:\/\/9staedte.de\/fr\/wp-json\/wp\/v2\/pages\/18033"}],"wp:featuredmedia":[{"embeddable":true,"href":"https:\/\/9staedte.de\/fr\/wp-json\/wp\/v2\/media\/17797"}],"wp:attachment":[{"href":"https:\/\/9staedte.de\/fr\/wp-json\/wp\/v2\/media?parent=17788"}],"wp:term":[{"taxonomy":"category","embeddable":true,"href":"https:\/\/9staedte.de\/fr\/wp-json\/wp\/v2\/categories?post=17788"},{"taxonomy":"post_tag","embeddable":true,"href":"https:\/\/9staedte.de\/fr\/wp-json\/wp\/v2\/tags?post=17788"},{"taxonomy":"ncap_cities_tax","embeddable":true,"href":"https:\/\/9staedte.de\/fr\/wp-json\/wp\/v2\/ncap_cities_tax?post=17788"}],"curies":[{"name":"wp","href":"https:\/\/api.w.org\/{rel}","templated":true}]}}