{"id":17782,"date":"2023-11-02T09:50:32","date_gmt":"2023-11-02T08:50:32","guid":{"rendered":"https:\/\/9staedte.de\/musees-et-expositions-a-celle\/"},"modified":"2025-05-08T14:59:50","modified_gmt":"2025-05-08T12:59:50","slug":"musees-et-expositions-a-celle","status":"publish","type":"page","link":"https:\/\/9staedte.de\/fr\/celle-une-charmante-ville-residentielle\/musees-et-expositions-a-celle\/","title":{"rendered":"Mus\u00e9es et expositions \u00e0 Celle"},"content":{"rendered":"\r\n\r\n    <div class=\"filter-posts\">\r\n            <div  id=\"filterContent\">\r\n                                                        \n<div class=\"contentKachel filtr-item\" data-category=\"celle-fr\">\n    <a href=\"https:\/\/9staedte.de\/fr\/musee-dart-de-celle-ouvert-24-heures-sur-24\/\">\n        <div class=\"contentKachel-inner\">\n                            <div class=\"contentKachel-thumbnail\">\n                    <img loading=\"lazy\" decoding=\"async\" width=\"300\" height=\"165\" src=\"https:\/\/9staedte.de\/wp-content\/smush-webp\/2022\/03\/Celle_24-Stunden-Kunstmuseum-c-Celle-Tourismus-300x165.jpg.webp\" class=\"objectfitcover withfilters wp-post-image\" alt=\"Sur la photo, on voit un b\u00e2timent moderne. La fa\u00e7ade est illumin\u00e9e en orange. Le b\u00e2timent est bien \u00e9clair\u00e9 la nuit. C\u2019est le mus\u00e9e d\u2019art ouvert 24 heures \u00e0 Celle.\" srcset=\"https:\/\/9staedte.de\/wp-content\/smush-webp\/2022\/03\/Celle_24-Stunden-Kunstmuseum-c-Celle-Tourismus-300x165.jpg.webp 300w, https:\/\/9staedte.de\/wp-content\/smush-webp\/2022\/03\/Celle_24-Stunden-Kunstmuseum-c-Celle-Tourismus-768x422.jpg.webp 768w, https:\/\/9staedte.de\/wp-content\/smush-webp\/2022\/03\/Celle_24-Stunden-Kunstmuseum-c-Celle-Tourismus.jpg.webp 1019w\" sizes=\"auto, (max-width: 300px) 100vw, 300px\" \/>                    <img loading=\"lazy\" decoding=\"async\" width=\"300\" height=\"165\" src=\"https:\/\/9staedte.de\/wp-content\/smush-webp\/2022\/03\/Celle_24-Stunden-Kunstmuseum-c-Celle-Tourismus-300x165.jpg.webp\" class=\"objectfitcontain wp-post-image\" alt=\"Sur la photo, on voit un b\u00e2timent moderne. La fa\u00e7ade est illumin\u00e9e en orange. Le b\u00e2timent est bien \u00e9clair\u00e9 la nuit. C\u2019est le mus\u00e9e d\u2019art ouvert 24 heures \u00e0 Celle.\" srcset=\"https:\/\/9staedte.de\/wp-content\/smush-webp\/2022\/03\/Celle_24-Stunden-Kunstmuseum-c-Celle-Tourismus-300x165.jpg.webp 300w, https:\/\/9staedte.de\/wp-content\/smush-webp\/2022\/03\/Celle_24-Stunden-Kunstmuseum-c-Celle-Tourismus-768x422.jpg.webp 768w, https:\/\/9staedte.de\/wp-content\/smush-webp\/2022\/03\/Celle_24-Stunden-Kunstmuseum-c-Celle-Tourismus.jpg.webp 1019w\" sizes=\"auto, (max-width: 300px) 100vw, 300px\" \/>                        <div class=\"thumbnail-label\">\n    <span>Celle_24-Stunden-Kunstmuseum c) Celle Tourismus<\/span>\n    <\/div>\n                <\/div>\n                        <div class=\"contentKachel-content\">\n                                    <div class=\"city-tag bg-celle\">\n                        Celle                    <\/div>\n                \n                <div class=\"title\">\n\n                    Mus\u00e9e d&rsquo;art de Celle, ouvert 24 heures sur 24                    \n                <\/div>\n\n                            <\/div>\n\n        <\/div>\n    <\/a>\n<\/div>                                                        \n<div class=\"contentKachel filtr-item\" data-category=\"celle-fr\">\n    <a href=\"https:\/\/9staedte.de\/fr\/musee-bomann-de-celle\/\">\n        <div class=\"contentKachel-inner\">\n                            <div class=\"contentKachel-thumbnail\">\n                    <img loading=\"lazy\" decoding=\"async\" width=\"300\" height=\"165\" src=\"https:\/\/9staedte.de\/wp-content\/smush-webp\/2022\/03\/Bomann-Museum-Celle-c-Bomann-Museum-300x165.jpg.webp\" class=\"objectfitcover withfilters wp-post-image\" alt=\"L&#039;image montre une exposition au mus\u00e9e Bomann \u00e0 Celle. On y voit de vieux appareils m\u00e9nagers. Au centre, il y a une vieille machine \u00e0 laver. \u00c0 c\u00f4t\u00e9, on voit d&#039;autres appareils pour laver et nettoyer. Sur le mur, il est \u00e9crit en lettres anciennes : &quot;\u00c0 l&#039;honneur et au soulagement de la m\u00e9nag\u00e8re&quot;. Les appareils sont en m\u00e9tal et en bois. Ils montrent comment on faisait la lessive autrefois.\" srcset=\"https:\/\/9staedte.de\/wp-content\/smush-webp\/2022\/03\/Bomann-Museum-Celle-c-Bomann-Museum-300x165.jpg.webp 300w, https:\/\/9staedte.de\/wp-content\/smush-webp\/2022\/03\/Bomann-Museum-Celle-c-Bomann-Museum-768x422.jpg.webp 768w, https:\/\/9staedte.de\/wp-content\/smush-webp\/2022\/03\/Bomann-Museum-Celle-c-Bomann-Museum.jpg.webp 1020w\" sizes=\"auto, (max-width: 300px) 100vw, 300px\" \/>                    <img loading=\"lazy\" decoding=\"async\" width=\"300\" height=\"165\" src=\"https:\/\/9staedte.de\/wp-content\/smush-webp\/2022\/03\/Bomann-Museum-Celle-c-Bomann-Museum-300x165.jpg.webp\" class=\"objectfitcontain wp-post-image\" alt=\"L&#039;image montre une exposition au mus\u00e9e Bomann \u00e0 Celle. On y voit de vieux appareils m\u00e9nagers. Au centre, il y a une vieille machine \u00e0 laver. \u00c0 c\u00f4t\u00e9, on voit d&#039;autres appareils pour laver et nettoyer. Sur le mur, il est \u00e9crit en lettres anciennes : &quot;\u00c0 l&#039;honneur et au soulagement de la m\u00e9nag\u00e8re&quot;. Les appareils sont en m\u00e9tal et en bois. Ils montrent comment on faisait la lessive autrefois.\" srcset=\"https:\/\/9staedte.de\/wp-content\/smush-webp\/2022\/03\/Bomann-Museum-Celle-c-Bomann-Museum-300x165.jpg.webp 300w, https:\/\/9staedte.de\/wp-content\/smush-webp\/2022\/03\/Bomann-Museum-Celle-c-Bomann-Museum-768x422.jpg.webp 768w, https:\/\/9staedte.de\/wp-content\/smush-webp\/2022\/03\/Bomann-Museum-Celle-c-Bomann-Museum.jpg.webp 1020w\" sizes=\"auto, (max-width: 300px) 100vw, 300px\" \/>                        <div class=\"thumbnail-label\">\n    <span>Bomann-Museum Celle c) Bomann Museum<\/span>\n    <\/div>\n                <\/div>\n                        <div class=\"contentKachel-content\">\n                                    <div class=\"city-tag bg-celle\">\n                        Celle                    <\/div>\n                \n                <div class=\"title\">\n\n                    Mus\u00e9e Bomann de Celle                    \n                <\/div>\n\n                            <\/div>\n\n        <\/div>\n    <\/a>\n<\/div>                                                        \n<div class=\"contentKachel filtr-item\" data-category=\"celle-fr\">\n    <a href=\"https:\/\/9staedte.de\/fr\/musee-otto-haesler-de-celle\/\">\n        <div class=\"contentKachel-inner\">\n                            <div class=\"contentKachel-thumbnail\">\n                    <img loading=\"lazy\" decoding=\"async\" width=\"300\" height=\"165\" src=\"https:\/\/9staedte.de\/wp-content\/smush-webp\/2022\/03\/Celle-Bauhaus-c-Stadt-Celle-300x165.jpg.webp\" class=\"objectfitcover withfilters wp-post-image\" alt=\"Sur l\u2019image, il y a des maisons color\u00e9es. Les maisons sont rouges, bleues et blanches. Elles ont une forme simple. Les fen\u00eatres sont droites. C\u2019est un exemple de Bauhaus. Les maisons sont \u00e0 Celle.\" srcset=\"https:\/\/9staedte.de\/wp-content\/smush-webp\/2022\/03\/Celle-Bauhaus-c-Stadt-Celle-300x165.jpg.webp 300w, https:\/\/9staedte.de\/wp-content\/smush-webp\/2022\/03\/Celle-Bauhaus-c-Stadt-Celle-768x422.jpg.webp 768w, https:\/\/9staedte.de\/wp-content\/smush-webp\/2022\/03\/Celle-Bauhaus-c-Stadt-Celle.jpg.webp 1020w\" sizes=\"auto, (max-width: 300px) 100vw, 300px\" \/>                    <img loading=\"lazy\" decoding=\"async\" width=\"300\" height=\"165\" src=\"https:\/\/9staedte.de\/wp-content\/smush-webp\/2022\/03\/Celle-Bauhaus-c-Stadt-Celle-300x165.jpg.webp\" class=\"objectfitcontain wp-post-image\" alt=\"Sur l\u2019image, il y a des maisons color\u00e9es. Les maisons sont rouges, bleues et blanches. Elles ont une forme simple. Les fen\u00eatres sont droites. C\u2019est un exemple de Bauhaus. Les maisons sont \u00e0 Celle.\" srcset=\"https:\/\/9staedte.de\/wp-content\/smush-webp\/2022\/03\/Celle-Bauhaus-c-Stadt-Celle-300x165.jpg.webp 300w, https:\/\/9staedte.de\/wp-content\/smush-webp\/2022\/03\/Celle-Bauhaus-c-Stadt-Celle-768x422.jpg.webp 768w, https:\/\/9staedte.de\/wp-content\/smush-webp\/2022\/03\/Celle-Bauhaus-c-Stadt-Celle.jpg.webp 1020w\" sizes=\"auto, (max-width: 300px) 100vw, 300px\" \/>                        <div class=\"thumbnail-label\">\n    <span>Celle Bauhaus c) Stadt Celle<\/span>\n    <\/div>\n                <\/div>\n                        <div class=\"contentKachel-content\">\n                                    <div class=\"city-tag bg-celle\">\n                        Celle                    <\/div>\n                \n                <div class=\"title\">\n\n                    Mus\u00e9e otto haesler de Celle                    \n                <\/div>\n\n                            <\/div>\n\n        <\/div>\n    <\/a>\n<\/div>                                                        \n<div class=\"contentKachel filtr-item\" data-category=\"celle-fr\">\n    <a href=\"https:\/\/9staedte.de\/fr\/musee-de-la-residence-dans-le-chateau-de-celle\/\">\n        <div class=\"contentKachel-inner\">\n                            <div class=\"contentKachel-thumbnail\">\n                    <img loading=\"lazy\" decoding=\"async\" width=\"300\" height=\"164\" src=\"https:\/\/9staedte.de\/wp-content\/smush-webp\/2022\/03\/celle-schloss-paradezimmer-c-Celle-Tourismus-300x164.jpg.webp\" class=\"objectfitcover withfilters wp-post-image\" alt=\"\" srcset=\"https:\/\/9staedte.de\/wp-content\/smush-webp\/2022\/03\/celle-schloss-paradezimmer-c-Celle-Tourismus-300x164.jpg.webp 300w, https:\/\/9staedte.de\/wp-content\/smush-webp\/2022\/03\/celle-schloss-paradezimmer-c-Celle-Tourismus-768x421.jpg.webp 768w, https:\/\/9staedte.de\/wp-content\/smush-webp\/2022\/03\/celle-schloss-paradezimmer-c-Celle-Tourismus.jpg.webp 1020w\" sizes=\"auto, (max-width: 300px) 100vw, 300px\" \/>                    <img loading=\"lazy\" decoding=\"async\" width=\"300\" height=\"164\" src=\"https:\/\/9staedte.de\/wp-content\/smush-webp\/2022\/03\/celle-schloss-paradezimmer-c-Celle-Tourismus-300x164.jpg.webp\" class=\"objectfitcontain wp-post-image\" alt=\"\" srcset=\"https:\/\/9staedte.de\/wp-content\/smush-webp\/2022\/03\/celle-schloss-paradezimmer-c-Celle-Tourismus-300x164.jpg.webp 300w, https:\/\/9staedte.de\/wp-content\/smush-webp\/2022\/03\/celle-schloss-paradezimmer-c-Celle-Tourismus-768x421.jpg.webp 768w, https:\/\/9staedte.de\/wp-content\/smush-webp\/2022\/03\/celle-schloss-paradezimmer-c-Celle-Tourismus.jpg.webp 1020w\" sizes=\"auto, (max-width: 300px) 100vw, 300px\" \/>                                            <\/div>\n                        <div class=\"contentKachel-content\">\n                                    <div class=\"city-tag bg-celle\">\n                        Celle                    <\/div>\n                \n                <div class=\"title\">\n\n                    Mus\u00e9e de la R\u00e9sidence dans le ch\u00e2teau de Celle                    \n                <\/div>\n\n                            <\/div>\n\n        <\/div>\n    <\/a>\n<\/div>                                            <\/div>\r\n    <\/div>\r\n\n\n\n<div style=\"height:40px\" aria-hidden=\"true\" class=\"wp-block-spacer\"><\/div>\n\n\n\n<div class=\"wp-block-columns is-layout-flex wp-container-core-columns-is-layout-9d6595d7 wp-block-columns-is-layout-flex\">\n<div class=\"wp-block-column is-layout-flow wp-block-column-is-layout-flow\" style=\"flex-basis:66.66%\">\n <div class=\"brlbs-cmpnt-container brlbs-cmpnt-content-blocker brlbs-cmpnt-with-individual-styles\" data-borlabs-cookie-content-blocker-id=\"google-maps\" data-borlabs-cookie-content=\"PGlmcmFtZSBzcmM9Imh0dHBzOi8vd3d3Lmdvb2dsZS5jb20vbWFwcy9kL2VtYmVkP21pZD0xOWNkUUt5N3hQcnRpLVJLSjV5S1RLN0liS1cwUENhWSZhbXA7ZWhiYz0yRTMxMkYiIHdpZHRoPSI2NDAiIGhlaWdodD0iNDgwIj48L2lmcmFtZT4=\"><div class=\"brlbs-cmpnt-cb-preset-b brlbs-cmpnt-cb-google-maps\"> <div class=\"brlbs-cmpnt-cb-thumbnail\" style=\"background-image: url('https:\/\/9staedte.de\/wp-content\/uploads\/borlabs-cookie\/1\/brlbs-cb-google-maps-main.png')\"><\/div> <div class=\"brlbs-cmpnt-cb-main\"> <div class=\"brlbs-cmpnt-cb-content\"> <p class=\"brlbs-cmpnt-cb-description\">Vous \u00eates actuellement en train de consulter le contenu d&rsquo;un espace r\u00e9serv\u00e9 de <strong>Google Maps<\/strong>. Pour acc\u00e9der au contenu r\u00e9el, cliquez sur le bouton ci-dessous. Veuillez noter que ce faisant, des donn\u00e9es seront partag\u00e9es avec des providers tiers.<\/p> <a class=\"brlbs-cmpnt-cb-provider-toggle\" href=\"#\" data-borlabs-cookie-show-provider-information role=\"button\">Plus d&rsquo;informations<\/a> <\/div> <div class=\"brlbs-cmpnt-cb-buttons\"> <a class=\"brlbs-cmpnt-cb-btn\" href=\"#\" data-borlabs-cookie-unblock role=\"button\">D\u00e9bloquer le contenu<\/a> <a class=\"brlbs-cmpnt-cb-btn\" href=\"#\" data-borlabs-cookie-accept-service role=\"button\" style=\"display: inherit\">Accepter le service requis et d\u00e9bloquer le contenu<\/a> <\/div> <\/div> <\/div><\/div>\n<\/div>\n\n\n\n<div class=\"wp-block-column is-layout-flow wp-block-column-is-layout-flow\" style=\"flex-basis:33.33%\">\n<h4 class=\"wp-block-heading\"><strong>Mus\u00e9es de Celle<\/strong><\/h4>\n\n\n\n<ul class=\"map-legend main-legend wp-block-list\">\n<li>Mus\u00e9e de la R\u00e9sidence dans le ch\u00e2teau de Celle<\/li>\n\n\n\n<li>Mus\u00e9e d&rsquo;art de Celle, ouvert 24 heures sur 24<\/li>\n\n\n\n<li>Mus\u00e9e Bomann de Celle<\/li>\n\n\n\n<li>otto haesler musem Celle<\/li>\n<\/ul>\n<\/div>\n<\/div>\n","protected":false},"excerpt":{"rendered":"<p>Vous \u00eates actuellement en train de consulter le contenu d&rsquo;un espace r\u00e9serv\u00e9 de Google Maps. Pour acc\u00e9der au contenu r\u00e9el, cliquez sur le bouton ci-dessous. Veuillez noter que ce faisant, des donn\u00e9es seront partag\u00e9es avec des providers tiers. Plus d&rsquo;informations D\u00e9bloquer le contenu Accepter le service requis et d\u00e9bloquer le contenu Mus\u00e9es de Celle<\/p>\n","protected":false},"author":1,"featured_media":17790,"parent":18079,"menu_order":0,"comment_status":"closed","ping_status":"closed","template":"pagetemplates\/template-stadtthema.php","meta":{"_acf_changed":false,"footnotes":""},"categories":[],"tags":[],"ncap_cities_tax":[429,639],"class_list":["post-17782","page","type-page","status-publish","has-post-thumbnail","hentry","ncap_cities_tax-celle-fr","ncap_cities_tax-museen-celle-fr"],"acf":[],"yoast_head":"<!-- This site is optimized with the Yoast SEO plugin v26.8 - https:\/\/yoast.com\/product\/yoast-seo-wordpress\/ -->\n<title>Mus\u00e9es et expositions \u00e0 Celle - 9 St\u00e4dte in Niedersachsen<\/title>\n<meta name=\"robots\" content=\"index, follow, max-snippet:-1, max-image-preview:large, max-video-preview:-1\" \/>\n<link rel=\"canonical\" href=\"https:\/\/9staedte.de\/fr\/celle-une-charmante-ville-residentielle\/musees-et-expositions-a-celle\/\" \/>\n<meta property=\"og:locale\" content=\"fr_FR\" \/>\n<meta property=\"og:type\" content=\"article\" \/>\n<meta property=\"og:title\" content=\"Mus\u00e9es et expositions \u00e0 Celle - 9 St\u00e4dte in Niedersachsen\" \/>\n<meta property=\"og:description\" content=\"Vous \u00eates actuellement en train de consulter le contenu d&rsquo;un espace r\u00e9serv\u00e9 de Google Maps. Pour acc\u00e9der au contenu r\u00e9el, cliquez sur le bouton ci-dessous. Veuillez noter que ce faisant, des donn\u00e9es seront partag\u00e9es avec des providers tiers. Plus d&rsquo;informations D\u00e9bloquer le contenu Accepter le service requis et d\u00e9bloquer le contenu Mus\u00e9es de Celle\" \/>\n<meta property=\"og:url\" content=\"https:\/\/9staedte.de\/fr\/celle-une-charmante-ville-residentielle\/musees-et-expositions-a-celle\/\" \/>\n<meta property=\"og:site_name\" content=\"9 St\u00e4dte in Niedersachsen\" \/>\n<meta property=\"article:modified_time\" content=\"2025-05-08T12:59:50+00:00\" \/>\n<meta property=\"og:image\" content=\"https:\/\/9staedte.de\/wp-content\/uploads\/2023\/02\/celle-bomann-museum-c-Celle-Tourismus.jpg\" \/>\n\t<meta property=\"og:image:width\" content=\"1020\" \/>\n\t<meta property=\"og:image:height\" content=\"560\" \/>\n\t<meta property=\"og:image:type\" content=\"image\/jpeg\" \/>\n<meta name=\"twitter:card\" content=\"summary_large_image\" \/>\n<meta name=\"twitter:label1\" content=\"Dur\u00e9e de lecture estim\u00e9e\" \/>\n\t<meta name=\"twitter:data1\" content=\"1 minute\" \/>\n<script type=\"application\/ld+json\" class=\"yoast-schema-graph\">{\"@context\":\"https:\/\/schema.org\",\"@graph\":[{\"@type\":\"WebPage\",\"@id\":\"https:\/\/9staedte.de\/fr\/celle-une-charmante-ville-residentielle\/musees-et-expositions-a-celle\/\",\"url\":\"https:\/\/9staedte.de\/fr\/celle-une-charmante-ville-residentielle\/musees-et-expositions-a-celle\/\",\"name\":\"Mus\u00e9es et expositions \u00e0 Celle - 9 St\u00e4dte in Niedersachsen\",\"isPartOf\":{\"@id\":\"https:\/\/9staedte.de\/fr\/#website\"},\"primaryImageOfPage\":{\"@id\":\"https:\/\/9staedte.de\/fr\/celle-une-charmante-ville-residentielle\/musees-et-expositions-a-celle\/#primaryimage\"},\"image\":{\"@id\":\"https:\/\/9staedte.de\/fr\/celle-une-charmante-ville-residentielle\/musees-et-expositions-a-celle\/#primaryimage\"},\"thumbnailUrl\":\"https:\/\/9staedte.de\/wp-content\/uploads\/2023\/02\/celle-bomann-museum-c-Celle-Tourismus.jpg\",\"datePublished\":\"2023-11-02T08:50:32+00:00\",\"dateModified\":\"2025-05-08T12:59:50+00:00\",\"breadcrumb\":{\"@id\":\"https:\/\/9staedte.de\/fr\/celle-une-charmante-ville-residentielle\/musees-et-expositions-a-celle\/#breadcrumb\"},\"inLanguage\":\"fr-FR\",\"potentialAction\":[{\"@type\":\"ReadAction\",\"target\":[\"https:\/\/9staedte.de\/fr\/celle-une-charmante-ville-residentielle\/musees-et-expositions-a-celle\/\"]}]},{\"@type\":\"ImageObject\",\"inLanguage\":\"fr-FR\",\"@id\":\"https:\/\/9staedte.de\/fr\/celle-une-charmante-ville-residentielle\/musees-et-expositions-a-celle\/#primaryimage\",\"url\":\"https:\/\/9staedte.de\/wp-content\/uploads\/2023\/02\/celle-bomann-museum-c-Celle-Tourismus.jpg\",\"contentUrl\":\"https:\/\/9staedte.de\/wp-content\/uploads\/2023\/02\/celle-bomann-museum-c-Celle-Tourismus.jpg\",\"width\":1020,\"height\":560,\"caption\":\"Celle-bomann-museum-c) Celle Tourismus\"},{\"@type\":\"BreadcrumbList\",\"@id\":\"https:\/\/9staedte.de\/fr\/celle-une-charmante-ville-residentielle\/musees-et-expositions-a-celle\/#breadcrumb\",\"itemListElement\":[{\"@type\":\"ListItem\",\"position\":1,\"name\":\"Startseite\",\"item\":\"https:\/\/9staedte.de\/fr\/\"},{\"@type\":\"ListItem\",\"position\":2,\"name\":\"Celle &#8211; une charmante ville r\u00e9sidentielle\",\"item\":\"https:\/\/9staedte.de\/fr\/celle-une-charmante-ville-residentielle\/\"},{\"@type\":\"ListItem\",\"position\":3,\"name\":\"Mus\u00e9es et expositions \u00e0 Celle\"}]},{\"@type\":\"WebSite\",\"@id\":\"https:\/\/9staedte.de\/fr\/#website\",\"url\":\"https:\/\/9staedte.de\/fr\/\",\"name\":\"9 St\u00e4dte in Niedersachsen\",\"description\":\"\",\"publisher\":{\"@id\":\"https:\/\/9staedte.de\/fr\/#organization\"},\"potentialAction\":[{\"@type\":\"SearchAction\",\"target\":{\"@type\":\"EntryPoint\",\"urlTemplate\":\"https:\/\/9staedte.de\/fr\/?s={search_term_string}\"},\"query-input\":{\"@type\":\"PropertyValueSpecification\",\"valueRequired\":true,\"valueName\":\"search_term_string\"}}],\"inLanguage\":\"fr-FR\"},{\"@type\":\"Organization\",\"@id\":\"https:\/\/9staedte.de\/fr\/#organization\",\"name\":\"9 St\u00e4dte in Niedersachsen\",\"url\":\"https:\/\/9staedte.de\/fr\/\",\"logo\":{\"@type\":\"ImageObject\",\"inLanguage\":\"fr-FR\",\"@id\":\"https:\/\/9staedte.de\/fr\/#\/schema\/logo\/image\/\",\"url\":\"https:\/\/9staedte.de\/wp-content\/uploads\/2025\/01\/9-neg-deutsch-2-1.png\",\"contentUrl\":\"https:\/\/9staedte.de\/wp-content\/uploads\/2025\/01\/9-neg-deutsch-2-1.png\",\"width\":190,\"height\":114,\"caption\":\"9 St\u00e4dte in Niedersachsen\"},\"image\":{\"@id\":\"https:\/\/9staedte.de\/fr\/#\/schema\/logo\/image\/\"}}]}<\/script>\n<!-- \/ Yoast SEO plugin. -->","yoast_head_json":{"title":"Mus\u00e9es et expositions \u00e0 Celle - 9 St\u00e4dte in Niedersachsen","robots":{"index":"index","follow":"follow","max-snippet":"max-snippet:-1","max-image-preview":"max-image-preview:large","max-video-preview":"max-video-preview:-1"},"canonical":"https:\/\/9staedte.de\/fr\/celle-une-charmante-ville-residentielle\/musees-et-expositions-a-celle\/","og_locale":"fr_FR","og_type":"article","og_title":"Mus\u00e9es et expositions \u00e0 Celle - 9 St\u00e4dte in Niedersachsen","og_description":"Vous \u00eates actuellement en train de consulter le contenu d&rsquo;un espace r\u00e9serv\u00e9 de Google Maps. Pour acc\u00e9der au contenu r\u00e9el, cliquez sur le bouton ci-dessous. Veuillez noter que ce faisant, des donn\u00e9es seront partag\u00e9es avec des providers tiers. Plus d&rsquo;informations D\u00e9bloquer le contenu Accepter le service requis et d\u00e9bloquer le contenu Mus\u00e9es de Celle","og_url":"https:\/\/9staedte.de\/fr\/celle-une-charmante-ville-residentielle\/musees-et-expositions-a-celle\/","og_site_name":"9 St\u00e4dte in Niedersachsen","article_modified_time":"2025-05-08T12:59:50+00:00","og_image":[{"width":1020,"height":560,"url":"https:\/\/9staedte.de\/wp-content\/uploads\/2023\/02\/celle-bomann-museum-c-Celle-Tourismus.jpg","type":"image\/jpeg"}],"twitter_card":"summary_large_image","twitter_misc":{"Dur\u00e9e de lecture estim\u00e9e":"1 minute"},"schema":{"@context":"https:\/\/schema.org","@graph":[{"@type":"WebPage","@id":"https:\/\/9staedte.de\/fr\/celle-une-charmante-ville-residentielle\/musees-et-expositions-a-celle\/","url":"https:\/\/9staedte.de\/fr\/celle-une-charmante-ville-residentielle\/musees-et-expositions-a-celle\/","name":"Mus\u00e9es et expositions \u00e0 Celle - 9 St\u00e4dte in Niedersachsen","isPartOf":{"@id":"https:\/\/9staedte.de\/fr\/#website"},"primaryImageOfPage":{"@id":"https:\/\/9staedte.de\/fr\/celle-une-charmante-ville-residentielle\/musees-et-expositions-a-celle\/#primaryimage"},"image":{"@id":"https:\/\/9staedte.de\/fr\/celle-une-charmante-ville-residentielle\/musees-et-expositions-a-celle\/#primaryimage"},"thumbnailUrl":"https:\/\/9staedte.de\/wp-content\/uploads\/2023\/02\/celle-bomann-museum-c-Celle-Tourismus.jpg","datePublished":"2023-11-02T08:50:32+00:00","dateModified":"2025-05-08T12:59:50+00:00","breadcrumb":{"@id":"https:\/\/9staedte.de\/fr\/celle-une-charmante-ville-residentielle\/musees-et-expositions-a-celle\/#breadcrumb"},"inLanguage":"fr-FR","potentialAction":[{"@type":"ReadAction","target":["https:\/\/9staedte.de\/fr\/celle-une-charmante-ville-residentielle\/musees-et-expositions-a-celle\/"]}]},{"@type":"ImageObject","inLanguage":"fr-FR","@id":"https:\/\/9staedte.de\/fr\/celle-une-charmante-ville-residentielle\/musees-et-expositions-a-celle\/#primaryimage","url":"https:\/\/9staedte.de\/wp-content\/uploads\/2023\/02\/celle-bomann-museum-c-Celle-Tourismus.jpg","contentUrl":"https:\/\/9staedte.de\/wp-content\/uploads\/2023\/02\/celle-bomann-museum-c-Celle-Tourismus.jpg","width":1020,"height":560,"caption":"Celle-bomann-museum-c) Celle Tourismus"},{"@type":"BreadcrumbList","@id":"https:\/\/9staedte.de\/fr\/celle-une-charmante-ville-residentielle\/musees-et-expositions-a-celle\/#breadcrumb","itemListElement":[{"@type":"ListItem","position":1,"name":"Startseite","item":"https:\/\/9staedte.de\/fr\/"},{"@type":"ListItem","position":2,"name":"Celle &#8211; une charmante ville r\u00e9sidentielle","item":"https:\/\/9staedte.de\/fr\/celle-une-charmante-ville-residentielle\/"},{"@type":"ListItem","position":3,"name":"Mus\u00e9es et expositions \u00e0 Celle"}]},{"@type":"WebSite","@id":"https:\/\/9staedte.de\/fr\/#website","url":"https:\/\/9staedte.de\/fr\/","name":"9 St\u00e4dte in Niedersachsen","description":"","publisher":{"@id":"https:\/\/9staedte.de\/fr\/#organization"},"potentialAction":[{"@type":"SearchAction","target":{"@type":"EntryPoint","urlTemplate":"https:\/\/9staedte.de\/fr\/?s={search_term_string}"},"query-input":{"@type":"PropertyValueSpecification","valueRequired":true,"valueName":"search_term_string"}}],"inLanguage":"fr-FR"},{"@type":"Organization","@id":"https:\/\/9staedte.de\/fr\/#organization","name":"9 St\u00e4dte in Niedersachsen","url":"https:\/\/9staedte.de\/fr\/","logo":{"@type":"ImageObject","inLanguage":"fr-FR","@id":"https:\/\/9staedte.de\/fr\/#\/schema\/logo\/image\/","url":"https:\/\/9staedte.de\/wp-content\/uploads\/2025\/01\/9-neg-deutsch-2-1.png","contentUrl":"https:\/\/9staedte.de\/wp-content\/uploads\/2025\/01\/9-neg-deutsch-2-1.png","width":190,"height":114,"caption":"9 St\u00e4dte in Niedersachsen"},"image":{"@id":"https:\/\/9staedte.de\/fr\/#\/schema\/logo\/image\/"}}]}},"_links":{"self":[{"href":"https:\/\/9staedte.de\/fr\/wp-json\/wp\/v2\/pages\/17782","targetHints":{"allow":["GET"]}}],"collection":[{"href":"https:\/\/9staedte.de\/fr\/wp-json\/wp\/v2\/pages"}],"about":[{"href":"https:\/\/9staedte.de\/fr\/wp-json\/wp\/v2\/types\/page"}],"author":[{"embeddable":true,"href":"https:\/\/9staedte.de\/fr\/wp-json\/wp\/v2\/users\/1"}],"replies":[{"embeddable":true,"href":"https:\/\/9staedte.de\/fr\/wp-json\/wp\/v2\/comments?post=17782"}],"version-history":[{"count":2,"href":"https:\/\/9staedte.de\/fr\/wp-json\/wp\/v2\/pages\/17782\/revisions"}],"predecessor-version":[{"id":25402,"href":"https:\/\/9staedte.de\/fr\/wp-json\/wp\/v2\/pages\/17782\/revisions\/25402"}],"up":[{"embeddable":true,"href":"https:\/\/9staedte.de\/fr\/wp-json\/wp\/v2\/pages\/18079"}],"wp:featuredmedia":[{"embeddable":true,"href":"https:\/\/9staedte.de\/fr\/wp-json\/wp\/v2\/media\/17790"}],"wp:attachment":[{"href":"https:\/\/9staedte.de\/fr\/wp-json\/wp\/v2\/media?parent=17782"}],"wp:term":[{"taxonomy":"category","embeddable":true,"href":"https:\/\/9staedte.de\/fr\/wp-json\/wp\/v2\/categories?post=17782"},{"taxonomy":"post_tag","embeddable":true,"href":"https:\/\/9staedte.de\/fr\/wp-json\/wp\/v2\/tags?post=17782"},{"taxonomy":"ncap_cities_tax","embeddable":true,"href":"https:\/\/9staedte.de\/fr\/wp-json\/wp\/v2\/ncap_cities_tax?post=17782"}],"curies":[{"name":"wp","href":"https:\/\/api.w.org\/{rel}","templated":true}]}}