{"id":17746,"date":"2023-11-02T09:50:30","date_gmt":"2023-11-02T08:50:30","guid":{"rendered":"https:\/\/9staedte.de\/musees-et-expositions-a-goettingen\/"},"modified":"2023-11-02T17:42:44","modified_gmt":"2023-11-02T16:42:44","slug":"musees-et-expositions-a-goettingen","status":"publish","type":"page","link":"https:\/\/9staedte.de\/fr\/gottingen-une-ville-qui-cree-le-savoir\/musees-et-expositions-a-goettingen\/","title":{"rendered":"Mus\u00e9es et expositions \u00e0 G\u00f6ttingen"},"content":{"rendered":"\r\n\r\n    <div class=\"filter-posts\">\r\n            <div  id=\"filterContent\">\r\n                                                        \n<div class=\"contentKachel filtr-item\" data-category=\"goettingen-fr\">\n    <a href=\"https:\/\/9staedte.de\/fr\/maison-de-lart-de-gottingen\/\">\n        <div class=\"contentKachel-inner\">\n                            <div class=\"contentKachel-thumbnail\">\n                    <img loading=\"lazy\" decoding=\"async\" width=\"300\" height=\"165\" src=\"https:\/\/9staedte.de\/wp-content\/smush-webp\/2023\/02\/Kunsthaus_Goettingen_Innenansicht-300x165.jpg.webp\" class=\"objectfitcover withfilters wp-post-image\" alt=\"Kunsthaus G\u00f6ttingen Innenansicht c) Kunsthaus G\u00f6ttingen\" srcset=\"https:\/\/9staedte.de\/wp-content\/smush-webp\/2023\/02\/Kunsthaus_Goettingen_Innenansicht-300x165.jpg.webp 300w, https:\/\/9staedte.de\/wp-content\/smush-webp\/2023\/02\/Kunsthaus_Goettingen_Innenansicht-768x422.jpg.webp 768w, https:\/\/9staedte.de\/wp-content\/smush-webp\/2023\/02\/Kunsthaus_Goettingen_Innenansicht.jpg.webp 1020w\" sizes=\"auto, (max-width: 300px) 100vw, 300px\" \/>                    <img loading=\"lazy\" decoding=\"async\" width=\"300\" height=\"165\" src=\"https:\/\/9staedte.de\/wp-content\/smush-webp\/2023\/02\/Kunsthaus_Goettingen_Innenansicht-300x165.jpg.webp\" class=\"objectfitcontain wp-post-image\" alt=\"Kunsthaus G\u00f6ttingen Innenansicht c) Kunsthaus G\u00f6ttingen\" srcset=\"https:\/\/9staedte.de\/wp-content\/smush-webp\/2023\/02\/Kunsthaus_Goettingen_Innenansicht-300x165.jpg.webp 300w, https:\/\/9staedte.de\/wp-content\/smush-webp\/2023\/02\/Kunsthaus_Goettingen_Innenansicht-768x422.jpg.webp 768w, https:\/\/9staedte.de\/wp-content\/smush-webp\/2023\/02\/Kunsthaus_Goettingen_Innenansicht.jpg.webp 1020w\" sizes=\"auto, (max-width: 300px) 100vw, 300px\" \/>                        <div class=\"thumbnail-label\">\n    <span>Kunsthaus_G\u00f6ttingen_Innenansicht<\/span>\n    <\/div>\n                <\/div>\n                        <div class=\"contentKachel-content\">\n                                    <div class=\"city-tag bg-goettingen\">\n                        G\u00f6ttingen                    <\/div>\n                \n                <div class=\"title\">\n\n                    Maison de l&rsquo;art de G\u00f6ttingen                    \n                <\/div>\n\n                            <\/div>\n\n        <\/div>\n    <\/a>\n<\/div>                                                        \n<div class=\"contentKachel filtr-item\" data-category=\"goettingen-fr\">\n    <a href=\"https:\/\/9staedte.de\/fr\/forum-des-connaissances\/\">\n        <div class=\"contentKachel-inner\">\n                            <div class=\"contentKachel-thumbnail\">\n                    <img loading=\"lazy\" decoding=\"async\" width=\"300\" height=\"164\" src=\"https:\/\/9staedte.de\/wp-content\/smush-webp\/2023\/02\/Forum-Wissen-Luftaufnahme-c-Forum-Wissen-300x164.jpg.webp\" class=\"objectfitcover withfilters wp-post-image\" alt=\"\" srcset=\"https:\/\/9staedte.de\/wp-content\/smush-webp\/2023\/02\/Forum-Wissen-Luftaufnahme-c-Forum-Wissen-300x164.jpg.webp 300w, https:\/\/9staedte.de\/wp-content\/smush-webp\/2023\/02\/Forum-Wissen-Luftaufnahme-c-Forum-Wissen-768x421.jpg.webp 768w, https:\/\/9staedte.de\/wp-content\/smush-webp\/2023\/02\/Forum-Wissen-Luftaufnahme-c-Forum-Wissen.jpg.webp 1020w\" sizes=\"auto, (max-width: 300px) 100vw, 300px\" \/>                    <img loading=\"lazy\" decoding=\"async\" width=\"300\" height=\"164\" src=\"https:\/\/9staedte.de\/wp-content\/smush-webp\/2023\/02\/Forum-Wissen-Luftaufnahme-c-Forum-Wissen-300x164.jpg.webp\" class=\"objectfitcontain wp-post-image\" alt=\"\" srcset=\"https:\/\/9staedte.de\/wp-content\/smush-webp\/2023\/02\/Forum-Wissen-Luftaufnahme-c-Forum-Wissen-300x164.jpg.webp 300w, https:\/\/9staedte.de\/wp-content\/smush-webp\/2023\/02\/Forum-Wissen-Luftaufnahme-c-Forum-Wissen-768x421.jpg.webp 768w, https:\/\/9staedte.de\/wp-content\/smush-webp\/2023\/02\/Forum-Wissen-Luftaufnahme-c-Forum-Wissen.jpg.webp 1020w\" sizes=\"auto, (max-width: 300px) 100vw, 300px\" \/>                        <div class=\"thumbnail-label\">\n    <span>Forum Wissen Luftaufnahme c) Forum Wissen<\/span>\n    <\/div>\n                <\/div>\n                        <div class=\"contentKachel-content\">\n                                    <div class=\"city-tag bg-goettingen\">\n                        G\u00f6ttingen                    <\/div>\n                \n                <div class=\"title\">\n\n                    Forum des connaissances                    \n                <\/div>\n\n                            <\/div>\n\n        <\/div>\n    <\/a>\n<\/div>                                                        \n<div class=\"contentKachel filtr-item\" data-category=\"goettingen-fr\">\n    <a href=\"https:\/\/9staedte.de\/fr\/expositions-regulierement-renouvelees-au-staedtisches-museum-de-goettingen\/\">\n        <div class=\"contentKachel-inner\">\n                            <div class=\"contentKachel-thumbnail\">\n                    <img loading=\"lazy\" decoding=\"async\" width=\"300\" height=\"165\" src=\"https:\/\/9staedte.de\/wp-content\/smush-webp\/2022\/03\/Staedtisches-Museum-Goettingen-c-Goettingen-Marketing-Christoph-Mischke-300x165.jpg.webp\" class=\"objectfitcover withfilters wp-post-image\" alt=\"L\u2019image montre le mus\u00e9e municipal de G\u00f6ttingen. C\u2019est une ancienne maison \u00e0 colombages avec un toit rouge. Le ciel est bleu avec des nuages blancs.\" srcset=\"https:\/\/9staedte.de\/wp-content\/smush-webp\/2022\/03\/Staedtisches-Museum-Goettingen-c-Goettingen-Marketing-Christoph-Mischke-300x165.jpg.webp 300w, https:\/\/9staedte.de\/wp-content\/smush-webp\/2022\/03\/Staedtisches-Museum-Goettingen-c-Goettingen-Marketing-Christoph-Mischke-768x422.jpg.webp 768w, https:\/\/9staedte.de\/wp-content\/smush-webp\/2022\/03\/Staedtisches-Museum-Goettingen-c-Goettingen-Marketing-Christoph-Mischke.jpg.webp 1020w\" sizes=\"auto, (max-width: 300px) 100vw, 300px\" \/>                    <img loading=\"lazy\" decoding=\"async\" width=\"300\" height=\"165\" src=\"https:\/\/9staedte.de\/wp-content\/smush-webp\/2022\/03\/Staedtisches-Museum-Goettingen-c-Goettingen-Marketing-Christoph-Mischke-300x165.jpg.webp\" class=\"objectfitcontain wp-post-image\" alt=\"L\u2019image montre le mus\u00e9e municipal de G\u00f6ttingen. C\u2019est une ancienne maison \u00e0 colombages avec un toit rouge. Le ciel est bleu avec des nuages blancs.\" srcset=\"https:\/\/9staedte.de\/wp-content\/smush-webp\/2022\/03\/Staedtisches-Museum-Goettingen-c-Goettingen-Marketing-Christoph-Mischke-300x165.jpg.webp 300w, https:\/\/9staedte.de\/wp-content\/smush-webp\/2022\/03\/Staedtisches-Museum-Goettingen-c-Goettingen-Marketing-Christoph-Mischke-768x422.jpg.webp 768w, https:\/\/9staedte.de\/wp-content\/smush-webp\/2022\/03\/Staedtisches-Museum-Goettingen-c-Goettingen-Marketing-Christoph-Mischke.jpg.webp 1020w\" sizes=\"auto, (max-width: 300px) 100vw, 300px\" \/>                        <div class=\"thumbnail-label\">\n    <span>St\u00e4dtisches Museum G\u00f6ttingen c) G\u00f6ttingen Marketing Christoph Mischke<\/span>\n    <\/div>\n                <\/div>\n                        <div class=\"contentKachel-content\">\n                                    <div class=\"city-tag bg-goettingen\">\n                        G\u00f6ttingen                    <\/div>\n                \n                <div class=\"title\">\n\n                    Expositions r\u00e9guli\u00e8rement renouvel\u00e9es au St\u00e4dtisches Museum de G\u00f6ttingen                    \n                <\/div>\n\n                            <\/div>\n\n        <\/div>\n    <\/a>\n<\/div>                                            <\/div>\r\n    <\/div>\r\n\n\n\n<div style=\"height:40px\" aria-hidden=\"true\" class=\"wp-block-spacer\"><\/div>\n\n\n\n<div class=\"wp-block-columns is-layout-flex wp-container-core-columns-is-layout-9d6595d7 wp-block-columns-is-layout-flex\">\n<div class=\"wp-block-column is-layout-flow wp-block-column-is-layout-flow\" style=\"flex-basis:66.66%\">\n <div class=\"brlbs-cmpnt-container brlbs-cmpnt-content-blocker brlbs-cmpnt-with-individual-styles\" data-borlabs-cookie-content-blocker-id=\"google-maps\" data-borlabs-cookie-content=\"PGlmcmFtZSBzcmM9Imh0dHBzOi8vd3d3Lmdvb2dsZS5jb20vbWFwcy9kL2VtYmVkP21pZD0xdTh6VmdDMHVNeEVUcjJ4aTNnXzhPSzRpYU5PVE1HayZhbXA7ZWhiYz0yRTMxMkYiIHdpZHRoPSI2NDAiIGhlaWdodD0iNDgwIj48L2lmcmFtZT4=\"><div class=\"brlbs-cmpnt-cb-preset-b brlbs-cmpnt-cb-google-maps\"> <div class=\"brlbs-cmpnt-cb-thumbnail\" style=\"background-image: url('https:\/\/9staedte.de\/wp-content\/uploads\/borlabs-cookie\/1\/brlbs-cb-google-maps-main.png')\"><\/div> <div class=\"brlbs-cmpnt-cb-main\"> <div class=\"brlbs-cmpnt-cb-content\"> <p class=\"brlbs-cmpnt-cb-description\">Vous \u00eates actuellement en train de consulter le contenu d&rsquo;un espace r\u00e9serv\u00e9 de <strong>Google Maps<\/strong>. Pour acc\u00e9der au contenu r\u00e9el, cliquez sur le bouton ci-dessous. Veuillez noter que ce faisant, des donn\u00e9es seront partag\u00e9es avec des providers tiers.<\/p> <a class=\"brlbs-cmpnt-cb-provider-toggle\" href=\"#\" data-borlabs-cookie-show-provider-information role=\"button\">Plus d&rsquo;informations<\/a> <\/div> <div class=\"brlbs-cmpnt-cb-buttons\"> <a class=\"brlbs-cmpnt-cb-btn\" href=\"#\" data-borlabs-cookie-unblock role=\"button\">D\u00e9bloquer le contenu<\/a> <a class=\"brlbs-cmpnt-cb-btn\" href=\"#\" data-borlabs-cookie-accept-service role=\"button\" style=\"display: inherit\">Accepter le service requis et d\u00e9bloquer le contenu<\/a> <\/div> <\/div> <\/div><\/div>\n<\/div>\n\n\n\n<div class=\"wp-block-column is-layout-flow wp-block-column-is-layout-flow\" style=\"flex-basis:33.33%\">\n<h4 class=\"wp-block-heading\"><strong>Mus\u00e9es \u00e0 G\u00f6ttingen<\/strong><\/h4>\n\n\n\n<ul class=\"map-legend main-legend wp-block-list\">\n<li>Forum des connaissances<\/li>\n\n\n\n<li>Maison de l&rsquo;art de G\u00f6ttingen<\/li>\n\n\n\n<li>Mus\u00e9e municipal de G\u00f6ttingen<\/li>\n<\/ul>\n<\/div>\n<\/div>\n","protected":false},"excerpt":{"rendered":"<p>Vous \u00eates actuellement en train de consulter le contenu d&rsquo;un espace r\u00e9serv\u00e9 de Google Maps. Pour acc\u00e9der au contenu r\u00e9el, cliquez sur le bouton ci-dessous. Veuillez noter que ce faisant, des donn\u00e9es seront partag\u00e9es avec des providers tiers. Plus d&rsquo;informations D\u00e9bloquer le contenu Accepter le service requis et d\u00e9bloquer le contenu Mus\u00e9es \u00e0 G\u00f6ttingen<\/p>\n","protected":false},"author":1,"featured_media":17756,"parent":17986,"menu_order":0,"comment_status":"closed","ping_status":"closed","template":"pagetemplates\/template-stadtthema.php","meta":{"_acf_changed":false,"footnotes":""},"categories":[],"tags":[],"ncap_cities_tax":[438,648],"class_list":["post-17746","page","type-page","status-publish","has-post-thumbnail","hentry","ncap_cities_tax-goettingen-fr","ncap_cities_tax-museen-goettingen-fr"],"acf":[],"yoast_head":"<!-- This site is optimized with the Yoast SEO plugin v26.8 - https:\/\/yoast.com\/product\/yoast-seo-wordpress\/ -->\n<title>Mus\u00e9es et expositions \u00e0 G\u00f6ttingen - 9 St\u00e4dte in Niedersachsen<\/title>\n<meta name=\"robots\" content=\"index, follow, max-snippet:-1, max-image-preview:large, max-video-preview:-1\" \/>\n<link rel=\"canonical\" href=\"https:\/\/9staedte.de\/fr\/gottingen-une-ville-qui-cree-le-savoir\/musees-et-expositions-a-goettingen\/\" \/>\n<meta property=\"og:locale\" content=\"fr_FR\" \/>\n<meta property=\"og:type\" content=\"article\" \/>\n<meta property=\"og:title\" content=\"Mus\u00e9es et expositions \u00e0 G\u00f6ttingen - 9 St\u00e4dte in Niedersachsen\" \/>\n<meta property=\"og:description\" content=\"Vous \u00eates actuellement en train de consulter le contenu d&rsquo;un espace r\u00e9serv\u00e9 de Google Maps. Pour acc\u00e9der au contenu r\u00e9el, cliquez sur le bouton ci-dessous. Veuillez noter que ce faisant, des donn\u00e9es seront partag\u00e9es avec des providers tiers. Plus d&rsquo;informations D\u00e9bloquer le contenu Accepter le service requis et d\u00e9bloquer le contenu Mus\u00e9es \u00e0 G\u00f6ttingen\" \/>\n<meta property=\"og:url\" content=\"https:\/\/9staedte.de\/fr\/gottingen-une-ville-qui-cree-le-savoir\/musees-et-expositions-a-goettingen\/\" \/>\n<meta property=\"og:site_name\" content=\"9 St\u00e4dte in Niedersachsen\" \/>\n<meta property=\"article:modified_time\" content=\"2023-11-02T16:42:44+00:00\" \/>\n<meta property=\"og:image\" content=\"https:\/\/9staedte.de\/wp-content\/uploads\/2023\/06\/Kunsthaus-Goettingen-c-Kunsthaus-Goettingen.jpg\" \/>\n\t<meta property=\"og:image:width\" content=\"1019\" \/>\n\t<meta property=\"og:image:height\" content=\"559\" \/>\n\t<meta property=\"og:image:type\" content=\"image\/jpeg\" \/>\n<meta name=\"twitter:card\" content=\"summary_large_image\" \/>\n<meta name=\"twitter:label1\" content=\"Dur\u00e9e de lecture estim\u00e9e\" \/>\n\t<meta name=\"twitter:data1\" content=\"1 minute\" \/>\n<script type=\"application\/ld+json\" class=\"yoast-schema-graph\">{\"@context\":\"https:\/\/schema.org\",\"@graph\":[{\"@type\":\"WebPage\",\"@id\":\"https:\/\/9staedte.de\/fr\/gottingen-une-ville-qui-cree-le-savoir\/musees-et-expositions-a-goettingen\/\",\"url\":\"https:\/\/9staedte.de\/fr\/gottingen-une-ville-qui-cree-le-savoir\/musees-et-expositions-a-goettingen\/\",\"name\":\"Mus\u00e9es et expositions \u00e0 G\u00f6ttingen - 9 St\u00e4dte in Niedersachsen\",\"isPartOf\":{\"@id\":\"https:\/\/9staedte.de\/fr\/#website\"},\"primaryImageOfPage\":{\"@id\":\"https:\/\/9staedte.de\/fr\/gottingen-une-ville-qui-cree-le-savoir\/musees-et-expositions-a-goettingen\/#primaryimage\"},\"image\":{\"@id\":\"https:\/\/9staedte.de\/fr\/gottingen-une-ville-qui-cree-le-savoir\/musees-et-expositions-a-goettingen\/#primaryimage\"},\"thumbnailUrl\":\"https:\/\/9staedte.de\/wp-content\/uploads\/2023\/06\/Kunsthaus-Goettingen-c-Kunsthaus-Goettingen.jpg\",\"datePublished\":\"2023-11-02T08:50:30+00:00\",\"dateModified\":\"2023-11-02T16:42:44+00:00\",\"breadcrumb\":{\"@id\":\"https:\/\/9staedte.de\/fr\/gottingen-une-ville-qui-cree-le-savoir\/musees-et-expositions-a-goettingen\/#breadcrumb\"},\"inLanguage\":\"fr-FR\",\"potentialAction\":[{\"@type\":\"ReadAction\",\"target\":[\"https:\/\/9staedte.de\/fr\/gottingen-une-ville-qui-cree-le-savoir\/musees-et-expositions-a-goettingen\/\"]}]},{\"@type\":\"ImageObject\",\"inLanguage\":\"fr-FR\",\"@id\":\"https:\/\/9staedte.de\/fr\/gottingen-une-ville-qui-cree-le-savoir\/musees-et-expositions-a-goettingen\/#primaryimage\",\"url\":\"https:\/\/9staedte.de\/wp-content\/uploads\/2023\/06\/Kunsthaus-Goettingen-c-Kunsthaus-Goettingen.jpg\",\"contentUrl\":\"https:\/\/9staedte.de\/wp-content\/uploads\/2023\/06\/Kunsthaus-Goettingen-c-Kunsthaus-Goettingen.jpg\",\"width\":1019,\"height\":559,\"caption\":\"Kunsthaus G\u00f6ttingen c) Kunsthaus G\u00f6ttingen\"},{\"@type\":\"BreadcrumbList\",\"@id\":\"https:\/\/9staedte.de\/fr\/gottingen-une-ville-qui-cree-le-savoir\/musees-et-expositions-a-goettingen\/#breadcrumb\",\"itemListElement\":[{\"@type\":\"ListItem\",\"position\":1,\"name\":\"Startseite\",\"item\":\"https:\/\/9staedte.de\/fr\/\"},{\"@type\":\"ListItem\",\"position\":2,\"name\":\"G\u00f6ttingen &#8211; une ville qui cr\u00e9e le savoir\",\"item\":\"https:\/\/9staedte.de\/fr\/gottingen-une-ville-qui-cree-le-savoir\/\"},{\"@type\":\"ListItem\",\"position\":3,\"name\":\"Mus\u00e9es et expositions \u00e0 G\u00f6ttingen\"}]},{\"@type\":\"WebSite\",\"@id\":\"https:\/\/9staedte.de\/fr\/#website\",\"url\":\"https:\/\/9staedte.de\/fr\/\",\"name\":\"9 St\u00e4dte in Niedersachsen\",\"description\":\"\",\"publisher\":{\"@id\":\"https:\/\/9staedte.de\/fr\/#organization\"},\"potentialAction\":[{\"@type\":\"SearchAction\",\"target\":{\"@type\":\"EntryPoint\",\"urlTemplate\":\"https:\/\/9staedte.de\/fr\/?s={search_term_string}\"},\"query-input\":{\"@type\":\"PropertyValueSpecification\",\"valueRequired\":true,\"valueName\":\"search_term_string\"}}],\"inLanguage\":\"fr-FR\"},{\"@type\":\"Organization\",\"@id\":\"https:\/\/9staedte.de\/fr\/#organization\",\"name\":\"9 St\u00e4dte in Niedersachsen\",\"url\":\"https:\/\/9staedte.de\/fr\/\",\"logo\":{\"@type\":\"ImageObject\",\"inLanguage\":\"fr-FR\",\"@id\":\"https:\/\/9staedte.de\/fr\/#\/schema\/logo\/image\/\",\"url\":\"https:\/\/9staedte.de\/wp-content\/uploads\/2025\/01\/9-neg-deutsch-2-1.png\",\"contentUrl\":\"https:\/\/9staedte.de\/wp-content\/uploads\/2025\/01\/9-neg-deutsch-2-1.png\",\"width\":190,\"height\":114,\"caption\":\"9 St\u00e4dte in Niedersachsen\"},\"image\":{\"@id\":\"https:\/\/9staedte.de\/fr\/#\/schema\/logo\/image\/\"}}]}<\/script>\n<!-- \/ Yoast SEO plugin. -->","yoast_head_json":{"title":"Mus\u00e9es et expositions \u00e0 G\u00f6ttingen - 9 St\u00e4dte in Niedersachsen","robots":{"index":"index","follow":"follow","max-snippet":"max-snippet:-1","max-image-preview":"max-image-preview:large","max-video-preview":"max-video-preview:-1"},"canonical":"https:\/\/9staedte.de\/fr\/gottingen-une-ville-qui-cree-le-savoir\/musees-et-expositions-a-goettingen\/","og_locale":"fr_FR","og_type":"article","og_title":"Mus\u00e9es et expositions \u00e0 G\u00f6ttingen - 9 St\u00e4dte in Niedersachsen","og_description":"Vous \u00eates actuellement en train de consulter le contenu d&rsquo;un espace r\u00e9serv\u00e9 de Google Maps. Pour acc\u00e9der au contenu r\u00e9el, cliquez sur le bouton ci-dessous. Veuillez noter que ce faisant, des donn\u00e9es seront partag\u00e9es avec des providers tiers. Plus d&rsquo;informations D\u00e9bloquer le contenu Accepter le service requis et d\u00e9bloquer le contenu Mus\u00e9es \u00e0 G\u00f6ttingen","og_url":"https:\/\/9staedte.de\/fr\/gottingen-une-ville-qui-cree-le-savoir\/musees-et-expositions-a-goettingen\/","og_site_name":"9 St\u00e4dte in Niedersachsen","article_modified_time":"2023-11-02T16:42:44+00:00","og_image":[{"width":1019,"height":559,"url":"https:\/\/9staedte.de\/wp-content\/uploads\/2023\/06\/Kunsthaus-Goettingen-c-Kunsthaus-Goettingen.jpg","type":"image\/jpeg"}],"twitter_card":"summary_large_image","twitter_misc":{"Dur\u00e9e de lecture estim\u00e9e":"1 minute"},"schema":{"@context":"https:\/\/schema.org","@graph":[{"@type":"WebPage","@id":"https:\/\/9staedte.de\/fr\/gottingen-une-ville-qui-cree-le-savoir\/musees-et-expositions-a-goettingen\/","url":"https:\/\/9staedte.de\/fr\/gottingen-une-ville-qui-cree-le-savoir\/musees-et-expositions-a-goettingen\/","name":"Mus\u00e9es et expositions \u00e0 G\u00f6ttingen - 9 St\u00e4dte in Niedersachsen","isPartOf":{"@id":"https:\/\/9staedte.de\/fr\/#website"},"primaryImageOfPage":{"@id":"https:\/\/9staedte.de\/fr\/gottingen-une-ville-qui-cree-le-savoir\/musees-et-expositions-a-goettingen\/#primaryimage"},"image":{"@id":"https:\/\/9staedte.de\/fr\/gottingen-une-ville-qui-cree-le-savoir\/musees-et-expositions-a-goettingen\/#primaryimage"},"thumbnailUrl":"https:\/\/9staedte.de\/wp-content\/uploads\/2023\/06\/Kunsthaus-Goettingen-c-Kunsthaus-Goettingen.jpg","datePublished":"2023-11-02T08:50:30+00:00","dateModified":"2023-11-02T16:42:44+00:00","breadcrumb":{"@id":"https:\/\/9staedte.de\/fr\/gottingen-une-ville-qui-cree-le-savoir\/musees-et-expositions-a-goettingen\/#breadcrumb"},"inLanguage":"fr-FR","potentialAction":[{"@type":"ReadAction","target":["https:\/\/9staedte.de\/fr\/gottingen-une-ville-qui-cree-le-savoir\/musees-et-expositions-a-goettingen\/"]}]},{"@type":"ImageObject","inLanguage":"fr-FR","@id":"https:\/\/9staedte.de\/fr\/gottingen-une-ville-qui-cree-le-savoir\/musees-et-expositions-a-goettingen\/#primaryimage","url":"https:\/\/9staedte.de\/wp-content\/uploads\/2023\/06\/Kunsthaus-Goettingen-c-Kunsthaus-Goettingen.jpg","contentUrl":"https:\/\/9staedte.de\/wp-content\/uploads\/2023\/06\/Kunsthaus-Goettingen-c-Kunsthaus-Goettingen.jpg","width":1019,"height":559,"caption":"Kunsthaus G\u00f6ttingen c) Kunsthaus G\u00f6ttingen"},{"@type":"BreadcrumbList","@id":"https:\/\/9staedte.de\/fr\/gottingen-une-ville-qui-cree-le-savoir\/musees-et-expositions-a-goettingen\/#breadcrumb","itemListElement":[{"@type":"ListItem","position":1,"name":"Startseite","item":"https:\/\/9staedte.de\/fr\/"},{"@type":"ListItem","position":2,"name":"G\u00f6ttingen &#8211; une ville qui cr\u00e9e le savoir","item":"https:\/\/9staedte.de\/fr\/gottingen-une-ville-qui-cree-le-savoir\/"},{"@type":"ListItem","position":3,"name":"Mus\u00e9es et expositions \u00e0 G\u00f6ttingen"}]},{"@type":"WebSite","@id":"https:\/\/9staedte.de\/fr\/#website","url":"https:\/\/9staedte.de\/fr\/","name":"9 St\u00e4dte in Niedersachsen","description":"","publisher":{"@id":"https:\/\/9staedte.de\/fr\/#organization"},"potentialAction":[{"@type":"SearchAction","target":{"@type":"EntryPoint","urlTemplate":"https:\/\/9staedte.de\/fr\/?s={search_term_string}"},"query-input":{"@type":"PropertyValueSpecification","valueRequired":true,"valueName":"search_term_string"}}],"inLanguage":"fr-FR"},{"@type":"Organization","@id":"https:\/\/9staedte.de\/fr\/#organization","name":"9 St\u00e4dte in Niedersachsen","url":"https:\/\/9staedte.de\/fr\/","logo":{"@type":"ImageObject","inLanguage":"fr-FR","@id":"https:\/\/9staedte.de\/fr\/#\/schema\/logo\/image\/","url":"https:\/\/9staedte.de\/wp-content\/uploads\/2025\/01\/9-neg-deutsch-2-1.png","contentUrl":"https:\/\/9staedte.de\/wp-content\/uploads\/2025\/01\/9-neg-deutsch-2-1.png","width":190,"height":114,"caption":"9 St\u00e4dte in Niedersachsen"},"image":{"@id":"https:\/\/9staedte.de\/fr\/#\/schema\/logo\/image\/"}}]}},"_links":{"self":[{"href":"https:\/\/9staedte.de\/fr\/wp-json\/wp\/v2\/pages\/17746","targetHints":{"allow":["GET"]}}],"collection":[{"href":"https:\/\/9staedte.de\/fr\/wp-json\/wp\/v2\/pages"}],"about":[{"href":"https:\/\/9staedte.de\/fr\/wp-json\/wp\/v2\/types\/page"}],"author":[{"embeddable":true,"href":"https:\/\/9staedte.de\/fr\/wp-json\/wp\/v2\/users\/1"}],"replies":[{"embeddable":true,"href":"https:\/\/9staedte.de\/fr\/wp-json\/wp\/v2\/comments?post=17746"}],"version-history":[{"count":1,"href":"https:\/\/9staedte.de\/fr\/wp-json\/wp\/v2\/pages\/17746\/revisions"}],"predecessor-version":[{"id":19804,"href":"https:\/\/9staedte.de\/fr\/wp-json\/wp\/v2\/pages\/17746\/revisions\/19804"}],"up":[{"embeddable":true,"href":"https:\/\/9staedte.de\/fr\/wp-json\/wp\/v2\/pages\/17986"}],"wp:featuredmedia":[{"embeddable":true,"href":"https:\/\/9staedte.de\/fr\/wp-json\/wp\/v2\/media\/17756"}],"wp:attachment":[{"href":"https:\/\/9staedte.de\/fr\/wp-json\/wp\/v2\/media?parent=17746"}],"wp:term":[{"taxonomy":"category","embeddable":true,"href":"https:\/\/9staedte.de\/fr\/wp-json\/wp\/v2\/categories?post=17746"},{"taxonomy":"post_tag","embeddable":true,"href":"https:\/\/9staedte.de\/fr\/wp-json\/wp\/v2\/tags?post=17746"},{"taxonomy":"ncap_cities_tax","embeddable":true,"href":"https:\/\/9staedte.de\/fr\/wp-json\/wp\/v2\/ncap_cities_tax?post=17746"}],"curies":[{"name":"wp","href":"https:\/\/api.w.org\/{rel}","templated":true}]}}