{"id":17741,"date":"2023-11-02T09:50:29","date_gmt":"2023-11-02T08:50:29","guid":{"rendered":"https:\/\/9staedte.de\/musees-et-expositions-dans-lautostadt\/"},"modified":"2023-11-02T09:50:29","modified_gmt":"2023-11-02T08:50:29","slug":"musees-et-expositions-dans-lautostadt","status":"publish","type":"page","link":"https:\/\/9staedte.de\/fr\/autostadt-a-wolfsburg\/musees-et-expositions-dans-lautostadt\/","title":{"rendered":"Mus\u00e9es et expositions dans l&rsquo;Autostadt"},"content":{"rendered":"\n<h2 class=\"wp-block-heading\">Jalon automobile dans la maison du temps<\/h2>\n\n\n\n<p>La ZeitHaus fait partie des attractions les plus populaires de l&rsquo;Autostadt. Le mus\u00e9e de l&rsquo;automobile multimarque pr\u00e9sente des mod\u00e8les de plus de 60 constructeurs diff\u00e9rents. D\u00e9couvrez des bijoux de plus de 130 ans d&rsquo;histoire automobile et replongez-vous dans vos souvenirs en regardant Bulli, Coccinelle et autres.<\/p>\n\n\n\n<p>Outre le mus\u00e9e de l&rsquo;automobile ZeitHaus, le parc \u00e0 th\u00e8me automobile propose des expositions interactives et des activit\u00e9s \u00e9ducatives pour tous les \u00e2ges.<br><br><a href=\"http:\/\/www.autostadt.de\" target=\"_blank\" rel=\"noreferrer noopener\">www.autostadt.de<\/a><\/p>\n\n\n\n <div class=\"brlbs-cmpnt-container brlbs-cmpnt-content-blocker brlbs-cmpnt-with-individual-styles\" data-borlabs-cookie-content-blocker-id=\"google-maps\" data-borlabs-cookie-content=\"PGlmcmFtZSBzcmM9Imh0dHBzOi8vd3d3Lmdvb2dsZS5jb20vbWFwcy9lbWJlZD9wYj0hMW0xOCExbTEyITFtMyExZDI0MzIuNjEyNzM4MDE2MjMxNiEyZDEwLjc4ODI3NzQ3NzMyNTQzITNkNTIuNDMxODE0MjcyMDM4MjMhMm0zITFmMCEyZjAhM2YwITNtMiExaTEwMjQhMmk3NjghNGYxMy4xITNtMyExbTIhMXMweDQ3YWY5M2I2ZGRiODA3YzklM0EweDRkMGIzZWVjMTZlNzExYmUhMnNWVyUyMFplaXRIYXVzJTIwTXVzZXVtITVlMCEzbTIhMXNkZSEyc2RlITR2MTY5MjE3NDQyMzk4NSE1bTIhMXNkZSEyc2RlIiB3aWR0aD0iNjAwIiBoZWlnaHQ9IjQ1MCIgc3R5bGU9ImJvcmRlcjowOyIgYWxsb3dmdWxsc2NyZWVuPSIiIGxvYWRpbmc9ImxhenkiIHJlZmVycmVycG9saWN5PSJuby1yZWZlcnJlci13aGVuLWRvd25ncmFkZSI+PC9pZnJhbWU+\"><div class=\"brlbs-cmpnt-cb-preset-b brlbs-cmpnt-cb-google-maps\"> <div class=\"brlbs-cmpnt-cb-thumbnail\" style=\"background-image: url('https:\/\/9staedte.de\/wp-content\/uploads\/borlabs-cookie\/1\/brlbs-cb-google-maps-main.png')\"><\/div> <div class=\"brlbs-cmpnt-cb-main\"> <div class=\"brlbs-cmpnt-cb-content\"> <p class=\"brlbs-cmpnt-cb-description\">Vous \u00eates actuellement en train de consulter le contenu d&rsquo;un espace r\u00e9serv\u00e9 de <strong>Google Maps<\/strong>. Pour acc\u00e9der au contenu r\u00e9el, cliquez sur le bouton ci-dessous. Veuillez noter que ce faisant, des donn\u00e9es seront partag\u00e9es avec des providers tiers.<\/p> <a class=\"brlbs-cmpnt-cb-provider-toggle\" href=\"#\" data-borlabs-cookie-show-provider-information role=\"button\">Plus d&rsquo;informations<\/a> <\/div> <div class=\"brlbs-cmpnt-cb-buttons\"> <a class=\"brlbs-cmpnt-cb-btn\" href=\"#\" data-borlabs-cookie-unblock role=\"button\">D\u00e9bloquer le contenu<\/a> <a class=\"brlbs-cmpnt-cb-btn\" href=\"#\" data-borlabs-cookie-accept-service role=\"button\" style=\"display: inherit\">Accepter le service requis et d\u00e9bloquer le contenu<\/a> <\/div> <\/div> <\/div><\/div>\n","protected":false},"excerpt":{"rendered":"<p>Jalon automobile dans la maison du temps La ZeitHaus fait partie des attractions les plus populaires de l&rsquo;Autostadt. Le mus\u00e9e de l&rsquo;automobile multimarque pr\u00e9sente des mod\u00e8les de plus de 60 constructeurs diff\u00e9rents. D\u00e9couvrez des bijoux de plus de 130 ans d&rsquo;histoire automobile et replongez-vous dans vos souvenirs en regardant Bulli, Coccinelle et autres. Outre le [&hellip;]<\/p>\n","protected":false},"author":1,"featured_media":17749,"parent":17999,"menu_order":0,"comment_status":"closed","ping_status":"closed","template":"","meta":{"_acf_changed":false,"footnotes":""},"categories":[],"tags":[],"ncap_cities_tax":[485,695],"class_list":["post-17741","page","type-page","status-publish","has-post-thumbnail","hentry","ncap_cities_tax-autostadt-fr","ncap_cities_tax-museen-autostadt-fr"],"acf":[],"yoast_head":"<!-- This site is optimized with the Yoast SEO plugin v27.4 - https:\/\/yoast.com\/product\/yoast-seo-wordpress\/ -->\n<title>Mus\u00e9es et expositions dans l&#039;Autostadt - 9 St\u00e4dte in Niedersachsen<\/title>\n<meta name=\"robots\" content=\"index, follow, max-snippet:-1, max-image-preview:large, max-video-preview:-1\" \/>\n<link rel=\"canonical\" href=\"https:\/\/9staedte.de\/fr\/autostadt-a-wolfsburg\/musees-et-expositions-dans-lautostadt\/\" \/>\n<meta property=\"og:locale\" content=\"fr_FR\" \/>\n<meta property=\"og:type\" content=\"article\" \/>\n<meta property=\"og:title\" content=\"Mus\u00e9es et expositions dans l&#039;Autostadt - 9 St\u00e4dte in Niedersachsen\" \/>\n<meta property=\"og:description\" content=\"Jalon automobile dans la maison du temps La ZeitHaus fait partie des attractions les plus populaires de l&rsquo;Autostadt. Le mus\u00e9e de l&rsquo;automobile multimarque pr\u00e9sente des mod\u00e8les de plus de 60 constructeurs diff\u00e9rents. D\u00e9couvrez des bijoux de plus de 130 ans d&rsquo;histoire automobile et replongez-vous dans vos souvenirs en regardant Bulli, Coccinelle et autres. Outre le [&hellip;]\" \/>\n<meta property=\"og:url\" content=\"https:\/\/9staedte.de\/fr\/autostadt-a-wolfsburg\/musees-et-expositions-dans-lautostadt\/\" \/>\n<meta property=\"og:site_name\" content=\"9 St\u00e4dte in Niedersachsen\" \/>\n<meta property=\"og:image\" content=\"https:\/\/9staedte.de\/wp-content\/uploads\/2023\/01\/Zeit-Haus-c-Autostadt-GmbH-Nele-Martensen.jpg\" \/>\n\t<meta property=\"og:image:width\" content=\"1020\" \/>\n\t<meta property=\"og:image:height\" content=\"560\" \/>\n\t<meta property=\"og:image:type\" content=\"image\/jpeg\" \/>\n<meta name=\"twitter:card\" content=\"summary_large_image\" \/>\n<script type=\"application\/ld+json\" class=\"yoast-schema-graph\">{\"@context\":\"https:\\\/\\\/schema.org\",\"@graph\":[{\"@type\":\"WebPage\",\"@id\":\"https:\\\/\\\/9staedte.de\\\/fr\\\/autostadt-a-wolfsburg\\\/musees-et-expositions-dans-lautostadt\\\/\",\"url\":\"https:\\\/\\\/9staedte.de\\\/fr\\\/autostadt-a-wolfsburg\\\/musees-et-expositions-dans-lautostadt\\\/\",\"name\":\"Mus\u00e9es et expositions dans l'Autostadt - 9 St\u00e4dte in Niedersachsen\",\"isPartOf\":{\"@id\":\"https:\\\/\\\/9staedte.de\\\/fr\\\/#website\"},\"primaryImageOfPage\":{\"@id\":\"https:\\\/\\\/9staedte.de\\\/fr\\\/autostadt-a-wolfsburg\\\/musees-et-expositions-dans-lautostadt\\\/#primaryimage\"},\"image\":{\"@id\":\"https:\\\/\\\/9staedte.de\\\/fr\\\/autostadt-a-wolfsburg\\\/musees-et-expositions-dans-lautostadt\\\/#primaryimage\"},\"thumbnailUrl\":\"https:\\\/\\\/9staedte.de\\\/wp-content\\\/uploads\\\/2023\\\/01\\\/Zeit-Haus-c-Autostadt-GmbH-Nele-Martensen.jpg\",\"datePublished\":\"2023-11-02T08:50:29+00:00\",\"breadcrumb\":{\"@id\":\"https:\\\/\\\/9staedte.de\\\/fr\\\/autostadt-a-wolfsburg\\\/musees-et-expositions-dans-lautostadt\\\/#breadcrumb\"},\"inLanguage\":\"fr-FR\",\"potentialAction\":[{\"@type\":\"ReadAction\",\"target\":[\"https:\\\/\\\/9staedte.de\\\/fr\\\/autostadt-a-wolfsburg\\\/musees-et-expositions-dans-lautostadt\\\/\"]}]},{\"@type\":\"ImageObject\",\"inLanguage\":\"fr-FR\",\"@id\":\"https:\\\/\\\/9staedte.de\\\/fr\\\/autostadt-a-wolfsburg\\\/musees-et-expositions-dans-lautostadt\\\/#primaryimage\",\"url\":\"https:\\\/\\\/9staedte.de\\\/wp-content\\\/uploads\\\/2023\\\/01\\\/Zeit-Haus-c-Autostadt-GmbH-Nele-Martensen.jpg\",\"contentUrl\":\"https:\\\/\\\/9staedte.de\\\/wp-content\\\/uploads\\\/2023\\\/01\\\/Zeit-Haus-c-Autostadt-GmbH-Nele-Martensen.jpg\",\"width\":1020,\"height\":560,\"caption\":\"Zeit Haus c) Autostadt GmbH Nele Martensen\"},{\"@type\":\"BreadcrumbList\",\"@id\":\"https:\\\/\\\/9staedte.de\\\/fr\\\/autostadt-a-wolfsburg\\\/musees-et-expositions-dans-lautostadt\\\/#breadcrumb\",\"itemListElement\":[{\"@type\":\"ListItem\",\"position\":1,\"name\":\"Startseite\",\"item\":\"https:\\\/\\\/9staedte.de\\\/fr\\\/\"},{\"@type\":\"ListItem\",\"position\":2,\"name\":\"Mus\u00e9es et expositions dans l&#8217;Autostadt\"}]},{\"@type\":\"WebSite\",\"@id\":\"https:\\\/\\\/9staedte.de\\\/fr\\\/#website\",\"url\":\"https:\\\/\\\/9staedte.de\\\/fr\\\/\",\"name\":\"9 St\u00e4dte in Niedersachsen\",\"description\":\"\",\"publisher\":{\"@id\":\"https:\\\/\\\/9staedte.de\\\/fr\\\/#organization\"},\"potentialAction\":[{\"@type\":\"SearchAction\",\"target\":{\"@type\":\"EntryPoint\",\"urlTemplate\":\"https:\\\/\\\/9staedte.de\\\/fr\\\/?s={search_term_string}\"},\"query-input\":{\"@type\":\"PropertyValueSpecification\",\"valueRequired\":true,\"valueName\":\"search_term_string\"}}],\"inLanguage\":\"fr-FR\"},{\"@type\":\"Organization\",\"@id\":\"https:\\\/\\\/9staedte.de\\\/fr\\\/#organization\",\"name\":\"9 St\u00e4dte in Niedersachsen\",\"url\":\"https:\\\/\\\/9staedte.de\\\/fr\\\/\",\"logo\":{\"@type\":\"ImageObject\",\"inLanguage\":\"fr-FR\",\"@id\":\"https:\\\/\\\/9staedte.de\\\/fr\\\/#\\\/schema\\\/logo\\\/image\\\/\",\"url\":\"https:\\\/\\\/9staedte.de\\\/wp-content\\\/uploads\\\/2025\\\/01\\\/9-neg-deutsch-2-1.png\",\"contentUrl\":\"https:\\\/\\\/9staedte.de\\\/wp-content\\\/uploads\\\/2025\\\/01\\\/9-neg-deutsch-2-1.png\",\"width\":190,\"height\":114,\"caption\":\"9 St\u00e4dte in Niedersachsen\"},\"image\":{\"@id\":\"https:\\\/\\\/9staedte.de\\\/fr\\\/#\\\/schema\\\/logo\\\/image\\\/\"}}]}<\/script>\n<!-- \/ Yoast SEO plugin. -->","yoast_head_json":{"title":"Mus\u00e9es et expositions dans l'Autostadt - 9 St\u00e4dte in Niedersachsen","robots":{"index":"index","follow":"follow","max-snippet":"max-snippet:-1","max-image-preview":"max-image-preview:large","max-video-preview":"max-video-preview:-1"},"canonical":"https:\/\/9staedte.de\/fr\/autostadt-a-wolfsburg\/musees-et-expositions-dans-lautostadt\/","og_locale":"fr_FR","og_type":"article","og_title":"Mus\u00e9es et expositions dans l'Autostadt - 9 St\u00e4dte in Niedersachsen","og_description":"Jalon automobile dans la maison du temps La ZeitHaus fait partie des attractions les plus populaires de l&rsquo;Autostadt. Le mus\u00e9e de l&rsquo;automobile multimarque pr\u00e9sente des mod\u00e8les de plus de 60 constructeurs diff\u00e9rents. D\u00e9couvrez des bijoux de plus de 130 ans d&rsquo;histoire automobile et replongez-vous dans vos souvenirs en regardant Bulli, Coccinelle et autres. Outre le [&hellip;]","og_url":"https:\/\/9staedte.de\/fr\/autostadt-a-wolfsburg\/musees-et-expositions-dans-lautostadt\/","og_site_name":"9 St\u00e4dte in Niedersachsen","og_image":[{"width":1020,"height":560,"url":"https:\/\/9staedte.de\/wp-content\/uploads\/2023\/01\/Zeit-Haus-c-Autostadt-GmbH-Nele-Martensen.jpg","type":"image\/jpeg"}],"twitter_card":"summary_large_image","schema":{"@context":"https:\/\/schema.org","@graph":[{"@type":"WebPage","@id":"https:\/\/9staedte.de\/fr\/autostadt-a-wolfsburg\/musees-et-expositions-dans-lautostadt\/","url":"https:\/\/9staedte.de\/fr\/autostadt-a-wolfsburg\/musees-et-expositions-dans-lautostadt\/","name":"Mus\u00e9es et expositions dans l'Autostadt - 9 St\u00e4dte in Niedersachsen","isPartOf":{"@id":"https:\/\/9staedte.de\/fr\/#website"},"primaryImageOfPage":{"@id":"https:\/\/9staedte.de\/fr\/autostadt-a-wolfsburg\/musees-et-expositions-dans-lautostadt\/#primaryimage"},"image":{"@id":"https:\/\/9staedte.de\/fr\/autostadt-a-wolfsburg\/musees-et-expositions-dans-lautostadt\/#primaryimage"},"thumbnailUrl":"https:\/\/9staedte.de\/wp-content\/uploads\/2023\/01\/Zeit-Haus-c-Autostadt-GmbH-Nele-Martensen.jpg","datePublished":"2023-11-02T08:50:29+00:00","breadcrumb":{"@id":"https:\/\/9staedte.de\/fr\/autostadt-a-wolfsburg\/musees-et-expositions-dans-lautostadt\/#breadcrumb"},"inLanguage":"fr-FR","potentialAction":[{"@type":"ReadAction","target":["https:\/\/9staedte.de\/fr\/autostadt-a-wolfsburg\/musees-et-expositions-dans-lautostadt\/"]}]},{"@type":"ImageObject","inLanguage":"fr-FR","@id":"https:\/\/9staedte.de\/fr\/autostadt-a-wolfsburg\/musees-et-expositions-dans-lautostadt\/#primaryimage","url":"https:\/\/9staedte.de\/wp-content\/uploads\/2023\/01\/Zeit-Haus-c-Autostadt-GmbH-Nele-Martensen.jpg","contentUrl":"https:\/\/9staedte.de\/wp-content\/uploads\/2023\/01\/Zeit-Haus-c-Autostadt-GmbH-Nele-Martensen.jpg","width":1020,"height":560,"caption":"Zeit Haus c) Autostadt GmbH Nele Martensen"},{"@type":"BreadcrumbList","@id":"https:\/\/9staedte.de\/fr\/autostadt-a-wolfsburg\/musees-et-expositions-dans-lautostadt\/#breadcrumb","itemListElement":[{"@type":"ListItem","position":1,"name":"Startseite","item":"https:\/\/9staedte.de\/fr\/"},{"@type":"ListItem","position":2,"name":"Mus\u00e9es et expositions dans l&#8217;Autostadt"}]},{"@type":"WebSite","@id":"https:\/\/9staedte.de\/fr\/#website","url":"https:\/\/9staedte.de\/fr\/","name":"9 St\u00e4dte in Niedersachsen","description":"","publisher":{"@id":"https:\/\/9staedte.de\/fr\/#organization"},"potentialAction":[{"@type":"SearchAction","target":{"@type":"EntryPoint","urlTemplate":"https:\/\/9staedte.de\/fr\/?s={search_term_string}"},"query-input":{"@type":"PropertyValueSpecification","valueRequired":true,"valueName":"search_term_string"}}],"inLanguage":"fr-FR"},{"@type":"Organization","@id":"https:\/\/9staedte.de\/fr\/#organization","name":"9 St\u00e4dte in Niedersachsen","url":"https:\/\/9staedte.de\/fr\/","logo":{"@type":"ImageObject","inLanguage":"fr-FR","@id":"https:\/\/9staedte.de\/fr\/#\/schema\/logo\/image\/","url":"https:\/\/9staedte.de\/wp-content\/uploads\/2025\/01\/9-neg-deutsch-2-1.png","contentUrl":"https:\/\/9staedte.de\/wp-content\/uploads\/2025\/01\/9-neg-deutsch-2-1.png","width":190,"height":114,"caption":"9 St\u00e4dte in Niedersachsen"},"image":{"@id":"https:\/\/9staedte.de\/fr\/#\/schema\/logo\/image\/"}}]}},"_links":{"self":[{"href":"https:\/\/9staedte.de\/fr\/wp-json\/wp\/v2\/pages\/17741","targetHints":{"allow":["GET"]}}],"collection":[{"href":"https:\/\/9staedte.de\/fr\/wp-json\/wp\/v2\/pages"}],"about":[{"href":"https:\/\/9staedte.de\/fr\/wp-json\/wp\/v2\/types\/page"}],"author":[{"embeddable":true,"href":"https:\/\/9staedte.de\/fr\/wp-json\/wp\/v2\/users\/1"}],"replies":[{"embeddable":true,"href":"https:\/\/9staedte.de\/fr\/wp-json\/wp\/v2\/comments?post=17741"}],"version-history":[{"count":0,"href":"https:\/\/9staedte.de\/fr\/wp-json\/wp\/v2\/pages\/17741\/revisions"}],"up":[{"embeddable":true,"href":"https:\/\/9staedte.de\/fr\/wp-json\/wp\/v2\/pages\/17999"}],"wp:featuredmedia":[{"embeddable":true,"href":"https:\/\/9staedte.de\/fr\/wp-json\/wp\/v2\/media\/17749"}],"wp:attachment":[{"href":"https:\/\/9staedte.de\/fr\/wp-json\/wp\/v2\/media?parent=17741"}],"wp:term":[{"taxonomy":"category","embeddable":true,"href":"https:\/\/9staedte.de\/fr\/wp-json\/wp\/v2\/categories?post=17741"},{"taxonomy":"post_tag","embeddable":true,"href":"https:\/\/9staedte.de\/fr\/wp-json\/wp\/v2\/tags?post=17741"},{"taxonomy":"ncap_cities_tax","embeddable":true,"href":"https:\/\/9staedte.de\/fr\/wp-json\/wp\/v2\/ncap_cities_tax?post=17741"}],"curies":[{"name":"wp","href":"https:\/\/api.w.org\/{rel}","templated":true}]}}