{"id":17721,"date":"2023-11-02T09:50:28","date_gmt":"2023-11-02T08:50:28","guid":{"rendered":"https:\/\/9staedte.de\/musees-et-expositions-a-hamelin\/"},"modified":"2023-11-02T17:57:17","modified_gmt":"2023-11-02T16:57:17","slug":"musees-et-expositions-a-hamelin","status":"publish","type":"page","link":"https:\/\/9staedte.de\/fr\/hamelin-la-legendaire-ville-du-joueur-de-flute\/musees-et-expositions-a-hamelin\/","title":{"rendered":"Mus\u00e9es et expositions \u00e0 Hamelin"},"content":{"rendered":"\r\n\r\n    <div class=\"filter-posts\">\r\n            <div  id=\"filterContent\">\r\n                                                        \n<div class=\"contentKachel filtr-item\" data-category=\"hameln-fr\">\n    <a href=\"https:\/\/9staedte.de\/fr\/musee-de-lhistoire-automobile-de-hamelin\/\">\n        <div class=\"contentKachel-inner\">\n                            <div class=\"contentKachel-thumbnail\">\n                    <img loading=\"lazy\" decoding=\"async\" width=\"300\" height=\"164\" src=\"https:\/\/9staedte.de\/wp-content\/smush-webp\/2023\/06\/Museum-Hamelner-Automobilgeschichte-300x164.jpg.webp\" class=\"objectfitcover withfilters wp-post-image\" alt=\"L\u2019image montre une vieille voiture. Elle est dans un mus\u00e9e \u00e0 Hameln. La voiture est blanche avec des pi\u00e8ces dor\u00e9es. Elle a de grands phares ronds. Il n\u2019y a pas de toit sur la voiture. Derri\u00e8re, il y a des panneaux d\u2019information. Le mus\u00e9e montre de vieilles voitures historiques. Il s\u2019appelle : Mus\u00e9e de l\u2019histoire automobile de Hameln.\" srcset=\"https:\/\/9staedte.de\/wp-content\/smush-webp\/2023\/06\/Museum-Hamelner-Automobilgeschichte-300x164.jpg.webp 300w, https:\/\/9staedte.de\/wp-content\/smush-webp\/2023\/06\/Museum-Hamelner-Automobilgeschichte-768x420.jpg.webp 768w, https:\/\/9staedte.de\/wp-content\/smush-webp\/2023\/06\/Museum-Hamelner-Automobilgeschichte.jpg.webp 1020w\" sizes=\"auto, (max-width: 300px) 100vw, 300px\" \/>                    <img loading=\"lazy\" decoding=\"async\" width=\"300\" height=\"164\" src=\"https:\/\/9staedte.de\/wp-content\/smush-webp\/2023\/06\/Museum-Hamelner-Automobilgeschichte-300x164.jpg.webp\" class=\"objectfitcontain wp-post-image\" alt=\"L\u2019image montre une vieille voiture. Elle est dans un mus\u00e9e \u00e0 Hameln. La voiture est blanche avec des pi\u00e8ces dor\u00e9es. Elle a de grands phares ronds. Il n\u2019y a pas de toit sur la voiture. Derri\u00e8re, il y a des panneaux d\u2019information. Le mus\u00e9e montre de vieilles voitures historiques. Il s\u2019appelle : Mus\u00e9e de l\u2019histoire automobile de Hameln.\" srcset=\"https:\/\/9staedte.de\/wp-content\/smush-webp\/2023\/06\/Museum-Hamelner-Automobilgeschichte-300x164.jpg.webp 300w, https:\/\/9staedte.de\/wp-content\/smush-webp\/2023\/06\/Museum-Hamelner-Automobilgeschichte-768x420.jpg.webp 768w, https:\/\/9staedte.de\/wp-content\/smush-webp\/2023\/06\/Museum-Hamelner-Automobilgeschichte.jpg.webp 1020w\" sizes=\"auto, (max-width: 300px) 100vw, 300px\" \/>                        <div class=\"thumbnail-label\">\n    <span>Museum Hamelner Automobilgeschichte<\/span>\n    <\/div>\n                <\/div>\n                        <div class=\"contentKachel-content\">\n                                    <div class=\"city-tag bg-hameln\">\n                        Hameln                    <\/div>\n                \n                <div class=\"title\">\n\n                    Mus\u00e9e de l&rsquo;histoire automobile de Hamelin                    \n                <\/div>\n\n                            <\/div>\n\n        <\/div>\n    <\/a>\n<\/div>                                                        \n<div class=\"contentKachel filtr-item\" data-category=\"hameln-fr\">\n    <a href=\"https:\/\/9staedte.de\/fr\/museum-hameln-histoire-de-la-ville-et-legende-du-joueur-de-flute\/\">\n        <div class=\"contentKachel-inner\">\n                            <div class=\"contentKachel-thumbnail\">\n                    <img loading=\"lazy\" decoding=\"async\" width=\"300\" height=\"165\" src=\"https:\/\/9staedte.de\/wp-content\/smush-webp\/2022\/03\/Rattenfaenger-Theater-im-Museum-Hameln-c-HMT-300x165.jpg.webp\" class=\"objectfitcover withfilters wp-post-image\" alt=\"L\u2019image montre une pi\u00e8ce de th\u00e9\u00e2tre. La sc\u00e8ne est sombre et myst\u00e9rieuse. Dans une vieille bo\u00eete, il y a de petites figures en m\u00e9tal. Elles ressemblent \u00e0 des robots ou \u00e0 des rats. \u00c0 gauche, un vieux micro est pos\u00e9 sur un support. Devant, des spectateurs regardent la sc\u00e8ne. C\u2019est le th\u00e9\u00e2tre du joueur de fl\u00fbte \u00e0 Hameln. L\u2019histoire parle de la c\u00e9l\u00e8bre l\u00e9gende du joueur de fl\u00fbte.\" srcset=\"https:\/\/9staedte.de\/wp-content\/smush-webp\/2022\/03\/Rattenfaenger-Theater-im-Museum-Hameln-c-HMT-300x165.jpg.webp 300w, https:\/\/9staedte.de\/wp-content\/smush-webp\/2022\/03\/Rattenfaenger-Theater-im-Museum-Hameln-c-HMT-768x422.jpg.webp 768w, https:\/\/9staedte.de\/wp-content\/smush-webp\/2022\/03\/Rattenfaenger-Theater-im-Museum-Hameln-c-HMT.jpg.webp 1019w\" sizes=\"auto, (max-width: 300px) 100vw, 300px\" \/>                    <img loading=\"lazy\" decoding=\"async\" width=\"300\" height=\"165\" src=\"https:\/\/9staedte.de\/wp-content\/smush-webp\/2022\/03\/Rattenfaenger-Theater-im-Museum-Hameln-c-HMT-300x165.jpg.webp\" class=\"objectfitcontain wp-post-image\" alt=\"L\u2019image montre une pi\u00e8ce de th\u00e9\u00e2tre. La sc\u00e8ne est sombre et myst\u00e9rieuse. Dans une vieille bo\u00eete, il y a de petites figures en m\u00e9tal. Elles ressemblent \u00e0 des robots ou \u00e0 des rats. \u00c0 gauche, un vieux micro est pos\u00e9 sur un support. Devant, des spectateurs regardent la sc\u00e8ne. C\u2019est le th\u00e9\u00e2tre du joueur de fl\u00fbte \u00e0 Hameln. L\u2019histoire parle de la c\u00e9l\u00e8bre l\u00e9gende du joueur de fl\u00fbte.\" srcset=\"https:\/\/9staedte.de\/wp-content\/smush-webp\/2022\/03\/Rattenfaenger-Theater-im-Museum-Hameln-c-HMT-300x165.jpg.webp 300w, https:\/\/9staedte.de\/wp-content\/smush-webp\/2022\/03\/Rattenfaenger-Theater-im-Museum-Hameln-c-HMT-768x422.jpg.webp 768w, https:\/\/9staedte.de\/wp-content\/smush-webp\/2022\/03\/Rattenfaenger-Theater-im-Museum-Hameln-c-HMT.jpg.webp 1019w\" sizes=\"auto, (max-width: 300px) 100vw, 300px\" \/>                        <div class=\"thumbnail-label\">\n    <span>Rattenf\u00e4nger-Theater im Museum Hameln c) HMT<\/span>\n    <\/div>\n                <\/div>\n                        <div class=\"contentKachel-content\">\n                                    <div class=\"city-tag bg-hameln\">\n                        Hameln                    <\/div>\n                \n                <div class=\"title\">\n\n                    Museum Hameln &#8211; Histoire de la ville et l\u00e9gende du joueur de fl\u00fbte                    \n                <\/div>\n\n                            <\/div>\n\n        <\/div>\n    <\/a>\n<\/div>                                            <\/div>\r\n    <\/div>\r\n\n\n\n<div style=\"height:45px\" aria-hidden=\"true\" class=\"wp-block-spacer\"><\/div>\n\n\n\n<div class=\"wp-block-columns is-layout-flex wp-container-core-columns-is-layout-9d6595d7 wp-block-columns-is-layout-flex\">\n<div class=\"wp-block-column is-layout-flow wp-block-column-is-layout-flow\" style=\"flex-basis:66.66%\">\n <div class=\"brlbs-cmpnt-container brlbs-cmpnt-content-blocker brlbs-cmpnt-with-individual-styles\" data-borlabs-cookie-content-blocker-id=\"google-maps\" data-borlabs-cookie-content=\"PGlmcmFtZSBzcmM9Imh0dHBzOi8vd3d3Lmdvb2dsZS5jb20vbWFwcy9kL3UvMS9lbWJlZD9taWQ9MWVORGIza0xEcTNxN0JsRTlSanAydEVqS3JuMnZMdEkmYW1wO2VoYmM9MkUzMTJGIiB3aWR0aD0iNjQwIiBoZWlnaHQ9IjQ4MCI+PC9pZnJhbWU+\"><div class=\"brlbs-cmpnt-cb-preset-b brlbs-cmpnt-cb-google-maps\"> <div class=\"brlbs-cmpnt-cb-thumbnail\" style=\"background-image: url('https:\/\/9staedte.de\/wp-content\/uploads\/borlabs-cookie\/1\/brlbs-cb-google-maps-main.png')\"><\/div> <div class=\"brlbs-cmpnt-cb-main\"> <div class=\"brlbs-cmpnt-cb-content\"> <p class=\"brlbs-cmpnt-cb-description\">Vous \u00eates actuellement en train de consulter le contenu d&rsquo;un espace r\u00e9serv\u00e9 de <strong>Google Maps<\/strong>. Pour acc\u00e9der au contenu r\u00e9el, cliquez sur le bouton ci-dessous. Veuillez noter que ce faisant, des donn\u00e9es seront partag\u00e9es avec des providers tiers.<\/p> <a class=\"brlbs-cmpnt-cb-provider-toggle\" href=\"#\" data-borlabs-cookie-show-provider-information role=\"button\">Plus d&rsquo;informations<\/a> <\/div> <div class=\"brlbs-cmpnt-cb-buttons\"> <a class=\"brlbs-cmpnt-cb-btn\" href=\"#\" data-borlabs-cookie-unblock role=\"button\">D\u00e9bloquer le contenu<\/a> <a class=\"brlbs-cmpnt-cb-btn\" href=\"#\" data-borlabs-cookie-accept-service role=\"button\" style=\"display: inherit\">Accepter le service requis et d\u00e9bloquer le contenu<\/a> <\/div> <\/div> <\/div><\/div>\n<\/div>\n\n\n\n<div class=\"wp-block-column is-layout-flow wp-block-column-is-layout-flow\" style=\"flex-basis:33.33%\">\n<h4 class=\"wp-block-heading\"><strong>Mus\u00e9es de Hamelin<\/strong><\/h4>\n\n\n\n<ul class=\"map-legend main-legend wp-block-list\">\n<li>Museum Hameln &#8211; Histoire de la ville et l\u00e9gende du joueur de fl\u00fbte<\/li>\n\n\n\n<li>Mus\u00e9e de l&rsquo;histoire automobile de Hamelin<\/li>\n<\/ul>\n<\/div>\n<\/div>\n","protected":false},"excerpt":{"rendered":"<p>Vous \u00eates actuellement en train de consulter le contenu d&rsquo;un espace r\u00e9serv\u00e9 de Google Maps. Pour acc\u00e9der au contenu r\u00e9el, cliquez sur le bouton ci-dessous. Veuillez noter que ce faisant, des donn\u00e9es seront partag\u00e9es avec des providers tiers. Plus d&rsquo;informations D\u00e9bloquer le contenu Accepter le service requis et d\u00e9bloquer le contenu Mus\u00e9es de Hamelin<\/p>\n","protected":false},"author":1,"featured_media":17188,"parent":18046,"menu_order":0,"comment_status":"closed","ping_status":"closed","template":"pagetemplates\/template-stadtthema.php","meta":{"_acf_changed":false,"footnotes":""},"categories":[],"tags":[],"ncap_cities_tax":[452,660],"class_list":["post-17721","page","type-page","status-publish","has-post-thumbnail","hentry","ncap_cities_tax-hameln-fr","ncap_cities_tax-museen-hameln-fr"],"acf":[],"yoast_head":"<!-- This site is optimized with the Yoast SEO plugin v26.8 - https:\/\/yoast.com\/product\/yoast-seo-wordpress\/ -->\n<title>Mus\u00e9es et expositions \u00e0 Hamelin - 9 St\u00e4dte in Niedersachsen<\/title>\n<meta name=\"robots\" content=\"index, follow, max-snippet:-1, max-image-preview:large, max-video-preview:-1\" \/>\n<link rel=\"canonical\" href=\"https:\/\/9staedte.de\/fr\/hamelin-la-legendaire-ville-du-joueur-de-flute\/musees-et-expositions-a-hamelin\/\" \/>\n<meta property=\"og:locale\" content=\"fr_FR\" \/>\n<meta property=\"og:type\" content=\"article\" \/>\n<meta property=\"og:title\" content=\"Mus\u00e9es et expositions \u00e0 Hamelin - 9 St\u00e4dte in Niedersachsen\" \/>\n<meta property=\"og:description\" content=\"Vous \u00eates actuellement en train de consulter le contenu d&rsquo;un espace r\u00e9serv\u00e9 de Google Maps. Pour acc\u00e9der au contenu r\u00e9el, cliquez sur le bouton ci-dessous. Veuillez noter que ce faisant, des donn\u00e9es seront partag\u00e9es avec des providers tiers. Plus d&rsquo;informations D\u00e9bloquer le contenu Accepter le service requis et d\u00e9bloquer le contenu Mus\u00e9es de Hamelin\" \/>\n<meta property=\"og:url\" content=\"https:\/\/9staedte.de\/fr\/hamelin-la-legendaire-ville-du-joueur-de-flute\/musees-et-expositions-a-hamelin\/\" \/>\n<meta property=\"og:site_name\" content=\"9 St\u00e4dte in Niedersachsen\" \/>\n<meta property=\"article:modified_time\" content=\"2023-11-02T16:57:17+00:00\" \/>\n<meta property=\"og:image\" content=\"https:\/\/9staedte.de\/wp-content\/uploads\/2023\/01\/Rattenfaenger-vor-dem-Museum-Hameln-c-HMT.jpg\" \/>\n\t<meta property=\"og:image:width\" content=\"1020\" \/>\n\t<meta property=\"og:image:height\" content=\"560\" \/>\n\t<meta property=\"og:image:type\" content=\"image\/jpeg\" \/>\n<meta name=\"twitter:card\" content=\"summary_large_image\" \/>\n<meta name=\"twitter:label1\" content=\"Dur\u00e9e de lecture estim\u00e9e\" \/>\n\t<meta name=\"twitter:data1\" content=\"1 minute\" \/>\n<script type=\"application\/ld+json\" class=\"yoast-schema-graph\">{\"@context\":\"https:\/\/schema.org\",\"@graph\":[{\"@type\":\"WebPage\",\"@id\":\"https:\/\/9staedte.de\/fr\/hamelin-la-legendaire-ville-du-joueur-de-flute\/musees-et-expositions-a-hamelin\/\",\"url\":\"https:\/\/9staedte.de\/fr\/hamelin-la-legendaire-ville-du-joueur-de-flute\/musees-et-expositions-a-hamelin\/\",\"name\":\"Mus\u00e9es et expositions \u00e0 Hamelin - 9 St\u00e4dte in Niedersachsen\",\"isPartOf\":{\"@id\":\"https:\/\/9staedte.de\/fr\/#website\"},\"primaryImageOfPage\":{\"@id\":\"https:\/\/9staedte.de\/fr\/hamelin-la-legendaire-ville-du-joueur-de-flute\/musees-et-expositions-a-hamelin\/#primaryimage\"},\"image\":{\"@id\":\"https:\/\/9staedte.de\/fr\/hamelin-la-legendaire-ville-du-joueur-de-flute\/musees-et-expositions-a-hamelin\/#primaryimage\"},\"thumbnailUrl\":\"https:\/\/9staedte.de\/wp-content\/uploads\/2023\/01\/Rattenfaenger-vor-dem-Museum-Hameln-c-HMT.jpg\",\"datePublished\":\"2023-11-02T08:50:28+00:00\",\"dateModified\":\"2023-11-02T16:57:17+00:00\",\"breadcrumb\":{\"@id\":\"https:\/\/9staedte.de\/fr\/hamelin-la-legendaire-ville-du-joueur-de-flute\/musees-et-expositions-a-hamelin\/#breadcrumb\"},\"inLanguage\":\"fr-FR\",\"potentialAction\":[{\"@type\":\"ReadAction\",\"target\":[\"https:\/\/9staedte.de\/fr\/hamelin-la-legendaire-ville-du-joueur-de-flute\/musees-et-expositions-a-hamelin\/\"]}]},{\"@type\":\"ImageObject\",\"inLanguage\":\"fr-FR\",\"@id\":\"https:\/\/9staedte.de\/fr\/hamelin-la-legendaire-ville-du-joueur-de-flute\/musees-et-expositions-a-hamelin\/#primaryimage\",\"url\":\"https:\/\/9staedte.de\/wp-content\/uploads\/2023\/01\/Rattenfaenger-vor-dem-Museum-Hameln-c-HMT.jpg\",\"contentUrl\":\"https:\/\/9staedte.de\/wp-content\/uploads\/2023\/01\/Rattenfaenger-vor-dem-Museum-Hameln-c-HMT.jpg\",\"width\":1020,\"height\":560,\"caption\":\"Rattenf\u00e4nger vor dem Museum Hameln c) HMT\"},{\"@type\":\"BreadcrumbList\",\"@id\":\"https:\/\/9staedte.de\/fr\/hamelin-la-legendaire-ville-du-joueur-de-flute\/musees-et-expositions-a-hamelin\/#breadcrumb\",\"itemListElement\":[{\"@type\":\"ListItem\",\"position\":1,\"name\":\"Startseite\",\"item\":\"https:\/\/9staedte.de\/fr\/\"},{\"@type\":\"ListItem\",\"position\":2,\"name\":\"Hamelin &#8211; la l\u00e9gendaire ville du joueur de fl\u00fbte\",\"item\":\"https:\/\/9staedte.de\/fr\/hamelin-la-legendaire-ville-du-joueur-de-flute\/\"},{\"@type\":\"ListItem\",\"position\":3,\"name\":\"Mus\u00e9es et expositions \u00e0 Hamelin\"}]},{\"@type\":\"WebSite\",\"@id\":\"https:\/\/9staedte.de\/fr\/#website\",\"url\":\"https:\/\/9staedte.de\/fr\/\",\"name\":\"9 St\u00e4dte in Niedersachsen\",\"description\":\"\",\"publisher\":{\"@id\":\"https:\/\/9staedte.de\/fr\/#organization\"},\"potentialAction\":[{\"@type\":\"SearchAction\",\"target\":{\"@type\":\"EntryPoint\",\"urlTemplate\":\"https:\/\/9staedte.de\/fr\/?s={search_term_string}\"},\"query-input\":{\"@type\":\"PropertyValueSpecification\",\"valueRequired\":true,\"valueName\":\"search_term_string\"}}],\"inLanguage\":\"fr-FR\"},{\"@type\":\"Organization\",\"@id\":\"https:\/\/9staedte.de\/fr\/#organization\",\"name\":\"9 St\u00e4dte in Niedersachsen\",\"url\":\"https:\/\/9staedte.de\/fr\/\",\"logo\":{\"@type\":\"ImageObject\",\"inLanguage\":\"fr-FR\",\"@id\":\"https:\/\/9staedte.de\/fr\/#\/schema\/logo\/image\/\",\"url\":\"https:\/\/9staedte.de\/wp-content\/uploads\/2025\/01\/9-neg-deutsch-2-1.png\",\"contentUrl\":\"https:\/\/9staedte.de\/wp-content\/uploads\/2025\/01\/9-neg-deutsch-2-1.png\",\"width\":190,\"height\":114,\"caption\":\"9 St\u00e4dte in Niedersachsen\"},\"image\":{\"@id\":\"https:\/\/9staedte.de\/fr\/#\/schema\/logo\/image\/\"}}]}<\/script>\n<!-- \/ Yoast SEO plugin. -->","yoast_head_json":{"title":"Mus\u00e9es et expositions \u00e0 Hamelin - 9 St\u00e4dte in Niedersachsen","robots":{"index":"index","follow":"follow","max-snippet":"max-snippet:-1","max-image-preview":"max-image-preview:large","max-video-preview":"max-video-preview:-1"},"canonical":"https:\/\/9staedte.de\/fr\/hamelin-la-legendaire-ville-du-joueur-de-flute\/musees-et-expositions-a-hamelin\/","og_locale":"fr_FR","og_type":"article","og_title":"Mus\u00e9es et expositions \u00e0 Hamelin - 9 St\u00e4dte in Niedersachsen","og_description":"Vous \u00eates actuellement en train de consulter le contenu d&rsquo;un espace r\u00e9serv\u00e9 de Google Maps. Pour acc\u00e9der au contenu r\u00e9el, cliquez sur le bouton ci-dessous. Veuillez noter que ce faisant, des donn\u00e9es seront partag\u00e9es avec des providers tiers. Plus d&rsquo;informations D\u00e9bloquer le contenu Accepter le service requis et d\u00e9bloquer le contenu Mus\u00e9es de Hamelin","og_url":"https:\/\/9staedte.de\/fr\/hamelin-la-legendaire-ville-du-joueur-de-flute\/musees-et-expositions-a-hamelin\/","og_site_name":"9 St\u00e4dte in Niedersachsen","article_modified_time":"2023-11-02T16:57:17+00:00","og_image":[{"width":1020,"height":560,"url":"https:\/\/9staedte.de\/wp-content\/uploads\/2023\/01\/Rattenfaenger-vor-dem-Museum-Hameln-c-HMT.jpg","type":"image\/jpeg"}],"twitter_card":"summary_large_image","twitter_misc":{"Dur\u00e9e de lecture estim\u00e9e":"1 minute"},"schema":{"@context":"https:\/\/schema.org","@graph":[{"@type":"WebPage","@id":"https:\/\/9staedte.de\/fr\/hamelin-la-legendaire-ville-du-joueur-de-flute\/musees-et-expositions-a-hamelin\/","url":"https:\/\/9staedte.de\/fr\/hamelin-la-legendaire-ville-du-joueur-de-flute\/musees-et-expositions-a-hamelin\/","name":"Mus\u00e9es et expositions \u00e0 Hamelin - 9 St\u00e4dte in Niedersachsen","isPartOf":{"@id":"https:\/\/9staedte.de\/fr\/#website"},"primaryImageOfPage":{"@id":"https:\/\/9staedte.de\/fr\/hamelin-la-legendaire-ville-du-joueur-de-flute\/musees-et-expositions-a-hamelin\/#primaryimage"},"image":{"@id":"https:\/\/9staedte.de\/fr\/hamelin-la-legendaire-ville-du-joueur-de-flute\/musees-et-expositions-a-hamelin\/#primaryimage"},"thumbnailUrl":"https:\/\/9staedte.de\/wp-content\/uploads\/2023\/01\/Rattenfaenger-vor-dem-Museum-Hameln-c-HMT.jpg","datePublished":"2023-11-02T08:50:28+00:00","dateModified":"2023-11-02T16:57:17+00:00","breadcrumb":{"@id":"https:\/\/9staedte.de\/fr\/hamelin-la-legendaire-ville-du-joueur-de-flute\/musees-et-expositions-a-hamelin\/#breadcrumb"},"inLanguage":"fr-FR","potentialAction":[{"@type":"ReadAction","target":["https:\/\/9staedte.de\/fr\/hamelin-la-legendaire-ville-du-joueur-de-flute\/musees-et-expositions-a-hamelin\/"]}]},{"@type":"ImageObject","inLanguage":"fr-FR","@id":"https:\/\/9staedte.de\/fr\/hamelin-la-legendaire-ville-du-joueur-de-flute\/musees-et-expositions-a-hamelin\/#primaryimage","url":"https:\/\/9staedte.de\/wp-content\/uploads\/2023\/01\/Rattenfaenger-vor-dem-Museum-Hameln-c-HMT.jpg","contentUrl":"https:\/\/9staedte.de\/wp-content\/uploads\/2023\/01\/Rattenfaenger-vor-dem-Museum-Hameln-c-HMT.jpg","width":1020,"height":560,"caption":"Rattenf\u00e4nger vor dem Museum Hameln c) HMT"},{"@type":"BreadcrumbList","@id":"https:\/\/9staedte.de\/fr\/hamelin-la-legendaire-ville-du-joueur-de-flute\/musees-et-expositions-a-hamelin\/#breadcrumb","itemListElement":[{"@type":"ListItem","position":1,"name":"Startseite","item":"https:\/\/9staedte.de\/fr\/"},{"@type":"ListItem","position":2,"name":"Hamelin &#8211; la l\u00e9gendaire ville du joueur de fl\u00fbte","item":"https:\/\/9staedte.de\/fr\/hamelin-la-legendaire-ville-du-joueur-de-flute\/"},{"@type":"ListItem","position":3,"name":"Mus\u00e9es et expositions \u00e0 Hamelin"}]},{"@type":"WebSite","@id":"https:\/\/9staedte.de\/fr\/#website","url":"https:\/\/9staedte.de\/fr\/","name":"9 St\u00e4dte in Niedersachsen","description":"","publisher":{"@id":"https:\/\/9staedte.de\/fr\/#organization"},"potentialAction":[{"@type":"SearchAction","target":{"@type":"EntryPoint","urlTemplate":"https:\/\/9staedte.de\/fr\/?s={search_term_string}"},"query-input":{"@type":"PropertyValueSpecification","valueRequired":true,"valueName":"search_term_string"}}],"inLanguage":"fr-FR"},{"@type":"Organization","@id":"https:\/\/9staedte.de\/fr\/#organization","name":"9 St\u00e4dte in Niedersachsen","url":"https:\/\/9staedte.de\/fr\/","logo":{"@type":"ImageObject","inLanguage":"fr-FR","@id":"https:\/\/9staedte.de\/fr\/#\/schema\/logo\/image\/","url":"https:\/\/9staedte.de\/wp-content\/uploads\/2025\/01\/9-neg-deutsch-2-1.png","contentUrl":"https:\/\/9staedte.de\/wp-content\/uploads\/2025\/01\/9-neg-deutsch-2-1.png","width":190,"height":114,"caption":"9 St\u00e4dte in Niedersachsen"},"image":{"@id":"https:\/\/9staedte.de\/fr\/#\/schema\/logo\/image\/"}}]}},"_links":{"self":[{"href":"https:\/\/9staedte.de\/fr\/wp-json\/wp\/v2\/pages\/17721","targetHints":{"allow":["GET"]}}],"collection":[{"href":"https:\/\/9staedte.de\/fr\/wp-json\/wp\/v2\/pages"}],"about":[{"href":"https:\/\/9staedte.de\/fr\/wp-json\/wp\/v2\/types\/page"}],"author":[{"embeddable":true,"href":"https:\/\/9staedte.de\/fr\/wp-json\/wp\/v2\/users\/1"}],"replies":[{"embeddable":true,"href":"https:\/\/9staedte.de\/fr\/wp-json\/wp\/v2\/comments?post=17721"}],"version-history":[{"count":1,"href":"https:\/\/9staedte.de\/fr\/wp-json\/wp\/v2\/pages\/17721\/revisions"}],"predecessor-version":[{"id":19876,"href":"https:\/\/9staedte.de\/fr\/wp-json\/wp\/v2\/pages\/17721\/revisions\/19876"}],"up":[{"embeddable":true,"href":"https:\/\/9staedte.de\/fr\/wp-json\/wp\/v2\/pages\/18046"}],"wp:featuredmedia":[{"embeddable":true,"href":"https:\/\/9staedte.de\/fr\/wp-json\/wp\/v2\/media\/17188"}],"wp:attachment":[{"href":"https:\/\/9staedte.de\/fr\/wp-json\/wp\/v2\/media?parent=17721"}],"wp:term":[{"taxonomy":"category","embeddable":true,"href":"https:\/\/9staedte.de\/fr\/wp-json\/wp\/v2\/categories?post=17721"},{"taxonomy":"post_tag","embeddable":true,"href":"https:\/\/9staedte.de\/fr\/wp-json\/wp\/v2\/tags?post=17721"},{"taxonomy":"ncap_cities_tax","embeddable":true,"href":"https:\/\/9staedte.de\/fr\/wp-json\/wp\/v2\/ncap_cities_tax?post=17721"}],"curies":[{"name":"wp","href":"https:\/\/api.w.org\/{rel}","templated":true}]}}