{"id":17720,"date":"2023-11-02T09:50:28","date_gmt":"2023-11-02T08:50:28","guid":{"rendered":"https:\/\/9staedte.de\/braunschweig-la-ville-du-lion\/chateaux-et-jardins-a-braunschweig\/"},"modified":"2023-11-02T17:19:13","modified_gmt":"2023-11-02T16:19:13","slug":"chateaux-et-jardins-a-braunschweig","status":"publish","type":"page","link":"https:\/\/9staedte.de\/fr\/braunschweig-la-ville-du-lion\/chateaux-et-jardins-a-braunschweig\/","title":{"rendered":"Ch\u00e2teaux et jardins \u00e0 Braunschweig"},"content":{"rendered":"\r\n\r\n    <div class=\"filter-posts\">\r\n            <div  id=\"filterContent\">\r\n                                                        \n<div class=\"contentKachel filtr-item\" data-category=\"braunschweig-fr\">\n    <a href=\"https:\/\/9staedte.de\/fr\/larchitecture-baroque-tardive-du-chateau-de-richmond\/\">\n        <div class=\"contentKachel-inner\">\n                            <div class=\"contentKachel-thumbnail\">\n                    <img loading=\"lazy\" decoding=\"async\" width=\"300\" height=\"165\" src=\"https:\/\/9staedte.de\/wp-content\/smush-webp\/2022\/06\/Braunschweig-Richmond-palace-c-Braunschweig-Stadtmarketing-GmbH-300x165.jpg.webp\" class=\"objectfitcover withfilters wp-post-image\" alt=\"L\u2019image montre un petit ch\u00e2teau. Le ch\u00e2teau est rond et a de grandes fen\u00eatres. Devant, il y a beaucoup de fleurs rouges. Derri\u00e8re le ch\u00e2teau, il y a de grands arbres. Le ciel est bleu avec quelques nuages.\" srcset=\"https:\/\/9staedte.de\/wp-content\/smush-webp\/2022\/06\/Braunschweig-Richmond-palace-c-Braunschweig-Stadtmarketing-GmbH-300x165.jpg.webp 300w, https:\/\/9staedte.de\/wp-content\/smush-webp\/2022\/06\/Braunschweig-Richmond-palace-c-Braunschweig-Stadtmarketing-GmbH-768x422.jpg.webp 768w, https:\/\/9staedte.de\/wp-content\/smush-webp\/2022\/06\/Braunschweig-Richmond-palace-c-Braunschweig-Stadtmarketing-GmbH.jpg.webp 1020w\" sizes=\"auto, (max-width: 300px) 100vw, 300px\" \/>                    <img loading=\"lazy\" decoding=\"async\" width=\"300\" height=\"165\" src=\"https:\/\/9staedte.de\/wp-content\/smush-webp\/2022\/06\/Braunschweig-Richmond-palace-c-Braunschweig-Stadtmarketing-GmbH-300x165.jpg.webp\" class=\"objectfitcontain wp-post-image\" alt=\"L\u2019image montre un petit ch\u00e2teau. Le ch\u00e2teau est rond et a de grandes fen\u00eatres. Devant, il y a beaucoup de fleurs rouges. Derri\u00e8re le ch\u00e2teau, il y a de grands arbres. Le ciel est bleu avec quelques nuages.\" srcset=\"https:\/\/9staedte.de\/wp-content\/smush-webp\/2022\/06\/Braunschweig-Richmond-palace-c-Braunschweig-Stadtmarketing-GmbH-300x165.jpg.webp 300w, https:\/\/9staedte.de\/wp-content\/smush-webp\/2022\/06\/Braunschweig-Richmond-palace-c-Braunschweig-Stadtmarketing-GmbH-768x422.jpg.webp 768w, https:\/\/9staedte.de\/wp-content\/smush-webp\/2022\/06\/Braunschweig-Richmond-palace-c-Braunschweig-Stadtmarketing-GmbH.jpg.webp 1020w\" sizes=\"auto, (max-width: 300px) 100vw, 300px\" \/>                        <div class=\"thumbnail-label\">\n    <span>Braunschweig Richmond palace c) Braunschweig Stadtmarketing GmbH<\/span>\n    <\/div>\n                <\/div>\n                        <div class=\"contentKachel-content\">\n                                    <div class=\"city-tag bg-braunschweig\">\n                        Braunschweig                    <\/div>\n                \n                <div class=\"title\">\n\n                    L&rsquo;architecture baroque tardive du ch\u00e2teau de Richmond                    \n                <\/div>\n\n                            <\/div>\n\n        <\/div>\n    <\/a>\n<\/div>                                                        \n<div class=\"contentKachel filtr-item\" data-category=\"braunschweig-fr\">\n    <a href=\"https:\/\/9staedte.de\/fr\/chateau-de-residence-avec-quadrige-et-musee-du-chateau-a-braunschweig\/\">\n        <div class=\"contentKachel-inner\">\n                            <div class=\"contentKachel-thumbnail\">\n                    <img loading=\"lazy\" decoding=\"async\" width=\"300\" height=\"164\" src=\"https:\/\/9staedte.de\/wp-content\/smush-webp\/2022\/03\/Braunschweig-Schloss-c-Braunschweig-Stadtmarketing-Christian-Bierwagen-1-300x164.jpg.webp\" class=\"objectfitcover withfilters wp-post-image\" alt=\"\" srcset=\"https:\/\/9staedte.de\/wp-content\/smush-webp\/2022\/03\/Braunschweig-Schloss-c-Braunschweig-Stadtmarketing-Christian-Bierwagen-1-300x164.jpg.webp 300w, https:\/\/9staedte.de\/wp-content\/smush-webp\/2022\/03\/Braunschweig-Schloss-c-Braunschweig-Stadtmarketing-Christian-Bierwagen-1-768x419.jpg.webp 768w, https:\/\/9staedte.de\/wp-content\/smush-webp\/2022\/03\/Braunschweig-Schloss-c-Braunschweig-Stadtmarketing-Christian-Bierwagen-1.jpg.webp 1020w\" sizes=\"auto, (max-width: 300px) 100vw, 300px\" \/>                    <img loading=\"lazy\" decoding=\"async\" width=\"300\" height=\"164\" src=\"https:\/\/9staedte.de\/wp-content\/smush-webp\/2022\/03\/Braunschweig-Schloss-c-Braunschweig-Stadtmarketing-Christian-Bierwagen-1-300x164.jpg.webp\" class=\"objectfitcontain wp-post-image\" alt=\"\" srcset=\"https:\/\/9staedte.de\/wp-content\/smush-webp\/2022\/03\/Braunschweig-Schloss-c-Braunschweig-Stadtmarketing-Christian-Bierwagen-1-300x164.jpg.webp 300w, https:\/\/9staedte.de\/wp-content\/smush-webp\/2022\/03\/Braunschweig-Schloss-c-Braunschweig-Stadtmarketing-Christian-Bierwagen-1-768x419.jpg.webp 768w, https:\/\/9staedte.de\/wp-content\/smush-webp\/2022\/03\/Braunschweig-Schloss-c-Braunschweig-Stadtmarketing-Christian-Bierwagen-1.jpg.webp 1020w\" sizes=\"auto, (max-width: 300px) 100vw, 300px\" \/>                        <div class=\"thumbnail-label\">\n    <span>Braunschweig Schloss c) Braunschweig Stadtmarketing Christian Bierwagen<\/span>\n    <\/div>\n                <\/div>\n                        <div class=\"contentKachel-content\">\n                                    <div class=\"city-tag bg-braunschweig\">\n                        Braunschweig                    <\/div>\n                \n                <div class=\"title\">\n\n                    Ch\u00e2teau de r\u00e9sidence avec quadrige et mus\u00e9e du ch\u00e2teau \u00e0 Braunschweig                    \n                <\/div>\n\n                            <\/div>\n\n        <\/div>\n    <\/a>\n<\/div>                                                        \n<div class=\"contentKachel filtr-item\" data-category=\"braunschweig-fr\">\n    <a href=\"https:\/\/9staedte.de\/fr\/chateau-de-dankwarderode\/\">\n        <div class=\"contentKachel-inner\">\n                            <div class=\"contentKachel-thumbnail\">\n                    <img loading=\"lazy\" decoding=\"async\" width=\"300\" height=\"165\" src=\"https:\/\/9staedte.de\/wp-content\/smush-webp\/2023\/01\/Burgplatz_cc-by-nd-Braunschweig-Stadtmarketing-GmbH-Christian-Bierwagen--300x165.jpg.webp\" class=\"objectfitcover withfilters wp-post-image\" alt=\"L\u2019image montre la place Burgplatz \u00e0 Brunswick. Au centre, une statue de lion sur un socle \u00e9lev\u00e9. \u00c0 gauche, un ancien b\u00e2timent avec des arcs. \u00c0 droite, une grande \u00e9glise avec de nombreuses fen\u00eatres. En arri\u00e8re-plan, une tour haute avec un toit vert. Quelques personnes marchent sur la place. Le ciel est clair avec quelques nuages. L\u2019ambiance est calme et agr\u00e9able.\" srcset=\"https:\/\/9staedte.de\/wp-content\/smush-webp\/2023\/01\/Burgplatz_cc-by-nd-Braunschweig-Stadtmarketing-GmbH-Christian-Bierwagen--300x165.jpg.webp 300w, https:\/\/9staedte.de\/wp-content\/smush-webp\/2023\/01\/Burgplatz_cc-by-nd-Braunschweig-Stadtmarketing-GmbH-Christian-Bierwagen--768x422.jpg.webp 768w, https:\/\/9staedte.de\/wp-content\/smush-webp\/2023\/01\/Burgplatz_cc-by-nd-Braunschweig-Stadtmarketing-GmbH-Christian-Bierwagen-.jpg.webp 1020w\" sizes=\"auto, (max-width: 300px) 100vw, 300px\" \/>                    <img loading=\"lazy\" decoding=\"async\" width=\"300\" height=\"165\" src=\"https:\/\/9staedte.de\/wp-content\/smush-webp\/2023\/01\/Burgplatz_cc-by-nd-Braunschweig-Stadtmarketing-GmbH-Christian-Bierwagen--300x165.jpg.webp\" class=\"objectfitcontain wp-post-image\" alt=\"L\u2019image montre la place Burgplatz \u00e0 Brunswick. Au centre, une statue de lion sur un socle \u00e9lev\u00e9. \u00c0 gauche, un ancien b\u00e2timent avec des arcs. \u00c0 droite, une grande \u00e9glise avec de nombreuses fen\u00eatres. En arri\u00e8re-plan, une tour haute avec un toit vert. Quelques personnes marchent sur la place. Le ciel est clair avec quelques nuages. L\u2019ambiance est calme et agr\u00e9able.\" srcset=\"https:\/\/9staedte.de\/wp-content\/smush-webp\/2023\/01\/Burgplatz_cc-by-nd-Braunschweig-Stadtmarketing-GmbH-Christian-Bierwagen--300x165.jpg.webp 300w, https:\/\/9staedte.de\/wp-content\/smush-webp\/2023\/01\/Burgplatz_cc-by-nd-Braunschweig-Stadtmarketing-GmbH-Christian-Bierwagen--768x422.jpg.webp 768w, https:\/\/9staedte.de\/wp-content\/smush-webp\/2023\/01\/Burgplatz_cc-by-nd-Braunschweig-Stadtmarketing-GmbH-Christian-Bierwagen-.jpg.webp 1020w\" sizes=\"auto, (max-width: 300px) 100vw, 300px\" \/>                        <div class=\"thumbnail-label\">\n    <span>Braunschweig Burgplatz c) Braunschweig Stadtmarketing \/ Christian Bierwagen<\/span>\n    <\/div>\n                <\/div>\n                        <div class=\"contentKachel-content\">\n                                    <div class=\"city-tag bg-braunschweig\">\n                        Braunschweig                    <\/div>\n                \n                <div class=\"title\">\n\n                    Ch\u00e2teau de Dankwarderode                    \n                <\/div>\n\n                            <\/div>\n\n        <\/div>\n    <\/a>\n<\/div>                                                        \n<div class=\"contentKachel filtr-item\" data-category=\"braunschweig-fr\">\n    <a href=\"https:\/\/9staedte.de\/fr\/les-parcs-et-jardins-de-braunschweig-autour-de-loker\/\">\n        <div class=\"contentKachel-inner\">\n                            <div class=\"contentKachel-thumbnail\">\n                    <img loading=\"lazy\" decoding=\"async\" width=\"300\" height=\"163\" src=\"https:\/\/9staedte.de\/wp-content\/smush-webp\/2023\/02\/Braunschweig_Buergerpark_Oker_Paddeln_Braunschweig-Stadtmarketing-GmbH_Daniel-Moeller-2-300x163.jpg.webp\" class=\"objectfitcover withfilters wp-post-image\" alt=\"L\u2019image montre des personnes faisant du cano\u00eb sur la rivi\u00e8re Oker \u00e0 Brunswick. Deux cano\u00ebs naviguent sur une rivi\u00e8re calme. Les bateaux sont entour\u00e9s de verdure et d\u2019arbres. En arri\u00e8re-plan, on voit un petit pont. Il fait beau.\" srcset=\"https:\/\/9staedte.de\/wp-content\/smush-webp\/2023\/02\/Braunschweig_Buergerpark_Oker_Paddeln_Braunschweig-Stadtmarketing-GmbH_Daniel-Moeller-2-300x163.jpg.webp 300w, https:\/\/9staedte.de\/wp-content\/smush-webp\/2023\/02\/Braunschweig_Buergerpark_Oker_Paddeln_Braunschweig-Stadtmarketing-GmbH_Daniel-Moeller-2-768x416.jpg.webp 768w, https:\/\/9staedte.de\/wp-content\/smush-webp\/2023\/02\/Braunschweig_Buergerpark_Oker_Paddeln_Braunschweig-Stadtmarketing-GmbH_Daniel-Moeller-2.jpg.webp 1020w\" sizes=\"auto, (max-width: 300px) 100vw, 300px\" \/>                    <img loading=\"lazy\" decoding=\"async\" width=\"300\" height=\"163\" src=\"https:\/\/9staedte.de\/wp-content\/smush-webp\/2023\/02\/Braunschweig_Buergerpark_Oker_Paddeln_Braunschweig-Stadtmarketing-GmbH_Daniel-Moeller-2-300x163.jpg.webp\" class=\"objectfitcontain wp-post-image\" alt=\"L\u2019image montre des personnes faisant du cano\u00eb sur la rivi\u00e8re Oker \u00e0 Brunswick. Deux cano\u00ebs naviguent sur une rivi\u00e8re calme. Les bateaux sont entour\u00e9s de verdure et d\u2019arbres. En arri\u00e8re-plan, on voit un petit pont. Il fait beau.\" srcset=\"https:\/\/9staedte.de\/wp-content\/smush-webp\/2023\/02\/Braunschweig_Buergerpark_Oker_Paddeln_Braunschweig-Stadtmarketing-GmbH_Daniel-Moeller-2-300x163.jpg.webp 300w, https:\/\/9staedte.de\/wp-content\/smush-webp\/2023\/02\/Braunschweig_Buergerpark_Oker_Paddeln_Braunschweig-Stadtmarketing-GmbH_Daniel-Moeller-2-768x416.jpg.webp 768w, https:\/\/9staedte.de\/wp-content\/smush-webp\/2023\/02\/Braunschweig_Buergerpark_Oker_Paddeln_Braunschweig-Stadtmarketing-GmbH_Daniel-Moeller-2.jpg.webp 1020w\" sizes=\"auto, (max-width: 300px) 100vw, 300px\" \/>                        <div class=\"thumbnail-label\">\n    <span>Braunschweig_B\u00fcrgerpark_Oker_Paddeln_Braunschweig Stadtmarketing GmbH_Daniel M\u00f6ller (2)<\/span>\n    <\/div>\n                <\/div>\n                        <div class=\"contentKachel-content\">\n                                    <div class=\"city-tag bg-braunschweig\">\n                        Braunschweig                    <\/div>\n                \n                <div class=\"title\">\n\n                    Les parcs et jardins de Braunschweig autour de l&rsquo;Oker                    \n                <\/div>\n\n                            <\/div>\n\n        <\/div>\n    <\/a>\n<\/div>                                            <\/div>\r\n    <\/div>\r\n","protected":false},"excerpt":{"rendered":"","protected":false},"author":1,"featured_media":17733,"parent":17595,"menu_order":0,"comment_status":"closed","ping_status":"closed","template":"pagetemplates\/template-stadtthema.php","meta":{"_acf_changed":false,"footnotes":""},"categories":[],"tags":[],"ncap_cities_tax":[423,702],"class_list":["post-17720","page","type-page","status-publish","has-post-thumbnail","hentry","ncap_cities_tax-braunschweig-fr","ncap_cities_tax-schlosser-und-garten-braunschweig-fr"],"acf":[],"yoast_head":"<!-- This site is optimized with the Yoast SEO plugin v26.8 - https:\/\/yoast.com\/product\/yoast-seo-wordpress\/ -->\n<title>Ch\u00e2teaux et jardins \u00e0 Braunschweig - 9 St\u00e4dte in Niedersachsen<\/title>\n<meta name=\"robots\" content=\"index, follow, max-snippet:-1, max-image-preview:large, max-video-preview:-1\" \/>\n<link rel=\"canonical\" href=\"https:\/\/9staedte.de\/fr\/braunschweig-la-ville-du-lion\/chateaux-et-jardins-a-braunschweig\/\" \/>\n<meta property=\"og:locale\" content=\"fr_FR\" \/>\n<meta property=\"og:type\" content=\"article\" \/>\n<meta property=\"og:title\" content=\"Ch\u00e2teaux et jardins \u00e0 Braunschweig - 9 St\u00e4dte in Niedersachsen\" \/>\n<meta property=\"og:url\" content=\"https:\/\/9staedte.de\/fr\/braunschweig-la-ville-du-lion\/chateaux-et-jardins-a-braunschweig\/\" \/>\n<meta property=\"og:site_name\" content=\"9 St\u00e4dte in Niedersachsen\" \/>\n<meta property=\"article:modified_time\" content=\"2023-11-02T16:19:13+00:00\" \/>\n<meta property=\"og:image\" content=\"https:\/\/9staedte.de\/wp-content\/uploads\/2023\/06\/Braunschweig-Residenzschloss-c-BSM-Christian-Bierwagen-1.jpg\" \/>\n\t<meta property=\"og:image:width\" content=\"1019\" \/>\n\t<meta property=\"og:image:height\" content=\"562\" \/>\n\t<meta property=\"og:image:type\" content=\"image\/jpeg\" \/>\n<meta name=\"twitter:card\" content=\"summary_large_image\" \/>\n<script type=\"application\/ld+json\" class=\"yoast-schema-graph\">{\"@context\":\"https:\/\/schema.org\",\"@graph\":[{\"@type\":\"WebPage\",\"@id\":\"https:\/\/9staedte.de\/fr\/braunschweig-la-ville-du-lion\/chateaux-et-jardins-a-braunschweig\/\",\"url\":\"https:\/\/9staedte.de\/fr\/braunschweig-la-ville-du-lion\/chateaux-et-jardins-a-braunschweig\/\",\"name\":\"Ch\u00e2teaux et jardins \u00e0 Braunschweig - 9 St\u00e4dte in Niedersachsen\",\"isPartOf\":{\"@id\":\"https:\/\/9staedte.de\/fr\/#website\"},\"primaryImageOfPage\":{\"@id\":\"https:\/\/9staedte.de\/fr\/braunschweig-la-ville-du-lion\/chateaux-et-jardins-a-braunschweig\/#primaryimage\"},\"image\":{\"@id\":\"https:\/\/9staedte.de\/fr\/braunschweig-la-ville-du-lion\/chateaux-et-jardins-a-braunschweig\/#primaryimage\"},\"thumbnailUrl\":\"https:\/\/9staedte.de\/wp-content\/uploads\/2023\/06\/Braunschweig-Residenzschloss-c-BSM-Christian-Bierwagen-1.jpg\",\"datePublished\":\"2023-11-02T08:50:28+00:00\",\"dateModified\":\"2023-11-02T16:19:13+00:00\",\"breadcrumb\":{\"@id\":\"https:\/\/9staedte.de\/fr\/braunschweig-la-ville-du-lion\/chateaux-et-jardins-a-braunschweig\/#breadcrumb\"},\"inLanguage\":\"fr-FR\",\"potentialAction\":[{\"@type\":\"ReadAction\",\"target\":[\"https:\/\/9staedte.de\/fr\/braunschweig-la-ville-du-lion\/chateaux-et-jardins-a-braunschweig\/\"]}]},{\"@type\":\"ImageObject\",\"inLanguage\":\"fr-FR\",\"@id\":\"https:\/\/9staedte.de\/fr\/braunschweig-la-ville-du-lion\/chateaux-et-jardins-a-braunschweig\/#primaryimage\",\"url\":\"https:\/\/9staedte.de\/wp-content\/uploads\/2023\/06\/Braunschweig-Residenzschloss-c-BSM-Christian-Bierwagen-1.jpg\",\"contentUrl\":\"https:\/\/9staedte.de\/wp-content\/uploads\/2023\/06\/Braunschweig-Residenzschloss-c-BSM-Christian-Bierwagen-1.jpg\",\"width\":1019,\"height\":562,\"caption\":\"Braunschweig Residenzschloss c) BSM Christian Bierwagen\"},{\"@type\":\"BreadcrumbList\",\"@id\":\"https:\/\/9staedte.de\/fr\/braunschweig-la-ville-du-lion\/chateaux-et-jardins-a-braunschweig\/#breadcrumb\",\"itemListElement\":[{\"@type\":\"ListItem\",\"position\":1,\"name\":\"Startseite\",\"item\":\"https:\/\/9staedte.de\/fr\/\"},{\"@type\":\"ListItem\",\"position\":2,\"name\":\"Braunschweig &#8211; City of Lions\",\"item\":\"https:\/\/9staedte.de\/fr\/braunschweig-la-ville-du-lion\/\"},{\"@type\":\"ListItem\",\"position\":3,\"name\":\"Ch\u00e2teaux et jardins \u00e0 Braunschweig\"}]},{\"@type\":\"WebSite\",\"@id\":\"https:\/\/9staedte.de\/fr\/#website\",\"url\":\"https:\/\/9staedte.de\/fr\/\",\"name\":\"9 St\u00e4dte in Niedersachsen\",\"description\":\"\",\"publisher\":{\"@id\":\"https:\/\/9staedte.de\/fr\/#organization\"},\"potentialAction\":[{\"@type\":\"SearchAction\",\"target\":{\"@type\":\"EntryPoint\",\"urlTemplate\":\"https:\/\/9staedte.de\/fr\/?s={search_term_string}\"},\"query-input\":{\"@type\":\"PropertyValueSpecification\",\"valueRequired\":true,\"valueName\":\"search_term_string\"}}],\"inLanguage\":\"fr-FR\"},{\"@type\":\"Organization\",\"@id\":\"https:\/\/9staedte.de\/fr\/#organization\",\"name\":\"9 St\u00e4dte in Niedersachsen\",\"url\":\"https:\/\/9staedte.de\/fr\/\",\"logo\":{\"@type\":\"ImageObject\",\"inLanguage\":\"fr-FR\",\"@id\":\"https:\/\/9staedte.de\/fr\/#\/schema\/logo\/image\/\",\"url\":\"https:\/\/9staedte.de\/wp-content\/uploads\/2025\/01\/9-neg-deutsch-2-1.png\",\"contentUrl\":\"https:\/\/9staedte.de\/wp-content\/uploads\/2025\/01\/9-neg-deutsch-2-1.png\",\"width\":190,\"height\":114,\"caption\":\"9 St\u00e4dte in Niedersachsen\"},\"image\":{\"@id\":\"https:\/\/9staedte.de\/fr\/#\/schema\/logo\/image\/\"}}]}<\/script>\n<!-- \/ Yoast SEO plugin. -->","yoast_head_json":{"title":"Ch\u00e2teaux et jardins \u00e0 Braunschweig - 9 St\u00e4dte in Niedersachsen","robots":{"index":"index","follow":"follow","max-snippet":"max-snippet:-1","max-image-preview":"max-image-preview:large","max-video-preview":"max-video-preview:-1"},"canonical":"https:\/\/9staedte.de\/fr\/braunschweig-la-ville-du-lion\/chateaux-et-jardins-a-braunschweig\/","og_locale":"fr_FR","og_type":"article","og_title":"Ch\u00e2teaux et jardins \u00e0 Braunschweig - 9 St\u00e4dte in Niedersachsen","og_url":"https:\/\/9staedte.de\/fr\/braunschweig-la-ville-du-lion\/chateaux-et-jardins-a-braunschweig\/","og_site_name":"9 St\u00e4dte in Niedersachsen","article_modified_time":"2023-11-02T16:19:13+00:00","og_image":[{"width":1019,"height":562,"url":"https:\/\/9staedte.de\/wp-content\/uploads\/2023\/06\/Braunschweig-Residenzschloss-c-BSM-Christian-Bierwagen-1.jpg","type":"image\/jpeg"}],"twitter_card":"summary_large_image","schema":{"@context":"https:\/\/schema.org","@graph":[{"@type":"WebPage","@id":"https:\/\/9staedte.de\/fr\/braunschweig-la-ville-du-lion\/chateaux-et-jardins-a-braunschweig\/","url":"https:\/\/9staedte.de\/fr\/braunschweig-la-ville-du-lion\/chateaux-et-jardins-a-braunschweig\/","name":"Ch\u00e2teaux et jardins \u00e0 Braunschweig - 9 St\u00e4dte in Niedersachsen","isPartOf":{"@id":"https:\/\/9staedte.de\/fr\/#website"},"primaryImageOfPage":{"@id":"https:\/\/9staedte.de\/fr\/braunschweig-la-ville-du-lion\/chateaux-et-jardins-a-braunschweig\/#primaryimage"},"image":{"@id":"https:\/\/9staedte.de\/fr\/braunschweig-la-ville-du-lion\/chateaux-et-jardins-a-braunschweig\/#primaryimage"},"thumbnailUrl":"https:\/\/9staedte.de\/wp-content\/uploads\/2023\/06\/Braunschweig-Residenzschloss-c-BSM-Christian-Bierwagen-1.jpg","datePublished":"2023-11-02T08:50:28+00:00","dateModified":"2023-11-02T16:19:13+00:00","breadcrumb":{"@id":"https:\/\/9staedte.de\/fr\/braunschweig-la-ville-du-lion\/chateaux-et-jardins-a-braunschweig\/#breadcrumb"},"inLanguage":"fr-FR","potentialAction":[{"@type":"ReadAction","target":["https:\/\/9staedte.de\/fr\/braunschweig-la-ville-du-lion\/chateaux-et-jardins-a-braunschweig\/"]}]},{"@type":"ImageObject","inLanguage":"fr-FR","@id":"https:\/\/9staedte.de\/fr\/braunschweig-la-ville-du-lion\/chateaux-et-jardins-a-braunschweig\/#primaryimage","url":"https:\/\/9staedte.de\/wp-content\/uploads\/2023\/06\/Braunschweig-Residenzschloss-c-BSM-Christian-Bierwagen-1.jpg","contentUrl":"https:\/\/9staedte.de\/wp-content\/uploads\/2023\/06\/Braunschweig-Residenzschloss-c-BSM-Christian-Bierwagen-1.jpg","width":1019,"height":562,"caption":"Braunschweig Residenzschloss c) BSM Christian Bierwagen"},{"@type":"BreadcrumbList","@id":"https:\/\/9staedte.de\/fr\/braunschweig-la-ville-du-lion\/chateaux-et-jardins-a-braunschweig\/#breadcrumb","itemListElement":[{"@type":"ListItem","position":1,"name":"Startseite","item":"https:\/\/9staedte.de\/fr\/"},{"@type":"ListItem","position":2,"name":"Braunschweig &#8211; City of Lions","item":"https:\/\/9staedte.de\/fr\/braunschweig-la-ville-du-lion\/"},{"@type":"ListItem","position":3,"name":"Ch\u00e2teaux et jardins \u00e0 Braunschweig"}]},{"@type":"WebSite","@id":"https:\/\/9staedte.de\/fr\/#website","url":"https:\/\/9staedte.de\/fr\/","name":"9 St\u00e4dte in Niedersachsen","description":"","publisher":{"@id":"https:\/\/9staedte.de\/fr\/#organization"},"potentialAction":[{"@type":"SearchAction","target":{"@type":"EntryPoint","urlTemplate":"https:\/\/9staedte.de\/fr\/?s={search_term_string}"},"query-input":{"@type":"PropertyValueSpecification","valueRequired":true,"valueName":"search_term_string"}}],"inLanguage":"fr-FR"},{"@type":"Organization","@id":"https:\/\/9staedte.de\/fr\/#organization","name":"9 St\u00e4dte in Niedersachsen","url":"https:\/\/9staedte.de\/fr\/","logo":{"@type":"ImageObject","inLanguage":"fr-FR","@id":"https:\/\/9staedte.de\/fr\/#\/schema\/logo\/image\/","url":"https:\/\/9staedte.de\/wp-content\/uploads\/2025\/01\/9-neg-deutsch-2-1.png","contentUrl":"https:\/\/9staedte.de\/wp-content\/uploads\/2025\/01\/9-neg-deutsch-2-1.png","width":190,"height":114,"caption":"9 St\u00e4dte in Niedersachsen"},"image":{"@id":"https:\/\/9staedte.de\/fr\/#\/schema\/logo\/image\/"}}]}},"_links":{"self":[{"href":"https:\/\/9staedte.de\/fr\/wp-json\/wp\/v2\/pages\/17720","targetHints":{"allow":["GET"]}}],"collection":[{"href":"https:\/\/9staedte.de\/fr\/wp-json\/wp\/v2\/pages"}],"about":[{"href":"https:\/\/9staedte.de\/fr\/wp-json\/wp\/v2\/types\/page"}],"author":[{"embeddable":true,"href":"https:\/\/9staedte.de\/fr\/wp-json\/wp\/v2\/users\/1"}],"replies":[{"embeddable":true,"href":"https:\/\/9staedte.de\/fr\/wp-json\/wp\/v2\/comments?post=17720"}],"version-history":[{"count":1,"href":"https:\/\/9staedte.de\/fr\/wp-json\/wp\/v2\/pages\/17720\/revisions"}],"predecessor-version":[{"id":19711,"href":"https:\/\/9staedte.de\/fr\/wp-json\/wp\/v2\/pages\/17720\/revisions\/19711"}],"up":[{"embeddable":true,"href":"https:\/\/9staedte.de\/fr\/wp-json\/wp\/v2\/pages\/17595"}],"wp:featuredmedia":[{"embeddable":true,"href":"https:\/\/9staedte.de\/fr\/wp-json\/wp\/v2\/media\/17733"}],"wp:attachment":[{"href":"https:\/\/9staedte.de\/fr\/wp-json\/wp\/v2\/media?parent=17720"}],"wp:term":[{"taxonomy":"category","embeddable":true,"href":"https:\/\/9staedte.de\/fr\/wp-json\/wp\/v2\/categories?post=17720"},{"taxonomy":"post_tag","embeddable":true,"href":"https:\/\/9staedte.de\/fr\/wp-json\/wp\/v2\/tags?post=17720"},{"taxonomy":"ncap_cities_tax","embeddable":true,"href":"https:\/\/9staedte.de\/fr\/wp-json\/wp\/v2\/ncap_cities_tax?post=17720"}],"curies":[{"name":"wp","href":"https:\/\/api.w.org\/{rel}","templated":true}]}}