{"id":17704,"date":"2023-11-02T09:49:59","date_gmt":"2023-11-02T08:49:59","guid":{"rendered":"https:\/\/9staedte.de\/chateaux-et-jardins-de-hildesheim\/"},"modified":"2023-11-02T18:15:49","modified_gmt":"2023-11-02T17:15:49","slug":"chateaux-et-jardins-de-hildesheim","status":"publish","type":"page","link":"https:\/\/9staedte.de\/fr\/hildesheim-ville-classee-au-patrimoine-mondial-de-lunesco\/chateaux-et-jardins-de-hildesheim\/","title":{"rendered":"Ch\u00e2teaux et jardins de Hildesheim"},"content":{"rendered":"\r\n\r\n    <div class=\"filter-posts\">\r\n            <div  id=\"filterContent\">\r\n                                                        \n<div class=\"contentKachel filtr-item\" data-category=\"hildesheim-fr\">\n    <a href=\"https:\/\/9staedte.de\/fr\/parc-ernst-ehrlicher-hildesheim\/\">\n        <div class=\"contentKachel-inner\">\n                            <div class=\"contentKachel-thumbnail\">\n                    <img loading=\"lazy\" decoding=\"async\" width=\"300\" height=\"165\" src=\"https:\/\/9staedte.de\/wp-content\/smush-webp\/2022\/03\/Ehrlicher-Parkc_Hildesheim_Marketing-300x165.jpg.webp\" class=\"objectfitcover withfilters wp-post-image\" alt=\"L\u2019image montre un parc avec beaucoup d\u2019arbres. Au milieu, il y a une petite rivi\u00e8re ou un \u00e9tang. On voit un pont blanc au fond. Les arbres sont verts et donnent de l\u2019ombre. C\u2019est le printemps ou l\u2019\u00e9t\u00e9. Tout semble calme et naturel. Le lieu s\u2019appelle : Ehrlicher Park \u00e0 Hildesheim.\" srcset=\"https:\/\/9staedte.de\/wp-content\/smush-webp\/2022\/03\/Ehrlicher-Parkc_Hildesheim_Marketing-300x165.jpg.webp 300w, https:\/\/9staedte.de\/wp-content\/smush-webp\/2022\/03\/Ehrlicher-Parkc_Hildesheim_Marketing-768x422.jpg.webp 768w, https:\/\/9staedte.de\/wp-content\/smush-webp\/2022\/03\/Ehrlicher-Parkc_Hildesheim_Marketing.jpg.webp 1020w\" sizes=\"auto, (max-width: 300px) 100vw, 300px\" \/>                    <img loading=\"lazy\" decoding=\"async\" width=\"300\" height=\"165\" src=\"https:\/\/9staedte.de\/wp-content\/smush-webp\/2022\/03\/Ehrlicher-Parkc_Hildesheim_Marketing-300x165.jpg.webp\" class=\"objectfitcontain wp-post-image\" alt=\"L\u2019image montre un parc avec beaucoup d\u2019arbres. Au milieu, il y a une petite rivi\u00e8re ou un \u00e9tang. On voit un pont blanc au fond. Les arbres sont verts et donnent de l\u2019ombre. C\u2019est le printemps ou l\u2019\u00e9t\u00e9. Tout semble calme et naturel. Le lieu s\u2019appelle : Ehrlicher Park \u00e0 Hildesheim.\" srcset=\"https:\/\/9staedte.de\/wp-content\/smush-webp\/2022\/03\/Ehrlicher-Parkc_Hildesheim_Marketing-300x165.jpg.webp 300w, https:\/\/9staedte.de\/wp-content\/smush-webp\/2022\/03\/Ehrlicher-Parkc_Hildesheim_Marketing-768x422.jpg.webp 768w, https:\/\/9staedte.de\/wp-content\/smush-webp\/2022\/03\/Ehrlicher-Parkc_Hildesheim_Marketing.jpg.webp 1020w\" sizes=\"auto, (max-width: 300px) 100vw, 300px\" \/>                        <div class=\"thumbnail-label\">\n    <span>Ehrlicher Park Hildesheim c) Hildesheim Marketing GmbH<\/span>\n    <\/div>\n                <\/div>\n                        <div class=\"contentKachel-content\">\n                                    <div class=\"city-tag bg-hildesheim\">\n                        Hildesheim                    <\/div>\n                \n                <div class=\"title\">\n\n                    Parc Ernst Ehrlicher Hildesheim                    \n                <\/div>\n\n                            <\/div>\n\n        <\/div>\n    <\/a>\n<\/div>                                                        \n<div class=\"contentKachel filtr-item\" data-category=\"hildesheim-fr\">\n    <a href=\"https:\/\/9staedte.de\/fr\/domaine-de-marienburg\/\">\n        <div class=\"contentKachel-inner\">\n                            <div class=\"contentKachel-thumbnail\">\n                    <img loading=\"lazy\" decoding=\"async\" width=\"300\" height=\"200\" src=\"https:\/\/9staedte.de\/wp-content\/smush-webp\/2022\/03\/Domaene_Marienburg\u00a9Hildesheim-Marketing-300x200.jpg.webp\" class=\"objectfitcover withfilters wp-post-image\" alt=\"L\u2019image montre un grand vieux ch\u00e2teau. Les b\u00e2timents sont en pierre et en bois. Les toits sont rouges et pointus. Au centre, il y a une porte et une cour int\u00e9rieure. On voit quelques personnes et des voitures. Le ciel est bleu et il fait beau. Le lieu s\u2019appelle : Dom\u00e4ne Marienburg.\" srcset=\"https:\/\/9staedte.de\/wp-content\/smush-webp\/2022\/03\/Domaene_Marienburg\u00a9Hildesheim-Marketing-300x200.jpg.webp 300w, https:\/\/9staedte.de\/wp-content\/smush-webp\/2022\/03\/Domaene_Marienburg\u00a9Hildesheim-Marketing.jpg.webp 580w\" sizes=\"auto, (max-width: 300px) 100vw, 300px\" \/>                    <img loading=\"lazy\" decoding=\"async\" width=\"300\" height=\"200\" src=\"https:\/\/9staedte.de\/wp-content\/smush-webp\/2022\/03\/Domaene_Marienburg\u00a9Hildesheim-Marketing-300x200.jpg.webp\" class=\"objectfitcontain wp-post-image\" alt=\"L\u2019image montre un grand vieux ch\u00e2teau. Les b\u00e2timents sont en pierre et en bois. Les toits sont rouges et pointus. Au centre, il y a une porte et une cour int\u00e9rieure. On voit quelques personnes et des voitures. Le ciel est bleu et il fait beau. Le lieu s\u2019appelle : Dom\u00e4ne Marienburg.\" srcset=\"https:\/\/9staedte.de\/wp-content\/smush-webp\/2022\/03\/Domaene_Marienburg\u00a9Hildesheim-Marketing-300x200.jpg.webp 300w, https:\/\/9staedte.de\/wp-content\/smush-webp\/2022\/03\/Domaene_Marienburg\u00a9Hildesheim-Marketing.jpg.webp 580w\" sizes=\"auto, (max-width: 300px) 100vw, 300px\" \/>                        <div class=\"thumbnail-label\">\n    <span>Dom\u00e4ne Marienburg c) Hildesheim Marketing<\/span>\n    <\/div>\n                <\/div>\n                        <div class=\"contentKachel-content\">\n                                    <div class=\"city-tag bg-hildesheim\">\n                        Hildesheim                    <\/div>\n                \n                <div class=\"title\">\n\n                    Domaine de Marienburg                    \n                <\/div>\n\n                            <\/div>\n\n        <\/div>\n    <\/a>\n<\/div>                                                        \n<div class=\"contentKachel filtr-item\" data-category=\"hildesheim-fr\">\n    <a href=\"https:\/\/9staedte.de\/fr\/visitez-les-chateaux-et-les-jardins-de-la-region-de-hildesheim\/\">\n        <div class=\"contentKachel-inner\">\n                            <div class=\"contentKachel-thumbnail\">\n                    <img loading=\"lazy\" decoding=\"async\" width=\"300\" height=\"163\" src=\"https:\/\/9staedte.de\/wp-content\/smush-webp\/2022\/03\/Schloss-Marienburg-c-HMTG-Michael-Abid-300x163.jpg.webp\" class=\"objectfitcover withfilters wp-post-image\" alt=\"Sur la photo, on voit un ch\u00e2teau sur une colline. Il s\u2019appelle Ch\u00e2teau de Marienburg. Il est entour\u00e9 d\u2019une for\u00eat. \u00c0 droite, il y a une rivi\u00e8re calme. C\u2019est le matin ou le soir. Le ciel est orange et plein de brouillard. C\u2019est tr\u00e8s beau.\" srcset=\"https:\/\/9staedte.de\/wp-content\/smush-webp\/2022\/03\/Schloss-Marienburg-c-HMTG-Michael-Abid-300x163.jpg.webp 300w, https:\/\/9staedte.de\/wp-content\/smush-webp\/2022\/03\/Schloss-Marienburg-c-HMTG-Michael-Abid-768x418.jpg.webp 768w, https:\/\/9staedte.de\/wp-content\/smush-webp\/2022\/03\/Schloss-Marienburg-c-HMTG-Michael-Abid.jpg.webp 1019w\" sizes=\"auto, (max-width: 300px) 100vw, 300px\" \/>                    <img loading=\"lazy\" decoding=\"async\" width=\"300\" height=\"163\" src=\"https:\/\/9staedte.de\/wp-content\/smush-webp\/2022\/03\/Schloss-Marienburg-c-HMTG-Michael-Abid-300x163.jpg.webp\" class=\"objectfitcontain wp-post-image\" alt=\"Sur la photo, on voit un ch\u00e2teau sur une colline. Il s\u2019appelle Ch\u00e2teau de Marienburg. Il est entour\u00e9 d\u2019une for\u00eat. \u00c0 droite, il y a une rivi\u00e8re calme. C\u2019est le matin ou le soir. Le ciel est orange et plein de brouillard. C\u2019est tr\u00e8s beau.\" srcset=\"https:\/\/9staedte.de\/wp-content\/smush-webp\/2022\/03\/Schloss-Marienburg-c-HMTG-Michael-Abid-300x163.jpg.webp 300w, https:\/\/9staedte.de\/wp-content\/smush-webp\/2022\/03\/Schloss-Marienburg-c-HMTG-Michael-Abid-768x418.jpg.webp 768w, https:\/\/9staedte.de\/wp-content\/smush-webp\/2022\/03\/Schloss-Marienburg-c-HMTG-Michael-Abid.jpg.webp 1019w\" sizes=\"auto, (max-width: 300px) 100vw, 300px\" \/>                        <div class=\"thumbnail-label\">\n    <span>Schloss Marienburg c) HMTG Michael Abid<\/span>\n    <\/div>\n                <\/div>\n                        <div class=\"contentKachel-content\">\n                                    <div class=\"city-tag bg-hildesheim\">\n                        Hildesheim                    <\/div>\n                \n                <div class=\"title\">\n\n                    Visitez les ch\u00e2teaux et les jardins de la r\u00e9gion de Hildesheim                    \n                <\/div>\n\n                            <\/div>\n\n        <\/div>\n    <\/a>\n<\/div>                                                        \n<div class=\"contentKachel filtr-item\" data-category=\"hildesheim-fr\">\n    <a href=\"https:\/\/9staedte.de\/fr\/magdalenengarten-hildesheim-admirez-la-splendeur-des-roses\/\">\n        <div class=\"contentKachel-inner\">\n                            <div class=\"contentKachel-thumbnail\">\n                    <img loading=\"lazy\" decoding=\"async\" width=\"300\" height=\"165\" src=\"https:\/\/9staedte.de\/wp-content\/smush-webp\/2022\/03\/Magdalenengarten-Hildesheim-c-Hildesheim-Marketing-300x165.jpg.webp\" class=\"objectfitcover withfilters wp-post-image\" alt=\"L\u2019image montre un jardin color\u00e9 en \u00e9t\u00e9. Il y a de grands arcs avec des roses roses. Les roses sont bien fleuries. De la lavande pousse le long du chemin. Au fond, on voit un pavillon. Le ciel est bleu avec quelques nuages. Le jardin s\u2019appelle : Magdalenengarten \u00e0 Hildesheim.\" srcset=\"https:\/\/9staedte.de\/wp-content\/smush-webp\/2022\/03\/Magdalenengarten-Hildesheim-c-Hildesheim-Marketing-300x165.jpg.webp 300w, https:\/\/9staedte.de\/wp-content\/smush-webp\/2022\/03\/Magdalenengarten-Hildesheim-c-Hildesheim-Marketing-768x422.jpg.webp 768w, https:\/\/9staedte.de\/wp-content\/smush-webp\/2022\/03\/Magdalenengarten-Hildesheim-c-Hildesheim-Marketing.jpg.webp 1020w\" sizes=\"auto, (max-width: 300px) 100vw, 300px\" \/>                    <img loading=\"lazy\" decoding=\"async\" width=\"300\" height=\"165\" src=\"https:\/\/9staedte.de\/wp-content\/smush-webp\/2022\/03\/Magdalenengarten-Hildesheim-c-Hildesheim-Marketing-300x165.jpg.webp\" class=\"objectfitcontain wp-post-image\" alt=\"L\u2019image montre un jardin color\u00e9 en \u00e9t\u00e9. Il y a de grands arcs avec des roses roses. Les roses sont bien fleuries. De la lavande pousse le long du chemin. Au fond, on voit un pavillon. Le ciel est bleu avec quelques nuages. Le jardin s\u2019appelle : Magdalenengarten \u00e0 Hildesheim.\" srcset=\"https:\/\/9staedte.de\/wp-content\/smush-webp\/2022\/03\/Magdalenengarten-Hildesheim-c-Hildesheim-Marketing-300x165.jpg.webp 300w, https:\/\/9staedte.de\/wp-content\/smush-webp\/2022\/03\/Magdalenengarten-Hildesheim-c-Hildesheim-Marketing-768x422.jpg.webp 768w, https:\/\/9staedte.de\/wp-content\/smush-webp\/2022\/03\/Magdalenengarten-Hildesheim-c-Hildesheim-Marketing.jpg.webp 1020w\" sizes=\"auto, (max-width: 300px) 100vw, 300px\" \/>                        <div class=\"thumbnail-label\">\n    <span>Rosenpracht im Magdalenengarten Hildesheim c) Hildesheim Marketing<\/span>\n    <\/div>\n                <\/div>\n                        <div class=\"contentKachel-content\">\n                                    <div class=\"city-tag bg-hildesheim\">\n                        Hildesheim                    <\/div>\n                \n                <div class=\"title\">\n\n                    Magdalenengarten Hildesheim &#8211; Admirez la splendeur des roses                    \n                <\/div>\n\n                            <\/div>\n\n        <\/div>\n    <\/a>\n<\/div>                                            <\/div>\r\n    <\/div>\r\n","protected":false},"excerpt":{"rendered":"","protected":false},"author":1,"featured_media":17705,"parent":17998,"menu_order":0,"comment_status":"closed","ping_status":"closed","template":"pagetemplates\/template-stadtthema.php","meta":{"_acf_changed":false,"footnotes":""},"categories":[],"tags":[],"ncap_cities_tax":[464,744],"class_list":["post-17704","page","type-page","status-publish","has-post-thumbnail","hentry","ncap_cities_tax-hildesheim-fr","ncap_cities_tax-schlosser-und-garten-hildesheim-fr"],"acf":[],"yoast_head":"<!-- This site is optimized with the Yoast SEO plugin v26.8 - https:\/\/yoast.com\/product\/yoast-seo-wordpress\/ -->\n<title>Ch\u00e2teaux et jardins de Hildesheim - 9 St\u00e4dte in Niedersachsen<\/title>\n<meta name=\"robots\" content=\"index, follow, max-snippet:-1, max-image-preview:large, max-video-preview:-1\" \/>\n<link rel=\"canonical\" href=\"https:\/\/9staedte.de\/fr\/hildesheim-ville-classee-au-patrimoine-mondial-de-lunesco\/chateaux-et-jardins-de-hildesheim\/\" \/>\n<meta property=\"og:locale\" content=\"fr_FR\" \/>\n<meta property=\"og:type\" content=\"article\" \/>\n<meta property=\"og:title\" content=\"Ch\u00e2teaux et jardins de Hildesheim - 9 St\u00e4dte in Niedersachsen\" \/>\n<meta property=\"og:url\" content=\"https:\/\/9staedte.de\/fr\/hildesheim-ville-classee-au-patrimoine-mondial-de-lunesco\/chateaux-et-jardins-de-hildesheim\/\" \/>\n<meta property=\"og:site_name\" content=\"9 St\u00e4dte in Niedersachsen\" \/>\n<meta property=\"article:modified_time\" content=\"2023-11-02T17:15:49+00:00\" \/>\n<meta property=\"og:image\" content=\"https:\/\/9staedte.de\/wp-content\/uploads\/2023\/06\/Magdalenengarten-\u00a9-Hildesheim-Marketing-GmbH-Foto-Dagmar-Schwelle.jpg\" \/>\n\t<meta property=\"og:image:width\" content=\"1020\" \/>\n\t<meta property=\"og:image:height\" content=\"560\" \/>\n\t<meta property=\"og:image:type\" content=\"image\/jpeg\" \/>\n<meta name=\"twitter:card\" content=\"summary_large_image\" \/>\n<script type=\"application\/ld+json\" class=\"yoast-schema-graph\">{\"@context\":\"https:\/\/schema.org\",\"@graph\":[{\"@type\":\"WebPage\",\"@id\":\"https:\/\/9staedte.de\/fr\/hildesheim-ville-classee-au-patrimoine-mondial-de-lunesco\/chateaux-et-jardins-de-hildesheim\/\",\"url\":\"https:\/\/9staedte.de\/fr\/hildesheim-ville-classee-au-patrimoine-mondial-de-lunesco\/chateaux-et-jardins-de-hildesheim\/\",\"name\":\"Ch\u00e2teaux et jardins de Hildesheim - 9 St\u00e4dte in Niedersachsen\",\"isPartOf\":{\"@id\":\"https:\/\/9staedte.de\/fr\/#website\"},\"primaryImageOfPage\":{\"@id\":\"https:\/\/9staedte.de\/fr\/hildesheim-ville-classee-au-patrimoine-mondial-de-lunesco\/chateaux-et-jardins-de-hildesheim\/#primaryimage\"},\"image\":{\"@id\":\"https:\/\/9staedte.de\/fr\/hildesheim-ville-classee-au-patrimoine-mondial-de-lunesco\/chateaux-et-jardins-de-hildesheim\/#primaryimage\"},\"thumbnailUrl\":\"https:\/\/9staedte.de\/wp-content\/uploads\/2023\/06\/Magdalenengarten-\u00a9-Hildesheim-Marketing-GmbH-Foto-Dagmar-Schwelle.jpg\",\"datePublished\":\"2023-11-02T08:49:59+00:00\",\"dateModified\":\"2023-11-02T17:15:49+00:00\",\"breadcrumb\":{\"@id\":\"https:\/\/9staedte.de\/fr\/hildesheim-ville-classee-au-patrimoine-mondial-de-lunesco\/chateaux-et-jardins-de-hildesheim\/#breadcrumb\"},\"inLanguage\":\"fr-FR\",\"potentialAction\":[{\"@type\":\"ReadAction\",\"target\":[\"https:\/\/9staedte.de\/fr\/hildesheim-ville-classee-au-patrimoine-mondial-de-lunesco\/chateaux-et-jardins-de-hildesheim\/\"]}]},{\"@type\":\"ImageObject\",\"inLanguage\":\"fr-FR\",\"@id\":\"https:\/\/9staedte.de\/fr\/hildesheim-ville-classee-au-patrimoine-mondial-de-lunesco\/chateaux-et-jardins-de-hildesheim\/#primaryimage\",\"url\":\"https:\/\/9staedte.de\/wp-content\/uploads\/2023\/06\/Magdalenengarten-\u00a9-Hildesheim-Marketing-GmbH-Foto-Dagmar-Schwelle.jpg\",\"contentUrl\":\"https:\/\/9staedte.de\/wp-content\/uploads\/2023\/06\/Magdalenengarten-\u00a9-Hildesheim-Marketing-GmbH-Foto-Dagmar-Schwelle.jpg\",\"width\":1020,\"height\":560,\"caption\":\"Hildesheim Magdalenengarten \u00a9 Hildesheim Marketing GmbH, Foto Dagmar Schwelle\"},{\"@type\":\"BreadcrumbList\",\"@id\":\"https:\/\/9staedte.de\/fr\/hildesheim-ville-classee-au-patrimoine-mondial-de-lunesco\/chateaux-et-jardins-de-hildesheim\/#breadcrumb\",\"itemListElement\":[{\"@type\":\"ListItem\",\"position\":1,\"name\":\"Startseite\",\"item\":\"https:\/\/9staedte.de\/fr\/\"},{\"@type\":\"ListItem\",\"position\":2,\"name\":\"Hildesheim &#8211; ville class\u00e9e au patrimoine mondial de l&#8217;UNESCO\",\"item\":\"https:\/\/9staedte.de\/fr\/hildesheim-ville-classee-au-patrimoine-mondial-de-lunesco\/\"},{\"@type\":\"ListItem\",\"position\":3,\"name\":\"Ch\u00e2teaux et jardins de Hildesheim\"}]},{\"@type\":\"WebSite\",\"@id\":\"https:\/\/9staedte.de\/fr\/#website\",\"url\":\"https:\/\/9staedte.de\/fr\/\",\"name\":\"9 St\u00e4dte in Niedersachsen\",\"description\":\"\",\"publisher\":{\"@id\":\"https:\/\/9staedte.de\/fr\/#organization\"},\"potentialAction\":[{\"@type\":\"SearchAction\",\"target\":{\"@type\":\"EntryPoint\",\"urlTemplate\":\"https:\/\/9staedte.de\/fr\/?s={search_term_string}\"},\"query-input\":{\"@type\":\"PropertyValueSpecification\",\"valueRequired\":true,\"valueName\":\"search_term_string\"}}],\"inLanguage\":\"fr-FR\"},{\"@type\":\"Organization\",\"@id\":\"https:\/\/9staedte.de\/fr\/#organization\",\"name\":\"9 St\u00e4dte in Niedersachsen\",\"url\":\"https:\/\/9staedte.de\/fr\/\",\"logo\":{\"@type\":\"ImageObject\",\"inLanguage\":\"fr-FR\",\"@id\":\"https:\/\/9staedte.de\/fr\/#\/schema\/logo\/image\/\",\"url\":\"https:\/\/9staedte.de\/wp-content\/uploads\/2025\/01\/9-neg-deutsch-2-1.png\",\"contentUrl\":\"https:\/\/9staedte.de\/wp-content\/uploads\/2025\/01\/9-neg-deutsch-2-1.png\",\"width\":190,\"height\":114,\"caption\":\"9 St\u00e4dte in Niedersachsen\"},\"image\":{\"@id\":\"https:\/\/9staedte.de\/fr\/#\/schema\/logo\/image\/\"}}]}<\/script>\n<!-- \/ Yoast SEO plugin. -->","yoast_head_json":{"title":"Ch\u00e2teaux et jardins de Hildesheim - 9 St\u00e4dte in Niedersachsen","robots":{"index":"index","follow":"follow","max-snippet":"max-snippet:-1","max-image-preview":"max-image-preview:large","max-video-preview":"max-video-preview:-1"},"canonical":"https:\/\/9staedte.de\/fr\/hildesheim-ville-classee-au-patrimoine-mondial-de-lunesco\/chateaux-et-jardins-de-hildesheim\/","og_locale":"fr_FR","og_type":"article","og_title":"Ch\u00e2teaux et jardins de Hildesheim - 9 St\u00e4dte in Niedersachsen","og_url":"https:\/\/9staedte.de\/fr\/hildesheim-ville-classee-au-patrimoine-mondial-de-lunesco\/chateaux-et-jardins-de-hildesheim\/","og_site_name":"9 St\u00e4dte in Niedersachsen","article_modified_time":"2023-11-02T17:15:49+00:00","og_image":[{"width":1020,"height":560,"url":"https:\/\/9staedte.de\/wp-content\/uploads\/2023\/06\/Magdalenengarten-\u00a9-Hildesheim-Marketing-GmbH-Foto-Dagmar-Schwelle.jpg","type":"image\/jpeg"}],"twitter_card":"summary_large_image","schema":{"@context":"https:\/\/schema.org","@graph":[{"@type":"WebPage","@id":"https:\/\/9staedte.de\/fr\/hildesheim-ville-classee-au-patrimoine-mondial-de-lunesco\/chateaux-et-jardins-de-hildesheim\/","url":"https:\/\/9staedte.de\/fr\/hildesheim-ville-classee-au-patrimoine-mondial-de-lunesco\/chateaux-et-jardins-de-hildesheim\/","name":"Ch\u00e2teaux et jardins de Hildesheim - 9 St\u00e4dte in Niedersachsen","isPartOf":{"@id":"https:\/\/9staedte.de\/fr\/#website"},"primaryImageOfPage":{"@id":"https:\/\/9staedte.de\/fr\/hildesheim-ville-classee-au-patrimoine-mondial-de-lunesco\/chateaux-et-jardins-de-hildesheim\/#primaryimage"},"image":{"@id":"https:\/\/9staedte.de\/fr\/hildesheim-ville-classee-au-patrimoine-mondial-de-lunesco\/chateaux-et-jardins-de-hildesheim\/#primaryimage"},"thumbnailUrl":"https:\/\/9staedte.de\/wp-content\/uploads\/2023\/06\/Magdalenengarten-\u00a9-Hildesheim-Marketing-GmbH-Foto-Dagmar-Schwelle.jpg","datePublished":"2023-11-02T08:49:59+00:00","dateModified":"2023-11-02T17:15:49+00:00","breadcrumb":{"@id":"https:\/\/9staedte.de\/fr\/hildesheim-ville-classee-au-patrimoine-mondial-de-lunesco\/chateaux-et-jardins-de-hildesheim\/#breadcrumb"},"inLanguage":"fr-FR","potentialAction":[{"@type":"ReadAction","target":["https:\/\/9staedte.de\/fr\/hildesheim-ville-classee-au-patrimoine-mondial-de-lunesco\/chateaux-et-jardins-de-hildesheim\/"]}]},{"@type":"ImageObject","inLanguage":"fr-FR","@id":"https:\/\/9staedte.de\/fr\/hildesheim-ville-classee-au-patrimoine-mondial-de-lunesco\/chateaux-et-jardins-de-hildesheim\/#primaryimage","url":"https:\/\/9staedte.de\/wp-content\/uploads\/2023\/06\/Magdalenengarten-\u00a9-Hildesheim-Marketing-GmbH-Foto-Dagmar-Schwelle.jpg","contentUrl":"https:\/\/9staedte.de\/wp-content\/uploads\/2023\/06\/Magdalenengarten-\u00a9-Hildesheim-Marketing-GmbH-Foto-Dagmar-Schwelle.jpg","width":1020,"height":560,"caption":"Hildesheim Magdalenengarten \u00a9 Hildesheim Marketing GmbH, Foto Dagmar Schwelle"},{"@type":"BreadcrumbList","@id":"https:\/\/9staedte.de\/fr\/hildesheim-ville-classee-au-patrimoine-mondial-de-lunesco\/chateaux-et-jardins-de-hildesheim\/#breadcrumb","itemListElement":[{"@type":"ListItem","position":1,"name":"Startseite","item":"https:\/\/9staedte.de\/fr\/"},{"@type":"ListItem","position":2,"name":"Hildesheim &#8211; ville class\u00e9e au patrimoine mondial de l&#8217;UNESCO","item":"https:\/\/9staedte.de\/fr\/hildesheim-ville-classee-au-patrimoine-mondial-de-lunesco\/"},{"@type":"ListItem","position":3,"name":"Ch\u00e2teaux et jardins de Hildesheim"}]},{"@type":"WebSite","@id":"https:\/\/9staedte.de\/fr\/#website","url":"https:\/\/9staedte.de\/fr\/","name":"9 St\u00e4dte in Niedersachsen","description":"","publisher":{"@id":"https:\/\/9staedte.de\/fr\/#organization"},"potentialAction":[{"@type":"SearchAction","target":{"@type":"EntryPoint","urlTemplate":"https:\/\/9staedte.de\/fr\/?s={search_term_string}"},"query-input":{"@type":"PropertyValueSpecification","valueRequired":true,"valueName":"search_term_string"}}],"inLanguage":"fr-FR"},{"@type":"Organization","@id":"https:\/\/9staedte.de\/fr\/#organization","name":"9 St\u00e4dte in Niedersachsen","url":"https:\/\/9staedte.de\/fr\/","logo":{"@type":"ImageObject","inLanguage":"fr-FR","@id":"https:\/\/9staedte.de\/fr\/#\/schema\/logo\/image\/","url":"https:\/\/9staedte.de\/wp-content\/uploads\/2025\/01\/9-neg-deutsch-2-1.png","contentUrl":"https:\/\/9staedte.de\/wp-content\/uploads\/2025\/01\/9-neg-deutsch-2-1.png","width":190,"height":114,"caption":"9 St\u00e4dte in Niedersachsen"},"image":{"@id":"https:\/\/9staedte.de\/fr\/#\/schema\/logo\/image\/"}}]}},"_links":{"self":[{"href":"https:\/\/9staedte.de\/fr\/wp-json\/wp\/v2\/pages\/17704","targetHints":{"allow":["GET"]}}],"collection":[{"href":"https:\/\/9staedte.de\/fr\/wp-json\/wp\/v2\/pages"}],"about":[{"href":"https:\/\/9staedte.de\/fr\/wp-json\/wp\/v2\/types\/page"}],"author":[{"embeddable":true,"href":"https:\/\/9staedte.de\/fr\/wp-json\/wp\/v2\/users\/1"}],"replies":[{"embeddable":true,"href":"https:\/\/9staedte.de\/fr\/wp-json\/wp\/v2\/comments?post=17704"}],"version-history":[{"count":1,"href":"https:\/\/9staedte.de\/fr\/wp-json\/wp\/v2\/pages\/17704\/revisions"}],"predecessor-version":[{"id":19963,"href":"https:\/\/9staedte.de\/fr\/wp-json\/wp\/v2\/pages\/17704\/revisions\/19963"}],"up":[{"embeddable":true,"href":"https:\/\/9staedte.de\/fr\/wp-json\/wp\/v2\/pages\/17998"}],"wp:featuredmedia":[{"embeddable":true,"href":"https:\/\/9staedte.de\/fr\/wp-json\/wp\/v2\/media\/17705"}],"wp:attachment":[{"href":"https:\/\/9staedte.de\/fr\/wp-json\/wp\/v2\/media?parent=17704"}],"wp:term":[{"taxonomy":"category","embeddable":true,"href":"https:\/\/9staedte.de\/fr\/wp-json\/wp\/v2\/categories?post=17704"},{"taxonomy":"post_tag","embeddable":true,"href":"https:\/\/9staedte.de\/fr\/wp-json\/wp\/v2\/tags?post=17704"},{"taxonomy":"ncap_cities_tax","embeddable":true,"href":"https:\/\/9staedte.de\/fr\/wp-json\/wp\/v2\/ncap_cities_tax?post=17704"}],"curies":[{"name":"wp","href":"https:\/\/api.w.org\/{rel}","templated":true}]}}