{"id":17697,"date":"2023-11-02T09:49:56","date_gmt":"2023-11-02T08:49:56","guid":{"rendered":"https:\/\/9staedte.de\/chateaux-et-jardins-a-goslar\/"},"modified":"2023-11-02T17:54:02","modified_gmt":"2023-11-02T16:54:02","slug":"chateaux-et-jardins-a-goslar","status":"publish","type":"page","link":"https:\/\/9staedte.de\/fr\/goslar-patrimoine-culturel-mondial-dans-le-harz\/chateaux-et-jardins-a-goslar\/","title":{"rendered":"Ch\u00e2teaux et jardins \u00e0 Goslar"},"content":{"rendered":"\r\n\r\n    <div class=\"filter-posts\">\r\n            <div  id=\"filterContent\">\r\n                                                        \n<div class=\"contentKachel filtr-item\" data-category=\"goslar-fr\">\n    <a href=\"https:\/\/9staedte.de\/fr\/une-visite-au-jardin-romain-de-goslar-vaut-la-peine\/\">\n        <div class=\"contentKachel-inner\">\n                            <div class=\"contentKachel-thumbnail\">\n                    <img decoding=\"async\" src=\"\/wp-content\/themes\/nine-cities\/site\/img\/Placeholder.png\" alt=\"Placeholder\">\n                <\/div>\n                        <div class=\"contentKachel-content\">\n                                    <div class=\"city-tag bg-goslar\">\n                        Goslar                    <\/div>\n                \n                <div class=\"title\">\n\n                    Une visite au jardin romain de Goslar vaut la peine                    \n                <\/div>\n\n                            <\/div>\n\n        <\/div>\n    <\/a>\n<\/div>                                            <\/div>\r\n    <\/div>\r\n","protected":false},"excerpt":{"rendered":"","protected":false},"author":1,"featured_media":17243,"parent":17930,"menu_order":0,"comment_status":"closed","ping_status":"closed","template":"pagetemplates\/template-stadtthema.php","meta":{"_acf_changed":false,"footnotes":""},"categories":[],"tags":[],"ncap_cities_tax":[444,725],"class_list":["post-17697","page","type-page","status-publish","has-post-thumbnail","hentry","ncap_cities_tax-goslar-fr","ncap_cities_tax-schlosser-und-garten-goslar-fr"],"acf":[],"yoast_head":"<!-- This site is optimized with the Yoast SEO plugin v27.4 - https:\/\/yoast.com\/product\/yoast-seo-wordpress\/ -->\n<title>Ch\u00e2teaux et jardins \u00e0 Goslar - 9 St\u00e4dte in Niedersachsen<\/title>\n<meta name=\"robots\" content=\"index, follow, max-snippet:-1, max-image-preview:large, max-video-preview:-1\" \/>\n<link rel=\"canonical\" href=\"https:\/\/9staedte.de\/fr\/goslar-patrimoine-culturel-mondial-dans-le-harz\/chateaux-et-jardins-a-goslar\/\" \/>\n<meta property=\"og:locale\" content=\"fr_FR\" \/>\n<meta property=\"og:type\" content=\"article\" \/>\n<meta property=\"og:title\" content=\"Ch\u00e2teaux et jardins \u00e0 Goslar - 9 St\u00e4dte in Niedersachsen\" \/>\n<meta property=\"og:url\" content=\"https:\/\/9staedte.de\/fr\/goslar-patrimoine-culturel-mondial-dans-le-harz\/chateaux-et-jardins-a-goslar\/\" \/>\n<meta property=\"og:site_name\" content=\"9 St\u00e4dte in Niedersachsen\" \/>\n<meta property=\"article:modified_time\" content=\"2023-11-02T16:54:02+00:00\" \/>\n<meta property=\"og:image\" content=\"https:\/\/9staedte.de\/wp-content\/uploads\/2023\/02\/Goslar-Kaiserpfalz-c-GOSLAR-marketing-gmbh-Fotograf-Stefan-Schiefer.jpg\" \/>\n\t<meta property=\"og:image:width\" content=\"1020\" \/>\n\t<meta property=\"og:image:height\" content=\"559\" \/>\n\t<meta property=\"og:image:type\" content=\"image\/jpeg\" \/>\n<meta name=\"twitter:card\" content=\"summary_large_image\" \/>\n<script type=\"application\/ld+json\" class=\"yoast-schema-graph\">{\"@context\":\"https:\\\/\\\/schema.org\",\"@graph\":[{\"@type\":\"WebPage\",\"@id\":\"https:\\\/\\\/9staedte.de\\\/fr\\\/goslar-patrimoine-culturel-mondial-dans-le-harz\\\/chateaux-et-jardins-a-goslar\\\/\",\"url\":\"https:\\\/\\\/9staedte.de\\\/fr\\\/goslar-patrimoine-culturel-mondial-dans-le-harz\\\/chateaux-et-jardins-a-goslar\\\/\",\"name\":\"Ch\u00e2teaux et jardins \u00e0 Goslar - 9 St\u00e4dte in Niedersachsen\",\"isPartOf\":{\"@id\":\"https:\\\/\\\/9staedte.de\\\/fr\\\/#website\"},\"primaryImageOfPage\":{\"@id\":\"https:\\\/\\\/9staedte.de\\\/fr\\\/goslar-patrimoine-culturel-mondial-dans-le-harz\\\/chateaux-et-jardins-a-goslar\\\/#primaryimage\"},\"image\":{\"@id\":\"https:\\\/\\\/9staedte.de\\\/fr\\\/goslar-patrimoine-culturel-mondial-dans-le-harz\\\/chateaux-et-jardins-a-goslar\\\/#primaryimage\"},\"thumbnailUrl\":\"https:\\\/\\\/9staedte.de\\\/wp-content\\\/uploads\\\/2023\\\/02\\\/Goslar-Kaiserpfalz-c-GOSLAR-marketing-gmbh-Fotograf-Stefan-Schiefer.jpg\",\"datePublished\":\"2023-11-02T08:49:56+00:00\",\"dateModified\":\"2023-11-02T16:54:02+00:00\",\"breadcrumb\":{\"@id\":\"https:\\\/\\\/9staedte.de\\\/fr\\\/goslar-patrimoine-culturel-mondial-dans-le-harz\\\/chateaux-et-jardins-a-goslar\\\/#breadcrumb\"},\"inLanguage\":\"fr-FR\",\"potentialAction\":[{\"@type\":\"ReadAction\",\"target\":[\"https:\\\/\\\/9staedte.de\\\/fr\\\/goslar-patrimoine-culturel-mondial-dans-le-harz\\\/chateaux-et-jardins-a-goslar\\\/\"]}]},{\"@type\":\"ImageObject\",\"inLanguage\":\"fr-FR\",\"@id\":\"https:\\\/\\\/9staedte.de\\\/fr\\\/goslar-patrimoine-culturel-mondial-dans-le-harz\\\/chateaux-et-jardins-a-goslar\\\/#primaryimage\",\"url\":\"https:\\\/\\\/9staedte.de\\\/wp-content\\\/uploads\\\/2023\\\/02\\\/Goslar-Kaiserpfalz-c-GOSLAR-marketing-gmbh-Fotograf-Stefan-Schiefer.jpg\",\"contentUrl\":\"https:\\\/\\\/9staedte.de\\\/wp-content\\\/uploads\\\/2023\\\/02\\\/Goslar-Kaiserpfalz-c-GOSLAR-marketing-gmbh-Fotograf-Stefan-Schiefer.jpg\",\"width\":1020,\"height\":559,\"caption\":\"Goslar Kaiserpfalz c) GOSLAR marketing gmbh Fotograf Stefan Schiefer\"},{\"@type\":\"BreadcrumbList\",\"@id\":\"https:\\\/\\\/9staedte.de\\\/fr\\\/goslar-patrimoine-culturel-mondial-dans-le-harz\\\/chateaux-et-jardins-a-goslar\\\/#breadcrumb\",\"itemListElement\":[{\"@type\":\"ListItem\",\"position\":1,\"name\":\"Startseite\",\"item\":\"https:\\\/\\\/9staedte.de\\\/fr\\\/\"},{\"@type\":\"ListItem\",\"position\":2,\"name\":\"Goslar &#8211; Patrimoine culturel mondial dans le Harz\",\"item\":\"https:\\\/\\\/9staedte.de\\\/fr\\\/goslar-patrimoine-culturel-mondial-dans-le-harz\\\/\"},{\"@type\":\"ListItem\",\"position\":3,\"name\":\"Ch\u00e2teaux et jardins \u00e0 Goslar\"}]},{\"@type\":\"WebSite\",\"@id\":\"https:\\\/\\\/9staedte.de\\\/fr\\\/#website\",\"url\":\"https:\\\/\\\/9staedte.de\\\/fr\\\/\",\"name\":\"9 St\u00e4dte in Niedersachsen\",\"description\":\"\",\"publisher\":{\"@id\":\"https:\\\/\\\/9staedte.de\\\/fr\\\/#organization\"},\"potentialAction\":[{\"@type\":\"SearchAction\",\"target\":{\"@type\":\"EntryPoint\",\"urlTemplate\":\"https:\\\/\\\/9staedte.de\\\/fr\\\/?s={search_term_string}\"},\"query-input\":{\"@type\":\"PropertyValueSpecification\",\"valueRequired\":true,\"valueName\":\"search_term_string\"}}],\"inLanguage\":\"fr-FR\"},{\"@type\":\"Organization\",\"@id\":\"https:\\\/\\\/9staedte.de\\\/fr\\\/#organization\",\"name\":\"9 St\u00e4dte in Niedersachsen\",\"url\":\"https:\\\/\\\/9staedte.de\\\/fr\\\/\",\"logo\":{\"@type\":\"ImageObject\",\"inLanguage\":\"fr-FR\",\"@id\":\"https:\\\/\\\/9staedte.de\\\/fr\\\/#\\\/schema\\\/logo\\\/image\\\/\",\"url\":\"https:\\\/\\\/9staedte.de\\\/wp-content\\\/uploads\\\/2025\\\/01\\\/9-neg-deutsch-2-1.png\",\"contentUrl\":\"https:\\\/\\\/9staedte.de\\\/wp-content\\\/uploads\\\/2025\\\/01\\\/9-neg-deutsch-2-1.png\",\"width\":190,\"height\":114,\"caption\":\"9 St\u00e4dte in Niedersachsen\"},\"image\":{\"@id\":\"https:\\\/\\\/9staedte.de\\\/fr\\\/#\\\/schema\\\/logo\\\/image\\\/\"}}]}<\/script>\n<!-- \/ Yoast SEO plugin. -->","yoast_head_json":{"title":"Ch\u00e2teaux et jardins \u00e0 Goslar - 9 St\u00e4dte in Niedersachsen","robots":{"index":"index","follow":"follow","max-snippet":"max-snippet:-1","max-image-preview":"max-image-preview:large","max-video-preview":"max-video-preview:-1"},"canonical":"https:\/\/9staedte.de\/fr\/goslar-patrimoine-culturel-mondial-dans-le-harz\/chateaux-et-jardins-a-goslar\/","og_locale":"fr_FR","og_type":"article","og_title":"Ch\u00e2teaux et jardins \u00e0 Goslar - 9 St\u00e4dte in Niedersachsen","og_url":"https:\/\/9staedte.de\/fr\/goslar-patrimoine-culturel-mondial-dans-le-harz\/chateaux-et-jardins-a-goslar\/","og_site_name":"9 St\u00e4dte in Niedersachsen","article_modified_time":"2023-11-02T16:54:02+00:00","og_image":[{"width":1020,"height":559,"url":"https:\/\/9staedte.de\/wp-content\/uploads\/2023\/02\/Goslar-Kaiserpfalz-c-GOSLAR-marketing-gmbh-Fotograf-Stefan-Schiefer.jpg","type":"image\/jpeg"}],"twitter_card":"summary_large_image","schema":{"@context":"https:\/\/schema.org","@graph":[{"@type":"WebPage","@id":"https:\/\/9staedte.de\/fr\/goslar-patrimoine-culturel-mondial-dans-le-harz\/chateaux-et-jardins-a-goslar\/","url":"https:\/\/9staedte.de\/fr\/goslar-patrimoine-culturel-mondial-dans-le-harz\/chateaux-et-jardins-a-goslar\/","name":"Ch\u00e2teaux et jardins \u00e0 Goslar - 9 St\u00e4dte in Niedersachsen","isPartOf":{"@id":"https:\/\/9staedte.de\/fr\/#website"},"primaryImageOfPage":{"@id":"https:\/\/9staedte.de\/fr\/goslar-patrimoine-culturel-mondial-dans-le-harz\/chateaux-et-jardins-a-goslar\/#primaryimage"},"image":{"@id":"https:\/\/9staedte.de\/fr\/goslar-patrimoine-culturel-mondial-dans-le-harz\/chateaux-et-jardins-a-goslar\/#primaryimage"},"thumbnailUrl":"https:\/\/9staedte.de\/wp-content\/uploads\/2023\/02\/Goslar-Kaiserpfalz-c-GOSLAR-marketing-gmbh-Fotograf-Stefan-Schiefer.jpg","datePublished":"2023-11-02T08:49:56+00:00","dateModified":"2023-11-02T16:54:02+00:00","breadcrumb":{"@id":"https:\/\/9staedte.de\/fr\/goslar-patrimoine-culturel-mondial-dans-le-harz\/chateaux-et-jardins-a-goslar\/#breadcrumb"},"inLanguage":"fr-FR","potentialAction":[{"@type":"ReadAction","target":["https:\/\/9staedte.de\/fr\/goslar-patrimoine-culturel-mondial-dans-le-harz\/chateaux-et-jardins-a-goslar\/"]}]},{"@type":"ImageObject","inLanguage":"fr-FR","@id":"https:\/\/9staedte.de\/fr\/goslar-patrimoine-culturel-mondial-dans-le-harz\/chateaux-et-jardins-a-goslar\/#primaryimage","url":"https:\/\/9staedte.de\/wp-content\/uploads\/2023\/02\/Goslar-Kaiserpfalz-c-GOSLAR-marketing-gmbh-Fotograf-Stefan-Schiefer.jpg","contentUrl":"https:\/\/9staedte.de\/wp-content\/uploads\/2023\/02\/Goslar-Kaiserpfalz-c-GOSLAR-marketing-gmbh-Fotograf-Stefan-Schiefer.jpg","width":1020,"height":559,"caption":"Goslar Kaiserpfalz c) GOSLAR marketing gmbh Fotograf Stefan Schiefer"},{"@type":"BreadcrumbList","@id":"https:\/\/9staedte.de\/fr\/goslar-patrimoine-culturel-mondial-dans-le-harz\/chateaux-et-jardins-a-goslar\/#breadcrumb","itemListElement":[{"@type":"ListItem","position":1,"name":"Startseite","item":"https:\/\/9staedte.de\/fr\/"},{"@type":"ListItem","position":2,"name":"Goslar &#8211; Patrimoine culturel mondial dans le Harz","item":"https:\/\/9staedte.de\/fr\/goslar-patrimoine-culturel-mondial-dans-le-harz\/"},{"@type":"ListItem","position":3,"name":"Ch\u00e2teaux et jardins \u00e0 Goslar"}]},{"@type":"WebSite","@id":"https:\/\/9staedte.de\/fr\/#website","url":"https:\/\/9staedte.de\/fr\/","name":"9 St\u00e4dte in Niedersachsen","description":"","publisher":{"@id":"https:\/\/9staedte.de\/fr\/#organization"},"potentialAction":[{"@type":"SearchAction","target":{"@type":"EntryPoint","urlTemplate":"https:\/\/9staedte.de\/fr\/?s={search_term_string}"},"query-input":{"@type":"PropertyValueSpecification","valueRequired":true,"valueName":"search_term_string"}}],"inLanguage":"fr-FR"},{"@type":"Organization","@id":"https:\/\/9staedte.de\/fr\/#organization","name":"9 St\u00e4dte in Niedersachsen","url":"https:\/\/9staedte.de\/fr\/","logo":{"@type":"ImageObject","inLanguage":"fr-FR","@id":"https:\/\/9staedte.de\/fr\/#\/schema\/logo\/image\/","url":"https:\/\/9staedte.de\/wp-content\/uploads\/2025\/01\/9-neg-deutsch-2-1.png","contentUrl":"https:\/\/9staedte.de\/wp-content\/uploads\/2025\/01\/9-neg-deutsch-2-1.png","width":190,"height":114,"caption":"9 St\u00e4dte in Niedersachsen"},"image":{"@id":"https:\/\/9staedte.de\/fr\/#\/schema\/logo\/image\/"}}]}},"_links":{"self":[{"href":"https:\/\/9staedte.de\/fr\/wp-json\/wp\/v2\/pages\/17697","targetHints":{"allow":["GET"]}}],"collection":[{"href":"https:\/\/9staedte.de\/fr\/wp-json\/wp\/v2\/pages"}],"about":[{"href":"https:\/\/9staedte.de\/fr\/wp-json\/wp\/v2\/types\/page"}],"author":[{"embeddable":true,"href":"https:\/\/9staedte.de\/fr\/wp-json\/wp\/v2\/users\/1"}],"replies":[{"embeddable":true,"href":"https:\/\/9staedte.de\/fr\/wp-json\/wp\/v2\/comments?post=17697"}],"version-history":[{"count":1,"href":"https:\/\/9staedte.de\/fr\/wp-json\/wp\/v2\/pages\/17697\/revisions"}],"predecessor-version":[{"id":19855,"href":"https:\/\/9staedte.de\/fr\/wp-json\/wp\/v2\/pages\/17697\/revisions\/19855"}],"up":[{"embeddable":true,"href":"https:\/\/9staedte.de\/fr\/wp-json\/wp\/v2\/pages\/17930"}],"wp:featuredmedia":[{"embeddable":true,"href":"https:\/\/9staedte.de\/fr\/wp-json\/wp\/v2\/media\/17243"}],"wp:attachment":[{"href":"https:\/\/9staedte.de\/fr\/wp-json\/wp\/v2\/media?parent=17697"}],"wp:term":[{"taxonomy":"category","embeddable":true,"href":"https:\/\/9staedte.de\/fr\/wp-json\/wp\/v2\/categories?post=17697"},{"taxonomy":"post_tag","embeddable":true,"href":"https:\/\/9staedte.de\/fr\/wp-json\/wp\/v2\/tags?post=17697"},{"taxonomy":"ncap_cities_tax","embeddable":true,"href":"https:\/\/9staedte.de\/fr\/wp-json\/wp\/v2\/ncap_cities_tax?post=17697"}],"curies":[{"name":"wp","href":"https:\/\/api.w.org\/{rel}","templated":true}]}}