{"id":17690,"date":"2023-11-02T09:49:52","date_gmt":"2023-11-02T08:49:52","guid":{"rendered":"https:\/\/9staedte.de\/shopping-et-sorties-a-hildesheim\/"},"modified":"2023-11-02T18:15:57","modified_gmt":"2023-11-02T17:15:57","slug":"shopping-et-sorties-a-hildesheim","status":"publish","type":"page","link":"https:\/\/9staedte.de\/fr\/hildesheim-ville-classee-au-patrimoine-mondial-de-lunesco\/shopping-et-sorties-a-hildesheim\/","title":{"rendered":"Shopping et sorties \u00e0 Hildesheim"},"content":{"rendered":"\n<h3 class=\"wp-block-heading\">Possibilit\u00e9s de shopping \u00e0 Hildesheim &#8211; Profiter de l&rsquo;exceptionnel<\/h3>\n\n\n\n<p>Petites mais raffin\u00e9es &#8211; les possibilit\u00e9s de shopping \u00e0 Hildesheim offrent des trajets courts mais un grand choix&nbsp;. Et&nbsp;elle est encore&nbsp;plus grande gr\u00e2ce au centre commercial \u00ab\u00a0Arneken-Galerie\u00a0\u00bb. Qu&rsquo;il s&rsquo;agisse de magasins sp\u00e9cialis\u00e9s g\u00e9r\u00e9s par leurs propri\u00e9taires, de boutiques de mode tendance et exclusives, de cha\u00eenes de magasins renomm\u00e9es ou de boutiques de souvenirs authentiques, la diversit\u00e9 et la qualit\u00e9 de l&rsquo;offre dans les six diff\u00e9rents quartiers du centre-ville r\u00e9pondent \u00e0 tous les souhaits et permettent \u00e0 chacun de trouver ce qui lui convient. Chaque quartier a ses propres attraits et des conseils individuels et amicaux ainsi que des places de parking centrales font le charme de Hildesheim.<br>Pour des pauses de d\u00e9tente savoureuses, de nombreux caf\u00e9s, bars et restaurants sont recommand\u00e9s &#8211; par exemple devant le d\u00e9cor de la place du march\u00e9 historique. Et de nombreuses institutions culturelles et curiosit\u00e9s situ\u00e9es dans le centre-ville offrent l&rsquo;opportunit\u00e9 de combiner une agr\u00e9able s\u00e9ance de shopping avec l&rsquo;offre culturelle.<\/p>\n\n\n\n\n<div class=\"banner-wrapper\">\n  <div class=\"banner-inner \">\n      <div class=\"img-container\">\n      <div class=\"img-wrapper\">\n        <img decoding=\"async\" src=\"https:\/\/9staedte.de\/wp-content\/smush-webp\/2023\/03\/Marktplatz-\u00a9-Hildesheim-Marketing-Foto-Bierwagen.jpg.webp\" alt=\"Sur l\u2019image, un homme et une femme sont assis \u00e0 une terrasse. Ils boivent du caf\u00e9 et du lait. Ils sourient et parlent ensemble. Le soleil brille. En arri\u00e8re-plan, on voit des vieilles maisons sur la place du march\u00e9 de Hildesheim. Il y a aussi d\u2019autres personnes.\" \/>\n                  <div class=\"thumbnail-label\">\n            <span>Marktplatz \u00a9 Hildesheim Marketing, Foto Bierwagen<\/span>\n          <\/div>\n              <\/div>\n    <\/div>\n        <div class=\"text-container\">\n      <div class=\"content\">\n        <p><strong>9 Tipps rund ums Einkaufen und Ausgehen in Hildesheim: <\/strong><\/p>\n<ul>\n<li>Theater f\u00fcr Niedersachsen-Schauspiel, Musiktheater, Tanz, Konzerte und Lesungen<\/li>\n<li>Almsstra\u00dfe \u2013 Exklusivit\u00e4t erleben<\/li>\n<li>Hoher Weg \u2013 die reizvolle Mitte<\/li>\n<li>Osterstra\u00dfe und Scheelenstra\u00dfe \u2013 Boutiquen und Spezialgesch\u00e4fte<\/li>\n<li>Schuhstra\u00dfe \u2013 sch\u00f6ner Wohnen und mehr<\/li>\n<li>Andreaspassage \u2013 stilvolles Leben<\/li>\n<li>Bernwardstra\u00dfe \u2013 attraktive Begegnungen<\/li>\n<li>Kulturfabrik\/Veranstaltungszentren<\/li>\n<li>Stadtfeste und verkaufsoffene Sonntage an vielen Wochenenden<\/li>\n<\/ul>\n      <\/div>\n    <\/div>\n    <\/div>\n<\/div>\n\n","protected":false},"excerpt":{"rendered":"<p>Possibilit\u00e9s de shopping \u00e0 Hildesheim &#8211; Profiter de l&rsquo;exceptionnel Petites mais raffin\u00e9es &#8211; les possibilit\u00e9s de shopping \u00e0 Hildesheim offrent des trajets courts mais un grand choix&nbsp;. Et&nbsp;elle est encore&nbsp;plus grande gr\u00e2ce au centre commercial \u00ab\u00a0Arneken-Galerie\u00a0\u00bb. Qu&rsquo;il s&rsquo;agisse de magasins sp\u00e9cialis\u00e9s g\u00e9r\u00e9s par leurs propri\u00e9taires, de boutiques de mode tendance et exclusives, de cha\u00eenes de [&hellip;]<\/p>\n","protected":false},"author":1,"featured_media":17695,"parent":17998,"menu_order":0,"comment_status":"closed","ping_status":"closed","template":"pagetemplates\/template-stadtthema.php","meta":{"_acf_changed":false,"footnotes":""},"categories":[],"tags":[],"ncap_cities_tax":[464,800],"class_list":["post-17690","page","type-page","status-publish","has-post-thumbnail","hentry","ncap_cities_tax-hildesheim-fr","ncap_cities_tax-shopping-und-ausgehen-hildesheim-fr"],"acf":[],"yoast_head":"<!-- This site is optimized with the Yoast SEO plugin v26.8 - https:\/\/yoast.com\/product\/yoast-seo-wordpress\/ -->\n<title>Shopping et sorties \u00e0 Hildesheim - 9 St\u00e4dte in Niedersachsen<\/title>\n<meta name=\"robots\" content=\"index, follow, max-snippet:-1, max-image-preview:large, max-video-preview:-1\" \/>\n<link rel=\"canonical\" href=\"https:\/\/9staedte.de\/fr\/hildesheim-ville-classee-au-patrimoine-mondial-de-lunesco\/shopping-et-sorties-a-hildesheim\/\" \/>\n<meta property=\"og:locale\" content=\"fr_FR\" \/>\n<meta property=\"og:type\" content=\"article\" \/>\n<meta property=\"og:title\" content=\"Shopping et sorties \u00e0 Hildesheim - 9 St\u00e4dte in Niedersachsen\" \/>\n<meta property=\"og:description\" content=\"Possibilit\u00e9s de shopping \u00e0 Hildesheim &#8211; Profiter de l&rsquo;exceptionnel Petites mais raffin\u00e9es &#8211; les possibilit\u00e9s de shopping \u00e0 Hildesheim offrent des trajets courts mais un grand choix&nbsp;. Et&nbsp;elle est encore&nbsp;plus grande gr\u00e2ce au centre commercial \u00ab\u00a0Arneken-Galerie\u00a0\u00bb. Qu&rsquo;il s&rsquo;agisse de magasins sp\u00e9cialis\u00e9s g\u00e9r\u00e9s par leurs propri\u00e9taires, de boutiques de mode tendance et exclusives, de cha\u00eenes de [&hellip;]\" \/>\n<meta property=\"og:url\" content=\"https:\/\/9staedte.de\/fr\/hildesheim-ville-classee-au-patrimoine-mondial-de-lunesco\/shopping-et-sorties-a-hildesheim\/\" \/>\n<meta property=\"og:site_name\" content=\"9 St\u00e4dte in Niedersachsen\" \/>\n<meta property=\"article:modified_time\" content=\"2023-11-02T17:15:57+00:00\" \/>\n<meta property=\"og:image\" content=\"https:\/\/9staedte.de\/wp-content\/uploads\/2023\/03\/Shopping-\u00a9Hildesheim-Marketing-Foto-Bierwagen.jpg\" \/>\n\t<meta property=\"og:image:width\" content=\"1020\" \/>\n\t<meta property=\"og:image:height\" content=\"560\" \/>\n\t<meta property=\"og:image:type\" content=\"image\/jpeg\" \/>\n<meta name=\"twitter:card\" content=\"summary_large_image\" \/>\n<meta name=\"twitter:label1\" content=\"Dur\u00e9e de lecture estim\u00e9e\" \/>\n\t<meta name=\"twitter:data1\" content=\"1 minute\" \/>\n<script type=\"application\/ld+json\" class=\"yoast-schema-graph\">{\"@context\":\"https:\/\/schema.org\",\"@graph\":[{\"@type\":\"WebPage\",\"@id\":\"https:\/\/9staedte.de\/fr\/hildesheim-ville-classee-au-patrimoine-mondial-de-lunesco\/shopping-et-sorties-a-hildesheim\/\",\"url\":\"https:\/\/9staedte.de\/fr\/hildesheim-ville-classee-au-patrimoine-mondial-de-lunesco\/shopping-et-sorties-a-hildesheim\/\",\"name\":\"Shopping et sorties \u00e0 Hildesheim - 9 St\u00e4dte in Niedersachsen\",\"isPartOf\":{\"@id\":\"https:\/\/9staedte.de\/fr\/#website\"},\"primaryImageOfPage\":{\"@id\":\"https:\/\/9staedte.de\/fr\/hildesheim-ville-classee-au-patrimoine-mondial-de-lunesco\/shopping-et-sorties-a-hildesheim\/#primaryimage\"},\"image\":{\"@id\":\"https:\/\/9staedte.de\/fr\/hildesheim-ville-classee-au-patrimoine-mondial-de-lunesco\/shopping-et-sorties-a-hildesheim\/#primaryimage\"},\"thumbnailUrl\":\"https:\/\/9staedte.de\/wp-content\/uploads\/2023\/03\/Shopping-\u00a9Hildesheim-Marketing-Foto-Bierwagen.jpg\",\"datePublished\":\"2023-11-02T08:49:52+00:00\",\"dateModified\":\"2023-11-02T17:15:57+00:00\",\"breadcrumb\":{\"@id\":\"https:\/\/9staedte.de\/fr\/hildesheim-ville-classee-au-patrimoine-mondial-de-lunesco\/shopping-et-sorties-a-hildesheim\/#breadcrumb\"},\"inLanguage\":\"fr-FR\",\"potentialAction\":[{\"@type\":\"ReadAction\",\"target\":[\"https:\/\/9staedte.de\/fr\/hildesheim-ville-classee-au-patrimoine-mondial-de-lunesco\/shopping-et-sorties-a-hildesheim\/\"]}]},{\"@type\":\"ImageObject\",\"inLanguage\":\"fr-FR\",\"@id\":\"https:\/\/9staedte.de\/fr\/hildesheim-ville-classee-au-patrimoine-mondial-de-lunesco\/shopping-et-sorties-a-hildesheim\/#primaryimage\",\"url\":\"https:\/\/9staedte.de\/wp-content\/uploads\/2023\/03\/Shopping-\u00a9Hildesheim-Marketing-Foto-Bierwagen.jpg\",\"contentUrl\":\"https:\/\/9staedte.de\/wp-content\/uploads\/2023\/03\/Shopping-\u00a9Hildesheim-Marketing-Foto-Bierwagen.jpg\",\"width\":1020,\"height\":560,\"caption\":\"Shopping \u00a9Hildesheim Marketing, Foto Bierwagen\"},{\"@type\":\"BreadcrumbList\",\"@id\":\"https:\/\/9staedte.de\/fr\/hildesheim-ville-classee-au-patrimoine-mondial-de-lunesco\/shopping-et-sorties-a-hildesheim\/#breadcrumb\",\"itemListElement\":[{\"@type\":\"ListItem\",\"position\":1,\"name\":\"Startseite\",\"item\":\"https:\/\/9staedte.de\/fr\/\"},{\"@type\":\"ListItem\",\"position\":2,\"name\":\"Hildesheim &#8211; ville class\u00e9e au patrimoine mondial de l&#8217;UNESCO\",\"item\":\"https:\/\/9staedte.de\/fr\/hildesheim-ville-classee-au-patrimoine-mondial-de-lunesco\/\"},{\"@type\":\"ListItem\",\"position\":3,\"name\":\"Shopping et sorties \u00e0 Hildesheim\"}]},{\"@type\":\"WebSite\",\"@id\":\"https:\/\/9staedte.de\/fr\/#website\",\"url\":\"https:\/\/9staedte.de\/fr\/\",\"name\":\"9 St\u00e4dte in Niedersachsen\",\"description\":\"\",\"publisher\":{\"@id\":\"https:\/\/9staedte.de\/fr\/#organization\"},\"potentialAction\":[{\"@type\":\"SearchAction\",\"target\":{\"@type\":\"EntryPoint\",\"urlTemplate\":\"https:\/\/9staedte.de\/fr\/?s={search_term_string}\"},\"query-input\":{\"@type\":\"PropertyValueSpecification\",\"valueRequired\":true,\"valueName\":\"search_term_string\"}}],\"inLanguage\":\"fr-FR\"},{\"@type\":\"Organization\",\"@id\":\"https:\/\/9staedte.de\/fr\/#organization\",\"name\":\"9 St\u00e4dte in Niedersachsen\",\"url\":\"https:\/\/9staedte.de\/fr\/\",\"logo\":{\"@type\":\"ImageObject\",\"inLanguage\":\"fr-FR\",\"@id\":\"https:\/\/9staedte.de\/fr\/#\/schema\/logo\/image\/\",\"url\":\"https:\/\/9staedte.de\/wp-content\/uploads\/2025\/01\/9-neg-deutsch-2-1.png\",\"contentUrl\":\"https:\/\/9staedte.de\/wp-content\/uploads\/2025\/01\/9-neg-deutsch-2-1.png\",\"width\":190,\"height\":114,\"caption\":\"9 St\u00e4dte in Niedersachsen\"},\"image\":{\"@id\":\"https:\/\/9staedte.de\/fr\/#\/schema\/logo\/image\/\"}}]}<\/script>\n<!-- \/ Yoast SEO plugin. -->","yoast_head_json":{"title":"Shopping et sorties \u00e0 Hildesheim - 9 St\u00e4dte in Niedersachsen","robots":{"index":"index","follow":"follow","max-snippet":"max-snippet:-1","max-image-preview":"max-image-preview:large","max-video-preview":"max-video-preview:-1"},"canonical":"https:\/\/9staedte.de\/fr\/hildesheim-ville-classee-au-patrimoine-mondial-de-lunesco\/shopping-et-sorties-a-hildesheim\/","og_locale":"fr_FR","og_type":"article","og_title":"Shopping et sorties \u00e0 Hildesheim - 9 St\u00e4dte in Niedersachsen","og_description":"Possibilit\u00e9s de shopping \u00e0 Hildesheim &#8211; Profiter de l&rsquo;exceptionnel Petites mais raffin\u00e9es &#8211; les possibilit\u00e9s de shopping \u00e0 Hildesheim offrent des trajets courts mais un grand choix&nbsp;. Et&nbsp;elle est encore&nbsp;plus grande gr\u00e2ce au centre commercial \u00ab\u00a0Arneken-Galerie\u00a0\u00bb. Qu&rsquo;il s&rsquo;agisse de magasins sp\u00e9cialis\u00e9s g\u00e9r\u00e9s par leurs propri\u00e9taires, de boutiques de mode tendance et exclusives, de cha\u00eenes de [&hellip;]","og_url":"https:\/\/9staedte.de\/fr\/hildesheim-ville-classee-au-patrimoine-mondial-de-lunesco\/shopping-et-sorties-a-hildesheim\/","og_site_name":"9 St\u00e4dte in Niedersachsen","article_modified_time":"2023-11-02T17:15:57+00:00","og_image":[{"width":1020,"height":560,"url":"https:\/\/9staedte.de\/wp-content\/uploads\/2023\/03\/Shopping-\u00a9Hildesheim-Marketing-Foto-Bierwagen.jpg","type":"image\/jpeg"}],"twitter_card":"summary_large_image","twitter_misc":{"Dur\u00e9e de lecture estim\u00e9e":"1 minute"},"schema":{"@context":"https:\/\/schema.org","@graph":[{"@type":"WebPage","@id":"https:\/\/9staedte.de\/fr\/hildesheim-ville-classee-au-patrimoine-mondial-de-lunesco\/shopping-et-sorties-a-hildesheim\/","url":"https:\/\/9staedte.de\/fr\/hildesheim-ville-classee-au-patrimoine-mondial-de-lunesco\/shopping-et-sorties-a-hildesheim\/","name":"Shopping et sorties \u00e0 Hildesheim - 9 St\u00e4dte in Niedersachsen","isPartOf":{"@id":"https:\/\/9staedte.de\/fr\/#website"},"primaryImageOfPage":{"@id":"https:\/\/9staedte.de\/fr\/hildesheim-ville-classee-au-patrimoine-mondial-de-lunesco\/shopping-et-sorties-a-hildesheim\/#primaryimage"},"image":{"@id":"https:\/\/9staedte.de\/fr\/hildesheim-ville-classee-au-patrimoine-mondial-de-lunesco\/shopping-et-sorties-a-hildesheim\/#primaryimage"},"thumbnailUrl":"https:\/\/9staedte.de\/wp-content\/uploads\/2023\/03\/Shopping-\u00a9Hildesheim-Marketing-Foto-Bierwagen.jpg","datePublished":"2023-11-02T08:49:52+00:00","dateModified":"2023-11-02T17:15:57+00:00","breadcrumb":{"@id":"https:\/\/9staedte.de\/fr\/hildesheim-ville-classee-au-patrimoine-mondial-de-lunesco\/shopping-et-sorties-a-hildesheim\/#breadcrumb"},"inLanguage":"fr-FR","potentialAction":[{"@type":"ReadAction","target":["https:\/\/9staedte.de\/fr\/hildesheim-ville-classee-au-patrimoine-mondial-de-lunesco\/shopping-et-sorties-a-hildesheim\/"]}]},{"@type":"ImageObject","inLanguage":"fr-FR","@id":"https:\/\/9staedte.de\/fr\/hildesheim-ville-classee-au-patrimoine-mondial-de-lunesco\/shopping-et-sorties-a-hildesheim\/#primaryimage","url":"https:\/\/9staedte.de\/wp-content\/uploads\/2023\/03\/Shopping-\u00a9Hildesheim-Marketing-Foto-Bierwagen.jpg","contentUrl":"https:\/\/9staedte.de\/wp-content\/uploads\/2023\/03\/Shopping-\u00a9Hildesheim-Marketing-Foto-Bierwagen.jpg","width":1020,"height":560,"caption":"Shopping \u00a9Hildesheim Marketing, Foto Bierwagen"},{"@type":"BreadcrumbList","@id":"https:\/\/9staedte.de\/fr\/hildesheim-ville-classee-au-patrimoine-mondial-de-lunesco\/shopping-et-sorties-a-hildesheim\/#breadcrumb","itemListElement":[{"@type":"ListItem","position":1,"name":"Startseite","item":"https:\/\/9staedte.de\/fr\/"},{"@type":"ListItem","position":2,"name":"Hildesheim &#8211; ville class\u00e9e au patrimoine mondial de l&#8217;UNESCO","item":"https:\/\/9staedte.de\/fr\/hildesheim-ville-classee-au-patrimoine-mondial-de-lunesco\/"},{"@type":"ListItem","position":3,"name":"Shopping et sorties \u00e0 Hildesheim"}]},{"@type":"WebSite","@id":"https:\/\/9staedte.de\/fr\/#website","url":"https:\/\/9staedte.de\/fr\/","name":"9 St\u00e4dte in Niedersachsen","description":"","publisher":{"@id":"https:\/\/9staedte.de\/fr\/#organization"},"potentialAction":[{"@type":"SearchAction","target":{"@type":"EntryPoint","urlTemplate":"https:\/\/9staedte.de\/fr\/?s={search_term_string}"},"query-input":{"@type":"PropertyValueSpecification","valueRequired":true,"valueName":"search_term_string"}}],"inLanguage":"fr-FR"},{"@type":"Organization","@id":"https:\/\/9staedte.de\/fr\/#organization","name":"9 St\u00e4dte in Niedersachsen","url":"https:\/\/9staedte.de\/fr\/","logo":{"@type":"ImageObject","inLanguage":"fr-FR","@id":"https:\/\/9staedte.de\/fr\/#\/schema\/logo\/image\/","url":"https:\/\/9staedte.de\/wp-content\/uploads\/2025\/01\/9-neg-deutsch-2-1.png","contentUrl":"https:\/\/9staedte.de\/wp-content\/uploads\/2025\/01\/9-neg-deutsch-2-1.png","width":190,"height":114,"caption":"9 St\u00e4dte in Niedersachsen"},"image":{"@id":"https:\/\/9staedte.de\/fr\/#\/schema\/logo\/image\/"}}]}},"_links":{"self":[{"href":"https:\/\/9staedte.de\/fr\/wp-json\/wp\/v2\/pages\/17690","targetHints":{"allow":["GET"]}}],"collection":[{"href":"https:\/\/9staedte.de\/fr\/wp-json\/wp\/v2\/pages"}],"about":[{"href":"https:\/\/9staedte.de\/fr\/wp-json\/wp\/v2\/types\/page"}],"author":[{"embeddable":true,"href":"https:\/\/9staedte.de\/fr\/wp-json\/wp\/v2\/users\/1"}],"replies":[{"embeddable":true,"href":"https:\/\/9staedte.de\/fr\/wp-json\/wp\/v2\/comments?post=17690"}],"version-history":[{"count":1,"href":"https:\/\/9staedte.de\/fr\/wp-json\/wp\/v2\/pages\/17690\/revisions"}],"predecessor-version":[{"id":19965,"href":"https:\/\/9staedte.de\/fr\/wp-json\/wp\/v2\/pages\/17690\/revisions\/19965"}],"up":[{"embeddable":true,"href":"https:\/\/9staedte.de\/fr\/wp-json\/wp\/v2\/pages\/17998"}],"wp:featuredmedia":[{"embeddable":true,"href":"https:\/\/9staedte.de\/fr\/wp-json\/wp\/v2\/media\/17695"}],"wp:attachment":[{"href":"https:\/\/9staedte.de\/fr\/wp-json\/wp\/v2\/media?parent=17690"}],"wp:term":[{"taxonomy":"category","embeddable":true,"href":"https:\/\/9staedte.de\/fr\/wp-json\/wp\/v2\/categories?post=17690"},{"taxonomy":"post_tag","embeddable":true,"href":"https:\/\/9staedte.de\/fr\/wp-json\/wp\/v2\/tags?post=17690"},{"taxonomy":"ncap_cities_tax","embeddable":true,"href":"https:\/\/9staedte.de\/fr\/wp-json\/wp\/v2\/ncap_cities_tax?post=17690"}],"curies":[{"name":"wp","href":"https:\/\/api.w.org\/{rel}","templated":true}]}}