{"id":17681,"date":"2023-11-02T09:49:51","date_gmt":"2023-11-02T08:49:51","guid":{"rendered":"https:\/\/9staedte.de\/shopping-et-sorties-a-hamelin\/"},"modified":"2024-10-21T10:16:31","modified_gmt":"2024-10-21T08:16:31","slug":"shopping-et-sorties-a-hamelin","status":"publish","type":"page","link":"https:\/\/9staedte.de\/fr\/hamelin-la-legendaire-ville-du-joueur-de-flute\/shopping-et-sorties-a-hamelin\/","title":{"rendered":"Shopping et sorties \u00e0 Hamelin"},"content":{"rendered":"\n<h2 class=\"wp-block-heading\">Le plaisir du shopping dans la ville du joueur de fl\u00fbte Hamelin<\/h2>\n\n\n\n<p>Avec ses 60.000 habitants, la ville n&rsquo;est pas seulement un centre \u00e9conomique, culturel et touristique, mais aussi le centre commercial du Weserbergland et offre le plaisir de faire du shopping dans la ville du joueur de fl\u00fbte Hamelin. Comparez l&rsquo;atmosph\u00e8re de shopping unique du centre-ville historique avec celle d&rsquo;autres villes. Prenez le temps de faire du shopping, de vous rafra\u00eechir dans un caf\u00e9 ou simplement d&rsquo;observer l&rsquo;animation devant les magnifiques b\u00e2timents en gr\u00e8s et \u00e0 colombages datant du 16e au 18e si\u00e8cle.<\/p>\n\n\n\n\n<div class=\"banner-wrapper\">\n  <div class=\"banner-inner \">\n      <div class=\"img-container\">\n      <div class=\"img-wrapper\">\n        <img decoding=\"async\" src=\"https:\/\/9staedte.de\/wp-content\/smush-webp\/2023\/02\/Altstadt-mit-Flair-c-HMT.jpg.webp\" alt=\"L\u2019image montre un caf\u00e9 dans la vieille ville de Hameln. Trois jeunes femmes sont assises dehors et sourient. Une serveuse apporte des boissons. En arri\u00e8re-plan, une belle maison \u00e0 colombages. On voit beaucoup de fen\u00eatres et une grande porte. Il fait beau et chaud.\" \/>\n                  <div class=\"thumbnail-label\">\n            <span>Hameln Altstadt mit Flair c) HMT<\/span>\n          <\/div>\n              <\/div>\n    <\/div>\n        <div class=\"text-container\">\n      <div class=\"content\">\n        <h3>Tipps rund ums Einkaufen und Ausgehen in Hameln:<\/h3>\n<h4>Shoppen:<\/h4>\n<ul>\n<li>Altstadt mit ausgedehnter Fu\u00dfg\u00e4ngerzone und charmanten, kleinen Gassen<\/li>\n<li>Hefehof: Sch\u00f6nes, altes Industriegeb\u00e4ude mit Einzelhandel u.v.m.<\/li>\n<li>Stadtgalerie<\/li>\n<\/ul>\n<h4>Ausgehen:<\/h4>\n<ul>\n<li>Die Insel, Biergarten auf dem Werder<\/li>\n<li>Touch (Bar und Cocktails)<\/li>\n<li>Mo\u2019s (Cocktailbar)<\/li>\n<li>Maxx Filmtheater<\/li>\n<li>Brecke (Kneipe und mehr)<\/li>\n<\/ul>\n<p><a href=\"https:\/\/www.hameln.de\/\">Gerne mal hier schauen<\/a><\/p>\n      <\/div>\n    <\/div>\n    <\/div>\n<\/div>\n\n","protected":false},"excerpt":{"rendered":"<p>Le plaisir du shopping dans la ville du joueur de fl\u00fbte Hamelin Avec ses 60.000 habitants, la ville n&rsquo;est pas seulement un centre \u00e9conomique, culturel et touristique, mais aussi le centre commercial du Weserbergland et offre le plaisir de faire du shopping dans la ville du joueur de fl\u00fbte Hamelin. Comparez l&rsquo;atmosph\u00e8re de shopping unique [&hellip;]<\/p>\n","protected":false},"author":1,"featured_media":17688,"parent":18046,"menu_order":0,"comment_status":"closed","ping_status":"closed","template":"pagetemplates\/template-stadtthema.php","meta":{"_acf_changed":false,"footnotes":""},"categories":[],"tags":[],"ncap_cities_tax":[452,787],"class_list":["post-17681","page","type-page","status-publish","has-post-thumbnail","hentry","ncap_cities_tax-hameln-fr","ncap_cities_tax-shopping-und-ausgehen-hameln-fr"],"acf":[],"yoast_head":"<!-- This site is optimized with the Yoast SEO plugin v26.8 - https:\/\/yoast.com\/product\/yoast-seo-wordpress\/ -->\n<title>Shopping et sorties \u00e0 Hamelin - 9 St\u00e4dte in Niedersachsen<\/title>\n<meta name=\"robots\" content=\"index, follow, max-snippet:-1, max-image-preview:large, max-video-preview:-1\" \/>\n<link rel=\"canonical\" href=\"https:\/\/9staedte.de\/fr\/hamelin-la-legendaire-ville-du-joueur-de-flute\/shopping-et-sorties-a-hamelin\/\" \/>\n<meta property=\"og:locale\" content=\"fr_FR\" \/>\n<meta property=\"og:type\" content=\"article\" \/>\n<meta property=\"og:title\" content=\"Shopping et sorties \u00e0 Hamelin - 9 St\u00e4dte in Niedersachsen\" \/>\n<meta property=\"og:description\" content=\"Le plaisir du shopping dans la ville du joueur de fl\u00fbte Hamelin Avec ses 60.000 habitants, la ville n&rsquo;est pas seulement un centre \u00e9conomique, culturel et touristique, mais aussi le centre commercial du Weserbergland et offre le plaisir de faire du shopping dans la ville du joueur de fl\u00fbte Hamelin. Comparez l&rsquo;atmosph\u00e8re de shopping unique [&hellip;]\" \/>\n<meta property=\"og:url\" content=\"https:\/\/9staedte.de\/fr\/hamelin-la-legendaire-ville-du-joueur-de-flute\/shopping-et-sorties-a-hamelin\/\" \/>\n<meta property=\"og:site_name\" content=\"9 St\u00e4dte in Niedersachsen\" \/>\n<meta property=\"article:modified_time\" content=\"2024-10-21T08:16:31+00:00\" \/>\n<meta property=\"og:image\" content=\"https:\/\/9staedte.de\/wp-content\/uploads\/2023\/02\/Einkaufen-in-Hameln-c-HMT-Sabrina-Stoeckli.jpg\" \/>\n\t<meta property=\"og:image:width\" content=\"1020\" \/>\n\t<meta property=\"og:image:height\" content=\"561\" \/>\n\t<meta property=\"og:image:type\" content=\"image\/jpeg\" \/>\n<meta name=\"twitter:card\" content=\"summary_large_image\" \/>\n<meta name=\"twitter:label1\" content=\"Dur\u00e9e de lecture estim\u00e9e\" \/>\n\t<meta name=\"twitter:data1\" content=\"1 minute\" \/>\n<script type=\"application\/ld+json\" class=\"yoast-schema-graph\">{\"@context\":\"https:\/\/schema.org\",\"@graph\":[{\"@type\":\"WebPage\",\"@id\":\"https:\/\/9staedte.de\/fr\/hamelin-la-legendaire-ville-du-joueur-de-flute\/shopping-et-sorties-a-hamelin\/\",\"url\":\"https:\/\/9staedte.de\/fr\/hamelin-la-legendaire-ville-du-joueur-de-flute\/shopping-et-sorties-a-hamelin\/\",\"name\":\"Shopping et sorties \u00e0 Hamelin - 9 St\u00e4dte in Niedersachsen\",\"isPartOf\":{\"@id\":\"https:\/\/9staedte.de\/fr\/#website\"},\"primaryImageOfPage\":{\"@id\":\"https:\/\/9staedte.de\/fr\/hamelin-la-legendaire-ville-du-joueur-de-flute\/shopping-et-sorties-a-hamelin\/#primaryimage\"},\"image\":{\"@id\":\"https:\/\/9staedte.de\/fr\/hamelin-la-legendaire-ville-du-joueur-de-flute\/shopping-et-sorties-a-hamelin\/#primaryimage\"},\"thumbnailUrl\":\"https:\/\/9staedte.de\/wp-content\/uploads\/2023\/02\/Einkaufen-in-Hameln-c-HMT-Sabrina-Stoeckli.jpg\",\"datePublished\":\"2023-11-02T08:49:51+00:00\",\"dateModified\":\"2024-10-21T08:16:31+00:00\",\"breadcrumb\":{\"@id\":\"https:\/\/9staedte.de\/fr\/hamelin-la-legendaire-ville-du-joueur-de-flute\/shopping-et-sorties-a-hamelin\/#breadcrumb\"},\"inLanguage\":\"fr-FR\",\"potentialAction\":[{\"@type\":\"ReadAction\",\"target\":[\"https:\/\/9staedte.de\/fr\/hamelin-la-legendaire-ville-du-joueur-de-flute\/shopping-et-sorties-a-hamelin\/\"]}]},{\"@type\":\"ImageObject\",\"inLanguage\":\"fr-FR\",\"@id\":\"https:\/\/9staedte.de\/fr\/hamelin-la-legendaire-ville-du-joueur-de-flute\/shopping-et-sorties-a-hamelin\/#primaryimage\",\"url\":\"https:\/\/9staedte.de\/wp-content\/uploads\/2023\/02\/Einkaufen-in-Hameln-c-HMT-Sabrina-Stoeckli.jpg\",\"contentUrl\":\"https:\/\/9staedte.de\/wp-content\/uploads\/2023\/02\/Einkaufen-in-Hameln-c-HMT-Sabrina-Stoeckli.jpg\",\"width\":1020,\"height\":561,\"caption\":\"Einkaufen in Hameln c) HMT Sabrina Stoeckli\"},{\"@type\":\"BreadcrumbList\",\"@id\":\"https:\/\/9staedte.de\/fr\/hamelin-la-legendaire-ville-du-joueur-de-flute\/shopping-et-sorties-a-hamelin\/#breadcrumb\",\"itemListElement\":[{\"@type\":\"ListItem\",\"position\":1,\"name\":\"Startseite\",\"item\":\"https:\/\/9staedte.de\/fr\/\"},{\"@type\":\"ListItem\",\"position\":2,\"name\":\"Hamelin &#8211; la l\u00e9gendaire ville du joueur de fl\u00fbte\",\"item\":\"https:\/\/9staedte.de\/fr\/hamelin-la-legendaire-ville-du-joueur-de-flute\/\"},{\"@type\":\"ListItem\",\"position\":3,\"name\":\"Shopping et sorties \u00e0 Hamelin\"}]},{\"@type\":\"WebSite\",\"@id\":\"https:\/\/9staedte.de\/fr\/#website\",\"url\":\"https:\/\/9staedte.de\/fr\/\",\"name\":\"9 St\u00e4dte in Niedersachsen\",\"description\":\"\",\"publisher\":{\"@id\":\"https:\/\/9staedte.de\/fr\/#organization\"},\"potentialAction\":[{\"@type\":\"SearchAction\",\"target\":{\"@type\":\"EntryPoint\",\"urlTemplate\":\"https:\/\/9staedte.de\/fr\/?s={search_term_string}\"},\"query-input\":{\"@type\":\"PropertyValueSpecification\",\"valueRequired\":true,\"valueName\":\"search_term_string\"}}],\"inLanguage\":\"fr-FR\"},{\"@type\":\"Organization\",\"@id\":\"https:\/\/9staedte.de\/fr\/#organization\",\"name\":\"9 St\u00e4dte in Niedersachsen\",\"url\":\"https:\/\/9staedte.de\/fr\/\",\"logo\":{\"@type\":\"ImageObject\",\"inLanguage\":\"fr-FR\",\"@id\":\"https:\/\/9staedte.de\/fr\/#\/schema\/logo\/image\/\",\"url\":\"https:\/\/9staedte.de\/wp-content\/uploads\/2025\/01\/9-neg-deutsch-2-1.png\",\"contentUrl\":\"https:\/\/9staedte.de\/wp-content\/uploads\/2025\/01\/9-neg-deutsch-2-1.png\",\"width\":190,\"height\":114,\"caption\":\"9 St\u00e4dte in Niedersachsen\"},\"image\":{\"@id\":\"https:\/\/9staedte.de\/fr\/#\/schema\/logo\/image\/\"}}]}<\/script>\n<!-- \/ Yoast SEO plugin. -->","yoast_head_json":{"title":"Shopping et sorties \u00e0 Hamelin - 9 St\u00e4dte in Niedersachsen","robots":{"index":"index","follow":"follow","max-snippet":"max-snippet:-1","max-image-preview":"max-image-preview:large","max-video-preview":"max-video-preview:-1"},"canonical":"https:\/\/9staedte.de\/fr\/hamelin-la-legendaire-ville-du-joueur-de-flute\/shopping-et-sorties-a-hamelin\/","og_locale":"fr_FR","og_type":"article","og_title":"Shopping et sorties \u00e0 Hamelin - 9 St\u00e4dte in Niedersachsen","og_description":"Le plaisir du shopping dans la ville du joueur de fl\u00fbte Hamelin Avec ses 60.000 habitants, la ville n&rsquo;est pas seulement un centre \u00e9conomique, culturel et touristique, mais aussi le centre commercial du Weserbergland et offre le plaisir de faire du shopping dans la ville du joueur de fl\u00fbte Hamelin. Comparez l&rsquo;atmosph\u00e8re de shopping unique [&hellip;]","og_url":"https:\/\/9staedte.de\/fr\/hamelin-la-legendaire-ville-du-joueur-de-flute\/shopping-et-sorties-a-hamelin\/","og_site_name":"9 St\u00e4dte in Niedersachsen","article_modified_time":"2024-10-21T08:16:31+00:00","og_image":[{"width":1020,"height":561,"url":"https:\/\/9staedte.de\/wp-content\/uploads\/2023\/02\/Einkaufen-in-Hameln-c-HMT-Sabrina-Stoeckli.jpg","type":"image\/jpeg"}],"twitter_card":"summary_large_image","twitter_misc":{"Dur\u00e9e de lecture estim\u00e9e":"1 minute"},"schema":{"@context":"https:\/\/schema.org","@graph":[{"@type":"WebPage","@id":"https:\/\/9staedte.de\/fr\/hamelin-la-legendaire-ville-du-joueur-de-flute\/shopping-et-sorties-a-hamelin\/","url":"https:\/\/9staedte.de\/fr\/hamelin-la-legendaire-ville-du-joueur-de-flute\/shopping-et-sorties-a-hamelin\/","name":"Shopping et sorties \u00e0 Hamelin - 9 St\u00e4dte in Niedersachsen","isPartOf":{"@id":"https:\/\/9staedte.de\/fr\/#website"},"primaryImageOfPage":{"@id":"https:\/\/9staedte.de\/fr\/hamelin-la-legendaire-ville-du-joueur-de-flute\/shopping-et-sorties-a-hamelin\/#primaryimage"},"image":{"@id":"https:\/\/9staedte.de\/fr\/hamelin-la-legendaire-ville-du-joueur-de-flute\/shopping-et-sorties-a-hamelin\/#primaryimage"},"thumbnailUrl":"https:\/\/9staedte.de\/wp-content\/uploads\/2023\/02\/Einkaufen-in-Hameln-c-HMT-Sabrina-Stoeckli.jpg","datePublished":"2023-11-02T08:49:51+00:00","dateModified":"2024-10-21T08:16:31+00:00","breadcrumb":{"@id":"https:\/\/9staedte.de\/fr\/hamelin-la-legendaire-ville-du-joueur-de-flute\/shopping-et-sorties-a-hamelin\/#breadcrumb"},"inLanguage":"fr-FR","potentialAction":[{"@type":"ReadAction","target":["https:\/\/9staedte.de\/fr\/hamelin-la-legendaire-ville-du-joueur-de-flute\/shopping-et-sorties-a-hamelin\/"]}]},{"@type":"ImageObject","inLanguage":"fr-FR","@id":"https:\/\/9staedte.de\/fr\/hamelin-la-legendaire-ville-du-joueur-de-flute\/shopping-et-sorties-a-hamelin\/#primaryimage","url":"https:\/\/9staedte.de\/wp-content\/uploads\/2023\/02\/Einkaufen-in-Hameln-c-HMT-Sabrina-Stoeckli.jpg","contentUrl":"https:\/\/9staedte.de\/wp-content\/uploads\/2023\/02\/Einkaufen-in-Hameln-c-HMT-Sabrina-Stoeckli.jpg","width":1020,"height":561,"caption":"Einkaufen in Hameln c) HMT Sabrina Stoeckli"},{"@type":"BreadcrumbList","@id":"https:\/\/9staedte.de\/fr\/hamelin-la-legendaire-ville-du-joueur-de-flute\/shopping-et-sorties-a-hamelin\/#breadcrumb","itemListElement":[{"@type":"ListItem","position":1,"name":"Startseite","item":"https:\/\/9staedte.de\/fr\/"},{"@type":"ListItem","position":2,"name":"Hamelin &#8211; la l\u00e9gendaire ville du joueur de fl\u00fbte","item":"https:\/\/9staedte.de\/fr\/hamelin-la-legendaire-ville-du-joueur-de-flute\/"},{"@type":"ListItem","position":3,"name":"Shopping et sorties \u00e0 Hamelin"}]},{"@type":"WebSite","@id":"https:\/\/9staedte.de\/fr\/#website","url":"https:\/\/9staedte.de\/fr\/","name":"9 St\u00e4dte in Niedersachsen","description":"","publisher":{"@id":"https:\/\/9staedte.de\/fr\/#organization"},"potentialAction":[{"@type":"SearchAction","target":{"@type":"EntryPoint","urlTemplate":"https:\/\/9staedte.de\/fr\/?s={search_term_string}"},"query-input":{"@type":"PropertyValueSpecification","valueRequired":true,"valueName":"search_term_string"}}],"inLanguage":"fr-FR"},{"@type":"Organization","@id":"https:\/\/9staedte.de\/fr\/#organization","name":"9 St\u00e4dte in Niedersachsen","url":"https:\/\/9staedte.de\/fr\/","logo":{"@type":"ImageObject","inLanguage":"fr-FR","@id":"https:\/\/9staedte.de\/fr\/#\/schema\/logo\/image\/","url":"https:\/\/9staedte.de\/wp-content\/uploads\/2025\/01\/9-neg-deutsch-2-1.png","contentUrl":"https:\/\/9staedte.de\/wp-content\/uploads\/2025\/01\/9-neg-deutsch-2-1.png","width":190,"height":114,"caption":"9 St\u00e4dte in Niedersachsen"},"image":{"@id":"https:\/\/9staedte.de\/fr\/#\/schema\/logo\/image\/"}}]}},"_links":{"self":[{"href":"https:\/\/9staedte.de\/fr\/wp-json\/wp\/v2\/pages\/17681","targetHints":{"allow":["GET"]}}],"collection":[{"href":"https:\/\/9staedte.de\/fr\/wp-json\/wp\/v2\/pages"}],"about":[{"href":"https:\/\/9staedte.de\/fr\/wp-json\/wp\/v2\/types\/page"}],"author":[{"embeddable":true,"href":"https:\/\/9staedte.de\/fr\/wp-json\/wp\/v2\/users\/1"}],"replies":[{"embeddable":true,"href":"https:\/\/9staedte.de\/fr\/wp-json\/wp\/v2\/comments?post=17681"}],"version-history":[{"count":2,"href":"https:\/\/9staedte.de\/fr\/wp-json\/wp\/v2\/pages\/17681\/revisions"}],"predecessor-version":[{"id":23983,"href":"https:\/\/9staedte.de\/fr\/wp-json\/wp\/v2\/pages\/17681\/revisions\/23983"}],"up":[{"embeddable":true,"href":"https:\/\/9staedte.de\/fr\/wp-json\/wp\/v2\/pages\/18046"}],"wp:featuredmedia":[{"embeddable":true,"href":"https:\/\/9staedte.de\/fr\/wp-json\/wp\/v2\/media\/17688"}],"wp:attachment":[{"href":"https:\/\/9staedte.de\/fr\/wp-json\/wp\/v2\/media?parent=17681"}],"wp:term":[{"taxonomy":"category","embeddable":true,"href":"https:\/\/9staedte.de\/fr\/wp-json\/wp\/v2\/categories?post=17681"},{"taxonomy":"post_tag","embeddable":true,"href":"https:\/\/9staedte.de\/fr\/wp-json\/wp\/v2\/tags?post=17681"},{"taxonomy":"ncap_cities_tax","embeddable":true,"href":"https:\/\/9staedte.de\/fr\/wp-json\/wp\/v2\/ncap_cities_tax?post=17681"}],"curies":[{"name":"wp","href":"https:\/\/api.w.org\/{rel}","templated":true}]}}