{"id":17633,"date":"2023-11-02T09:49:49","date_gmt":"2023-11-02T08:49:49","guid":{"rendered":"https:\/\/9staedte.de\/shopping-et-sorties-a-goettingen\/"},"modified":"2025-05-15T17:03:35","modified_gmt":"2025-05-15T15:03:35","slug":"shopping-et-sorties-a-goettingen","status":"publish","type":"page","link":"https:\/\/9staedte.de\/fr\/gottingen-une-ville-qui-cree-le-savoir\/shopping-et-sorties-a-goettingen\/","title":{"rendered":"Shopping et sorties \u00e0 G\u00f6ttingen"},"content":{"rendered":"\n<h2 class=\"wp-block-heading\">Exp\u00e9rience d&rsquo;achat G\u00f6ttingen &#8211; Faire du shopping avec flair<\/h2>\n\n<p>Faire du shopping et en profiter : toute l&rsquo;ann\u00e9e, vous pouvez profiter de la bonne ambiance pour une exp\u00e9rience de shopping sans stress \u00e0 G\u00f6ttingen. La vieille ville historique avec son h\u00f4tel de ville m\u00e9di\u00e9val, ses \u00e9glises, ses maisons \u00e0 colombages, ses bars et ses terrasses de caf\u00e9s invite \u00e0 la fl\u00e2nerie et \u00e0 la visite. Les magasins sp\u00e9cialis\u00e9s, grands et petits, offrent diversit\u00e9 et services. Th\u00e9\u00e2tres, festivals, manifestations en plein air et cin\u00e9mas sont autant de promesses de plaisir artistique et de d\u00e9tente pour tous les go\u00fbts.   <\/p>\n\n\n<div class=\"banner-wrapper\">\n  <div class=\"banner-inner \">\n      <div class=\"img-container\">\n      <div class=\"img-wrapper\">\n        <img decoding=\"async\" src=\"https:\/\/9staedte.de\/wp-content\/smush-webp\/2023\/02\/aboutcities-goettingen-shopping-woggon7.jpg.webp\" alt=\"L\u2019image montre un magasin de v\u00eatements. Beaucoup de chemises et blouses color\u00e9es sont accroch\u00e9es. \u00c0 l\u2019arri\u00e8re, on voit des v\u00eatements pli\u00e9s. Le magasin a une lumi\u00e8re chaude et des murs en briques.\" \/>\n                  <div class=\"thumbnail-label\">\n            <span>goettingen-shopping-woggon7<\/span>\n          <\/div>\n              <\/div>\n    <\/div>\n        <div class=\"text-container\">\n      <div class=\"content\">\n        <h3>9 conseils pour le shopping et les sorties<\/h3>\n<p><strong>Shopping et sorties \u00e0 G\u00f6ttingen &#8211; diversit\u00e9 culturelle et tradition<\/strong><\/p>\n<ul>\n<li>Boutiques sp\u00e9ciales dans la vieille ville<\/li>\n<li>Restauration traditionnelle et tendance, bars d&rsquo;\u00e9tudiants<\/li>\n<li>March\u00e9s hebdomadaires<\/li>\n<li>G\u00e4nselieselfest &#8211; dimanche d&rsquo;ouverture des magasins<\/li>\n<li>Festival international Haendel<\/li>\n<li>Festival de jazz<\/li>\n<li>Automne litt\u00e9raire<\/li>\n<li>Nuit de la culture<\/li>\n<li>Grand march\u00e9 de No\u00ebl<\/li>\n<\/ul>\n      <\/div>\n    <\/div>\n    <\/div>\n<\/div>\n\n\n<p><a href=\"https:\/\/www.goettingen-tourismus.de\/uebernachten\/pauschalen-angebote\/bummeln-geniessen\/#\/de\/goettingen-tourismus\/default\/detail\/Package\/k_7663\/x\" target=\"_blank\" rel=\"noreferrer noopener\">Plus d&rsquo;informations :<\/a><\/p>\n","protected":false},"excerpt":{"rendered":"<p>Exp\u00e9rience d&rsquo;achat G\u00f6ttingen &#8211; Faire du shopping avec flair Faire du shopping et en profiter : toute l&rsquo;ann\u00e9e, vous pouvez profiter de la bonne ambiance pour une exp\u00e9rience de shopping sans stress \u00e0 G\u00f6ttingen. La vieille ville historique avec son h\u00f4tel de ville m\u00e9di\u00e9val, ses \u00e9glises, ses maisons \u00e0 colombages, ses bars et ses terrasses [&hellip;]<\/p>\n","protected":false},"author":1,"featured_media":17641,"parent":17986,"menu_order":0,"comment_status":"closed","ping_status":"closed","template":"pagetemplates\/template-stadtthema.php","meta":{"_acf_changed":false,"footnotes":""},"categories":[],"tags":[],"ncap_cities_tax":[438,773],"class_list":["post-17633","page","type-page","status-publish","has-post-thumbnail","hentry","ncap_cities_tax-goettingen-fr","ncap_cities_tax-shopping-und-ausgehen-goettingen-fr"],"acf":[],"yoast_head":"<!-- This site is optimized with the Yoast SEO plugin v26.8 - https:\/\/yoast.com\/product\/yoast-seo-wordpress\/ -->\n<title>Shopping et sorties \u00e0 G\u00f6ttingen - 9 St\u00e4dte in Niedersachsen<\/title>\n<meta name=\"robots\" content=\"index, follow, max-snippet:-1, max-image-preview:large, max-video-preview:-1\" \/>\n<link rel=\"canonical\" href=\"https:\/\/9staedte.de\/fr\/gottingen-une-ville-qui-cree-le-savoir\/shopping-et-sorties-a-goettingen\/\" \/>\n<meta property=\"og:locale\" content=\"fr_FR\" \/>\n<meta property=\"og:type\" content=\"article\" \/>\n<meta property=\"og:title\" content=\"Shopping et sorties \u00e0 G\u00f6ttingen - 9 St\u00e4dte in Niedersachsen\" \/>\n<meta property=\"og:description\" content=\"Exp\u00e9rience d&rsquo;achat G\u00f6ttingen &#8211; Faire du shopping avec flair Faire du shopping et en profiter : toute l&rsquo;ann\u00e9e, vous pouvez profiter de la bonne ambiance pour une exp\u00e9rience de shopping sans stress \u00e0 G\u00f6ttingen. La vieille ville historique avec son h\u00f4tel de ville m\u00e9di\u00e9val, ses \u00e9glises, ses maisons \u00e0 colombages, ses bars et ses terrasses [&hellip;]\" \/>\n<meta property=\"og:url\" content=\"https:\/\/9staedte.de\/fr\/gottingen-une-ville-qui-cree-le-savoir\/shopping-et-sorties-a-goettingen\/\" \/>\n<meta property=\"og:site_name\" content=\"9 St\u00e4dte in Niedersachsen\" \/>\n<meta property=\"article:modified_time\" content=\"2025-05-15T15:03:35+00:00\" \/>\n<meta property=\"og:image\" content=\"https:\/\/9staedte.de\/wp-content\/uploads\/2023\/02\/Ausgehen-in-Goettingen-c-Goettingen-Tourismus-Lars-Gerhardts.jpg\" \/>\n\t<meta property=\"og:image:width\" content=\"1020\" \/>\n\t<meta property=\"og:image:height\" content=\"560\" \/>\n\t<meta property=\"og:image:type\" content=\"image\/jpeg\" \/>\n<meta name=\"twitter:card\" content=\"summary_large_image\" \/>\n<meta name=\"twitter:label1\" content=\"Dur\u00e9e de lecture estim\u00e9e\" \/>\n\t<meta name=\"twitter:data1\" content=\"1 minute\" \/>\n<script type=\"application\/ld+json\" class=\"yoast-schema-graph\">{\"@context\":\"https:\/\/schema.org\",\"@graph\":[{\"@type\":\"WebPage\",\"@id\":\"https:\/\/9staedte.de\/fr\/gottingen-une-ville-qui-cree-le-savoir\/shopping-et-sorties-a-goettingen\/\",\"url\":\"https:\/\/9staedte.de\/fr\/gottingen-une-ville-qui-cree-le-savoir\/shopping-et-sorties-a-goettingen\/\",\"name\":\"Shopping et sorties \u00e0 G\u00f6ttingen - 9 St\u00e4dte in Niedersachsen\",\"isPartOf\":{\"@id\":\"https:\/\/9staedte.de\/fr\/#website\"},\"primaryImageOfPage\":{\"@id\":\"https:\/\/9staedte.de\/fr\/gottingen-une-ville-qui-cree-le-savoir\/shopping-et-sorties-a-goettingen\/#primaryimage\"},\"image\":{\"@id\":\"https:\/\/9staedte.de\/fr\/gottingen-une-ville-qui-cree-le-savoir\/shopping-et-sorties-a-goettingen\/#primaryimage\"},\"thumbnailUrl\":\"https:\/\/9staedte.de\/wp-content\/uploads\/2023\/02\/Ausgehen-in-Goettingen-c-Goettingen-Tourismus-Lars-Gerhardts.jpg\",\"datePublished\":\"2023-11-02T08:49:49+00:00\",\"dateModified\":\"2025-05-15T15:03:35+00:00\",\"breadcrumb\":{\"@id\":\"https:\/\/9staedte.de\/fr\/gottingen-une-ville-qui-cree-le-savoir\/shopping-et-sorties-a-goettingen\/#breadcrumb\"},\"inLanguage\":\"fr-FR\",\"potentialAction\":[{\"@type\":\"ReadAction\",\"target\":[\"https:\/\/9staedte.de\/fr\/gottingen-une-ville-qui-cree-le-savoir\/shopping-et-sorties-a-goettingen\/\"]}]},{\"@type\":\"ImageObject\",\"inLanguage\":\"fr-FR\",\"@id\":\"https:\/\/9staedte.de\/fr\/gottingen-une-ville-qui-cree-le-savoir\/shopping-et-sorties-a-goettingen\/#primaryimage\",\"url\":\"https:\/\/9staedte.de\/wp-content\/uploads\/2023\/02\/Ausgehen-in-Goettingen-c-Goettingen-Tourismus-Lars-Gerhardts.jpg\",\"contentUrl\":\"https:\/\/9staedte.de\/wp-content\/uploads\/2023\/02\/Ausgehen-in-Goettingen-c-Goettingen-Tourismus-Lars-Gerhardts.jpg\",\"width\":1020,\"height\":560,\"caption\":\"Ausgehen in G\u00f6ttingen c) G\u00f6ttingen Tourismus Lars Gerhardts\"},{\"@type\":\"BreadcrumbList\",\"@id\":\"https:\/\/9staedte.de\/fr\/gottingen-une-ville-qui-cree-le-savoir\/shopping-et-sorties-a-goettingen\/#breadcrumb\",\"itemListElement\":[{\"@type\":\"ListItem\",\"position\":1,\"name\":\"Startseite\",\"item\":\"https:\/\/9staedte.de\/fr\/\"},{\"@type\":\"ListItem\",\"position\":2,\"name\":\"G\u00f6ttingen &#8211; une ville qui cr\u00e9e le savoir\",\"item\":\"https:\/\/9staedte.de\/fr\/gottingen-une-ville-qui-cree-le-savoir\/\"},{\"@type\":\"ListItem\",\"position\":3,\"name\":\"Shopping et sorties \u00e0 G\u00f6ttingen\"}]},{\"@type\":\"WebSite\",\"@id\":\"https:\/\/9staedte.de\/fr\/#website\",\"url\":\"https:\/\/9staedte.de\/fr\/\",\"name\":\"9 St\u00e4dte in Niedersachsen\",\"description\":\"\",\"publisher\":{\"@id\":\"https:\/\/9staedte.de\/fr\/#organization\"},\"potentialAction\":[{\"@type\":\"SearchAction\",\"target\":{\"@type\":\"EntryPoint\",\"urlTemplate\":\"https:\/\/9staedte.de\/fr\/?s={search_term_string}\"},\"query-input\":{\"@type\":\"PropertyValueSpecification\",\"valueRequired\":true,\"valueName\":\"search_term_string\"}}],\"inLanguage\":\"fr-FR\"},{\"@type\":\"Organization\",\"@id\":\"https:\/\/9staedte.de\/fr\/#organization\",\"name\":\"9 St\u00e4dte in Niedersachsen\",\"url\":\"https:\/\/9staedte.de\/fr\/\",\"logo\":{\"@type\":\"ImageObject\",\"inLanguage\":\"fr-FR\",\"@id\":\"https:\/\/9staedte.de\/fr\/#\/schema\/logo\/image\/\",\"url\":\"https:\/\/9staedte.de\/wp-content\/uploads\/2025\/01\/9-neg-deutsch-2-1.png\",\"contentUrl\":\"https:\/\/9staedte.de\/wp-content\/uploads\/2025\/01\/9-neg-deutsch-2-1.png\",\"width\":190,\"height\":114,\"caption\":\"9 St\u00e4dte in Niedersachsen\"},\"image\":{\"@id\":\"https:\/\/9staedte.de\/fr\/#\/schema\/logo\/image\/\"}}]}<\/script>\n<!-- \/ Yoast SEO plugin. -->","yoast_head_json":{"title":"Shopping et sorties \u00e0 G\u00f6ttingen - 9 St\u00e4dte in Niedersachsen","robots":{"index":"index","follow":"follow","max-snippet":"max-snippet:-1","max-image-preview":"max-image-preview:large","max-video-preview":"max-video-preview:-1"},"canonical":"https:\/\/9staedte.de\/fr\/gottingen-une-ville-qui-cree-le-savoir\/shopping-et-sorties-a-goettingen\/","og_locale":"fr_FR","og_type":"article","og_title":"Shopping et sorties \u00e0 G\u00f6ttingen - 9 St\u00e4dte in Niedersachsen","og_description":"Exp\u00e9rience d&rsquo;achat G\u00f6ttingen &#8211; Faire du shopping avec flair Faire du shopping et en profiter : toute l&rsquo;ann\u00e9e, vous pouvez profiter de la bonne ambiance pour une exp\u00e9rience de shopping sans stress \u00e0 G\u00f6ttingen. La vieille ville historique avec son h\u00f4tel de ville m\u00e9di\u00e9val, ses \u00e9glises, ses maisons \u00e0 colombages, ses bars et ses terrasses [&hellip;]","og_url":"https:\/\/9staedte.de\/fr\/gottingen-une-ville-qui-cree-le-savoir\/shopping-et-sorties-a-goettingen\/","og_site_name":"9 St\u00e4dte in Niedersachsen","article_modified_time":"2025-05-15T15:03:35+00:00","og_image":[{"width":1020,"height":560,"url":"https:\/\/9staedte.de\/wp-content\/uploads\/2023\/02\/Ausgehen-in-Goettingen-c-Goettingen-Tourismus-Lars-Gerhardts.jpg","type":"image\/jpeg"}],"twitter_card":"summary_large_image","twitter_misc":{"Dur\u00e9e de lecture estim\u00e9e":"1 minute"},"schema":{"@context":"https:\/\/schema.org","@graph":[{"@type":"WebPage","@id":"https:\/\/9staedte.de\/fr\/gottingen-une-ville-qui-cree-le-savoir\/shopping-et-sorties-a-goettingen\/","url":"https:\/\/9staedte.de\/fr\/gottingen-une-ville-qui-cree-le-savoir\/shopping-et-sorties-a-goettingen\/","name":"Shopping et sorties \u00e0 G\u00f6ttingen - 9 St\u00e4dte in Niedersachsen","isPartOf":{"@id":"https:\/\/9staedte.de\/fr\/#website"},"primaryImageOfPage":{"@id":"https:\/\/9staedte.de\/fr\/gottingen-une-ville-qui-cree-le-savoir\/shopping-et-sorties-a-goettingen\/#primaryimage"},"image":{"@id":"https:\/\/9staedte.de\/fr\/gottingen-une-ville-qui-cree-le-savoir\/shopping-et-sorties-a-goettingen\/#primaryimage"},"thumbnailUrl":"https:\/\/9staedte.de\/wp-content\/uploads\/2023\/02\/Ausgehen-in-Goettingen-c-Goettingen-Tourismus-Lars-Gerhardts.jpg","datePublished":"2023-11-02T08:49:49+00:00","dateModified":"2025-05-15T15:03:35+00:00","breadcrumb":{"@id":"https:\/\/9staedte.de\/fr\/gottingen-une-ville-qui-cree-le-savoir\/shopping-et-sorties-a-goettingen\/#breadcrumb"},"inLanguage":"fr-FR","potentialAction":[{"@type":"ReadAction","target":["https:\/\/9staedte.de\/fr\/gottingen-une-ville-qui-cree-le-savoir\/shopping-et-sorties-a-goettingen\/"]}]},{"@type":"ImageObject","inLanguage":"fr-FR","@id":"https:\/\/9staedte.de\/fr\/gottingen-une-ville-qui-cree-le-savoir\/shopping-et-sorties-a-goettingen\/#primaryimage","url":"https:\/\/9staedte.de\/wp-content\/uploads\/2023\/02\/Ausgehen-in-Goettingen-c-Goettingen-Tourismus-Lars-Gerhardts.jpg","contentUrl":"https:\/\/9staedte.de\/wp-content\/uploads\/2023\/02\/Ausgehen-in-Goettingen-c-Goettingen-Tourismus-Lars-Gerhardts.jpg","width":1020,"height":560,"caption":"Ausgehen in G\u00f6ttingen c) G\u00f6ttingen Tourismus Lars Gerhardts"},{"@type":"BreadcrumbList","@id":"https:\/\/9staedte.de\/fr\/gottingen-une-ville-qui-cree-le-savoir\/shopping-et-sorties-a-goettingen\/#breadcrumb","itemListElement":[{"@type":"ListItem","position":1,"name":"Startseite","item":"https:\/\/9staedte.de\/fr\/"},{"@type":"ListItem","position":2,"name":"G\u00f6ttingen &#8211; une ville qui cr\u00e9e le savoir","item":"https:\/\/9staedte.de\/fr\/gottingen-une-ville-qui-cree-le-savoir\/"},{"@type":"ListItem","position":3,"name":"Shopping et sorties \u00e0 G\u00f6ttingen"}]},{"@type":"WebSite","@id":"https:\/\/9staedte.de\/fr\/#website","url":"https:\/\/9staedte.de\/fr\/","name":"9 St\u00e4dte in Niedersachsen","description":"","publisher":{"@id":"https:\/\/9staedte.de\/fr\/#organization"},"potentialAction":[{"@type":"SearchAction","target":{"@type":"EntryPoint","urlTemplate":"https:\/\/9staedte.de\/fr\/?s={search_term_string}"},"query-input":{"@type":"PropertyValueSpecification","valueRequired":true,"valueName":"search_term_string"}}],"inLanguage":"fr-FR"},{"@type":"Organization","@id":"https:\/\/9staedte.de\/fr\/#organization","name":"9 St\u00e4dte in Niedersachsen","url":"https:\/\/9staedte.de\/fr\/","logo":{"@type":"ImageObject","inLanguage":"fr-FR","@id":"https:\/\/9staedte.de\/fr\/#\/schema\/logo\/image\/","url":"https:\/\/9staedte.de\/wp-content\/uploads\/2025\/01\/9-neg-deutsch-2-1.png","contentUrl":"https:\/\/9staedte.de\/wp-content\/uploads\/2025\/01\/9-neg-deutsch-2-1.png","width":190,"height":114,"caption":"9 St\u00e4dte in Niedersachsen"},"image":{"@id":"https:\/\/9staedte.de\/fr\/#\/schema\/logo\/image\/"}}]}},"_links":{"self":[{"href":"https:\/\/9staedte.de\/fr\/wp-json\/wp\/v2\/pages\/17633","targetHints":{"allow":["GET"]}}],"collection":[{"href":"https:\/\/9staedte.de\/fr\/wp-json\/wp\/v2\/pages"}],"about":[{"href":"https:\/\/9staedte.de\/fr\/wp-json\/wp\/v2\/types\/page"}],"author":[{"embeddable":true,"href":"https:\/\/9staedte.de\/fr\/wp-json\/wp\/v2\/users\/1"}],"replies":[{"embeddable":true,"href":"https:\/\/9staedte.de\/fr\/wp-json\/wp\/v2\/comments?post=17633"}],"version-history":[{"count":6,"href":"https:\/\/9staedte.de\/fr\/wp-json\/wp\/v2\/pages\/17633\/revisions"}],"predecessor-version":[{"id":25890,"href":"https:\/\/9staedte.de\/fr\/wp-json\/wp\/v2\/pages\/17633\/revisions\/25890"}],"up":[{"embeddable":true,"href":"https:\/\/9staedte.de\/fr\/wp-json\/wp\/v2\/pages\/17986"}],"wp:featuredmedia":[{"embeddable":true,"href":"https:\/\/9staedte.de\/fr\/wp-json\/wp\/v2\/media\/17641"}],"wp:attachment":[{"href":"https:\/\/9staedte.de\/fr\/wp-json\/wp\/v2\/media?parent=17633"}],"wp:term":[{"taxonomy":"category","embeddable":true,"href":"https:\/\/9staedte.de\/fr\/wp-json\/wp\/v2\/categories?post=17633"},{"taxonomy":"post_tag","embeddable":true,"href":"https:\/\/9staedte.de\/fr\/wp-json\/wp\/v2\/tags?post=17633"},{"taxonomy":"ncap_cities_tax","embeddable":true,"href":"https:\/\/9staedte.de\/fr\/wp-json\/wp\/v2\/ncap_cities_tax?post=17633"}],"curies":[{"name":"wp","href":"https:\/\/api.w.org\/{rel}","templated":true}]}}