{"id":17632,"date":"2023-11-02T09:49:49","date_gmt":"2023-11-02T08:49:49","guid":{"rendered":"https:\/\/9staedte.de\/shopping-et-sorties-a-goslar\/"},"modified":"2024-05-08T15:33:46","modified_gmt":"2024-05-08T13:33:46","slug":"shopping-et-sorties-a-goslar","status":"publish","type":"page","link":"https:\/\/9staedte.de\/fr\/goslar-patrimoine-culturel-mondial-dans-le-harz\/shopping-et-sorties-a-goslar\/","title":{"rendered":"Shopping et sorties \u00e0 Goslar"},"content":{"rendered":"\n<h2 class=\"wp-block-heading\">Visitez Goslar &#8211; La ville du shopping dans le Harz<\/h2>\n\n\n\n<p><strong>La ville commer\u00e7ante du Harz&nbsp;vous offre tout ce dont vous avez besoin pour fl\u00e2ner tranquillement dans le centre-ville de Goslar&nbsp;.&nbsp;<\/strong><\/p>\n\n\n\n<p>En vous promenant dans le magnifique centre-ville de Goslar, vous pourrez faire du shopping \u00e0 votre guise, entour\u00e9 d&rsquo;une architecture unique. Sur un kilom\u00e8tre carr\u00e9 de la vieille ville, on trouve une centaine de magasins dans un espace tr\u00e8s restreint. De m\u00eame, de nombreux restaurants authentiques, des caf\u00e9s confortables et des bars branch\u00e9s vous offrent tout ce qui peut \u00e9veiller votre palais et vos sens.<\/p>\n\n\n\n\n<div class=\"banner-wrapper\">\n  <div class=\"banner-inner \">\n      <div class=\"img-container\">\n      <div class=\"img-wrapper\">\n        <img decoding=\"async\" src=\"https:\/\/9staedte.de\/wp-content\/smush-webp\/2023\/02\/Schuhhof-Haeuserfassade_GOSLAR-marketing-gmbh_Fotograf-Stefan-Schiefer-1.jpg.webp\" alt=\"L\u2019image montre le Schuhhof dans la ville de Goslar. De nombreuses maisons \u00e0 colombages anciennes sont align\u00e9es. Elles sont color\u00e9es et joliment d\u00e9cor\u00e9es. Devant les maisons, des gens sont assis \u00e0 une terrasse. Ils boivent quelque chose et profitent du soleil. C\u2019est une journ\u00e9e ensoleill\u00e9e et l\u2019ambiance est d\u00e9tendue.\" \/>\n                  <div class=\"thumbnail-label\">\n            <span>Schuhhof H\u00e4userfassade_GOSLAR marketing gmbh_Fotograf Stefan Schiefer<\/span>\n          <\/div>\n              <\/div>\n    <\/div>\n        <div class=\"text-container\">\n      <div class=\"content\">\n        <h3>Tipps rund ums Einkaufen und Ausgehen in Goslar<\/h3>\n<ul>\n<li>Moderne Gesch\u00e4fte in historischer Architektur<\/li>\n<li>H\u00f6chste Gastronomiedichte in Niedersachsen<\/li>\n<li>Hervorragendes Kulturangebot<\/li>\n<li>Wochenm\u00e4rkte<\/li>\n<li>Kunsthandwerkermarkt<\/li>\n<li>Einzigartiger Weihnachtsmarkt &amp; Weihnachtswald<\/li>\n<\/ul>\n      <\/div>\n    <\/div>\n    <\/div>\n<\/div>\n\n","protected":false},"excerpt":{"rendered":"<p>Visitez Goslar &#8211; La ville du shopping dans le Harz La ville commer\u00e7ante du Harz&nbsp;vous offre tout ce dont vous avez besoin pour fl\u00e2ner tranquillement dans le centre-ville de Goslar&nbsp;.&nbsp; En vous promenant dans le magnifique centre-ville de Goslar, vous pourrez faire du shopping \u00e0 votre guise, entour\u00e9 d&rsquo;une architecture unique. Sur un kilom\u00e8tre carr\u00e9 [&hellip;]<\/p>\n","protected":false},"author":1,"featured_media":17640,"parent":17930,"menu_order":0,"comment_status":"closed","ping_status":"closed","template":"pagetemplates\/template-stadtthema.php","meta":{"_acf_changed":false,"footnotes":""},"categories":[],"tags":[],"ncap_cities_tax":[444,780],"class_list":["post-17632","page","type-page","status-publish","has-post-thumbnail","hentry","ncap_cities_tax-goslar-fr","ncap_cities_tax-shopping-und-ausgehen-goslar-fr"],"acf":[],"yoast_head":"<!-- This site is optimized with the Yoast SEO plugin v26.8 - https:\/\/yoast.com\/product\/yoast-seo-wordpress\/ -->\n<title>Shopping et sorties \u00e0 Goslar - 9 St\u00e4dte in Niedersachsen<\/title>\n<meta name=\"robots\" content=\"index, follow, max-snippet:-1, max-image-preview:large, max-video-preview:-1\" \/>\n<link rel=\"canonical\" href=\"https:\/\/9staedte.de\/fr\/goslar-patrimoine-culturel-mondial-dans-le-harz\/shopping-et-sorties-a-goslar\/\" \/>\n<meta property=\"og:locale\" content=\"fr_FR\" \/>\n<meta property=\"og:type\" content=\"article\" \/>\n<meta property=\"og:title\" content=\"Shopping et sorties \u00e0 Goslar - 9 St\u00e4dte in Niedersachsen\" \/>\n<meta property=\"og:description\" content=\"Visitez Goslar &#8211; La ville du shopping dans le Harz La ville commer\u00e7ante du Harz&nbsp;vous offre tout ce dont vous avez besoin pour fl\u00e2ner tranquillement dans le centre-ville de Goslar&nbsp;.&nbsp; En vous promenant dans le magnifique centre-ville de Goslar, vous pourrez faire du shopping \u00e0 votre guise, entour\u00e9 d&rsquo;une architecture unique. Sur un kilom\u00e8tre carr\u00e9 [&hellip;]\" \/>\n<meta property=\"og:url\" content=\"https:\/\/9staedte.de\/fr\/goslar-patrimoine-culturel-mondial-dans-le-harz\/shopping-et-sorties-a-goslar\/\" \/>\n<meta property=\"og:site_name\" content=\"9 St\u00e4dte in Niedersachsen\" \/>\n<meta property=\"article:modified_time\" content=\"2024-05-08T13:33:46+00:00\" \/>\n<meta property=\"og:image\" content=\"https:\/\/9staedte.de\/wp-content\/uploads\/2023\/02\/Belebter-Marktplatz_Quelle-GOSLAR-marketing-gmbh_Fotograf-Stefan-Schiefer.jpg\" \/>\n\t<meta property=\"og:image:width\" content=\"1020\" \/>\n\t<meta property=\"og:image:height\" content=\"560\" \/>\n\t<meta property=\"og:image:type\" content=\"image\/jpeg\" \/>\n<meta name=\"twitter:card\" content=\"summary_large_image\" \/>\n<meta name=\"twitter:label1\" content=\"Dur\u00e9e de lecture estim\u00e9e\" \/>\n\t<meta name=\"twitter:data1\" content=\"1 minute\" \/>\n<script type=\"application\/ld+json\" class=\"yoast-schema-graph\">{\"@context\":\"https:\/\/schema.org\",\"@graph\":[{\"@type\":\"WebPage\",\"@id\":\"https:\/\/9staedte.de\/fr\/goslar-patrimoine-culturel-mondial-dans-le-harz\/shopping-et-sorties-a-goslar\/\",\"url\":\"https:\/\/9staedte.de\/fr\/goslar-patrimoine-culturel-mondial-dans-le-harz\/shopping-et-sorties-a-goslar\/\",\"name\":\"Shopping et sorties \u00e0 Goslar - 9 St\u00e4dte in Niedersachsen\",\"isPartOf\":{\"@id\":\"https:\/\/9staedte.de\/fr\/#website\"},\"primaryImageOfPage\":{\"@id\":\"https:\/\/9staedte.de\/fr\/goslar-patrimoine-culturel-mondial-dans-le-harz\/shopping-et-sorties-a-goslar\/#primaryimage\"},\"image\":{\"@id\":\"https:\/\/9staedte.de\/fr\/goslar-patrimoine-culturel-mondial-dans-le-harz\/shopping-et-sorties-a-goslar\/#primaryimage\"},\"thumbnailUrl\":\"https:\/\/9staedte.de\/wp-content\/uploads\/2023\/02\/Belebter-Marktplatz_Quelle-GOSLAR-marketing-gmbh_Fotograf-Stefan-Schiefer.jpg\",\"datePublished\":\"2023-11-02T08:49:49+00:00\",\"dateModified\":\"2024-05-08T13:33:46+00:00\",\"breadcrumb\":{\"@id\":\"https:\/\/9staedte.de\/fr\/goslar-patrimoine-culturel-mondial-dans-le-harz\/shopping-et-sorties-a-goslar\/#breadcrumb\"},\"inLanguage\":\"fr-FR\",\"potentialAction\":[{\"@type\":\"ReadAction\",\"target\":[\"https:\/\/9staedte.de\/fr\/goslar-patrimoine-culturel-mondial-dans-le-harz\/shopping-et-sorties-a-goslar\/\"]}]},{\"@type\":\"ImageObject\",\"inLanguage\":\"fr-FR\",\"@id\":\"https:\/\/9staedte.de\/fr\/goslar-patrimoine-culturel-mondial-dans-le-harz\/shopping-et-sorties-a-goslar\/#primaryimage\",\"url\":\"https:\/\/9staedte.de\/wp-content\/uploads\/2023\/02\/Belebter-Marktplatz_Quelle-GOSLAR-marketing-gmbh_Fotograf-Stefan-Schiefer.jpg\",\"contentUrl\":\"https:\/\/9staedte.de\/wp-content\/uploads\/2023\/02\/Belebter-Marktplatz_Quelle-GOSLAR-marketing-gmbh_Fotograf-Stefan-Schiefer.jpg\",\"width\":1020,\"height\":560,\"caption\":\"Belebter Marktplatz_Quelle GOSLAR marketing gmbh_Fotograf Stefan Schiefer\"},{\"@type\":\"BreadcrumbList\",\"@id\":\"https:\/\/9staedte.de\/fr\/goslar-patrimoine-culturel-mondial-dans-le-harz\/shopping-et-sorties-a-goslar\/#breadcrumb\",\"itemListElement\":[{\"@type\":\"ListItem\",\"position\":1,\"name\":\"Startseite\",\"item\":\"https:\/\/9staedte.de\/fr\/\"},{\"@type\":\"ListItem\",\"position\":2,\"name\":\"Goslar &#8211; Patrimoine culturel mondial dans le Harz\",\"item\":\"https:\/\/9staedte.de\/fr\/goslar-patrimoine-culturel-mondial-dans-le-harz\/\"},{\"@type\":\"ListItem\",\"position\":3,\"name\":\"Shopping et sorties \u00e0 Goslar\"}]},{\"@type\":\"WebSite\",\"@id\":\"https:\/\/9staedte.de\/fr\/#website\",\"url\":\"https:\/\/9staedte.de\/fr\/\",\"name\":\"9 St\u00e4dte in Niedersachsen\",\"description\":\"\",\"publisher\":{\"@id\":\"https:\/\/9staedte.de\/fr\/#organization\"},\"potentialAction\":[{\"@type\":\"SearchAction\",\"target\":{\"@type\":\"EntryPoint\",\"urlTemplate\":\"https:\/\/9staedte.de\/fr\/?s={search_term_string}\"},\"query-input\":{\"@type\":\"PropertyValueSpecification\",\"valueRequired\":true,\"valueName\":\"search_term_string\"}}],\"inLanguage\":\"fr-FR\"},{\"@type\":\"Organization\",\"@id\":\"https:\/\/9staedte.de\/fr\/#organization\",\"name\":\"9 St\u00e4dte in Niedersachsen\",\"url\":\"https:\/\/9staedte.de\/fr\/\",\"logo\":{\"@type\":\"ImageObject\",\"inLanguage\":\"fr-FR\",\"@id\":\"https:\/\/9staedte.de\/fr\/#\/schema\/logo\/image\/\",\"url\":\"https:\/\/9staedte.de\/wp-content\/uploads\/2025\/01\/9-neg-deutsch-2-1.png\",\"contentUrl\":\"https:\/\/9staedte.de\/wp-content\/uploads\/2025\/01\/9-neg-deutsch-2-1.png\",\"width\":190,\"height\":114,\"caption\":\"9 St\u00e4dte in Niedersachsen\"},\"image\":{\"@id\":\"https:\/\/9staedte.de\/fr\/#\/schema\/logo\/image\/\"}}]}<\/script>\n<!-- \/ Yoast SEO plugin. -->","yoast_head_json":{"title":"Shopping et sorties \u00e0 Goslar - 9 St\u00e4dte in Niedersachsen","robots":{"index":"index","follow":"follow","max-snippet":"max-snippet:-1","max-image-preview":"max-image-preview:large","max-video-preview":"max-video-preview:-1"},"canonical":"https:\/\/9staedte.de\/fr\/goslar-patrimoine-culturel-mondial-dans-le-harz\/shopping-et-sorties-a-goslar\/","og_locale":"fr_FR","og_type":"article","og_title":"Shopping et sorties \u00e0 Goslar - 9 St\u00e4dte in Niedersachsen","og_description":"Visitez Goslar &#8211; La ville du shopping dans le Harz La ville commer\u00e7ante du Harz&nbsp;vous offre tout ce dont vous avez besoin pour fl\u00e2ner tranquillement dans le centre-ville de Goslar&nbsp;.&nbsp; En vous promenant dans le magnifique centre-ville de Goslar, vous pourrez faire du shopping \u00e0 votre guise, entour\u00e9 d&rsquo;une architecture unique. Sur un kilom\u00e8tre carr\u00e9 [&hellip;]","og_url":"https:\/\/9staedte.de\/fr\/goslar-patrimoine-culturel-mondial-dans-le-harz\/shopping-et-sorties-a-goslar\/","og_site_name":"9 St\u00e4dte in Niedersachsen","article_modified_time":"2024-05-08T13:33:46+00:00","og_image":[{"width":1020,"height":560,"url":"https:\/\/9staedte.de\/wp-content\/uploads\/2023\/02\/Belebter-Marktplatz_Quelle-GOSLAR-marketing-gmbh_Fotograf-Stefan-Schiefer.jpg","type":"image\/jpeg"}],"twitter_card":"summary_large_image","twitter_misc":{"Dur\u00e9e de lecture estim\u00e9e":"1 minute"},"schema":{"@context":"https:\/\/schema.org","@graph":[{"@type":"WebPage","@id":"https:\/\/9staedte.de\/fr\/goslar-patrimoine-culturel-mondial-dans-le-harz\/shopping-et-sorties-a-goslar\/","url":"https:\/\/9staedte.de\/fr\/goslar-patrimoine-culturel-mondial-dans-le-harz\/shopping-et-sorties-a-goslar\/","name":"Shopping et sorties \u00e0 Goslar - 9 St\u00e4dte in Niedersachsen","isPartOf":{"@id":"https:\/\/9staedte.de\/fr\/#website"},"primaryImageOfPage":{"@id":"https:\/\/9staedte.de\/fr\/goslar-patrimoine-culturel-mondial-dans-le-harz\/shopping-et-sorties-a-goslar\/#primaryimage"},"image":{"@id":"https:\/\/9staedte.de\/fr\/goslar-patrimoine-culturel-mondial-dans-le-harz\/shopping-et-sorties-a-goslar\/#primaryimage"},"thumbnailUrl":"https:\/\/9staedte.de\/wp-content\/uploads\/2023\/02\/Belebter-Marktplatz_Quelle-GOSLAR-marketing-gmbh_Fotograf-Stefan-Schiefer.jpg","datePublished":"2023-11-02T08:49:49+00:00","dateModified":"2024-05-08T13:33:46+00:00","breadcrumb":{"@id":"https:\/\/9staedte.de\/fr\/goslar-patrimoine-culturel-mondial-dans-le-harz\/shopping-et-sorties-a-goslar\/#breadcrumb"},"inLanguage":"fr-FR","potentialAction":[{"@type":"ReadAction","target":["https:\/\/9staedte.de\/fr\/goslar-patrimoine-culturel-mondial-dans-le-harz\/shopping-et-sorties-a-goslar\/"]}]},{"@type":"ImageObject","inLanguage":"fr-FR","@id":"https:\/\/9staedte.de\/fr\/goslar-patrimoine-culturel-mondial-dans-le-harz\/shopping-et-sorties-a-goslar\/#primaryimage","url":"https:\/\/9staedte.de\/wp-content\/uploads\/2023\/02\/Belebter-Marktplatz_Quelle-GOSLAR-marketing-gmbh_Fotograf-Stefan-Schiefer.jpg","contentUrl":"https:\/\/9staedte.de\/wp-content\/uploads\/2023\/02\/Belebter-Marktplatz_Quelle-GOSLAR-marketing-gmbh_Fotograf-Stefan-Schiefer.jpg","width":1020,"height":560,"caption":"Belebter Marktplatz_Quelle GOSLAR marketing gmbh_Fotograf Stefan Schiefer"},{"@type":"BreadcrumbList","@id":"https:\/\/9staedte.de\/fr\/goslar-patrimoine-culturel-mondial-dans-le-harz\/shopping-et-sorties-a-goslar\/#breadcrumb","itemListElement":[{"@type":"ListItem","position":1,"name":"Startseite","item":"https:\/\/9staedte.de\/fr\/"},{"@type":"ListItem","position":2,"name":"Goslar &#8211; Patrimoine culturel mondial dans le Harz","item":"https:\/\/9staedte.de\/fr\/goslar-patrimoine-culturel-mondial-dans-le-harz\/"},{"@type":"ListItem","position":3,"name":"Shopping et sorties \u00e0 Goslar"}]},{"@type":"WebSite","@id":"https:\/\/9staedte.de\/fr\/#website","url":"https:\/\/9staedte.de\/fr\/","name":"9 St\u00e4dte in Niedersachsen","description":"","publisher":{"@id":"https:\/\/9staedte.de\/fr\/#organization"},"potentialAction":[{"@type":"SearchAction","target":{"@type":"EntryPoint","urlTemplate":"https:\/\/9staedte.de\/fr\/?s={search_term_string}"},"query-input":{"@type":"PropertyValueSpecification","valueRequired":true,"valueName":"search_term_string"}}],"inLanguage":"fr-FR"},{"@type":"Organization","@id":"https:\/\/9staedte.de\/fr\/#organization","name":"9 St\u00e4dte in Niedersachsen","url":"https:\/\/9staedte.de\/fr\/","logo":{"@type":"ImageObject","inLanguage":"fr-FR","@id":"https:\/\/9staedte.de\/fr\/#\/schema\/logo\/image\/","url":"https:\/\/9staedte.de\/wp-content\/uploads\/2025\/01\/9-neg-deutsch-2-1.png","contentUrl":"https:\/\/9staedte.de\/wp-content\/uploads\/2025\/01\/9-neg-deutsch-2-1.png","width":190,"height":114,"caption":"9 St\u00e4dte in Niedersachsen"},"image":{"@id":"https:\/\/9staedte.de\/fr\/#\/schema\/logo\/image\/"}}]}},"_links":{"self":[{"href":"https:\/\/9staedte.de\/fr\/wp-json\/wp\/v2\/pages\/17632","targetHints":{"allow":["GET"]}}],"collection":[{"href":"https:\/\/9staedte.de\/fr\/wp-json\/wp\/v2\/pages"}],"about":[{"href":"https:\/\/9staedte.de\/fr\/wp-json\/wp\/v2\/types\/page"}],"author":[{"embeddable":true,"href":"https:\/\/9staedte.de\/fr\/wp-json\/wp\/v2\/users\/1"}],"replies":[{"embeddable":true,"href":"https:\/\/9staedte.de\/fr\/wp-json\/wp\/v2\/comments?post=17632"}],"version-history":[{"count":2,"href":"https:\/\/9staedte.de\/fr\/wp-json\/wp\/v2\/pages\/17632\/revisions"}],"predecessor-version":[{"id":22294,"href":"https:\/\/9staedte.de\/fr\/wp-json\/wp\/v2\/pages\/17632\/revisions\/22294"}],"up":[{"embeddable":true,"href":"https:\/\/9staedte.de\/fr\/wp-json\/wp\/v2\/pages\/17930"}],"wp:featuredmedia":[{"embeddable":true,"href":"https:\/\/9staedte.de\/fr\/wp-json\/wp\/v2\/media\/17640"}],"wp:attachment":[{"href":"https:\/\/9staedte.de\/fr\/wp-json\/wp\/v2\/media?parent=17632"}],"wp:term":[{"taxonomy":"category","embeddable":true,"href":"https:\/\/9staedte.de\/fr\/wp-json\/wp\/v2\/categories?post=17632"},{"taxonomy":"post_tag","embeddable":true,"href":"https:\/\/9staedte.de\/fr\/wp-json\/wp\/v2\/tags?post=17632"},{"taxonomy":"ncap_cities_tax","embeddable":true,"href":"https:\/\/9staedte.de\/fr\/wp-json\/wp\/v2\/ncap_cities_tax?post=17632"}],"curies":[{"name":"wp","href":"https:\/\/api.w.org\/{rel}","templated":true}]}}