{"id":17629,"date":"2023-11-02T09:49:48","date_gmt":"2023-11-02T08:49:48","guid":{"rendered":"https:\/\/9staedte.de\/chateaux-et-jardins-a-hanovre\/"},"modified":"2023-11-02T18:09:30","modified_gmt":"2023-11-02T17:09:30","slug":"chateaux-et-jardins-a-hanovre","status":"publish","type":"page","link":"https:\/\/9staedte.de\/fr\/hanovre-capitale-de-la-basse-saxe\/chateaux-et-jardins-a-hanovre\/","title":{"rendered":"Ch\u00e2teaux et jardins \u00e0 Hanovre"},"content":{"rendered":"\r\n\r\n    <div class=\"filter-posts\">\r\n            <div  id=\"filterContent\">\r\n                                                        \n<div class=\"contentKachel filtr-item\" data-category=\"hannover-fr\">\n    <a href=\"https:\/\/9staedte.de\/fr\/musee-du-chateau-de-herrenhausen\/\">\n        <div class=\"contentKachel-inner\">\n                            <div class=\"contentKachel-thumbnail\">\n                    <img loading=\"lazy\" decoding=\"async\" width=\"300\" height=\"170\" src=\"https:\/\/9staedte.de\/wp-content\/smush-webp\/2022\/03\/Schloss-Herrenhausen-c-HMTG-Hassan-Mahramzadeh-300x170.jpg.webp\" class=\"objectfitcover withfilters wp-post-image\" alt=\"Sur la photo, on voit un grand palais. Le palais est clair et au centre. Devant, il y a un grand jardin avec des haies d\u00e9coratives. Il y a des statues des deux c\u00f4t\u00e9s. Le ciel est bleu.\" srcset=\"https:\/\/9staedte.de\/wp-content\/smush-webp\/2022\/03\/Schloss-Herrenhausen-c-HMTG-Hassan-Mahramzadeh-300x170.jpg.webp 300w, https:\/\/9staedte.de\/wp-content\/smush-webp\/2022\/03\/Schloss-Herrenhausen-c-HMTG-Hassan-Mahramzadeh-768x434.jpg.webp 768w, https:\/\/9staedte.de\/wp-content\/smush-webp\/2022\/03\/Schloss-Herrenhausen-c-HMTG-Hassan-Mahramzadeh.jpg.webp 1020w\" sizes=\"auto, (max-width: 300px) 100vw, 300px\" \/>                    <img loading=\"lazy\" decoding=\"async\" width=\"300\" height=\"170\" src=\"https:\/\/9staedte.de\/wp-content\/smush-webp\/2022\/03\/Schloss-Herrenhausen-c-HMTG-Hassan-Mahramzadeh-300x170.jpg.webp\" class=\"objectfitcontain wp-post-image\" alt=\"Sur la photo, on voit un grand palais. Le palais est clair et au centre. Devant, il y a un grand jardin avec des haies d\u00e9coratives. Il y a des statues des deux c\u00f4t\u00e9s. Le ciel est bleu.\" srcset=\"https:\/\/9staedte.de\/wp-content\/smush-webp\/2022\/03\/Schloss-Herrenhausen-c-HMTG-Hassan-Mahramzadeh-300x170.jpg.webp 300w, https:\/\/9staedte.de\/wp-content\/smush-webp\/2022\/03\/Schloss-Herrenhausen-c-HMTG-Hassan-Mahramzadeh-768x434.jpg.webp 768w, https:\/\/9staedte.de\/wp-content\/smush-webp\/2022\/03\/Schloss-Herrenhausen-c-HMTG-Hassan-Mahramzadeh.jpg.webp 1020w\" sizes=\"auto, (max-width: 300px) 100vw, 300px\" \/>                        <div class=\"thumbnail-label\">\n    <span>Schloss Herrenhausen c) HMTG Hassan Mahramzadeh<\/span>\n    <\/div>\n                <\/div>\n                        <div class=\"contentKachel-content\">\n                                    <div class=\"city-tag bg-hannover\">\n                        Hannover                    <\/div>\n                \n                <div class=\"title\">\n\n                    Mus\u00e9e du ch\u00e2teau de Herrenhausen                    \n                <\/div>\n\n                            <\/div>\n\n        <\/div>\n    <\/a>\n<\/div>                                                        \n<div class=\"contentKachel filtr-item\" data-category=\"hannover-fr\">\n    <a href=\"https:\/\/9staedte.de\/fr\/les-jardins-de-herrenhausen-a-hanovre-lart-des-jardins-a-la-perfection\/\">\n        <div class=\"contentKachel-inner\">\n                            <div class=\"contentKachel-thumbnail\">\n                    <img loading=\"lazy\" decoding=\"async\" width=\"300\" height=\"165\" src=\"https:\/\/9staedte.de\/wp-content\/smush-webp\/2023\/02\/Grosser-Garten-Herrenhausen-c-HMTG-Patrick-Graf-300x165.jpg.webp\" class=\"objectfitcover withfilters wp-post-image\" alt=\"Sur la photo, on voit un grand jardin. Les haies sont taill\u00e9es en belles formes. Au centre, il y a une grande fontaine. La fontaine est illumin\u00e9e. Derri\u00e8re, un b\u00e2timent clair est \u00e9clair\u00e9. Le soleil est en train de se coucher.\" srcset=\"https:\/\/9staedte.de\/wp-content\/smush-webp\/2023\/02\/Grosser-Garten-Herrenhausen-c-HMTG-Patrick-Graf-300x165.jpg.webp 300w, https:\/\/9staedte.de\/wp-content\/smush-webp\/2023\/02\/Grosser-Garten-Herrenhausen-c-HMTG-Patrick-Graf-768x422.jpg.webp 768w, https:\/\/9staedte.de\/wp-content\/smush-webp\/2023\/02\/Grosser-Garten-Herrenhausen-c-HMTG-Patrick-Graf.jpg.webp 1020w\" sizes=\"auto, (max-width: 300px) 100vw, 300px\" \/>                    <img loading=\"lazy\" decoding=\"async\" width=\"300\" height=\"165\" src=\"https:\/\/9staedte.de\/wp-content\/smush-webp\/2023\/02\/Grosser-Garten-Herrenhausen-c-HMTG-Patrick-Graf-300x165.jpg.webp\" class=\"objectfitcontain wp-post-image\" alt=\"Sur la photo, on voit un grand jardin. Les haies sont taill\u00e9es en belles formes. Au centre, il y a une grande fontaine. La fontaine est illumin\u00e9e. Derri\u00e8re, un b\u00e2timent clair est \u00e9clair\u00e9. Le soleil est en train de se coucher.\" srcset=\"https:\/\/9staedte.de\/wp-content\/smush-webp\/2023\/02\/Grosser-Garten-Herrenhausen-c-HMTG-Patrick-Graf-300x165.jpg.webp 300w, https:\/\/9staedte.de\/wp-content\/smush-webp\/2023\/02\/Grosser-Garten-Herrenhausen-c-HMTG-Patrick-Graf-768x422.jpg.webp 768w, https:\/\/9staedte.de\/wp-content\/smush-webp\/2023\/02\/Grosser-Garten-Herrenhausen-c-HMTG-Patrick-Graf.jpg.webp 1020w\" sizes=\"auto, (max-width: 300px) 100vw, 300px\" \/>                        <div class=\"thumbnail-label\">\n    <span>Hannover Herrenh\u00e4user G\u00e4rten mit  Illumination c) HMTG Patrick Graf<\/span>\n    <\/div>\n                <\/div>\n                        <div class=\"contentKachel-content\">\n                                    <div class=\"city-tag bg-hannover\">\n                        Hannover                    <\/div>\n                \n                <div class=\"title\">\n\n                    Les jardins de Herrenhausen \u00e0 Hanovre &#8211; l&rsquo;art des jardins \u00e0 la perfection                    \n                <\/div>\n\n                            <\/div>\n\n        <\/div>\n    <\/a>\n<\/div>                                                        \n<div class=\"contentKachel filtr-item\" data-category=\"hannover-fr\">\n    <a href=\"https:\/\/9staedte.de\/fr\/chateau-de-marienburg-un-reve-neogothique\/\">\n        <div class=\"contentKachel-inner\">\n                            <div class=\"contentKachel-thumbnail\">\n                    <img loading=\"lazy\" decoding=\"async\" width=\"300\" height=\"163\" src=\"https:\/\/9staedte.de\/wp-content\/smush-webp\/2022\/03\/Schloss-Marienburg-c-HMTG-Michael-Abid-300x163.jpg.webp\" class=\"objectfitcover withfilters wp-post-image\" alt=\"Sur la photo, on voit un ch\u00e2teau sur une colline. Il s\u2019appelle Ch\u00e2teau de Marienburg. Il est entour\u00e9 d\u2019une for\u00eat. \u00c0 droite, il y a une rivi\u00e8re calme. C\u2019est le matin ou le soir. Le ciel est orange et plein de brouillard. C\u2019est tr\u00e8s beau.\" srcset=\"https:\/\/9staedte.de\/wp-content\/smush-webp\/2022\/03\/Schloss-Marienburg-c-HMTG-Michael-Abid-300x163.jpg.webp 300w, https:\/\/9staedte.de\/wp-content\/smush-webp\/2022\/03\/Schloss-Marienburg-c-HMTG-Michael-Abid-768x418.jpg.webp 768w, https:\/\/9staedte.de\/wp-content\/smush-webp\/2022\/03\/Schloss-Marienburg-c-HMTG-Michael-Abid.jpg.webp 1019w\" sizes=\"auto, (max-width: 300px) 100vw, 300px\" \/>                    <img loading=\"lazy\" decoding=\"async\" width=\"300\" height=\"163\" src=\"https:\/\/9staedte.de\/wp-content\/smush-webp\/2022\/03\/Schloss-Marienburg-c-HMTG-Michael-Abid-300x163.jpg.webp\" class=\"objectfitcontain wp-post-image\" alt=\"Sur la photo, on voit un ch\u00e2teau sur une colline. Il s\u2019appelle Ch\u00e2teau de Marienburg. Il est entour\u00e9 d\u2019une for\u00eat. \u00c0 droite, il y a une rivi\u00e8re calme. C\u2019est le matin ou le soir. Le ciel est orange et plein de brouillard. C\u2019est tr\u00e8s beau.\" srcset=\"https:\/\/9staedte.de\/wp-content\/smush-webp\/2022\/03\/Schloss-Marienburg-c-HMTG-Michael-Abid-300x163.jpg.webp 300w, https:\/\/9staedte.de\/wp-content\/smush-webp\/2022\/03\/Schloss-Marienburg-c-HMTG-Michael-Abid-768x418.jpg.webp 768w, https:\/\/9staedte.de\/wp-content\/smush-webp\/2022\/03\/Schloss-Marienburg-c-HMTG-Michael-Abid.jpg.webp 1019w\" sizes=\"auto, (max-width: 300px) 100vw, 300px\" \/>                        <div class=\"thumbnail-label\">\n    <span>Schloss Marienburg c) HMTG Michael Abid<\/span>\n    <\/div>\n                <\/div>\n                        <div class=\"contentKachel-content\">\n                                    <div class=\"city-tag bg-hannover\">\n                        Hannover                    <\/div>\n                \n                <div class=\"title\">\n\n                    Ch\u00e2teau de Marienburg &#8211; un r\u00eave n\u00e9ogothique                    \n                <\/div>\n\n                            <\/div>\n\n        <\/div>\n    <\/a>\n<\/div>                                                        \n<div class=\"contentKachel filtr-item\" data-category=\"hannover-fr\">\n    <a href=\"https:\/\/9staedte.de\/fr\/chateau-de-leines-a-hanovre\/\">\n        <div class=\"contentKachel-inner\">\n                            <div class=\"contentKachel-thumbnail\">\n                    <img loading=\"lazy\" decoding=\"async\" width=\"300\" height=\"166\" src=\"https:\/\/9staedte.de\/wp-content\/smush-webp\/2022\/03\/Hannover-Landtag-Leineschloss-c-HMTG-Hans-Zaglitsch-300x166.jpg.webp\" class=\"objectfitcover withfilters wp-post-image\" alt=\"Sur la photo, on voit un grand b\u00e2timent. C\u2019est le ch\u00e2teau Leine \u00e0 Hanovre. Le b\u00e2timent a de grandes colonnes. Il ressemble \u00e0 un palais ou un temple. Le soir, il est bien \u00e9clair\u00e9. Derri\u00e8re les colonnes, il y a de grandes fen\u00eatres.\" srcset=\"https:\/\/9staedte.de\/wp-content\/smush-webp\/2022\/03\/Hannover-Landtag-Leineschloss-c-HMTG-Hans-Zaglitsch-300x166.jpg.webp 300w, https:\/\/9staedte.de\/wp-content\/smush-webp\/2022\/03\/Hannover-Landtag-Leineschloss-c-HMTG-Hans-Zaglitsch-768x424.jpg.webp 768w, https:\/\/9staedte.de\/wp-content\/smush-webp\/2022\/03\/Hannover-Landtag-Leineschloss-c-HMTG-Hans-Zaglitsch.jpg.webp 1020w\" sizes=\"auto, (max-width: 300px) 100vw, 300px\" \/>                    <img loading=\"lazy\" decoding=\"async\" width=\"300\" height=\"166\" src=\"https:\/\/9staedte.de\/wp-content\/smush-webp\/2022\/03\/Hannover-Landtag-Leineschloss-c-HMTG-Hans-Zaglitsch-300x166.jpg.webp\" class=\"objectfitcontain wp-post-image\" alt=\"Sur la photo, on voit un grand b\u00e2timent. C\u2019est le ch\u00e2teau Leine \u00e0 Hanovre. Le b\u00e2timent a de grandes colonnes. Il ressemble \u00e0 un palais ou un temple. Le soir, il est bien \u00e9clair\u00e9. Derri\u00e8re les colonnes, il y a de grandes fen\u00eatres.\" srcset=\"https:\/\/9staedte.de\/wp-content\/smush-webp\/2022\/03\/Hannover-Landtag-Leineschloss-c-HMTG-Hans-Zaglitsch-300x166.jpg.webp 300w, https:\/\/9staedte.de\/wp-content\/smush-webp\/2022\/03\/Hannover-Landtag-Leineschloss-c-HMTG-Hans-Zaglitsch-768x424.jpg.webp 768w, https:\/\/9staedte.de\/wp-content\/smush-webp\/2022\/03\/Hannover-Landtag-Leineschloss-c-HMTG-Hans-Zaglitsch.jpg.webp 1020w\" sizes=\"auto, (max-width: 300px) 100vw, 300px\" \/>                        <div class=\"thumbnail-label\">\n    <span>Leineschloss Hannover c) HMTG Hans  Zaglitsch<\/span>\n    <\/div>\n                <\/div>\n                        <div class=\"contentKachel-content\">\n                                    <div class=\"city-tag bg-hannover\">\n                        Hannover                    <\/div>\n                \n                <div class=\"title\">\n\n                    Ch\u00e2teau de Leines \u00e0 Hanovre                    \n                <\/div>\n\n                            <\/div>\n\n        <\/div>\n    <\/a>\n<\/div>                                                        \n<div class=\"contentKachel filtr-item\" data-category=\"hannover-fr\">\n    <a href=\"https:\/\/9staedte.de\/fr\/chateau-des-guelfes-a-hanovre\/\">\n        <div class=\"contentKachel-inner\">\n                            <div class=\"contentKachel-thumbnail\">\n                    <img loading=\"lazy\" decoding=\"async\" width=\"300\" height=\"163\" src=\"https:\/\/9staedte.de\/wp-content\/smush-webp\/2022\/03\/Leibniz-Universitaet-Hannover-c-HMTG-Lars-Gerhardts-300x163.jpg.webp\" class=\"objectfitcover withfilters wp-post-image\" alt=\"Sur la photo, on voit un tr\u00e8s grand b\u00e2timent. C\u2019est le ch\u00e2teau des Welfs \u00e0 Hanovre. Aujourd\u2019hui, c\u2019est l\u2019universit\u00e9 Leibniz. Le b\u00e2timent est clair, avec beaucoup de fen\u00eatres et des tours. Devant, il y a une statue. Le ciel est bleu avec des nuages blancs.\" srcset=\"https:\/\/9staedte.de\/wp-content\/smush-webp\/2022\/03\/Leibniz-Universitaet-Hannover-c-HMTG-Lars-Gerhardts-300x163.jpg.webp 300w, https:\/\/9staedte.de\/wp-content\/smush-webp\/2022\/03\/Leibniz-Universitaet-Hannover-c-HMTG-Lars-Gerhardts-768x418.jpg.webp 768w, https:\/\/9staedte.de\/wp-content\/smush-webp\/2022\/03\/Leibniz-Universitaet-Hannover-c-HMTG-Lars-Gerhardts.jpg.webp 1020w\" sizes=\"auto, (max-width: 300px) 100vw, 300px\" \/>                    <img loading=\"lazy\" decoding=\"async\" width=\"300\" height=\"163\" src=\"https:\/\/9staedte.de\/wp-content\/smush-webp\/2022\/03\/Leibniz-Universitaet-Hannover-c-HMTG-Lars-Gerhardts-300x163.jpg.webp\" class=\"objectfitcontain wp-post-image\" alt=\"Sur la photo, on voit un tr\u00e8s grand b\u00e2timent. C\u2019est le ch\u00e2teau des Welfs \u00e0 Hanovre. Aujourd\u2019hui, c\u2019est l\u2019universit\u00e9 Leibniz. Le b\u00e2timent est clair, avec beaucoup de fen\u00eatres et des tours. Devant, il y a une statue. Le ciel est bleu avec des nuages blancs.\" srcset=\"https:\/\/9staedte.de\/wp-content\/smush-webp\/2022\/03\/Leibniz-Universitaet-Hannover-c-HMTG-Lars-Gerhardts-300x163.jpg.webp 300w, https:\/\/9staedte.de\/wp-content\/smush-webp\/2022\/03\/Leibniz-Universitaet-Hannover-c-HMTG-Lars-Gerhardts-768x418.jpg.webp 768w, https:\/\/9staedte.de\/wp-content\/smush-webp\/2022\/03\/Leibniz-Universitaet-Hannover-c-HMTG-Lars-Gerhardts.jpg.webp 1020w\" sizes=\"auto, (max-width: 300px) 100vw, 300px\" \/>                        <div class=\"thumbnail-label\">\n    <span>Leibniz Universit\u00e4t Hannover c) HMTG Lars Gerhardts<\/span>\n    <\/div>\n                <\/div>\n                        <div class=\"contentKachel-content\">\n                                    <div class=\"city-tag bg-hannover\">\n                        Hannover                    <\/div>\n                \n                <div class=\"title\">\n\n                    Ch\u00e2teau des Guelfes \u00e0 Hanovre                    \n                <\/div>\n\n                            <\/div>\n\n        <\/div>\n    <\/a>\n<\/div>                                            <\/div>\r\n    <\/div>\r\n","protected":false},"excerpt":{"rendered":"","protected":false},"author":1,"featured_media":17642,"parent":18000,"menu_order":0,"comment_status":"closed","ping_status":"closed","template":"pagetemplates\/template-stadtthema.php","meta":{"_acf_changed":false,"footnotes":""},"categories":[],"tags":[],"ncap_cities_tax":[457,737],"class_list":["post-17629","page","type-page","status-publish","has-post-thumbnail","hentry","ncap_cities_tax-hannover-fr","ncap_cities_tax-schlosser-und-garten-hannover-fr"],"acf":[],"yoast_head":"<!-- This site is optimized with the Yoast SEO plugin v27.4 - https:\/\/yoast.com\/product\/yoast-seo-wordpress\/ -->\n<title>Ch\u00e2teaux et jardins \u00e0 Hanovre - 9 St\u00e4dte in Niedersachsen<\/title>\n<meta name=\"robots\" content=\"index, follow, max-snippet:-1, max-image-preview:large, max-video-preview:-1\" \/>\n<link rel=\"canonical\" href=\"https:\/\/9staedte.de\/fr\/hanovre-capitale-de-la-basse-saxe\/chateaux-et-jardins-a-hanovre\/\" \/>\n<meta property=\"og:locale\" content=\"fr_FR\" \/>\n<meta property=\"og:type\" content=\"article\" \/>\n<meta property=\"og:title\" content=\"Ch\u00e2teaux et jardins \u00e0 Hanovre - 9 St\u00e4dte in Niedersachsen\" \/>\n<meta property=\"og:url\" content=\"https:\/\/9staedte.de\/fr\/hanovre-capitale-de-la-basse-saxe\/chateaux-et-jardins-a-hanovre\/\" \/>\n<meta property=\"og:site_name\" content=\"9 St\u00e4dte in Niedersachsen\" \/>\n<meta property=\"article:modified_time\" content=\"2023-11-02T17:09:30+00:00\" \/>\n<meta property=\"og:image\" content=\"https:\/\/9staedte.de\/wp-content\/uploads\/2023\/02\/Herrenhaeuser-Gaertem-c-HMTG-Lars-Gerhardts.jpg\" \/>\n\t<meta property=\"og:image:width\" content=\"1020\" \/>\n\t<meta property=\"og:image:height\" content=\"560\" \/>\n\t<meta property=\"og:image:type\" content=\"image\/jpeg\" \/>\n<meta name=\"twitter:card\" content=\"summary_large_image\" \/>\n<script type=\"application\/ld+json\" class=\"yoast-schema-graph\">{\"@context\":\"https:\\\/\\\/schema.org\",\"@graph\":[{\"@type\":\"WebPage\",\"@id\":\"https:\\\/\\\/9staedte.de\\\/fr\\\/hanovre-capitale-de-la-basse-saxe\\\/chateaux-et-jardins-a-hanovre\\\/\",\"url\":\"https:\\\/\\\/9staedte.de\\\/fr\\\/hanovre-capitale-de-la-basse-saxe\\\/chateaux-et-jardins-a-hanovre\\\/\",\"name\":\"Ch\u00e2teaux et jardins \u00e0 Hanovre - 9 St\u00e4dte in Niedersachsen\",\"isPartOf\":{\"@id\":\"https:\\\/\\\/9staedte.de\\\/fr\\\/#website\"},\"primaryImageOfPage\":{\"@id\":\"https:\\\/\\\/9staedte.de\\\/fr\\\/hanovre-capitale-de-la-basse-saxe\\\/chateaux-et-jardins-a-hanovre\\\/#primaryimage\"},\"image\":{\"@id\":\"https:\\\/\\\/9staedte.de\\\/fr\\\/hanovre-capitale-de-la-basse-saxe\\\/chateaux-et-jardins-a-hanovre\\\/#primaryimage\"},\"thumbnailUrl\":\"https:\\\/\\\/9staedte.de\\\/wp-content\\\/uploads\\\/2023\\\/02\\\/Herrenhaeuser-Gaertem-c-HMTG-Lars-Gerhardts.jpg\",\"datePublished\":\"2023-11-02T08:49:48+00:00\",\"dateModified\":\"2023-11-02T17:09:30+00:00\",\"breadcrumb\":{\"@id\":\"https:\\\/\\\/9staedte.de\\\/fr\\\/hanovre-capitale-de-la-basse-saxe\\\/chateaux-et-jardins-a-hanovre\\\/#breadcrumb\"},\"inLanguage\":\"fr-FR\",\"potentialAction\":[{\"@type\":\"ReadAction\",\"target\":[\"https:\\\/\\\/9staedte.de\\\/fr\\\/hanovre-capitale-de-la-basse-saxe\\\/chateaux-et-jardins-a-hanovre\\\/\"]}]},{\"@type\":\"ImageObject\",\"inLanguage\":\"fr-FR\",\"@id\":\"https:\\\/\\\/9staedte.de\\\/fr\\\/hanovre-capitale-de-la-basse-saxe\\\/chateaux-et-jardins-a-hanovre\\\/#primaryimage\",\"url\":\"https:\\\/\\\/9staedte.de\\\/wp-content\\\/uploads\\\/2023\\\/02\\\/Herrenhaeuser-Gaertem-c-HMTG-Lars-Gerhardts.jpg\",\"contentUrl\":\"https:\\\/\\\/9staedte.de\\\/wp-content\\\/uploads\\\/2023\\\/02\\\/Herrenhaeuser-Gaertem-c-HMTG-Lars-Gerhardts.jpg\",\"width\":1020,\"height\":560,\"caption\":\"Herrenhaeuser Gaertem c) HMTG Lars Gerhardts\"},{\"@type\":\"BreadcrumbList\",\"@id\":\"https:\\\/\\\/9staedte.de\\\/fr\\\/hanovre-capitale-de-la-basse-saxe\\\/chateaux-et-jardins-a-hanovre\\\/#breadcrumb\",\"itemListElement\":[{\"@type\":\"ListItem\",\"position\":1,\"name\":\"Startseite\",\"item\":\"https:\\\/\\\/9staedte.de\\\/fr\\\/\"},{\"@type\":\"ListItem\",\"position\":2,\"name\":\"Hanovre &#8211; capitale de la Basse-Saxe\",\"item\":\"https:\\\/\\\/9staedte.de\\\/fr\\\/hanovre-capitale-de-la-basse-saxe\\\/\"},{\"@type\":\"ListItem\",\"position\":3,\"name\":\"Ch\u00e2teaux et jardins \u00e0 Hanovre\"}]},{\"@type\":\"WebSite\",\"@id\":\"https:\\\/\\\/9staedte.de\\\/fr\\\/#website\",\"url\":\"https:\\\/\\\/9staedte.de\\\/fr\\\/\",\"name\":\"9 St\u00e4dte in Niedersachsen\",\"description\":\"\",\"publisher\":{\"@id\":\"https:\\\/\\\/9staedte.de\\\/fr\\\/#organization\"},\"potentialAction\":[{\"@type\":\"SearchAction\",\"target\":{\"@type\":\"EntryPoint\",\"urlTemplate\":\"https:\\\/\\\/9staedte.de\\\/fr\\\/?s={search_term_string}\"},\"query-input\":{\"@type\":\"PropertyValueSpecification\",\"valueRequired\":true,\"valueName\":\"search_term_string\"}}],\"inLanguage\":\"fr-FR\"},{\"@type\":\"Organization\",\"@id\":\"https:\\\/\\\/9staedte.de\\\/fr\\\/#organization\",\"name\":\"9 St\u00e4dte in Niedersachsen\",\"url\":\"https:\\\/\\\/9staedte.de\\\/fr\\\/\",\"logo\":{\"@type\":\"ImageObject\",\"inLanguage\":\"fr-FR\",\"@id\":\"https:\\\/\\\/9staedte.de\\\/fr\\\/#\\\/schema\\\/logo\\\/image\\\/\",\"url\":\"https:\\\/\\\/9staedte.de\\\/wp-content\\\/uploads\\\/2025\\\/01\\\/9-neg-deutsch-2-1.png\",\"contentUrl\":\"https:\\\/\\\/9staedte.de\\\/wp-content\\\/uploads\\\/2025\\\/01\\\/9-neg-deutsch-2-1.png\",\"width\":190,\"height\":114,\"caption\":\"9 St\u00e4dte in Niedersachsen\"},\"image\":{\"@id\":\"https:\\\/\\\/9staedte.de\\\/fr\\\/#\\\/schema\\\/logo\\\/image\\\/\"}}]}<\/script>\n<!-- \/ Yoast SEO plugin. -->","yoast_head_json":{"title":"Ch\u00e2teaux et jardins \u00e0 Hanovre - 9 St\u00e4dte in Niedersachsen","robots":{"index":"index","follow":"follow","max-snippet":"max-snippet:-1","max-image-preview":"max-image-preview:large","max-video-preview":"max-video-preview:-1"},"canonical":"https:\/\/9staedte.de\/fr\/hanovre-capitale-de-la-basse-saxe\/chateaux-et-jardins-a-hanovre\/","og_locale":"fr_FR","og_type":"article","og_title":"Ch\u00e2teaux et jardins \u00e0 Hanovre - 9 St\u00e4dte in Niedersachsen","og_url":"https:\/\/9staedte.de\/fr\/hanovre-capitale-de-la-basse-saxe\/chateaux-et-jardins-a-hanovre\/","og_site_name":"9 St\u00e4dte in Niedersachsen","article_modified_time":"2023-11-02T17:09:30+00:00","og_image":[{"width":1020,"height":560,"url":"https:\/\/9staedte.de\/wp-content\/uploads\/2023\/02\/Herrenhaeuser-Gaertem-c-HMTG-Lars-Gerhardts.jpg","type":"image\/jpeg"}],"twitter_card":"summary_large_image","schema":{"@context":"https:\/\/schema.org","@graph":[{"@type":"WebPage","@id":"https:\/\/9staedte.de\/fr\/hanovre-capitale-de-la-basse-saxe\/chateaux-et-jardins-a-hanovre\/","url":"https:\/\/9staedte.de\/fr\/hanovre-capitale-de-la-basse-saxe\/chateaux-et-jardins-a-hanovre\/","name":"Ch\u00e2teaux et jardins \u00e0 Hanovre - 9 St\u00e4dte in Niedersachsen","isPartOf":{"@id":"https:\/\/9staedte.de\/fr\/#website"},"primaryImageOfPage":{"@id":"https:\/\/9staedte.de\/fr\/hanovre-capitale-de-la-basse-saxe\/chateaux-et-jardins-a-hanovre\/#primaryimage"},"image":{"@id":"https:\/\/9staedte.de\/fr\/hanovre-capitale-de-la-basse-saxe\/chateaux-et-jardins-a-hanovre\/#primaryimage"},"thumbnailUrl":"https:\/\/9staedte.de\/wp-content\/uploads\/2023\/02\/Herrenhaeuser-Gaertem-c-HMTG-Lars-Gerhardts.jpg","datePublished":"2023-11-02T08:49:48+00:00","dateModified":"2023-11-02T17:09:30+00:00","breadcrumb":{"@id":"https:\/\/9staedte.de\/fr\/hanovre-capitale-de-la-basse-saxe\/chateaux-et-jardins-a-hanovre\/#breadcrumb"},"inLanguage":"fr-FR","potentialAction":[{"@type":"ReadAction","target":["https:\/\/9staedte.de\/fr\/hanovre-capitale-de-la-basse-saxe\/chateaux-et-jardins-a-hanovre\/"]}]},{"@type":"ImageObject","inLanguage":"fr-FR","@id":"https:\/\/9staedte.de\/fr\/hanovre-capitale-de-la-basse-saxe\/chateaux-et-jardins-a-hanovre\/#primaryimage","url":"https:\/\/9staedte.de\/wp-content\/uploads\/2023\/02\/Herrenhaeuser-Gaertem-c-HMTG-Lars-Gerhardts.jpg","contentUrl":"https:\/\/9staedte.de\/wp-content\/uploads\/2023\/02\/Herrenhaeuser-Gaertem-c-HMTG-Lars-Gerhardts.jpg","width":1020,"height":560,"caption":"Herrenhaeuser Gaertem c) HMTG Lars Gerhardts"},{"@type":"BreadcrumbList","@id":"https:\/\/9staedte.de\/fr\/hanovre-capitale-de-la-basse-saxe\/chateaux-et-jardins-a-hanovre\/#breadcrumb","itemListElement":[{"@type":"ListItem","position":1,"name":"Startseite","item":"https:\/\/9staedte.de\/fr\/"},{"@type":"ListItem","position":2,"name":"Hanovre &#8211; capitale de la Basse-Saxe","item":"https:\/\/9staedte.de\/fr\/hanovre-capitale-de-la-basse-saxe\/"},{"@type":"ListItem","position":3,"name":"Ch\u00e2teaux et jardins \u00e0 Hanovre"}]},{"@type":"WebSite","@id":"https:\/\/9staedte.de\/fr\/#website","url":"https:\/\/9staedte.de\/fr\/","name":"9 St\u00e4dte in Niedersachsen","description":"","publisher":{"@id":"https:\/\/9staedte.de\/fr\/#organization"},"potentialAction":[{"@type":"SearchAction","target":{"@type":"EntryPoint","urlTemplate":"https:\/\/9staedte.de\/fr\/?s={search_term_string}"},"query-input":{"@type":"PropertyValueSpecification","valueRequired":true,"valueName":"search_term_string"}}],"inLanguage":"fr-FR"},{"@type":"Organization","@id":"https:\/\/9staedte.de\/fr\/#organization","name":"9 St\u00e4dte in Niedersachsen","url":"https:\/\/9staedte.de\/fr\/","logo":{"@type":"ImageObject","inLanguage":"fr-FR","@id":"https:\/\/9staedte.de\/fr\/#\/schema\/logo\/image\/","url":"https:\/\/9staedte.de\/wp-content\/uploads\/2025\/01\/9-neg-deutsch-2-1.png","contentUrl":"https:\/\/9staedte.de\/wp-content\/uploads\/2025\/01\/9-neg-deutsch-2-1.png","width":190,"height":114,"caption":"9 St\u00e4dte in Niedersachsen"},"image":{"@id":"https:\/\/9staedte.de\/fr\/#\/schema\/logo\/image\/"}}]}},"_links":{"self":[{"href":"https:\/\/9staedte.de\/fr\/wp-json\/wp\/v2\/pages\/17629","targetHints":{"allow":["GET"]}}],"collection":[{"href":"https:\/\/9staedte.de\/fr\/wp-json\/wp\/v2\/pages"}],"about":[{"href":"https:\/\/9staedte.de\/fr\/wp-json\/wp\/v2\/types\/page"}],"author":[{"embeddable":true,"href":"https:\/\/9staedte.de\/fr\/wp-json\/wp\/v2\/users\/1"}],"replies":[{"embeddable":true,"href":"https:\/\/9staedte.de\/fr\/wp-json\/wp\/v2\/comments?post=17629"}],"version-history":[{"count":1,"href":"https:\/\/9staedte.de\/fr\/wp-json\/wp\/v2\/pages\/17629\/revisions"}],"predecessor-version":[{"id":19927,"href":"https:\/\/9staedte.de\/fr\/wp-json\/wp\/v2\/pages\/17629\/revisions\/19927"}],"up":[{"embeddable":true,"href":"https:\/\/9staedte.de\/fr\/wp-json\/wp\/v2\/pages\/18000"}],"wp:featuredmedia":[{"embeddable":true,"href":"https:\/\/9staedte.de\/fr\/wp-json\/wp\/v2\/media\/17642"}],"wp:attachment":[{"href":"https:\/\/9staedte.de\/fr\/wp-json\/wp\/v2\/media?parent=17629"}],"wp:term":[{"taxonomy":"category","embeddable":true,"href":"https:\/\/9staedte.de\/fr\/wp-json\/wp\/v2\/categories?post=17629"},{"taxonomy":"post_tag","embeddable":true,"href":"https:\/\/9staedte.de\/fr\/wp-json\/wp\/v2\/tags?post=17629"},{"taxonomy":"ncap_cities_tax","embeddable":true,"href":"https:\/\/9staedte.de\/fr\/wp-json\/wp\/v2\/ncap_cities_tax?post=17629"}],"curies":[{"name":"wp","href":"https:\/\/api.w.org\/{rel}","templated":true}]}}