{"id":17614,"date":"2023-11-02T09:49:47","date_gmt":"2023-11-02T08:49:47","guid":{"rendered":"https:\/\/9staedte.de\/shopping-et-sorties-a-einbeck\/"},"modified":"2024-07-03T15:55:50","modified_gmt":"2024-07-03T13:55:50","slug":"shopping-et-sorties-a-einbeck","status":"publish","type":"page","link":"https:\/\/9staedte.de\/fr\/einbeck-voitures-anciennes-colombages-biere\/shopping-et-sorties-a-einbeck\/","title":{"rendered":"Shopping et sorties \u00e0 Einbeck"},"content":{"rendered":"\n<h2 class=\"wp-block-heading\">Impression bleue d&rsquo;Einbecker et sp\u00e9cialit\u00e9s<\/h2>\n\n\n\n<p>De nombreux d\u00e9lices d&rsquo;Einbeck sont faits \u00e0 la main. Le moulin \u00e0 moutarde d&rsquo;Einbeck produit plus de dix sortes de moutarde selon le proc\u00e9d\u00e9 classique de la mouture sur pierre. Le caf\u00e9 est torr\u00e9fi\u00e9 \u00e0 la main dans l&rsquo;atelier de torr\u00e9faction d&rsquo;Einbeck. Directement sur la place du march\u00e9, il est possible de d\u00e9guster du caf\u00e9 fra\u00eechement moulu dans l&rsquo;atelier de torr\u00e9faction.<br>Lors d&rsquo;une vir\u00e9e shopping dans la vieille ville, de nombreuses petites boutiques proposent des offres sp\u00e9ciales et beaucoup d&rsquo;ambiance. Ne manquez pas de faire un tour chez Einbecker Blaudruck. En 1638, l&rsquo;atelier de teinture serait fond\u00e9. L&rsquo;atelier et le magasin de la Blaudruck d&rsquo;Einbeck se trouvent dans une maison \u00e0 colombages historique&nbsp;&nbsp; sur la M\u00f6ncheplatz&nbsp;.<br>Les restaurants et les bars d&rsquo;Einbeck proposent plus de 14 vari\u00e9t\u00e9s de bi\u00e8re d&rsquo;Einbeck. Pour l&rsquo;ann\u00e9e de la bi\u00e8re Bock, il y a bien s\u00fbr aussi des bi\u00e8res Bock saisonni\u00e8res et l&rsquo;Ainp\u00f6ckisch selon la recette originale.<\/p>\n\n\n\n<p><\/p>\n\n\n\n\n<div class=\"banner-wrapper\">\n  <div class=\"banner-inner \">\n      <div class=\"img-container\">\n      <div class=\"img-wrapper\">\n        <img decoding=\"async\" src=\"https:\/\/9staedte.de\/wp-content\/smush-webp\/2023\/05\/Senfkoeprner-\u00a9Einbecker-Senfmuehle.jpg.webp\" alt=\"Deux mains tiennent un bol avec beaucoup de graines de moutarde jaunes. Une main laisse tomber les graines dans le bol. En arri\u00e8re-plan, on voit un sac en papier.\" \/>\n                  <div class=\"thumbnail-label\">\n            <span>Senfk\u00f6prner, \u00a9Einbecker Senfm\u00fchle<\/span>\n          <\/div>\n              <\/div>\n    <\/div>\n        <div class=\"text-container\">\n      <div class=\"content\">\n        <p><strong>9 conseils pour vous :<\/strong><\/p>\n<ul>\n<li>Go\u00fbter la bi\u00e8re d&rsquo;Einbeck<\/li>\n<li>Moulin \u00e0 moutarde d&rsquo;Einbeck<\/li>\n<li>L&rsquo;impression en bleu d&rsquo;Einbeck &#8211; un travail manuel ancestral depuis 1638<\/li>\n<li>Fachwerk Hooray : art, cr\u00e9ativit\u00e9 et bizarreries autour du th\u00e8me des colombages<\/li>\n<li>Einbecker Jung : manufacture d&rsquo;\u00e9pices et de spiritueux d&rsquo;Einbeck<\/li>\n<li>March\u00e9 hebdomadaire de la vieille ville d&rsquo;Einbeck (tous les mercredis et samedis)<\/li>\n<li>Faire ses courses avec le Einbecker Zehner<\/li>\n<li>Visite guid\u00e9e en soir\u00e9e : bi\u00e8re blonde et ombres sombres<\/li>\n<li>Dipl\u00f4me de bi\u00e8re d&rsquo;Einbeck<\/li>\n<\/ul>\n      <\/div>\n    <\/div>\n    <\/div>\n<\/div>\n\n\n\n\n<p><a href=\"https:\/\/www.einbeck-tourismus.de\/einbecker-koestlichkeiten\">Plus d&rsquo;informations sur les sp\u00e9cialit\u00e9s d&rsquo;Einbeck :<\/a><\/p>\n","protected":false},"excerpt":{"rendered":"<p>Impression bleue d&rsquo;Einbecker et sp\u00e9cialit\u00e9s De nombreux d\u00e9lices d&rsquo;Einbeck sont faits \u00e0 la main. Le moulin \u00e0 moutarde d&rsquo;Einbeck produit plus de dix sortes de moutarde selon le proc\u00e9d\u00e9 classique de la mouture sur pierre. Le caf\u00e9 est torr\u00e9fi\u00e9 \u00e0 la main dans l&rsquo;atelier de torr\u00e9faction d&rsquo;Einbeck. Directement sur la place du march\u00e9, il est [&hellip;]<\/p>\n","protected":false},"author":1,"featured_media":17624,"parent":18033,"menu_order":0,"comment_status":"closed","ping_status":"closed","template":"pagetemplates\/template-stadtthema.php","meta":{"_acf_changed":false,"footnotes":""},"categories":[],"tags":[],"ncap_cities_tax":[478,814],"class_list":["post-17614","page","type-page","status-publish","has-post-thumbnail","hentry","ncap_cities_tax-einbeck-fr","ncap_cities_tax-shopping-und-ausgehen-einbeck-fr"],"acf":[],"yoast_head":"<!-- This site is optimized with the Yoast SEO plugin v26.8 - https:\/\/yoast.com\/product\/yoast-seo-wordpress\/ -->\n<title>Shopping et sorties \u00e0 Einbeck - 9 St\u00e4dte in Niedersachsen<\/title>\n<meta name=\"robots\" content=\"index, follow, max-snippet:-1, max-image-preview:large, max-video-preview:-1\" \/>\n<link rel=\"canonical\" href=\"https:\/\/9staedte.de\/fr\/einbeck-voitures-anciennes-colombages-biere\/shopping-et-sorties-a-einbeck\/\" \/>\n<meta property=\"og:locale\" content=\"fr_FR\" \/>\n<meta property=\"og:type\" content=\"article\" \/>\n<meta property=\"og:title\" content=\"Shopping et sorties \u00e0 Einbeck - 9 St\u00e4dte in Niedersachsen\" \/>\n<meta property=\"og:description\" content=\"Impression bleue d&rsquo;Einbecker et sp\u00e9cialit\u00e9s De nombreux d\u00e9lices d&rsquo;Einbeck sont faits \u00e0 la main. Le moulin \u00e0 moutarde d&rsquo;Einbeck produit plus de dix sortes de moutarde selon le proc\u00e9d\u00e9 classique de la mouture sur pierre. Le caf\u00e9 est torr\u00e9fi\u00e9 \u00e0 la main dans l&rsquo;atelier de torr\u00e9faction d&rsquo;Einbeck. Directement sur la place du march\u00e9, il est [&hellip;]\" \/>\n<meta property=\"og:url\" content=\"https:\/\/9staedte.de\/fr\/einbeck-voitures-anciennes-colombages-biere\/shopping-et-sorties-a-einbeck\/\" \/>\n<meta property=\"og:site_name\" content=\"9 St\u00e4dte in Niedersachsen\" \/>\n<meta property=\"article:modified_time\" content=\"2024-07-03T13:55:50+00:00\" \/>\n<meta property=\"og:image\" content=\"https:\/\/9staedte.de\/wp-content\/uploads\/2023\/07\/Einbecker-Blaudruck-\u00a9mehle-hundertmark-Fotografie-scaled.jpg\" \/>\n\t<meta property=\"og:image:width\" content=\"2560\" \/>\n\t<meta property=\"og:image:height\" content=\"1707\" \/>\n\t<meta property=\"og:image:type\" content=\"image\/jpeg\" \/>\n<meta name=\"twitter:card\" content=\"summary_large_image\" \/>\n<meta name=\"twitter:label1\" content=\"Dur\u00e9e de lecture estim\u00e9e\" \/>\n\t<meta name=\"twitter:data1\" content=\"2 minutes\" \/>\n<script type=\"application\/ld+json\" class=\"yoast-schema-graph\">{\"@context\":\"https:\/\/schema.org\",\"@graph\":[{\"@type\":\"WebPage\",\"@id\":\"https:\/\/9staedte.de\/fr\/einbeck-voitures-anciennes-colombages-biere\/shopping-et-sorties-a-einbeck\/\",\"url\":\"https:\/\/9staedte.de\/fr\/einbeck-voitures-anciennes-colombages-biere\/shopping-et-sorties-a-einbeck\/\",\"name\":\"Shopping et sorties \u00e0 Einbeck - 9 St\u00e4dte in Niedersachsen\",\"isPartOf\":{\"@id\":\"https:\/\/9staedte.de\/fr\/#website\"},\"primaryImageOfPage\":{\"@id\":\"https:\/\/9staedte.de\/fr\/einbeck-voitures-anciennes-colombages-biere\/shopping-et-sorties-a-einbeck\/#primaryimage\"},\"image\":{\"@id\":\"https:\/\/9staedte.de\/fr\/einbeck-voitures-anciennes-colombages-biere\/shopping-et-sorties-a-einbeck\/#primaryimage\"},\"thumbnailUrl\":\"https:\/\/9staedte.de\/wp-content\/uploads\/2023\/07\/Einbecker-Blaudruck-\u00a9mehle-hundertmark-Fotografie-scaled.jpg\",\"datePublished\":\"2023-11-02T08:49:47+00:00\",\"dateModified\":\"2024-07-03T13:55:50+00:00\",\"breadcrumb\":{\"@id\":\"https:\/\/9staedte.de\/fr\/einbeck-voitures-anciennes-colombages-biere\/shopping-et-sorties-a-einbeck\/#breadcrumb\"},\"inLanguage\":\"fr-FR\",\"potentialAction\":[{\"@type\":\"ReadAction\",\"target\":[\"https:\/\/9staedte.de\/fr\/einbeck-voitures-anciennes-colombages-biere\/shopping-et-sorties-a-einbeck\/\"]}]},{\"@type\":\"ImageObject\",\"inLanguage\":\"fr-FR\",\"@id\":\"https:\/\/9staedte.de\/fr\/einbeck-voitures-anciennes-colombages-biere\/shopping-et-sorties-a-einbeck\/#primaryimage\",\"url\":\"https:\/\/9staedte.de\/wp-content\/uploads\/2023\/07\/Einbecker-Blaudruck-\u00a9mehle-hundertmark-Fotografie-scaled.jpg\",\"contentUrl\":\"https:\/\/9staedte.de\/wp-content\/uploads\/2023\/07\/Einbecker-Blaudruck-\u00a9mehle-hundertmark-Fotografie-scaled.jpg\",\"width\":2560,\"height\":1707,\"caption\":\"Einbecker Blaudruck Foto: Michaela Hundertmark, Michael Mehle\"},{\"@type\":\"BreadcrumbList\",\"@id\":\"https:\/\/9staedte.de\/fr\/einbeck-voitures-anciennes-colombages-biere\/shopping-et-sorties-a-einbeck\/#breadcrumb\",\"itemListElement\":[{\"@type\":\"ListItem\",\"position\":1,\"name\":\"Startseite\",\"item\":\"https:\/\/9staedte.de\/fr\/\"},{\"@type\":\"ListItem\",\"position\":2,\"name\":\"Einbeck &#8211; voitures anciennes, colombages, bi\u00e8re\",\"item\":\"https:\/\/9staedte.de\/fr\/einbeck-voitures-anciennes-colombages-biere\/\"},{\"@type\":\"ListItem\",\"position\":3,\"name\":\"Shopping et sorties \u00e0 Einbeck\"}]},{\"@type\":\"WebSite\",\"@id\":\"https:\/\/9staedte.de\/fr\/#website\",\"url\":\"https:\/\/9staedte.de\/fr\/\",\"name\":\"9 St\u00e4dte in Niedersachsen\",\"description\":\"\",\"publisher\":{\"@id\":\"https:\/\/9staedte.de\/fr\/#organization\"},\"potentialAction\":[{\"@type\":\"SearchAction\",\"target\":{\"@type\":\"EntryPoint\",\"urlTemplate\":\"https:\/\/9staedte.de\/fr\/?s={search_term_string}\"},\"query-input\":{\"@type\":\"PropertyValueSpecification\",\"valueRequired\":true,\"valueName\":\"search_term_string\"}}],\"inLanguage\":\"fr-FR\"},{\"@type\":\"Organization\",\"@id\":\"https:\/\/9staedte.de\/fr\/#organization\",\"name\":\"9 St\u00e4dte in Niedersachsen\",\"url\":\"https:\/\/9staedte.de\/fr\/\",\"logo\":{\"@type\":\"ImageObject\",\"inLanguage\":\"fr-FR\",\"@id\":\"https:\/\/9staedte.de\/fr\/#\/schema\/logo\/image\/\",\"url\":\"https:\/\/9staedte.de\/wp-content\/uploads\/2025\/01\/9-neg-deutsch-2-1.png\",\"contentUrl\":\"https:\/\/9staedte.de\/wp-content\/uploads\/2025\/01\/9-neg-deutsch-2-1.png\",\"width\":190,\"height\":114,\"caption\":\"9 St\u00e4dte in Niedersachsen\"},\"image\":{\"@id\":\"https:\/\/9staedte.de\/fr\/#\/schema\/logo\/image\/\"}}]}<\/script>\n<!-- \/ Yoast SEO plugin. -->","yoast_head_json":{"title":"Shopping et sorties \u00e0 Einbeck - 9 St\u00e4dte in Niedersachsen","robots":{"index":"index","follow":"follow","max-snippet":"max-snippet:-1","max-image-preview":"max-image-preview:large","max-video-preview":"max-video-preview:-1"},"canonical":"https:\/\/9staedte.de\/fr\/einbeck-voitures-anciennes-colombages-biere\/shopping-et-sorties-a-einbeck\/","og_locale":"fr_FR","og_type":"article","og_title":"Shopping et sorties \u00e0 Einbeck - 9 St\u00e4dte in Niedersachsen","og_description":"Impression bleue d&rsquo;Einbecker et sp\u00e9cialit\u00e9s De nombreux d\u00e9lices d&rsquo;Einbeck sont faits \u00e0 la main. Le moulin \u00e0 moutarde d&rsquo;Einbeck produit plus de dix sortes de moutarde selon le proc\u00e9d\u00e9 classique de la mouture sur pierre. Le caf\u00e9 est torr\u00e9fi\u00e9 \u00e0 la main dans l&rsquo;atelier de torr\u00e9faction d&rsquo;Einbeck. Directement sur la place du march\u00e9, il est [&hellip;]","og_url":"https:\/\/9staedte.de\/fr\/einbeck-voitures-anciennes-colombages-biere\/shopping-et-sorties-a-einbeck\/","og_site_name":"9 St\u00e4dte in Niedersachsen","article_modified_time":"2024-07-03T13:55:50+00:00","og_image":[{"width":2560,"height":1707,"url":"https:\/\/9staedte.de\/wp-content\/uploads\/2023\/07\/Einbecker-Blaudruck-\u00a9mehle-hundertmark-Fotografie-scaled.jpg","type":"image\/jpeg"}],"twitter_card":"summary_large_image","twitter_misc":{"Dur\u00e9e de lecture estim\u00e9e":"2 minutes"},"schema":{"@context":"https:\/\/schema.org","@graph":[{"@type":"WebPage","@id":"https:\/\/9staedte.de\/fr\/einbeck-voitures-anciennes-colombages-biere\/shopping-et-sorties-a-einbeck\/","url":"https:\/\/9staedte.de\/fr\/einbeck-voitures-anciennes-colombages-biere\/shopping-et-sorties-a-einbeck\/","name":"Shopping et sorties \u00e0 Einbeck - 9 St\u00e4dte in Niedersachsen","isPartOf":{"@id":"https:\/\/9staedte.de\/fr\/#website"},"primaryImageOfPage":{"@id":"https:\/\/9staedte.de\/fr\/einbeck-voitures-anciennes-colombages-biere\/shopping-et-sorties-a-einbeck\/#primaryimage"},"image":{"@id":"https:\/\/9staedte.de\/fr\/einbeck-voitures-anciennes-colombages-biere\/shopping-et-sorties-a-einbeck\/#primaryimage"},"thumbnailUrl":"https:\/\/9staedte.de\/wp-content\/uploads\/2023\/07\/Einbecker-Blaudruck-\u00a9mehle-hundertmark-Fotografie-scaled.jpg","datePublished":"2023-11-02T08:49:47+00:00","dateModified":"2024-07-03T13:55:50+00:00","breadcrumb":{"@id":"https:\/\/9staedte.de\/fr\/einbeck-voitures-anciennes-colombages-biere\/shopping-et-sorties-a-einbeck\/#breadcrumb"},"inLanguage":"fr-FR","potentialAction":[{"@type":"ReadAction","target":["https:\/\/9staedte.de\/fr\/einbeck-voitures-anciennes-colombages-biere\/shopping-et-sorties-a-einbeck\/"]}]},{"@type":"ImageObject","inLanguage":"fr-FR","@id":"https:\/\/9staedte.de\/fr\/einbeck-voitures-anciennes-colombages-biere\/shopping-et-sorties-a-einbeck\/#primaryimage","url":"https:\/\/9staedte.de\/wp-content\/uploads\/2023\/07\/Einbecker-Blaudruck-\u00a9mehle-hundertmark-Fotografie-scaled.jpg","contentUrl":"https:\/\/9staedte.de\/wp-content\/uploads\/2023\/07\/Einbecker-Blaudruck-\u00a9mehle-hundertmark-Fotografie-scaled.jpg","width":2560,"height":1707,"caption":"Einbecker Blaudruck Foto: Michaela Hundertmark, Michael Mehle"},{"@type":"BreadcrumbList","@id":"https:\/\/9staedte.de\/fr\/einbeck-voitures-anciennes-colombages-biere\/shopping-et-sorties-a-einbeck\/#breadcrumb","itemListElement":[{"@type":"ListItem","position":1,"name":"Startseite","item":"https:\/\/9staedte.de\/fr\/"},{"@type":"ListItem","position":2,"name":"Einbeck &#8211; voitures anciennes, colombages, bi\u00e8re","item":"https:\/\/9staedte.de\/fr\/einbeck-voitures-anciennes-colombages-biere\/"},{"@type":"ListItem","position":3,"name":"Shopping et sorties \u00e0 Einbeck"}]},{"@type":"WebSite","@id":"https:\/\/9staedte.de\/fr\/#website","url":"https:\/\/9staedte.de\/fr\/","name":"9 St\u00e4dte in Niedersachsen","description":"","publisher":{"@id":"https:\/\/9staedte.de\/fr\/#organization"},"potentialAction":[{"@type":"SearchAction","target":{"@type":"EntryPoint","urlTemplate":"https:\/\/9staedte.de\/fr\/?s={search_term_string}"},"query-input":{"@type":"PropertyValueSpecification","valueRequired":true,"valueName":"search_term_string"}}],"inLanguage":"fr-FR"},{"@type":"Organization","@id":"https:\/\/9staedte.de\/fr\/#organization","name":"9 St\u00e4dte in Niedersachsen","url":"https:\/\/9staedte.de\/fr\/","logo":{"@type":"ImageObject","inLanguage":"fr-FR","@id":"https:\/\/9staedte.de\/fr\/#\/schema\/logo\/image\/","url":"https:\/\/9staedte.de\/wp-content\/uploads\/2025\/01\/9-neg-deutsch-2-1.png","contentUrl":"https:\/\/9staedte.de\/wp-content\/uploads\/2025\/01\/9-neg-deutsch-2-1.png","width":190,"height":114,"caption":"9 St\u00e4dte in Niedersachsen"},"image":{"@id":"https:\/\/9staedte.de\/fr\/#\/schema\/logo\/image\/"}}]}},"_links":{"self":[{"href":"https:\/\/9staedte.de\/fr\/wp-json\/wp\/v2\/pages\/17614","targetHints":{"allow":["GET"]}}],"collection":[{"href":"https:\/\/9staedte.de\/fr\/wp-json\/wp\/v2\/pages"}],"about":[{"href":"https:\/\/9staedte.de\/fr\/wp-json\/wp\/v2\/types\/page"}],"author":[{"embeddable":true,"href":"https:\/\/9staedte.de\/fr\/wp-json\/wp\/v2\/users\/1"}],"replies":[{"embeddable":true,"href":"https:\/\/9staedte.de\/fr\/wp-json\/wp\/v2\/comments?post=17614"}],"version-history":[{"count":5,"href":"https:\/\/9staedte.de\/fr\/wp-json\/wp\/v2\/pages\/17614\/revisions"}],"predecessor-version":[{"id":22805,"href":"https:\/\/9staedte.de\/fr\/wp-json\/wp\/v2\/pages\/17614\/revisions\/22805"}],"up":[{"embeddable":true,"href":"https:\/\/9staedte.de\/fr\/wp-json\/wp\/v2\/pages\/18033"}],"wp:featuredmedia":[{"embeddable":true,"href":"https:\/\/9staedte.de\/fr\/wp-json\/wp\/v2\/media\/17624"}],"wp:attachment":[{"href":"https:\/\/9staedte.de\/fr\/wp-json\/wp\/v2\/media?parent=17614"}],"wp:term":[{"taxonomy":"category","embeddable":true,"href":"https:\/\/9staedte.de\/fr\/wp-json\/wp\/v2\/categories?post=17614"},{"taxonomy":"post_tag","embeddable":true,"href":"https:\/\/9staedte.de\/fr\/wp-json\/wp\/v2\/tags?post=17614"},{"taxonomy":"ncap_cities_tax","embeddable":true,"href":"https:\/\/9staedte.de\/fr\/wp-json\/wp\/v2\/ncap_cities_tax?post=17614"}],"curies":[{"name":"wp","href":"https:\/\/api.w.org\/{rel}","templated":true}]}}