{"id":17603,"date":"2023-11-02T09:49:47","date_gmt":"2023-11-02T08:49:47","guid":{"rendered":"https:\/\/9staedte.de\/shopping-et-sorties-a-wolfenbuettel\/"},"modified":"2023-11-02T18:22:21","modified_gmt":"2023-11-02T17:22:21","slug":"shopping-et-sorties-a-wolfenbuettel","status":"publish","type":"page","link":"https:\/\/9staedte.de\/fr\/wolfenbuttel-la-ville-de-lessing\/shopping-et-sorties-a-wolfenbuettel\/","title":{"rendered":"Shopping et sorties \u00e0 Wolfenb\u00fcttel"},"content":{"rendered":"\n<h2 class=\"wp-block-heading\">Acheter r\u00e9gional, se r\u00e9galer et savourer \u00e0 Wolfenb\u00fcttel<\/h2>\n\n\n\n<p>Wolfenb\u00fcttel, la ville de Lessing, attire les visiteurs avec sa charmante zone pi\u00e9tonne qui, en \u00e9t\u00e9, est orn\u00e9e d&rsquo;une riche d\u00e9coration florale. Les commerces locaux et les produits r\u00e9gionaux, que les visiteurs et les habitants de Wolfenb\u00fcttel appr\u00e9cient beaucoup, constituent une particularit\u00e9 de la ville. Laissez-vous \u00e9galement gagner par l&rsquo;enthousiasme des commer\u00e7ants pour les produits de notre r\u00e9gion en fl\u00e2nant sur le march\u00e9 hebdomadaire (tous les mercredis et samedis) du march\u00e9 historique de la ville. Des petits caf\u00e9s et restaurants accueillants invitent \u00e0 la convivialit\u00e9.<br><a href=\"http:\/\/www.lessingstadt-wolfenbuettel.de\/Tourismus\/Geniessen\">Plus d&rsquo;informations :<\/a><\/p>\n\n\n\n\n<div class=\"banner-wrapper\">\n  <div class=\"banner-inner \">\n      <div class=\"img-container\">\n      <div class=\"img-wrapper\">\n        <img decoding=\"async\" src=\"https:\/\/9staedte.de\/wp-content\/smush-webp\/2023\/03\/Einkaufen-in-Wolfenbuettel-c-Stadt-Wolfenbuettel-Christian-Bierwagen.jpg.webp\" alt=\"Deux femmes marchent dans une rue commer\u00e7ante. Elles sourient et ont l\u2019air heureuses. Une femme porte un sac de shopping. Derri\u00e8re elles, des gens sont assis \u00e0 une terrasse. Il fait beau. Il y a beaucoup de fleurs dans la rue.\" \/>\n                  <div class=\"thumbnail-label\">\n            <span>Einkaufen in Wolfenbuettel c) Stadt Wolfenbuettel Christian Bierwagen<\/span>\n          <\/div>\n              <\/div>\n    <\/div>\n        <div class=\"text-container\">\n      <div class=\"content\">\n        <p><strong>9 Tipps rund ums Einkaufen und Ausgehen in Wolfenb\u00fcttel:<\/strong><\/p>\n<ul>\n<li>Heimische Fachgesch\u00e4fte mit regionalen Produkten<\/li>\n<li>Wochenmarkt auf dem historischen Stadtmarkt (jeden Mittwoch und Samstag)<\/li>\n<li>Erstklassige internationale Restaurants<\/li>\n<li>Gem\u00fctliche Lokale und Caf\u00e9s<\/li>\n<li>Lessingtheater<\/li>\n<li>J\u00e4germeister Shop-in-Shop in der Tourist-Info<\/li>\n<li>Herzog August Bibliothek, Lessinghaus, Welfenschloss<\/li>\n<li>zahlreiche kulturelle Veranstaltungen<\/li>\n<li>Filmpalast, CineStar<\/li>\n<\/ul>\n      <\/div>\n    <\/div>\n    <\/div>\n<\/div>\n\n","protected":false},"excerpt":{"rendered":"<p>Acheter r\u00e9gional, se r\u00e9galer et savourer \u00e0 Wolfenb\u00fcttel Wolfenb\u00fcttel, la ville de Lessing, attire les visiteurs avec sa charmante zone pi\u00e9tonne qui, en \u00e9t\u00e9, est orn\u00e9e d&rsquo;une riche d\u00e9coration florale. Les commerces locaux et les produits r\u00e9gionaux, que les visiteurs et les habitants de Wolfenb\u00fcttel appr\u00e9cient beaucoup, constituent une particularit\u00e9 de la ville. Laissez-vous \u00e9galement [&hellip;]<\/p>\n","protected":false},"author":1,"featured_media":17612,"parent":17963,"menu_order":0,"comment_status":"closed","ping_status":"closed","template":"pagetemplates\/template-stadtthema.php","meta":{"_acf_changed":false,"footnotes":""},"categories":[],"tags":[],"ncap_cities_tax":[807,471],"class_list":["post-17603","page","type-page","status-publish","has-post-thumbnail","hentry","ncap_cities_tax-shopping-und-ausgehen-wolfenbuettel-fr-wolfenbuettel-fr","ncap_cities_tax-wolfenbuettel-fr"],"acf":[],"yoast_head":"<!-- This site is optimized with the Yoast SEO plugin v27.4 - https:\/\/yoast.com\/product\/yoast-seo-wordpress\/ -->\n<title>Shopping et sorties \u00e0 Wolfenb\u00fcttel - 9 St\u00e4dte in Niedersachsen<\/title>\n<meta name=\"robots\" content=\"index, follow, max-snippet:-1, max-image-preview:large, max-video-preview:-1\" \/>\n<link rel=\"canonical\" href=\"https:\/\/9staedte.de\/fr\/wolfenbuttel-la-ville-de-lessing\/shopping-et-sorties-a-wolfenbuettel\/\" \/>\n<meta property=\"og:locale\" content=\"fr_FR\" \/>\n<meta property=\"og:type\" content=\"article\" \/>\n<meta property=\"og:title\" content=\"Shopping et sorties \u00e0 Wolfenb\u00fcttel - 9 St\u00e4dte in Niedersachsen\" \/>\n<meta property=\"og:description\" content=\"Acheter r\u00e9gional, se r\u00e9galer et savourer \u00e0 Wolfenb\u00fcttel Wolfenb\u00fcttel, la ville de Lessing, attire les visiteurs avec sa charmante zone pi\u00e9tonne qui, en \u00e9t\u00e9, est orn\u00e9e d&rsquo;une riche d\u00e9coration florale. Les commerces locaux et les produits r\u00e9gionaux, que les visiteurs et les habitants de Wolfenb\u00fcttel appr\u00e9cient beaucoup, constituent une particularit\u00e9 de la ville. Laissez-vous \u00e9galement [&hellip;]\" \/>\n<meta property=\"og:url\" content=\"https:\/\/9staedte.de\/fr\/wolfenbuttel-la-ville-de-lessing\/shopping-et-sorties-a-wolfenbuettel\/\" \/>\n<meta property=\"og:site_name\" content=\"9 St\u00e4dte in Niedersachsen\" \/>\n<meta property=\"article:modified_time\" content=\"2023-11-02T17:22:21+00:00\" \/>\n<meta property=\"og:image\" content=\"https:\/\/9staedte.de\/wp-content\/uploads\/2023\/03\/Ausgehen-in-Wolfenbuettel-c-Stadt-Wolfenbuettel-Christian-Bierwagen.jpg\" \/>\n\t<meta property=\"og:image:width\" content=\"1020\" \/>\n\t<meta property=\"og:image:height\" content=\"560\" \/>\n\t<meta property=\"og:image:type\" content=\"image\/jpeg\" \/>\n<meta name=\"twitter:card\" content=\"summary_large_image\" \/>\n<meta name=\"twitter:label1\" content=\"Dur\u00e9e de lecture estim\u00e9e\" \/>\n\t<meta name=\"twitter:data1\" content=\"1 minute\" \/>\n<script type=\"application\/ld+json\" class=\"yoast-schema-graph\">{\"@context\":\"https:\\\/\\\/schema.org\",\"@graph\":[{\"@type\":\"WebPage\",\"@id\":\"https:\\\/\\\/9staedte.de\\\/fr\\\/wolfenbuttel-la-ville-de-lessing\\\/shopping-et-sorties-a-wolfenbuettel\\\/\",\"url\":\"https:\\\/\\\/9staedte.de\\\/fr\\\/wolfenbuttel-la-ville-de-lessing\\\/shopping-et-sorties-a-wolfenbuettel\\\/\",\"name\":\"Shopping et sorties \u00e0 Wolfenb\u00fcttel - 9 St\u00e4dte in Niedersachsen\",\"isPartOf\":{\"@id\":\"https:\\\/\\\/9staedte.de\\\/fr\\\/#website\"},\"primaryImageOfPage\":{\"@id\":\"https:\\\/\\\/9staedte.de\\\/fr\\\/wolfenbuttel-la-ville-de-lessing\\\/shopping-et-sorties-a-wolfenbuettel\\\/#primaryimage\"},\"image\":{\"@id\":\"https:\\\/\\\/9staedte.de\\\/fr\\\/wolfenbuttel-la-ville-de-lessing\\\/shopping-et-sorties-a-wolfenbuettel\\\/#primaryimage\"},\"thumbnailUrl\":\"https:\\\/\\\/9staedte.de\\\/wp-content\\\/uploads\\\/2023\\\/03\\\/Ausgehen-in-Wolfenbuettel-c-Stadt-Wolfenbuettel-Christian-Bierwagen.jpg\",\"datePublished\":\"2023-11-02T08:49:47+00:00\",\"dateModified\":\"2023-11-02T17:22:21+00:00\",\"breadcrumb\":{\"@id\":\"https:\\\/\\\/9staedte.de\\\/fr\\\/wolfenbuttel-la-ville-de-lessing\\\/shopping-et-sorties-a-wolfenbuettel\\\/#breadcrumb\"},\"inLanguage\":\"fr-FR\",\"potentialAction\":[{\"@type\":\"ReadAction\",\"target\":[\"https:\\\/\\\/9staedte.de\\\/fr\\\/wolfenbuttel-la-ville-de-lessing\\\/shopping-et-sorties-a-wolfenbuettel\\\/\"]}]},{\"@type\":\"ImageObject\",\"inLanguage\":\"fr-FR\",\"@id\":\"https:\\\/\\\/9staedte.de\\\/fr\\\/wolfenbuttel-la-ville-de-lessing\\\/shopping-et-sorties-a-wolfenbuettel\\\/#primaryimage\",\"url\":\"https:\\\/\\\/9staedte.de\\\/wp-content\\\/uploads\\\/2023\\\/03\\\/Ausgehen-in-Wolfenbuettel-c-Stadt-Wolfenbuettel-Christian-Bierwagen.jpg\",\"contentUrl\":\"https:\\\/\\\/9staedte.de\\\/wp-content\\\/uploads\\\/2023\\\/03\\\/Ausgehen-in-Wolfenbuettel-c-Stadt-Wolfenbuettel-Christian-Bierwagen.jpg\",\"width\":1020,\"height\":560,\"caption\":\"Ausgehen in Wolfenb\u00fcttel c) Stadt Wolfenb\u00fcttel Christian Bierwagen\"},{\"@type\":\"BreadcrumbList\",\"@id\":\"https:\\\/\\\/9staedte.de\\\/fr\\\/wolfenbuttel-la-ville-de-lessing\\\/shopping-et-sorties-a-wolfenbuettel\\\/#breadcrumb\",\"itemListElement\":[{\"@type\":\"ListItem\",\"position\":1,\"name\":\"Startseite\",\"item\":\"https:\\\/\\\/9staedte.de\\\/fr\\\/\"},{\"@type\":\"ListItem\",\"position\":2,\"name\":\"Wolfenb\u00fcttel &#8211; La ville de Lessing\",\"item\":\"https:\\\/\\\/9staedte.de\\\/fr\\\/wolfenbuttel-la-ville-de-lessing\\\/\"},{\"@type\":\"ListItem\",\"position\":3,\"name\":\"Shopping et sorties \u00e0 Wolfenb\u00fcttel\"}]},{\"@type\":\"WebSite\",\"@id\":\"https:\\\/\\\/9staedte.de\\\/fr\\\/#website\",\"url\":\"https:\\\/\\\/9staedte.de\\\/fr\\\/\",\"name\":\"9 St\u00e4dte in Niedersachsen\",\"description\":\"\",\"publisher\":{\"@id\":\"https:\\\/\\\/9staedte.de\\\/fr\\\/#organization\"},\"potentialAction\":[{\"@type\":\"SearchAction\",\"target\":{\"@type\":\"EntryPoint\",\"urlTemplate\":\"https:\\\/\\\/9staedte.de\\\/fr\\\/?s={search_term_string}\"},\"query-input\":{\"@type\":\"PropertyValueSpecification\",\"valueRequired\":true,\"valueName\":\"search_term_string\"}}],\"inLanguage\":\"fr-FR\"},{\"@type\":\"Organization\",\"@id\":\"https:\\\/\\\/9staedte.de\\\/fr\\\/#organization\",\"name\":\"9 St\u00e4dte in Niedersachsen\",\"url\":\"https:\\\/\\\/9staedte.de\\\/fr\\\/\",\"logo\":{\"@type\":\"ImageObject\",\"inLanguage\":\"fr-FR\",\"@id\":\"https:\\\/\\\/9staedte.de\\\/fr\\\/#\\\/schema\\\/logo\\\/image\\\/\",\"url\":\"https:\\\/\\\/9staedte.de\\\/wp-content\\\/uploads\\\/2025\\\/01\\\/9-neg-deutsch-2-1.png\",\"contentUrl\":\"https:\\\/\\\/9staedte.de\\\/wp-content\\\/uploads\\\/2025\\\/01\\\/9-neg-deutsch-2-1.png\",\"width\":190,\"height\":114,\"caption\":\"9 St\u00e4dte in Niedersachsen\"},\"image\":{\"@id\":\"https:\\\/\\\/9staedte.de\\\/fr\\\/#\\\/schema\\\/logo\\\/image\\\/\"}}]}<\/script>\n<!-- \/ Yoast SEO plugin. -->","yoast_head_json":{"title":"Shopping et sorties \u00e0 Wolfenb\u00fcttel - 9 St\u00e4dte in Niedersachsen","robots":{"index":"index","follow":"follow","max-snippet":"max-snippet:-1","max-image-preview":"max-image-preview:large","max-video-preview":"max-video-preview:-1"},"canonical":"https:\/\/9staedte.de\/fr\/wolfenbuttel-la-ville-de-lessing\/shopping-et-sorties-a-wolfenbuettel\/","og_locale":"fr_FR","og_type":"article","og_title":"Shopping et sorties \u00e0 Wolfenb\u00fcttel - 9 St\u00e4dte in Niedersachsen","og_description":"Acheter r\u00e9gional, se r\u00e9galer et savourer \u00e0 Wolfenb\u00fcttel Wolfenb\u00fcttel, la ville de Lessing, attire les visiteurs avec sa charmante zone pi\u00e9tonne qui, en \u00e9t\u00e9, est orn\u00e9e d&rsquo;une riche d\u00e9coration florale. Les commerces locaux et les produits r\u00e9gionaux, que les visiteurs et les habitants de Wolfenb\u00fcttel appr\u00e9cient beaucoup, constituent une particularit\u00e9 de la ville. Laissez-vous \u00e9galement [&hellip;]","og_url":"https:\/\/9staedte.de\/fr\/wolfenbuttel-la-ville-de-lessing\/shopping-et-sorties-a-wolfenbuettel\/","og_site_name":"9 St\u00e4dte in Niedersachsen","article_modified_time":"2023-11-02T17:22:21+00:00","og_image":[{"width":1020,"height":560,"url":"https:\/\/9staedte.de\/wp-content\/uploads\/2023\/03\/Ausgehen-in-Wolfenbuettel-c-Stadt-Wolfenbuettel-Christian-Bierwagen.jpg","type":"image\/jpeg"}],"twitter_card":"summary_large_image","twitter_misc":{"Dur\u00e9e de lecture estim\u00e9e":"1 minute"},"schema":{"@context":"https:\/\/schema.org","@graph":[{"@type":"WebPage","@id":"https:\/\/9staedte.de\/fr\/wolfenbuttel-la-ville-de-lessing\/shopping-et-sorties-a-wolfenbuettel\/","url":"https:\/\/9staedte.de\/fr\/wolfenbuttel-la-ville-de-lessing\/shopping-et-sorties-a-wolfenbuettel\/","name":"Shopping et sorties \u00e0 Wolfenb\u00fcttel - 9 St\u00e4dte in Niedersachsen","isPartOf":{"@id":"https:\/\/9staedte.de\/fr\/#website"},"primaryImageOfPage":{"@id":"https:\/\/9staedte.de\/fr\/wolfenbuttel-la-ville-de-lessing\/shopping-et-sorties-a-wolfenbuettel\/#primaryimage"},"image":{"@id":"https:\/\/9staedte.de\/fr\/wolfenbuttel-la-ville-de-lessing\/shopping-et-sorties-a-wolfenbuettel\/#primaryimage"},"thumbnailUrl":"https:\/\/9staedte.de\/wp-content\/uploads\/2023\/03\/Ausgehen-in-Wolfenbuettel-c-Stadt-Wolfenbuettel-Christian-Bierwagen.jpg","datePublished":"2023-11-02T08:49:47+00:00","dateModified":"2023-11-02T17:22:21+00:00","breadcrumb":{"@id":"https:\/\/9staedte.de\/fr\/wolfenbuttel-la-ville-de-lessing\/shopping-et-sorties-a-wolfenbuettel\/#breadcrumb"},"inLanguage":"fr-FR","potentialAction":[{"@type":"ReadAction","target":["https:\/\/9staedte.de\/fr\/wolfenbuttel-la-ville-de-lessing\/shopping-et-sorties-a-wolfenbuettel\/"]}]},{"@type":"ImageObject","inLanguage":"fr-FR","@id":"https:\/\/9staedte.de\/fr\/wolfenbuttel-la-ville-de-lessing\/shopping-et-sorties-a-wolfenbuettel\/#primaryimage","url":"https:\/\/9staedte.de\/wp-content\/uploads\/2023\/03\/Ausgehen-in-Wolfenbuettel-c-Stadt-Wolfenbuettel-Christian-Bierwagen.jpg","contentUrl":"https:\/\/9staedte.de\/wp-content\/uploads\/2023\/03\/Ausgehen-in-Wolfenbuettel-c-Stadt-Wolfenbuettel-Christian-Bierwagen.jpg","width":1020,"height":560,"caption":"Ausgehen in Wolfenb\u00fcttel c) Stadt Wolfenb\u00fcttel Christian Bierwagen"},{"@type":"BreadcrumbList","@id":"https:\/\/9staedte.de\/fr\/wolfenbuttel-la-ville-de-lessing\/shopping-et-sorties-a-wolfenbuettel\/#breadcrumb","itemListElement":[{"@type":"ListItem","position":1,"name":"Startseite","item":"https:\/\/9staedte.de\/fr\/"},{"@type":"ListItem","position":2,"name":"Wolfenb\u00fcttel &#8211; La ville de Lessing","item":"https:\/\/9staedte.de\/fr\/wolfenbuttel-la-ville-de-lessing\/"},{"@type":"ListItem","position":3,"name":"Shopping et sorties \u00e0 Wolfenb\u00fcttel"}]},{"@type":"WebSite","@id":"https:\/\/9staedte.de\/fr\/#website","url":"https:\/\/9staedte.de\/fr\/","name":"9 St\u00e4dte in Niedersachsen","description":"","publisher":{"@id":"https:\/\/9staedte.de\/fr\/#organization"},"potentialAction":[{"@type":"SearchAction","target":{"@type":"EntryPoint","urlTemplate":"https:\/\/9staedte.de\/fr\/?s={search_term_string}"},"query-input":{"@type":"PropertyValueSpecification","valueRequired":true,"valueName":"search_term_string"}}],"inLanguage":"fr-FR"},{"@type":"Organization","@id":"https:\/\/9staedte.de\/fr\/#organization","name":"9 St\u00e4dte in Niedersachsen","url":"https:\/\/9staedte.de\/fr\/","logo":{"@type":"ImageObject","inLanguage":"fr-FR","@id":"https:\/\/9staedte.de\/fr\/#\/schema\/logo\/image\/","url":"https:\/\/9staedte.de\/wp-content\/uploads\/2025\/01\/9-neg-deutsch-2-1.png","contentUrl":"https:\/\/9staedte.de\/wp-content\/uploads\/2025\/01\/9-neg-deutsch-2-1.png","width":190,"height":114,"caption":"9 St\u00e4dte in Niedersachsen"},"image":{"@id":"https:\/\/9staedte.de\/fr\/#\/schema\/logo\/image\/"}}]}},"_links":{"self":[{"href":"https:\/\/9staedte.de\/fr\/wp-json\/wp\/v2\/pages\/17603","targetHints":{"allow":["GET"]}}],"collection":[{"href":"https:\/\/9staedte.de\/fr\/wp-json\/wp\/v2\/pages"}],"about":[{"href":"https:\/\/9staedte.de\/fr\/wp-json\/wp\/v2\/types\/page"}],"author":[{"embeddable":true,"href":"https:\/\/9staedte.de\/fr\/wp-json\/wp\/v2\/users\/1"}],"replies":[{"embeddable":true,"href":"https:\/\/9staedte.de\/fr\/wp-json\/wp\/v2\/comments?post=17603"}],"version-history":[{"count":1,"href":"https:\/\/9staedte.de\/fr\/wp-json\/wp\/v2\/pages\/17603\/revisions"}],"predecessor-version":[{"id":20003,"href":"https:\/\/9staedte.de\/fr\/wp-json\/wp\/v2\/pages\/17603\/revisions\/20003"}],"up":[{"embeddable":true,"href":"https:\/\/9staedte.de\/fr\/wp-json\/wp\/v2\/pages\/17963"}],"wp:featuredmedia":[{"embeddable":true,"href":"https:\/\/9staedte.de\/fr\/wp-json\/wp\/v2\/media\/17612"}],"wp:attachment":[{"href":"https:\/\/9staedte.de\/fr\/wp-json\/wp\/v2\/media?parent=17603"}],"wp:term":[{"taxonomy":"category","embeddable":true,"href":"https:\/\/9staedte.de\/fr\/wp-json\/wp\/v2\/categories?post=17603"},{"taxonomy":"post_tag","embeddable":true,"href":"https:\/\/9staedte.de\/fr\/wp-json\/wp\/v2\/tags?post=17603"},{"taxonomy":"ncap_cities_tax","embeddable":true,"href":"https:\/\/9staedte.de\/fr\/wp-json\/wp\/v2\/ncap_cities_tax?post=17603"}],"curies":[{"name":"wp","href":"https:\/\/api.w.org\/{rel}","templated":true}]}}