{"id":17601,"date":"2023-11-02T09:49:47","date_gmt":"2023-11-02T08:49:47","guid":{"rendered":"https:\/\/9staedte.de\/chateaux-et-jardins-a-hamelin\/"},"modified":"2023-11-02T17:59:44","modified_gmt":"2023-11-02T16:59:44","slug":"chateaux-et-jardins-a-hamelin","status":"publish","type":"page","link":"https:\/\/9staedte.de\/fr\/hamelin-la-legendaire-ville-du-joueur-de-flute\/chateaux-et-jardins-a-hamelin\/","title":{"rendered":"Ch\u00e2teaux et jardins \u00e0 Hamelin"},"content":{"rendered":"\r\n\r\n    <div class=\"filter-posts\">\r\n            <div  id=\"filterContent\">\r\n                                                        \n<div class=\"contentKachel filtr-item\" data-category=\"hameln-fr\">\n    <a href=\"https:\/\/9staedte.de\/fr\/decouvrez-la-weserrenaissance-au-chateau-de-haemelschenburg\/\">\n        <div class=\"contentKachel-inner\">\n                            <div class=\"contentKachel-thumbnail\">\n                    <img loading=\"lazy\" decoding=\"async\" width=\"300\" height=\"165\" src=\"https:\/\/9staedte.de\/wp-content\/smush-webp\/2022\/03\/Schloss-Haemelschenburg-c-HMT-300x165.jpg.webp\" class=\"objectfitcover withfilters wp-post-image\" alt=\"L\u2019image montre un grand vieux ch\u00e2teau. Il s\u2019appelle : Schloss H\u00e4melschenburg. Le ch\u00e2teau est au bord d\u2019une rivi\u00e8re. On voit le reflet du ch\u00e2teau dans l\u2019eau. \u00c0 gauche, il y a une route avec un petit pont. Le ch\u00e2teau a beaucoup de fen\u00eatres et de tours. Le soleil brille sur le b\u00e2timent. Il y a beaucoup de verdure autour.\" srcset=\"https:\/\/9staedte.de\/wp-content\/smush-webp\/2022\/03\/Schloss-Haemelschenburg-c-HMT-300x165.jpg.webp 300w, https:\/\/9staedte.de\/wp-content\/smush-webp\/2022\/03\/Schloss-Haemelschenburg-c-HMT-768x422.jpg.webp 768w, https:\/\/9staedte.de\/wp-content\/smush-webp\/2022\/03\/Schloss-Haemelschenburg-c-HMT.jpg.webp 1019w\" sizes=\"auto, (max-width: 300px) 100vw, 300px\" \/>                    <img loading=\"lazy\" decoding=\"async\" width=\"300\" height=\"165\" src=\"https:\/\/9staedte.de\/wp-content\/smush-webp\/2022\/03\/Schloss-Haemelschenburg-c-HMT-300x165.jpg.webp\" class=\"objectfitcontain wp-post-image\" alt=\"L\u2019image montre un grand vieux ch\u00e2teau. Il s\u2019appelle : Schloss H\u00e4melschenburg. Le ch\u00e2teau est au bord d\u2019une rivi\u00e8re. On voit le reflet du ch\u00e2teau dans l\u2019eau. \u00c0 gauche, il y a une route avec un petit pont. Le ch\u00e2teau a beaucoup de fen\u00eatres et de tours. Le soleil brille sur le b\u00e2timent. Il y a beaucoup de verdure autour.\" srcset=\"https:\/\/9staedte.de\/wp-content\/smush-webp\/2022\/03\/Schloss-Haemelschenburg-c-HMT-300x165.jpg.webp 300w, https:\/\/9staedte.de\/wp-content\/smush-webp\/2022\/03\/Schloss-Haemelschenburg-c-HMT-768x422.jpg.webp 768w, https:\/\/9staedte.de\/wp-content\/smush-webp\/2022\/03\/Schloss-Haemelschenburg-c-HMT.jpg.webp 1019w\" sizes=\"auto, (max-width: 300px) 100vw, 300px\" \/>                        <div class=\"thumbnail-label\">\n    <span>Schloss Haemelschenburg c) HMT<\/span>\n    <\/div>\n                <\/div>\n                        <div class=\"contentKachel-content\">\n                                    <div class=\"city-tag bg-hameln\">\n                        Hameln                    <\/div>\n                \n                <div class=\"title\">\n\n                    D\u00e9couvrez la Weserrenaissance au ch\u00e2teau de H\u00e4melschenburg                    \n                <\/div>\n\n                            <\/div>\n\n        <\/div>\n    <\/a>\n<\/div>                                                        \n<div class=\"contentKachel filtr-item\" data-category=\"hameln-fr\">\n    <a href=\"https:\/\/9staedte.de\/fr\/schweineberg-ohrbergpark-kluet-et-buergerpark-hameln\/\">\n        <div class=\"contentKachel-inner\">\n                            <div class=\"contentKachel-thumbnail\">\n                    <img loading=\"lazy\" decoding=\"async\" width=\"300\" height=\"165\" src=\"https:\/\/9staedte.de\/wp-content\/smush-webp\/2022\/03\/Blick-vom-Kluet-c-HMT-300x165.jpg.webp\" class=\"objectfitcover withfilters wp-post-image\" alt=\"L\u2019image montre des gens sur une colline. L\u2019endroit s\u2019appelle : Kl\u00fct \u00e0 Hameln. Les gens regardent la ville en bas. On voit des maisons, des arbres et des collines. Certains lisent les panneaux d\u2019information. D\u2019autres prennent des photos ou admirent la vue. Il fait beau. Il y a des bancs devant.\" srcset=\"https:\/\/9staedte.de\/wp-content\/smush-webp\/2022\/03\/Blick-vom-Kluet-c-HMT-300x165.jpg.webp 300w, https:\/\/9staedte.de\/wp-content\/smush-webp\/2022\/03\/Blick-vom-Kluet-c-HMT-768x422.jpg.webp 768w, https:\/\/9staedte.de\/wp-content\/smush-webp\/2022\/03\/Blick-vom-Kluet-c-HMT.jpg.webp 1020w\" sizes=\"auto, (max-width: 300px) 100vw, 300px\" \/>                    <img loading=\"lazy\" decoding=\"async\" width=\"300\" height=\"165\" src=\"https:\/\/9staedte.de\/wp-content\/smush-webp\/2022\/03\/Blick-vom-Kluet-c-HMT-300x165.jpg.webp\" class=\"objectfitcontain wp-post-image\" alt=\"L\u2019image montre des gens sur une colline. L\u2019endroit s\u2019appelle : Kl\u00fct \u00e0 Hameln. Les gens regardent la ville en bas. On voit des maisons, des arbres et des collines. Certains lisent les panneaux d\u2019information. D\u2019autres prennent des photos ou admirent la vue. Il fait beau. Il y a des bancs devant.\" srcset=\"https:\/\/9staedte.de\/wp-content\/smush-webp\/2022\/03\/Blick-vom-Kluet-c-HMT-300x165.jpg.webp 300w, https:\/\/9staedte.de\/wp-content\/smush-webp\/2022\/03\/Blick-vom-Kluet-c-HMT-768x422.jpg.webp 768w, https:\/\/9staedte.de\/wp-content\/smush-webp\/2022\/03\/Blick-vom-Kluet-c-HMT.jpg.webp 1020w\" sizes=\"auto, (max-width: 300px) 100vw, 300px\" \/>                        <div class=\"thumbnail-label\">\n    <span>Hameln Blick vom Kl\u00fct c) HMT<\/span>\n    <\/div>\n                <\/div>\n                        <div class=\"contentKachel-content\">\n                                    <div class=\"city-tag bg-hameln\">\n                        Hameln                    <\/div>\n                \n                <div class=\"title\">\n\n                    Schweineberg, Ohrbergpark, Kl\u00fct et B\u00fcrgerpark Hameln                    \n                <\/div>\n\n                            <\/div>\n\n        <\/div>\n    <\/a>\n<\/div>                                            <\/div>\r\n    <\/div>\r\n","protected":false},"excerpt":{"rendered":"","protected":false},"author":1,"featured_media":16651,"parent":18046,"menu_order":0,"comment_status":"closed","ping_status":"closed","template":"pagetemplates\/template-stadtthema.php","meta":{"_acf_changed":false,"footnotes":""},"categories":[],"tags":[],"ncap_cities_tax":[452,731],"class_list":["post-17601","page","type-page","status-publish","has-post-thumbnail","hentry","ncap_cities_tax-hameln-fr","ncap_cities_tax-schlosser-und-garten-hameln-fr"],"acf":[],"yoast_head":"<!-- This site is optimized with the Yoast SEO plugin v27.4 - https:\/\/yoast.com\/product\/yoast-seo-wordpress\/ -->\n<title>Ch\u00e2teaux et jardins \u00e0 Hamelin - 9 St\u00e4dte in Niedersachsen<\/title>\n<meta name=\"robots\" content=\"index, follow, max-snippet:-1, max-image-preview:large, max-video-preview:-1\" \/>\n<link rel=\"canonical\" href=\"https:\/\/9staedte.de\/fr\/hamelin-la-legendaire-ville-du-joueur-de-flute\/chateaux-et-jardins-a-hamelin\/\" \/>\n<meta property=\"og:locale\" content=\"fr_FR\" \/>\n<meta property=\"og:type\" content=\"article\" \/>\n<meta property=\"og:title\" content=\"Ch\u00e2teaux et jardins \u00e0 Hamelin - 9 St\u00e4dte in Niedersachsen\" \/>\n<meta property=\"og:url\" content=\"https:\/\/9staedte.de\/fr\/hamelin-la-legendaire-ville-du-joueur-de-flute\/chateaux-et-jardins-a-hamelin\/\" \/>\n<meta property=\"og:site_name\" content=\"9 St\u00e4dte in Niedersachsen\" \/>\n<meta property=\"article:modified_time\" content=\"2023-11-02T16:59:44+00:00\" \/>\n<meta property=\"og:image\" content=\"https:\/\/9staedte.de\/wp-content\/uploads\/2022\/03\/Blick-vom-Kluet-c-HMT.jpg\" \/>\n\t<meta property=\"og:image:width\" content=\"1020\" \/>\n\t<meta property=\"og:image:height\" content=\"560\" \/>\n\t<meta property=\"og:image:type\" content=\"image\/jpeg\" \/>\n<meta name=\"twitter:card\" content=\"summary_large_image\" \/>\n<script type=\"application\/ld+json\" class=\"yoast-schema-graph\">{\"@context\":\"https:\\\/\\\/schema.org\",\"@graph\":[{\"@type\":\"WebPage\",\"@id\":\"https:\\\/\\\/9staedte.de\\\/fr\\\/hamelin-la-legendaire-ville-du-joueur-de-flute\\\/chateaux-et-jardins-a-hamelin\\\/\",\"url\":\"https:\\\/\\\/9staedte.de\\\/fr\\\/hamelin-la-legendaire-ville-du-joueur-de-flute\\\/chateaux-et-jardins-a-hamelin\\\/\",\"name\":\"Ch\u00e2teaux et jardins \u00e0 Hamelin - 9 St\u00e4dte in Niedersachsen\",\"isPartOf\":{\"@id\":\"https:\\\/\\\/9staedte.de\\\/fr\\\/#website\"},\"primaryImageOfPage\":{\"@id\":\"https:\\\/\\\/9staedte.de\\\/fr\\\/hamelin-la-legendaire-ville-du-joueur-de-flute\\\/chateaux-et-jardins-a-hamelin\\\/#primaryimage\"},\"image\":{\"@id\":\"https:\\\/\\\/9staedte.de\\\/fr\\\/hamelin-la-legendaire-ville-du-joueur-de-flute\\\/chateaux-et-jardins-a-hamelin\\\/#primaryimage\"},\"thumbnailUrl\":\"https:\\\/\\\/9staedte.de\\\/wp-content\\\/uploads\\\/2022\\\/03\\\/Blick-vom-Kluet-c-HMT.jpg\",\"datePublished\":\"2023-11-02T08:49:47+00:00\",\"dateModified\":\"2023-11-02T16:59:44+00:00\",\"breadcrumb\":{\"@id\":\"https:\\\/\\\/9staedte.de\\\/fr\\\/hamelin-la-legendaire-ville-du-joueur-de-flute\\\/chateaux-et-jardins-a-hamelin\\\/#breadcrumb\"},\"inLanguage\":\"fr-FR\",\"potentialAction\":[{\"@type\":\"ReadAction\",\"target\":[\"https:\\\/\\\/9staedte.de\\\/fr\\\/hamelin-la-legendaire-ville-du-joueur-de-flute\\\/chateaux-et-jardins-a-hamelin\\\/\"]}]},{\"@type\":\"ImageObject\",\"inLanguage\":\"fr-FR\",\"@id\":\"https:\\\/\\\/9staedte.de\\\/fr\\\/hamelin-la-legendaire-ville-du-joueur-de-flute\\\/chateaux-et-jardins-a-hamelin\\\/#primaryimage\",\"url\":\"https:\\\/\\\/9staedte.de\\\/wp-content\\\/uploads\\\/2022\\\/03\\\/Blick-vom-Kluet-c-HMT.jpg\",\"contentUrl\":\"https:\\\/\\\/9staedte.de\\\/wp-content\\\/uploads\\\/2022\\\/03\\\/Blick-vom-Kluet-c-HMT.jpg\",\"width\":1020,\"height\":560,\"caption\":\"Hameln Blick vom Kl\u00fct c) HMT\"},{\"@type\":\"BreadcrumbList\",\"@id\":\"https:\\\/\\\/9staedte.de\\\/fr\\\/hamelin-la-legendaire-ville-du-joueur-de-flute\\\/chateaux-et-jardins-a-hamelin\\\/#breadcrumb\",\"itemListElement\":[{\"@type\":\"ListItem\",\"position\":1,\"name\":\"Startseite\",\"item\":\"https:\\\/\\\/9staedte.de\\\/fr\\\/\"},{\"@type\":\"ListItem\",\"position\":2,\"name\":\"Hamelin &#8211; la l\u00e9gendaire ville du joueur de fl\u00fbte\",\"item\":\"https:\\\/\\\/9staedte.de\\\/fr\\\/hamelin-la-legendaire-ville-du-joueur-de-flute\\\/\"},{\"@type\":\"ListItem\",\"position\":3,\"name\":\"Ch\u00e2teaux et jardins \u00e0 Hamelin\"}]},{\"@type\":\"WebSite\",\"@id\":\"https:\\\/\\\/9staedte.de\\\/fr\\\/#website\",\"url\":\"https:\\\/\\\/9staedte.de\\\/fr\\\/\",\"name\":\"9 St\u00e4dte in Niedersachsen\",\"description\":\"\",\"publisher\":{\"@id\":\"https:\\\/\\\/9staedte.de\\\/fr\\\/#organization\"},\"potentialAction\":[{\"@type\":\"SearchAction\",\"target\":{\"@type\":\"EntryPoint\",\"urlTemplate\":\"https:\\\/\\\/9staedte.de\\\/fr\\\/?s={search_term_string}\"},\"query-input\":{\"@type\":\"PropertyValueSpecification\",\"valueRequired\":true,\"valueName\":\"search_term_string\"}}],\"inLanguage\":\"fr-FR\"},{\"@type\":\"Organization\",\"@id\":\"https:\\\/\\\/9staedte.de\\\/fr\\\/#organization\",\"name\":\"9 St\u00e4dte in Niedersachsen\",\"url\":\"https:\\\/\\\/9staedte.de\\\/fr\\\/\",\"logo\":{\"@type\":\"ImageObject\",\"inLanguage\":\"fr-FR\",\"@id\":\"https:\\\/\\\/9staedte.de\\\/fr\\\/#\\\/schema\\\/logo\\\/image\\\/\",\"url\":\"https:\\\/\\\/9staedte.de\\\/wp-content\\\/uploads\\\/2025\\\/01\\\/9-neg-deutsch-2-1.png\",\"contentUrl\":\"https:\\\/\\\/9staedte.de\\\/wp-content\\\/uploads\\\/2025\\\/01\\\/9-neg-deutsch-2-1.png\",\"width\":190,\"height\":114,\"caption\":\"9 St\u00e4dte in Niedersachsen\"},\"image\":{\"@id\":\"https:\\\/\\\/9staedte.de\\\/fr\\\/#\\\/schema\\\/logo\\\/image\\\/\"}}]}<\/script>\n<!-- \/ Yoast SEO plugin. -->","yoast_head_json":{"title":"Ch\u00e2teaux et jardins \u00e0 Hamelin - 9 St\u00e4dte in Niedersachsen","robots":{"index":"index","follow":"follow","max-snippet":"max-snippet:-1","max-image-preview":"max-image-preview:large","max-video-preview":"max-video-preview:-1"},"canonical":"https:\/\/9staedte.de\/fr\/hamelin-la-legendaire-ville-du-joueur-de-flute\/chateaux-et-jardins-a-hamelin\/","og_locale":"fr_FR","og_type":"article","og_title":"Ch\u00e2teaux et jardins \u00e0 Hamelin - 9 St\u00e4dte in Niedersachsen","og_url":"https:\/\/9staedte.de\/fr\/hamelin-la-legendaire-ville-du-joueur-de-flute\/chateaux-et-jardins-a-hamelin\/","og_site_name":"9 St\u00e4dte in Niedersachsen","article_modified_time":"2023-11-02T16:59:44+00:00","og_image":[{"width":1020,"height":560,"url":"https:\/\/9staedte.de\/wp-content\/uploads\/2022\/03\/Blick-vom-Kluet-c-HMT.jpg","type":"image\/jpeg"}],"twitter_card":"summary_large_image","schema":{"@context":"https:\/\/schema.org","@graph":[{"@type":"WebPage","@id":"https:\/\/9staedte.de\/fr\/hamelin-la-legendaire-ville-du-joueur-de-flute\/chateaux-et-jardins-a-hamelin\/","url":"https:\/\/9staedte.de\/fr\/hamelin-la-legendaire-ville-du-joueur-de-flute\/chateaux-et-jardins-a-hamelin\/","name":"Ch\u00e2teaux et jardins \u00e0 Hamelin - 9 St\u00e4dte in Niedersachsen","isPartOf":{"@id":"https:\/\/9staedte.de\/fr\/#website"},"primaryImageOfPage":{"@id":"https:\/\/9staedte.de\/fr\/hamelin-la-legendaire-ville-du-joueur-de-flute\/chateaux-et-jardins-a-hamelin\/#primaryimage"},"image":{"@id":"https:\/\/9staedte.de\/fr\/hamelin-la-legendaire-ville-du-joueur-de-flute\/chateaux-et-jardins-a-hamelin\/#primaryimage"},"thumbnailUrl":"https:\/\/9staedte.de\/wp-content\/uploads\/2022\/03\/Blick-vom-Kluet-c-HMT.jpg","datePublished":"2023-11-02T08:49:47+00:00","dateModified":"2023-11-02T16:59:44+00:00","breadcrumb":{"@id":"https:\/\/9staedte.de\/fr\/hamelin-la-legendaire-ville-du-joueur-de-flute\/chateaux-et-jardins-a-hamelin\/#breadcrumb"},"inLanguage":"fr-FR","potentialAction":[{"@type":"ReadAction","target":["https:\/\/9staedte.de\/fr\/hamelin-la-legendaire-ville-du-joueur-de-flute\/chateaux-et-jardins-a-hamelin\/"]}]},{"@type":"ImageObject","inLanguage":"fr-FR","@id":"https:\/\/9staedte.de\/fr\/hamelin-la-legendaire-ville-du-joueur-de-flute\/chateaux-et-jardins-a-hamelin\/#primaryimage","url":"https:\/\/9staedte.de\/wp-content\/uploads\/2022\/03\/Blick-vom-Kluet-c-HMT.jpg","contentUrl":"https:\/\/9staedte.de\/wp-content\/uploads\/2022\/03\/Blick-vom-Kluet-c-HMT.jpg","width":1020,"height":560,"caption":"Hameln Blick vom Kl\u00fct c) HMT"},{"@type":"BreadcrumbList","@id":"https:\/\/9staedte.de\/fr\/hamelin-la-legendaire-ville-du-joueur-de-flute\/chateaux-et-jardins-a-hamelin\/#breadcrumb","itemListElement":[{"@type":"ListItem","position":1,"name":"Startseite","item":"https:\/\/9staedte.de\/fr\/"},{"@type":"ListItem","position":2,"name":"Hamelin &#8211; la l\u00e9gendaire ville du joueur de fl\u00fbte","item":"https:\/\/9staedte.de\/fr\/hamelin-la-legendaire-ville-du-joueur-de-flute\/"},{"@type":"ListItem","position":3,"name":"Ch\u00e2teaux et jardins \u00e0 Hamelin"}]},{"@type":"WebSite","@id":"https:\/\/9staedte.de\/fr\/#website","url":"https:\/\/9staedte.de\/fr\/","name":"9 St\u00e4dte in Niedersachsen","description":"","publisher":{"@id":"https:\/\/9staedte.de\/fr\/#organization"},"potentialAction":[{"@type":"SearchAction","target":{"@type":"EntryPoint","urlTemplate":"https:\/\/9staedte.de\/fr\/?s={search_term_string}"},"query-input":{"@type":"PropertyValueSpecification","valueRequired":true,"valueName":"search_term_string"}}],"inLanguage":"fr-FR"},{"@type":"Organization","@id":"https:\/\/9staedte.de\/fr\/#organization","name":"9 St\u00e4dte in Niedersachsen","url":"https:\/\/9staedte.de\/fr\/","logo":{"@type":"ImageObject","inLanguage":"fr-FR","@id":"https:\/\/9staedte.de\/fr\/#\/schema\/logo\/image\/","url":"https:\/\/9staedte.de\/wp-content\/uploads\/2025\/01\/9-neg-deutsch-2-1.png","contentUrl":"https:\/\/9staedte.de\/wp-content\/uploads\/2025\/01\/9-neg-deutsch-2-1.png","width":190,"height":114,"caption":"9 St\u00e4dte in Niedersachsen"},"image":{"@id":"https:\/\/9staedte.de\/fr\/#\/schema\/logo\/image\/"}}]}},"_links":{"self":[{"href":"https:\/\/9staedte.de\/fr\/wp-json\/wp\/v2\/pages\/17601","targetHints":{"allow":["GET"]}}],"collection":[{"href":"https:\/\/9staedte.de\/fr\/wp-json\/wp\/v2\/pages"}],"about":[{"href":"https:\/\/9staedte.de\/fr\/wp-json\/wp\/v2\/types\/page"}],"author":[{"embeddable":true,"href":"https:\/\/9staedte.de\/fr\/wp-json\/wp\/v2\/users\/1"}],"replies":[{"embeddable":true,"href":"https:\/\/9staedte.de\/fr\/wp-json\/wp\/v2\/comments?post=17601"}],"version-history":[{"count":1,"href":"https:\/\/9staedte.de\/fr\/wp-json\/wp\/v2\/pages\/17601\/revisions"}],"predecessor-version":[{"id":19891,"href":"https:\/\/9staedte.de\/fr\/wp-json\/wp\/v2\/pages\/17601\/revisions\/19891"}],"up":[{"embeddable":true,"href":"https:\/\/9staedte.de\/fr\/wp-json\/wp\/v2\/pages\/18046"}],"wp:featuredmedia":[{"embeddable":true,"href":"https:\/\/9staedte.de\/fr\/wp-json\/wp\/v2\/media\/16651"}],"wp:attachment":[{"href":"https:\/\/9staedte.de\/fr\/wp-json\/wp\/v2\/media?parent=17601"}],"wp:term":[{"taxonomy":"category","embeddable":true,"href":"https:\/\/9staedte.de\/fr\/wp-json\/wp\/v2\/categories?post=17601"},{"taxonomy":"post_tag","embeddable":true,"href":"https:\/\/9staedte.de\/fr\/wp-json\/wp\/v2\/tags?post=17601"},{"taxonomy":"ncap_cities_tax","embeddable":true,"href":"https:\/\/9staedte.de\/fr\/wp-json\/wp\/v2\/ncap_cities_tax?post=17601"}],"curies":[{"name":"wp","href":"https:\/\/api.w.org\/{rel}","templated":true}]}}