{"id":17595,"date":"2023-11-02T09:49:46","date_gmt":"2023-11-02T08:49:46","guid":{"rendered":"https:\/\/9staedte.de\/braunschweig-la-ville-du-lion\/"},"modified":"2025-07-31T09:39:36","modified_gmt":"2025-07-31T07:39:36","slug":"braunschweig-la-ville-du-lion","status":"publish","type":"page","link":"https:\/\/9staedte.de\/fr\/braunschweig-la-ville-du-lion\/","title":{"rendered":"Braunschweig &#8211; City of Lions"},"content":{"rendered":"\n<h2 class=\"wp-block-heading\">Une grande ville vivante et historique<\/h2>\n\n\n\n<p>Les multiples possibilit\u00e9s d&rsquo;une grande ville, nich\u00e9e dans une riche histoire &#8211; \u00e0 Brunswick, vous pouvez vivre beaucoup de choses en peu de temps : Des exp\u00e9riences culturelles de haut niveau, des \u00e9v\u00e9nements phares en toute saison et des possibilit\u00e9s de loisirs vari\u00e9es remplissent l&rsquo;image historique de la ville avec la joie de vivre d&rsquo;une grande ville tr\u00e9pidante. Sur la place du ch\u00e2teau, vous ressentez encore aujourd&rsquo;hui l&rsquo;ambiance m\u00e9di\u00e9vale, plus de 4000 \u0153uvres couvrant 3000 ans d&rsquo;histoire de l&rsquo;art vous attendent au mus\u00e9e Herzog Anton Ulrich et le centre-ville vari\u00e9 vous invite \u00e0 faire du shopping. Les oasis de verdure le long de la rivi\u00e8re Oker, qui traverse le centre-ville, sont propices \u00e0 la d\u00e9tente.<\/p>\n\n\n\n<p><\/p>\n\n\n\n<p><a href=\"http:\/\/www.braunschweig.de\/tourismus\">www.braunschweig.de\/tourismus<\/a><\/p>\n\n\n\n<p><\/p>\n\n\n\n\n<div class=\"banner-wrapper\">\n  <div class=\"banner-inner \">\n      <div class=\"img-container\">\n      <div class=\"img-wrapper\">\n        <img decoding=\"async\" src=\"https:\/\/9staedte.de\/wp-content\/smush-webp\/2023\/07\/2-Braunschweig-Ressidenschloss-c-Braunschweig-Stadtmarketing-Christian-Bierwagen-1-scaled.jpg.webp\" alt=\"L\u2019image montre le ch\u00e2teau r\u00e9sidentiel de Brunswick le soir. Le b\u00e2timent est grand et bien \u00e9clair\u00e9. Devant, il y a une statue \u00e9questre. Le ciel est bleu avec beaucoup de nuages. Des voitures passent dans la rue, leurs lumi\u00e8res forment des tra\u00een\u00e9es. L\u2019ambiance est calme et solennelle.\" \/>\n                  <div class=\"thumbnail-label\">\n            <span>Braunschweig Residenzschloss c) Braunschweig Stadtmarketing Christian Bierwagen<\/span>\n          <\/div>\n              <\/div>\n    <\/div>\n        <div class=\"text-container\">\n      <div class=\"content\">\n        <p><strong>Des conseils particuliers :<\/strong><\/p>\n<ul>\n<li>Visiter le th\u00e9\u00e2tre national ou l&rsquo;une des nombreuses petites sc\u00e8nes.<\/li>\n<li>Profiter de la nature autour de l&rsquo;Oker lors d&rsquo;une promenade.<\/li>\n<li>Pendant les mois chauds, faire un tour guid\u00e9 en radeau ou en cano\u00eb.<\/li>\n<li>D\u00e9couvrir la ville lors d&rsquo;une visite guid\u00e9e<\/li>\n<li>D\u00e9couvrir de pr\u00e8s l&rsquo;histoire et la culture dans des mus\u00e9es renomm\u00e9s<\/li>\n<li>Pendant la p\u00e9riode de l&rsquo;Avent, fl\u00e2ner sur le march\u00e9 de No\u00ebl riche en traditions dans un cadre historique<\/li>\n<\/ul>\n      <\/div>\n    <\/div>\n    <\/div>\n<\/div>\n\n\n\n\n<div style=\"height:30px\" aria-hidden=\"true\" class=\"wp-block-spacer\"><\/div>\n\n\n\n<div class=\"wp-block-columns is-layout-flex wp-container-core-columns-is-layout-9d6595d7 wp-block-columns-is-layout-flex\">\n<div class=\"wp-block-column is-layout-flow wp-block-column-is-layout-flow\" style=\"flex-basis:66.66%\">\n <div class=\"brlbs-cmpnt-container brlbs-cmpnt-content-blocker brlbs-cmpnt-with-individual-styles\" data-borlabs-cookie-content-blocker-id=\"google-maps\" data-borlabs-cookie-content=\"PGlmcmFtZSBzcmM9Imh0dHBzOi8vd3d3Lmdvb2dsZS5jb20vbWFwcy9kL2VtYmVkP21pZD0xVUhGU181Zkw2aUhISy1qbXdmMHhVTkNtQU9XY1lsQSZhbXA7ZWhiYz0yRTMxMkYiIHdpZHRoPSIxMDAlIiBoZWlnaHQ9IjQ1MCI+PC9pZnJhbWU+\"><div class=\"brlbs-cmpnt-cb-preset-b brlbs-cmpnt-cb-google-maps\"> <div class=\"brlbs-cmpnt-cb-thumbnail\" style=\"background-image: url('https:\/\/9staedte.de\/wp-content\/uploads\/borlabs-cookie\/1\/brlbs-cb-google-maps-main.png')\"><\/div> <div class=\"brlbs-cmpnt-cb-main\"> <div class=\"brlbs-cmpnt-cb-content\"> <p class=\"brlbs-cmpnt-cb-description\">Vous \u00eates actuellement en train de consulter le contenu d&rsquo;un espace r\u00e9serv\u00e9 de <strong>Google Maps<\/strong>. Pour acc\u00e9der au contenu r\u00e9el, cliquez sur le bouton ci-dessous. Veuillez noter que ce faisant, des donn\u00e9es seront partag\u00e9es avec des providers tiers.<\/p> <a class=\"brlbs-cmpnt-cb-provider-toggle\" href=\"#\" data-borlabs-cookie-show-provider-information role=\"button\">Plus d&rsquo;informations<\/a> <\/div> <div class=\"brlbs-cmpnt-cb-buttons\"> <a class=\"brlbs-cmpnt-cb-btn\" href=\"#\" data-borlabs-cookie-unblock role=\"button\">D\u00e9bloquer le contenu<\/a> <a class=\"brlbs-cmpnt-cb-btn\" href=\"#\" data-borlabs-cookie-accept-service role=\"button\" style=\"display: inherit\">Accepter le service requis et d\u00e9bloquer le contenu<\/a> <\/div> <\/div> <\/div><\/div>\n<\/div>\n\n\n\n<div class=\"wp-block-column is-layout-flow wp-block-column-is-layout-flow\">\n<p><strong>Les attractions touristiques :<\/strong><\/p>\n\n\n\n<ul class=\"map-legend main-legend wp-block-list\">\n<li>Place du ch\u00e2teau avec le lion du ch\u00e2teau, le ch\u00e2teau Dankwarderode et la cath\u00e9drale St. Blasii  <\/li>\n\n\n\n<li class=\"legend\">Ch\u00e2teau r\u00e9sidentiel, quadrige et mus\u00e9e du ch\u00e2teau  <\/li>\n\n\n\n<li>Mus\u00e9e du duc Anton Ulrich <\/li>\n\n\n\n<li>Magniviertel avec le mus\u00e9e municipal &#8211; Haus am L\u00f6wenwall  <\/li>\n\n\n\n<li>Un centre-ville diversifi\u00e9 avec des places accueillantes  <\/li>\n\n\n\n<li>March\u00e9 de la vieille ville avec le mus\u00e9e municipal &#8211; Mairie de la vieille ville  <\/li>\n\n\n\n<li>Oker et jardin botanique  <\/li>\n\n\n\n<li>Ch\u00e2teau de Richmond et son jardin paysager anglais  <\/li>\n\n\n\n<li>Promenade dans la nature autour du monast\u00e8re cistercien de Riddagshausen<\/li>\n<\/ul>\n<\/div>\n<\/div>\n\n\n\n<div style=\"height:60px\" aria-hidden=\"true\" class=\"wp-block-spacer\"><\/div>\n\n\n\n<div class=\"content-grid\">\n\n\n  \n  <div class=\"grid\">\n                        \n                    \n          <div class=\"featured-themen-single\">\n            <div class=\"featured-themen-single-inner\" style=\"background-image: url('https:\/\/9staedte.de\/wp-content\/smush-webp\/2024\/04\/Braunschweig-Stadtspaziergang-\u00a9-Braunschweig-Stadtmarketing-GmbH-Moritz-Kuestner.jpg.webp')\">\n              \n              <a href=\"https:\/\/9staedte.de\/fr\/braunschweig-la-ville-du-lion\/visites-guidees-a-braunschweig\/\">\n                <span>Visites guid\u00e9es \u00e0 Braunschweig<\/span>\n              <\/a>\n            <\/div>\n          <\/div>\n    \n          \n                  \n                    \n          <div class=\"featured-themen-single\">\n            <div class=\"featured-themen-single-inner\" style=\"background-image: url('https:\/\/9staedte.de\/wp-content\/smush-webp\/2023\/01\/Burgplatz-bei-Nacht-c-Braunschweig-Stadtmarketing-Steffen-und-Bach.jpg.webp')\">\n              \n              <a href=\"https:\/\/9staedte.de\/fr\/braunschweig-la-ville-du-lion\/logements-a-braunschweig\/\">\n                <span>Logements \u00e0 Braunschweig<\/span>\n              <\/a>\n            <\/div>\n          <\/div>\n    \n          \n                  \n                    \n          <div class=\"featured-themen-single\">\n            <div class=\"featured-themen-single-inner\" style=\"background-image: url('https:\/\/9staedte.de\/wp-content\/smush-webp\/2023\/10\/Braunschweig-Weihnachtsmarkt-c-Braunschweig-Stadtmarketing-Philipp-Ziebart.jpg.webp')\">\n              \n              <a href=\"https:\/\/9staedte.de\/fr\/braunschweig-la-ville-du-lion\/marche-de-noel-a-braunschweig\/\">\n                <span>March\u00e9 de No\u00ebl \u00e0 Braunschweig<\/span>\n              <\/a>\n            <\/div>\n          <\/div>\n    \n          \n                  \n                    \n          <div class=\"featured-themen-single\">\n            <div class=\"featured-themen-single-inner\" style=\"background-image: url('https:\/\/9staedte.de\/wp-content\/smush-webp\/2022\/03\/Braunschweig_Landesmuseum-c-Braunschweig-Stadtmarketing-GmbH-Gerald-Grote.jpg.webp')\">\n              \n              <a href=\"https:\/\/9staedte.de\/fr\/braunschweig-la-ville-du-lion\/musees-et-expositions-a-braunschweig\/\">\n                <span>Mus\u00e9es et expositions \u00e0 Braunschweig<\/span>\n              <\/a>\n            <\/div>\n          <\/div>\n    \n          \n                  \n                    \n          <div class=\"featured-themen-single\">\n            <div class=\"featured-themen-single-inner\" style=\"background-image: url('https:\/\/9staedte.de\/wp-content\/smush-webp\/2022\/02\/Braunschweig-Burgplatz-c-Braunschweig-Stadtmarketing-_Steffen-und-Bach.jpg.webp')\">\n              \n              <a href=\"https:\/\/9staedte.de\/fr\/braunschweig-la-ville-du-lion\/impressions-de-braunschweig\/\">\n                <span>Impressions de Braunschweig<\/span>\n              <\/a>\n            <\/div>\n          <\/div>\n    \n          \n                          \n        <\/div>\n<\/div>","protected":false},"excerpt":{"rendered":"<p>Une grande ville vivante et historique Les multiples possibilit\u00e9s d&rsquo;une grande ville, nich\u00e9e dans une riche histoire &#8211; \u00e0 Brunswick, vous pouvez vivre beaucoup de choses en peu de temps : Des exp\u00e9riences culturelles de haut niveau, des \u00e9v\u00e9nements phares en toute saison et des possibilit\u00e9s de loisirs vari\u00e9es remplissent l&rsquo;image historique de la ville [&hellip;]<\/p>\n","protected":false},"author":1,"featured_media":15440,"parent":0,"menu_order":0,"comment_status":"closed","ping_status":"closed","template":"pagetemplates\/template-stadtseite.php","meta":{"_acf_changed":false,"footnotes":""},"categories":[],"tags":[],"ncap_cities_tax":[423],"class_list":["post-17595","page","type-page","status-publish","has-post-thumbnail","hentry","ncap_cities_tax-braunschweig-fr"],"acf":[],"yoast_head":"<!-- This site is optimized with the Yoast SEO plugin v26.8 - https:\/\/yoast.com\/product\/yoast-seo-wordpress\/ -->\n<title>Braunschweig - City of Lions - 9 St\u00e4dte in Niedersachsen<\/title>\n<meta name=\"description\" content=\"Braunschweig - une grande ville vivante avec une histoire, des exp\u00e9riences culturelles de haut niveau et des \u00e9v\u00e9nements phares en toute saison.\" \/>\n<meta name=\"robots\" content=\"index, follow, max-snippet:-1, max-image-preview:large, max-video-preview:-1\" \/>\n<link rel=\"canonical\" href=\"https:\/\/9staedte.de\/fr\/braunschweig-la-ville-du-lion\/\" \/>\n<meta property=\"og:locale\" content=\"fr_FR\" \/>\n<meta property=\"og:type\" content=\"article\" \/>\n<meta property=\"og:title\" content=\"Braunschweig - City of Lions - 9 St\u00e4dte in Niedersachsen\" \/>\n<meta property=\"og:description\" content=\"Braunschweig - une grande ville vivante avec une histoire, des exp\u00e9riences culturelles de haut niveau et des \u00e9v\u00e9nements phares en toute saison.\" \/>\n<meta property=\"og:url\" content=\"https:\/\/9staedte.de\/fr\/braunschweig-la-ville-du-lion\/\" \/>\n<meta property=\"og:site_name\" content=\"9 St\u00e4dte in Niedersachsen\" \/>\n<meta property=\"article:modified_time\" content=\"2025-07-31T07:39:36+00:00\" \/>\n<meta property=\"og:image\" content=\"https:\/\/9staedte.de\/wp-content\/uploads\/2023\/07\/3-Braunschweig-Altstadtmarkt-c-BSM-Christian-Bierwagen-1.jpg\" \/>\n\t<meta property=\"og:image:width\" content=\"2500\" \/>\n\t<meta property=\"og:image:height\" content=\"1666\" \/>\n\t<meta property=\"og:image:type\" content=\"image\/jpeg\" \/>\n<meta name=\"twitter:card\" content=\"summary_large_image\" \/>\n<meta name=\"twitter:label1\" content=\"Dur\u00e9e de lecture estim\u00e9e\" \/>\n\t<meta name=\"twitter:data1\" content=\"2 minutes\" \/>\n<script type=\"application\/ld+json\" class=\"yoast-schema-graph\">{\"@context\":\"https:\/\/schema.org\",\"@graph\":[{\"@type\":\"WebPage\",\"@id\":\"https:\/\/9staedte.de\/fr\/braunschweig-la-ville-du-lion\/\",\"url\":\"https:\/\/9staedte.de\/fr\/braunschweig-la-ville-du-lion\/\",\"name\":\"Braunschweig - City of Lions - 9 St\u00e4dte in Niedersachsen\",\"isPartOf\":{\"@id\":\"https:\/\/9staedte.de\/fr\/#website\"},\"primaryImageOfPage\":{\"@id\":\"https:\/\/9staedte.de\/fr\/braunschweig-la-ville-du-lion\/#primaryimage\"},\"image\":{\"@id\":\"https:\/\/9staedte.de\/fr\/braunschweig-la-ville-du-lion\/#primaryimage\"},\"thumbnailUrl\":\"https:\/\/9staedte.de\/wp-content\/uploads\/2023\/01\/Braunschweig-Oldtown-Market-c-Braunschweig-Stadtmarketing-Christian-Bierwagen-1.jpg\",\"datePublished\":\"2023-11-02T08:49:46+00:00\",\"dateModified\":\"2025-07-31T07:39:36+00:00\",\"description\":\"Braunschweig - une grande ville vivante avec une histoire, des exp\u00e9riences culturelles de haut niveau et des \u00e9v\u00e9nements phares en toute saison.\",\"breadcrumb\":{\"@id\":\"https:\/\/9staedte.de\/fr\/braunschweig-la-ville-du-lion\/#breadcrumb\"},\"inLanguage\":\"fr-FR\",\"potentialAction\":[{\"@type\":\"ReadAction\",\"target\":[\"https:\/\/9staedte.de\/fr\/braunschweig-la-ville-du-lion\/\"]}]},{\"@type\":\"ImageObject\",\"inLanguage\":\"fr-FR\",\"@id\":\"https:\/\/9staedte.de\/fr\/braunschweig-la-ville-du-lion\/#primaryimage\",\"url\":\"https:\/\/9staedte.de\/wp-content\/uploads\/2023\/01\/Braunschweig-Oldtown-Market-c-Braunschweig-Stadtmarketing-Christian-Bierwagen-1.jpg\",\"contentUrl\":\"https:\/\/9staedte.de\/wp-content\/uploads\/2023\/01\/Braunschweig-Oldtown-Market-c-Braunschweig-Stadtmarketing-Christian-Bierwagen-1.jpg\",\"width\":1020,\"height\":560,\"caption\":\"Braunschweig Oldtown Market c) Braunschweig Stadtmarketing Christian Bierwagen\"},{\"@type\":\"BreadcrumbList\",\"@id\":\"https:\/\/9staedte.de\/fr\/braunschweig-la-ville-du-lion\/#breadcrumb\",\"itemListElement\":[{\"@type\":\"ListItem\",\"position\":1,\"name\":\"Startseite\",\"item\":\"https:\/\/9staedte.de\/fr\/\"},{\"@type\":\"ListItem\",\"position\":2,\"name\":\"Braunschweig &#8211; City of Lions\"}]},{\"@type\":\"WebSite\",\"@id\":\"https:\/\/9staedte.de\/fr\/#website\",\"url\":\"https:\/\/9staedte.de\/fr\/\",\"name\":\"9 St\u00e4dte in Niedersachsen\",\"description\":\"\",\"publisher\":{\"@id\":\"https:\/\/9staedte.de\/fr\/#organization\"},\"potentialAction\":[{\"@type\":\"SearchAction\",\"target\":{\"@type\":\"EntryPoint\",\"urlTemplate\":\"https:\/\/9staedte.de\/fr\/?s={search_term_string}\"},\"query-input\":{\"@type\":\"PropertyValueSpecification\",\"valueRequired\":true,\"valueName\":\"search_term_string\"}}],\"inLanguage\":\"fr-FR\"},{\"@type\":\"Organization\",\"@id\":\"https:\/\/9staedte.de\/fr\/#organization\",\"name\":\"9 St\u00e4dte in Niedersachsen\",\"url\":\"https:\/\/9staedte.de\/fr\/\",\"logo\":{\"@type\":\"ImageObject\",\"inLanguage\":\"fr-FR\",\"@id\":\"https:\/\/9staedte.de\/fr\/#\/schema\/logo\/image\/\",\"url\":\"https:\/\/9staedte.de\/wp-content\/uploads\/2025\/01\/9-neg-deutsch-2-1.png\",\"contentUrl\":\"https:\/\/9staedte.de\/wp-content\/uploads\/2025\/01\/9-neg-deutsch-2-1.png\",\"width\":190,\"height\":114,\"caption\":\"9 St\u00e4dte in Niedersachsen\"},\"image\":{\"@id\":\"https:\/\/9staedte.de\/fr\/#\/schema\/logo\/image\/\"}}]}<\/script>\n<!-- \/ Yoast SEO plugin. -->","yoast_head_json":{"title":"Braunschweig - City of Lions - 9 St\u00e4dte in Niedersachsen","description":"Braunschweig - une grande ville vivante avec une histoire, des exp\u00e9riences culturelles de haut niveau et des \u00e9v\u00e9nements phares en toute saison.","robots":{"index":"index","follow":"follow","max-snippet":"max-snippet:-1","max-image-preview":"max-image-preview:large","max-video-preview":"max-video-preview:-1"},"canonical":"https:\/\/9staedte.de\/fr\/braunschweig-la-ville-du-lion\/","og_locale":"fr_FR","og_type":"article","og_title":"Braunschweig - City of Lions - 9 St\u00e4dte in Niedersachsen","og_description":"Braunschweig - une grande ville vivante avec une histoire, des exp\u00e9riences culturelles de haut niveau et des \u00e9v\u00e9nements phares en toute saison.","og_url":"https:\/\/9staedte.de\/fr\/braunschweig-la-ville-du-lion\/","og_site_name":"9 St\u00e4dte in Niedersachsen","article_modified_time":"2025-07-31T07:39:36+00:00","og_image":[{"width":2500,"height":1666,"url":"https:\/\/9staedte.de\/wp-content\/uploads\/2023\/07\/3-Braunschweig-Altstadtmarkt-c-BSM-Christian-Bierwagen-1.jpg","type":"image\/jpeg"}],"twitter_card":"summary_large_image","twitter_misc":{"Dur\u00e9e de lecture estim\u00e9e":"2 minutes"},"schema":{"@context":"https:\/\/schema.org","@graph":[{"@type":"WebPage","@id":"https:\/\/9staedte.de\/fr\/braunschweig-la-ville-du-lion\/","url":"https:\/\/9staedte.de\/fr\/braunschweig-la-ville-du-lion\/","name":"Braunschweig - City of Lions - 9 St\u00e4dte in Niedersachsen","isPartOf":{"@id":"https:\/\/9staedte.de\/fr\/#website"},"primaryImageOfPage":{"@id":"https:\/\/9staedte.de\/fr\/braunschweig-la-ville-du-lion\/#primaryimage"},"image":{"@id":"https:\/\/9staedte.de\/fr\/braunschweig-la-ville-du-lion\/#primaryimage"},"thumbnailUrl":"https:\/\/9staedte.de\/wp-content\/uploads\/2023\/01\/Braunschweig-Oldtown-Market-c-Braunschweig-Stadtmarketing-Christian-Bierwagen-1.jpg","datePublished":"2023-11-02T08:49:46+00:00","dateModified":"2025-07-31T07:39:36+00:00","description":"Braunschweig - une grande ville vivante avec une histoire, des exp\u00e9riences culturelles de haut niveau et des \u00e9v\u00e9nements phares en toute saison.","breadcrumb":{"@id":"https:\/\/9staedte.de\/fr\/braunschweig-la-ville-du-lion\/#breadcrumb"},"inLanguage":"fr-FR","potentialAction":[{"@type":"ReadAction","target":["https:\/\/9staedte.de\/fr\/braunschweig-la-ville-du-lion\/"]}]},{"@type":"ImageObject","inLanguage":"fr-FR","@id":"https:\/\/9staedte.de\/fr\/braunschweig-la-ville-du-lion\/#primaryimage","url":"https:\/\/9staedte.de\/wp-content\/uploads\/2023\/01\/Braunschweig-Oldtown-Market-c-Braunschweig-Stadtmarketing-Christian-Bierwagen-1.jpg","contentUrl":"https:\/\/9staedte.de\/wp-content\/uploads\/2023\/01\/Braunschweig-Oldtown-Market-c-Braunschweig-Stadtmarketing-Christian-Bierwagen-1.jpg","width":1020,"height":560,"caption":"Braunschweig Oldtown Market c) Braunschweig Stadtmarketing Christian Bierwagen"},{"@type":"BreadcrumbList","@id":"https:\/\/9staedte.de\/fr\/braunschweig-la-ville-du-lion\/#breadcrumb","itemListElement":[{"@type":"ListItem","position":1,"name":"Startseite","item":"https:\/\/9staedte.de\/fr\/"},{"@type":"ListItem","position":2,"name":"Braunschweig &#8211; City of Lions"}]},{"@type":"WebSite","@id":"https:\/\/9staedte.de\/fr\/#website","url":"https:\/\/9staedte.de\/fr\/","name":"9 St\u00e4dte in Niedersachsen","description":"","publisher":{"@id":"https:\/\/9staedte.de\/fr\/#organization"},"potentialAction":[{"@type":"SearchAction","target":{"@type":"EntryPoint","urlTemplate":"https:\/\/9staedte.de\/fr\/?s={search_term_string}"},"query-input":{"@type":"PropertyValueSpecification","valueRequired":true,"valueName":"search_term_string"}}],"inLanguage":"fr-FR"},{"@type":"Organization","@id":"https:\/\/9staedte.de\/fr\/#organization","name":"9 St\u00e4dte in Niedersachsen","url":"https:\/\/9staedte.de\/fr\/","logo":{"@type":"ImageObject","inLanguage":"fr-FR","@id":"https:\/\/9staedte.de\/fr\/#\/schema\/logo\/image\/","url":"https:\/\/9staedte.de\/wp-content\/uploads\/2025\/01\/9-neg-deutsch-2-1.png","contentUrl":"https:\/\/9staedte.de\/wp-content\/uploads\/2025\/01\/9-neg-deutsch-2-1.png","width":190,"height":114,"caption":"9 St\u00e4dte in Niedersachsen"},"image":{"@id":"https:\/\/9staedte.de\/fr\/#\/schema\/logo\/image\/"}}]}},"_links":{"self":[{"href":"https:\/\/9staedte.de\/fr\/wp-json\/wp\/v2\/pages\/17595","targetHints":{"allow":["GET"]}}],"collection":[{"href":"https:\/\/9staedte.de\/fr\/wp-json\/wp\/v2\/pages"}],"about":[{"href":"https:\/\/9staedte.de\/fr\/wp-json\/wp\/v2\/types\/page"}],"author":[{"embeddable":true,"href":"https:\/\/9staedte.de\/fr\/wp-json\/wp\/v2\/users\/1"}],"replies":[{"embeddable":true,"href":"https:\/\/9staedte.de\/fr\/wp-json\/wp\/v2\/comments?post=17595"}],"version-history":[{"count":6,"href":"https:\/\/9staedte.de\/fr\/wp-json\/wp\/v2\/pages\/17595\/revisions"}],"predecessor-version":[{"id":26762,"href":"https:\/\/9staedte.de\/fr\/wp-json\/wp\/v2\/pages\/17595\/revisions\/26762"}],"wp:featuredmedia":[{"embeddable":true,"href":"https:\/\/9staedte.de\/fr\/wp-json\/wp\/v2\/media\/15440"}],"wp:attachment":[{"href":"https:\/\/9staedte.de\/fr\/wp-json\/wp\/v2\/media?parent=17595"}],"wp:term":[{"taxonomy":"category","embeddable":true,"href":"https:\/\/9staedte.de\/fr\/wp-json\/wp\/v2\/categories?post=17595"},{"taxonomy":"post_tag","embeddable":true,"href":"https:\/\/9staedte.de\/fr\/wp-json\/wp\/v2\/tags?post=17595"},{"taxonomy":"ncap_cities_tax","embeddable":true,"href":"https:\/\/9staedte.de\/fr\/wp-json\/wp\/v2\/ncap_cities_tax?post=17595"}],"curies":[{"name":"wp","href":"https:\/\/api.w.org\/{rel}","templated":true}]}}