{"id":17581,"date":"2023-11-02T09:49:45","date_gmt":"2023-11-02T08:49:45","guid":{"rendered":"https:\/\/9staedte.de\/marche-de-noel-a-braunschweig\/"},"modified":"2026-03-23T12:27:47","modified_gmt":"2026-03-23T11:27:47","slug":"marche-de-noel-a-braunschweig","status":"publish","type":"page","link":"https:\/\/9staedte.de\/fr\/braunschweig-la-ville-du-lion\/marche-de-noel-a-braunschweig\/","title":{"rendered":"March\u00e9 de No\u00ebl \u00e0 Braunschweig"},"content":{"rendered":"\n<h2 class=\"wp-block-heading\">L&rsquo;ambiance du march\u00e9 de No\u00ebl de Braunschweig<\/h2>\n\n<p><strong>Un march\u00e9 de No\u00ebl traditionnel avec un programme gratuit pour les enfants et la culture, un centre-ville plein d&rsquo;animations de No\u00ebl et une ambiance tr\u00e8s festive : c&rsquo;est la magie de l&rsquo;Avent \u00e0 Brunswick, la ville des Lions.<\/strong><\/p>\n\n<p>De fin novembre \u00e0 fin d\u00e9cembre, le march\u00e9 de No\u00ebl remplit l&rsquo;ensemble historique autour de la cath\u00e9drale St. Blasii de la magie de No\u00ebl. Oubliez le temps en vous promenant le long des 140 stands d\u00e9cor\u00e9s avec soin. Vous y d\u00e9couvrirez des id\u00e9es de cadeaux artisanaux et pourrez y d\u00e9guster des plats et des boissons r\u00e9gionaux comme le chou brun et le vin chaud Mumme. Vous pourrez \u00e9couter des concerts festifs, vous \u00e9merveiller avec les enfants devant des pi\u00e8ces de th\u00e9\u00e2tre ou jeter un coup d&rsquo;\u0153il sur la mer de lumi\u00e8res \u00e0 61 m\u00e8tres de hauteur. Fl\u00e2nez dans le centre-ville d\u00e9cor\u00e9 pour l&rsquo;occasion, red\u00e9couvrez l&rsquo;histoire de No\u00ebl au th\u00e9\u00e2tre d&rsquo;hiver et faites des tours de patinoire.    <\/p>\n\n<p><a href=\"https:\/\/www.braunschweig.de\/weihnachtsmarkt\/index.php\" target=\"_blank\" rel=\"noreferrer noopener\">Plus d&rsquo;informations<\/a><\/p>\n\n\n<div class=\"banner-wrapper\">\n  <div class=\"banner-inner \">\n      <div class=\"img-container\">\n      <div class=\"img-wrapper\">\n        <img decoding=\"async\" src=\"https:\/\/9staedte.de\/wp-content\/smush-webp\/2023\/10\/Braunschweig-Weihnachtsmarkt-2-c-Braunschweig-Stadtmarketing-Philipp-Ziebart.jpg.webp\" alt=\"Das Bild zeigt den Weihnachtsmarkt in Braunschweig.\nViele Menschen laufen zwischen den Buden.\n\u00dcber dem Platz h\u00e4ngen viele Lichter.\nIm Hintergrund sieht man eine Kirche.\nDie Stimmung ist festlich und fr\u00f6hlich.\n\n\" \/>\n                  <div class=\"thumbnail-label\">\n            <span>Braunschweig Weihnachtsmarkt 2 c) Braunschweig Stadtmarketing Philipp Ziebart<\/span>\n          <\/div>\n              <\/div>\n    <\/div>\n        <div class=\"text-container\">\n      <div class=\"content\">\n        <p><strong>9 conseils pour visiter le march\u00e9 de No\u00ebl de Braunschweig<\/strong><\/p>\n<p>&#8211; Concerts de l&rsquo;Avent dans la cath\u00e9drale St. Blasii<br \/>\n&#8211; D\u00e9gustation du Mumme de Braunschweig<br \/>\n&#8211; Programme gratuit pour les enfants<br \/>\n&#8211; Cr\u00e8che de No\u00ebl avec sculptures grandeur nature<br \/>\n&#8211; Shopping dans le centre-ville attrayant<br \/>\n&#8211; Vue du haut de la tour de l&rsquo;h\u00f4tel de ville<br \/>\n&#8211; Patinoire sur le Kohlmarkt<br \/>\n&#8211; Visite du mus\u00e9e Herzog Anton Ulrich<\/p>\n      <\/div>\n    <\/div>\n    <\/div>\n<\/div>\n\n\n<p class=\"h3\"><strong>March\u00e9 de No\u00ebl \u00e0 Braunschweig<\/strong><\/p>\n\n <div class=\"brlbs-cmpnt-container brlbs-cmpnt-content-blocker brlbs-cmpnt-with-individual-styles\" data-borlabs-cookie-content-blocker-id=\"google-maps\" data-borlabs-cookie-content=\"PGlmcmFtZSBzcmM9Imh0dHBzOi8vd3d3Lmdvb2dsZS5jb20vbWFwcy9lbWJlZD9wYj0hMW0xOCExbTEyITFtMyExZDg4OC42MTM5MTc0NTEzMDc5ITJkMTAuNTI0Mjg1NTQwMDgyMDgxITNkNTIuMjY0NjU3NzgwMzUwNjc0ITJtMyExZjAhMmYwITNmMCEzbTIhMWkxMDI0ITJpNzY4ITRmMTMuMSEzbTMhMW0yITFzMHg0N2FmZjdlNmUxMjI0ODU5JTNBMHg0MjU4MTliMWRhOTgzOTVhITJzV2VpaG5hY2h0c21hcmt0JTIwQnJhdW5zY2h3ZWlnJTIwYW0lMjBEb21wbGF0eiE1ZTAhM20yITFzZGUhMnNkZSE0djE2OTIxODQ3Nzg0NzchNW0yITFzZGUhMnNkZSIgd2lkdGg9IjYwMCIgaGVpZ2h0PSI0NTAiIHN0eWxlPSJib3JkZXI6MDsiIGFsbG93ZnVsbHNjcmVlbj0iIiBsb2FkaW5nPSJsYXp5IiByZWZlcnJlcnBvbGljeT0ibm8tcmVmZXJyZXItd2hlbi1kb3duZ3JhZGUiPjwvaWZyYW1lPg==\"><div class=\"brlbs-cmpnt-cb-preset-b brlbs-cmpnt-cb-google-maps\"> <div class=\"brlbs-cmpnt-cb-thumbnail\" style=\"background-image: url('https:\/\/9staedte.de\/wp-content\/uploads\/borlabs-cookie\/1\/brlbs-cb-google-maps-main.png')\"><\/div> <div class=\"brlbs-cmpnt-cb-main\"> <div class=\"brlbs-cmpnt-cb-content\"> <p class=\"brlbs-cmpnt-cb-description\">Vous \u00eates actuellement en train de consulter le contenu d&rsquo;un espace r\u00e9serv\u00e9 de <strong>Google Maps<\/strong>. Pour acc\u00e9der au contenu r\u00e9el, cliquez sur le bouton ci-dessous. Veuillez noter que ce faisant, des donn\u00e9es seront partag\u00e9es avec des providers tiers.<\/p> <a class=\"brlbs-cmpnt-cb-provider-toggle\" href=\"#\" data-borlabs-cookie-show-provider-information role=\"button\">Plus d&rsquo;informations<\/a> <\/div> <div class=\"brlbs-cmpnt-cb-buttons\"> <a class=\"brlbs-cmpnt-cb-btn\" href=\"#\" data-borlabs-cookie-unblock role=\"button\">D\u00e9bloquer le contenu<\/a> <a class=\"brlbs-cmpnt-cb-btn\" href=\"#\" data-borlabs-cookie-accept-service role=\"button\" style=\"display: inherit\">Accepter le service requis et d\u00e9bloquer le contenu<\/a> <\/div> <\/div> <\/div><\/div>\n\n<div style=\"height:35px\" aria-hidden=\"true\" class=\"wp-block-spacer\"><\/div>\n","protected":false},"excerpt":{"rendered":"<p>L&rsquo;ambiance du march\u00e9 de No\u00ebl de Braunschweig Un march\u00e9 de No\u00ebl traditionnel avec un programme gratuit pour les enfants et la culture, un centre-ville plein d&rsquo;animations de No\u00ebl et une ambiance tr\u00e8s festive : c&rsquo;est la magie de l&rsquo;Avent \u00e0 Brunswick, la ville des Lions. De fin novembre \u00e0 fin d\u00e9cembre, le march\u00e9 de No\u00ebl [&hellip;]<\/p>\n","protected":false},"author":1,"featured_media":17594,"parent":17595,"menu_order":0,"comment_status":"closed","ping_status":"closed","template":"pagetemplates\/template-stadtthema.php","meta":{"_acf_changed":false,"footnotes":""},"categories":[],"tags":[],"ncap_cities_tax":[423,492],"class_list":["post-17581","page","type-page","status-publish","has-post-thumbnail","hentry","ncap_cities_tax-braunschweig-fr","ncap_cities_tax-weihnachtsmarkte-braunschweig-fr"],"acf":[],"yoast_head":"<!-- This site is optimized with the Yoast SEO plugin v26.8 - https:\/\/yoast.com\/product\/yoast-seo-wordpress\/ -->\n<title>March\u00e9 de No\u00ebl \u00e0 Braunschweig - 9 St\u00e4dte in Niedersachsen<\/title>\n<meta name=\"description\" content=\"March\u00e9 de No\u00ebl de Braunschweig : des lumi\u00e8res d&#039;ambiance sur la place historique du ch\u00e2teau autour de la cath\u00e9drale St. Blasii.\" \/>\n<meta name=\"robots\" content=\"index, follow, max-snippet:-1, max-image-preview:large, max-video-preview:-1\" \/>\n<link rel=\"canonical\" href=\"https:\/\/9staedte.de\/fr\/braunschweig-la-ville-du-lion\/marche-de-noel-a-braunschweig\/\" \/>\n<meta property=\"og:locale\" content=\"fr_FR\" \/>\n<meta property=\"og:type\" content=\"article\" \/>\n<meta property=\"og:title\" content=\"March\u00e9 de No\u00ebl \u00e0 Braunschweig - 9 St\u00e4dte in Niedersachsen\" \/>\n<meta property=\"og:description\" content=\"March\u00e9 de No\u00ebl de Braunschweig : des lumi\u00e8res d&#039;ambiance sur la place historique du ch\u00e2teau autour de la cath\u00e9drale St. Blasii.\" \/>\n<meta property=\"og:url\" content=\"https:\/\/9staedte.de\/fr\/braunschweig-la-ville-du-lion\/marche-de-noel-a-braunschweig\/\" \/>\n<meta property=\"og:site_name\" content=\"9 St\u00e4dte in Niedersachsen\" \/>\n<meta property=\"article:modified_time\" content=\"2026-03-23T11:27:47+00:00\" \/>\n<meta property=\"og:image\" content=\"https:\/\/9staedte.de\/wp-content\/uploads\/2023\/10\/Braunschweig-Weihnachtsmarkt-c-Braunschweig-Stadtmarketing-Philipp-Ziebart.jpg\" \/>\n\t<meta property=\"og:image:width\" content=\"1020\" \/>\n\t<meta property=\"og:image:height\" content=\"560\" \/>\n\t<meta property=\"og:image:type\" content=\"image\/jpeg\" \/>\n<meta name=\"twitter:card\" content=\"summary_large_image\" \/>\n<meta name=\"twitter:label1\" content=\"Dur\u00e9e de lecture estim\u00e9e\" \/>\n\t<meta name=\"twitter:data1\" content=\"1 minute\" \/>\n<script type=\"application\/ld+json\" class=\"yoast-schema-graph\">{\"@context\":\"https:\/\/schema.org\",\"@graph\":[{\"@type\":\"WebPage\",\"@id\":\"https:\/\/9staedte.de\/fr\/braunschweig-la-ville-du-lion\/marche-de-noel-a-braunschweig\/\",\"url\":\"https:\/\/9staedte.de\/fr\/braunschweig-la-ville-du-lion\/marche-de-noel-a-braunschweig\/\",\"name\":\"March\u00e9 de No\u00ebl \u00e0 Braunschweig - 9 St\u00e4dte in Niedersachsen\",\"isPartOf\":{\"@id\":\"https:\/\/9staedte.de\/fr\/#website\"},\"primaryImageOfPage\":{\"@id\":\"https:\/\/9staedte.de\/fr\/braunschweig-la-ville-du-lion\/marche-de-noel-a-braunschweig\/#primaryimage\"},\"image\":{\"@id\":\"https:\/\/9staedte.de\/fr\/braunschweig-la-ville-du-lion\/marche-de-noel-a-braunschweig\/#primaryimage\"},\"thumbnailUrl\":\"https:\/\/9staedte.de\/wp-content\/uploads\/2023\/10\/Braunschweig-Weihnachtsmarkt-c-Braunschweig-Stadtmarketing-Philipp-Ziebart.jpg\",\"datePublished\":\"2023-11-02T08:49:45+00:00\",\"dateModified\":\"2026-03-23T11:27:47+00:00\",\"description\":\"March\u00e9 de No\u00ebl de Braunschweig : des lumi\u00e8res d'ambiance sur la place historique du ch\u00e2teau autour de la cath\u00e9drale St. Blasii.\",\"breadcrumb\":{\"@id\":\"https:\/\/9staedte.de\/fr\/braunschweig-la-ville-du-lion\/marche-de-noel-a-braunschweig\/#breadcrumb\"},\"inLanguage\":\"fr-FR\",\"potentialAction\":[{\"@type\":\"ReadAction\",\"target\":[\"https:\/\/9staedte.de\/fr\/braunschweig-la-ville-du-lion\/marche-de-noel-a-braunschweig\/\"]}]},{\"@type\":\"ImageObject\",\"inLanguage\":\"fr-FR\",\"@id\":\"https:\/\/9staedte.de\/fr\/braunschweig-la-ville-du-lion\/marche-de-noel-a-braunschweig\/#primaryimage\",\"url\":\"https:\/\/9staedte.de\/wp-content\/uploads\/2023\/10\/Braunschweig-Weihnachtsmarkt-c-Braunschweig-Stadtmarketing-Philipp-Ziebart.jpg\",\"contentUrl\":\"https:\/\/9staedte.de\/wp-content\/uploads\/2023\/10\/Braunschweig-Weihnachtsmarkt-c-Braunschweig-Stadtmarketing-Philipp-Ziebart.jpg\",\"width\":1020,\"height\":560,\"caption\":\"Braunschweig Weihnachtsmarkt c) Braunschweig Stadtmarketing Philipp Ziebart\"},{\"@type\":\"BreadcrumbList\",\"@id\":\"https:\/\/9staedte.de\/fr\/braunschweig-la-ville-du-lion\/marche-de-noel-a-braunschweig\/#breadcrumb\",\"itemListElement\":[{\"@type\":\"ListItem\",\"position\":1,\"name\":\"Startseite\",\"item\":\"https:\/\/9staedte.de\/fr\/\"},{\"@type\":\"ListItem\",\"position\":2,\"name\":\"Braunschweig &#8211; City of Lions\",\"item\":\"https:\/\/9staedte.de\/fr\/braunschweig-la-ville-du-lion\/\"},{\"@type\":\"ListItem\",\"position\":3,\"name\":\"March\u00e9 de No\u00ebl \u00e0 Braunschweig\"}]},{\"@type\":\"WebSite\",\"@id\":\"https:\/\/9staedte.de\/fr\/#website\",\"url\":\"https:\/\/9staedte.de\/fr\/\",\"name\":\"9 St\u00e4dte in Niedersachsen\",\"description\":\"\",\"publisher\":{\"@id\":\"https:\/\/9staedte.de\/fr\/#organization\"},\"potentialAction\":[{\"@type\":\"SearchAction\",\"target\":{\"@type\":\"EntryPoint\",\"urlTemplate\":\"https:\/\/9staedte.de\/fr\/?s={search_term_string}\"},\"query-input\":{\"@type\":\"PropertyValueSpecification\",\"valueRequired\":true,\"valueName\":\"search_term_string\"}}],\"inLanguage\":\"fr-FR\"},{\"@type\":\"Organization\",\"@id\":\"https:\/\/9staedte.de\/fr\/#organization\",\"name\":\"9 St\u00e4dte in Niedersachsen\",\"url\":\"https:\/\/9staedte.de\/fr\/\",\"logo\":{\"@type\":\"ImageObject\",\"inLanguage\":\"fr-FR\",\"@id\":\"https:\/\/9staedte.de\/fr\/#\/schema\/logo\/image\/\",\"url\":\"https:\/\/9staedte.de\/wp-content\/uploads\/2025\/01\/9-neg-deutsch-2-1.png\",\"contentUrl\":\"https:\/\/9staedte.de\/wp-content\/uploads\/2025\/01\/9-neg-deutsch-2-1.png\",\"width\":190,\"height\":114,\"caption\":\"9 St\u00e4dte in Niedersachsen\"},\"image\":{\"@id\":\"https:\/\/9staedte.de\/fr\/#\/schema\/logo\/image\/\"}}]}<\/script>\n<!-- \/ Yoast SEO plugin. -->","yoast_head_json":{"title":"March\u00e9 de No\u00ebl \u00e0 Braunschweig - 9 St\u00e4dte in Niedersachsen","description":"March\u00e9 de No\u00ebl de Braunschweig : des lumi\u00e8res d'ambiance sur la place historique du ch\u00e2teau autour de la cath\u00e9drale St. Blasii.","robots":{"index":"index","follow":"follow","max-snippet":"max-snippet:-1","max-image-preview":"max-image-preview:large","max-video-preview":"max-video-preview:-1"},"canonical":"https:\/\/9staedte.de\/fr\/braunschweig-la-ville-du-lion\/marche-de-noel-a-braunschweig\/","og_locale":"fr_FR","og_type":"article","og_title":"March\u00e9 de No\u00ebl \u00e0 Braunschweig - 9 St\u00e4dte in Niedersachsen","og_description":"March\u00e9 de No\u00ebl de Braunschweig : des lumi\u00e8res d'ambiance sur la place historique du ch\u00e2teau autour de la cath\u00e9drale St. Blasii.","og_url":"https:\/\/9staedte.de\/fr\/braunschweig-la-ville-du-lion\/marche-de-noel-a-braunschweig\/","og_site_name":"9 St\u00e4dte in Niedersachsen","article_modified_time":"2026-03-23T11:27:47+00:00","og_image":[{"width":1020,"height":560,"url":"https:\/\/9staedte.de\/wp-content\/uploads\/2023\/10\/Braunschweig-Weihnachtsmarkt-c-Braunschweig-Stadtmarketing-Philipp-Ziebart.jpg","type":"image\/jpeg"}],"twitter_card":"summary_large_image","twitter_misc":{"Dur\u00e9e de lecture estim\u00e9e":"1 minute"},"schema":{"@context":"https:\/\/schema.org","@graph":[{"@type":"WebPage","@id":"https:\/\/9staedte.de\/fr\/braunschweig-la-ville-du-lion\/marche-de-noel-a-braunschweig\/","url":"https:\/\/9staedte.de\/fr\/braunschweig-la-ville-du-lion\/marche-de-noel-a-braunschweig\/","name":"March\u00e9 de No\u00ebl \u00e0 Braunschweig - 9 St\u00e4dte in Niedersachsen","isPartOf":{"@id":"https:\/\/9staedte.de\/fr\/#website"},"primaryImageOfPage":{"@id":"https:\/\/9staedte.de\/fr\/braunschweig-la-ville-du-lion\/marche-de-noel-a-braunschweig\/#primaryimage"},"image":{"@id":"https:\/\/9staedte.de\/fr\/braunschweig-la-ville-du-lion\/marche-de-noel-a-braunschweig\/#primaryimage"},"thumbnailUrl":"https:\/\/9staedte.de\/wp-content\/uploads\/2023\/10\/Braunschweig-Weihnachtsmarkt-c-Braunschweig-Stadtmarketing-Philipp-Ziebart.jpg","datePublished":"2023-11-02T08:49:45+00:00","dateModified":"2026-03-23T11:27:47+00:00","description":"March\u00e9 de No\u00ebl de Braunschweig : des lumi\u00e8res d'ambiance sur la place historique du ch\u00e2teau autour de la cath\u00e9drale St. Blasii.","breadcrumb":{"@id":"https:\/\/9staedte.de\/fr\/braunschweig-la-ville-du-lion\/marche-de-noel-a-braunschweig\/#breadcrumb"},"inLanguage":"fr-FR","potentialAction":[{"@type":"ReadAction","target":["https:\/\/9staedte.de\/fr\/braunschweig-la-ville-du-lion\/marche-de-noel-a-braunschweig\/"]}]},{"@type":"ImageObject","inLanguage":"fr-FR","@id":"https:\/\/9staedte.de\/fr\/braunschweig-la-ville-du-lion\/marche-de-noel-a-braunschweig\/#primaryimage","url":"https:\/\/9staedte.de\/wp-content\/uploads\/2023\/10\/Braunschweig-Weihnachtsmarkt-c-Braunschweig-Stadtmarketing-Philipp-Ziebart.jpg","contentUrl":"https:\/\/9staedte.de\/wp-content\/uploads\/2023\/10\/Braunschweig-Weihnachtsmarkt-c-Braunschweig-Stadtmarketing-Philipp-Ziebart.jpg","width":1020,"height":560,"caption":"Braunschweig Weihnachtsmarkt c) Braunschweig Stadtmarketing Philipp Ziebart"},{"@type":"BreadcrumbList","@id":"https:\/\/9staedte.de\/fr\/braunschweig-la-ville-du-lion\/marche-de-noel-a-braunschweig\/#breadcrumb","itemListElement":[{"@type":"ListItem","position":1,"name":"Startseite","item":"https:\/\/9staedte.de\/fr\/"},{"@type":"ListItem","position":2,"name":"Braunschweig &#8211; City of Lions","item":"https:\/\/9staedte.de\/fr\/braunschweig-la-ville-du-lion\/"},{"@type":"ListItem","position":3,"name":"March\u00e9 de No\u00ebl \u00e0 Braunschweig"}]},{"@type":"WebSite","@id":"https:\/\/9staedte.de\/fr\/#website","url":"https:\/\/9staedte.de\/fr\/","name":"9 St\u00e4dte in Niedersachsen","description":"","publisher":{"@id":"https:\/\/9staedte.de\/fr\/#organization"},"potentialAction":[{"@type":"SearchAction","target":{"@type":"EntryPoint","urlTemplate":"https:\/\/9staedte.de\/fr\/?s={search_term_string}"},"query-input":{"@type":"PropertyValueSpecification","valueRequired":true,"valueName":"search_term_string"}}],"inLanguage":"fr-FR"},{"@type":"Organization","@id":"https:\/\/9staedte.de\/fr\/#organization","name":"9 St\u00e4dte in Niedersachsen","url":"https:\/\/9staedte.de\/fr\/","logo":{"@type":"ImageObject","inLanguage":"fr-FR","@id":"https:\/\/9staedte.de\/fr\/#\/schema\/logo\/image\/","url":"https:\/\/9staedte.de\/wp-content\/uploads\/2025\/01\/9-neg-deutsch-2-1.png","contentUrl":"https:\/\/9staedte.de\/wp-content\/uploads\/2025\/01\/9-neg-deutsch-2-1.png","width":190,"height":114,"caption":"9 St\u00e4dte in Niedersachsen"},"image":{"@id":"https:\/\/9staedte.de\/fr\/#\/schema\/logo\/image\/"}}]}},"_links":{"self":[{"href":"https:\/\/9staedte.de\/fr\/wp-json\/wp\/v2\/pages\/17581","targetHints":{"allow":["GET"]}}],"collection":[{"href":"https:\/\/9staedte.de\/fr\/wp-json\/wp\/v2\/pages"}],"about":[{"href":"https:\/\/9staedte.de\/fr\/wp-json\/wp\/v2\/types\/page"}],"author":[{"embeddable":true,"href":"https:\/\/9staedte.de\/fr\/wp-json\/wp\/v2\/users\/1"}],"replies":[{"embeddable":true,"href":"https:\/\/9staedte.de\/fr\/wp-json\/wp\/v2\/comments?post=17581"}],"version-history":[{"count":11,"href":"https:\/\/9staedte.de\/fr\/wp-json\/wp\/v2\/pages\/17581\/revisions"}],"predecessor-version":[{"id":27603,"href":"https:\/\/9staedte.de\/fr\/wp-json\/wp\/v2\/pages\/17581\/revisions\/27603"}],"up":[{"embeddable":true,"href":"https:\/\/9staedte.de\/fr\/wp-json\/wp\/v2\/pages\/17595"}],"wp:featuredmedia":[{"embeddable":true,"href":"https:\/\/9staedte.de\/fr\/wp-json\/wp\/v2\/media\/17594"}],"wp:attachment":[{"href":"https:\/\/9staedte.de\/fr\/wp-json\/wp\/v2\/media?parent=17581"}],"wp:term":[{"taxonomy":"category","embeddable":true,"href":"https:\/\/9staedte.de\/fr\/wp-json\/wp\/v2\/categories?post=17581"},{"taxonomy":"post_tag","embeddable":true,"href":"https:\/\/9staedte.de\/fr\/wp-json\/wp\/v2\/tags?post=17581"},{"taxonomy":"ncap_cities_tax","embeddable":true,"href":"https:\/\/9staedte.de\/fr\/wp-json\/wp\/v2\/ncap_cities_tax?post=17581"}],"curies":[{"name":"wp","href":"https:\/\/api.w.org\/{rel}","templated":true}]}}