{"id":17572,"date":"2023-11-02T09:49:45","date_gmt":"2023-11-02T08:49:45","guid":{"rendered":"https:\/\/9staedte.de\/shopping-et-sorties-a-braunschweig\/"},"modified":"2024-08-30T09:06:00","modified_gmt":"2024-08-30T07:06:00","slug":"shopping-et-sorties-a-braunschweig","status":"publish","type":"page","link":"https:\/\/9staedte.de\/fr\/braunschweig-la-ville-du-lion\/shopping-et-sorties-a-braunschweig\/","title":{"rendered":"Shopping et sorties \u00e0 Braunschweig"},"content":{"rendered":"\n<h2 class=\"wp-block-heading\">D\u00e9couvrez Braunschweig, la m\u00e9tropole du shopping<\/h2>\n\n<p>Visitez le centre-ville ou les petites boutiques et laissez-vous inspirer par la m\u00e9tropole du shopping qu&rsquo;est Braunschweig.<\/p>\n\n<p>La rivi\u00e8re Oker fait le tour complet du centre-ville de Braunschweig &#8211; d&rsquo;ouest en est, il n&rsquo;y a que deux kilom\u00e8tres entre les deux. Deux kilom\u00e8tres qui invitent \u00e0 la fl\u00e2nerie, \u00e0 la d\u00e9tente, au furetage ou \u00e0 la fr\u00e9n\u00e9sie du shopping. Les visiteurs ont ici le libre choix : Des petites boutiques confortables pleines de particularit\u00e9s charmantes et de pi\u00e8ces de collection aux centres commerciaux et galeries modernes offrant des marques internationales et un service complet, en passant par les magasins branch\u00e9s g\u00e9r\u00e9s par leurs propri\u00e9taires et proposant les derni\u00e8res tendances et id\u00e9es de style. Et pour ceux qui n&rsquo;ont pas envie de choisir, mais qui souhaitent d\u00e9couvrir tout l&rsquo;\u00e9ventail du shopping, le centre-ville de Braunschweig, avec ses courtes distances, leur facilite la t\u00e2che.<\/p>\n\n\n<div class=\"banner-wrapper\">\n  <div class=\"banner-inner \">\n      <div class=\"img-container\">\n      <div class=\"img-wrapper\">\n        <img decoding=\"async\" src=\"https:\/\/9staedte.de\/wp-content\/smush-webp\/2022\/03\/Braunschweig-Magniviertel-c-Braunschweig-Stadtmarketing-Christian-Bierwagen.jpg.webp\" alt=\"L\u2019image montre le quartier Magniviertel \u00e0 Brunswick. \u00c0 droite, il y a de jolies maisons anciennes avec beaucoup de fen\u00eatres. En bas, un caf\u00e9 avec des tables et des chaises dehors. Des gens marchent dans la rue. La rue est pav\u00e9e de petites pierres. \u00c0 gauche, un grand arbre avec des feuilles vertes. L\u2019ambiance est calme et agr\u00e9able. Il semble faire beau.\" \/>\n                  <div class=\"thumbnail-label\">\n            <span>Braunschweig Magniviertel c) Braunschweig Stadtmarketing Christian Bierwagen<\/span>\n          <\/div>\n              <\/div>\n    <\/div>\n        <div class=\"text-container\">\n      <div class=\"content\">\n        <h2>9 conseils pour le shopping et les sorties \u00e0 Braunschweig<\/h2>\n<ul>\n<li><a href=\"https:\/\/www.braunschweig.de\/leben\/innenstadt\/einkaufserlebnis\/index.php\"><a href=\"https:\/\/www.braunschweig.de\/leben\/innenstadt\/einkaufserlebnis\/index.php\">Bon pour la ville de Braunschweig<\/a><\/a><\/li>\n<li>Zone pi\u00e9tonne avec de nombreuses boutiques sp\u00e9cialis\u00e9es, des magasins g\u00e9r\u00e9s par leurs propri\u00e9taires et les principales cha\u00eenes de magasins<\/li>\n<li>Shopping dans les Schloss Arkaden<\/li>\n<li>Shopping et sorties au charme particulier dans le quartier m\u00e9di\u00e9val de Magniviertel<\/li>\n<li>De nombreux caf\u00e9s au bord de l&rsquo;Oker invitent \u00e0 la d\u00e9tente en plein centre-ville.<\/li>\n<li>Faire une pause dans le shopping urbain en visitant l&rsquo;un des nombreux mus\u00e9es du centre-ville.<\/li>\n<li>Une sc\u00e8ne de bars anim\u00e9e dans le quartier universitaire<\/li>\n<li>Choisir parmi de nombreux conseils de sortie : <a href=\"http:\/\/www.braunschweig.de\/veranstaltungen\" target=\"_blank\" rel=\"noopener\">www.braunschweig.de\/veranstaltungen<\/a><\/li>\n<li>Toujours bien inform\u00e9, m\u00eame en d\u00e9placement, <abbr lang=\"de\" title=\"par exemple\">par exemple<\/abbr> sur les places de parking disponibles : m.braunschweig.de<\/li>\n<\/ul>\n      <\/div>\n    <\/div>\n    <\/div>\n<\/div>\n\n","protected":false},"excerpt":{"rendered":"<p>D\u00e9couvrez Braunschweig, la m\u00e9tropole du shopping Visitez le centre-ville ou les petites boutiques et laissez-vous inspirer par la m\u00e9tropole du shopping qu&rsquo;est Braunschweig. La rivi\u00e8re Oker fait le tour complet du centre-ville de Braunschweig &#8211; d&rsquo;ouest en est, il n&rsquo;y a que deux kilom\u00e8tres entre les deux. Deux kilom\u00e8tres qui invitent \u00e0 la fl\u00e2nerie, \u00e0 [&hellip;]<\/p>\n","protected":false},"author":1,"featured_media":16420,"parent":17595,"menu_order":0,"comment_status":"closed","ping_status":"closed","template":"pagetemplates\/template-stadtthema.php","meta":{"_acf_changed":false,"footnotes":""},"categories":[],"tags":[],"ncap_cities_tax":[423,758],"class_list":["post-17572","page","type-page","status-publish","has-post-thumbnail","hentry","ncap_cities_tax-braunschweig-fr","ncap_cities_tax-shopping-und-ausgehen-braunschweig-fr"],"acf":[],"yoast_head":"<!-- This site is optimized with the Yoast SEO plugin v26.8 - https:\/\/yoast.com\/product\/yoast-seo-wordpress\/ -->\n<title>Shopping et sorties \u00e0 Braunschweig - 9 St\u00e4dte in Niedersachsen<\/title>\n<meta name=\"robots\" content=\"index, follow, max-snippet:-1, max-image-preview:large, max-video-preview:-1\" \/>\n<link rel=\"canonical\" href=\"https:\/\/9staedte.de\/fr\/braunschweig-la-ville-du-lion\/shopping-et-sorties-a-braunschweig\/\" \/>\n<meta property=\"og:locale\" content=\"fr_FR\" \/>\n<meta property=\"og:type\" content=\"article\" \/>\n<meta property=\"og:title\" content=\"Shopping et sorties \u00e0 Braunschweig - 9 St\u00e4dte in Niedersachsen\" \/>\n<meta property=\"og:description\" content=\"D\u00e9couvrez Braunschweig, la m\u00e9tropole du shopping Visitez le centre-ville ou les petites boutiques et laissez-vous inspirer par la m\u00e9tropole du shopping qu&rsquo;est Braunschweig. La rivi\u00e8re Oker fait le tour complet du centre-ville de Braunschweig &#8211; d&rsquo;ouest en est, il n&rsquo;y a que deux kilom\u00e8tres entre les deux. Deux kilom\u00e8tres qui invitent \u00e0 la fl\u00e2nerie, \u00e0 [&hellip;]\" \/>\n<meta property=\"og:url\" content=\"https:\/\/9staedte.de\/fr\/braunschweig-la-ville-du-lion\/shopping-et-sorties-a-braunschweig\/\" \/>\n<meta property=\"og:site_name\" content=\"9 St\u00e4dte in Niedersachsen\" \/>\n<meta property=\"article:modified_time\" content=\"2024-08-30T07:06:00+00:00\" \/>\n<meta property=\"og:image\" content=\"https:\/\/9staedte.de\/wp-content\/uploads\/2022\/03\/Einkaufsstadt-Braunschweig-c-Braunschweig-Stadtmarketing-Gramann.jpg\" \/>\n\t<meta property=\"og:image:width\" content=\"1021\" \/>\n\t<meta property=\"og:image:height\" content=\"559\" \/>\n\t<meta property=\"og:image:type\" content=\"image\/jpeg\" \/>\n<meta name=\"twitter:card\" content=\"summary_large_image\" \/>\n<meta name=\"twitter:label1\" content=\"Dur\u00e9e de lecture estim\u00e9e\" \/>\n\t<meta name=\"twitter:data1\" content=\"2 minutes\" \/>\n<script type=\"application\/ld+json\" class=\"yoast-schema-graph\">{\"@context\":\"https:\/\/schema.org\",\"@graph\":[{\"@type\":\"WebPage\",\"@id\":\"https:\/\/9staedte.de\/fr\/braunschweig-la-ville-du-lion\/shopping-et-sorties-a-braunschweig\/\",\"url\":\"https:\/\/9staedte.de\/fr\/braunschweig-la-ville-du-lion\/shopping-et-sorties-a-braunschweig\/\",\"name\":\"Shopping et sorties \u00e0 Braunschweig - 9 St\u00e4dte in Niedersachsen\",\"isPartOf\":{\"@id\":\"https:\/\/9staedte.de\/fr\/#website\"},\"primaryImageOfPage\":{\"@id\":\"https:\/\/9staedte.de\/fr\/braunschweig-la-ville-du-lion\/shopping-et-sorties-a-braunschweig\/#primaryimage\"},\"image\":{\"@id\":\"https:\/\/9staedte.de\/fr\/braunschweig-la-ville-du-lion\/shopping-et-sorties-a-braunschweig\/#primaryimage\"},\"thumbnailUrl\":\"https:\/\/9staedte.de\/wp-content\/uploads\/2022\/03\/Einkaufsstadt-Braunschweig-c-Braunschweig-Stadtmarketing-Gramann.jpg\",\"datePublished\":\"2023-11-02T08:49:45+00:00\",\"dateModified\":\"2024-08-30T07:06:00+00:00\",\"breadcrumb\":{\"@id\":\"https:\/\/9staedte.de\/fr\/braunschweig-la-ville-du-lion\/shopping-et-sorties-a-braunschweig\/#breadcrumb\"},\"inLanguage\":\"fr-FR\",\"potentialAction\":[{\"@type\":\"ReadAction\",\"target\":[\"https:\/\/9staedte.de\/fr\/braunschweig-la-ville-du-lion\/shopping-et-sorties-a-braunschweig\/\"]}]},{\"@type\":\"ImageObject\",\"inLanguage\":\"fr-FR\",\"@id\":\"https:\/\/9staedte.de\/fr\/braunschweig-la-ville-du-lion\/shopping-et-sorties-a-braunschweig\/#primaryimage\",\"url\":\"https:\/\/9staedte.de\/wp-content\/uploads\/2022\/03\/Einkaufsstadt-Braunschweig-c-Braunschweig-Stadtmarketing-Gramann.jpg\",\"contentUrl\":\"https:\/\/9staedte.de\/wp-content\/uploads\/2022\/03\/Einkaufsstadt-Braunschweig-c-Braunschweig-Stadtmarketing-Gramann.jpg\",\"width\":1021,\"height\":559,\"caption\":\"Einkaufsstadt Braunschweig c) Braunschweig Stadtmarketing Gramann\"},{\"@type\":\"BreadcrumbList\",\"@id\":\"https:\/\/9staedte.de\/fr\/braunschweig-la-ville-du-lion\/shopping-et-sorties-a-braunschweig\/#breadcrumb\",\"itemListElement\":[{\"@type\":\"ListItem\",\"position\":1,\"name\":\"Startseite\",\"item\":\"https:\/\/9staedte.de\/fr\/\"},{\"@type\":\"ListItem\",\"position\":2,\"name\":\"Braunschweig &#8211; City of Lions\",\"item\":\"https:\/\/9staedte.de\/fr\/braunschweig-la-ville-du-lion\/\"},{\"@type\":\"ListItem\",\"position\":3,\"name\":\"Shopping et sorties \u00e0 Braunschweig\"}]},{\"@type\":\"WebSite\",\"@id\":\"https:\/\/9staedte.de\/fr\/#website\",\"url\":\"https:\/\/9staedte.de\/fr\/\",\"name\":\"9 St\u00e4dte in Niedersachsen\",\"description\":\"\",\"publisher\":{\"@id\":\"https:\/\/9staedte.de\/fr\/#organization\"},\"potentialAction\":[{\"@type\":\"SearchAction\",\"target\":{\"@type\":\"EntryPoint\",\"urlTemplate\":\"https:\/\/9staedte.de\/fr\/?s={search_term_string}\"},\"query-input\":{\"@type\":\"PropertyValueSpecification\",\"valueRequired\":true,\"valueName\":\"search_term_string\"}}],\"inLanguage\":\"fr-FR\"},{\"@type\":\"Organization\",\"@id\":\"https:\/\/9staedte.de\/fr\/#organization\",\"name\":\"9 St\u00e4dte in Niedersachsen\",\"url\":\"https:\/\/9staedte.de\/fr\/\",\"logo\":{\"@type\":\"ImageObject\",\"inLanguage\":\"fr-FR\",\"@id\":\"https:\/\/9staedte.de\/fr\/#\/schema\/logo\/image\/\",\"url\":\"https:\/\/9staedte.de\/wp-content\/uploads\/2025\/01\/9-neg-deutsch-2-1.png\",\"contentUrl\":\"https:\/\/9staedte.de\/wp-content\/uploads\/2025\/01\/9-neg-deutsch-2-1.png\",\"width\":190,\"height\":114,\"caption\":\"9 St\u00e4dte in Niedersachsen\"},\"image\":{\"@id\":\"https:\/\/9staedte.de\/fr\/#\/schema\/logo\/image\/\"}}]}<\/script>\n<!-- \/ Yoast SEO plugin. -->","yoast_head_json":{"title":"Shopping et sorties \u00e0 Braunschweig - 9 St\u00e4dte in Niedersachsen","robots":{"index":"index","follow":"follow","max-snippet":"max-snippet:-1","max-image-preview":"max-image-preview:large","max-video-preview":"max-video-preview:-1"},"canonical":"https:\/\/9staedte.de\/fr\/braunschweig-la-ville-du-lion\/shopping-et-sorties-a-braunschweig\/","og_locale":"fr_FR","og_type":"article","og_title":"Shopping et sorties \u00e0 Braunschweig - 9 St\u00e4dte in Niedersachsen","og_description":"D\u00e9couvrez Braunschweig, la m\u00e9tropole du shopping Visitez le centre-ville ou les petites boutiques et laissez-vous inspirer par la m\u00e9tropole du shopping qu&rsquo;est Braunschweig. La rivi\u00e8re Oker fait le tour complet du centre-ville de Braunschweig &#8211; d&rsquo;ouest en est, il n&rsquo;y a que deux kilom\u00e8tres entre les deux. Deux kilom\u00e8tres qui invitent \u00e0 la fl\u00e2nerie, \u00e0 [&hellip;]","og_url":"https:\/\/9staedte.de\/fr\/braunschweig-la-ville-du-lion\/shopping-et-sorties-a-braunschweig\/","og_site_name":"9 St\u00e4dte in Niedersachsen","article_modified_time":"2024-08-30T07:06:00+00:00","og_image":[{"width":1021,"height":559,"url":"https:\/\/9staedte.de\/wp-content\/uploads\/2022\/03\/Einkaufsstadt-Braunschweig-c-Braunschweig-Stadtmarketing-Gramann.jpg","type":"image\/jpeg"}],"twitter_card":"summary_large_image","twitter_misc":{"Dur\u00e9e de lecture estim\u00e9e":"2 minutes"},"schema":{"@context":"https:\/\/schema.org","@graph":[{"@type":"WebPage","@id":"https:\/\/9staedte.de\/fr\/braunschweig-la-ville-du-lion\/shopping-et-sorties-a-braunschweig\/","url":"https:\/\/9staedte.de\/fr\/braunschweig-la-ville-du-lion\/shopping-et-sorties-a-braunschweig\/","name":"Shopping et sorties \u00e0 Braunschweig - 9 St\u00e4dte in Niedersachsen","isPartOf":{"@id":"https:\/\/9staedte.de\/fr\/#website"},"primaryImageOfPage":{"@id":"https:\/\/9staedte.de\/fr\/braunschweig-la-ville-du-lion\/shopping-et-sorties-a-braunschweig\/#primaryimage"},"image":{"@id":"https:\/\/9staedte.de\/fr\/braunschweig-la-ville-du-lion\/shopping-et-sorties-a-braunschweig\/#primaryimage"},"thumbnailUrl":"https:\/\/9staedte.de\/wp-content\/uploads\/2022\/03\/Einkaufsstadt-Braunschweig-c-Braunschweig-Stadtmarketing-Gramann.jpg","datePublished":"2023-11-02T08:49:45+00:00","dateModified":"2024-08-30T07:06:00+00:00","breadcrumb":{"@id":"https:\/\/9staedte.de\/fr\/braunschweig-la-ville-du-lion\/shopping-et-sorties-a-braunschweig\/#breadcrumb"},"inLanguage":"fr-FR","potentialAction":[{"@type":"ReadAction","target":["https:\/\/9staedte.de\/fr\/braunschweig-la-ville-du-lion\/shopping-et-sorties-a-braunschweig\/"]}]},{"@type":"ImageObject","inLanguage":"fr-FR","@id":"https:\/\/9staedte.de\/fr\/braunschweig-la-ville-du-lion\/shopping-et-sorties-a-braunschweig\/#primaryimage","url":"https:\/\/9staedte.de\/wp-content\/uploads\/2022\/03\/Einkaufsstadt-Braunschweig-c-Braunschweig-Stadtmarketing-Gramann.jpg","contentUrl":"https:\/\/9staedte.de\/wp-content\/uploads\/2022\/03\/Einkaufsstadt-Braunschweig-c-Braunschweig-Stadtmarketing-Gramann.jpg","width":1021,"height":559,"caption":"Einkaufsstadt Braunschweig c) Braunschweig Stadtmarketing Gramann"},{"@type":"BreadcrumbList","@id":"https:\/\/9staedte.de\/fr\/braunschweig-la-ville-du-lion\/shopping-et-sorties-a-braunschweig\/#breadcrumb","itemListElement":[{"@type":"ListItem","position":1,"name":"Startseite","item":"https:\/\/9staedte.de\/fr\/"},{"@type":"ListItem","position":2,"name":"Braunschweig &#8211; City of Lions","item":"https:\/\/9staedte.de\/fr\/braunschweig-la-ville-du-lion\/"},{"@type":"ListItem","position":3,"name":"Shopping et sorties \u00e0 Braunschweig"}]},{"@type":"WebSite","@id":"https:\/\/9staedte.de\/fr\/#website","url":"https:\/\/9staedte.de\/fr\/","name":"9 St\u00e4dte in Niedersachsen","description":"","publisher":{"@id":"https:\/\/9staedte.de\/fr\/#organization"},"potentialAction":[{"@type":"SearchAction","target":{"@type":"EntryPoint","urlTemplate":"https:\/\/9staedte.de\/fr\/?s={search_term_string}"},"query-input":{"@type":"PropertyValueSpecification","valueRequired":true,"valueName":"search_term_string"}}],"inLanguage":"fr-FR"},{"@type":"Organization","@id":"https:\/\/9staedte.de\/fr\/#organization","name":"9 St\u00e4dte in Niedersachsen","url":"https:\/\/9staedte.de\/fr\/","logo":{"@type":"ImageObject","inLanguage":"fr-FR","@id":"https:\/\/9staedte.de\/fr\/#\/schema\/logo\/image\/","url":"https:\/\/9staedte.de\/wp-content\/uploads\/2025\/01\/9-neg-deutsch-2-1.png","contentUrl":"https:\/\/9staedte.de\/wp-content\/uploads\/2025\/01\/9-neg-deutsch-2-1.png","width":190,"height":114,"caption":"9 St\u00e4dte in Niedersachsen"},"image":{"@id":"https:\/\/9staedte.de\/fr\/#\/schema\/logo\/image\/"}}]}},"_links":{"self":[{"href":"https:\/\/9staedte.de\/fr\/wp-json\/wp\/v2\/pages\/17572","targetHints":{"allow":["GET"]}}],"collection":[{"href":"https:\/\/9staedte.de\/fr\/wp-json\/wp\/v2\/pages"}],"about":[{"href":"https:\/\/9staedte.de\/fr\/wp-json\/wp\/v2\/types\/page"}],"author":[{"embeddable":true,"href":"https:\/\/9staedte.de\/fr\/wp-json\/wp\/v2\/users\/1"}],"replies":[{"embeddable":true,"href":"https:\/\/9staedte.de\/fr\/wp-json\/wp\/v2\/comments?post=17572"}],"version-history":[{"count":5,"href":"https:\/\/9staedte.de\/fr\/wp-json\/wp\/v2\/pages\/17572\/revisions"}],"predecessor-version":[{"id":23544,"href":"https:\/\/9staedte.de\/fr\/wp-json\/wp\/v2\/pages\/17572\/revisions\/23544"}],"up":[{"embeddable":true,"href":"https:\/\/9staedte.de\/fr\/wp-json\/wp\/v2\/pages\/17595"}],"wp:featuredmedia":[{"embeddable":true,"href":"https:\/\/9staedte.de\/fr\/wp-json\/wp\/v2\/media\/16420"}],"wp:attachment":[{"href":"https:\/\/9staedte.de\/fr\/wp-json\/wp\/v2\/media?parent=17572"}],"wp:term":[{"taxonomy":"category","embeddable":true,"href":"https:\/\/9staedte.de\/fr\/wp-json\/wp\/v2\/categories?post=17572"},{"taxonomy":"post_tag","embeddable":true,"href":"https:\/\/9staedte.de\/fr\/wp-json\/wp\/v2\/tags?post=17572"},{"taxonomy":"ncap_cities_tax","embeddable":true,"href":"https:\/\/9staedte.de\/fr\/wp-json\/wp\/v2\/ncap_cities_tax?post=17572"}],"curies":[{"name":"wp","href":"https:\/\/api.w.org\/{rel}","templated":true}]}}