{"id":17563,"date":"2023-11-02T09:49:20","date_gmt":"2023-11-02T08:49:20","guid":{"rendered":"https:\/\/9staedte.de\/mentions-legales-9-villes-de-basse-saxe\/"},"modified":"2023-11-02T09:49:20","modified_gmt":"2023-11-02T08:49:20","slug":"mentions-legales-9-villes-de-basse-saxe","status":"publish","type":"page","link":"https:\/\/9staedte.de\/fr\/mentions-legales-9-villes-de-basse-saxe\/","title":{"rendered":"Mentions l\u00e9gales &#8211; 9 villes de Basse-Saxe"},"content":{"rendered":"\n<p>9 villes +2 en Basse-Saxe<br>Hannover Marketing und Tourismus GmbH<br>7, rue Vahrenwalder<br>30165 Hanovre<\/p>\n\n\n\n<p>T\u00e9l. : +49 (0) 511\/168-49746<br>Fax :&nbsp; +49 (0) 511\/168-49779<br>Courrier \u00e9lectronique : <a href=\"mailto:9cities@hannover-tourismus.de\" target=\"_blank\" rel=\"noreferrer noopener\">9cities@hannover-tourismus.de<\/a><\/p>\n\n\n\n<p>Hannover Marketing und Tourismus GmbH<br>Tribunal d&rsquo;instance de Hanovre : Registre du commerce div. B. N\u00b0 59223<br>Si\u00e8ge de la soci\u00e9t\u00e9 : Hanovre<br>Directeur g\u00e9n\u00e9ral : Hans Christian Nolte<br>N\u00b0 de TVA : DE211133985<\/p>\n\n\n\n<p>Responsable du contenu : Petra Sievers<\/p>\n\n\n\n<h3 class=\"wp-block-heading\">Avis de responsabilit\u00e9<\/h3>\n\n\n\n<p>Nous ne sommes pas responsables du contenu des pages auxquelles notre site renvoie par des liens. Les contenus sont soumis au copyright des fournisseurs respectifs. Leur contenu ne refl\u00e8te pas notre opinion, nous n&rsquo;avons aucune influence sur leur contenu. Veuillez vous adresser au prestataire concern\u00e9. Nous attirons express\u00e9ment votre attention sur le fait que nous n&rsquo;assumons aucune responsabilit\u00e9 pour les dommages de quelque nature que ce soit r\u00e9sultant de l&rsquo;utilisation de notre offre Internet. Si, par le biais de liens figurant dans notre offre, vous acc\u00e9dez \u00e0 des pages qui enfreignent la l\u00e9gislation en vigueur, nous vous prions de nous en informer imm\u00e9diatement. Nous supprimerons alors le lien concern\u00e9 de notre offre. Si vous souhaitez qu&rsquo;un lien vers votre offre Internet soit supprim\u00e9, veuillez vous adresser au webmaster. Nous supprimerons alors le lien. Nous ne garantissons pas l&rsquo;accessibilit\u00e9 et l&rsquo;actualit\u00e9 des liens inscrits sur notre site ou de notre offre Internet.<\/p>\n\n\n\n<h3 class=\"wp-block-heading\">Service d&rsquo;analyse<\/h3>\n\n\n\n<p>Notre site web utilise MATOMO (anciennement Piwik), un service d&rsquo;analyse web. MATOMO utilise des \u00ab\u00a0cookies\u00a0\u00bb, c&rsquo;est-\u00e0-dire des fichiers texte qui sont enregistr\u00e9s sur votre ordinateur et qui nous permettent d&rsquo;analyser l&rsquo;utilisation du site web. \u00c0 cette fin, les informations d&rsquo;utilisation g\u00e9n\u00e9r\u00e9es par le cookie (y compris votre adresse IP abr\u00e9g\u00e9e) sont transmises \u00e0 notre serveur et enregistr\u00e9es \u00e0 des fins d&rsquo;analyse d&rsquo;utilisation, ce qui permet d&rsquo;optimiser notre site web. Votre adresse IP est imm\u00e9diatement anonymis\u00e9e lors de ce processus, de sorte que vous restez anonyme pour nous en tant qu&rsquo;utilisateur. Les informations g\u00e9n\u00e9r\u00e9es par le cookie concernant votre utilisation de ce site web ne sont pas transmises \u00e0 des tiers. Vous pouvez emp\u00eacher l&rsquo;utilisation des cookies en param\u00e9trant votre navigateur en cons\u00e9quence, mais il se peut alors que vous ne puissiez pas utiliser pleinement toutes les fonctions de ce site.<\/p>\n\n\n\n<p>Si vous n&rsquo;\u00eates pas d&rsquo;accord avec l&rsquo;enregistrement et l&rsquo;analyse de ces donn\u00e9es issues de votre visite, vous pouvez vous opposer \u00e0 tout moment \u00e0 leur enregistrement et \u00e0 leur utilisation en cliquant sur le lien ci-dessous. Dans ce cas, un cookie dit \u00ab\u00a0opt-out\u00a0\u00bb est d\u00e9pos\u00e9 dans votre navigateur, ce qui a pour cons\u00e9quence que MATOMO ne collecte aucune donn\u00e9e de session. Attention : si vous supprimez vos cookies, le cookie opt-out sera \u00e9galement supprim\u00e9 et devra \u00e9ventuellement \u00eatre r\u00e9activ\u00e9 par vos soins.<\/p>\n\n\n\n<p>Source : datenschutzbeauftragter-info.de<\/p>\n","protected":false},"excerpt":{"rendered":"<p>9 villes +2 en Basse-SaxeHannover Marketing und Tourismus GmbH7, rue Vahrenwalder30165 Hanovre T\u00e9l. : +49 (0) 511\/168-49746Fax :&nbsp; +49 (0) 511\/168-49779Courrier \u00e9lectronique : 9cities@hannover-tourismus.de Hannover Marketing und Tourismus GmbHTribunal d&rsquo;instance de Hanovre : Registre du commerce div. B. N\u00b0 59223Si\u00e8ge de la soci\u00e9t\u00e9 : HanovreDirecteur g\u00e9n\u00e9ral : Hans Christian NolteN\u00b0 de TVA : DE211133985 Responsable [&hellip;]<\/p>\n","protected":false},"author":1,"featured_media":0,"parent":0,"menu_order":0,"comment_status":"closed","ping_status":"closed","template":"","meta":{"_acf_changed":false,"footnotes":""},"categories":[],"tags":[],"ncap_cities_tax":[],"class_list":["post-17563","page","type-page","status-publish","hentry"],"acf":[],"yoast_head":"<!-- This site is optimized with the Yoast SEO plugin v26.8 - https:\/\/yoast.com\/product\/yoast-seo-wordpress\/ -->\n<title>Mentions l\u00e9gales - 9 villes de Basse-Saxe - 9 St\u00e4dte in Niedersachsen<\/title>\n<meta name=\"robots\" content=\"index, follow, max-snippet:-1, max-image-preview:large, max-video-preview:-1\" \/>\n<link rel=\"canonical\" href=\"https:\/\/9staedte.de\/fr\/mentions-legales-9-villes-de-basse-saxe\/\" \/>\n<meta property=\"og:locale\" content=\"fr_FR\" \/>\n<meta property=\"og:type\" content=\"article\" \/>\n<meta property=\"og:title\" content=\"Mentions l\u00e9gales - 9 villes de Basse-Saxe - 9 St\u00e4dte in Niedersachsen\" \/>\n<meta property=\"og:description\" content=\"9 villes +2 en Basse-SaxeHannover Marketing und Tourismus GmbH7, rue Vahrenwalder30165 Hanovre T\u00e9l. : +49 (0) 511\/168-49746Fax :&nbsp; +49 (0) 511\/168-49779Courrier \u00e9lectronique : 9cities@hannover-tourismus.de Hannover Marketing und Tourismus GmbHTribunal d&rsquo;instance de Hanovre : Registre du commerce div. B. N\u00b0 59223Si\u00e8ge de la soci\u00e9t\u00e9 : HanovreDirecteur g\u00e9n\u00e9ral : Hans Christian NolteN\u00b0 de TVA : DE211133985 Responsable [&hellip;]\" \/>\n<meta property=\"og:url\" content=\"https:\/\/9staedte.de\/fr\/mentions-legales-9-villes-de-basse-saxe\/\" \/>\n<meta property=\"og:site_name\" content=\"9 St\u00e4dte in Niedersachsen\" \/>\n<meta name=\"twitter:card\" content=\"summary_large_image\" \/>\n<meta name=\"twitter:label1\" content=\"Dur\u00e9e de lecture estim\u00e9e\" \/>\n\t<meta name=\"twitter:data1\" content=\"2 minutes\" \/>\n<script type=\"application\/ld+json\" class=\"yoast-schema-graph\">{\"@context\":\"https:\/\/schema.org\",\"@graph\":[{\"@type\":\"WebPage\",\"@id\":\"https:\/\/9staedte.de\/fr\/mentions-legales-9-villes-de-basse-saxe\/\",\"url\":\"https:\/\/9staedte.de\/fr\/mentions-legales-9-villes-de-basse-saxe\/\",\"name\":\"Mentions l\u00e9gales - 9 villes de Basse-Saxe - 9 St\u00e4dte in Niedersachsen\",\"isPartOf\":{\"@id\":\"https:\/\/9staedte.de\/fr\/#website\"},\"datePublished\":\"2023-11-02T08:49:20+00:00\",\"breadcrumb\":{\"@id\":\"https:\/\/9staedte.de\/fr\/mentions-legales-9-villes-de-basse-saxe\/#breadcrumb\"},\"inLanguage\":\"fr-FR\",\"potentialAction\":[{\"@type\":\"ReadAction\",\"target\":[\"https:\/\/9staedte.de\/fr\/mentions-legales-9-villes-de-basse-saxe\/\"]}]},{\"@type\":\"BreadcrumbList\",\"@id\":\"https:\/\/9staedte.de\/fr\/mentions-legales-9-villes-de-basse-saxe\/#breadcrumb\",\"itemListElement\":[{\"@type\":\"ListItem\",\"position\":1,\"name\":\"Startseite\",\"item\":\"https:\/\/9staedte.de\/fr\/\"},{\"@type\":\"ListItem\",\"position\":2,\"name\":\"Mentions l\u00e9gales &#8211; 9 villes de Basse-Saxe\"}]},{\"@type\":\"WebSite\",\"@id\":\"https:\/\/9staedte.de\/fr\/#website\",\"url\":\"https:\/\/9staedte.de\/fr\/\",\"name\":\"9 St\u00e4dte in Niedersachsen\",\"description\":\"\",\"publisher\":{\"@id\":\"https:\/\/9staedte.de\/fr\/#organization\"},\"potentialAction\":[{\"@type\":\"SearchAction\",\"target\":{\"@type\":\"EntryPoint\",\"urlTemplate\":\"https:\/\/9staedte.de\/fr\/?s={search_term_string}\"},\"query-input\":{\"@type\":\"PropertyValueSpecification\",\"valueRequired\":true,\"valueName\":\"search_term_string\"}}],\"inLanguage\":\"fr-FR\"},{\"@type\":\"Organization\",\"@id\":\"https:\/\/9staedte.de\/fr\/#organization\",\"name\":\"9 St\u00e4dte in Niedersachsen\",\"url\":\"https:\/\/9staedte.de\/fr\/\",\"logo\":{\"@type\":\"ImageObject\",\"inLanguage\":\"fr-FR\",\"@id\":\"https:\/\/9staedte.de\/fr\/#\/schema\/logo\/image\/\",\"url\":\"https:\/\/9staedte.de\/wp-content\/uploads\/2025\/01\/9-neg-deutsch-2-1.png\",\"contentUrl\":\"https:\/\/9staedte.de\/wp-content\/uploads\/2025\/01\/9-neg-deutsch-2-1.png\",\"width\":190,\"height\":114,\"caption\":\"9 St\u00e4dte in Niedersachsen\"},\"image\":{\"@id\":\"https:\/\/9staedte.de\/fr\/#\/schema\/logo\/image\/\"}}]}<\/script>\n<!-- \/ Yoast SEO plugin. -->","yoast_head_json":{"title":"Mentions l\u00e9gales - 9 villes de Basse-Saxe - 9 St\u00e4dte in Niedersachsen","robots":{"index":"index","follow":"follow","max-snippet":"max-snippet:-1","max-image-preview":"max-image-preview:large","max-video-preview":"max-video-preview:-1"},"canonical":"https:\/\/9staedte.de\/fr\/mentions-legales-9-villes-de-basse-saxe\/","og_locale":"fr_FR","og_type":"article","og_title":"Mentions l\u00e9gales - 9 villes de Basse-Saxe - 9 St\u00e4dte in Niedersachsen","og_description":"9 villes +2 en Basse-SaxeHannover Marketing und Tourismus GmbH7, rue Vahrenwalder30165 Hanovre T\u00e9l. : +49 (0) 511\/168-49746Fax :&nbsp; +49 (0) 511\/168-49779Courrier \u00e9lectronique : 9cities@hannover-tourismus.de Hannover Marketing und Tourismus GmbHTribunal d&rsquo;instance de Hanovre : Registre du commerce div. B. N\u00b0 59223Si\u00e8ge de la soci\u00e9t\u00e9 : HanovreDirecteur g\u00e9n\u00e9ral : Hans Christian NolteN\u00b0 de TVA : DE211133985 Responsable [&hellip;]","og_url":"https:\/\/9staedte.de\/fr\/mentions-legales-9-villes-de-basse-saxe\/","og_site_name":"9 St\u00e4dte in Niedersachsen","twitter_card":"summary_large_image","twitter_misc":{"Dur\u00e9e de lecture estim\u00e9e":"2 minutes"},"schema":{"@context":"https:\/\/schema.org","@graph":[{"@type":"WebPage","@id":"https:\/\/9staedte.de\/fr\/mentions-legales-9-villes-de-basse-saxe\/","url":"https:\/\/9staedte.de\/fr\/mentions-legales-9-villes-de-basse-saxe\/","name":"Mentions l\u00e9gales - 9 villes de Basse-Saxe - 9 St\u00e4dte in Niedersachsen","isPartOf":{"@id":"https:\/\/9staedte.de\/fr\/#website"},"datePublished":"2023-11-02T08:49:20+00:00","breadcrumb":{"@id":"https:\/\/9staedte.de\/fr\/mentions-legales-9-villes-de-basse-saxe\/#breadcrumb"},"inLanguage":"fr-FR","potentialAction":[{"@type":"ReadAction","target":["https:\/\/9staedte.de\/fr\/mentions-legales-9-villes-de-basse-saxe\/"]}]},{"@type":"BreadcrumbList","@id":"https:\/\/9staedte.de\/fr\/mentions-legales-9-villes-de-basse-saxe\/#breadcrumb","itemListElement":[{"@type":"ListItem","position":1,"name":"Startseite","item":"https:\/\/9staedte.de\/fr\/"},{"@type":"ListItem","position":2,"name":"Mentions l\u00e9gales &#8211; 9 villes de Basse-Saxe"}]},{"@type":"WebSite","@id":"https:\/\/9staedte.de\/fr\/#website","url":"https:\/\/9staedte.de\/fr\/","name":"9 St\u00e4dte in Niedersachsen","description":"","publisher":{"@id":"https:\/\/9staedte.de\/fr\/#organization"},"potentialAction":[{"@type":"SearchAction","target":{"@type":"EntryPoint","urlTemplate":"https:\/\/9staedte.de\/fr\/?s={search_term_string}"},"query-input":{"@type":"PropertyValueSpecification","valueRequired":true,"valueName":"search_term_string"}}],"inLanguage":"fr-FR"},{"@type":"Organization","@id":"https:\/\/9staedte.de\/fr\/#organization","name":"9 St\u00e4dte in Niedersachsen","url":"https:\/\/9staedte.de\/fr\/","logo":{"@type":"ImageObject","inLanguage":"fr-FR","@id":"https:\/\/9staedte.de\/fr\/#\/schema\/logo\/image\/","url":"https:\/\/9staedte.de\/wp-content\/uploads\/2025\/01\/9-neg-deutsch-2-1.png","contentUrl":"https:\/\/9staedte.de\/wp-content\/uploads\/2025\/01\/9-neg-deutsch-2-1.png","width":190,"height":114,"caption":"9 St\u00e4dte in Niedersachsen"},"image":{"@id":"https:\/\/9staedte.de\/fr\/#\/schema\/logo\/image\/"}}]}},"_links":{"self":[{"href":"https:\/\/9staedte.de\/fr\/wp-json\/wp\/v2\/pages\/17563","targetHints":{"allow":["GET"]}}],"collection":[{"href":"https:\/\/9staedte.de\/fr\/wp-json\/wp\/v2\/pages"}],"about":[{"href":"https:\/\/9staedte.de\/fr\/wp-json\/wp\/v2\/types\/page"}],"author":[{"embeddable":true,"href":"https:\/\/9staedte.de\/fr\/wp-json\/wp\/v2\/users\/1"}],"replies":[{"embeddable":true,"href":"https:\/\/9staedte.de\/fr\/wp-json\/wp\/v2\/comments?post=17563"}],"version-history":[{"count":0,"href":"https:\/\/9staedte.de\/fr\/wp-json\/wp\/v2\/pages\/17563\/revisions"}],"wp:attachment":[{"href":"https:\/\/9staedte.de\/fr\/wp-json\/wp\/v2\/media?parent=17563"}],"wp:term":[{"taxonomy":"category","embeddable":true,"href":"https:\/\/9staedte.de\/fr\/wp-json\/wp\/v2\/categories?post=17563"},{"taxonomy":"post_tag","embeddable":true,"href":"https:\/\/9staedte.de\/fr\/wp-json\/wp\/v2\/tags?post=17563"},{"taxonomy":"ncap_cities_tax","embeddable":true,"href":"https:\/\/9staedte.de\/fr\/wp-json\/wp\/v2\/ncap_cities_tax?post=17563"}],"curies":[{"name":"wp","href":"https:\/\/api.w.org\/{rel}","templated":true}]}}